{"id":10518,"date":"2025-05-23T09:45:52","date_gmt":"2025-05-23T09:45:52","guid":{"rendered":"https:\/\/immico.vn\/?page_id=10518"},"modified":"2025-05-27T03:16:40","modified_gmt":"2025-05-27T03:16:40","slug":"dinh-cu-ha-lan-netherlands","status":"publish","type":"page","link":"https:\/\/immico.vn\/vi\/dinh-cu-ha-lan-netherlands\/","title":{"rendered":"\u0110\u1ecbnh c\u01b0 H\u00e0 Lan (Netherlands)"},"content":{"rendered":"<div class=\"wpb-content-wrapper\">[vc_row css=&#8221;.vc_custom_1747993574522{margin-top: -30px !important;}&#8221;][vc_column]<div class=\"shortcode-wrapper shortcode-title clearfix hb-animate-element hb-fade-in\"><p style=\"color:#9A4C3C!important;border-color:#9A4C3C\" class=\"hb-text-large aligncenter\">\u0110\u1ecbnh c\u01b0 H\u00e0 Lan<\/p><\/div>[\/vc_column][\/vc_row][vc_row][vc_column][vc_column_text css=&#8221;&#8221;]\n<p style=\"text-align: justify;\">H\u00e0 Lan, c\u00f2n \u0111\u01b0\u1ee3c g\u1ecdi l\u00e0 Holland, l\u00e0 m\u1ed9t qu\u1ed1c gia nh\u1ecf nh\u01b0ng s\u00f4i \u0111\u1ed9ng n\u1eb1m \u1edf T\u00e2y B\u1eafc \u00c2u. N\u1ed5i ti\u1ebfng v\u1edbi nh\u1eefng k\u00eanh \u0111\u00e0o \u0111\u1eb9p nh\u01b0 tranh v\u1ebd, c\u00e1nh \u0111\u1ed3ng hoa tulip, c\u1ed1i xay gi\u00f3 v\u00e0 x\u00e3 h\u1ed9i ti\u1ebfn b\u1ed9, H\u00e0 Lan mang \u0111\u1ebfn ch\u1ea5t l\u01b0\u1ee3ng cu\u1ed9c s\u1ed1ng cao, d\u1ecbch v\u1ee5 c\u00f4ng tuy\u1ec7t v\u1eddi v\u00e0 n\u1ec1n kinh t\u1ebf v\u1eefng m\u1ea1nh. Th\u1ee7 \u0111\u00f4 Amsterdam c\u1ee7a H\u00e0 Lan l\u00e0 trung t\u00e2m v\u0103n h\u00f3a to\u00e0n c\u1ea7u, trong khi c\u00e1c th\u00e0nh ph\u1ed1 kh\u00e1c nh\u01b0 Rotterdam, Utrecht v\u00e0 The Hague n\u1ed5i ti\u1ebfng v\u1edbi s\u1ef1 \u0111\u1ed5i m\u1edbi, s\u1ef1 hi\u1ec7n di\u1ec7n c\u1ee7a doanh nghi\u1ec7p qu\u1ed1c t\u1ebf v\u00e0 c\u1ed9ng \u0111\u1ed3ng \u0111a d\u1ea1ng.<\/p>\n<p style=\"text-align: justify;\">Ng\u01b0\u1eddi H\u00e0 Lan n\u1ed5i ti\u1ebfng v\u1edbi s\u1ef1 c\u1edfi m\u1edf, \u0111a ng\u00f4n ng\u1eef v\u00e0 tr\u00ecnh \u0111\u1ed9 ti\u1ebfng Anh cao, gi\u00fap ng\u01b0\u1eddi m\u1edbi \u0111\u1ebfn d\u1ec5 d\u00e0ng h\u00f2a nh\u1eadp h\u01a1n. Cho d\u00f9 b\u1ea1n chuy\u1ec3n \u0111\u1ebfn \u0111\u1ec3 l\u00e0m vi\u1ec7c, h\u1ecdc t\u1eadp hay b\u1eaft \u0111\u1ea7u m\u1ed9t ch\u01b0\u01a1ng m\u1edbi trong cu\u1ed9c s\u1ed1ng, H\u00e0 Lan l\u00e0 l\u1ef1a ch\u1ecdn h\u00e0ng \u0111\u1ea7u c\u1ee7a nhi\u1ec1u ng\u01b0\u1eddi n\u01b0\u1edbc ngo\u00e0i.<\/p>\n<p style=\"text-align: justify;\"><strong>1. T\u00f4i c\u00f3 c\u1ea7n th\u1ecb th\u1ef1c \u0111\u1ec3 chuy\u1ec3n \u0111\u1ebfn H\u00e0 Lan kh\u00f4ng?<\/strong><\/p>\n<p style=\"text-align: justify;\">Vi\u1ec7c b\u1ea1n c\u00f3 c\u1ea7n th\u1ecb th\u1ef1c hay kh\u00f4ng ph\u1ee5 thu\u1ed9c v\u00e0o qu\u1ed1c t\u1ecbch v\u00e0 l\u00fd do chuy\u1ec3n \u0111\u1ebfn c\u1ee7a b\u1ea1n.<\/p>\n<p style=\"text-align: justify;\"><strong>\u2013 C\u00f4ng d\u00e2n EU\/EEA v\u00e0 Th\u1ee5y S\u0129<\/strong> kh\u00f4ng c\u1ea7n th\u1ecb th\u1ef1c ho\u1eb7c gi\u1ea5y ph\u00e9p c\u01b0 tr\u00fa \u0111\u1ec3 s\u1ed1ng, l\u00e0m vi\u1ec7c ho\u1eb7c h\u1ecdc t\u1eadp t\u1ea1i H\u00e0 Lan.<\/p>\n<p style=\"text-align: justify;\"><strong>\u2013 C\u00f4ng d\u00e2n ngo\u00e0i EU\/EEA<\/strong> (bao g\u1ed3m V\u01b0\u01a1ng qu\u1ed1c Anh, Hoa K\u1ef3, \u1ea4n \u0110\u1ed9, v.v.) th\u01b0\u1eddng c\u1ea7n th\u1ecb th\u1ef1c ho\u1eb7c gi\u1ea5y ph\u00e9p c\u01b0 tr\u00fa, t\u00f9y thu\u1ed9c v\u00e0o th\u1eddi h\u1ea1n v\u00e0 m\u1ee5c \u0111\u00edch l\u01b0u tr\u00fa.<\/p>\n<p style=\"text-align: justify;\">N\u1ebfu b\u1ea1n l\u01b0u tr\u00fa h\u01a1n 90 ng\u00e0y, b\u1ea1n th\u01b0\u1eddng s\u1ebd c\u1ea7n th\u1ecb th\u1ef1c l\u01b0u tr\u00fa d\u00e0i h\u1ea1n (MVV) v\u00e0\/ho\u1eb7c gi\u1ea5y ph\u00e9p c\u01b0 tr\u00fa do C\u01a1 quan Di tr\u00fa v\u00e0 Nh\u1eadp t\u1ecbch H\u00e0 Lan (IND) c\u1ea5p. Lo\u1ea1i gi\u1ea5y ph\u00e9p ch\u00ednh x\u00e1c ph\u1ee5 thu\u1ed9c v\u00e0o t\u00ecnh h\u00ecnh c\u1ee7a b\u1ea1n &#8211; vi\u1ec7c l\u00e0m, h\u1ecdc t\u1eadp, \u0111o\u00e0n t\u1ee5 v\u1edbi th\u00e0nh vi\u00ean gia \u0111\u00ecnh ho\u1eb7c kh\u1edfi nghi\u1ec7p kinh doanh.<\/p>\n<p style=\"text-align: justify;\"><strong>2. L\u00e0m th\u1ebf n\u00e0o \u0111\u1ec3 t\u00f4i c\u00f3 th\u1ec3 chuy\u1ec3n \u0111\u1ebfn H\u00e0 Lan v\u1edbi t\u01b0 c\u00e1ch l\u00e0 C\u00f4ng d\u00e2n EU?<\/strong><\/p>\n<p style=\"text-align: justify;\">L\u00e0 c\u00f4ng d\u00e2n c\u1ee7a m\u1ed9t qu\u1ed1c gia EU\/EEA ho\u1eb7c Th\u1ee5y S\u0129, b\u1ea1n c\u00f3 quy\u1ec1n s\u1ed1ng v\u00e0 l\u00e0m vi\u1ec7c t\u1ea1i H\u00e0 Lan m\u00e0 kh\u00f4ng c\u1ea7n th\u1ecb th\u1ef1c ho\u1eb7c gi\u1ea5y ph\u00e9p c\u01b0 tr\u00fa.<\/p>\n<p style=\"text-align: justify;\"><strong>C\u00e1c b\u01b0\u1edbc c\u1ea7n th\u1ef1c hi\u1ec7n:<\/strong><\/p>\n<p style=\"text-align: justify;\"><strong>\u2013 \u0110\u0103ng k\u00fd v\u1edbi ch\u00ednh quy\u1ec1n \u0111\u1ecba ph\u01b0\u01a1ng<\/strong> (gemeente) c\u1ee7a b\u1ea1n trong v\u00f2ng 5 ng\u00e0y k\u1ec3 t\u1eeb khi \u0111\u1ebfn \u0111\u1ec3 nh\u1eadn BSN (s\u1ed1 d\u1ecbch v\u1ee5 c\u00f4ng d\u00e2n).<\/p>\n<p style=\"text-align: justify;\"><strong>\u2013 B\u1ea3o hi\u1ec3m y t\u1ebf:<\/strong> B\u1ea1n ph\u1ea3i tham gia b\u1ea3o hi\u1ec3m y t\u1ebf H\u00e0 Lan n\u1ebfu b\u1ea1n l\u00e0m vi\u1ec7c ho\u1eb7c sinh s\u1ed1ng l\u00e2u d\u00e0i.<\/p>\n<p style=\"text-align: justify;\"><strong>\u2013 M\u1edf t\u00e0i kho\u1ea3n ng\u00e2n h\u00e0ng<\/strong> v\u00e0 s\u1eafp x\u1ebfp ch\u1ed7 \u1edf, n\u1ebfu b\u1ea1n ch\u01b0a l\u00e0m.<\/p>\n<p style=\"text-align: justify;\">C\u00f4ng d\u00e2n EU c\u0169ng c\u00f3 th\u1ec3 \u0111\u01b0a c\u00e1c th\u00e0nh vi\u00ean gia \u0111\u00ecnh \u0111i c\u00f9ng, m\u1eb7c d\u00f9 c\u00e1c th\u00e0nh vi\u00ean gia \u0111\u00ecnh kh\u00f4ng ph\u1ea3i l\u00e0 c\u00f4ng d\u00e2n EU c\u00f3 th\u1ec3 c\u1ea7n th\u1ebb c\u01b0 tr\u00fa.<\/p>\n<p style=\"text-align: justify;\"><strong>3. L\u00e0m th\u1ebf n\u00e0o \u0111\u1ec3 t\u00f4i c\u00f3 th\u1ec3 chuy\u1ec3n \u0111\u1ebfn H\u00e0 Lan v\u1edbi t\u01b0 c\u00e1ch l\u00e0 c\u00f4ng d\u00e2n kh\u00f4ng ph\u1ea3i l\u00e0 c\u00f4ng d\u00e2n EU?<\/strong><\/p>\n<p style=\"text-align: justify;\">C\u00f4ng d\u00e2n kh\u00f4ng ph\u1ea3i l\u00e0 c\u00f4ng d\u00e2n EU\/EEA c\u1ea7n c\u00f3 c\u00e1ch ti\u1ebfp c\u1eadn c\u00f3 c\u1ea5u tr\u00fac h\u01a1n. Lo\u1ea1i gi\u1ea5y ph\u00e9p c\u01b0 tr\u00fa m\u00e0 b\u1ea1n n\u1ed9p \u0111\u01a1n xin ph\u1ee5 thu\u1ed9c v\u00e0o l\u00fd do b\u1ea1n chuy\u1ec3n \u0111\u1ebfn. C\u00e1c lo\u1ea1i ph\u1ed5 bi\u1ebfn bao g\u1ed3m:<\/p>\n<p style=\"text-align: justify;\"><strong>Chuy\u1ec3n \u0111\u1ebfn H\u00e0 Lan \u0111\u1ec3 l\u00e0m vi\u1ec7c<\/strong><\/p>\n<p style=\"text-align: justify;\"><strong>\u2013 Ng\u01b0\u1eddi di c\u01b0 c\u00f3 tay ngh\u1ec1 cao (Kennismigrant):<\/strong> M\u1ed9t quy tr\u00ecnh h\u1ee3p l\u00fd d\u00e0nh cho c\u00e1c chuy\u00ean gia c\u00f3 tay ngh\u1ec1 v\u1edbi l\u1eddi m\u1eddi l\u00e0m vi\u1ec7c t\u1eeb m\u1ed9t nh\u00e0 t\u00e0i tr\u1ee3 \u0111\u01b0\u1ee3c c\u00f4ng nh\u1eadn t\u1ea1i H\u00e0 Lan.<\/p>\n<p style=\"text-align: justify;\"><strong>\u2013 Vi\u1ec7c l\u00e0m th\u01b0\u1eddng xuy\u00ean:<\/strong> B\u1ea1n s\u1ebd c\u1ea7n l\u1eddi m\u1eddi l\u00e0m vi\u1ec7c v\u00e0 ng\u01b0\u1eddi s\u1eed d\u1ee5ng lao \u0111\u1ed9ng c\u1ee7a b\u1ea1n ph\u1ea3i ch\u1ee9ng minh r\u1eb1ng kh\u00f4ng c\u00f3 \u1ee9ng vi\u00ean ph\u00f9 h\u1ee3p n\u00e0o t\u1eeb EU.<\/p>\n<p style=\"text-align: justify;\"><strong>\u2013 Th\u1ecb th\u1ef1c t\u1ef1 kinh doanh ho\u1eb7c kh\u1edfi nghi\u1ec7p:<\/strong> C\u00f3 s\u1eb5n n\u1ebfu b\u1ea1n \u0111ang kh\u1edfi nghi\u1ec7p kinh doanh ho\u1eb7c kh\u1edfi nghi\u1ec7p c\u00f3 ti\u1ec1m n\u0103ng \u0111\u1ed5i m\u1edbi.<\/p>\n<p style=\"text-align: justify;\"><strong>Chuy\u1ec3n \u0111\u1ebfn H\u00e0 Lan \u0111\u1ec3 h\u1ecdc t\u1eadp<\/strong><\/p>\n<p style=\"text-align: justify;\">B\u1ea1n ph\u1ea3i \u0111\u01b0\u1ee3c m\u1ed9t t\u1ed5 ch\u1ee9c gi\u00e1o d\u1ee5c H\u00e0 Lan ch\u1ea5p nh\u1eadn v\u00e0 c\u00f3 \u0111\u1ee7 ti\u1ec1n \u0111\u1ec3 t\u1ef1 trang tr\u1ea3i trong su\u1ed1t qu\u00e1 tr\u00ecnh h\u1ecdc t\u1eadp.<\/p>\n<p style=\"text-align: justify;\"><strong>Chuy\u1ec3n \u0111\u1ebfn H\u00e0 Lan \u0111\u1ec3 \u0111o\u00e0n t\u1ee5 gia \u0111\u00ecnh<\/strong><\/p>\n<p style=\"text-align: justify;\">N\u1ebfu b\u1ea1n c\u00f3 b\u1ea1n \u0111\u1eddi ng\u01b0\u1eddi H\u00e0 Lan ho\u1eb7c th\u00e0nh vi\u00ean gia \u0111\u00ecnh c\u01b0 tr\u00fa h\u1ee3p ph\u00e1p t\u1ea1i H\u00e0 Lan, b\u1ea1n c\u00f3 th\u1ec3 n\u1ed9p \u0111\u01a1n xin gi\u1ea5y ph\u00e9p c\u01b0 tr\u00fa \u0111o\u00e0n t\u1ee5 gia \u0111\u00ecnh.<\/p>\n<p style=\"text-align: justify;\"><strong>Y\u00eau c\u1ea7u chung:<\/strong><\/p>\n<p style=\"text-align: justify;\">\u2013 Thu nh\u1eadp \u0111\u1ee7<\/p>\n<p style=\"text-align: justify;\">\u2013 B\u1ea3o hi\u1ec3m y t\u1ebf<\/p>\n<p style=\"text-align: justify;\">\u2013 H\u1ed3 s\u01a1 t\u1ed9i ph\u1ea1m trong s\u1ea1ch<\/p>\n<p style=\"text-align: justify;\">\u2013 C\u00f3 th\u1ec3 x\u00e9t nghi\u1ec7m b\u1ec7nh lao<\/p>\n<p style=\"text-align: justify;\"><strong>4. H\u00e0 Lan c\u00f3 cho ph\u00e9p mang hai qu\u1ed1c t\u1ecbch kh\u00f4ng?<\/strong><\/p>\n<p style=\"text-align: justify;\">H\u00e0 Lan c\u00f3 c\u00e1c quy \u0111\u1ecbnh nghi\u00eam ng\u1eb7t v\u1ec1 qu\u1ed1c t\u1ecbch k\u00e9p. Nh\u00ecn chung, ch\u00ednh ph\u1ee7 H\u00e0 Lan <strong>kh\u00f4ng<\/strong> cho ph\u00e9p mang hai qu\u1ed1c t\u1ecbch, nh\u01b0ng c\u00f3 m\u1ed9t s\u1ed1 tr\u01b0\u1eddng h\u1ee3p ngo\u1ea1i l\u1ec7:<\/p>\n<p style=\"text-align: justify;\">\u2013 N\u1ebfu b\u1ea1n k\u1ebft h\u00f4n v\u1edbi c\u00f4ng d\u00e2n H\u00e0 Lan<\/p>\n<p style=\"text-align: justify;\">\u2013 N\u1ebfu b\u1ea1n sinh ra v\u1edbi hai qu\u1ed1c t\u1ecbch<\/p>\n<p style=\"text-align: justify;\">\u2013 N\u1ebfu vi\u1ec7c t\u1eeb b\u1ecf qu\u1ed1c t\u1ecbch ban \u0111\u1ea7u c\u1ee7a b\u1ea1n l\u00e0 kh\u00f4ng kh\u1ea3 thi v\u1ec1 m\u1eb7t ph\u00e1p l\u00fd ho\u1eb7c g\u00e2y ra c\u00e1c v\u1ea5n \u0111\u1ec1 nghi\u00eam tr\u1ecdng<\/p>\n<p style=\"text-align: justify;\">Khi nh\u1eadp t\u1ecbch v\u1edbi t\u01b0 c\u00e1ch l\u00e0 c\u00f4ng d\u00e2n H\u00e0 Lan, b\u1ea1n c\u00f3 th\u1ec3 \u0111\u01b0\u1ee3c y\u00eau c\u1ea7u t\u1eeb b\u1ecf qu\u1ed1c t\u1ecbch tr\u01b0\u1edbc \u0111\u00e2y c\u1ee7a m\u00ecnh tr\u1eeb khi b\u1ea1n \u0111\u1ee7 \u0111i\u1ec1u ki\u1ec7n \u0111\u01b0\u1ee3c mi\u1ec5n tr\u1eeb.<\/p>\n<p style=\"text-align: justify;\"><strong>5. T\u00f4i c\u00f3 th\u1ec3 mang theo \u0111\u1ed3 \u0111\u1ea1c c\u00e1 nh\u00e2n c\u1ee7a m\u00ecnh \u0111\u1ebfn H\u00e0 Lan kh\u00f4ng?<\/strong><\/p>\n<p style=\"text-align: justify;\">C\u00f3, b\u1ea1n c\u00f3 th\u1ec3 mang theo \u0111\u1ed3 \u0111\u1ea1c c\u00e1 nh\u00e2n khi di chuy\u1ec3n, nh\u01b0ng c\u00f3 m\u1ed9t s\u1ed1 \u0111i\u1ec1u c\u1ea7n l\u01b0u \u00fd:<\/p>\n<p style=\"text-align: justify;\"><strong>\u2013 Thu\u1ebf h\u1ea3i quan v\u00e0 ngh\u0129a v\u1ee5:<\/strong> N\u1ebfu b\u1ea1n di chuy\u1ec3n t\u1eeb trong EU, s\u1ebd kh\u00f4ng c\u00f3 thu\u1ebf h\u1ea3i quan. N\u1ebfu b\u1ea1n di chuy\u1ec3n t\u1eeb ngo\u00e0i EU, b\u1ea1n c\u00f3 th\u1ec3 \u0111\u1ee7 \u0111i\u1ec1u ki\u1ec7n \u0111\u01b0\u1ee3c mi\u1ec5n thu\u1ebf \u0111\u1ed1i v\u1edbi h\u00e0ng h\u00f3a c\u00e1 nh\u00e2n n\u1ebfu b\u1ea1n di chuy\u1ec3n v\u0129nh vi\u1ec5n.<\/p>\n<p style=\"text-align: justify;\"><strong>\u2013 Nh\u1eefng g\u00ec \u0111\u1ee7 \u0111i\u1ec1u ki\u1ec7n l\u00e0 \u0111\u1ed3 \u0111\u1ea1c c\u00e1 nh\u00e2n?<\/strong> Qu\u1ea7n \u00e1o, \u0111\u1ed3 n\u1ed9i th\u1ea5t, \u0111\u1ed3 \u0111i\u1ec7n t\u1eed, \u0111\u1ed3 gia d\u1ee5ng v\u00e0 th\u1eadm ch\u00ed c\u1ea3 \u00f4 t\u00f4 c\u1ee7a b\u1ea1n (n\u1ebfu \u0111\u00e1p \u1ee9ng ti\u00eau chu\u1ea9n c\u1ee7a H\u00e0 Lan).<\/p>\n<p style=\"text-align: justify;\"><strong>\u2013 Danh s\u00e1ch h\u00e0ng t\u1ed3n kho:<\/strong> Chu\u1ea9n b\u1ecb danh s\u00e1ch chi ti\u1ebft c\u00e1c m\u1eb7t h\u00e0ng b\u1ea1n \u0111ang v\u1eadn chuy\u1ec3n \u0111\u1ec3 tr\u00e1nh s\u1ef1 ch\u1eadm tr\u1ec5 ho\u1eb7c v\u1ea5n \u0111\u1ec1 t\u1ea1i h\u1ea3i quan.<\/p>\n<p style=\"text-align: justify;\"><strong>\u2013 C\u00e1c m\u1eb7t h\u00e0ng b\u1ecb c\u1ea5m\/h\u1ea1n ch\u1ebf:<\/strong> Ki\u1ec3m tra c\u00e1c quy \u0111\u1ecbnh c\u1ee7a h\u1ea3i quan H\u00e0 Lan \u0111\u1ed1i v\u1edbi c\u00e1c m\u1eb7t h\u00e0ng nh\u01b0 v\u0169 kh\u00ed, m\u1ed9t s\u1ed1 lo\u1ea1i c\u00e2y v\u00e0 s\u1ea3n ph\u1ea9m th\u1ef1c ph\u1ea9m.<\/p>\n[\/vc_column_text][\/vc_column][\/vc_row]\n<\/div>","protected":false},"excerpt":{"rendered":"<p>[vc_row css=&#8221;.vc_custom_1747993574522{margin-top: -30px !important;}&#8221;][vc_column][\/vc_column][\/vc_row][vc_row][vc_column][vc_column_text css=&#8221;&#8221;] H\u00e0 Lan, c\u00f2n \u0111\u01b0\u1ee3c g\u1ecdi l\u00e0 Holland, l\u00e0 m\u1ed9t qu\u1ed1c gia nh\u1ecf nh\u01b0ng s\u00f4i \u0111\u1ed9ng n\u1eb1m \u1edf T\u00e2y B\u1eafc \u00c2u. N\u1ed5i ti\u1ebfng v\u1edbi nh\u1eefng k\u00eanh \u0111\u00e0o \u0111\u1eb9p nh\u01b0 tranh v\u1ebd, c\u00e1nh \u0111\u1ed3ng hoa tulip, c\u1ed1i xay gi\u00f3 v\u00e0 x\u00e3 h\u1ed9i ti\u1ebfn b\u1ed9, H\u00e0 Lan mang \u0111\u1ebfn ch\u1ea5t l\u01b0\u1ee3ng cu\u1ed9c s\u1ed1ng [&hellip;]<\/p>\n","protected":false},"author":4,"featured_media":0,"parent":0,"menu_order":0,"comment_status":"closed","ping_status":"closed","template":"","meta":{"footnotes":""},"class_list":["post-10518","page","type-page","status-publish","hentry"],"_links":{"self":[{"href":"https:\/\/immico.vn\/vi\/wp-json\/wp\/v2\/pages\/10518","targetHints":{"allow":["GET"]}}],"collection":[{"href":"https:\/\/immico.vn\/vi\/wp-json\/wp\/v2\/pages"}],"about":[{"href":"https:\/\/immico.vn\/vi\/wp-json\/wp\/v2\/types\/page"}],"author":[{"embeddable":true,"href":"https:\/\/immico.vn\/vi\/wp-json\/wp\/v2\/users\/4"}],"replies":[{"embeddable":true,"href":"https:\/\/immico.vn\/vi\/wp-json\/wp\/v2\/comments?post=10518"}],"version-history":[{"count":5,"href":"https:\/\/immico.vn\/vi\/wp-json\/wp\/v2\/pages\/10518\/revisions"}],"predecessor-version":[{"id":10535,"href":"https:\/\/immico.vn\/vi\/wp-json\/wp\/v2\/pages\/10518\/revisions\/10535"}],"wp:attachment":[{"href":"https:\/\/immico.vn\/vi\/wp-json\/wp\/v2\/media?parent=10518"}],"curies":[{"name":"wp","href":"https:\/\/api.w.org\/{rel}","templated":true}]}}