{"id":6054,"date":"2017-07-11T13:52:04","date_gmt":"2017-07-11T13:52:04","guid":{"rendered":"https:\/\/colaw.vn\/establishment-of-company-limited\/"},"modified":"2025-05-19T04:23:27","modified_gmt":"2025-05-19T04:23:27","slug":"tong-quan-ve-dinh-cu-canada","status":"publish","type":"page","link":"https:\/\/immico.vn\/vi\/tong-quan-ve-dinh-cu-canada\/","title":{"rendered":"T\u1ed5ng Quan V\u1ec1 \u0110\u1ecbnh C\u01b0 Canada"},"content":{"rendered":"<div class=\"wpb-content-wrapper\">[vc_row top_margin=&#8221;0&#8243; bottom_margin=&#8221;0&#8243; css=&#8221;.vc_custom_1499912039446{margin-top: -30px !important;}&#8221;][vc_column]<div class=\"shortcode-wrapper shortcode-title clearfix hb-animate-element hb-fade-in\"><p style=\"color:#9a4c3c!important;border-color:#9a4c3c\" class=\"hb-text-large aligncenter\">T\u1ed5ng Quan V\u1ec1 \u0110\u1ecbnh C\u01b0 Canada<\/p><\/div>[\/vc_column][\/vc_row][vc_row][vc_column][vc_column_text css=&#8221;&#8221;]\n<p style=\"text-align: justify;\">Canada lu\u00f4n l\u00e0 m\u1ed9t trong nh\u1eefng \u0111i\u1ec3m \u0111\u1ebfn h\u1ea5p d\u1eabn nh\u1ea5t tr\u00ean th\u1ebf gi\u1edbi \u0111\u1ed1i v\u1edbi ng\u01b0\u1eddi nh\u1eadp c\u01b0, nh\u1edd c\u00e1c ch\u01b0\u01a1ng tr\u00ecnh nh\u1eadp c\u01b0 \u0111a d\u1ea1ng v\u00e0 d\u1ec5 ti\u1ebfp c\u1eadn. H\u00e0nh tr\u00ecnh tr\u1edf th\u00e0nh c\u00f4ng d\u00e2n Canada th\u01b0\u1eddng b\u1eaft \u0111\u1ea7u b\u1eb1ng vi\u1ec7c nh\u1eadn \u0111\u01b0\u1ee3c t\u01b0 c\u00e1ch th\u01b0\u1eddng tr\u00fa nh\u00e2n, t\u01b0\u01a1ng t\u1ef1 nh\u01b0 Th\u1ebb xanh c\u1ee7a M\u1ef9, cho ph\u00e9p c\u00e1 nh\u00e2n s\u1ed1ng v\u00e0 l\u00e0m vi\u1ec7c l\u00e2u d\u00e0i t\u1ea1i Canada.<\/p>\n<p style=\"text-align: justify;\"><strong>C\u00e1c b\u01b0\u1edbc chu\u1ea9n b\u1ecb nh\u1eadp c\u01b0 v\u00e0o Canada:<\/strong><br \/>\n<strong>1. X\u00e1c \u0111\u1ecbnh y\u00eau c\u1ea7u v\u1ec1 Visa<\/strong><br \/>\nKi\u1ec3m tra xem b\u1ea1n c\u1ea7n th\u1ecb th\u1ef1c nh\u1eadp c\u1ea3nh hay Gi\u1ea5y ph\u00e9p Du l\u1ecbch \u0110i\u1ec7n t\u1eed (eTA). V\u00ed d\u1ee5, c\u00f4ng d\u00e2n Hoa K\u1ef3 kh\u00f4ng c\u1ea7n th\u1ecb th\u1ef1c khi \u1edf l\u1ea1i d\u01b0\u1edbi s\u00e1u th\u00e1ng.<\/p>\n<p style=\"text-align: justify;\"><strong>2. Ch\u1ecdn ch\u01b0\u01a1ng tr\u00ecnh nh\u1eadp c\u01b0 ph\u00f9 h\u1ee3p<\/strong><br \/>\nCanada cung c\u1ea5p nhi\u1ec1u l\u1ef1a ch\u1ecdn nh\u1eadp c\u01b0, bao g\u1ed3m:<br \/>\n&#8211; Ch\u01b0\u01a1ng tr\u00ecnh Express Entry: H\u1ec7 th\u1ed1ng t\u00ednh \u0111i\u1ec3m \u01b0u ti\u00ean ng\u01b0\u1eddi lao \u0111\u1ed9ng c\u00f3 tay ngh\u1ec1 d\u1ef1a tr\u00ean h\u1ecdc v\u1ea5n, k\u1ef9 n\u0103ng v\u00e0 kinh nghi\u1ec7m.<br \/>\n&#8211; Ch\u01b0\u01a1ng tr\u00ecnh Lao \u0111\u1ed9ng Tay ngh\u1ec1 Li\u00ean bang: D\u00e0nh cho ng\u01b0\u1eddi c\u00f3 t\u1ed1i thi\u1ec3u 10 n\u0103m kinh nghi\u1ec7m trong c\u00e1c c\u00f4ng vi\u1ec7c qu\u1ea3n l\u00fd, chuy\u00ean m\u00f4n ho\u1eb7c k\u1ef9 thu\u1eadt.<br \/>\n&#8211; Ch\u01b0\u01a1ng tr\u00ecnh \u0110\u1ec1 c\u1eed T\u1ec9nh bang (PNP): C\u00e1c t\u1ec9nh bang \u0111\u1ec1 c\u1eed \u1ee9ng vi\u00ean d\u1ef1a tr\u00ean nhu c\u1ea7u th\u1ecb tr\u01b0\u1eddng lao \u0111\u1ed9ng \u0111\u1ecba ph\u01b0\u01a1ng.<br \/>\n&#8211; Ch\u01b0\u01a1ng tr\u00ecnh Lao \u0111\u1ed9ng Tay ngh\u1ec1 Quebec: D\u00e0nh ri\u00eang cho nh\u1eefng ng\u01b0\u1eddi mu\u1ed1n \u0111\u1ecbnh c\u01b0 t\u1ea1i Quebec, y\u00eau c\u1ea7u c\u00f3 Ch\u1ee9ng ch\u1ec9 Tuy\u1ec3n ch\u1ecdn Quebec.<br \/>\n&#8211; Ch\u01b0\u01a1ng tr\u00ecnh Nh\u1eadp c\u01b0 \u0110\u1ea1i T\u00e2y D\u01b0\u01a1ng: D\u00e0nh ri\u00eang cho nh\u1eefng ng\u01b0\u1eddi mu\u1ed1n s\u1ed1ng t\u1ea1i c\u00e1c t\u1ec9nh v\u00f9ng \u0110\u1ea1i T\u00e2y D\u01b0\u01a1ng (New Brunswick, Nova Scotia, \u0110\u1ea3o Ho\u00e0ng t\u1eed Edward, Newfoundland v\u00e0 Labrador).<br \/>\n&#8211; Visa t\u1ef1 l\u00e0m ch\u1ee7: D\u00e0nh cho ng\u01b0\u1eddi c\u00f3 kinh nghi\u1ec7m trong l\u0129nh v\u1ef1c v\u0103n h\u00f3a ho\u1eb7c th\u1ec3 thao mu\u1ed1n t\u1ef1 kinh doanh t\u1ea1i Canada.<br \/>\n&#8211; Visa kh\u1edfi nghi\u1ec7p: D\u00e0nh cho doanh nh\u00e2n v\u1edbi \u00fd t\u01b0\u1edfng kinh doanh kh\u1ea3 thi \u0111\u01b0\u1ee3c c\u00e1c t\u1ed5 ch\u1ee9c Canada h\u1ed7 tr\u1ee3.<\/p>\n<p style=\"text-align: justify;\"><strong>3. N\u1ed9p h\u1ed3 s\u01a1 xin gi\u1ea5y ph\u00e9p<\/strong><br \/>\nSau khi ch\u1ecdn ch\u01b0\u01a1ng tr\u00ecnh nh\u1eadp c\u01b0 ph\u00f9 h\u1ee3p, b\u1eaft \u0111\u1ea7u n\u1ed9p \u0111\u01a1n b\u1eb1ng c\u00e1ch t\u1ea1o t\u00e0i kho\u1ea3n tr\u00ean trang web nh\u1eadp c\u01b0 c\u1ee7a Ch\u00ednh ph\u1ee7 Canada. B\u1ea1n s\u1ebd nh\u1eadn \u0111\u01b0\u1ee3c h\u01b0\u1edbng d\u1eabn chi ti\u1ebft v\u1ec1 c\u00e1c gi\u1ea5y t\u1edd c\u1ea7n thi\u1ebft v\u00e0 quy tr\u00ecnh th\u1ef1c hi\u1ec7n. H\u1ed3 s\u01a1 c\u00f3 th\u1ec3 n\u1ed9p tr\u1ef1c tuy\u1ebfn qua t\u00e0i kho\u1ea3n Ch\u00ednh ph\u1ee7 Canada (GCKey) ho\u1eb7c tr\u1ef1c ti\u1ebfp t\u1ea1i l\u00e3nh s\u1ef1 qu\u00e1n hay \u0111\u1ea1i s\u1ee9 qu\u00e1n Canada t\u1ea1i \u0111\u1ecba ph\u01b0\u01a1ng. Chu\u1ea9n b\u1ecb ph\u00ed n\u1ed9p \u0111\u01a1n, bao g\u1ed3m c\u00e1c kho\u1ea3n chi ph\u00ed b\u1ed5 sung nh\u01b0 d\u1ecbch thu\u1eadt v\u00e0 v\u1eadn chuy\u1ec3n.<\/p>\n<p style=\"text-align: justify;\"><strong>4. Chu\u1ea9n b\u1ecb cho vi\u1ec7c di chuy\u1ec3n<\/strong><br \/>\nTh\u1eddi gian x\u1eed l\u00fd th\u01b0\u1eddng k\u00e9o d\u00e0i t\u1eeb s\u00e1u \u0111\u1ebfn m\u01b0\u1eddi t\u00e1m th\u00e1ng, trong th\u1eddi gian n\u00e0y, b\u1ea1n n\u00ean s\u1eafp x\u1ebfp c\u00e1c gi\u1ea5y t\u1edd c\u1ea7n thi\u1ebft v\u00e0 chu\u1ea9n b\u1ecb \u0111\u1ed3 d\u00f9ng c\u00e1 nh\u00e2n. N\u1ebfu v\u1eadn chuy\u1ec3n \u0111\u1ed3 \u0111\u1ea1c, c\u1ea7n l\u1eadp danh s\u00e1ch chi ti\u1ebft v\u1ec1 gi\u00e1 tr\u1ecb, m\u1eabu m\u00e3, th\u01b0\u01a1ng hi\u1ec7u v\u00e0 s\u1ed1 s\u00ea-ri. C\u00e1c \u0111\u1ed3 d\u00f9ng thi\u1ebft y\u1ebfu c\u00e1 nh\u00e2n th\u01b0\u1eddng \u0111\u01b0\u1ee3c mi\u1ec5n thu\u1ebf khi nh\u1eadp c\u1ea3nh Canada, nh\u01b0ng b\u1ea1n lu\u00f4n c\u1ea7n ki\u1ec3m tra c\u00e1c quy \u0111\u1ecbnh h\u1ea3i quan m\u1edbi nh\u1ea5t.<\/p>\n<p style=\"text-align: justify;\"><strong>5. Di chuy\u1ec3n \u0111\u1ebfn Canada<\/strong><br \/>\nKhi h\u1ed3 s\u01a1 \u0111\u01b0\u1ee3c ch\u1ea5p thu\u1eadn, b\u1ea1n s\u1ebd nh\u1eadn \u0111\u01b0\u1ee3c Gi\u1ea5y X\u00e1c nh\u1eadn Th\u01b0\u1eddng tr\u00fa (COPR) v\u00e0 th\u1ecb th\u1ef1c (n\u1ebfu c\u1ea7n). S\u1eed d\u1ee5ng \u1ee9ng d\u1ee5ng ArrivalCan khi nh\u1eadp c\u1ea3nh Canada. Canada c\u0169ng cung c\u1ea5p nhi\u1ec1u t\u00e0i nguy\u00ean h\u1ed7 tr\u1ee3 \u1ed5n \u0111\u1ecbnh cu\u1ed9c s\u1ed1ng nh\u01b0 \u201cC\u1ea9m nang ch\u00e0o m\u1eebng b\u1ea1n \u0111\u1ebfn Canada\u201d, gi\u00fap ng\u01b0\u1eddi m\u1edbi \u0111\u1ebfn d\u1ec5 d\u00e0ng th\u00edch nghi h\u01a1n.<\/p>\n[\/vc_column_text][\/vc_column][\/vc_row]\n<\/div>","protected":false},"excerpt":{"rendered":"<p>[vc_row top_margin=&#8221;0&#8243; bottom_margin=&#8221;0&#8243; css=&#8221;.vc_custom_1499912039446{margin-top: -30px !important;}&#8221;][vc_column][\/vc_column][\/vc_row][vc_row][vc_column][vc_column_text css=&#8221;&#8221;] Canada lu\u00f4n l\u00e0 m\u1ed9t trong nh\u1eefng \u0111i\u1ec3m \u0111\u1ebfn h\u1ea5p d\u1eabn nh\u1ea5t tr\u00ean th\u1ebf gi\u1edbi \u0111\u1ed1i v\u1edbi ng\u01b0\u1eddi nh\u1eadp c\u01b0, nh\u1edd c\u00e1c ch\u01b0\u01a1ng tr\u00ecnh nh\u1eadp c\u01b0 \u0111a d\u1ea1ng v\u00e0 d\u1ec5 ti\u1ebfp c\u1eadn. H\u00e0nh tr\u00ecnh tr\u1edf th\u00e0nh c\u00f4ng d\u00e2n Canada th\u01b0\u1eddng b\u1eaft \u0111\u1ea7u b\u1eb1ng vi\u1ec7c nh\u1eadn \u0111\u01b0\u1ee3c t\u01b0 c\u00e1ch th\u01b0\u1eddng [&hellip;]<\/p>\n","protected":false},"author":1,"featured_media":0,"parent":0,"menu_order":0,"comment_status":"closed","ping_status":"closed","template":"","meta":{"footnotes":""},"class_list":["post-6054","page","type-page","status-publish","hentry"],"_links":{"self":[{"href":"https:\/\/immico.vn\/vi\/wp-json\/wp\/v2\/pages\/6054","targetHints":{"allow":["GET"]}}],"collection":[{"href":"https:\/\/immico.vn\/vi\/wp-json\/wp\/v2\/pages"}],"about":[{"href":"https:\/\/immico.vn\/vi\/wp-json\/wp\/v2\/types\/page"}],"author":[{"embeddable":true,"href":"https:\/\/immico.vn\/vi\/wp-json\/wp\/v2\/users\/1"}],"replies":[{"embeddable":true,"href":"https:\/\/immico.vn\/vi\/wp-json\/wp\/v2\/comments?post=6054"}],"version-history":[{"count":7,"href":"https:\/\/immico.vn\/vi\/wp-json\/wp\/v2\/pages\/6054\/revisions"}],"predecessor-version":[{"id":10232,"href":"https:\/\/immico.vn\/vi\/wp-json\/wp\/v2\/pages\/6054\/revisions\/10232"}],"wp:attachment":[{"href":"https:\/\/immico.vn\/vi\/wp-json\/wp\/v2\/media?parent=6054"}],"curies":[{"name":"wp","href":"https:\/\/api.w.org\/{rel}","templated":true}]}}