{"id":6057,"date":"2017-07-19T04:35:28","date_gmt":"2017-07-19T04:35:28","guid":{"rendered":"https:\/\/colaw.vn\/establishment-of-joint-stock-company\/"},"modified":"2025-05-19T06:12:06","modified_gmt":"2025-05-19T06:12:06","slug":"dinh-cu-chuong-trinh-cong-nhan-lanh-nghe-lien-bang-canada","status":"publish","type":"page","link":"https:\/\/immico.vn\/vi\/dinh-cu-chuong-trinh-cong-nhan-lanh-nghe-lien-bang-canada\/","title":{"rendered":"\u0110\u1ecbnh C\u01b0 Ch\u01b0\u01a1ng Tr\u00ecnh C\u00f4ng Nh\u00e2n L\u00e0nh Ngh\u1ec1 Li\u00ean Bang Canada"},"content":{"rendered":"<div class=\"wpb-content-wrapper\">[vc_row top_margin=&#8221;0&#8243; bottom_margin=&#8221;0&#8243; css=&#8221;.vc_custom_1499912039446{margin-top: -30px !important;}&#8221;][vc_column]<div class=\"shortcode-wrapper shortcode-title clearfix hb-animate-element hb-fade-in\"><p style=\"color:#9a4c3c!important;border-color:#9a4c3c\" class=\"hb-text-large aligncenter\">\u0110\u1ecbnh C\u01b0 Ch\u01b0\u01a1ng Tr\u00ecnh C\u00f4ng Nh\u00e2n L\u00e0nh Ngh\u1ec1 Li\u00ean Bang Canada<\/p><\/div>[\/vc_column][\/vc_row][vc_row][vc_column][vc_column_text css=&#8221;&#8221;]\n<p style=\"text-align: justify;\">Ch\u01b0\u01a1ng\u00a0tr\u00ecnh Express Entry\u00a0l\u00e0 m\u1ed9t n\u1ec1n t\u1ea3ng \u0111\u01b0\u1ee3c Ch\u00ednh ph\u1ee7 Canada ph\u00e1t tri\u1ec3n nh\u1eb1m thu h\u00fat lao \u0111\u1ed9ng c\u00f3 tay ngh\u1ec1 cao nh\u1eadp c\u01b0 v\u00e0o Canada.\u00a0C\u00f3 nhi\u1ec1u lo\u1ea1i ch\u01b0\u01a1ng tr\u00ecnh kh\u00e1c nhau ho\u1ea1t \u0111\u1ed9ng trong Express Entry, ch\u1eb3ng h\u1ea1n nh\u01b0:<\/p>\n<p style=\"text-align: justify;\">&#8211; Ch\u01b0\u01a1ng tr\u00ecnh C\u00f4ng nh\u00e2n l\u00e0nh ngh\u1ec1 Li\u00ean bang<\/p>\n<p style=\"text-align: justify;\">&#8211; Ch\u01b0\u01a1ng tr\u00ecnh giao d\u1ecbch tay ngh\u1ec1 li\u00ean bang<\/p>\n<p style=\"text-align: justify;\">&#8211; Ch\u01b0\u01a1ng tr\u00ecnh tr\u1ea3i nghi\u1ec7m Canada<\/p>\n<p style=\"text-align: justify;\">&#8211; Ch\u01b0\u01a1ng tr\u00ecnh \u0111\u1ec1 c\u1eed c\u1ea5p t\u1ec9nh<\/p>\n<p style=\"text-align: justify;\">B\u00e0i vi\u1ebft n\u00e0y s\u1ebd t\u00ecm hi\u1ec3u v\u1ec1 Ch\u01b0\u01a1ng tr\u00ecnh Ng\u01b0\u1eddi lao \u0111\u1ed9ng c\u00f3 tay ngh\u1ec1 Li\u00ean bang (FSWP) v\u00e0 c\u00e1c th\u00f4ng tin chi ti\u1ebft v\u1ec1 ch\u01b0\u01a1ng tr\u00ecnh n\u00e0y.<\/p>\n<h3 style=\"text-align: justify;\">1. Ch\u01b0\u01a1ng tr\u00ecnh C\u00f4ng nh\u00e2n l\u00e0nh ngh\u1ec1 Li\u00ean bang Canada l\u00e0 g\u00ec?<\/h3>\n<p style=\"text-align: justify;\">Tr\u1edf th\u00e0nh c\u00f4ng nh\u00e2n l\u00e0nh ngh\u1ec1 Canada ho\u1eb7c c\u00f4ng nh\u00e2n l\u00e0nh ngh\u1ec1 li\u00ean bang r\u1ea5t c\u00f3 l\u1ee3i. B\u1ea1n c\u00f3 th\u1ec3 di chuy\u1ec3n v\u0129nh vi\u1ec5n \u0111\u1ebfn Canada v\u00e0 tr\u1edf th\u00e0nh th\u01b0\u1eddng tr\u00fa nh\u00e2n. Sau m\u1ed9t v\u00e0i n\u0103m, b\u1ea1n c\u0169ng c\u00f3 th\u1ec3 n\u1ed9p \u0111\u01a1n xin qu\u1ed1c t\u1ecbch Canada.<\/p>\n<p style=\"text-align: justify;\">V\u00ec t\u1ea5t c\u1ea3 nh\u1eefng l\u1ee3i \u00edch n\u00e0y, nhi\u1ec1u ng\u01b0\u1eddi mu\u1ed1n nh\u1eadp c\u01b0 v\u00e0o Canada v\u00e0 \u0111\u1ea5t n\u01b0\u1edbc n\u00e0y c\u0169ng c\u1ea7n nh\u1eefng lao \u0111\u1ed9ng c\u00f3 tay ngh\u1ec1 cao, v\u00ec v\u1eady h\u1ecd \u0111\u00e3 ph\u00e1t tri\u1ec3n FSWP. Ch\u01b0\u01a1ng tr\u00ecnh n\u00e0y m\u1eddi nh\u1eefng ng\u01b0\u1eddi c\u00f3 tr\u00ecnh \u0111\u1ed9 v\u00e0 kinh nghi\u1ec7m nh\u1ea5t n\u1ed9p \u0111\u01a1n t\u1eeb kh\u1eafp n\u01a1i tr\u00ean th\u1ebf gi\u1edbi v\u00e0 \u0111\u00e1p \u1ee9ng c\u00e1c \u0111i\u1ec1u ki\u1ec7n \u0111\u1ec3 nh\u1eadp c\u01b0.<\/p>\n<p style=\"text-align: justify;\">C\u00e1c \u1ee9ng vi\u00ean ph\u1ea3i \u0111\u00e1p \u1ee9ng c\u00e1c ti\u00eau ch\u00ed nghi\u00eam ng\u1eb7t v\u00e0 \u0111\u1ea1t \u0111\u01b0\u1ee3c s\u1ed1 \u0111i\u1ec3m c\u1ea7n thi\u1ebft.\u00a0H\u1ecd c\u0169ng ph\u1ea3i c\u1ed1 g\u1eafng c\u00f3 \u0111\u01b0\u1ee3c l\u1eddi m\u1eddi l\u00e0m vi\u1ec7c \u1edf v\u1ecb tr\u00ed c\u00f4ng vi\u1ec7c c\u00f3 tay ngh\u1ec1 cao \u0111\u1ec3 c\u00f3 th\u1ec3 duy tr\u00ec \u0111\u1ecba v\u1ecb c\u1ee7a m\u00ecnh.\u00a0Qu\u00e1 tr\u00ecnh n\u00e0y m\u1ea5t t\u1eeb \u200b\u200b\u200b\u200b6 th\u00e1ng \u0111\u1ebfn 1 n\u0103m \u0111\u1ec3 ho\u00e0n th\u00e0nh n\u1ebfu b\u1ea1n n\u1ed9p \u0111\u01a1n v\u00e0 r\u1ea5t c\u1ea1nh tranh.<\/p>\n<h3 style=\"text-align: justify;\">2. C\u00e1c y\u00eau c\u1ea7u \u0111\u1ed1i v\u1edbi FSWP Canada l\u00e0 g\u00ec?<\/h3>\n<p style=\"text-align: justify;\">\u0110\u1ec3 \u0111\u1ee7 \u0111i\u1ec1u ki\u1ec7n tham gia Ch\u01b0\u01a1ng tr\u00ecnh C\u00f4ng nh\u00e2n l\u00e0nh ngh\u1ec1 Li\u00ean bang, c\u00f3 nhi\u1ec1u b\u1ed9 ti\u00eau ch\u00ed kh\u00e1c nhau m\u00e0 b\u1ea1n ph\u1ea3i \u0111\u00e1p \u1ee9ng, ch\u1eb3ng h\u1ea1n nh\u01b0:<\/p>\n<p style=\"text-align: justify;\">&#8211; \u0110i\u1ec3m ti\u00eau ch\u00ed l\u1ef1a ch\u1ecdn t\u1ed1i thi\u1ec3u;<\/p>\n<p style=\"text-align: justify;\">&#8211; Ch\u1ee9ng minh t\u00e0i ch\u00ednh;<\/p>\n<p style=\"text-align: justify;\">&#8211; S\u1ef1 ch\u1ea5p nh\u1eadn;<\/p>\n<p style=\"text-align: justify;\"><strong>\u0110i\u1ec3m ti\u00eau ch\u00ed l\u1ef1a ch\u1ecdn t\u1ed1i thi\u1ec3u<\/strong><\/p>\n<p style=\"text-align: justify;\">Nh\u1eefng \u0111i\u1ec3m n\u00e0y d\u1ef1a tr\u00ean m\u1ed9t s\u1ed1 y\u1ebfu t\u1ed1 \u0111\u01b0\u1ee3c Ch\u00ednh ph\u1ee7 Canada \u1ea5n \u0111\u1ecbnh c\u00e1c \u0111i\u1ec3m kh\u00e1c nhau. \u0110\u1ec3 bi\u1ebft b\u1ea1n \u0111\u00e3 \u0111\u1ea1t \u0111\u01b0\u1ee3c bao nhi\u00eau \u0111i\u1ec3m, b\u1ea1n ph\u1ea3i l\u00e0m b\u00e0i ki\u1ec3m tra \u0111\u1ee7 \u0111i\u1ec1u ki\u1ec7n tr\u00ean trang web c\u1ee7a Ch\u00ednh ph\u1ee7 Canada.\u00a0B\u00e0i ki\u1ec3m tra n\u00e0y s\u1ebd h\u1ecfi b\u1ea1n m\u1ed9t lo\u1ea1t c\u00e2u h\u1ecfi \u0111\u1ec3 x\u00e1c \u0111\u1ecbnh xem b\u1ea1n c\u00f3 \u0111\u00e1p \u1ee9ng c\u00e1c ti\u00eau ch\u00ed \u0111\u1ee7 \u0111i\u1ec1u ki\u1ec7n t\u1ed1i thi\u1ec3u hay kh\u00f4ng, ch\u1eb3ng h\u1ea1n nh\u01b0 c\u00e1c c\u00e2u h\u1ecfi v\u1ec1 tu\u1ed5i t\u00e1c, qu\u1ed1c t\u1ecbch, kinh nghi\u1ec7m l\u00e0m vi\u1ec7c, k\u1ef9 n\u0103ng ng\u00f4n ng\u1eef, v.v.\u00a0T\u1ed5ng \u0111i\u1ec3m c\u1ee7a b\u00e0i ki\u1ec3m tra l\u00e0 100 v\u00e0 b\u1ea1n ph\u1ea3i \u0111\u1ea1t 67 \u0111i\u1ec3m tr\u1edf l\u00ean \u0111\u1ec3 \u0111\u1ee7 \u0111i\u1ec1u ki\u1ec7n.\u00a0C\u00e1c b\u1ea3ng sau \u0111\u00e2y tr\u00ecnh b\u00e0y c\u00e1c ti\u00eau ch\u00ed v\u00e0 \u0111i\u1ec3m cho t\u1eebng ti\u00eau ch\u00ed \u0111\u1ec3 b\u1ea1n c\u00f3 th\u1ec3 t\u00ednh to\u00e1n ch\u00fang.<\/p>\n<p style=\"text-align: justify;\"><strong>Ch\u1ee9ng minh t\u00e0i ch\u00ednh<\/strong><\/p>\n<p style=\"text-align: justify;\">Ngo\u00e0i vi\u1ec7c \u0111\u1ea1t \u0111\u01b0\u1ee3c 67\/100 \u0111i\u1ec3m \u0111\u1ec3 \u0111\u1ee7 \u0111i\u1ec1u ki\u1ec7n, b\u1ea1n c\u00f2n ph\u1ea3i c\u00f3 \u0111\u1ee7 ti\u1ec1n \u0111\u1ec3 chi tr\u1ea3 cho th\u1eddi gian l\u01b0u tr\u00fa t\u1ea1i Canada t\u1eeb 3 \u0111\u1ebfn 6 th\u00e1ng.\u00a0B\u1ea1n ph\u1ea3i ch\u1ee9ng minh \u0111i\u1ec1u n\u00e0y th\u00f4ng qua vi\u1ec7c g\u1eedi b\u00e1o c\u00e1o t\u00e0i kho\u1ea3n ng\u00e2n h\u00e0ng.<\/p>\n<p style=\"text-align: justify;\"><strong>S\u1ef1 ch\u1ea5p nh\u1eadn<\/strong><\/p>\n<p style=\"text-align: justify;\">B\u1ea1n c\u0169ng ph\u1ea3i \u0111\u01b0\u1ee3c ch\u1ea5p nh\u1eadn theo th\u1ecb th\u1ef1c th\u01b0\u1eddng tr\u00fa t\u1ea1i Canada.\u00a0\u0110i\u1ec1u n\u00e0y c\u00f3 ngh\u0129a l\u00e0 b\u1ea1n ph\u1ea3i c\u00f3 l\u00fd l\u1ecbch t\u01b0 ph\u00e1p trong s\u1ea1ch, kh\u00f4ng g\u00e2y nguy hi\u1ec3m cho an ninh qu\u1ed1c gia Canada v\u00e0 l\u00e0 m\u1ed9t c\u00e1 nh\u00e2n kh\u1ecfe m\u1ea1nh.<\/p>\n<p style=\"text-align: justify;\">Ch\u1ec9 khi b\u1ea1n \u0111\u00e1p \u1ee9ng t\u1ea5t c\u1ea3 c\u00e1c ti\u00eau ch\u00ed tr\u00ean, b\u1ea1n m\u1edbi c\u00f3 th\u1ec3 \u0111\u0103ng k\u00fd Ch\u01b0\u01a1ng tr\u00ecnh C\u00f4ng nh\u00e2n l\u00e0nh ngh\u1ec1 Li\u00ean bang (FSWP).<\/p>\n<h3 style=\"text-align: justify;\">3. L\u00e0m th\u1ebf n\u00e0o \u0111\u1ec3 \u0111\u0103ng k\u00fd Ch\u01b0\u01a1ng tr\u00ecnh C\u00f4ng nh\u00e2n l\u00e0nh ngh\u1ec1 Li\u00ean bang Canada?<\/h3>\n<p style=\"text-align: justify;\">N\u1ebfu b\u1ea1n \u0111\u00e3 x\u00e1c \u0111\u1ecbnh r\u1eb1ng m\u00ecnh \u0111\u1ee7 \u0111i\u1ec1u ki\u1ec7n v\u00e0 b\u1ea1n s\u1ebd \u0111\u1ea1t \u0111\u01b0\u1ee3c 67 \u0111i\u1ec3m tr\u1edf l\u00ean th\u00ec b\u01b0\u1edbc ti\u1ebfp theo l\u00e0 b\u1eaft \u0111\u1ea7u quy tr\u00ecnh \u0111\u0103ng k\u00fd.<\/p>\n<p style=\"text-align: justify;\">Ch\u01b0\u01a1ng tr\u00ecnh C\u00f4ng nh\u00e2n l\u00e0nh ngh\u1ec1 Li\u00ean bang kh\u00f4ng ph\u1ea3i l\u00e0 m\u1ed9t ch\u01b0\u01a1ng tr\u00ecnh n\u1ed9p \u0111\u01a1n tr\u1ef1c ti\u1ebfp.\u00a0\u0110i\u1ec1u n\u00e0y c\u00f3 ngh\u0129a l\u00e0 b\u1ea1n s\u1ebd ch\u1ec9 n\u1ed9p h\u1ed3 s\u01a1 cho Ch\u00ednh ph\u1ee7 Canada v\u00e0 h\u1ecd s\u1ebd ch\u1ecdn ra ng\u01b0\u1eddi \u0111\u1ee7 \u0111i\u1ec1u ki\u1ec7n nh\u1ea5t \u0111\u1ec3 n\u1ed9p \u0111\u01a1n xin th\u01b0\u1eddng tr\u00fa.\u00a0To\u00e0n b\u1ed9 qu\u00e1 tr\u00ecnh m\u1ea5t t\u1eeb \u200b\u200b\u200b\u200b6 th\u00e1ng \u0111\u1ebfn 1 n\u0103m v\u00e0 b\u1ea1n ph\u1ea3i th\u1ef1c hi\u1ec7n c\u00e1c b\u01b0\u1edbc sau.<\/p>\n<p style=\"text-align: justify;\"><strong>Nh\u1eadn t\u00e0i li\u1ec7u h\u1ed7 tr\u1ee3<\/strong><\/p>\n<p style=\"text-align: justify;\">Tr\u01b0\u1edbc khi bi\u00ean so\u1ea1n h\u1ed3 s\u01a1 c\u1ee7a m\u00ecnh, b\u1ea1n ph\u1ea3i chu\u1ea9n b\u1ecb s\u1eb5n c\u00e1c t\u00e0i li\u1ec7u h\u1ed7 tr\u1ee3 sau:<\/p>\n<p style=\"text-align: justify;\">&#8211; H\u1ed9 chi\u1ebfu ho\u1eb7c gi\u1ea5y th\u00f4ng h\u00e0nh h\u1ee3p l\u1ec7;<\/p>\n<p style=\"text-align: justify;\">&#8211; K\u1ebft qu\u1ea3 ki\u1ec3m tra ngo\u1ea1i ng\u1eef (ti\u1ebfng Anh ho\u1eb7c ti\u1ebfng Ph\u00e1p);<\/p>\n<p style=\"text-align: justify;\">&#8211; B\u00e1o c\u00e1o \u0111\u00e1nh gi\u00e1 ch\u1ee9ng ch\u1ec9 gi\u00e1o d\u1ee5c<\/p>\n<p style=\"text-align: justify;\">&#8211; Th\u01b0 m\u1eddi l\u00e0m vi\u1ec7c t\u1eeb m\u1ed9t nh\u00e0 tuy\u1ec3n d\u1ee5ng \u1edf Canada (n\u1ebfu b\u1ea1n c\u00f3);<\/p>\n<p style=\"text-align: justify;\">&#8211; Gi\u1ea5y ch\u1ee9ng nh\u1eadn c\u1ee7a c\u01a1 quan c\u00f3 th\u1ea9m quy\u1ec1n \u0111\u1ec3 ch\u1ee9ng minh b\u1ea1n c\u00f3 l\u00fd l\u1ecbch t\u01b0 ph\u00e1p trong s\u1ea1ch;<\/p>\n<p style=\"text-align: justify;\">&#8211; Gi\u1ea5y kh\u00e1m s\u1ee9c kh\u1ecfe;<\/p>\n<p style=\"text-align: justify;\">&#8211; B\u1eb1ng ch\u1ee9ng r\u1eb1ng b\u1ea1n c\u00f3 \u0111\u1ee7 ti\u1ec1n \u0111\u1ec3 chi tr\u1ea3 cho th\u1eddi gian l\u01b0u tr\u00fa t\u1ea1i Canada n\u1ebfu b\u1ea1n \u0111\u01b0\u1ee3c m\u1eddi n\u1ed9p \u0111\u01a1n;<\/p>\n<p style=\"text-align: justify;\"><strong>G\u1eedi h\u1ed3 s\u01a1 c\u1ee7a b\u1ea1n<\/strong><\/p>\n<p style=\"text-align: justify;\">Ti\u1ebfp theo, b\u1ea1n ph\u1ea3i m\u1edf m\u1ed9t t\u00e0i kho\u1ea3n tr\u00ean trang web c\u1ee7a Ch\u00ednh ph\u1ee7 Canada v\u00e0 b\u1eaft \u0111\u1ea7u h\u1ed3 s\u01a1 FSWP c\u1ee7a m\u00ecnh.\u00a0Trong m\u1eabu h\u1ed3 s\u01a1, b\u1ea1n s\u1ebd ghi l\u1ea1i th\u00f4ng tin c\u00e1 nh\u00e2n c\u1ee7a m\u00ecnh v\u00e0 m\u1ecdi chi ti\u1ebft c\u00f3 th\u1ec3 gi\u00fap b\u1ea1n ki\u1ebfm \u0111\u01b0\u1ee3c \u0111i\u1ec3m.\u00a0B\u1ea1n c\u0169ng s\u1ebd g\u1eedi c\u00e1c t\u00e0i li\u1ec7u h\u1ed7 tr\u1ee3.<\/p>\n<p style=\"text-align: justify;\">B\u1ea1n c\u00f3 60 ng\u00e0y \u0111\u1ec3 g\u1eedi h\u1ed3 s\u01a1 c\u1ee7a m\u00ecnh k\u1ec3 t\u1eeb ng\u00e0y b\u1ea1n b\u1eaft \u0111\u1ea7u n\u1ebfu kh\u00f4ng b\u1ea1n s\u1ebd ph\u1ea3i b\u1eaft \u0111\u1ea7u l\u1ea1i.\u00a0Sau khi g\u1eedi h\u1ed3 s\u01a1 c\u1ee7a m\u00ecnh, b\u1ea1n ph\u1ea3i \u0111\u1ee3i th\u1eddi gian l\u1ef1a ch\u1ecdn.\u00a0Trong th\u1eddi gian ch\u1edd \u0111\u1ee3i, b\u1ea1n c\u00f3 th\u1ec3 g\u1eedi th\u00eam c\u00e1c t\u00e0i li\u1ec7u h\u1ed7 tr\u1ee3 ho\u1eb7c t\u00e0i li\u1ec7u gi\u00fap c\u1ea3i thi\u1ec7n \u0111i\u1ec3m s\u1ed1 c\u1ee7a m\u00ecnh nh\u01b0 b\u00e0i ki\u1ec3m tra tr\u00ecnh \u0111\u1ed9 ng\u00f4n ng\u1eef m\u1edbi ho\u1eb7c th\u01b0 m\u1eddi l\u00e0m vi\u1ec7c n\u1ebfu b\u1ea1n nh\u1eadn \u0111\u01b0\u1ee3c sau n\u00e0y.<\/p>\n<p style=\"text-align: justify;\"><strong>\u0110\u01b0\u1ee3c m\u1eddi n\u1ed9p \u0111\u01a1n<\/strong><\/p>\n<p style=\"text-align: justify;\">Ch\u00ednh ph\u1ee7 Canada sau \u0111\u00f3 s\u1ebd \u0111\u00e1nh gi\u00e1 t\u1ea5t c\u1ea3 c\u00e1c h\u1ed3 s\u01a1 \u0111\u01b0\u1ee3c g\u1eedi\u00a0d\u1ef1a tr\u00ean M\u00e1y t\u00ednh CRS\u00a0.\u00a0N\u1ebfu b\u1ea1n l\u00e0 m\u1ed9t trong nh\u1eefng ng\u01b0\u1eddi \u0111\u01b0\u1ee3c x\u1ebfp h\u1ea1ng cao nh\u1ea5t, b\u1ea1n s\u1ebd nh\u1eadn \u0111\u01b0\u1ee3c l\u1eddi m\u1eddi \u0111\u0103ng k\u00fd th\u01b0\u1eddng tr\u00fa.<\/p>\n<p style=\"text-align: justify;\">B\u1ea1n c\u00f3 th\u1ec3 ch\u1ea5p nh\u1eadn l\u1eddi m\u1eddi ho\u1eb7c c\u00f3 th\u1ec3 t\u1eeb ch\u1ed1i n\u1ebfu l\u1eddi m\u1eddi \u0111\u00f3 d\u00e0nh cho m\u1ed9t ch\u01b0\u01a1ng tr\u00ecnh kh\u00e1c v\u1edbi FSWP.\u00a0N\u1ebfu b\u1ea1n t\u1eeb ch\u1ed1i l\u1eddi m\u1eddi, b\u1ea1n ph\u1ea3i b\u1eaft \u0111\u1ea7u l\u1ea1i t\u1eeb \u0111\u1ea7u v\u1edbi m\u1ed9t h\u1ed3 s\u01a1 m\u1edbi.<\/p>\n<p style=\"text-align: justify;\"><strong>N\u1ed9p \u0111\u01a1n xin th\u01b0\u1eddng tr\u00fa<\/strong><\/p>\n<p style=\"text-align: justify;\">N\u1ebfu b\u1ea1n ch\u1ea5p nh\u1eadn l\u1eddi m\u1eddi th\u00ec Ch\u00ednh ph\u1ee7 Canada s\u1ebd g\u1eedi cho b\u1ea1n c\u00e1c m\u1eabu \u0111\u01a1n m\u00e0 b\u1ea1n ph\u1ea3i n\u1ed9p \u0111\u1ec3 \u0111\u0103ng k\u00fd th\u01b0\u1eddng tr\u00fa.\u00a0B\u1ea1n s\u1ebd ph\u1ea3i n\u1ed9p th\u00eam t\u00e0i li\u1ec7u h\u1ed7 tr\u1ee3 c\u0169ng nh\u01b0 tr\u1ea3 ph\u00ed.\u00a0C\u00e1c kho\u1ea3n ph\u00ed \u00e1p d\u1ee5ng cho FSWP nh\u01b0 sau:<\/p>\n<p style=\"text-align: justify;\">Sau khi b\u1ea1n g\u1eedi c\u00e1c bi\u1ec3u m\u1eabu, t\u00e0i li\u1ec7u v\u00e0 l\u1ec7 ph\u00ed, Ch\u00ednh ph\u1ee7 Canada s\u1ebd \u0111\u00e1nh gi\u00e1 b\u1ea1n v\u00e0 n\u1ebfu h\u1ecd ch\u1ea5p nh\u1eadn \u0111\u01a1n \u0111\u0103ng k\u00fd c\u1ee7a b\u1ea1n, b\u1ea1n c\u00f3 th\u1ec3 s\u1eafp x\u1ebfp vi\u1ec7c \u0111i l\u1ea1i v\u00e0 chuy\u1ec3n \u0111\u1ebfn Canada.\u00a0N\u1ebfu h\u1ecd t\u1eeb ch\u1ed1i, h\u1ecd s\u1ebd th\u00f4ng b\u00e1o l\u00fd do cho b\u1ea1n v\u00e0 b\u1ea1n c\u00f3 th\u1ec3 n\u1ed9p \u0111\u01a1n l\u1ea1i.<\/p>\n[\/vc_column_text][\/vc_column][\/vc_row]\n<\/div>","protected":false},"excerpt":{"rendered":"<p>[vc_row top_margin=&#8221;0&#8243; bottom_margin=&#8221;0&#8243; css=&#8221;.vc_custom_1499912039446{margin-top: -30px !important;}&#8221;][vc_column][\/vc_column][\/vc_row][vc_row][vc_column][vc_column_text css=&#8221;&#8221;] Ch\u01b0\u01a1ng\u00a0tr\u00ecnh Express Entry\u00a0l\u00e0 m\u1ed9t n\u1ec1n t\u1ea3ng \u0111\u01b0\u1ee3c Ch\u00ednh ph\u1ee7 Canada ph\u00e1t tri\u1ec3n nh\u1eb1m thu h\u00fat lao \u0111\u1ed9ng c\u00f3 tay ngh\u1ec1 cao nh\u1eadp c\u01b0 v\u00e0o Canada.\u00a0C\u00f3 nhi\u1ec1u lo\u1ea1i ch\u01b0\u01a1ng tr\u00ecnh kh\u00e1c nhau ho\u1ea1t \u0111\u1ed9ng trong Express Entry, ch\u1eb3ng h\u1ea1n nh\u01b0: &#8211; Ch\u01b0\u01a1ng tr\u00ecnh C\u00f4ng nh\u00e2n l\u00e0nh ngh\u1ec1 Li\u00ean bang [&hellip;]<\/p>\n","protected":false},"author":1,"featured_media":0,"parent":0,"menu_order":0,"comment_status":"closed","ping_status":"closed","template":"","meta":{"footnotes":""},"class_list":["post-6057","page","type-page","status-publish","hentry"],"_links":{"self":[{"href":"https:\/\/immico.vn\/vi\/wp-json\/wp\/v2\/pages\/6057","targetHints":{"allow":["GET"]}}],"collection":[{"href":"https:\/\/immico.vn\/vi\/wp-json\/wp\/v2\/pages"}],"about":[{"href":"https:\/\/immico.vn\/vi\/wp-json\/wp\/v2\/types\/page"}],"author":[{"embeddable":true,"href":"https:\/\/immico.vn\/vi\/wp-json\/wp\/v2\/users\/1"}],"replies":[{"embeddable":true,"href":"https:\/\/immico.vn\/vi\/wp-json\/wp\/v2\/comments?post=6057"}],"version-history":[{"count":5,"href":"https:\/\/immico.vn\/vi\/wp-json\/wp\/v2\/pages\/6057\/revisions"}],"predecessor-version":[{"id":10237,"href":"https:\/\/immico.vn\/vi\/wp-json\/wp\/v2\/pages\/6057\/revisions\/10237"}],"wp:attachment":[{"href":"https:\/\/immico.vn\/vi\/wp-json\/wp\/v2\/media?parent=6057"}],"curies":[{"name":"wp","href":"https:\/\/api.w.org\/{rel}","templated":true}]}}