{"id":6059,"date":"2017-07-19T04:36:08","date_gmt":"2017-07-19T04:36:08","guid":{"rendered":"https:\/\/colaw.vn\/establishment-of-representative-office\/"},"modified":"2025-05-19T06:24:24","modified_gmt":"2025-05-19T06:24:24","slug":"dinh-cu-chuong-trinh-de-cu-cap-tinh","status":"publish","type":"page","link":"https:\/\/immico.vn\/vi\/dinh-cu-chuong-trinh-de-cu-cap-tinh\/","title":{"rendered":"\u0110\u1ecbnh C\u01b0 Ch\u01b0\u01a1ng Tr\u00ecnh \u0110\u1ec1 C\u1eed C\u1ea5p T\u1ec9nh"},"content":{"rendered":"<div class=\"wpb-content-wrapper\">[vc_row top_margin=&#8221;0&#8243; bottom_margin=&#8221;0&#8243; css=&#8221;.vc_custom_1499912039446{margin-top: -30px !important;}&#8221;][vc_column]<div class=\"shortcode-wrapper shortcode-title clearfix hb-animate-element hb-fade-in\"><p style=\"color:#9a4c3c!important;border-color:#9a4c3c\" class=\"hb-text-large aligncenter\">\u0110\u1ecbnh C\u01b0 Ch\u01b0\u01a1ng Tr\u00ecnh \u0110\u1ec1 C\u1eed C\u1ea5p T\u1ec9nh<\/p><\/div>[\/vc_column][\/vc_row][vc_row][vc_column][vc_column_text css=&#8221;&#8221;]\n<p style=\"text-align: justify;\">Th\u00f4ng qua Ch\u01b0\u01a1ng tr\u00ecnh \u0110\u1ec1 c\u1eed T\u1ec9nh bang (PNP), c\u00e1c v\u00f9ng l\u00e3nh th\u1ed5 v\u00e0 t\u1ec9nh bang c\u1ee7a Canada c\u00f3 th\u1ec3 \u0111\u1ec1 c\u1eed nh\u1eefng ng\u01b0\u1eddi nh\u1eadp c\u01b0 mu\u1ed1n chuy\u1ec3n \u0111\u1ebfn m\u1ed9t t\u1ec9nh c\u1ee5 th\u1ec3.<\/p>\n<p style=\"text-align: justify;\">\u0110i\u1ec1u n\u00e0y c\u00f3 ngh\u0129a l\u00e0 nh\u1eefng ng\u01b0\u1eddi n\u1ed9p \u0111\u01a1n mu\u1ed1n c\u00f3 \u0111\u01b0\u1ee3c th\u01b0\u1eddng tr\u00fa t\u1ea1i Canada c\u00f3 th\u1ec3 nh\u1eadn \u0111\u01b0\u1ee3c s\u1ef1 \u0111\u1ec1 c\u1eed c\u1ee7a t\u1ec9nh m\u00e0 h\u1ecd mu\u1ed1n chuy\u1ec3n \u0111\u1ebfn.\u00a0\u0110\u1ec1 c\u1eed n\u00e0y gi\u00fap \u00edch r\u1ea5t nhi\u1ec1u trong vi\u1ec7c gi\u00fap b\u1ea1n \u0111\u01b0\u1ee3c m\u1eddi n\u1ed9p \u0111\u01a1n xin th\u01b0\u1eddng tr\u00fa t\u1ea1i Canada.<\/p>\n<p style=\"text-align: justify;\">M\u1ed7i t\u1ec9nh c\u1ee7a Canada (kh\u00f4ng bao g\u1ed3m Nunavut v\u00e0 Quebec) \u0111\u1ec1u c\u00f3 Ch\u01b0\u01a1ng tr\u00ecnh \u0111\u1ec1 c\u1eed c\u1ea5p t\u1ec9nh ri\u00eang.<\/p>\n<p style=\"text-align: justify;\">H\u1ecd c\u0169ng c\u00f3 c\u00e1c ch\u01b0\u01a1ng tr\u00ecnh nh\u1eadp c\u01b0 c\u1ee7a ri\u00eang m\u00ecnh, nh\u1eafm \u0111\u1ebfn m\u1ed9t s\u1ed1 nh\u00f3m ng\u01b0\u1eddi nh\u1ea5t \u0111\u1ecbnh, nh\u01b0 sinh vi\u00ean, c\u00f4ng nh\u00e2n, doanh nh\u00e2n, v.v. PNP c\u1ee7a m\u1ed7i t\u1ec9nh c\u00f3 \u00edt nh\u1ea5t m\u1ed9t d\u00f2ng \u0111\u01b0\u1ee3c k\u1ebft n\u1ed1i v\u1edbi h\u1ec7 th\u1ed1ng tuy\u1ec3n ch\u1ecdn nh\u1eadp c\u01b0 c\u1ee7a Canada, Express Entry.<\/p>\n<p style=\"text-align: justify;\">Vi\u1ec7c nh\u1eadn \u0111\u01b0\u1ee3c \u0111\u1ec1 c\u1eed t\u1eeb m\u1ed9t v\u00f9ng l\u00e3nh th\u1ed5 s\u1ebd t\u0103ng s\u1ed1 \u0111i\u1ec3m Express Entry c\u1ee7a b\u1ea1n l\u00ean 600, mang l\u1ea1i cho b\u1ea1n l\u1eddi m\u1eddi g\u1ea7n nh\u01b0 t\u1ef1 \u0111\u1ed9ng \u0111\u1ec3 n\u1ed9p \u0111\u01a1n xin th\u1ecb th\u1ef1c th\u01b0\u1eddng tr\u00fa Canada.<\/p>\n<p style=\"text-align: justify;\">Xem b\u00ean d\u01b0\u1edbi \u0111\u1ec3 t\u00ecm hi\u1ec3u th\u00eam v\u1ec1 c\u00e1ch th\u1ee9c ho\u1ea1t \u0111\u1ed9ng c\u1ee7a Ch\u01b0\u01a1ng tr\u00ecnh \u0110\u1ec1 c\u1eed T\u1ec9nh bang c\u1ee7a Canada, \u0111i\u1ec1u g\u00ec khi\u1ebfn m\u1ed9t ng\u01b0\u1eddi \u0111\u1ee7 \u0111i\u1ec1u ki\u1ec7n tham gia ch\u01b0\u01a1ng tr\u00ecnh n\u00e0y v\u00e0 c\u00e1ch b\u1ea1n c\u00f3 th\u1ec3 \u0111\u0103ng k\u00fd.<\/p>\n<h3 style=\"text-align: justify;\">1. Ch\u01b0\u01a1ng tr\u00ecnh \u0111\u1ec1 c\u1eed c\u1ea5p t\u1ec9nh ho\u1ea1t \u0111\u1ed9ng nh\u01b0 th\u1ebf n\u00e0o?<\/h3>\n<p style=\"text-align: justify;\">V\u00ec v\u1eady, b\u1ea1n mu\u1ed1n s\u1ed1ng \u1edf m\u1ed9t trong c\u00e1c t\u1ec9nh c\u1ee7a Canada.\u00a0B\u1ea1n s\u1ebd c\u1ea7n c\u00f3\u00a0th\u1ecb th\u1ef1c th\u01b0\u1eddng tr\u00fa Canada\u00a0\u0111\u1ec3 l\u00e0m \u0111i\u1ec1u \u0111\u00f3.\u00a0\u0110\u1ec3 t\u0103ng c\u01a1 h\u1ed9i nh\u1eadn \u0111\u01b0\u1ee3c th\u1ecb th\u1ef1c th\u01b0\u1eddng tr\u00fa t\u1ea1i Canada, b\u1ea1n c\u00f3 th\u1ec3 n\u1ed9p \u0111\u01a1n v\u00e0o t\u1ec9nh m\u00e0 b\u1ea1n mu\u1ed1n sinh s\u1ed1ng \u0111\u1ec3 \u0111\u01b0\u1ee3c \u0111\u1ec1 c\u1eed.<\/p>\n<p style=\"text-align: justify;\">B\u1ea1n c\u00f3 th\u1ec3 l\u00e0m \u0111i\u1ec1u n\u00e0y th\u00f4ng qua Ch\u01b0\u01a1ng tr\u00ecnh \u0111\u1ec1 c\u1eed c\u1ea5p t\u1ec9nh.<\/p>\n<p style=\"text-align: justify;\">C\u00e1c t\u1ec9nh c\u1ee7a Canada cung c\u1ea5p PNP l\u00e0:<\/p>\n<ul style=\"text-align: justify;\">\n<li style=\"list-style-type: none;\">\n<ul>\n<li>Alberta<\/li>\n<li>British Columbia<\/li>\n<li>Manitoba<\/li>\n<li>New Brunswick<\/li>\n<li>Newfoundland v\u00e0 Labrador<\/li>\n<li>V\u00f9ng l\u00e3nh th\u1ed5 T\u00e2y B\u1eafc<\/li>\n<li>Nova Scotia<\/li>\n<li>Ontario<\/li>\n<li>\u0110\u1ea3o Prince Edward<\/li>\n<li>Saskatchewan<\/li>\n<li>Yukon<\/li>\n<\/ul>\n<\/li>\n<\/ul>\n<p style=\"text-align: justify;\">N\u1ebfu t\u1ec9nh m\u00e0 b\u1ea1n mu\u1ed1n sinh s\u1ed1ng \u0111\u1ec1 c\u1eed cho b\u1ea1n, B\u1ed9 Di tr\u00fa, Ng\u01b0\u1eddi t\u1ecb n\u1ea1n v\u00e0 Qu\u1ed1c t\u1ecbch Canada (IRCC) s\u1ebd g\u1eedi cho b\u1ea1n L\u1eddi m\u1eddi \u0110\u0103ng k\u00fd (ITA) \u0111\u1ec3 xin c\u01b0 tr\u00fa.<\/p>\n<p style=\"text-align: justify;\">Ch\u01b0\u01a1ng tr\u00ecnh PNP d\u00e0nh cho nh\u1eefng ng\u01b0\u1eddi:<\/p>\n<ul style=\"text-align: justify;\">\n<li style=\"list-style-type: none;\">\n<ul>\n<li>Mu\u1ed1n c\u00f3 th\u1ecb th\u1ef1c th\u01b0\u1eddng tr\u00fa t\u1ea1i Canada<\/li>\n<li>Mu\u1ed1n s\u1ed1ng \u1edf m\u1ed9t t\u1ec9nh c\u1ee5 th\u1ec3<\/li>\n<li>C\u00f3 k\u1ef9 n\u0103ng, tr\u00ecnh \u0111\u1ed9 h\u1ecdc v\u1ea5n v\u00e0 kinh nghi\u1ec7m l\u00e0m vi\u1ec7c \u0111\u1ec3 \u0111\u00f3ng g\u00f3p cho n\u1ec1n kinh t\u1ebf c\u1ee7a t\u1ec9nh \u0111\u00f3<\/li>\n<\/ul>\n<\/li>\n<\/ul>\n<h3 style=\"text-align: justify;\">2. L\u00e0m th\u1ebf n\u00e0o \u0111\u1ec3 \u0111\u0103ng k\u00fd Ch\u01b0\u01a1ng tr\u00ecnh \u0110\u1ec1 c\u1eed T\u1ec9nh bang?<\/h3>\n<p style=\"text-align: justify;\">Nh\u1eefng c\u00e1ch b\u1ea1n c\u00f3 th\u1ec3 \u0111\u0103ng k\u00fd Ch\u01b0\u01a1ng tr\u00ecnh \u0110\u1ec1 c\u1eed c\u1ea5p T\u1ec9nh t\u00f9y thu\u1ed9c v\u00e0o t\u1ec9nh b\u1ea1n \u0111\u0103ng k\u00fd.<\/p>\n<p style=\"text-align: justify;\">B\u1ea1n s\u1ebd ph\u1ea3i truy c\u1eadp trang web ch\u00ednh th\u1ee9c c\u1ee7a t\u1ec9nh m\u00e0 b\u1ea1n quan t\u00e2m v\u00e0 xem y\u00eau c\u1ea7u v\u1ec1 \u0111\u01a1n \u0111\u0103ng k\u00fd v\u00e0 t\u00ednh \u0111\u1ee7 \u0111i\u1ec1u ki\u1ec7n l\u00e0 g\u00ec.\u00a0B\u1ea1n c\u00f3 th\u1ec3 t\u00ecm th\u1ea5y danh s\u00e1ch t\u1ea5t c\u1ea3 c\u00e1c T\u1ec9nh c\u1ee7a Canada v\u00e0 li\u00ean k\u1ebft t\u1edbi c\u00e1c \u0111\u1ecba ch\u1ec9 li\u00ean h\u1ec7 c\u1ee7a h\u1ecd tr\u00ean\u00a0trang web \u0111\u1ee7 \u0111i\u1ec1u ki\u1ec7n PNP c\u1ee7a IRCC.<\/p>\n<p style=\"text-align: justify;\">\u1ede m\u1ed9t s\u1ed1 t\u1ec9nh, b\u1ea1n c\u00f3 th\u1ec3 \u0111\u0103ng k\u00fd th\u00f4ng qua H\u1ec7 th\u1ed1ng Express Entry.\u00a0\u1ede nh\u1eefng n\u01a1i kh\u00e1c, b\u1ea1n s\u1ebd c\u1ea7n ph\u1ea3i n\u1ed9p \u0111\u01a1n tr\u1ef1c ti\u1ebfp l\u00ean t\u1ec9nh v\u00e0 xem li\u1ec7u h\u1ecd c\u00f3 \u0111\u1ec1 c\u1eed cho b\u1ea1n hay kh\u00f4ng.<\/p>\n<p style=\"text-align: justify;\"><strong>\u0110\u0103ng k\u00fd th\u00f4ng qua H\u1ec7 th\u1ed1ng Express Entry<\/strong><\/p>\n<p style=\"text-align: justify;\">C\u00f3 hai c\u00e1ch \u0111\u1ec3 b\u1ea1n c\u00f3 th\u1ec3 \u0111\u0103ng k\u00fd PNP th\u00f4ng qua Express Entry:<\/p>\n<p style=\"text-align: justify;\"><em>Li\u00ean h\u1ec7 v\u1edbi t\u1ec9nh\/l\u00e3nh th\u1ed5 b\u1ea1n mu\u1ed1n \u0111\u0103ng k\u00fd<\/em><\/p>\n<p style=\"text-align: justify;\">B\u1ea1n n\u1ed9p \u0111\u01a1n xin \u0111\u1ec1 c\u1eed t\u1eeb m\u1ed9t t\u1ec9nh c\u1ee5 th\u1ec3 theo m\u1ed9t trong c\u00e1c lu\u1ed3ng Express Entry c\u1ee7a h\u1ecd.<\/p>\n<p style=\"text-align: justify;\">N\u1ebfu h\u1ecd \u0111\u1ec1 c\u1eed b\u1ea1n, b\u1ea1n c\u00f3 th\u1ec3 c\u1eadp nh\u1eadt h\u1ed3 s\u01a1 Express Entry c\u1ee7a m\u00ecnh v\u00e0 ch\u1ee9ng minh r\u1eb1ng b\u1ea1n \u0111\u00e3 \u0111\u01b0\u1ee3c \u0111\u1ec1 c\u1eed.\u00a0N\u1ebfu b\u1ea1n ch\u01b0a c\u00f3 t\u00e0i kho\u1ea3n Express Entry,\u00a0b\u1ea1n s\u1ebd ph\u1ea3i t\u1ea1o m\u1ed9t t\u00e0i kho\u1ea3n.<\/p>\n<p style=\"text-align: justify;\">B\u1ea1n s\u1ebd nh\u1eadn \u0111\u01b0\u1ee3c \u0111\u1ec1 c\u1eed th\u00f4ng qua t\u00e0i kho\u1ea3n c\u1ee7a m\u00ecnh v\u00e0 b\u1ea1n s\u1ebd ph\u1ea3i ch\u1ea5p nh\u1eadn n\u00f3 b\u1eb1ng \u0111i\u1ec7n t\u1eed.<\/p>\n<p style=\"text-align: justify;\">Th\u1ec3 hi\u1ec7n s\u1ef1 quan t\u00e2m \u0111\u1ebfn c\u00e1c t\u1ec9nh\/v\u00f9ng l\u00e3nh th\u1ed5 c\u1ee5 th\u1ec3 th\u00f4ng qua Express Entry<\/p>\n<p style=\"text-align: justify;\">Khi b\u1ea1n t\u1ea1o h\u1ed3 s\u01a1 Express Entry, b\u1ea1n c\u00f3 th\u1ec3 th\u1ec3 hi\u1ec7n s\u1ef1 quan t\u00e2m \u0111\u1ebfn m\u1ed9t s\u1ed1 t\u1ec9nh\/v\u00f9ng l\u00e3nh th\u1ed5 nh\u1ea5t \u0111\u1ecbnh.<\/p>\n<p style=\"text-align: justify;\">M\u1ed9t trong nh\u1eefng t\u1ec9nh m\u00e0 b\u1ea1n quan t\u00e2m s\u1ebd g\u1eedi cho b\u1ea1n \u201cth\u00f4ng b\u00e1o quan t\u00e2m\u201d n\u1ebfu h\u1ecd mu\u1ed1n \u0111\u1ec1 c\u1eed b\u1ea1n.\u00a0N\u1ebfu h\u1ecd l\u00e0m nh\u01b0 v\u1eady, b\u1ea1n ph\u1ea3i li\u00ean h\u1ec7 tr\u1ef1c ti\u1ebfp v\u1edbi h\u1ecd.<\/p>\n<p style=\"text-align: justify;\">Sau \u0111\u00f3, b\u1ea1n ph\u1ea3i \u0111\u0103ng k\u00fd v\u00e0o lu\u1ed3ng Express Entry c\u1ee7a h\u1ecd.<\/p>\n<p style=\"text-align: justify;\">N\u1ebfu h\u1ecd ch\u1ecdn b\u1ea1n \u0111\u1ec3 \u0111\u1ec1 c\u1eed, h\u1ecd s\u1ebd g\u1eedi \u0111\u1ec1 c\u1eed cho b\u1ea1n qua t\u00e0i kho\u1ea3n c\u1ee7a b\u1ea1n v\u00e0 b\u1ea1n s\u1ebd ph\u1ea3i ch\u1ea5p nh\u1eadn \u0111\u1ec1 c\u1eed b\u1eb1ng \u0111i\u1ec7n t\u1eed.<\/p>\n<p style=\"text-align: justify;\">N\u1ebfu b\u1ea1n \u0111\u01b0\u1ee3c \u0111\u1ec1 c\u1eed (b\u1eb1ng m\u1ed9t trong hai ph\u01b0\u01a1ng ph\u00e1p n\u00eau tr\u00ean), b\u1ea1n s\u1ebd nh\u1eadn \u0111\u01b0\u1ee3c 600 \u0111i\u1ec3m CRS (\u0110i\u1ec3m x\u1ebfp h\u1ea1ng to\u00e0n di\u1ec7n) cho h\u1ed3 s\u01a1 Express Entry c\u1ee7a m\u00ecnh.\u00a0V\u00ec Express Entry x\u1ebfp h\u1ea1ng nh\u1eefng ng\u01b0\u1eddi nh\u1eadp c\u01b0 ti\u1ec1m n\u0103ng theo s\u1ed1 \u0111i\u1ec3m CRS m\u00e0 h\u1ecd c\u00f3, n\u00ean 600 \u0111i\u1ec3m s\u1ebd khi\u1ebfn b\u1ea1n \u0111\u01b0\u1ee3c ch\u00fa \u00fd.\u00a0N\u00f3 s\u1ebd t\u0103ng c\u01a1 h\u1ed9i \u0111\u01b0\u1ee3c IRCC m\u1eddi \u0111\u0103ng k\u00fd th\u01b0\u1eddng tr\u00fa.<\/p>\n<p style=\"text-align: justify;\">N\u1ebfu IRCC m\u1eddi b\u1ea1n \u0111\u0103ng k\u00fd, h\u1ecd s\u1ebd li\u00ean h\u1ec7 v\u1edbi b\u1ea1n qua t\u00e0i kho\u1ea3n c\u1ee7a b\u1ea1n.\u00a0Sau \u0111\u00f3, b\u1ea1n ph\u1ea3i n\u1ed9p \u0111\u01a1n xin th\u01b0\u1eddng tr\u00fa tr\u1ef1c tuy\u1ebfn.<\/p>\n<p style=\"text-align: justify;\">L\u1eddi m\u1eddi Express Entry \u0111\u1ec3 \u0111\u0103ng k\u00fd th\u01b0\u1eddng tr\u00fa ch\u1ec9 c\u00f3 hi\u1ec7u l\u1ef1c trong 60 ng\u00e0y.\u00a0B\u1ea1n s\u1ebd ph\u1ea3i n\u1ed9p \u0111\u01a1n trong khung th\u1eddi gian \u0111\u00f3.<\/p>\n<p style=\"text-align: justify;\"><strong>N\u1ed9p h\u1ed3 s\u01a1 tr\u1ef1c ti\u1ebfp t\u1ec9nh<\/strong><\/p>\n<p style=\"text-align: justify;\">N\u1ebfu b\u1ea1n mu\u1ed1n n\u1ed9p \u0111\u01a1n tr\u1ef1c ti\u1ebfp v\u00e0o Ch\u01b0\u01a1ng tr\u00ecnh \u0110\u1ec1 c\u1eed T\u1ec9nh bang c\u1ee7a m\u1ed9t t\u1ec9nh c\u1ee5 th\u1ec3, b\u1ea1n s\u1ebd ph\u1ea3i l\u00e0m quen v\u1edbi c\u00e1c y\u00eau c\u1ea7u v\u1ec1 t\u00ednh \u0111\u1ee7 \u0111i\u1ec1u ki\u1ec7n v\u00e0 \u0111\u01a1n \u0111\u0103ng k\u00fd c\u1ee7a t\u1ec9nh \u0111\u00f3.\u00a0B\u1ea1n c\u00f3 th\u1ec3 l\u00e0m \u0111i\u1ec1u n\u00e0y b\u1eb1ng c\u00e1ch truy c\u1eadp trang web c\u1ee7a h\u1ecd.<\/p>\n<p style=\"text-align: justify;\">\u0110\u1ed1i v\u1edbi Ch\u01b0\u01a1ng tr\u00ecnh \u0111\u1ec1 c\u1eed c\u1ea5p t\u1ec9nh tr\u1ef1c ti\u1ebfp, quy tr\u00ecnh nh\u01b0 sau:<\/p>\n<ul style=\"text-align: justify;\">\n<li style=\"list-style-type: none;\">\n<ul>\n<li>\u00c1p d\u1ee5ng cho PNP c\u1ee7a t\u1ec9nh mong mu\u1ed1n.<\/li>\n<li>\u0110\u00e1p \u1ee9ng t\u1ea5t c\u1ea3 c\u00e1c y\u00eau c\u1ea7u \u0111\u1ee7 \u0111i\u1ec1u ki\u1ec7n c\u1ee7a h\u1ecd.<\/li>\n<li>B\u1ea1n s\u1ebd \u0111\u01b0\u1ee3c \u0111\u00e1nh gi\u00e1 d\u1ef1a tr\u00ean h\u1ec7 th\u1ed1ng\/ti\u00eau ch\u00ed t\u00ednh \u0111i\u1ec3m c\u1ee7a t\u1ec9nh c\u1ee5 th\u1ec3 \u0111\u00f3.<\/li>\n<li>N\u1ebfu b\u1ea1n nh\u1eadn \u0111\u01b0\u1ee3c \u0111\u1ec1 c\u1eed, h\u1ecd s\u1ebd g\u1eedi cho b\u1ea1n th\u01b0 \u0111\u1ec1 c\u1eed.<\/li>\n<li>B\u1ea1n ph\u1ea3i n\u1ed9p \u0111\u01a1n xin gi\u1ea5y th\u01b0\u1eddng tr\u00fa cho IRCC.<\/li>\n<\/ul>\n<\/li>\n<\/ul>\n<p style=\"text-align: justify;\">H\u00e3y nh\u1edb r\u1eb1ng qu\u00e1 tr\u00ecnh n\u00e0y m\u1ea5t nhi\u1ec1u th\u1eddi gian h\u01a1n qu\u00e1 tr\u00ecnh Express Entry.<\/p>\n<p style=\"text-align: justify;\"><strong>Sau khi b\u1ea1n nh\u1eadn \u0111\u01b0\u1ee3c \u0111\u1ec1 c\u1eed c\u1ee7a m\u00ecnh<\/strong><\/p>\n<p style=\"text-align: justify;\">Khi b\u1ea1n \u0111\u00e3 nh\u1eadn \u0111\u01b0\u1ee3c \u0111\u1ec1 c\u1eed th\u00f4ng qua PRP, b\u1ea1n c\u00f3 th\u1ec3 g\u1eedi \u0111\u01a1n \u0111\u0103ng k\u00fd th\u01b0\u1eddng tr\u00fa c\u1ee7a m\u00ecnh.<\/p>\n<h3 style=\"text-align: justify;\">3. Y\u00eau c\u1ea7u \u0111\u1ed1i v\u1edbi Ch\u01b0\u01a1ng tr\u00ecnh \u0111\u1ec1 c\u1eed c\u1ea5p t\u1ec9nh<\/h3>\n<p style=\"text-align: justify;\">C\u00e1c t\u00e0i li\u1ec7u sau \u0111\u00e2y \u0111\u01b0\u1ee3c y\u00eau c\u1ea7u \u0111\u1ec3 \u0111\u0103ng k\u00fd theo PNP Canada:<\/p>\n<ul style=\"text-align: justify;\">\n<li style=\"list-style-type: none;\">\n<ul>\n<li>B\u1ea3n sao gi\u1ea5y th\u00f4ng h\u00e0nh v\u00e0 h\u1ed9 chi\u1ebfu.<\/li>\n<li>Ch\u1ee9ng ch\u1ec9 tuy\u1ec3n ch\u1ecdn du Qu\u00e9bec (CSQ).<\/li>\n<li>X\u00e1c nh\u1eadn \u0111\u1ec1 c\u1eed t\u1eeb t\u1ec9nh c\u1ee7a b\u1ea1n.<\/li>\n<li>B\u1eb1ng ch\u1ee9ng v\u1ec1 tr\u00ecnh \u0111\u1ed9 ng\u00f4n ng\u1eef.<\/li>\n<li>Gi\u1ea5y khai sinh.<\/li>\n<li>Gi\u1ea5y \u0111\u0103ng k\u00fd k\u1ebft h\u00f4n\/ly h\u00f4n ho\u1eb7c gi\u1ea5y ch\u1ee9ng nh\u1eadn h\u1ee7y h\u00f4n (n\u1ebfu \u0111\u00e3 k\u1ebft h\u00f4n nhi\u1ec1u l\u1ea7n, h\u00e3y cung c\u1ea5p gi\u1ea5y t\u1edd cho m\u1ed7i l\u1ea7n) (<strong>N\u1ebfu c\u00f3<\/strong><strong>)<\/strong><\/li>\n<li>Gi\u1ea5y ch\u1ee9ng t\u1eed c\u1ee7a v\u1ee3\/ch\u1ed3ng c\u0169\/b\u1ea1n \u0111\u1eddi chung. (<strong>N\u1ebfu c\u00f3<\/strong><strong>)<\/strong><\/li>\n<li><strong>N\u1ebfu b\u1ea1n c\u00f3 m\u1ed9t ng\u01b0\u1eddi b\u1ea1n \u0111\u1eddi chung s\u1ed1ng:<\/strong>Tuy\u00ean b\u1ed1 theo lu\u1eadt \u0111\u1ecbnh c\u1ee7a Li\u00ean minh Lu\u1eadt chung (IMM 5409 \u2013 b\u1ea3n g\u1ed1c) v\u00e0 b\u1eb1ng ch\u1ee9ng b\u1ea1n \u0111\u00e3 s\u1ed1ng c\u00f9ng nhau t\u1ed1i thi\u1ec3u 12 th\u00e1ng (h\u1ee3p \u0111\u1ed3ng thu\u00ea c\u0103n h\u1ed9 chung, h\u00f3a \u0111\u01a1n chung, \u0111\u1ecba ch\u1ec9 chung tr\u00ean t\u00e0i li\u1ec7u.)<\/li>\n<li>Th\u00f4ng tin v\u1ec1 con c\u1ee7a b\u1ea1n, ch\u1eb3ng h\u1ea1n nh\u01b0 gi\u1ea5y khai sinh, gi\u1ea5y nh\u1eadn con nu\u00f4i ho\u1eb7c b\u1eb1ng ch\u1ee9ng v\u1ec1 quy\u1ec1n nu\u00f4i con (<strong>N\u1ebfu c\u00f3<\/strong><strong>)<\/strong><\/li>\n<li>Ch\u1ee9ng minh nh\u00e2n d\u00e2n ho\u1eb7c s\u1ed5 \u0111\u0103ng k\u00fd\/s\u1ed5 h\u1ed9 gia \u0111\u00ecnh ho\u1eb7c h\u1ed9 gia \u0111\u00ecnh (<strong>N\u1ebfu c\u00f3<\/strong><strong>)<\/strong><\/li>\n<li>Gi\u1ea5y ch\u1ee9ng nh\u1eadn v\u00e0 gi\u1ea5y ph\u00e9p c\u1ee7a c\u1ea3nh s\u00e1t.\u00a0H\u1ecd ph\u1ea3i \u0111\u1ebfn t\u1eeb m\u1ecdi qu\u1ed1c gia\/l\u00e3nh th\u1ed5 m\u00e0 b\u1ea1n \u0111\u00e3 s\u1ed1ng t\u1eeb s\u00e1u th\u00e1ng tr\u1edf l\u00ean.<\/li>\n<li>\u1ea2nh ch\u1ee5p theo y\u00eau c\u1ea7u v\u1ec1 \u1ea3nh c\u1ee7a Canada.<\/li>\n<li>Bi\u00ean lai ph\u00ed PNP\u00a0.<\/li>\n<\/ul>\n<\/li>\n<\/ul>\n<p style=\"text-align: justify;\"><strong>M\u1eabu \u0111\u01a1n \u0111\u0103ng k\u00fd Ch\u01b0\u01a1ng tr\u00ecnh \u0111\u1ec1 c\u1eed c\u1ea5p t\u1ec9nh<\/strong><\/p>\n<ul style=\"text-align: justify;\">\n<li style=\"list-style-type: none;\">\n<ul>\n<li>M\u1eabu \u0111\u01a1n \u0111\u0103ng k\u00fd chung \u0111\u1ebfn Canada (IMM 0008)<\/li>\n<li>Ph\u1ee5 l\u1ee5c A \u2013 B\u1ed1i c\u1ea3nh\/Tuy\u00ean b\u1ed1 [IMM 5669]<\/li>\n<li>Th\u00f4ng tin b\u1ed5 sung v\u1ec1 gia \u0111\u00ecnh [IMM 5406]<\/li>\n<li>M\u1ee5c 4: C\u00e1c t\u1ea7ng l\u1edbp kinh t\u1ebf: \u0110\u1ec1 c\u1eed c\u1ea5p t\u1ec9nh [IMM 0008 L\u1ecaCH 4]<\/li>\n<li><strong>N\u1ebfu c\u00f3 th\u1ec3:<\/strong>Ph\u1ee5 l\u1ee5c 4A: C\u00e1c t\u1ea7ng l\u1edbp kinh t\u1ebf: Ng\u01b0\u1eddi \u0111\u01b0\u1ee3c \u0111\u1ec1 c\u1eed c\u1ea5p t\u1ec9nh \u2013 Ng\u01b0\u1eddi \u0111\u01b0\u1ee3c \u0111\u1ec1 c\u1eed kinh doanh [IMM 0008 SCHDULE 4A]<\/li>\n<li>Th\u00f4ng tin b\u1ed5 sung &#8211; Chuy\u1ebfn \u0111i c\u1ee7a b\u1ea1n [IMM 5562]<\/li>\n<li>Tuy\u00ean b\u1ed1 ly th\u00e2n \u0111\u1ed1i v\u1edbi tr\u1ebb v\u1ecb th\u00e0nh ni\u00ean \u0111i du l\u1ecbch \u0111\u1ebfn Canada [IMM 5604]<\/li>\n<li>Tuy\u00ean b\u1ed1 theo lu\u1eadt \u0111\u1ecbnh c\u1ee7a Li\u00ean minh lu\u1eadt chung [IMM 5409]<\/li>\n<\/ul>\n<\/li>\n<\/ul>\n<p style=\"text-align: justify;\">S\u1eed d\u1ee5ng Ng\u01b0\u1eddi \u0111\u1ea1i di\u1ec7n [IMM 5476]\n[\/vc_column_text][\/vc_column][\/vc_row]\n<\/div>","protected":false},"excerpt":{"rendered":"<p>[vc_row top_margin=&#8221;0&#8243; bottom_margin=&#8221;0&#8243; css=&#8221;.vc_custom_1499912039446{margin-top: -30px !important;}&#8221;][vc_column][\/vc_column][\/vc_row][vc_row][vc_column][vc_column_text css=&#8221;&#8221;] Th\u00f4ng qua Ch\u01b0\u01a1ng tr\u00ecnh \u0110\u1ec1 c\u1eed T\u1ec9nh bang (PNP), c\u00e1c v\u00f9ng l\u00e3nh th\u1ed5 v\u00e0 t\u1ec9nh bang c\u1ee7a Canada c\u00f3 th\u1ec3 \u0111\u1ec1 c\u1eed nh\u1eefng ng\u01b0\u1eddi nh\u1eadp c\u01b0 mu\u1ed1n chuy\u1ec3n \u0111\u1ebfn m\u1ed9t t\u1ec9nh c\u1ee5 th\u1ec3. \u0110i\u1ec1u n\u00e0y c\u00f3 ngh\u0129a l\u00e0 nh\u1eefng ng\u01b0\u1eddi n\u1ed9p \u0111\u01a1n mu\u1ed1n c\u00f3 \u0111\u01b0\u1ee3c th\u01b0\u1eddng tr\u00fa t\u1ea1i [&hellip;]<\/p>\n","protected":false},"author":1,"featured_media":0,"parent":0,"menu_order":0,"comment_status":"closed","ping_status":"closed","template":"","meta":{"footnotes":""},"class_list":["post-6059","page","type-page","status-publish","hentry"],"_links":{"self":[{"href":"https:\/\/immico.vn\/vi\/wp-json\/wp\/v2\/pages\/6059","targetHints":{"allow":["GET"]}}],"collection":[{"href":"https:\/\/immico.vn\/vi\/wp-json\/wp\/v2\/pages"}],"about":[{"href":"https:\/\/immico.vn\/vi\/wp-json\/wp\/v2\/types\/page"}],"author":[{"embeddable":true,"href":"https:\/\/immico.vn\/vi\/wp-json\/wp\/v2\/users\/1"}],"replies":[{"embeddable":true,"href":"https:\/\/immico.vn\/vi\/wp-json\/wp\/v2\/comments?post=6059"}],"version-history":[{"count":6,"href":"https:\/\/immico.vn\/vi\/wp-json\/wp\/v2\/pages\/6059\/revisions"}],"predecessor-version":[{"id":10240,"href":"https:\/\/immico.vn\/vi\/wp-json\/wp\/v2\/pages\/6059\/revisions\/10240"}],"wp:attachment":[{"href":"https:\/\/immico.vn\/vi\/wp-json\/wp\/v2\/media?parent=6059"}],"curies":[{"name":"wp","href":"https:\/\/api.w.org\/{rel}","templated":true}]}}