{"id":6061,"date":"2017-07-19T04:37:29","date_gmt":"2017-07-19T04:37:29","guid":{"rendered":"https:\/\/colaw.vn\/establishment-of-foreign-investment-company\/"},"modified":"2025-05-19T07:08:24","modified_gmt":"2025-05-19T07:08:24","slug":"dinh-cu-chuong-trinh-express-entry","status":"publish","type":"page","link":"https:\/\/immico.vn\/vi\/dinh-cu-chuong-trinh-express-entry\/","title":{"rendered":"\u0110\u1ecbnh C\u01b0 Ch\u01b0\u01a1ng Tr\u00ecnh Express Entry"},"content":{"rendered":"<div class=\"wpb-content-wrapper\">[vc_row top_margin=&#8221;0&#8243; bottom_margin=&#8221;0&#8243; css=&#8221;.vc_custom_1499912039446{margin-top: -30px !important;}&#8221;][vc_column]<div class=\"shortcode-wrapper shortcode-title clearfix hb-animate-element hb-fade-in\"><p style=\"color:#9a4c3c!important;border-color:#9a4c3c\" class=\"hb-text-large aligncenter\">\u0110\u1ecbnh C\u01b0 Ch\u01b0\u01a1ng Tr\u00ecnh Express Entry<\/p><\/div>[\/vc_column][\/vc_row][vc_row][vc_column][vc_column_text css=&#8221;&#8221;]\n<p style=\"text-align: justify;\">Ch\u01b0\u01a1ng tr\u00ecnh Canada Express Entry l\u00e0 m\u1ed9t ch\u01b0\u01a1ng tr\u00ecnh nh\u1eadp c\u01b0 \u0111i\u1ec7n t\u1eed \u0111\u01b0\u1ee3c Ch\u00ednh ph\u1ee7 Canada thi\u1ebft k\u1ebf.\u00a0N\u00f3 cho ph\u00e9p m\u1ecdi ng\u01b0\u1eddi t\u1eeb kh\u1eafp n\u01a1i tr\u00ean th\u1ebf gi\u1edbi n\u1ed9p \u0111\u01a1n xin nh\u1eadp c\u01b0 v\u00e0o Canada d\u1ef1a tr\u00ean c\u00e1c k\u1ef9 n\u0103ng c\u1ee5 th\u1ec3 c\u1ee7a h\u1ecd.<\/p>\n<p style=\"text-align: justify;\">T\u00ednh \u0111\u1ebfn vi\u1ec7c Canada c\u1ea7n lao \u0111\u1ed9ng c\u00f3 tay ngh\u1ec1 trong nhi\u1ec1u ng\u00e0nh ngh\u1ec1 kh\u00e1c nhau, n\u01b0\u1edbc n\u00e0y \u0111\u00e3 \u0111\u01b0a ra Ch\u01b0\u01a1ng tr\u00ecnh Express Entry \u0111\u1ec3 thu h\u00fat c\u00e0ng nhi\u1ec1u ng\u01b0\u1eddi \u0111\u1ee7 ti\u00eau chu\u1ea9n c\u00e0ng t\u1ed1t.\u00a0B\u00e0i vi\u1ebft n\u00e0y s\u1ebd t\u00ecm hi\u1ec3u ch\u01b0\u01a1ng tr\u00ecnh n\u00e0y l\u00e0 g\u00ec v\u00e0 l\u00e0m th\u1ebf n\u00e0o \u0111\u1ec3 \u0111\u0103ng k\u00fd n\u00f3.<\/p>\n<p style=\"text-align: justify;\"><strong>1. Ch\u01b0\u01a1ng tr\u00ecnh Canada Express Entry l\u00e0 g\u00ec?<\/strong><\/p>\n<p style=\"text-align: justify;\">Ch\u01b0\u01a1ng tr\u00ecnh Express Entry \u0111\u01b0\u1ee3c ho\u00e0n th\u00e0nh tr\u1ef1c tuy\u1ebfn tr\u00ean trang web c\u1ee7a Ch\u00ednh ph\u1ee7 Canada.\u00a0N\u00f3 cho ph\u00e9p m\u1ecdi ng\u01b0\u1eddi g\u1eedi h\u1ed3 s\u01a1 v\u1ec1 k\u1ef9 n\u0103ng, tr\u00ecnh \u0111\u1ed9 h\u1ecdc v\u1ea5n v\u00e0 l\u1ecbch s\u1eed vi\u1ec7c l\u00e0m c\u1ee7a h\u1ecd \u0111\u1ec3 \u0111\u1ea1t \u0111\u01b0\u1ee3c \u0111i\u1ec3m th\u00f4ng qua m\u1ed9t m\u00e1y t\u00ednh c\u1ee5 th\u1ec3 do ch\u00ednh ph\u1ee7 thi\u1ebft k\u1ebf.\u00a0T\u00f9y thu\u1ed9c v\u00e0o lo\u1ea1i \u0111\u1eb7c \u0111i\u1ec3m m\u00e0 \u1ee9ng vi\u00ean c\u00f3, h\u1ecd \u0111\u01b0\u1ee3c x\u1ebfp h\u1ea1ng th\u00f4ng qua c\u00e1c y\u1ebfu t\u1ed1 kh\u00e1c nhau v\u00e0 nh\u1eadn \u0111\u01b0\u1ee3c \u0111i\u1ec3m.\u00a0Nh\u1eefng h\u1ed3 s\u01a1 \u0111\u1ea1t \u0111\u01b0\u1ee3c nhi\u1ec1u \u0111i\u1ec3m nh\u1ea5t s\u1ebd \u0111\u01b0\u1ee3c m\u1eddi \u0111\u0103ng k\u00fd\u00a0th\u01b0\u1eddng tr\u00fa t\u1ea1i Canada\u00a0.<\/p>\n<p style=\"text-align: justify;\">N\u1ebfu \u0111\u01b0\u1ee3c ch\u1ea5p thu\u1eadn th\u01b0\u1eddng tr\u00fa, ng\u01b0\u1eddi n\u1ed9p \u0111\u01a1n c\u00f3 th\u1ec3 chuy\u1ec3n \u0111\u1ebfn Canada v\u00e0 c\u00f3 t\u1ea5t c\u1ea3 c\u00e1c \u0111\u1eb7c quy\u1ec1n m\u00e0 c\u01b0 d\u00e2n h\u1ee3p ph\u00e1p c\u00f3, bao g\u1ed3m quy\u1ec1n n\u1ed9p \u0111\u01a1n xin qu\u1ed1c t\u1ecbch Canada khi h\u1ecd \u0111\u1ee7 \u0111i\u1ec1u ki\u1ec7n.<\/p>\n<p style=\"text-align: justify;\">V\u00ec v\u1eady, Ch\u01b0\u01a1ng tr\u00ecnh Canada Express Entry cho ph\u00e9p nh\u1eefng ng\u01b0\u1eddi lao \u0111\u1ed9ng c\u00f3 tay ngh\u1ec1 nh\u1eadp c\u01b0 v\u00e0o Canada v\u00e0 l\u00e0m vi\u1ec7c \u1edf \u0111\u00f3, \u0111\u1ed3ng th\u1eddi c\u0169ng \u0111ang tr\u00ean con \u0111\u01b0\u1eddng nh\u1eadn \u0111\u01b0\u1ee3c qu\u1ed1c t\u1ecbch.<\/p>\n<p style=\"text-align: justify;\"><strong>2. C\u00e1c lo\u1ea1i Ch\u01b0\u01a1ng tr\u00ecnh Express Entry Nh\u1eadp c\u01b0 Canada l\u00e0 g\u00ec?<\/strong><\/p>\n<p style=\"text-align: justify;\">V\u00ec c\u00f3 nhi\u1ec1u c\u1ea5p \u0111\u1ed9 c\u00f4ng nh\u00e2n l\u00e0nh ngh\u1ec1 kh\u00e1c nhau n\u00ean Ch\u00ednh ph\u1ee7 Canada \u0111\u00e3 thi\u1ebft k\u1ebf b\u1ed1n ch\u01b0\u01a1ng tr\u00ecnh kh\u00e1c nhau trong Express Entry.\u00a0C\u00e1c ch\u01b0\u01a1ng tr\u00ecnh n\u00e0y c\u00f2n \u0111\u01b0\u1ee3c g\u1ecdi l\u00e0 ch\u01b0\u01a1ng tr\u00ecnh nh\u1eadp c\u01b0 kinh t\u1ebf v\u00ec ch\u00fang thu h\u00fat lao \u0111\u1ed9ng l\u00e0nh ngh\u1ec1 nh\u1eb1m c\u1ea3i thi\u1ec7n v\u00e0 ph\u00e1t tri\u1ec3n n\u1ec1n kinh t\u1ebf Canada.\u00a0C\u00e1c ch\u01b0\u01a1ng tr\u00ecnh n\u00e0y nh\u01b0 sau:<\/p>\n<ul style=\"text-align: justify;\">\n<li style=\"list-style-type: none;\">\n<ul>\n<li>Ch\u01b0\u01a1ng tr\u00ecnh C\u00f4ng nh\u00e2n l\u00e0nh ngh\u1ec1 Li\u00ean bang (FSWP)<\/li>\n<li>Ch\u01b0\u01a1ng tr\u00ecnh giao d\u1ecbch tay ngh\u1ec1 li\u00ean bang (FSTP)<\/li>\n<li>L\u1edbp tr\u1ea3i nghi\u1ec7m Canada (CEC)<\/li>\n<li>Ch\u01b0\u01a1ng tr\u00ecnh \u0111\u1ec1 c\u1eed c\u1ea5p t\u1ec9nh (PNP)<\/li>\n<\/ul>\n<\/li>\n<\/ul>\n<p style=\"text-align: justify;\">C\u00e1c ch\u01b0\u01a1ng tr\u00ecnh kh\u00e1c nhau t\u00f9y thu\u1ed9c v\u00e0o y\u00eau c\u1ea7u c\u1ee7a h\u1ecd \u0111\u1ec3 \u0111\u1ee7 \u0111i\u1ec1u ki\u1ec7n.\u00a0S\u1ef1 kh\u00e1c bi\u1ec7t ch\u00ednh gi\u1eefa h\u1ecd l\u00e0 k\u1ef9 n\u0103ng ng\u00f4n ng\u1eef, ngh\u1ec1 nghi\u1ec7p c\u00f3 tr\u00ecnh \u0111\u1ed9 v\u00e0 kinh nghi\u1ec7m l\u00e0m vi\u1ec7c.<\/p>\n<p style=\"text-align: justify;\"><strong>Ch\u01b0\u01a1ng tr\u00ecnh C\u00f4ng nh\u00e2n l\u00e0nh ngh\u1ec1 Li\u00ean bang (FSWP)<\/strong><\/p>\n<p style=\"text-align: justify;\">Ch\u01b0\u01a1ng\u00a0tr\u00ecnh C\u00f4ng nh\u00e2n l\u00e0nh ngh\u1ec1 Li\u00ean bang (FSWP)\u00a0\u0111\u01b0\u1ee3c thi\u1ebft k\u1ebf d\u00e0nh cho t\u1ea5t c\u1ea3 c\u00f4ng nh\u00e2n l\u00e0nh ngh\u1ec1 c\u00f3 kinh nghi\u1ec7m l\u00e0m vi\u1ec7c \u1edf n\u01b0\u1edbc ngo\u00e0i nh\u1eadp c\u01b0 v\u00e0o Canada.\u00a0N\u00f3 \u0111\u00f2i h\u1ecfi tr\u00ecnh \u0111\u1ed9 th\u00f4ng th\u1ea1o ng\u00f4n ng\u1eef cao b\u1eb1ng ti\u1ebfng Anh ho\u1eb7c ti\u1ebfng Ph\u00e1p (C\u1ea5p \u0111\u1ed9 7), c\u0169ng nh\u01b0 ngh\u1ec1 nghi\u1ec7p li\u00ean quan \u0111\u1ebfn c\u00f4ng vi\u1ec7c qu\u1ea3n l\u00fd, c\u00f4ng vi\u1ec7c chuy\u00ean m\u00f4n y\u00eau c\u1ea7u b\u1eb1ng \u0111\u1ea1i h\u1ecdc ho\u1eb7c c\u00e1c c\u00f4ng vi\u1ec7c k\u1ef9 thu\u1eadt ho\u1eb7c ng\u00e0nh ngh\u1ec1 y\u00eau c\u1ea7u b\u1eb1ng t\u1ed1t nghi\u1ec7p \u0111\u1ea1i h\u1ecdc ho\u1eb7c h\u1ecdc ngh\u1ec1.\u00a0Cu\u1ed1i c\u00f9ng, n\u00f3 c\u0169ng y\u00eau c\u1ea7u m\u1ed9t n\u0103m kinh nghi\u1ec7m l\u00e0m vi\u1ec7c li\u00ean t\u1ee5c trong ng\u00e0nh ngh\u1ec1 c\u1ee5 th\u1ec3 trong v\u00f2ng 10 n\u0103m qua.<\/p>\n<p style=\"text-align: justify;\"><strong>Ch\u01b0\u01a1ng tr\u00ecnh giao d\u1ecbch tay ngh\u1ec1 li\u00ean bang (FSTP)<\/strong><\/p>\n<p style=\"text-align: justify;\">Ch\u01b0\u01a1ng\u00a0tr\u00ecnh Tay ngh\u1ec1 Li\u00ean bang (FSTP)\u00a0\u0111\u01b0\u1ee3c thi\u1ebft k\u1ebf d\u00e0nh cho nh\u1eefng ng\u01b0\u1eddi lao \u0111\u1ed9ng c\u00f3 tay ngh\u1ec1 trong c\u00e1c ng\u00e0nh ngh\u1ec1 c\u1ee5 th\u1ec3 c\u00f3 kinh nghi\u1ec7m l\u00e0m vi\u1ec7c \u1edf n\u01b0\u1edbc ngo\u00e0i.\u00a0N\u00f3 y\u00eau c\u1ea7u tr\u00ecnh \u0111\u1ed9 th\u00f4ng th\u1ea1o ng\u00f4n ng\u1eef ti\u1ebfng Anh ho\u1eb7c ti\u1ebfng Ph\u00e1p \u1edf c\u1ea5p \u0111\u1ed9 5 ho\u1eb7c 4, ngh\u1ec1 nghi\u1ec7p li\u00ean quan \u0111\u1ebfn c\u00e1c c\u00f4ng vi\u1ec7c k\u1ef9 thu\u1eadt y\u00eau c\u1ea7u b\u1eb1ng t\u1ed1t nghi\u1ec7p \u0111\u1ea1i h\u1ecdc ho\u1eb7c h\u1ecdc ngh\u1ec1 v\u00e0 2 n\u0103m kinh nghi\u1ec7m l\u00e0m vi\u1ec7c trong v\u00f2ng 5 n\u0103m qua.\u00a0Ngo\u00e0i ra, nh\u1eefng ng\u01b0\u1eddi n\u1ed9p \u0111\u01a1n ph\u1ea3i c\u00f3 l\u1eddi m\u1eddi l\u00e0m vi\u1ec7c h\u1ee3p l\u1ec7 t\u1eeb m\u1ed9t c\u00f4ng ty Canada v\u00e0 ch\u1ee9ng ch\u1ec9 ch\u1ee9ng minh r\u1eb1ng h\u1ecd c\u00f3 tr\u00ecnh \u0111\u1ed9 k\u1ef9 n\u0103ng cao trong l\u0129nh v\u1ef1c kinh doanh c\u1ee7a m\u00ecnh.<\/p>\n<p style=\"text-align: justify;\"><strong>L\u1edbp tr\u1ea3i nghi\u1ec7m Canada (CEC)<\/strong><\/p>\n<p style=\"text-align: justify;\">L\u1edbp Kinh nghi\u1ec7m Canada (CEC)\u00a0\u0111\u01b0\u1ee3c thi\u1ebft k\u1ebf d\u00e0nh cho nh\u1eefng ng\u01b0\u1eddi lao \u0111\u1ed9ng l\u00e0nh ngh\u1ec1 c\u00f3 kinh nghi\u1ec7m l\u00e0m vi\u1ec7c t\u1ea1i Canada.\u00a0H\u1ecd ph\u1ea3i c\u00f3 tr\u00ecnh \u0111\u1ed9 ng\u00f4n ng\u1eef ti\u1ebfng Anh ho\u1eb7c ti\u1ebfng Ph\u00e1p c\u1ea5p \u0111\u1ed9 5 ho\u1eb7c 7 v\u00e0 c\u00f3 ngh\u1ec1 nghi\u1ec7p thu\u1ed9c c\u00e1c c\u00f4ng vi\u1ec7c qu\u1ea3n l\u00fd, c\u00f4ng vi\u1ec7c chuy\u00ean m\u00f4n ho\u1eb7c c\u00f4ng vi\u1ec7c k\u1ef9 thu\u1eadt.\u00a0H\u1ecd c\u0169ng ph\u1ea3i c\u00f3 m\u1ed9t n\u0103m kinh nghi\u1ec7m l\u00e0m vi\u1ec7c \u1edf Canada trong 3 n\u0103m qua.<\/p>\n<p style=\"text-align: justify;\"><strong>Ch\u01b0\u01a1ng tr\u00ecnh \u0111\u1ec1 c\u1eed c\u1ea5p t\u1ec9nh (PNP)<\/strong><\/p>\n<p style=\"text-align: justify;\">Ch\u01b0\u01a1ng tr\u00ecnh \u0111\u1ec1 c\u1eed c\u1ea5p t\u1ec9nh (PNP) l\u00e0 m\u1ed9t ch\u01b0\u01a1ng tr\u00ecnh \u0111\u01b0\u1ee3c thi\u1ebft k\u1ebf d\u00e0nh cho c\u00e1c t\u1ec9nh c\u1ee7a Canada \u0111\u1ec3 h\u1ecd \u0111\u1ec1 c\u1eed v\u00e0 l\u1ef1a ch\u1ecdn nh\u1eefng c\u00f4ng nh\u00e2n c\u00f3 tay ngh\u1ec1 c\u1ee5 th\u1ec3 \u0111\u00e1p \u1ee9ng nhu c\u1ea7u c\u1ee7a h\u1ecd.\u00a0Ng\u01b0\u1eddi n\u1ed9p \u0111\u01a1n \u0111\u01b0\u1ee3c m\u1eddi n\u1ed9p \u0111\u01a1n ph\u1ea3i s\u1ed1ng v\u00e0 l\u00e0m vi\u1ec7c t\u1ea1i t\u1ec9nh \u0111\u00e3 \u0111\u1ec1 c\u1eed v\u00e0 b\u1ea3o l\u00e3nh cho h\u1ecd.\u00a0Ch\u01b0\u01a1ng tr\u00ecnh do c\u00e1c t\u1ec9nh qu\u1ea3n l\u00fd v\u00e0 ch\u1ec9 s\u1eed d\u1ee5ng c\u1ed5ng Express Entry \u0111\u1ec3 nh\u1eadn h\u1ed3 s\u01a1 tr\u1ef1c tuy\u1ebfn.<\/p>\n<p style=\"text-align: justify;\"><strong>3. C\u00e1c y\u00eau c\u1ea7u c\u1ee7a Ch\u01b0\u01a1ng tr\u00ecnh Canada Express Entry l\u00e0 g\u00ec?<\/strong><\/p>\n<p style=\"text-align: justify;\">N\u1ebfu b\u1ea1n \u0111\u00e3 quy\u1ebft \u0111\u1ecbnh mu\u1ed1n nh\u1eadp c\u01b0 v\u00e0o Canada th\u00f4ng qua Ch\u01b0\u01a1ng tr\u00ecnh Express Entry th\u00ec b\u1ea1n ph\u1ea3i \u0111\u00e1p \u1ee9ng c\u00e1c ti\u00eau ch\u00ed \u0111\u1ee7 \u0111i\u1ec1u ki\u1ec7n.\u00a0Ba ch\u01b0\u01a1ng tr\u00ecnh \u0111\u1ea7u ti\u00ean c\u00f3 b\u1ed9 ti\u00eau ch\u00ed ri\u00eang, trong khi Ch\u01b0\u01a1ng tr\u00ecnh \u0111\u1ec1 c\u1eed c\u1ea5p t\u1ec9nh (PNP) c\u00f3 m\u1ed9t s\u1ed1 y\u00eau c\u1ea7u b\u1ed5 sung d\u00e0nh ri\u00eang cho t\u1eebng t\u1ec9nh.<\/p>\n<p style=\"text-align: justify;\">\u0110\u1ec3 x\u00e1c \u0111\u1ecbnh xem b\u1ea1n c\u00f3 \u0111\u1ee7 \u0111i\u1ec1u ki\u1ec7n hay kh\u00f4ng, b\u1ea1n c\u00f3 th\u1ec3 truy c\u1eadp trang web c\u1ee7a Ch\u00ednh ph\u1ee7 Canada t\u1ea1i \u0111\u00e2y.\u00a0B\u1ea1n n\u00ean nh\u1ea5p v\u00e0o n\u00fat \u201cKi\u1ec3m tra t\u00ednh \u0111\u1ee7 \u0111i\u1ec1u ki\u1ec7n c\u1ee7a b\u1ea1n\u201d v\u00e0 n\u00fat n\u00e0y s\u1ebd chuy\u1ec3n h\u01b0\u1edbng b\u1ea1n \u0111\u1ebfn m\u1ed9t b\u1ea3ng c\u00e2u h\u1ecfi ng\u1eafn.\u00a0B\u1ea3ng c\u00e2u h\u1ecfi s\u1ebd h\u1ecfi b\u1ea1n nh\u1eefng th\u00f4ng tin chi ti\u1ebft v\u1ec1 b\u1ea3n th\u00e2n b\u1ea1n nh\u01b0:<\/p>\n<ul style=\"text-align: justify;\">\n<li style=\"list-style-type: none;\">\n<ul>\n<li>Qu\u1ed1c t\u1ecbch<\/li>\n<li>Tu\u1ed5i<\/li>\n<li>K\u1ef9 n\u0103ng ngo\u1ea1i ng\u1eef<\/li>\n<li>Gi\u00e1o d\u1ee5c<\/li>\n<li>Kinh nghi\u1ec7m l\u00e0m vi\u1ec7c<\/li>\n<li>Th\u00e0nh vi\u00ean gia \u0111\u00ecnh<\/li>\n<li>Th\u00f4ng tin chi ti\u1ebft v\u1ec1 l\u1eddi m\u1eddi l\u00e0m vi\u1ec7c \u1edf Canada<\/li>\n<\/ul>\n<\/li>\n<\/ul>\n<p style=\"text-align: justify;\">M\u1ed7i c\u00e2u tr\u1ea3 l\u1eddi b\u1ea1n \u0111\u01b0a ra cho nh\u1eefng c\u00e2u h\u1ecfi n\u00e0y s\u1ebd \u0111\u01b0\u1ee3c d\u00f9ng \u0111\u1ec3 t\u00ednh \u0111i\u1ec3m c\u1ee7a b\u1ea1n tr\u00ean\u00a0M\u00e1y t\u00ednh CRS.\u00a0C\u00e1c c\u00e2u tr\u1ea3 l\u1eddi kh\u00e1c nhau mang l\u1ea1i s\u1ed1 \u0111i\u1ec3m kh\u00e1c nhau v\u00e0 m\u1ed7i ch\u01b0\u01a1ng tr\u00ecnh Express Entry y\u00eau c\u1ea7u b\u1ea1n ph\u1ea3i v\u01b0\u1ee3t qua m\u1ed9t ng\u01b0\u1ee1ng nh\u1ea5t \u0111\u1ecbnh \u0111\u1ec3 \u0111\u1ee7 \u0111i\u1ec1u ki\u1ec7n.\u00a0T\u1ed5ng s\u1ed1 \u0111i\u1ec3m l\u00e0 100 v\u00e0 v\u00ed d\u1ee5, \u0111\u1ec3 \u0111\u1ee7 \u0111i\u1ec1u ki\u1ec7n tham gia Ch\u01b0\u01a1ng tr\u00ecnh C\u00f4ng nh\u00e2n l\u00e0nh ngh\u1ec1 Li\u00ean bang, b\u1ea1n s\u1ebd c\u1ea7n t\u1ed1i thi\u1ec3u 67 \u0111i\u1ec3m.<\/p>\n<p style=\"text-align: justify;\">Sau khi b\u1ea1n ho\u00e0n th\u00e0nh b\u1ea3ng c\u00e2u h\u1ecfi, trang web s\u1ebd t\u1ea1o m\u00e3 s\u1ed1 c\u1ee5 th\u1ec3 cho b\u1ea1n.\u00a0B\u1ea1n c\u00f3 th\u1ec3 s\u1eed d\u1ee5ng th\u00f4ng tin \u0111\u00f3 \u0111\u1ec3 b\u1eaft \u0111\u1ea7u h\u1ed3 s\u01a1 c\u1ee7a m\u00ecnh sau khi t\u1ea1o t\u00e0i kho\u1ea3n.<\/p>\n<p style=\"text-align: justify;\">\u0110\u1ed1i v\u1edbi Ch\u01b0\u01a1ng tr\u00ecnh \u0111\u1ec1 c\u1eed c\u1ea5p t\u1ec9nh (PNP), b\u1ea1n s\u1ebd c\u1ea7n \u0111\u1ee7 \u0111i\u1ec1u ki\u1ec7n tham gia Express Entry, nh\u01b0ng b\u1ea1n c\u0169ng ph\u1ea3i \u0111\u00e1p \u1ee9ng c\u00e1c y\u00eau c\u1ea7u b\u1ed5 sung.\u00a0B\u1ea1n ph\u1ea3i quy\u1ebft \u0111\u1ecbnh b\u1ea1n mu\u1ed1n s\u1ed1ng \u1edf t\u1ec9nh n\u00e0o c\u1ee7a Canada v\u00e0 li\u00ean h\u1ec7 v\u1edbi c\u00e1c c\u01a1 quan c\u00f3 tr\u00e1ch nhi\u1ec7m.<\/p>\n<p style=\"text-align: justify;\">B\u1ea1n c\u00f3 th\u1ec3 t\u00ecm th\u1ea5y danh s\u00e1ch t\u1ea5t c\u1ea3 c\u00e1c T\u1ec9nh c\u1ee7a Canada v\u00e0 li\u00ean k\u1ebft t\u1edbi c\u00e1c \u0111\u1ecba ch\u1ec9 li\u00ean h\u1ec7 c\u1ee7a h\u1ecd tr\u00ean<u>\u00a0<\/u>trang \u0111\u1ee7 \u0111i\u1ec1u ki\u1ec7n PNP.\u00a0Li\u00ean h\u1ec7 v\u1edbi t\u1ec9nh b\u1ea1n \u0111\u00e3 ch\u1ecdn v\u00e0 t\u00ecm hi\u1ec3u c\u00e1c y\u00eau c\u1ea7u l\u00e0 g\u00ec v\u00e0 \u0111\u00e1nh gi\u00e1 xem b\u1ea1n c\u00f3 \u0111\u1ee7 \u0111i\u1ec1u ki\u1ec7n hay kh\u00f4ng.\u00a0N\u1ebfu \u0111\u00fang nh\u01b0 v\u1eady th\u00ec t\u1ec9nh ph\u1ea3i \u0111\u1ec1 c\u1eed b\u1ea1n \u0111\u1ec3 b\u1ea1n n\u1ed9p \u0111\u01a1n.<\/p>\n<p style=\"text-align: justify;\"><strong>4. L\u00e0m c\u00e1ch n\u00e0o \u0111\u1ec3 \u0111\u0103ng k\u00fd Ch\u01b0\u01a1ng tr\u00ecnh Canada Express Entry?<\/strong><\/p>\n<p style=\"text-align: justify;\">Quy tr\u00ecnh \u0111\u0103ng k\u00fd cho c\u00e1c Ch\u01b0\u01a1ng tr\u00ecnh Express Entry s\u1ebd kh\u00e1c nhau, t\u00f9y thu\u1ed9c v\u00e0o ch\u01b0\u01a1ng tr\u00ecnh b\u1ea1n mu\u1ed1n \u0111\u0103ng k\u00fd.\u00a0C\u00f3 m\u1ed9t quy tr\u00ecnh \u0111\u0103ng k\u00fd cho ba ch\u01b0\u01a1ng tr\u00ecnh \u0111\u1ea7u ti\u00ean, trong khi Ch\u01b0\u01a1ng tr\u00ecnh \u0110\u1ec1 c\u1eed c\u1ea5p T\u1ec9nh c\u00f3 quy tr\u00ecnh kh\u00e1c.<\/p>\n<p style=\"text-align: justify;\">Vi\u1ec7c \u0111\u0103ng k\u00fd c\u00e1c Ch\u01b0\u01a1ng tr\u00ecnh Lao \u0111\u1ed9ng tay ngh\u1ec1 Li\u00ean bang, Giao d\u1ecbch tay ngh\u1ec1 Li\u00ean bang ho\u1eb7c Ch\u01b0\u01a1ng tr\u00ecnh L\u1edbp h\u1ecdc Kinh nghi\u1ec7m Canada c\u00f3 th\u1ec3 \u0111\u01b0\u1ee3c th\u1ef1c hi\u1ec7n th\u00f4ng qua c\u00e1c b\u01b0\u1edbc n\u00e0y.<\/p>\n<p style=\"text-align: justify;\"><strong>Chu\u1ea9n b\u1ecb t\u00e0i li\u1ec7u<\/strong><\/p>\n<p style=\"text-align: justify;\">B\u1ea1n s\u1ebd c\u1ea7n m\u1ed9t danh s\u00e1ch c\u00e1c t\u00e0i li\u1ec7u h\u1ed7 tr\u1ee3 \u0111\u1ec3 c\u00f3 th\u1ec3 \u0111\u0103ng k\u00fd tham gia c\u00e1c ch\u01b0\u01a1ng tr\u00ecnh.\u00a0\u0110i\u1ec1u n\u00e0y bao g\u1ed3m:<\/p>\n<ul style=\"text-align: justify;\">\n<li style=\"list-style-type: none;\">\n<ul>\n<li>H\u1ed9 chi\u1ebfu h\u1ee3p l\u1ec7 c\u1ee7a gi\u1ea5y th\u00f4ng h\u00e0nh;<\/li>\n<li>K\u1ebft qu\u1ea3 ki\u1ec3m tra ngo\u1ea1i ng\u1eef (ti\u1ebfng Anh ho\u1eb7c ti\u1ebfng Ph\u00e1p);<\/li>\n<li>B\u00e1o c\u00e1o \u0111\u00e1nh gi\u00e1 ch\u1ee9ng ch\u1ec9 gi\u00e1o d\u1ee5c (d\u00e0nh cho l\u1edbp kinh nghi\u1ec7m v\u00e0 c\u00f4ng nh\u00e2n l\u00e0nh ngh\u1ec1 li\u00ean bang);<\/li>\n<li>Th\u01b0 m\u1eddi l\u00e0m vi\u1ec7c t\u1eeb m\u1ed9t nh\u00e0 tuy\u1ec3n d\u1ee5ng \u1edf Canada (n\u1ebfu b\u1ea1n c\u00f3);<\/li>\n<li>Gi\u1ea5y ch\u1ee9ng nh\u1eadn c\u1ee7a c\u01a1 quan c\u00f3 th\u1ea9m quy\u1ec1n \u0111\u1ec3 ch\u1ee9ng minh b\u1ea1n c\u00f3 l\u00fd l\u1ecbch t\u01b0 ph\u00e1p trong s\u1ea1ch;<\/li>\n<li>Gi\u1ea5y kh\u00e1m s\u1ee9c kh\u1ecfe;<\/li>\n<li>B\u1eb1ng ch\u1ee9ng r\u1eb1ng b\u1ea1n c\u00f3 \u0111\u1ee7 ti\u1ec1n \u0111\u1ec3 chi tr\u1ea3 cho th\u1eddi gian l\u01b0u tr\u00fa t\u1ea1i Canada n\u1ebfu b\u1ea1n \u0111\u01b0\u1ee3c m\u1eddi n\u1ed9p \u0111\u01a1n;<\/li>\n<\/ul>\n<\/li>\n<\/ul>\n<p style=\"text-align: justify;\"><strong>G\u1eedi h\u1ed3 s\u01a1 c\u1ee7a b\u1ea1n<\/strong><\/p>\n<p style=\"text-align: justify;\">C\u00e1ch th\u1ee9c ho\u1ea1t \u0111\u1ed9ng c\u1ee7a Ch\u01b0\u01a1ng tr\u00ecnh Express Entry l\u00e0 th\u00f4ng qua vi\u1ec7c l\u1ef1a ch\u1ecdn t\u1eeb c\u00e1c h\u1ed3 s\u01a1 kh\u00e1c nhau \u0111\u01b0\u1ee3c g\u1eedi t\u1eeb nh\u1eefng \u1ee9ng vi\u00ean ti\u1ec1m n\u0103ng.\u00a0V\u00ec v\u1eady, b\u1ea1n s\u1ebd ph\u1ea3i g\u1eedi h\u1ed3 s\u01a1 c\u1ee7a m\u00ecnh v\u00e0 ch\u1ee9ng minh r\u1eb1ng b\u1ea1n \u0111\u1ee7 \u0111i\u1ec1u ki\u1ec7n.<\/p>\n<p style=\"text-align: justify;\">\u0110\u1ec3 g\u1eedi h\u1ed3 s\u01a1 n\u00e0y, b\u1ea1n ph\u1ea3i m\u1edf m\u1ed9t t\u00e0i kho\u1ea3n tr\u00ean trang web c\u1ee7a Ch\u00ednh ph\u1ee7 Canada.\u00a0B\u1ea1n s\u1ebd nh\u1eadp m\u00e3 b\u1ea1n nh\u1eadn \u0111\u01b0\u1ee3c t\u1eeb b\u1ea3ng c\u00e2u h\u1ecfi v\u1ec1 t\u00ednh \u0111\u1ee7 \u0111i\u1ec1u ki\u1ec7n c\u1ee7a m\u00ecnh v\u00e0 sau \u0111\u00f3 tr\u1ea3 l\u1eddi t\u1ea5t c\u1ea3 c\u00e1c c\u00e2u h\u1ecfi c\u00f3 trong h\u1ed3 s\u01a1.\u00a0B\u1ea1n s\u1ebd vi\u1ebft chi ti\u1ebft v\u1ec1 tu\u1ed5i t\u00e1c, qu\u1ed1c t\u1ecbch, tr\u00ecnh \u0111\u1ed9 h\u1ecdc v\u1ea5n, kinh nghi\u1ec7m l\u00e0m vi\u1ec7c v\u00e0 g\u1eedi c\u00e1c t\u00e0i li\u1ec7u b\u1ea1n \u0111\u00e3 thu th\u1eadp \u1edf b\u01b0\u1edbc \u0111\u1ea7u ti\u00ean.<\/p>\n<p style=\"text-align: justify;\">B\u1ea1n c\u00f3 th\u1ec3 ho\u00e0n th\u00e0nh h\u1ed3 s\u01a1 trong 60 ng\u00e0y v\u00e0 sau \u0111\u00f3 b\u1ea1n ph\u1ea3i g\u1eedi n\u00f3.\u00a0N\u1ebfu ch\u1edd qu\u00e1 60 ng\u00e0y, b\u1ea1n s\u1ebd kh\u00f4ng th\u1ec3 g\u1eedi \u0111\u01b0\u1ee3c v\u00e0 ph\u1ea3i l\u00e0m l\u1ea1i t\u1eeb \u0111\u1ea7u.<\/p>\n<p style=\"text-align: justify;\">Sau khi g\u1eedi h\u1ed3 s\u01a1, b\u1ea1n s\u1ebd ph\u1ea3i ch\u1edd xem li\u1ec7u m\u00ecnh c\u00f3 \u0111\u01b0\u1ee3c ch\u1ecdn hay kh\u00f4ng.\u00a0H\u00e0ng n\u0103m, Ch\u00ednh ph\u1ee7 Canada ch\u1ecdn ra t\u1eeb nh\u00f3m h\u1ed3 s\u01a1 nh\u1eefng ng\u01b0\u1eddi \u0111\u1ea1t \u0111i\u1ec3m v\u00e0 \u0111\u01b0\u1ee3c x\u1ebfp h\u1ea1ng cao nh\u1ea5t d\u1ef1a tr\u00ean tr\u00ecnh \u0111\u1ed9 chuy\u00ean m\u00f4n c\u1ee7a h\u1ecd.\u00a0Qu\u00e1 tr\u00ecnh n\u00e0y c\u00f3 th\u1ec3 m\u1ea5t 6 th\u00e1ng ho\u1eb7c h\u01a1n v\u00e0 trong th\u1eddi gian ch\u1edd \u0111\u1ee3i, b\u1ea1n c\u00f3 th\u1ec3 n\u1ed7 l\u1ef1c c\u1ea3i thi\u1ec7n \u0111i\u1ec3m s\u1ed1 v\u00e0 c\u1eadp nh\u1eadt h\u1ed3 s\u01a1 c\u1ee7a m\u00ecnh.\u00a0V\u00ed d\u1ee5: b\u1ea1n c\u00f3 th\u1ec3 l\u00e0m l\u1ea1i b\u00e0i ki\u1ec3m tra ng\u00f4n ng\u1eef \u0111\u1ec3 \u0111\u1ea1t \u0111i\u1ec3m cao h\u01a1n ho\u1eb7c nh\u1eadn \u0111\u01b0\u1ee3c l\u1eddi m\u1eddi l\u00e0m vi\u1ec7c \u1edf Canada n\u1ebfu tr\u01b0\u1edbc \u0111\u00e2y b\u1ea1n ch\u01b0a c\u00f3.<\/p>\n<p style=\"text-align: justify;\"><strong>\u0110\u01b0\u1ee3c m\u1eddi n\u1ed9p \u0111\u01a1n<\/strong><\/p>\n<p style=\"text-align: justify;\">N\u1ebfu b\u1ea1n n\u1eb1m trong s\u1ed1 nh\u1eefng ng\u01b0\u1eddi c\u00f3 nhi\u1ec1u \u0111i\u1ec3m nh\u1ea5t, Ch\u00ednh ph\u1ee7 Canada s\u1ebd m\u1eddi b\u1ea1n n\u1ed9p \u0111\u01a1n.\u00a0Ngo\u00e0i ra, n\u1ebfu b\u1ea1n \u0111\u1ee7 \u0111i\u1ec1u ki\u1ec7n v\u00e0 \u0111\u00e1p \u1ee9ng c\u00e1c y\u00eau c\u1ea7u, t\u1ec9nh m\u00e0 b\u1ea1n g\u1eedi h\u1ed3 s\u01a1 s\u1ebd m\u1eddi b\u1ea1n \u0111\u0103ng k\u00fd PNP.<\/p>\n<p style=\"text-align: justify;\">Khi \u0111\u01b0\u1ee3c m\u1eddi n\u1ed9p \u0111\u01a1n, b\u1ea1n ph\u1ea3i ch\u1ea5p nh\u1eadn l\u1eddi m\u1eddi \u0111\u1ec3 \u0111\u1ee7 \u0111i\u1ec1u ki\u1ec7n xin th\u01b0\u1eddng tr\u00fa.\u00a0B\u1ea1n c\u0169ng c\u00f3 th\u1ec3 t\u1eeb ch\u1ed1i l\u1eddi m\u1eddi n\u1ebfu b\u1ea1n \u0111\u01b0\u1ee3c ch\u1ecdn tham gia m\u1ed9t ch\u01b0\u01a1ng tr\u00ecnh m\u00e0 b\u1ea1n kh\u00f4ng n\u1eb1m trong s\u1ed1 l\u1ef1a ch\u1ecdn \u0111\u1ea7u ti\u00ean c\u1ee7a m\u00ecnh.\u00a0N\u1ebfu t\u1eeb ch\u1ed1i l\u1eddi m\u1eddi, b\u1ea1n s\u1ebd ph\u1ea3i th\u1ef1c hi\u1ec7n l\u1ea1i quy tr\u00ecnh, g\u1eedi h\u1ed3 s\u01a1 c\u1ee7a m\u00ecnh v\u00e0 ch\u1edd \u0111\u01b0\u1ee3c ch\u1ecdn.<\/p>\n<p style=\"text-align: justify;\"><strong>N\u1ed9p \u0111\u01a1n xin th\u01b0\u1eddng tr\u00fa<\/strong><\/p>\n<p style=\"text-align: justify;\">Ch\u00ednh ph\u1ee7 Canada s\u1ebd g\u1eedi cho b\u1ea1n c\u00e1c m\u1eabu \u0111\u01a1n c\u1ea7n thi\u1ebft m\u00e0 b\u1ea1n ph\u1ea3i n\u1ed9p \u0111\u1ec3 \u0111\u0103ng k\u00fd th\u01b0\u1eddng tr\u00fa.\u00a0B\u1ea1n s\u1ebd ph\u1ea3i ho\u00e0n th\u00e0nh c\u00e1c bi\u1ec3u m\u1eabu \u0111\u00f3 c\u0169ng nh\u01b0 g\u1eedi m\u1ecdi t\u00e0i li\u1ec7u h\u1ed7 tr\u1ee3 m\u00e0 h\u1ecd y\u00eau c\u1ea7u \u0111\u1ec3 \u0111\u01a1n \u0111\u0103ng k\u00fd c\u1ee7a b\u1ea1n \u0111\u01b0\u1ee3c xem x\u00e9t.\u00a0B\u1ea1n c\u0169ng ph\u1ea3i tr\u1ea3 c\u00e1c kho\u1ea3n ph\u00ed kh\u00e1c nhau t\u00f9y thu\u1ed9c v\u00e0o ch\u01b0\u01a1ng tr\u00ecnh b\u1ea1n \u0111\u0103ng k\u00fd.<\/p>\n<p style=\"text-align: justify;\">B\u1ea1n s\u1ebd c\u00f3 60 ng\u00e0y \u0111\u1ec3 ho\u00e0n th\u00e0nh \u0111\u01a1n xin th\u01b0\u1eddng tr\u00fa v\u00e0 sau khi n\u1ed9p \u0111\u01a1n, b\u1ea1n s\u1ebd ch\u1ec9 \u0111\u01b0\u1ee3c ph\u00e9p th\u1ef1c hi\u1ec7n nh\u1eefng thay \u0111\u1ed5i quan tr\u1ecdng.<\/p>\n<p style=\"text-align: justify;\">Ch\u00ednh ph\u1ee7 Canada sau \u0111\u00f3 s\u1ebd \u0111\u00e1nh gi\u00e1 \u0111\u01a1n xin th\u01b0\u1eddng tr\u00fa c\u1ee7a b\u1ea1n trong kho\u1ea3ng 6 th\u00e1ng v\u00e0 sau \u0111\u00f3 th\u00f4ng b\u00e1o cho b\u1ea1n v\u1ec1 quy\u1ebft \u0111\u1ecbnh c\u1ee7a h\u1ecd.\u00a0N\u1ebfu h\u1ecd ch\u1ea5p thu\u1eadn \u0111\u01a1n \u0111\u0103ng k\u00fd c\u1ee7a b\u1ea1n th\u00ec b\u1ea1n s\u1ebd c\u00f3 th\u1ec3 chuy\u1ec3n \u0111\u1ebfn Canada v\u0129nh vi\u1ec5n.\u00a0N\u1ebfu h\u1ecd t\u1eeb ch\u1ed1i, h\u1ecd s\u1ebd th\u00f4ng b\u00e1o cho b\u1ea1n l\u00fd do \u0111\u1ec3 b\u1ea1n c\u00f3 th\u1ec3 s\u1eeda v\u00e0 n\u1ed9p \u0111\u01a1n l\u1ea1i.<\/p>\n[\/vc_column_text][\/vc_column][\/vc_row]\n<\/div>","protected":false},"excerpt":{"rendered":"<p>[vc_row top_margin=&#8221;0&#8243; bottom_margin=&#8221;0&#8243; css=&#8221;.vc_custom_1499912039446{margin-top: -30px !important;}&#8221;][vc_column][\/vc_column][\/vc_row][vc_row][vc_column][vc_column_text css=&#8221;&#8221;] Ch\u01b0\u01a1ng tr\u00ecnh Canada Express Entry l\u00e0 m\u1ed9t ch\u01b0\u01a1ng tr\u00ecnh nh\u1eadp c\u01b0 \u0111i\u1ec7n t\u1eed \u0111\u01b0\u1ee3c Ch\u00ednh ph\u1ee7 Canada thi\u1ebft k\u1ebf.\u00a0N\u00f3 cho ph\u00e9p m\u1ecdi ng\u01b0\u1eddi t\u1eeb kh\u1eafp n\u01a1i tr\u00ean th\u1ebf gi\u1edbi n\u1ed9p \u0111\u01a1n xin nh\u1eadp c\u01b0 v\u00e0o Canada d\u1ef1a tr\u00ean c\u00e1c k\u1ef9 n\u0103ng c\u1ee5 th\u1ec3 c\u1ee7a h\u1ecd. T\u00ednh \u0111\u1ebfn vi\u1ec7c [&hellip;]<\/p>\n","protected":false},"author":1,"featured_media":0,"parent":0,"menu_order":0,"comment_status":"closed","ping_status":"closed","template":"","meta":{"footnotes":""},"class_list":["post-6061","page","type-page","status-publish","hentry"],"_links":{"self":[{"href":"https:\/\/immico.vn\/vi\/wp-json\/wp\/v2\/pages\/6061","targetHints":{"allow":["GET"]}}],"collection":[{"href":"https:\/\/immico.vn\/vi\/wp-json\/wp\/v2\/pages"}],"about":[{"href":"https:\/\/immico.vn\/vi\/wp-json\/wp\/v2\/types\/page"}],"author":[{"embeddable":true,"href":"https:\/\/immico.vn\/vi\/wp-json\/wp\/v2\/users\/1"}],"replies":[{"embeddable":true,"href":"https:\/\/immico.vn\/vi\/wp-json\/wp\/v2\/comments?post=6061"}],"version-history":[{"count":5,"href":"https:\/\/immico.vn\/vi\/wp-json\/wp\/v2\/pages\/6061\/revisions"}],"predecessor-version":[{"id":10250,"href":"https:\/\/immico.vn\/vi\/wp-json\/wp\/v2\/pages\/6061\/revisions\/10250"}],"wp:attachment":[{"href":"https:\/\/immico.vn\/vi\/wp-json\/wp\/v2\/media?parent=6061"}],"curies":[{"name":"wp","href":"https:\/\/api.w.org\/{rel}","templated":true}]}}