{"id":6063,"date":"2017-07-19T04:38:50","date_gmt":"2017-07-19T04:38:50","guid":{"rendered":"https:\/\/colaw.vn\/establishment-of-private-enterprise\/"},"modified":"2025-05-19T06:59:02","modified_gmt":"2025-05-19T06:59:02","slug":"dinh-cu-chuong-trinh-dai-tay-duong","status":"publish","type":"page","link":"https:\/\/immico.vn\/vi\/dinh-cu-chuong-trinh-dai-tay-duong\/","title":{"rendered":"\u0110\u1ecbnh C\u01b0 Ch\u01b0\u01a1ng Tr\u00ecnh \u0110\u1ea1i T\u00e2y D\u01b0\u01a1ng"},"content":{"rendered":"<div class=\"wpb-content-wrapper\">[vc_row top_margin=&#8221;0&#8243; bottom_margin=&#8221;0&#8243; css=&#8221;.vc_custom_1499912039446{margin-top: -30px !important;}&#8221;][vc_column]<div class=\"shortcode-wrapper shortcode-title clearfix hb-animate-element hb-fade-in\"><p style=\"color:#9a4c3c!important;border-color:#9a4c3c\" class=\"hb-text-large aligncenter\">\u0110\u1ecbnh C\u01b0 Ch\u01b0\u01a1ng Tr\u00ecnh \u0110\u1ea1i T\u00e2y D\u01b0\u01a1ng<\/p><\/div>[\/vc_column][\/vc_row][vc_row][vc_column][vc_column_text css=&#8221;&#8221;]\n<p style=\"text-align: justify;\">M\u1ed9t trong nh\u1eefng\u00a0c\u00e1ch m\u00e0 c\u00f4ng d\u00e2n n\u01b0\u1edbc ngo\u00e0i c\u00f3 th\u1ec3 n\u1ed9p \u0111\u01a1n xin Th\u01b0\u1eddng tr\u00fa t\u1ea1i Canada\u00a0l\u00e0 th\u00f4ng qua Ch\u01b0\u01a1ng tr\u00ecnh Th\u00ed \u0111i\u1ec3m Nh\u1eadp c\u01b0 \u0110\u1ea1i T\u00e2y D\u01b0\u01a1ng.\u00a0Tuy nhi\u00ean, ch\u01b0\u01a1ng tr\u00ecnh n\u00e0y ch\u1ec9 kh\u1ea3 d\u1ee5ng n\u1ebfu b\u1ea1n \u0111\u00e1p \u1ee9ng m\u1ed9t s\u1ed1 \u0111i\u1ec1u ki\u1ec7n nh\u1ea5t \u0111\u1ecbnh v\u00e0 \u0111\u1ed1i v\u1edbi m\u1ed9t s\u1ed1 khu v\u1ef1c nh\u1ea5t \u0111\u1ecbnh c\u1ee7a Canada.<\/p>\n<h3 style=\"text-align: justify;\">1. Th\u00ed \u0111i\u1ec3m nh\u1eadp c\u01b0 \u0110\u1ea1i T\u00e2y D\u01b0\u01a1ng cho Canada l\u00e0 g\u00ec?<\/h3>\n<p style=\"text-align: justify;\">Ng\u01b0\u1eddi lao \u0111\u1ed9ng n\u01b0\u1edbc ngo\u00e0i c\u00f3 tay ngh\u1ec1 v\u00e0 sinh vi\u00ean qu\u1ed1c t\u1ebf c\u00f3 th\u1ec3 n\u1ed9p \u0111\u01a1n xin th\u01b0\u1eddng tr\u00fa t\u1ea1i Atlantic Canada th\u00f4ng qua Ch\u01b0\u01a1ng tr\u00ecnh th\u00ed \u0111i\u1ec3m nh\u1eadp c\u01b0 \u0110\u1ea1i T\u00e2y D\u01b0\u01a1ng (AIPP).\u00a0AIPP Canada cho ph\u00e9p ng\u01b0\u1eddi n\u1ed9p \u0111\u01a1n s\u1ed1ng v\u00e0 l\u00e0m vi\u1ec7c t\u1ea1i m\u1ed9t trong b\u1ed1n t\u1ec9nh \u0110\u1ea1i T\u00e2y D\u01b0\u01a1ng c\u1ee7a Canada: Newfoundland v\u00e0 Labrador, New Brunswick, Nova Scotia v\u00e0 \u0110\u1ea3o Ho\u00e0ng t\u1eed Edward.<\/p>\n<p style=\"text-align: justify;\">Ng\u01b0\u1eddi s\u1eed d\u1ee5ng lao \u0111\u1ed9ng \u1edf m\u1ed9t trong b\u1ed1n t\u1ec9nh n\u00e0y c\u00f3 th\u1ec3 thu\u00ea ng\u01b0\u1eddi n\u01b0\u1edbc ngo\u00e0i l\u00e0m nh\u1eefng c\u00f4ng vi\u1ec7c m\u00e0 h\u1ecd kh\u00f4ng th\u1ec3 l\u00e0m \u0111\u01b0\u1ee3c \u1edf \u0111\u1ecba ph\u01b0\u01a1ng.<\/p>\n<p style=\"text-align: justify;\">Nh\u1eefng ng\u01b0\u1eddi nh\u1eadp c\u01b0 ti\u1ec1m n\u0103ng c\u00f3 th\u1ec3 s\u1ed1ng \u1edf Canada t\u1ea1m th\u1eddi ho\u1eb7c s\u1ed1ng \u1edf n\u01b0\u1edbc ngo\u00e0i \u0111\u1ec3 \u0111\u1ee7 \u0111i\u1ec1u ki\u1ec7n tham gia ch\u01b0\u01a1ng tr\u00ecnh.\u00a0N\u1ebfu mu\u1ed1n tham gia ch\u01b0\u01a1ng tr\u00ecnh, b\u1ea1n ph\u1ea3i c\u00f3 l\u1eddi m\u1eddi l\u00e0m vi\u1ec7c t\u1eeb m\u1ed9t nh\u00e0 tuy\u1ec3n d\u1ee5ng \u0111\u01b0\u1ee3c ch\u1ec9 \u0111\u1ecbnh \u1edf Atlantic Canada.<\/p>\n<p style=\"text-align: justify;\">Ch\u01b0\u01a1ng tr\u00ecnh Th\u00ed \u0111i\u1ec3m Nh\u1eadp c\u01b0 \u0110\u1ea1i T\u00e2y D\u01b0\u01a1ng c\u1ee7a Canada c\u00f3 ba ch\u01b0\u01a1ng tr\u00ecnh m\u00e0 b\u1ea1n c\u00f3 th\u1ec3 \u0111\u0103ng k\u00fd:<\/p>\n<p style=\"text-align: justify;\">&#8211; Ch\u01b0\u01a1ng tr\u00ecnh sau \u0111\u1ea1i h\u1ecdc qu\u1ed1c t\u1ebf Atlantic<\/p>\n<p style=\"text-align: justify;\">&#8211; Ch\u01b0\u01a1ng tr\u00ecnh C\u00f4ng nh\u00e2n tay ngh\u1ec1 cao Atlantic<\/p>\n<p style=\"text-align: justify;\">&#8211; Ch\u01b0\u01a1ng tr\u00ecnh c\u00f4ng nh\u00e2n l\u00e0nh ngh\u1ec1 trung c\u1ea5p Atlantic<\/p>\n<h3 style=\"text-align: justify;\">2. C\u00e1c ti\u00eau ch\u00ed \u0111\u1ee7 \u0111i\u1ec1u ki\u1ec7n cho Ch\u01b0\u01a1ng tr\u00ecnh th\u00ed \u0111i\u1ec3m nh\u1eadp c\u01b0 \u0110\u1ea1i T\u00e2y D\u01b0\u01a1ng v\u00e0o Canada l\u00e0 g\u00ec?<\/h3>\n<p style=\"text-align: justify;\">C\u00f3 m\u1ed9t s\u1ed1 y\u00eau c\u1ea7u v\u1ec1 t\u00ednh \u0111\u1ee7 \u0111i\u1ec1u ki\u1ec7n m\u00e0 t\u1ea5t c\u1ea3 ng\u01b0\u1eddi n\u01b0\u1edbc ngo\u00e0i \u0111ang n\u1ed9p \u0111\u01a1n xin th\u01b0\u1eddng tr\u00fa ph\u1ea3i \u0111\u00e1p \u1ee9ng. Sau \u0111\u00f3, c\u00f3 nh\u1eefng y\u00eau c\u1ea7u c\u1ee5 th\u1ec3 cho t\u1eebng ch\u01b0\u01a1ng tr\u00ecnh trong s\u1ed1 ba ch\u01b0\u01a1ng tr\u00ecnh.<\/p>\n<p style=\"text-align: justify;\"><strong>C\u00e1c\u00a0ti\u00eau ch\u00ed m\u00e0 ng\u01b0\u1eddi n\u1ed9p \u0111\u01a1n t\u1eeb c\u1ea3 ba ch\u01b0\u01a1ng tr\u00ecnh ph\u1ea3i \u0111\u00e1p \u1ee9ng l\u00e0:<\/strong><\/p>\n<p style=\"text-align: justify;\"><strong>&#8211; B\u1eb1ng ch\u1ee9ng b\u1ea1n \u0111\u00e1p \u1ee9ng c\u00e1c ti\u00eau ch\u00ed ng\u00f4n ng\u1eef<\/strong>.\u00a0B\u1ea1n ph\u1ea3i l\u00e0m b\u00e0i ki\u1ec3m tra ng\u00f4n ng\u1eef \u0111\u1ec3 ch\u1ee9ng minh b\u1ea1n c\u00f3 th\u1ec3 giao ti\u1ebfp b\u1eb1ng m\u1ed9t trong hai ng\u00f4n ng\u1eef ch\u00ednh th\u1ee9c c\u1ee7a Canada: ti\u1ebfng Anh ho\u1eb7c ti\u1ebfng Ph\u00e1p.\u00a0Canada c\u00f3 danh s\u00e1ch c\u00e1c c\u01a1 quan \u0111\u01b0\u1ee3c ph\u00ea duy\u1ec7t tr\u00ean trang web c\u1ee7a IRCC, ch\u1eb3ng h\u1ea1n nh\u01b0 IELTS ho\u1eb7c CELPIP cho ti\u1ebfng Anh, ho\u1eb7c TEF Canada ho\u1eb7c TFC Canada cho ti\u1ebfng Ph\u00e1p.<\/p>\n<p style=\"text-align: justify;\"><strong>&#8211; B\u1eb1ng ch\u1ee9ng v\u1ec1 \u0111\u1ee7 <\/strong><strong>kinh ph\u00ed<\/strong><strong>.\u00a0<\/strong>B\u1ea1n ph\u1ea3i c\u00f3 kh\u1ea3 n\u0103ng chu c\u1ea5p cho b\u1ea3n th\u00e2n v\u00e0 b\u1ea5t k\u1ef3 th\u00e0nh vi\u00ean n\u00e0o trong gia \u0111\u00ecnh \u0111ang di c\u01b0 c\u00f9ng b\u1ea1n.<\/p>\n<p style=\"text-align: justify;\"><strong>&#8211; C\u00f3 m\u1ed9t l\u1eddi m\u1eddi l\u00e0m vi\u1ec7c.<\/strong><\/p>\n<p style=\"padding-left: 40px; text-align: justify;\">+ Ng\u01b0\u1eddi s\u1eed d\u1ee5ng lao \u0111\u1ed9ng c\u1ee7a b\u1ea1n ph\u1ea3i m\u1eddi b\u1ea1n l\u00e0m vi\u1ec7c th\u00f4ng qua m\u1eabu \u0110\u1ec1 ngh\u1ecb tuy\u1ec3n d\u1ee5ng cho ng\u01b0\u1eddi n\u01b0\u1edbc ngo\u00e0i [IMM5650].<\/p>\n<p style=\"padding-left: 40px; text-align: justify;\">+ Ch\u1ee7 lao \u0111\u1ed9ng c\u1ee7a b\u1ea1n ph\u1ea3i c\u00f3 X\u00e1c nh\u1eadn ch\u1ec9 \u0111\u1ecbnh t\u1eeb c\u00e1c t\u1ec9nh \u0110\u1ea1i T\u00e2y D\u01b0\u01a1ng. \u0110\u1ec3 xem nh\u00e0 tuy\u1ec3n d\u1ee5ng \u0111\u01b0\u1ee3c ch\u1ec9 \u0111\u1ecbnh n\u00e0o \u0111ang n\u1ed9p \u0111\u01a1n v\u00e0o AIPP Canada, b\u1ea1n n\u00ean truy c\u1eadp trang ch\u00ednh th\u1ee9c c\u1ee7a t\u1eebng t\u1ec9nh.<\/p>\n<p style=\"padding-left: 40px; text-align: justify;\">+ B\u1ea1n ph\u1ea3i l\u00e0m c\u00f4ng vi\u1ec7c to\u00e0n th\u1eddi gian (\u00edt nh\u1ea5t 30 gi\u1edd m\u1ed7i tu\u1ea7n).<\/p>\n<p style=\"padding-left: 40px; text-align: justify;\">+ B\u1ea1n kh\u00f4ng th\u1ec3 l\u00e0m c\u00f4ng vi\u1ec7c th\u1eddi v\u1ee5.<\/p>\n<p style=\"padding-left: 40px; text-align: justify;\">+ C\u00f4ng vi\u1ec7c c\u1ee7a b\u1ea1n ph\u1ea3i thu\u1ed9c lo\u1ea1i k\u1ef9 n\u0103ng\/c\u1ea5p \u0111\u1ed9 0, A, B ho\u1eb7c C theo Ph\u00e2n lo\u1ea1i ngh\u1ec1 nghi\u1ec7p qu\u1ed1c gia (NOC).<\/p>\n<p style=\"padding-left: 40px; text-align: justify;\"><strong>+ \u0110\u1ed1i v\u1edbi <\/strong><em>sinh vi\u00ean t\u1ed1t nghi\u1ec7p qu\u1ed1c t\u1ebf <\/em><strong>v\u00e0\u00a0<\/strong><em>c\u00f4ng nh\u00e2n c\u00f3 tay ngh\u1ec1 cao<\/em><strong>:<\/strong>\u00a0C\u00f4ng vi\u1ec7c c\u1ee7a b\u1ea1n ph\u1ea3i k\u00e9o d\u00e0i \u00edt nh\u1ea5t m\u1ed9t n\u0103m.<\/p>\n<p style=\"padding-left: 40px; text-align: justify;\"><strong>+ \u0110\u1ed1i v\u1edbi <\/strong><em>C\u00f4ng nh\u00e2n c\u00f3 tr\u00ecnh \u0111\u1ed9 trung c\u1ea5p<\/em><strong>:<\/strong>\u00a0B\u1ea1n ph\u1ea3i c\u00f3 h\u1ee3p \u0111\u1ed3ng l\u00e2u d\u00e0i (ngh\u0129a l\u00e0 kh\u00f4ng c\u00f3 ng\u00e0y k\u1ebft th\u00fac c\u1ed1 \u0111\u1ecbnh).<\/p>\n<p style=\"text-align: justify;\">Xem c\u00e1c\u00a0<strong>y\u00eau c\u1ea7u c\u1ee5 th\u1ec3, b\u1ed5 sung<\/strong>\u00a0cho t\u1eebng ch\u01b0\u01a1ng tr\u00ecnh trong Th\u00ed \u0111i\u1ec3m Nh\u1eadp c\u01b0 \u0110\u1ea1i T\u00e2y D\u01b0\u01a1ng c\u1ee7a Canada b\u00ean d\u01b0\u1edbi:<\/p>\n<p style=\"text-align: justify;\"><strong>Ch\u01b0\u01a1ng tr\u00ecnh sau \u0111\u1ea1i h\u1ecdc qu\u1ed1c t\u1ebf Atlantic<\/strong><\/p>\n<p style=\"text-align: justify;\">N\u1ebfu b\u1ea1n \u0111ang \u0111\u0103ng k\u00fd th\u00f4ng qua ch\u01b0\u01a1ng tr\u00ecnh T\u1ed1t nghi\u1ec7p Qu\u1ed1c t\u1ebf c\u1ee7a Th\u00ed \u0111i\u1ec3m Nh\u1eadp c\u01b0 \u0110\u1ea1i T\u00e2y D\u01b0\u01a1ng, b\u1ea1n ph\u1ea3i \u0111\u00e1p \u1ee9ng c\u00e1c ti\u00eau ch\u00ed \u0111\u1ee7 \u0111i\u1ec1u ki\u1ec7n sau:<\/p>\n<p style=\"text-align: justify;\">&#8211; Trong hai n\u0103m tr\u01b0\u1edbc khi nh\u1eadn \u0111\u01b0\u1ee3c b\u1eb1ng t\u1ed1t nghi\u1ec7p, b\u1ea1n ph\u1ea3i s\u1ed1ng \u1edf t\u1ec9nh Atlantic \u00edt nh\u1ea5t 16 th\u00e1ng.<\/p>\n<p style=\"text-align: justify;\">&#8211; B\u1ea1n c\u1ea7n ph\u1ea3i c\u00f3 \u00edt nh\u1ea5t b\u1eb1ng t\u1ed1t nghi\u1ec7p\/b\u1eb1ng c\u1ea5p hai n\u0103m ho\u1eb7c b\u1eb1ng c\u1ea5p th\u01b0\u01a1ng m\u1ea1i\/h\u1ecdc ngh\u1ec1 t\u1eeb m\u1ed9t c\u01a1 s\u1edf gi\u00e1o d\u1ee5c \u0111\u01b0\u1ee3c c\u00f4ng nh\u1eadn v\u00e0 t\u00e0i tr\u1ee3 c\u00f4ng t\u1ea1i m\u1ed9t trong c\u00e1c t\u1ec9nh thu\u1ed9c \u0110\u1ea1i T\u00e2y D\u01b0\u01a1ng.<\/p>\n<p style=\"padding-left: 40px; text-align: justify;\">+ B\u1ea1n ph\u1ea3i l\u00e0 sinh vi\u00ean to\u00e0n th\u1eddi gian.<\/p>\n<p style=\"padding-left: 40px; text-align: justify;\">+ B\u1ea1n ph\u1ea3i t\u1ed1t nghi\u1ec7p trong v\u00f2ng 24 th\u00e1ng ngay tr\u01b0\u1edbc khi n\u1ed9p \u0111\u01a1n.<\/p>\n<p style=\"padding-left: 40px; text-align: justify;\">+ B\u1ea1n \u0111\u00e3 h\u1ecdc\/l\u00e0m vi\u1ec7c v\u1edbi gi\u1ea5y ph\u00e9p ho\u1eb7c visa h\u1ee3p l\u1ec7.<\/p>\n<p style=\"text-align: justify;\">&#8211; B\u1ea1n kh\u00f4ng c\u1ea7n ph\u1ea3i c\u00f3 kinh nghi\u1ec7m l\u00e0m vi\u1ec7c tr\u01b0\u1edbc \u0111\u00f3.<\/p>\n<p style=\"text-align: justify;\"><strong>Ghi nh\u1edb:<\/strong><\/p>\n<p style=\"text-align: justify;\">N\u1ebfu b\u1ea1n h\u1ecdc th\u00f4ng qua h\u1ecdc b\u1ed5ng\/h\u1ecdc b\u1ed5ng y\u00eau c\u1ea7u b\u1ea1n ph\u1ea3i tr\u1edf v\u1ec1 n\u01b0\u1edbc sau khi t\u1ed1t nghi\u1ec7p, b\u1ea1n kh\u00f4ng th\u1ec3 \u0111\u0103ng k\u00fd ch\u01b0\u01a1ng tr\u00ecnh n\u00e0y.<\/p>\n<p style=\"text-align: justify;\">N\u1ebfu b\u1ea1n c\u00f3 b\u1eb1ng c\u1ea5p gi\u00e1o d\u1ee5c t\u1eeb b\u00ean ngo\u00e0i Canada m\u00e0 b\u1ea1n mu\u1ed1n \u0111\u01b0a v\u00e0o, b\u1ea1n ph\u1ea3i \u0111\u00e1nh gi\u00e1 ch\u00fang (ch\u1ee9ng minh ch\u00fang t\u01b0\u01a1ng \u0111\u01b0\u01a1ng v\u1edbi tr\u00ecnh \u0111\u1ed9 h\u1ecdc v\u1ea5n c\u1ee7a Canada).\u00a0N\u1ebfu kh\u00f4ng, ch\u1ec9 c\u00f3 vi\u1ec7c h\u1ecdc t\u1eadp b\u1ea1n \u0111\u00e3 th\u1ef1c hi\u1ec7n \u1edf Canada m\u1edbi \u0111\u01b0\u1ee3c t\u00ednh.<\/p>\n<p style=\"text-align: justify;\"><strong>Ch\u01b0\u01a1ng tr\u00ecnh C\u00f4ng nh\u00e2n tay ngh\u1ec1 cao Atlantic v\u00e0 Ch\u01b0\u01a1ng tr\u00ecnh C\u00f4ng nh\u00e2n tay ngh\u1ec1 trung c\u1ea5p Atlantic<\/strong><\/p>\n<p style=\"text-align: justify;\">\u0110\u1ec3 \u0111\u0103ng k\u00fd l\u00e0m c\u00f4ng nh\u00e2n c\u00f3 tay ngh\u1ec1 cao ho\u1eb7c trung c\u1ea5p th\u00f4ng qua Ch\u01b0\u01a1ng tr\u00ecnh Th\u00ed \u0111i\u1ec3m Nh\u1eadp c\u01b0 \u0110\u1ea1i T\u00e2y D\u01b0\u01a1ng c\u1ee7a Canada, b\u1ea1n ph\u1ea3i \u0111\u00e1p \u1ee9ng c\u00e1c th\u00f4ng tin \u0111\u1ee7 \u0111i\u1ec1u ki\u1ec7n sau:<\/p>\n<p style=\"text-align: justify;\">&#8211; B\u1ea1n ph\u1ea3i l\u00e0m vi\u1ec7c \u00edt nh\u1ea5t 1.560 gi\u1edd trong ba n\u0103m qua (30 gi\u1edd m\u1ed9t tu\u1ea7n).<\/p>\n<p style=\"padding-left: 40px; text-align: justify;\">+ B\u1ea1n ph\u1ea3i l\u00e0m vi\u1ec7c trong m\u1ed9t ng\u00e0nh ngh\u1ec1 nh\u01b0ng c\u00f3 th\u1ec3 l\u00e0m vi\u1ec7c v\u1edbi nhi\u1ec1u nh\u00e0 tuy\u1ec3n d\u1ee5ng kh\u00e1c nhau.<\/p>\n<p style=\"padding-left: 40px; text-align: justify;\">+ Gi\u1edd c\u00f3 th\u1ec3 \u1edf trong ho\u1eb7c ngo\u00e0i Canada.<\/p>\n<p style=\"padding-left: 40px; text-align: justify;\">+ S\u1ed1 gi\u1edd ph\u1ea3i \u0111\u01b0\u1ee3c tr\u1ea3. S\u1ed1 gi\u1edd t\u1ef1 l\u00e0m ch\u1ee7, c\u00f4ng vi\u1ec7c t\u00ecnh nguy\u1ec7n ho\u1eb7c th\u1ef1c t\u1eadp kh\u00f4ng l\u01b0\u01a1ng kh\u00f4ng \u0111\u01b0\u1ee3c t\u00ednh.<\/p>\n<p style=\"text-align: justify;\">&#8211; B\u1ea1n ph\u1ea3i c\u00f3:<\/p>\n<p style=\"padding-left: 40px; text-align: justify;\">+ Ch\u1ee9ng ch\u1ec9\/b\u1eb1ng t\u1ed1t nghi\u1ec7p trung h\u1ecdc (trung h\u1ecdc) ho\u1eb7c gi\u00e1o d\u1ee5c sau trung h\u1ecdc \u1edf Canada.<\/p>\n<p style=\"padding-left: 40px; text-align: justify;\">+ B\u1eb1ng t\u1ed1t nghi\u1ec7p\/ch\u1ee9ng ch\u1ec9 t\u1eeb m\u1ed9t t\u1ed5 ch\u1ee9c n\u01b0\u1edbc ngo\u00e0i t\u01b0\u01a1ng \u0111\u01b0\u01a1ng v\u1edbi b\u1eb1ng c\u1ea5p c\u1ee7a Canada. \u0110i\u1ec1u n\u00e0y c\u00f3 ngh\u0129a l\u00e0 b\u1ea1n ph\u1ea3i \u0111\u00e1nh gi\u00e1 tr\u00ecnh \u0111\u1ed9 c\u1ee7a m\u00ecnh th\u00f4ng qua b\u00e1o c\u00e1o \u0110\u00e1nh gi\u00e1 Ch\u1ee9ng ch\u1ec9 Gi\u00e1o d\u1ee5c (ECA).<\/p>\n<p style=\"text-align: justify;\">Ngo\u00e0i ra, \u0111\u1ed1i v\u1edbi\u00a0<strong><u>ng\u01b0\u1eddi lao \u0111\u1ed9ng c\u00f3 tr\u00ecnh \u0111\u1ed9 trung c\u1ea5p<\/u><\/strong>, b\u1ea1n c\u00f3 th\u1ec3 s\u1eed d\u1ee5ng m\u1ed9t trong c\u00e1c t\u00f9y ch\u1ecdn sau \u0111\u1ec3 \u0111\u1ee7 \u0111i\u1ec1u ki\u1ec7n tham gia AIPP Canada:<\/p>\n<p style=\"text-align: justify;\">&#8211; B\u1ea1n ph\u1ea3i c\u00f3 kinh nghi\u1ec7m l\u00e0m vi\u1ec7c \u1edf c\u1ea5p \u0111\u1ed9 k\u1ef9 n\u0103ng C trong Ph\u00e2n lo\u1ea1i ngh\u1ec1 nghi\u1ec7p qu\u1ed1c gia (NOC). IRCC s\u1eed d\u1ee5ng Ph\u00e2n lo\u1ea1i ngh\u1ec1 nghi\u1ec7p qu\u1ed1c gia \u0111\u1ec3 ph\u00e2n lo\u1ea1i c\u00f4ng vi\u1ec7c d\u1ef1a tr\u00ean nhi\u1ec7m v\u1ee5 c\u00f4ng vi\u1ec7c c\u1ee7a m\u1ed9t ng\u01b0\u1eddi v\u00e0 c\u00f4ng vi\u1ec7c h\u1ecd l\u00e0m. C\u1ea5p \u0111\u1ed9 k\u1ef9 n\u0103ng C trong NOC bao g\u1ed3m c\u00e1c c\u00f4ng vi\u1ec7c y\u00eau c\u1ea7u tr\u00ecnh \u0111\u1ed9 trung h\u1ecdc (trung h\u1ecdc) v\u00e0\/ho\u1eb7c \u0111\u00e0o t\u1ea1o theo c\u00f4ng vi\u1ec7c c\u1ee5 th\u1ec3. \u0110\u00e2y c\u00f3 th\u1ec3 l\u00e0 t\u00e0i x\u1ebf xe t\u1ea3i \u0111\u01b0\u1eddng d\u00e0i, ng\u01b0\u1eddi ph\u1ee5c v\u1ee5 \u0111\u1ed3 \u0103n\/\u0111\u1ed3 u\u1ed1ng ho\u1eb7c ng\u01b0\u1eddi b\u00e1n th\u1ecbt c\u00f4ng nghi\u1ec7p, c\u00f9ng nh\u1eefng ng\u01b0\u1eddi kh\u00e1c.<\/p>\n<p style=\"text-align: justify;\">&#8211; B\u1ea1n ph\u1ea3i c\u00f3 kinh nghi\u1ec7m l\u00e0m y t\u00e1 \u0111\u00e3 \u0111\u0103ng k\u00fd\/y t\u00e1 t\u00e2m th\u1ea7n (c\u1ea5p \u0111\u1ed9 k\u1ef9 n\u0103ng A 3012) ho\u1eb7c kinh nghi\u1ec7m l\u00e0m y t\u00e1 th\u1ef1c h\u00e0nh \u0111\u01b0\u1ee3c c\u1ea5p ph\u00e9p (c\u1ea5p \u0111\u1ed9 k\u1ef9 n\u0103ng B 3233).<\/p>\n<p style=\"text-align: justify;\">Ngo\u00e0i ra, b\u1ea1n ph\u1ea3i c\u00f3 l\u1eddi m\u1eddi l\u00e0m vi\u1ec7c v\u1edbi t\u01b0 c\u00e1ch l\u00e0 tr\u1ee3 l\u00fd y t\u00e1, c\u1ed9ng t\u00e1c vi\u00ean ph\u1ee5c v\u1ee5 b\u1ec7nh nh\u00e2n ho\u1eb7c tr\u1eadt t\u1ef1 ho\u1eb7c nh\u00e2n vi\u00ean h\u1ed7 tr\u1ee3 t\u1ea1i nh\u00e0.<\/p>\n<p style=\"text-align: justify;\"><strong>3. L\u00e0m th\u1ebf n\u00e0o \u0111\u1ec3 \u0111\u0103ng k\u00fd Th\u00ed \u0111i\u1ec3m nh\u1eadp c\u01b0 \u0110\u1ea1i T\u00e2y D\u01b0\u01a1ng v\u00e0o Canada?<\/strong><\/p>\n<p style=\"text-align: justify;\">N\u1ebfu b\u1ea1n \u0111\u00e1p \u1ee9ng t\u1ea5t c\u1ea3 c\u00e1c y\u00eau c\u1ea7u \u0111\u1ec3 \u0111\u0103ng k\u00fd m\u1ed9t trong c\u00e1c ch\u01b0\u01a1ng tr\u00ecnh Nh\u1eadp c\u01b0 \u0110\u1ea1i T\u00e2y D\u01b0\u01a1ng c\u1ee7a Canada, bao g\u1ed3m c\u1ea3 l\u1eddi m\u1eddi l\u00e0m vi\u1ec7c, b\u1ea1n ph\u1ea3i b\u1eaft \u0111\u1ea7u thu th\u1eadp t\u00e0i li\u1ec7u c\u1ee7a m\u00ecnh, t\u00ecm k\u1ebf ho\u1ea1ch \u0111\u1ecbnh c\u01b0 v\u00e0 x\u00e1c nh\u1eadn l\u1eddi m\u1eddi l\u00e0m vi\u1ec7c c\u1ee7a b\u1ea1n.\u00a0Sau \u0111\u00f3, b\u1ea1n c\u00f3 th\u1ec3 n\u1ed9p \u0111\u01a1n xin th\u01b0\u1eddng tr\u00fa.<\/p>\n<p style=\"text-align: justify;\"><strong>T\u00ecm ph\u01b0\u01a1ng \u00e1n gi\u1ea3i quy\u1ebft<\/strong><\/p>\n<p style=\"text-align: justify;\">Sau khi nh\u1eadn \u0111\u01b0\u1ee3c l\u1eddi m\u1eddi l\u00e0m vi\u1ec7c t\u1eeb ng\u01b0\u1eddi s\u1eed d\u1ee5ng lao \u0111\u1ed9ng \u0111\u01b0\u1ee3c ch\u1ec9 \u0111\u1ecbnh, b\u1ea1n s\u1ebd ph\u1ea3i t\u00ecm m\u1ed9t t\u1ed5 ch\u1ee9c cung c\u1ea5p d\u1ecbch v\u1ee5 \u0111\u1ecbnh c\u01b0 t\u1ea1i khu v\u1ef1c b\u1ea1n s\u1ebd s\u1ed1ng.\u00a0T\u1ed5 ch\u1ee9c n\u00e0y cung c\u1ea5p cho b\u1ea1n m\u1ed9t k\u1ebf ho\u1ea1ch \u0111\u1ecbnh c\u01b0 \u0111\u1ec3 gi\u00fap b\u1ea1n \u1ed5n \u0111\u1ecbnh cu\u1ed9c s\u1ed1ng trong c\u1ed9ng \u0111\u1ed3ng m\u1edbi c\u1ee7a m\u00ecnh.<\/p>\n<p style=\"text-align: justify;\">Ch\u1ee7 lao \u0111\u1ed9ng \u0111\u01b0\u1ee3c ch\u1ec9 \u0111\u1ecbnh c\u1ee7a b\u1ea1n c\u00f3 th\u1ec3 gi\u00fap b\u1ea1n t\u00ecm m\u1ed9t t\u1ed5 ch\u1ee9c \u0111\u1ecbnh c\u01b0.\u00a0B\u1ea1n c\u00f3 th\u1ec3 l\u00e0m vi\u1ec7c v\u1edbi m\u1ed9t trong nh\u1eefng t\u1ed5 ch\u1ee9c n\u00e0y b\u1ea5t k\u1ec3 b\u1ea1n \u1edf trong hay ngo\u00e0i Canada.<\/p>\n<p style=\"text-align: justify;\"><strong>X\u00e1c nh\u1eadn l\u1eddi m\u1eddi l\u00e0m vi\u1ec7c<\/strong><\/p>\n<p style=\"text-align: justify;\">Sau khi b\u1ea1n c\u00f3 k\u1ebf ho\u1ea1ch \u0111\u1ecbnh c\u01b0, t\u1ec9nh m\u00e0 b\u1ea1n s\u1ebd l\u00e0m vi\u1ec7c ph\u1ea3i x\u00e1c nh\u1eadn l\u1eddi m\u1eddi l\u00e0m vi\u1ec7c c\u1ee7a b\u1ea1n.\u00a0Vi\u1ec7c n\u00e0y do ch\u1ee7 nh\u00e2n c\u1ee7a b\u1ea1n x\u1eed l\u00fd.\u00a0B\u1ea1n kh\u00f4ng th\u1ec3 n\u1ed9p \u0111\u01a1n xin th\u01b0\u1eddng tr\u00fa cho \u0111\u1ebfn khi t\u1ec9nh x\u00e1c nh\u1eadn l\u1eddi m\u1eddi l\u00e0m vi\u1ec7c c\u1ee7a b\u1ea1n v\u00e0 c\u1ea5p cho b\u1ea1n Gi\u1ea5y ch\u1ee9ng nh\u1eadn ch\u1ee9ng th\u1ef1c.<\/p>\n<p style=\"text-align: justify;\">B\u1ea1n ph\u1ea3i k\u00e8m theo gi\u1ea5y ch\u1ee9ng nh\u1eadn n\u00e0y trong \u0111\u01a1n xin th\u01b0\u1eddng tr\u00fa c\u1ee7a m\u00ecnh.<\/p>\n[\/vc_column_text][\/vc_column][\/vc_row]\n<\/div>","protected":false},"excerpt":{"rendered":"<p>[vc_row top_margin=&#8221;0&#8243; bottom_margin=&#8221;0&#8243; css=&#8221;.vc_custom_1499912039446{margin-top: -30px !important;}&#8221;][vc_column][\/vc_column][\/vc_row][vc_row][vc_column][vc_column_text css=&#8221;&#8221;] M\u1ed9t trong nh\u1eefng\u00a0c\u00e1ch m\u00e0 c\u00f4ng d\u00e2n n\u01b0\u1edbc ngo\u00e0i c\u00f3 th\u1ec3 n\u1ed9p \u0111\u01a1n xin Th\u01b0\u1eddng tr\u00fa t\u1ea1i Canada\u00a0l\u00e0 th\u00f4ng qua Ch\u01b0\u01a1ng tr\u00ecnh Th\u00ed \u0111i\u1ec3m Nh\u1eadp c\u01b0 \u0110\u1ea1i T\u00e2y D\u01b0\u01a1ng.\u00a0Tuy nhi\u00ean, ch\u01b0\u01a1ng tr\u00ecnh n\u00e0y ch\u1ec9 kh\u1ea3 d\u1ee5ng n\u1ebfu b\u1ea1n \u0111\u00e1p \u1ee9ng m\u1ed9t s\u1ed1 \u0111i\u1ec1u ki\u1ec7n nh\u1ea5t \u0111\u1ecbnh v\u00e0 \u0111\u1ed1i v\u1edbi [&hellip;]<\/p>\n","protected":false},"author":1,"featured_media":0,"parent":0,"menu_order":0,"comment_status":"closed","ping_status":"closed","template":"","meta":{"footnotes":""},"class_list":["post-6063","page","type-page","status-publish","hentry"],"_links":{"self":[{"href":"https:\/\/immico.vn\/vi\/wp-json\/wp\/v2\/pages\/6063","targetHints":{"allow":["GET"]}}],"collection":[{"href":"https:\/\/immico.vn\/vi\/wp-json\/wp\/v2\/pages"}],"about":[{"href":"https:\/\/immico.vn\/vi\/wp-json\/wp\/v2\/types\/page"}],"author":[{"embeddable":true,"href":"https:\/\/immico.vn\/vi\/wp-json\/wp\/v2\/users\/1"}],"replies":[{"embeddable":true,"href":"https:\/\/immico.vn\/vi\/wp-json\/wp\/v2\/comments?post=6063"}],"version-history":[{"count":5,"href":"https:\/\/immico.vn\/vi\/wp-json\/wp\/v2\/pages\/6063\/revisions"}],"predecessor-version":[{"id":10249,"href":"https:\/\/immico.vn\/vi\/wp-json\/wp\/v2\/pages\/6063\/revisions\/10249"}],"wp:attachment":[{"href":"https:\/\/immico.vn\/vi\/wp-json\/wp\/v2\/media?parent=6063"}],"curies":[{"name":"wp","href":"https:\/\/api.w.org\/{rel}","templated":true}]}}