{"id":6069,"date":"2017-07-19T04:41:04","date_gmt":"2017-07-19T04:41:04","guid":{"rendered":"https:\/\/colaw.vn\/change-in-business-registration-contents\/"},"modified":"2025-05-19T08:06:34","modified_gmt":"2025-05-19T08:06:34","slug":"visa-tu-kinh-doanh","status":"publish","type":"page","link":"https:\/\/immico.vn\/vi\/visa-tu-kinh-doanh\/","title":{"rendered":"Visa T\u1ef1 Kinh Doanh"},"content":{"rendered":"<div class=\"wpb-content-wrapper\">[vc_row top_margin=&#8221;0&#8243; bottom_margin=&#8221;0&#8243; css=&#8221;.vc_custom_1499912039446{margin-top: -30px !important;}&#8221;][vc_column]<div class=\"shortcode-wrapper shortcode-title clearfix hb-animate-element hb-fade-in\"><p style=\"color:#9a4c3c!important;border-color:#9a4c3c\" class=\"hb-text-large aligncenter\">Visa T\u1ef1 Kinh Doanh<\/p><\/div>[\/vc_column][\/vc_row][vc_row][vc_column][vc_column_text css=&#8221;&#8221;]\n<p style=\"text-align: justify;\">N\u1ebfu b\u1ea1n mu\u1ed1n chuy\u1ec3n \u0111\u1ebfn Canada v\u00e0 l\u00e0m vi\u1ec7c v\u1edbi t\u01b0 c\u00e1ch l\u00e0 ng\u01b0\u1eddi t\u1ef1 kinh doanh, b\u1ea1n c\u00f3 th\u1ec3 s\u1ebd c\u1ea7n th\u1ecb th\u1ef1c Canada t\u1ef1 kinh doanh, \u0111\u00e2y l\u00e0\u00a0th\u1ecb th\u1ef1c nh\u1eadp c\u01b0 v\u00e0o Canada\u00a0.<\/p>\n<p style=\"text-align: justify;\">Ch\u01b0\u01a1ng tr\u00ecnh t\u1ef1 kinh doanh c\u1ee7a Canada d\u00e0nh cho b\u1ea5t k\u1ef3 ai c\u00f3 kinh nghi\u1ec7m v\u1ec1 v\u0103n h\u00f3a ho\u1eb7c th\u1ec3 thao cho ph\u00e9p h\u1ecd t\u1ef1 kinh doanh.<\/p>\n<p style=\"text-align: justify;\"><strong>L\u01afU \u00dd: Ch\u00ednh ph\u1ee7 Canada kh\u00f4ng ch\u1ea5p nh\u1eadn \u0111\u01a1n \u0111\u0103ng k\u00fd ng\u00e0nh n\u00f4ng nghi\u1ec7p thu\u1ed9c khu v\u1ef1c t\u1ef1 kinh doanh k\u1ec3 t\u1eeb th\u00e1ng 3 n\u0103m 2018.<\/strong><\/p>\n<p style=\"text-align: justify;\">Tuy nhi\u00ean, ch\u1ec9 c\u00f3 m\u1ed9t trong nh\u1eefng ng\u00e0nh ngh\u1ec1 \u0111\u00f3 l\u00e0 ch\u01b0a \u0111\u1ee7 \u0111\u1ec3 \u0111\u01a1n xin th\u1ecb th\u1ef1c t\u1ef1 doanh c\u1ee7a b\u1ea1n c\u00f3 c\u01a1 h\u1ed9i \u0111\u01b0\u1ee3c ch\u1ea5p nh\u1eadn.\u00a0B\u1ea1n c\u0169ng ph\u1ea3i ch\u1ee9ng minh r\u1eb1ng b\u1ea1n c\u00f3 \u0111\u1ee7 kinh nghi\u1ec7m trong hai l\u0129nh v\u1ef1c \u0111\u00f3 \u0111\u1ec3 \u0111\u00f3ng g\u00f3p \u0111\u00e1ng k\u1ec3 cho Canada.<\/p>\n<h3 style=\"text-align: justify;\">1. Ai \u0111\u1ee7 \u0111i\u1ec1u ki\u1ec7n xin Visa t\u1ef1 kinh doanh Canada?<\/h3>\n<p style=\"text-align: justify;\">B\u1ea1n c\u00f3 \u0111\u1ee7 \u0111i\u1ec1u ki\u1ec7n \u0111\u1ec3 n\u1ed9p \u0111\u01a1n xin th\u1ecb th\u1ef1c t\u1ef1 doanh v\u00e0o Canada n\u1ebfu b\u1ea1n \u0111\u00e1p \u1ee9ng c\u00e1c \u0111i\u1ec1u ki\u1ec7n sau:<\/p>\n<p style=\"text-align: justify;\">B\u1ea1n c\u00f3 \u0111\u1ee7 kinh nghi\u1ec7m v\u00e0 k\u1ef9 n\u0103ng<\/p>\n<p style=\"text-align: justify;\">B\u1ea1n ph\u1ea3i c\u00f3 c\u1ea3 kinh nghi\u1ec7m v\u00e0 k\u1ef9 n\u0103ng c\u1ea7n thi\u1ebft \u0111\u1ec3 l\u00e0m vi\u1ec7c nh\u01b0 m\u1ed9t ng\u01b0\u1eddi t\u1ef1 kinh doanh \u1edf Canada.<\/p>\n<p style=\"text-align: justify;\">L\u01b0\u1ee3ng kinh nghi\u1ec7m t\u1ed1i thi\u1ec3u c\u1ea7n thi\u1ebft cho m\u1ed9t ng\u01b0\u1eddi t\u1ef1 kinh doanh l\u00e0 hai n\u0103m.\u00a0B\u1ea1n ph\u1ea3i c\u00f3 \u0111\u01b0\u1ee3c kinh nghi\u1ec7m n\u00e0y trong v\u00f2ng n\u0103m n\u0103m tr\u01b0\u1edbc khi n\u1ed9p \u0111\u01a1n.<\/p>\n<p style=\"text-align: justify;\">B\u1edfi v\u00ec th\u1ecb th\u1ef1c t\u1ef1 kinh doanh c\u1ee7a Canada\u00a0\u0111\u01b0\u1ee3c \u0111\u00e1nh gi\u00e1 b\u1eb1ng\u00a0h\u1ec7 th\u1ed1ng t\u00ednh \u0111i\u1ec3m\u00a0, nhi\u1ec1u kinh nghi\u1ec7m h\u01a1n c\u00f3 ngh\u0129a l\u00e0 nhi\u1ec1u \u0111i\u1ec3m h\u01a1n.<\/p>\n<p style=\"text-align: justify;\">B\u1ea1n ph\u1ea3i c\u00f3 kinh nghi\u1ec7m sau:<\/p>\n<ul style=\"text-align: justify;\">\n<li style=\"list-style-type: none;\">\n<ul>\n<li>Hai n\u0103m t\u1ef1 ch\u1ee7 trong c\u00e1c ho\u1ea1t \u0111\u1ed9ng v\u0103n h\u00f3a\/th\u1ec3 thao.<\/li>\n<li>Hai n\u0103m tham gia \u1edf c\u1ea5p \u0111\u1ed9 th\u1ebf gi\u1edbi trong c\u00e1c ho\u1ea1t \u0111\u1ed9ng v\u0103n h\u00f3a\/th\u1ec3 thao.<\/li>\n<\/ul>\n<\/li>\n<\/ul>\n<p style=\"text-align: justify;\"><strong>B\u1ea1n ph\u1ea3i \u0111\u00e1p \u1ee9ng c\u00e1c ti\u00eau ch\u00ed l\u1ef1a ch\u1ecdn d\u1ef1a tr\u00ean \u0111i\u1ec3m<\/strong><\/p>\n<p style=\"text-align: justify;\">C\u00e1c vi\u00ean ch\u1ee9c th\u1ecb th\u1ef1c x\u1eed l\u00fd \u0111\u01a1n xin th\u1ecb th\u1ef1c Canada t\u1ef1 kinh doanh c\u1ee7a b\u1ea1n s\u1ebd \u0111\u00e1nh gi\u00e1 b\u1ea1n d\u1ef1a tr\u00ean h\u1ec7 th\u1ed1ng t\u00ednh \u0111i\u1ec3m.\u00a0S\u1ed1 \u0111i\u1ec3m t\u1ed1i \u0111a l\u00e0 100 v\u00e0 b\u1ea1n s\u1ebd c\u1ea7n t\u1ed1i thi\u1ec3u 35 \u0111i\u1ec3m.<\/p>\n<p style=\"text-align: justify;\">H\u1ecd nh\u00ecn v\u00e0o b\u1ea1n:<\/p>\n<ul style=\"text-align: justify;\">\n<li style=\"list-style-type: none;\">\n<ul>\n<li><strong>Kinh nghi\u1ec7m (35 \u0111i\u1ec3m)<\/strong><\/li>\n<\/ul>\n<\/li>\n<\/ul>\n<p style=\"text-align: justify;\">B\u1ea1n nh\u1eadn \u0111\u01b0\u1ee3c s\u1ed1 \u0111i\u1ec3m t\u1ed1i \u0111a n\u1ebfu b\u1ea1n c\u00f3 \u00edt nh\u1ea5t 5 n\u0103m kinh nghi\u1ec7m.<\/p>\n<ul style=\"text-align: justify;\">\n<li style=\"list-style-type: none;\">\n<ul>\n<li><strong>Gi\u00e1o d\u1ee5c (25 \u0111i\u1ec3m)<\/strong><\/li>\n<\/ul>\n<\/li>\n<\/ul>\n<p style=\"text-align: justify;\">B\u1ea1n nh\u1eadn \u0111\u01b0\u1ee3c s\u1ed1 \u0111i\u1ec3m t\u1ed1i \u0111a n\u1ebfu b\u1ea1n c\u00f3 B\u1eb1ng Th\u1ea1c s\u0129 ho\u1eb7c Ti\u1ebfn s\u0129.\u00a0v\u00e0 \u00edt nh\u1ea5t 17 n\u0103m h\u1ecdc to\u00e0n th\u1eddi gian.<\/p>\n<ul style=\"text-align: justify;\">\n<li style=\"list-style-type: none;\">\n<ul>\n<li><strong>Tu\u1ed5i (10 \u0111i\u1ec3m)<\/strong><\/li>\n<\/ul>\n<\/li>\n<\/ul>\n<p style=\"text-align: justify;\">B\u1ea1n nh\u1eadn \u0111\u01b0\u1ee3c s\u1ed1 \u0111i\u1ec3m t\u1ed1i \u0111a n\u1ebfu b\u1ea1n \u1edf \u0111\u1ed9 tu\u1ed5i t\u1eeb 21\u201349.\u00a0H\u1ecd mu\u1ed1n nh\u1eefng ng\u01b0\u1eddi c\u00f3 th\u1ec3 \u0111\u00f3ng g\u00f3p cho v\u0103n h\u00f3a v\u00e0 th\u1ec3 thao c\u1ee7a Canada trong th\u1eddi gian d\u00e0i h\u01a1n.<\/p>\n<ul style=\"text-align: justify;\">\n<li style=\"list-style-type: none;\">\n<ul>\n<li><strong>Kh\u1ea3 n\u0103ng ng\u00f4n ng\u1eef (24 \u0111i\u1ec3m)<\/strong><\/li>\n<\/ul>\n<\/li>\n<\/ul>\n<p style=\"text-align: justify;\">H\u1ecd s\u1ebd \u0111\u00e1nh gi\u00e1 kh\u1ea3 n\u0103ng vi\u1ebft, n\u00f3i, \u0111\u1ecdc v\u00e0 nghe b\u1eb1ng ti\u1ebfng Anh ho\u1eb7c ti\u1ebfng Ph\u00e1p c\u1ee7a b\u1ea1n.\u00a0B\u1ea1n c\u00f3 th\u1ec3 ch\u1ecdn ng\u00f4n ng\u1eef b\u1ea1n gi\u1ecfi h\u01a1n l\u00e0m ng\u00f4n ng\u1eef ch\u00ednh th\u1ee9c \u0111\u1ea7u ti\u00ean c\u1ee7a m\u00ecnh.\u00a0B\u1ea1n c\u00f3 th\u1ec3 l\u00e0m b\u00e0i ki\u1ec3m tra ng\u00f4n ng\u1eef t\u1eeb m\u1ed9t c\u01a1 quan \u0111\u01b0\u1ee3c ch\u1ec9 \u0111\u1ecbnh nh\u01b0 IELTS ho\u1eb7c CELPIP cho ti\u1ebfng Anh ho\u1eb7c TEF Canada ho\u1eb7c TFC Canada cho ti\u1ebfng Ph\u00e1p.<\/p>\n<ul style=\"text-align: justify;\">\n<li style=\"list-style-type: none;\">\n<ul>\n<li><strong>Kh\u1ea3 n\u0103ng th\u00edch \u1ee9ng (6 \u0111i\u1ec3m)<\/strong><\/li>\n<\/ul>\n<\/li>\n<\/ul>\n<p style=\"text-align: justify;\">B\u1ea1n nh\u1eadn \u0111\u01b0\u1ee3c \u0111i\u1ec3m th\u00edch \u1ee9ng d\u1ef1a tr\u00ean: tr\u00ecnh \u0111\u1ed9 h\u1ecdc v\u1ea5n c\u1ee7a v\u1ee3\/ch\u1ed3ng b\u1ea1n;\u00a0tr\u01b0\u1edbc \u0111\u00e2y b\u1ea1n c\u00f3 t\u1eebng l\u00e0m vi\u1ec7c\/h\u1ecdc t\u1eadp \u1edf Canada hay kh\u00f4ng;\u00a0li\u1ec7u b\u1ea1n c\u00f3 ng\u01b0\u1eddi th\u00e2n \u1edf Canada hay kh\u00f4ng.\u00a0H\u1ecd xem x\u00e9t \u0111i\u1ec1u n\u00e0y \u0111\u1ec3 xem b\u1ea1n c\u00f3 kh\u1ea3 n\u0103ng h\u00f2a nh\u1eadp v\u00e0o n\u1ec1n v\u0103n h\u00f3a Canada t\u1ed1t \u0111\u1ebfn m\u1ee9c n\u00e0o.<\/p>\n<h3 style=\"text-align: justify;\">2. L\u00e0m th\u1ebf n\u00e0o \u0111\u1ec3 n\u1ed9p \u0111\u01a1n xin th\u1ecb th\u1ef1c t\u1ef1 doanh Canada?<\/h3>\n<p style=\"text-align: justify;\">C\u0169ng gi\u1ed1ng nh\u01b0 c\u00e1c lo\u1ea1i th\u1ecb th\u1ef1c Canada kh\u00e1c, vi\u1ec7c n\u1ed9p \u0111\u01a1n \u0111\u01b0\u1ee3c th\u1ef1c hi\u1ec7n tr\u1ef1c tuy\u1ebfn.<\/p>\n<p style=\"text-align: justify;\"><strong>Ki\u1ec3m tra t\u00ednh \u0111\u1ee7 \u0111i\u1ec1u ki\u1ec7n c\u1ee7a b\u1ea1n<\/strong><\/p>\n<p style=\"text-align: justify;\">V\u1ec1 c\u01a1 b\u1ea3n, b\u1ea1n ph\u1ea3i ki\u1ec3m tra xem m\u00ecnh c\u00f3 \u0111\u1ee7 \u0111i\u1ec1u ki\u1ec7n xin th\u1ecb th\u1ef1c hay kh\u00f4ng d\u1ef1a tr\u00ean b\u1ea3ng c\u00e2u h\u1ecfi tr\u1ef1c tuy\u1ebfn tr\u00ean trang web ch\u00ednh th\u1ee9c c\u1ee7a B\u1ed9 Di tr\u00fa, Ng\u01b0\u1eddi t\u1ecb n\u1ea1n v\u00e0 Qu\u1ed1c t\u1ecbch Canada (IRCC).\u00a0N\u1ebfu \u0111\u00fang nh\u01b0 v\u1eady, h\u1ecd s\u1ebd g\u1eedi cho b\u1ea1n m\u1ed9t g\u00f3i \u1ee9ng d\u1ee5ng \u0111\u1ebfn \u0111\u1ecba ch\u1ec9 email c\u1ee7a b\u1ea1n.\u00a0G\u00f3i \u1ee9ng d\u1ee5ng bao g\u1ed3m h\u01b0\u1edbng d\u1eabn, m\u1eabu \u0111\u01a1n \u0111\u0103ng k\u00fd v\u00e0 danh s\u00e1ch c\u00e1c t\u00e0i li\u1ec7u b\u1ea1n c\u1ea7n.\u00a0Th\u1ef1c hi\u1ec7n theo c\u00e1c h\u01b0\u1edbng d\u1eabn tr\u00ean h\u01b0\u1edbng d\u1eabn.<\/p>\n<p style=\"text-align: justify;\"><strong>\u0110i\u1ec1n v\u00e0o c\u00e1c bi\u1ec3u m\u1eabu v\u00e0 bi\u00ean d\u1ecbch t\u1ec7p t\u00e0i li\u1ec7u<\/strong><\/p>\n<p style=\"text-align: justify;\">B\u1ea1n ph\u1ea3i \u0111i\u1ec1n v\u00e0o t\u1ea5t c\u1ea3 c\u00e1c bi\u1ec3u m\u1eabu c\u1ea7n thi\u1ebft c\u00f3 trong g\u00f3i.\u00a0Sau \u0111\u00f3, n\u1ebfu b\u1ea1n \u0111\u0103ng k\u00fd tr\u1ef1c tuy\u1ebfn, h\u00e3y t\u1ea3i ch\u00fang l\u00ean \u0111\u01a1n \u0111\u0103ng k\u00fd tr\u1ef1c tuy\u1ebfn c\u1ee7a b\u1ea1n.<\/p>\n<p style=\"text-align: justify;\">N\u1ebfu b\u1ea1n n\u1ed9p \u0111\u01a1n b\u1eb1ng gi\u1ea5y, h\u00e3y in ch\u00fang ra v\u00e0 k\u00fd t\u00ean.\u00a0Sau \u0111\u00f3, thu th\u1eadp t\u1ea5t c\u1ea3 c\u00e1c t\u00e0i li\u1ec7u c\u1ea7n thi\u1ebft v\u00e0 \u0111\u00ednh k\u00e8m ch\u00fang v\u00e0o \u0111\u01a1n \u0111\u0103ng k\u00fd.\u00a0B\u1ea1n s\u1ebd ph\u1ea3i g\u1eedi \u0111\u01a1n \u0111\u0103ng k\u00fd \u0111\u00e3 ho\u00e0n th\u00e0nh \u0111\u1ebfn \u0111\u1ecba ch\u1ec9 m\u00e0 b\u1ea1n s\u1ebd \u0111\u01b0\u1ee3c cung c\u1ea5p.<\/p>\n<p style=\"text-align: justify;\">B\u1ea1n c\u0169ng ph\u1ea3i tr\u1ea3 ph\u00ed x\u1eed l\u00fd v\u00e0 \u0111\u00ednh k\u00e8m b\u1ea3n sao bi\u00ean nh\u1eadn v\u00e0o \u0111\u01a1n \u0111\u0103ng k\u00fd c\u1ee7a m\u00ecnh.<\/p>\n<p style=\"text-align: justify;\"><strong>T\u00e0i li\u1ec7u bao g\u1ed3m:<\/strong><\/p>\n<ul style=\"text-align: justify;\">\n<li style=\"list-style-type: none;\">\n<ul>\n<li>C\u00e1c t\u00e0i li\u1ec7u c\u1ea7n thi\u1ebft ti\u00eau chu\u1ea9n cho t\u1ea5t c\u1ea3 c\u00e1c \u0111\u01a1n xin th\u1ecb th\u1ef1c Canada.<\/li>\n<li>B\u1eb1ng ch\u1ee9ng v\u1ec1 t\u00ecnh tr\u1ea1ng gi\u00e1o d\u1ee5c nh\u01b0 ch\u1ee9ng ch\u1ec9, b\u1eb1ng t\u1ed1t nghi\u1ec7p ho\u1eb7c b\u1ea3ng \u0111i\u1ec3m.<\/li>\n<li>B\u1eb1ng ch\u1ee9ng l\u00e0 b\u1ea1n \u0111\u00e3 v\u01b0\u1ee3t qua b\u00e0i ki\u1ec3m tra ng\u00f4n ng\u1eef.<\/li>\n<li>B\u1eb1ng ch\u1ee9ng v\u1ec1 kinh nghi\u1ec7m l\u00e0m vi\u1ec7c c\u00f3 li\u00ean quan.<\/li>\n<li>B\u1eb1ng ch\u1ee9ng v\u1ec1 kh\u1ea3 n\u0103ng th\u00edch \u1ee9ng<\/li>\n<li>B\u1ea3n sao gi\u1ea5y t\u1edd th\u00f4ng h\u00e0nh\/h\u1ed9 chi\u1ebfu.\u00a0H\u1ecd ph\u1ea3i th\u1ec3 hi\u1ec7n t\u00ean, ng\u00e0y sinh, \u1ea3nh, ng\u00e0y h\u1ebft h\u1ea1n ho\u1eb7c thay \u0111\u1ed5i v\u1ec1 t\u00ean, ng\u00e0y sinh, ng\u00e0y h\u1ebft h\u1ea1n, v.v.<\/li>\n<li>Gi\u1ea5y t\u1edd c\u1ee7a c\u1ea3nh s\u00e1t.<\/li>\n<li>Gi\u1ea5y khai sinh.<\/li>\n<li>Gi\u1ea5y \u0111\u0103ng k\u00fd k\u1ebft h\u00f4n\/ly h\u00f4n ho\u1eb7c gi\u1ea5y ch\u1ee9ng nh\u1eadn h\u1ee7y h\u00f4n (n\u1ebfu \u0111\u00e3 k\u1ebft h\u00f4n nhi\u1ec1u l\u1ea7n, cung c\u1ea5p gi\u1ea5y t\u1edd cho m\u1ed7i l\u1ea7n).\u00a0(N\u1ebfu c\u00f3)<\/li>\n<li>Gi\u1ea5y ch\u1ee9ng t\u1eed c\u1ee7a v\u1ee3\/ch\u1ed3ng c\u0169\/b\u1ea1n \u0111\u1eddi chung.\u00a0(N\u1ebfu c\u00f3)<\/li>\n<li>N\u1ebfu b\u1ea1n c\u00f3 m\u1ed9t ng\u01b0\u1eddi b\u1ea1n \u0111\u1eddi chung s\u1ed1ng: Tuy\u00ean b\u1ed1 theo lu\u1eadt \u0111\u1ecbnh c\u1ee7a Li\u00ean minh Lu\u1eadt chung (IMM 5409 \u2013 b\u1ea3n g\u1ed1c) v\u00e0 b\u1eb1ng ch\u1ee9ng b\u1ea1n \u0111\u00e3 s\u1ed1ng c\u00f9ng nhau t\u1ed1i thi\u1ec3u 12 th\u00e1ng (h\u1ee3p \u0111\u1ed3ng thu\u00ea c\u0103n h\u1ed9 chung, h\u00f3a \u0111\u01a1n chung, \u0111\u1ecba ch\u1ec9 chung tr\u00ean t\u00e0i li\u1ec7u.)<\/li>\n<li>Th\u00f4ng tin v\u1ec1 con b\u1ea1n nh\u01b0 gi\u1ea5y khai sinh, gi\u1ea5y nh\u1eadn con nu\u00f4i ho\u1eb7c b\u1eb1ng ch\u1ee9ng v\u1ec1 quy\u1ec1n nu\u00f4i con.\u00a0(N\u1ebfu c\u00f3).<\/li>\n<li>ID qu\u1ed1c gia ho\u1eb7c s\u1ed5 \u0111\u0103ng k\u00fd \/ h\u1ed9 gia \u0111\u00ecnh ho\u1eb7c h\u1ed9 gia \u0111\u00ecnh.\u00a0(N\u1ebfu c\u00f3).<\/li>\n<li>Gi\u1ea5y ch\u1ee9ng nh\u1eadn v\u00e0 gi\u1ea5y ph\u00e9p c\u1ee7a c\u1ea3nh s\u00e1t.\u00a0H\u1ecd ph\u1ea3i \u0111\u1ebfn t\u1eeb m\u1ecdi qu\u1ed1c gia\/l\u00e3nh th\u1ed5 m\u00e0 b\u1ea1n \u0111\u00e3 s\u1ed1ng t\u1eeb s\u00e1u th\u00e1ng tr\u1edf l\u00ean.<\/li>\n<li>H\u00ecnh \u1ea3nh th\u1ecb th\u1ef1c Canada.<\/li>\n<li>Bi\u00ean lai n\u1ed9p l\u1ec7 ph\u00ed Visa Canada.<\/li>\n<li><strong>N\u1ebfu n\u1ed9p \u0111\u01a1n v\u1edbi t\u01b0 c\u00e1ch l\u00e0 ng\u01b0\u1eddi n\u1ed9p \u0111\u01a1n do Quebec ch\u1ecdn: <\/strong>Certificat de S\u00e9lection du Qu\u00e9bec (CSQ)<\/li>\n<\/ul>\n<\/li>\n<\/ul>\n<p style=\"text-align: justify;\">Xem h\u01b0\u1edbng d\u1eabn chi ti\u1ebft v\u1ec1 quy tr\u00ecnh xin th\u1ecb th\u1ef1c Canada t\u1ea1i \u0111\u00e2y.<\/p>\n<p style=\"text-align: justify;\">\u0110\u1ea3m b\u1ea3o b\u1ea1n kh\u00f4ng thi\u1ebfu b\u1ea5t k\u1ef3 t\u00e0i li\u1ec7u, bi\u1ec3u m\u1eabu ho\u1eb7c ph\u00ed n\u00e0o.\u00a0N\u1ebfu \u0111\u00fang nh\u01b0 v\u1eady, nh\u00e2n vi\u00ean c\u1ea5p th\u1ecb th\u1ef1c s\u1ebd g\u1eedi l\u1ea1i \u0111\u01a1n cho b\u1ea1n v\u00e0 y\u00eau c\u1ea7u b\u1ea1n s\u1eeda b\u1ea5t k\u1ef3 sai s\u00f3t n\u00e0o\/\u0111\u00ednh k\u00e8m c\u00e1c t\u00e0i li\u1ec7u m\u00e0 b\u1ea1n qu\u00ean.<\/p>\n<p style=\"text-align: justify;\"><strong>B\u1ea1n ph\u1ea3i cung c\u1ea5p th\u00f4ng tin sinh tr\u1eafc h\u1ecdc c\u1ee7a m\u00ecnh<\/strong><\/p>\n<p style=\"text-align: justify;\">\u1ee8ng vi\u00ean t\u1eeb 14 \u0111\u1ebfn 79 tu\u1ed5i ph\u1ea3i cung c\u1ea5p th\u00f4ng tin sinh tr\u1eafc h\u1ecdc c\u1ee7a m\u00ecnh.\u00a0\u0110i\u1ec1u n\u00e0y bao g\u1ed3m d\u1ea5u v\u00e2n tay v\u00e0 h\u00ecnh \u1ea3nh.<\/p>\n<p style=\"text-align: justify;\">B\u1ea1n cung c\u1ea5p th\u00f4ng tin sinh tr\u1eafc h\u1ecdc sau khi g\u1eedi \u0111\u01a1n \u0111\u0103ng k\u00fd.<\/p>\n<p style=\"text-align: justify;\">C\u00e1c vi\u00ean ch\u1ee9c x\u1eed l\u00fd \u0111\u01a1n xin th\u1ecb th\u1ef1c c\u1ee7a b\u1ea1n s\u1ebd th\u00f4ng b\u00e1o cho b\u1ea1n khi h\u1ecd nh\u1eadn \u0111\u01b0\u1ee3c \u0111\u01a1n \u0111\u0103ng k\u00fd ho\u00e0n ch\u1ec9nh c\u1ee7a b\u1ea1n.\u00a0Sau \u0111\u00f3, h\u1ecd s\u1ebd cho b\u1ea1n bi\u1ebft khi n\u00e0o b\u1ea1n n\u00ean g\u1eedi cho h\u1ecd th\u00f4ng tin sinh tr\u1eafc h\u1ecdc c\u1ee7a m\u00ecnh.<\/p>\n<p style=\"text-align: justify;\">B\u1ea1n h\u1eb3n \u0111\u00e3 thanh to\u00e1n ph\u00ed sinh tr\u1eafc h\u1ecdc khi g\u1eedi \u0111\u01a1n \u0111\u0103ng k\u00fd l\u1ea7n \u0111\u1ea7u ti\u00ean.<\/p>\n<p style=\"text-align: justify;\">B\u1ea1n c\u00f3 th\u1ec3 cung c\u1ea5p th\u00f4ng tin sinh tr\u1eafc h\u1ecdc c\u1ee7a m\u00ecnh t\u1ea1i trung t\u00e2m ti\u1ebfp nh\u1eadn h\u1ed3 s\u01a1 xin th\u1ecb th\u1ef1c Canada \u1edf qu\u1ed1c gia c\u1ee7a b\u1ea1n.\u00a0N\u1ebfu b\u1ea1n \u0111\u1ebfn t\u1eeb Hoa K\u1ef3, b\u1ea1n c\u00f3 th\u1ec3 th\u1ef1c hi\u1ec7n vi\u1ec7c n\u00e0y t\u1ea1i trung t\u00e2m h\u1ed7 tr\u1ee3 \u1ee9ng d\u1ee5ng.<\/p>\n<h3 style=\"text-align: justify;\">3. N\u1ebfu \u0111\u01a1n xin th\u1ecb th\u1ef1c t\u1ef1 doanh Canada c\u1ee7a b\u1ea1n \u0111\u01b0\u1ee3c ch\u1ea5p nh\u1eadn<\/h3>\n<p style=\"text-align: justify;\">N\u1ebfu b\u1ea1n c\u00f3 \u0111\u01b0\u1ee3c th\u1ecb th\u1ef1c t\u1ef1 doanh \u1edf Canada, khi b\u1ea1n \u0111\u1ebfn \u0111\u1ea5t n\u01b0\u1edbc n\u00e0y, m\u1ed9t vi\u00ean ch\u1ee9c c\u1ee7a C\u01a1 quan D\u1ecbch v\u1ee5 Bi\u00ean gi\u1edbi Canada (CBSA) s\u1ebd \u0111\u1ee3i b\u1ea1n.<\/p>\n<p style=\"text-align: justify;\">B\u1ea1n ph\u1ea3i mang theo h\u1ed9 chi\u1ebfu v\u00e0 c\u00e1c gi\u1ea5y t\u1edd du l\u1ecbch kh\u00e1c, th\u1ecb th\u1ef1c th\u01b0\u1eddng tr\u00fa h\u1ee3p l\u1ec7 v\u00e0 X\u00e1c nh\u1eadn th\u01b0\u1eddng tr\u00fa (COPR), c\u0169ng nh\u01b0 b\u1eb1ng ch\u1ee9ng b\u1ea1n c\u00f3 th\u1ec3 h\u1ed7 tr\u1ee3 t\u00e0i ch\u00ednh cho b\u1ea3n th\u00e2n v\u00e0 gia \u0111\u00ecnh.<\/p>\n<p style=\"text-align: justify;\">Vi\u00ean ch\u1ee9c s\u1ebd h\u1ecfi b\u1ea1n nh\u1eefng c\u00e2u h\u1ecfi nh\u1eb1m \u0111\u00e1nh gi\u00e1 xem b\u1ea1n c\u00f3 c\u00f2n \u0111\u1ee7 \u0111i\u1ec1u ki\u1ec7n xin th\u1ecb th\u1ef1c t\u1ef1 doanh hay kh\u00f4ng.\u00a0N\u1ebfu b\u1ea1n \u0111\u01b0a ra c\u00e2u tr\u1ea3 l\u1eddi kh\u00f4ng \u0111\u1ea7y \u0111\u1ee7 ho\u1eb7c sai, b\u1ea1n c\u00f3 th\u1ec3 kh\u00f4ng \u0111\u01b0\u1ee3c ph\u00e9p nh\u1eadp c\u1ea3nh v\u00e0o n\u01b0\u1edbc n\u00e0y.<\/p>\n[\/vc_column_text][\/vc_column][\/vc_row]\n<\/div>","protected":false},"excerpt":{"rendered":"<p>[vc_row top_margin=&#8221;0&#8243; bottom_margin=&#8221;0&#8243; css=&#8221;.vc_custom_1499912039446{margin-top: -30px !important;}&#8221;][vc_column][\/vc_column][\/vc_row][vc_row][vc_column][vc_column_text css=&#8221;&#8221;] N\u1ebfu b\u1ea1n mu\u1ed1n chuy\u1ec3n \u0111\u1ebfn Canada v\u00e0 l\u00e0m vi\u1ec7c v\u1edbi t\u01b0 c\u00e1ch l\u00e0 ng\u01b0\u1eddi t\u1ef1 kinh doanh, b\u1ea1n c\u00f3 th\u1ec3 s\u1ebd c\u1ea7n th\u1ecb th\u1ef1c Canada t\u1ef1 kinh doanh, \u0111\u00e2y l\u00e0\u00a0th\u1ecb th\u1ef1c nh\u1eadp c\u01b0 v\u00e0o Canada\u00a0. Ch\u01b0\u01a1ng tr\u00ecnh t\u1ef1 kinh doanh c\u1ee7a Canada d\u00e0nh cho b\u1ea5t k\u1ef3 ai c\u00f3 [&hellip;]<\/p>\n","protected":false},"author":1,"featured_media":0,"parent":0,"menu_order":0,"comment_status":"closed","ping_status":"closed","template":"","meta":{"footnotes":""},"class_list":["post-6069","page","type-page","status-publish","hentry"],"_links":{"self":[{"href":"https:\/\/immico.vn\/vi\/wp-json\/wp\/v2\/pages\/6069","targetHints":{"allow":["GET"]}}],"collection":[{"href":"https:\/\/immico.vn\/vi\/wp-json\/wp\/v2\/pages"}],"about":[{"href":"https:\/\/immico.vn\/vi\/wp-json\/wp\/v2\/types\/page"}],"author":[{"embeddable":true,"href":"https:\/\/immico.vn\/vi\/wp-json\/wp\/v2\/users\/1"}],"replies":[{"embeddable":true,"href":"https:\/\/immico.vn\/vi\/wp-json\/wp\/v2\/comments?post=6069"}],"version-history":[{"count":5,"href":"https:\/\/immico.vn\/vi\/wp-json\/wp\/v2\/pages\/6069\/revisions"}],"predecessor-version":[{"id":10258,"href":"https:\/\/immico.vn\/vi\/wp-json\/wp\/v2\/pages\/6069\/revisions\/10258"}],"wp:attachment":[{"href":"https:\/\/immico.vn\/vi\/wp-json\/wp\/v2\/media?parent=6069"}],"curies":[{"name":"wp","href":"https:\/\/api.w.org\/{rel}","templated":true}]}}