{"id":6072,"date":"2017-07-19T04:41:40","date_gmt":"2017-07-19T04:41:40","guid":{"rendered":"https:\/\/colaw.vn\/adjustment-of-investment-projects\/"},"modified":"2025-05-19T06:35:13","modified_gmt":"2025-05-19T06:35:13","slug":"dinh-cu-cong-nhan-lanh-nghe-duoc-tuyen-chon-cua-quebec","status":"publish","type":"page","link":"https:\/\/immico.vn\/vi\/dinh-cu-cong-nhan-lanh-nghe-duoc-tuyen-chon-cua-quebec\/","title":{"rendered":"\u0110\u1ecbnh C\u01b0 C\u00f4ng Nh\u00e2n L\u00e0nh Ngh\u1ec1 \u0110\u01b0\u1ee3c Tuy\u1ec3n Ch\u1ecdn C\u1ee7a Quebec"},"content":{"rendered":"<div class=\"wpb-content-wrapper\">[vc_row top_margin=&#8221;0&#8243; bottom_margin=&#8221;0&#8243; css=&#8221;.vc_custom_1499912039446{margin-top: -30px !important;}&#8221;][vc_column]<div class=\"shortcode-wrapper shortcode-title clearfix hb-animate-element hb-fade-in\"><p style=\"color:#9a4c3c!important;border-color:#9a4c3c\" class=\"hb-text-large aligncenter\">\u0110\u1ecbnh C\u01b0 C\u00f4ng Nh\u00e2n L\u00e0nh Ngh\u1ec1 \u0110\u01b0\u1ee3c Tuy\u1ec3n Ch\u1ecdn C\u1ee7a Quebec<\/p><\/div>[\/vc_column][\/vc_row][vc_row][vc_column][vc_column_text css=&#8221;&#8221;]\n<p style=\"text-align: justify;\">Canada \u0111\u01b0\u1ee3c t\u1ea1o th\u00e0nh t\u1eeb c\u00e1c t\u1ec9nh kh\u00e1c nhau v\u00e0 m\u1ed7i t\u1ec9nh c\u00f3 c\u00e1c quy \u0111\u1ecbnh v\u00e0 lu\u1eadt l\u1ec7 ri\u00eang, \u0111\u1eb7c bi\u1ec7t l\u00e0 v\u1ec1 nh\u1eadp c\u01b0. Quebec l\u00e0 m\u1ed9t trong nh\u1eefng t\u1ec9nh cung c\u1ea5p c\u00e1c ch\u01b0\u01a1ng tr\u00ecnh nh\u1eadp c\u01b0 c\u1ee7a ri\u00eang h\u1ecd, ch\u1eb3ng h\u1ea1n nh\u01b0 Ch\u01b0\u01a1ng tr\u00ecnh C\u00f4ng nh\u00e2n l\u00e0nh ngh\u1ec1 Quebec (QSWP).<\/p>\n<p style=\"text-align: justify;\">Ch\u01b0\u01a1ng tr\u00ecnh n\u00e0y cho ph\u00e9p nh\u1eefng ng\u01b0\u1eddi qu\u1ed1c t\u1ebf c\u00f3 k\u1ef9 n\u0103ng ph\u00f9 h\u1ee3p v\u1edbi nhu c\u1ea7u c\u1ee7a t\u1ec9nh n\u1ed9p \u0111\u01a1n xin nh\u1eadp c\u01b0 v\u00e0o Quebec v\u00e0 n\u1ebfu \u0111\u01b0\u1ee3c ch\u1ecdn, h\u1ecd s\u1ebd tr\u1edf th\u00e0nh th\u01b0\u1eddng tr\u00fa nh\u00e2n c\u1ee7a Canada s\u1ed1ng \u1edf t\u1ec9nh \u0111\u00f3.<\/p>\n<p style=\"text-align: justify;\">B\u00e0i vi\u1ebft n\u00e0y s\u1ebd \u0111\u1ec1 c\u1eadp \u0111\u1ebfn c\u00e1c y\u00eau c\u1ea7u v\u00e0 quy tr\u00ecnh tr\u1edf th\u00e0nh C\u00f4ng nh\u00e2n l\u00e0nh ngh\u1ec1 Quebec.<\/p>\n<h3 style=\"text-align: justify;\">1. Nh\u1eadp c\u01b0 QSWP l\u00e0 g\u00ec?<\/h3>\n<p style=\"text-align: justify;\">Ch\u01b0\u01a1ng tr\u00ecnh C\u00f4ng nh\u00e2n l\u00e0nh ngh\u1ec1 Quebec l\u00e0 m\u1ed9t ch\u01b0\u01a1ng tr\u00ecnh nh\u1eadp c\u01b0 ch\u1ec9 d\u1ef1a tr\u00ean Quebec. Ch\u1ec9 nh\u1eefng ng\u01b0\u1eddi mu\u1ed1n s\u1ed1ng \u1edf Quebec l\u00e2u d\u00e0i m\u1edbi ph\u1ea3i n\u1ed9p \u0111\u01a1n tr\u1ef1c ti\u1ebfp cho ch\u01b0\u01a1ng tr\u00ecnh n\u00e0y v\u00ec \u0111\u01a1n \u0111\u0103ng k\u00fd \u0111\u01b0\u1ee3c \u0111\u00e1nh gi\u00e1 d\u1ef1a tr\u00ean c\u00e1c quy \u0111\u1ecbnh c\u1ee7a t\u1ec9nh.<\/p>\n<p style=\"text-align: justify;\">N\u1ebfu \u0111\u01b0\u1ee3c ch\u1ecdn, b\u1ea1n s\u1ebd c\u00f3 th\u1ec3 t\u00ecm \u0111\u01b0\u1ee3c vi\u1ec7c l\u00e0m v\u00e0 nh\u00e0 \u1edf t\u1ea1i Quebec v\u00e0 ti\u1ebfp t\u1ee5c s\u1ed1ng \u1edf \u0111\u00f3. B\u1ea1n s\u1ebd \u0111\u01b0\u1ee3c coi l\u00e0 th\u01b0\u1eddng tr\u00fa nh\u00e2n Canada v\u00e0 nh\u1eadn \u0111\u01b0\u1ee3c t\u1ea5t c\u1ea3 c\u00e1c quy\u1ec1n l\u1ee3i m\u00e0 b\u1ea1n \u0111\u01b0\u1ee3c h\u01b0\u1edfng. Ngo\u00e0i ra, sau v\u00e0i n\u0103m, b\u1ea1n s\u1ebd c\u00f3 th\u1ec3 n\u1ed9p \u0111\u01a1n xin qu\u1ed1c t\u1ecbch Canada v\u00e0 nh\u1eadn \u0111\u01b0\u1ee3c h\u1ed9 chi\u1ebfu Canada.<\/p>\n<h3 style=\"text-align: justify;\">2. L\u00e0m th\u1ebf n\u00e0o \u0111\u1ec3 \u0111\u0103ng k\u00fd Ch\u01b0\u01a1ng tr\u00ecnh C\u00f4ng nh\u00e2n l\u00e0nh ngh\u1ec1 \u0111\u01b0\u1ee3c l\u1ef1a ch\u1ecdn c\u1ee7a Quebec?<\/h3>\n<p style=\"text-align: justify;\">\u0110\u1ec3 \u0111\u0103ng k\u00fd ch\u01b0\u01a1ng tr\u00ecnh n\u00e0y, c\u00f3 m\u1ed9t s\u1ed1 b\u01b0\u1edbc nh\u01b0 \u0111\u01b0\u1ee3c n\u00eau d\u01b0\u1edbi \u0111\u00e2y.<\/p>\n<p style=\"text-align: justify;\"><strong>Nh\u1eadn Gi\u1ea5y ch\u1ee9ng nh\u1eadn tuy\u1ec3n ch\u1ecdn t\u1eeb t\u1ec9nh Quebec<\/strong><\/p>\n<p style=\"text-align: justify;\">\u0110\u1ec3 c\u00f3 \u0111\u01b0\u1ee3c ch\u1ee9ng ch\u1ec9 n\u00e0y, tr\u01b0\u1edbc ti\u00ean b\u1ea1n ph\u1ea3i g\u1eedi Bi\u1ec3u th\u1ee9c quan t\u00e2m \u0111\u1ec3 nh\u1eadp c\u01b0 v\u00e0o Quebec.\u00a0\u0110i\u1ec1u n\u00e0y c\u00f3 th\u1ec3 \u0111\u01b0\u1ee3c th\u1ef1c hi\u1ec7n th\u00f4ng qua vi\u1ec7c g\u1eedi \u0111\u01a1n \u0111\u0103ng k\u00fd k\u00e8m th\u00f4ng tin c\u1ee7a b\u1ea1n tr\u00ean\u00a0c\u1ed5ng Arrima.\u00a0Vi\u1ec7c b\u00e0y t\u1ecf s\u1ef1 quan t\u00e2m c\u1ee7a b\u1ea1n s\u1ebd c\u00f3 hi\u1ec7u l\u1ef1c trong 12 th\u00e1ng v\u00e0 n\u1ebfu b\u1ea1n kh\u00f4ng \u0111\u01b0\u1ee3c c\u00e1c quan ch\u1ee9c nh\u1eadp c\u01b0 Quebec li\u00ean h\u1ec7 trong th\u1eddi gian n\u00e0y th\u00ec b\u1ea1n ph\u1ea3i g\u1eedi l\u1ea1i h\u1ed3 s\u01a1 c\u1ee7a m\u00ecnh n\u1ebfu kh\u00f4ng n\u00f3 s\u1ebd kh\u00f4ng h\u1ee3p l\u1ec7.<\/p>\n<p style=\"text-align: justify;\">N\u1ebfu c\u00e1c quan ch\u1ee9c nh\u1eadp c\u01b0 Quebec ch\u1ecdn bi\u1ec3u hi\u1ec7n quan t\u00e2m c\u1ee7a b\u1ea1n, th\u00ec b\u1ea1n s\u1ebd \u0111\u01b0\u1ee3c m\u1eddi \u0111\u0103ng k\u00fd l\u1ef1a ch\u1ecdn th\u01b0\u1eddng tr\u00fa.\u00a0\u0110i\u1ec1u n\u00e0y c\u00f3 ngh\u0129a l\u00e0 c\u00e1c quan ch\u1ee9c s\u1ebd g\u1eedi cho b\u1ea1n m\u1ed9t danh s\u00e1ch \u0111\u01b0\u1ee3c c\u00e1 nh\u00e2n h\u00f3a v\u1ec1 nh\u1eefng th\u00f4ng tin v\u00e0 t\u00e0i li\u1ec7u h\u1ed7 tr\u1ee3 h\u1ecd c\u1ea7n.\u00a0B\u1ea1n c\u0169ng s\u1ebd \u0111\u01b0\u1ee3c y\u00eau c\u1ea7u tr\u1ea3 ph\u00ed \u0111\u0103ng k\u00fd.<\/p>\n<p style=\"text-align: justify;\">L\u1ec7 ph\u00ed l\u00e0:<\/p>\n<table width=\"618\">\n<tbody>\n<tr>\n<td><strong>Ng\u01b0\u1eddi xin vi\u1ec7c<\/strong><\/td>\n<td><strong>Ph\u00ed (b\u1eb1ng \u0111\u00f4 la Canada)<\/strong><\/td>\n<\/tr>\n<tr>\n<td>Ng\u01b0\u1eddi n\u1ed9p \u0111\u01a1n ch\u00ednh<\/td>\n<td>$798<\/td>\n<\/tr>\n<tr>\n<td>V\u1ee3\/ch\u1ed3ng ho\u1eb7c v\u1ee3\/ch\u1ed3ng tr\u00ean th\u1ef1c t\u1ebf<\/td>\n<td>$171<\/td>\n<\/tr>\n<tr>\n<td>M\u1ed7i \u0111\u1ee9a con ph\u1ee5 thu\u1ed9c<\/td>\n<td>$171<\/td>\n<\/tr>\n<\/tbody>\n<\/table>\n<p style=\"text-align: justify;\">B\u1ea1n s\u1ebd c\u00f3 90 ng\u00e0y \u0111\u1ec3 ho\u00e0n th\u00e0nh c\u00e1c y\u00eau c\u1ea7u n\u1ebfu kh\u00f4ng \u0111\u01a1n \u0111\u0103ng k\u00fd c\u1ee7a b\u1ea1n s\u1ebd b\u1ecb m\u1ea5t.\u00a0Sau khi b\u1ea1n g\u1eedi t\u1ea5t c\u1ea3 c\u00e1c t\u00e0i li\u1ec7u c\u1ea7n thi\u1ebft, c\u00e1c quan ch\u1ee9c nh\u1eadp c\u01b0 Quebec s\u1ebd \u0111\u00e1nh gi\u00e1 m\u1ecdi th\u1ee9 b\u1ea1n \u0111\u00e3 g\u1eedi d\u1ef1a tr\u00ean h\u1ec7 th\u1ed1ng t\u00ednh \u0111i\u1ec3m \u0111\u00e3 \u0111\u01b0\u1ee3c n\u00eau trong ph\u1ea7n tr\u01b0\u1edbc c\u1ee7a b\u00e0i vi\u1ebft n\u00e0y.<\/p>\n<p style=\"text-align: justify;\">Cu\u1ed1i c\u00f9ng, b\u1ea1n c\u00f3 th\u1ec3 nh\u1eadn \u0111\u01b0\u1ee3c s\u1ef1 ch\u1ea5p thu\u1eadn ngay l\u1eadp t\u1ee9c, t\u1eeb ch\u1ed1i ngay l\u1eadp t\u1ee9c ho\u1eb7c l\u1eddi m\u1eddi ph\u1ecfng v\u1ea5n.\u00a0N\u1ebfu cu\u1ed9c ph\u1ecfng v\u1ea5n c\u1ee7a b\u1ea1n th\u00e0nh c\u00f4ng, b\u1ea1n s\u1ebd nh\u1eadn \u0111\u01b0\u1ee3c Gi\u1ea5y ch\u1ee9ng nh\u1eadn tuy\u1ec3n ch\u1ecdn ho\u1eb7c b\u1ea1n s\u1ebd b\u1ecb t\u1eeb ch\u1ed1i.\u00a0N\u1ebfu b\u1ecb t\u1eeb ch\u1ed1i, b\u1ea1n s\u1ebd ph\u1ea3i kh\u1edfi \u0111\u1ed9ng l\u1ea1i \u1ee9ng d\u1ee5ng ngay t\u1eeb \u0111\u1ea7u.<\/p>\n<p style=\"text-align: justify;\"><strong>N\u1ed9p \u0111\u01a1n xin th\u01b0\u1eddng tr\u00fa t\u1ea1i Ch\u00ednh ph\u1ee7 Canada<\/strong><\/p>\n<p style=\"text-align: justify;\">T\u1ec9nh Quebec c\u00f3 th\u1ea9m quy\u1ec1n l\u1ef1a ch\u1ecdn nh\u1eefng c\u00f4ng nh\u00e2n l\u00e0nh ngh\u1ec1 s\u1ebd \u0111\u00f3ng g\u00f3p cho n\u1ec1n kinh t\u1ebf Quebec b\u1eb1ng k\u1ef9 n\u0103ng c\u1ee7a h\u1ecd.\u00a0Tuy nhi\u00ean, Ch\u00ednh ph\u1ee7 Canada ch\u1ecbu tr\u00e1ch nhi\u1ec7m v\u1ec1 vi\u1ec7c c\u00f3 c\u1ea5p th\u01b0\u1eddng tr\u00fa hay kh\u00f4ng cho nh\u1eefng ng\u01b0\u1eddi lao \u0111\u1ed9ng c\u00f3 tay ngh\u1ec1 \u0111\u00f3.\u00a0V\u00ec v\u1eady, sau khi v\u01b0\u1ee3t qua giai \u0111o\u1ea1n m\u1ed9t v\u00e0 nh\u1eadn \u0111\u01b0\u1ee3c Gi\u1ea5y ch\u1ee9ng nh\u1eadn tuy\u1ec3n ch\u1ecdn t\u1eeb Quebec, b\u1ea1n ph\u1ea3i \u0111\u01b0\u1ee3c Ch\u00ednh ph\u1ee7 Canada ch\u1ea5p thu\u1eadn th\u01b0\u1eddng tr\u00fa.<\/p>\n<p style=\"text-align: justify;\">Sau khi b\u1ea1n \u0111\u01b0\u1ee3c ch\u1ecdn, Ch\u00ednh ph\u1ee7 Canada s\u1ebd g\u1eedi cho b\u1ea1n m\u1ed9t b\u1ed9 h\u1ed3 s\u01a1 g\u1ed3m c\u00e1c m\u1eabu \u0111\u01a1n m\u00e0 b\u1ea1n c\u1ea7n \u0111i\u1ec1n v\u00e0 danh s\u00e1ch c\u00e1c t\u00e0i li\u1ec7u h\u1ed7 tr\u1ee3.\u00a0C\u00e1c bi\u1ec3u m\u1eabu c\u00f3 th\u1ec3 bao g\u1ed3m nh\u1eefng \u0111i\u1ec1u sau \u0111\u00e2y:<\/p>\n<ul style=\"text-align: justify;\">\n<li style=\"list-style-type: none;\">\n<ul style=\"text-align: justify;\">\n<li>Danh s\u00e1ch ki\u1ec3m tra t\u00e0i li\u1ec7u [IMM 5690]<\/li>\n<li>M\u1eabu \u0111\u01a1n \u0111\u0103ng k\u00fd chung cho Canada [IMM 0008]<\/li>\n<li>Ng\u01b0\u1eddi ph\u1ee5 thu\u1ed9c\/Tuy\u00ean b\u1ed1 b\u1ed5 sung [IMM 0008DEP]<\/li>\n<li>Ph\u1ee5 l\u1ee5c A\u2014Th\u00f4ng tin c\u01a1 b\u1ea3n\/Tuy\u00ean b\u1ed1 [IMM 5669]<\/li>\n<li>Th\u00f4ng tin b\u1ed5 sung v\u1ec1 gia \u0111\u00ecnh [IMM 5406] (PDF, 570KB) Th\u00e1ng 9 n\u0103m 2018<\/li>\n<li>Ph\u1ee5 l\u1ee5c 5: T\u1ea7ng l\u1edbp kinh t\u1ebf\u2014Tuy\u00ean b\u1ed1 \u00fd \u0111\u1ecbnh c\u01b0 tr\u00fa t\u1ea1i Quebec<\/li>\n<li>Th\u00f4ng tin b\u1ed5 sung\u2014Chuy\u1ebfn \u0111i c\u1ee7a b\u1ea1n [IMM 5562]<\/li>\n<li>Tuy\u00ean b\u1ed1 ly th\u00e2n \u0111\u1ed1i v\u1edbi tr\u1ebb v\u1ecb th\u00e0nh ni\u00ean \u0111i du l\u1ecbch \u0111\u1ebfn Canada [IMM 5604]<\/li>\n<li>Tuy\u00ean b\u1ed1 theo lu\u1eadt \u0111\u1ecbnh c\u1ee7a Li\u00ean minh lu\u1eadt chung [IMM 5409]<\/li>\n<li>S\u1eed d\u1ee5ng Ng\u01b0\u1eddi \u0111\u1ea1i di\u1ec7n [IMM 5476]<\/li>\n<li>\u0110\u01a1n xin th\u01b0\u1eddng tr\u00fa: H\u01b0\u1edbng d\u1eabn d\u00e0nh cho ng\u01b0\u1eddi n\u1ed9p \u0111\u01a1n do Quebec ch\u1ecdn [IMM EQ7000]<\/li>\n<\/ul>\n<\/li>\n<\/ul>\n<p style=\"text-align: justify;\">\u0110i\u1ec1n v\u00e0o c\u00e1c bi\u1ec3u m\u1eabu n\u00e0y v\u00e0 thu th\u1eadp t\u00e0i li\u1ec7u r\u1ed3i g\u1eedi qua\u00a0trang web c\u1ee7a Ch\u00ednh ph\u1ee7 Canada.\u00a0B\u1ea1n c\u0169ng s\u1ebd ph\u1ea3i tr\u1ea3 c\u00e1c kho\u1ea3n ph\u00ed sau:<\/p>\n<table width=\"634\">\n<tbody>\n<tr>\n<td><strong>Lo\u1ea1i ph\u00ed<\/strong><\/td>\n<td><strong>Ph\u00ed (b\u1eb1ng \u0111\u00f4 la Canada)<\/strong><\/td>\n<\/tr>\n<tr>\n<td>Ph\u00ed \u0111\u0103ng k\u00fd<\/td>\n<td>$550<\/td>\n<\/tr>\n<tr>\n<td>Ph\u00ed quy\u1ec1n th\u01b0\u1eddng tr\u00fa<\/td>\n<td>$490<\/td>\n<\/tr>\n<tr>\n<td>Bao g\u1ed3m v\u1ee3\/ch\u1ed3ng ho\u1eb7c v\u1ee3\/ch\u1ed3ng tr\u00ean th\u1ef1c t\u1ebf<\/td>\n<td>$1,040<\/td>\n<\/tr>\n<tr>\n<td>Bao g\u1ed3m con ph\u1ee5 thu\u1ed9c (m\u1ed7i \u0111\u1ee9a tr\u1ebb)<\/td>\n<td>$150<\/td>\n<\/tr>\n<\/tbody>\n<\/table>\n<p style=\"text-align: justify;\">Sau khi g\u1eedi \u0111\u01a1n \u0111\u0103ng k\u00fd ho\u00e0n ch\u1ec9nh, b\u1ea1n c\u00f3 th\u1ec3 \u0111\u01b0\u1ee3c y\u00eau c\u1ea7u cung c\u1ea5p th\u00f4ng tin sinh tr\u1eafc h\u1ecdc, t\u1ed5 ch\u1ee9c m\u1ed9t cu\u1ed9c ph\u1ecfng v\u1ea5n, ho\u00e0n th\u00e0nh ki\u1ec3m tra y t\u1ebf ho\u1eb7c g\u1eedi th\u00f4ng tin b\u1ed5 sung.\u00a0N\u1ebfu Ch\u00ednh ph\u1ee7 Canada th\u1ea5y r\u1eb1ng b\u1ea1n c\u00f3 th\u1ec3 \u0111\u01b0\u1ee3c ch\u1ea5p nh\u1eadn v\u00e0 \u0111\u00e1p \u1ee9ng t\u1ea5t c\u1ea3 c\u00e1c ti\u00eau ch\u00ed \u0111\u1ec3 tr\u1edf th\u00e0nh th\u01b0\u1eddng tr\u00fa nh\u00e2n Canada t\u1ea1i Quebec, th\u00ec h\u1ecd s\u1ebd g\u1eedi cho b\u1ea1n Gi\u1ea5y x\u00e1c nh\u1eadn th\u01b0\u1eddng tr\u00fa (COPR) v\u00e0 th\u1ecb th\u1ef1c th\u01b0\u1eddng tr\u00fa.<\/p>\n<p style=\"text-align: justify;\">Nh\u00ecn chung, qu\u00e1 tr\u00ecnh tr\u1edf th\u00e0nh C\u00f4ng nh\u00e2n l\u00e0nh ngh\u1ec1 \u0111\u01b0\u1ee3c tuy\u1ec3n ch\u1ecdn c\u1ee7a Quebec s\u1ebd m\u1ea5t kho\u1ea3ng 17 th\u00e1ng.\u00a0Sau \u0111\u00f3, b\u1ea1n c\u00f3 th\u1ec3 b\u1eaft \u0111\u1ea7u s\u1eafp x\u1ebfp vi\u1ec7c \u0111i l\u1ea1i v\u00e0 nh\u00e0 \u1edf t\u1ea1i Quebec, n\u01a1i b\u1ea1n s\u1ebd \u0111\u1ecbnh c\u01b0.<\/p>\n[\/vc_column_text][\/vc_column][\/vc_row]\n<\/div>","protected":false},"excerpt":{"rendered":"<p>[vc_row top_margin=&#8221;0&#8243; bottom_margin=&#8221;0&#8243; css=&#8221;.vc_custom_1499912039446{margin-top: -30px !important;}&#8221;][vc_column][\/vc_column][\/vc_row][vc_row][vc_column][vc_column_text css=&#8221;&#8221;] Canada \u0111\u01b0\u1ee3c t\u1ea1o th\u00e0nh t\u1eeb c\u00e1c t\u1ec9nh kh\u00e1c nhau v\u00e0 m\u1ed7i t\u1ec9nh c\u00f3 c\u00e1c quy \u0111\u1ecbnh v\u00e0 lu\u1eadt l\u1ec7 ri\u00eang, \u0111\u1eb7c bi\u1ec7t l\u00e0 v\u1ec1 nh\u1eadp c\u01b0. Quebec l\u00e0 m\u1ed9t trong nh\u1eefng t\u1ec9nh cung c\u1ea5p c\u00e1c ch\u01b0\u01a1ng tr\u00ecnh nh\u1eadp c\u01b0 c\u1ee7a ri\u00eang h\u1ecd, ch\u1eb3ng h\u1ea1n nh\u01b0 Ch\u01b0\u01a1ng tr\u00ecnh C\u00f4ng [&hellip;]<\/p>\n","protected":false},"author":1,"featured_media":0,"parent":0,"menu_order":0,"comment_status":"closed","ping_status":"closed","template":"","meta":{"footnotes":""},"class_list":["post-6072","page","type-page","status-publish","hentry"],"_links":{"self":[{"href":"https:\/\/immico.vn\/vi\/wp-json\/wp\/v2\/pages\/6072","targetHints":{"allow":["GET"]}}],"collection":[{"href":"https:\/\/immico.vn\/vi\/wp-json\/wp\/v2\/pages"}],"about":[{"href":"https:\/\/immico.vn\/vi\/wp-json\/wp\/v2\/types\/page"}],"author":[{"embeddable":true,"href":"https:\/\/immico.vn\/vi\/wp-json\/wp\/v2\/users\/1"}],"replies":[{"embeddable":true,"href":"https:\/\/immico.vn\/vi\/wp-json\/wp\/v2\/comments?post=6072"}],"version-history":[{"count":5,"href":"https:\/\/immico.vn\/vi\/wp-json\/wp\/v2\/pages\/6072\/revisions"}],"predecessor-version":[{"id":10243,"href":"https:\/\/immico.vn\/vi\/wp-json\/wp\/v2\/pages\/6072\/revisions\/10243"}],"wp:attachment":[{"href":"https:\/\/immico.vn\/vi\/wp-json\/wp\/v2\/media?parent=6072"}],"curies":[{"name":"wp","href":"https:\/\/api.w.org\/{rel}","templated":true}]}}