{"id":6076,"date":"2017-07-19T04:42:12","date_gmt":"2017-07-19T04:42:12","guid":{"rendered":"https:\/\/colaw.vn\/suspension-dissolution-of-corporate\/"},"modified":"2025-05-19T08:17:51","modified_gmt":"2025-05-19T08:17:51","slug":"visa-khoi-nghiep-canada","status":"publish","type":"page","link":"https:\/\/immico.vn\/vi\/visa-khoi-nghiep-canada\/","title":{"rendered":"Visa Kh\u1edfi Nghi\u1ec7p Canada"},"content":{"rendered":"<div class=\"wpb-content-wrapper\">[vc_row top_margin=&#8221;0&#8243; bottom_margin=&#8221;0&#8243; css=&#8221;.vc_custom_1499912039446{margin-top: -30px !important;}&#8221;][vc_column]<div class=\"shortcode-wrapper shortcode-title clearfix hb-animate-element hb-fade-in\"><p style=\"color:#9a4c3c!important;border-color:#9a4c3c\" class=\"hb-text-large aligncenter\">Visa Kh\u1edfi Nghi\u1ec7p Canada<\/p><\/div>[\/vc_column][\/vc_row][vc_row][vc_column][vc_column_text css=&#8221;&#8221;]\n<p style=\"text-align: justify;\">N\u1ebfu b\u1ea1n c\u00f3 \u00fd t\u01b0\u1edfng s\u00e1ng t\u1ea1o v\u00e0 mu\u1ed1n m\u1edf doanh nghi\u1ec7p \u1edf Canada, b\u1ea1n s\u1ebd c\u1ea7n c\u00f3 th\u1ecb th\u1ef1c.\u00a0C\u1ee5 th\u1ec3 h\u01a1n, b\u1ea1n s\u1ebd ph\u1ea3i \u0111\u0103ng k\u00fd Ch\u01b0\u01a1ng tr\u00ecnh Visa Kh\u1edfi nghi\u1ec7p Canada d\u00e0nh cho Doanh nh\u00e2n.<\/p>\n<p style=\"text-align: justify;\">Ch\u01b0\u01a1ng tr\u00ecnh Kh\u1edfi nghi\u1ec7p c\u1ee7a Canada mang l\u1ea1i c\u01a1 h\u1ed9i tuy\u1ec7t v\u1eddi cho c\u00e1c doanh nghi\u1ec7p n\u01b0\u1edbc ngo\u00e0i m\u1edbi \u0111ang c\u1ed1 g\u1eafng \u0111\u1eb7t ch\u00e2n v\u00e0o Canada.\u00a0Tuy nhi\u00ean, b\u1ea1n s\u1ebd ph\u1ea3i \u0111\u00e1p \u1ee9ng c\u00e1c y\u00eau c\u1ea7u \u0111\u1ee7 \u0111i\u1ec1u ki\u1ec7n tr\u01b0\u1edbc khi \u0111\u1ee7 \u0111i\u1ec1u ki\u1ec7n xin th\u1ecb th\u1ef1c kh\u1edfi nghi\u1ec7p Canada.<\/p>\n<p style=\"text-align: justify;\">\u0110\u1ecdc ti\u1ebfp \u0111\u1ec3 t\u00ecm hi\u1ec3u v\u1ec1 c\u00e1c y\u00eau c\u1ea7u \u0111\u1ee7 \u0111i\u1ec1u ki\u1ec7n, quy tr\u00ecnh n\u1ed9p \u0111\u01a1n v\u00e0 c\u00e1c th\u00f4ng tin kh\u00e1c m\u00e0 b\u1ea1n n\u00ean bi\u1ebft tr\u01b0\u1edbc khi n\u1ed9p \u0111\u01a1n xin th\u1ecb th\u1ef1c kh\u1edfi nghi\u1ec7p Canada.<\/p>\n<h3 style=\"text-align: justify;\">1. T\u00f4i c\u00f3 \u0111\u1ee7 \u0111i\u1ec1u ki\u1ec7n tham gia Ch\u01b0\u01a1ng tr\u00ecnh Kh\u1edfi nghi\u1ec7p Canada kh\u00f4ng?<\/h3>\n<p style=\"text-align: justify;\">\u0110\u1ec3 \u0111\u1ee7 \u0111i\u1ec1u ki\u1ec7n tham gia Ch\u01b0\u01a1ng tr\u00ecnh Kh\u1edfi nghi\u1ec7p c\u1ee7a Canada, ban \u0111\u1ea7u b\u1ea1n s\u1ebd\u00a0ph\u1ea3i \u0111\u00e1p \u1ee9ng c\u00e1c y\u00eau c\u1ea7u \u0111\u1ee7 \u0111i\u1ec1u ki\u1ec7n \u0111\u1ec3 xin th\u1ecb th\u1ef1c Canada\u00a0.<\/p>\n<p style=\"text-align: justify;\">Y\u00eau c\u1ea7u \u0111\u1ee7 \u0111i\u1ec1u ki\u1ec7n \u0111\u1ec3 \u0111\u01b0\u1ee3c c\u1ea5p Visa kh\u1edfi nghi\u1ec7p<\/p>\n<p style=\"text-align: justify;\">N\u1ebfu b\u1ea1n \u0111\u1ee7 \u0111i\u1ec1u ki\u1ec7n xin th\u1ecb th\u1ef1c Canada, b\u1ea1n c\u0169ng s\u1ebd ph\u1ea3i \u0111\u00e1p \u1ee9ng c\u00e1c ti\u00eau ch\u00ed c\u1ee5 th\u1ec3 cho th\u1ecb th\u1ef1c Kh\u1edfi nghi\u1ec7p.\u00a0Nh\u1eefng ng\u01b0\u1eddi \u0111ang c\u00f3:<\/p>\n<ul style=\"text-align: justify;\">\n<li style=\"list-style-type: none;\">\n<ul>\n<li>B\u1ea1n ph\u1ea3i c\u00f3 m\u1ed9t doanh nghi\u1ec7p \u0111\u1ee7 \u0111i\u1ec1u ki\u1ec7n.<\/li>\n<li>B\u1ea1n ph\u1ea3i c\u00f3 th\u01b0 h\u1ed7 tr\u1ee3 t\u1eeb m\u1ed9t t\u1ed5 ch\u1ee9c \u0111\u01b0\u1ee3c ch\u1ec9 \u0111\u1ecbnh.<\/li>\n<li>B\u1ea1n ph\u1ea3i c\u00f3 \u0111\u1ee7 ti\u1ec1n.<\/li>\n<li>B\u1ea1n ph\u1ea3i \u0111\u00e1p \u1ee9ng c\u00e1c y\u00eau c\u1ea7u v\u1ec1 ng\u00f4n ng\u1eef.<\/li>\n<\/ul>\n<\/li>\n<\/ul>\n<p style=\"text-align: justify;\"><strong>Doanh nghi\u1ec7p \u0111\u1ee7 \u0111i\u1ec1u ki\u1ec7n<\/strong><\/p>\n<p style=\"text-align: justify;\">\u0110\u1ec3 doanh nghi\u1ec7p c\u1ee7a b\u1ea1n \u0111\u1ee7 \u0111i\u1ec1u ki\u1ec7n, h\u1ecd ph\u1ea3i \u0111\u00e1p \u1ee9ng c\u00e1c y\u00eau c\u1ea7u sau:<\/p>\n<ul style=\"text-align: justify;\">\n<li style=\"list-style-type: none;\">\n<ul>\n<li>T\u1ea5t c\u1ea3 c\u00e1c ch\u1ee7 doanh nghi\u1ec7p (t\u1ed1i \u0111a l\u00e0 m\u1ed9t n\u0103m) ph\u1ea3i n\u1eafm gi\u1eef\u00a0<em>\u00edt nh\u1ea5t <\/em>10% quy\u1ec1n bi\u1ec3u quy\u1ebft c\u1ee7a c\u00f4ng ty.<\/li>\n<li>C\u00e1c ch\u1ee7 doanh nghi\u1ec7p v\u00e0 t\u1ed5 ch\u1ee9c \u0111\u01b0\u1ee3c ch\u1ec9 \u0111\u1ecbnh ph\u1ea3i n\u1eafm gi\u1eef t\u1ed1i thi\u1ec3u 50% quy\u1ec1n bi\u1ec3u quy\u1ebft c\u1ee7a c\u00f4ng ty.<\/li>\n<\/ul>\n<\/li>\n<\/ul>\n<p style=\"text-align: justify;\"><strong>T\u1ed5 ch\u1ee9c \u0111\u01b0\u1ee3c ch\u1ec9 \u0111\u1ecbnh l\u00e0 g\u00ec?<\/strong><\/p>\n<p style=\"text-align: justify;\">N\u1ebfu b\u1ea1n mu\u1ed1n m\u1edf doanh nghi\u1ec7p \u1edf Canada, tr\u01b0\u1edbc ti\u00ean b\u1ea1n ph\u1ea3i nh\u1eadn \u0111\u01b0\u1ee3c s\u1ef1 h\u1ed7 tr\u1ee3 v\u00e0 \u0111\u1ea7u t\u01b0 c\u1ee7a m\u1ed9t t\u1ed5 ch\u1ee9c \u0111\u01b0\u1ee3c ch\u1ec9 \u0111\u1ecbnh.<\/p>\n<p style=\"text-align: justify;\">T\u1ed5 ch\u1ee9c \u0111\u01b0\u1ee3c ch\u1ec9 \u0111\u1ecbnh l\u00e0 t\u1ed5 ch\u1ee9c \u0111\u01b0\u1ee3c ch\u00ednh ph\u1ee7 Canada ch\u1ec9 \u0111\u1ecbnh h\u1ee3p t\u00e1c trong l\u0129nh v\u1ef1c Visa kh\u1edfi nghi\u1ec7p.\u00a0C\u00e1c t\u1ed5 ch\u1ee9c n\u00e0y c\u00f3 th\u1ec3 \u0111\u1ea7u t\u01b0 v\u00e0 h\u1ed7 tr\u1ee3 c\u00e1c doanh nghi\u1ec7p m\u1edbi th\u00f4ng qua Ch\u01b0\u01a1ng tr\u00ecnh Kh\u1edfi nghi\u1ec7p.\u00a0Ch\u00fang \u0111\u01b0\u1ee3c chia th\u00e0nh:<\/p>\n<ul style=\"text-align: justify;\">\n<li style=\"list-style-type: none;\">\n<ul>\n<li>Venture capital funds<\/li>\n<li>Angel investor groups<\/li>\n<li>Business incubators<\/li>\n<\/ul>\n<\/li>\n<\/ul>\n<p style=\"text-align: justify;\">B\u1ea1n n\u00ean nghi\u00ean c\u1ee9u c\u00e1c t\u1ed5 ch\u1ee9c kh\u00e1c nhau v\u00e0 xem t\u1ed5 ch\u1ee9c n\u00e0o ph\u00f9 h\u1ee3p nh\u1ea5t cho c\u00f4ng ty kh\u1edfi nghi\u1ec7p c\u1ee7a ri\u00eang b\u1ea1n.\u00a0Sau \u0111\u00f3, b\u1ea1n n\u00ean li\u00ean h\u1ec7 v\u1edbi b\u1ea5t k\u1ef3 t\u1ed5 ch\u1ee9c n\u00e0o m\u00e0 b\u1ea1n th\u1ea5y ph\u00f9 h\u1ee3p v\u00e0 xem li\u1ec7u h\u1ecd c\u00f3 quan t\u00e2m \u0111\u1ebfn vi\u1ec7c \u0111\u1ea7u t\u01b0 v\u00e0o c\u00f4ng ty c\u1ee7a b\u1ea1n hay kh\u00f4ng.<\/p>\n<p style=\"text-align: justify;\">N\u1ebfu b\u1ea1n nh\u1eadn \u0111\u01b0\u1ee3c s\u1ef1 h\u1ed7 tr\u1ee3 c\u1ee7a m\u1ed9t t\u1ed5 ch\u1ee9c \u0111\u01b0\u1ee3c ch\u1ec9 \u0111\u1ecbnh, t\u1ed5 ch\u1ee9c \u0111\u00f3 s\u1ebd cung c\u1ea5p cho b\u1ea1n Th\u01b0 h\u1ed7 tr\u1ee3.\u00a0Sau khi nh\u1eadn \u0111\u01b0\u1ee3c th\u01b0, b\u1ea1n c\u00f3 th\u1ec3 \u0111\u0103ng k\u00fd ch\u01b0\u01a1ng tr\u00ecnh Visa Kh\u1edfi nghi\u1ec7p c\u1ee7a Canada.\u00a0B\u1ea1n s\u1ebd ph\u1ea3i \u0111\u00ednh k\u00e8m l\u00e1 th\u01b0 v\u00e0o \u0111\u01a1n \u0111\u0103ng k\u00fd c\u1ee7a m\u00ecnh.\u00a0T\u1ed5 ch\u1ee9c \u0111\u01b0\u1ee3c ch\u1ec9 \u0111\u1ecbnh c\u1ee7a b\u1ea1n c\u0169ng s\u1ebd g\u1eedi Gi\u1ea5y ch\u1ee9ng nh\u1eadn Cam k\u1ebft \u0111\u00e3 ho\u00e0n th\u00e0nh tr\u1ef1c ti\u1ebfp \u0111\u1ebfn IRCC.<\/p>\n<p style=\"text-align: justify;\">N\u1ebfu b\u1ea1n nh\u1eadn \u0111\u01b0\u1ee3c h\u1ed7 tr\u1ee3 t\u1eeb nhi\u1ec1u t\u1ed5 ch\u1ee9c, h\u1ecd s\u1ebd ph\u1ea3i tham gia v\u00e0 g\u1eedi cho IRCC Gi\u1ea5y ch\u1ee9ng nh\u1eadn cam k\u1ebft chung v\u00e0 cung c\u1ea5p cho b\u1ea1n Th\u01b0 h\u1ed7 tr\u1ee3 chung.<\/p>\n<p style=\"text-align: justify;\"><strong>\u0110\u1ee7 ti\u1ec1n \u0111\u1ec3 xin visa kh\u1edfi nghi\u1ec7p Canada<\/strong><\/p>\n<p style=\"text-align: justify;\">Khi \u0111\u1ebfn Canada, b\u1ea1n s\u1ebd c\u1ea7n c\u00f3 \u0111\u1ee7 ti\u1ec1n \u0111\u1ec3 chu c\u1ea5p cho b\u1ea3n th\u00e2n ho\u1eb7c b\u1ea5t k\u1ef3 th\u00e0nh vi\u00ean n\u00e0o trong gia \u0111\u00ecnh \u0111i c\u00f9ng b\u1ea1n.<\/p>\n<p style=\"text-align: justify;\">B\u1ea1n s\u1ebd kh\u00f4ng nh\u1eadn \u0111\u01b0\u1ee3c b\u1ea5t k\u1ef3 h\u1ed7 tr\u1ee3 t\u00e0i ch\u00ednh n\u00e0o, v\u00ec v\u1eady b\u1ea1n s\u1ebd ph\u1ea3i mang \u0111\u1ee7 ti\u1ec1n \u0111\u1ec3 c\u00f3 th\u1ec3 s\u1ed1ng \u1edf Canada cho \u0111\u1ebfn khi c\u00f4ng vi\u1ec7c kinh doanh c\u1ee7a b\u1ea1n b\u1eaft \u0111\u1ea7u mang l\u1ea1i l\u1ee3i nhu\u1eadn t\u00e0i ch\u00ednh.<\/p>\n<p style=\"text-align: justify;\">B\u1ea1n s\u1ebd c\u1ea7n ph\u1ea3i c\u00f3 t\u1ed1i thi\u1ec3u 12.669 USD cho ch\u00ednh m\u00ecnh v\u00e0 kho\u1ea3ng 3.400 USD cho m\u1ed7i th\u00e0nh vi\u00ean b\u1ed5 sung.<\/p>\n<p style=\"text-align: justify;\"><strong>Y\u00eau c\u1ea7u v\u1ec1 ng\u00f4n ng\u1eef \u0111\u1ec3 xin th\u1ecb th\u1ef1c Kh\u1edfi nghi\u1ec7p Canada<\/strong><\/p>\n<p style=\"text-align: justify;\">\u0110\u1ec3 s\u1ed1ng \u1edf Canada, b\u1ea1n ph\u1ea3i c\u00f3 kh\u1ea3 n\u0103ng giao ti\u1ebfp b\u1eb1ng m\u1ed9t ho\u1eb7c c\u1ea3 hai ng\u00f4n ng\u1eef ch\u00ednh th\u1ee9c: ti\u1ebfng Anh v\u00e0 ti\u1ebfng Ph\u00e1p.<\/p>\n<p style=\"text-align: justify;\">\u0110\u1ec3 ch\u1ee9ng minh tr\u00ecnh \u0111\u1ed9 c\u1ee7a m\u00ecnh, b\u1ea1n s\u1ebd ph\u1ea3i l\u00e0m b\u00e0i ki\u1ec3m tra tr\u01b0\u1edbc khi n\u1ed9p \u0111\u01a1n v\u00e0 \u0111\u00ednh k\u00e8m k\u1ebft qu\u1ea3 c\u00f9ng v\u1edbi \u0111\u01a1n \u0111\u0103ng k\u00fd c\u1ee7a b\u1ea1n.\u00a0Canada c\u00f3 danh s\u00e1ch c\u00e1c c\u01a1 quan \u0111\u01b0\u1ee3c ph\u00ea duy\u1ec7t tr\u00ean trang IRCC, ch\u1eb3ng h\u1ea1n nh\u01b0 IELTS ho\u1eb7c CELPIP cho ti\u1ebfng Anh, ho\u1eb7c TEF Canada ho\u1eb7c TFC Canada cho ti\u1ebfng Ph\u00e1p.<\/p>\n<p style=\"text-align: justify;\">B\u1ea1n ph\u1ea3i \u0111\u1ea1t \u00edt nh\u1ea5t \u0110i\u1ec3m chu\u1ea9n Ng\u00f4n ng\u1eef Canada (CLB) 5 b\u1eb1ng m\u1ed9t trong hai ng\u00f4n ng\u1eef.\u00a0B\u1ea1n s\u1ebd \u0111\u01b0\u1ee3c ki\u1ec3m tra k\u1ef9 n\u0103ng \u0111\u1ecdc, nghe, n\u00f3i v\u00e0 vi\u1ebft.<\/p>\n<h3 style=\"text-align: justify;\">2. L\u00e0m th\u1ebf n\u00e0o \u0111\u1ec3 xin Visa kh\u1edfi nghi\u1ec7p Canada?<\/h3>\n<p style=\"text-align: justify;\">Sau khi b\u1ea1n \u0111\u00e3 x\u00e1c nh\u1eadn m\u00ecnh \u0111\u1ee7 \u0111i\u1ec1u ki\u1ec7n xin Th\u1ecb th\u1ef1c Kh\u1edfi nghi\u1ec7p Canada, b\u1ea1n c\u00f3 th\u1ec3 b\u1eaft \u0111\u1ea7u \u0111\u0103ng k\u00fd, \u0111i\u1ec1n v\u00e0o c\u00e1c bi\u1ec3u m\u1eabu c\u1ea7n thi\u1ebft v\u00e0 thu th\u1eadp c\u00e1c t\u00e0i li\u1ec7u c\u1ea7n thi\u1ebft cho \u0111\u01a1n xin th\u1ecb th\u1ef1c Kh\u1edfi nghi\u1ec7p.<\/p>\n<p style=\"text-align: justify;\"><strong>Bi\u00ean so\u1ea1n t\u1eadp tin t\u00e0i li\u1ec7u<\/strong><\/p>\n<p style=\"text-align: justify;\">B\u1ea1n s\u1ebd ph\u1ea3i \u201cX\u00e1c th\u1ef1c\u201d c\u00e1c t\u00e0i li\u1ec7u, in v\u00e0 k\u00fd t\u00ean c\u0169ng nh\u01b0 ho\u00e0n th\u00e0nh g\u00f3i \u0111\u01a1n \u0111\u0103ng k\u00fd c\u1ee7a m\u00ecnh.\u00a0\u0110i\u1ec1u n\u00e0y s\u1ebd bao g\u1ed3m t\u1ea5t c\u1ea3 c\u00e1c t\u00e0i li\u1ec7u v\u00e0 l\u1ec7 ph\u00ed c\u1ea7n thi\u1ebft.<\/p>\n<p style=\"text-align: justify;\">C\u00e1c t\u00e0i li\u1ec7u c\u1ea7n thi\u1ebft cho m\u1ed9t th\u1ecb th\u1ef1c kh\u1edfi nghi\u1ec7p Canada bao g\u1ed3m:<\/p>\n<ul style=\"text-align: justify;\">\n<li style=\"list-style-type: none;\">\n<ul>\n<li>C\u00e1c t\u00e0i li\u1ec7u ti\u00eau chu\u1ea9n c\u1ea7n thi\u1ebft cho b\u1ea5t k\u1ef3 \u0111\u01a1n xin th\u1ecb th\u1ef1c Canada n\u00e0o.<\/li>\n<li>B\u1ea3n sao gi\u1ea5y th\u00f4ng h\u00e0nh\/h\u1ed9 chi\u1ebfu.\u00a0H\u1ecd ph\u1ea3i hi\u1ec3n th\u1ecb t\u00ean v\u00e0 ng\u00e0y sinh, s\u1ed1 h\u1ed9 chi\u1ebfu, ng\u00e0y h\u1ebft h\u1ea1n c\u0169ng nh\u01b0 nh\u1eefng thay \u0111\u1ed5i v\u1ec1 t\u00ean, ng\u00e0y sinh, ng\u00e0y h\u1ebft h\u1ea1n, v.v.<\/li>\n<li>B\u1eb1ng ch\u1ee9ng b\u1ea1n \u0111\u00e3 v\u01b0\u1ee3t qua b\u00e0i ki\u1ec3m tra tr\u00ecnh \u0111\u1ed9 ng\u00f4n ng\u1eef.<\/li>\n<li>Th\u01b0 h\u1ed7 tr\u1ee3 t\u1eeb t\u1ed5 ch\u1ee9c \u0111\u01b0\u1ee3c ch\u1ec9 \u0111\u1ecbnh c\u1ee7a b\u1ea1n.<\/li>\n<li>Gi\u1ea5y khai sinh.<\/li>\n<li>Gi\u1ea5y ch\u1ee9ng nh\u1eadn k\u1ebft h\u00f4n ho\u1eb7c gi\u1ea5y ch\u1ee9ng nh\u1eadn ly h\u00f4n\/h\u1ee7y b\u1ecf.\u00a0(N\u1ebfu c\u00f3)\n<ul>\n<li>N\u1ebfu k\u1ebft h\u00f4n nhi\u1ec1u l\u1ea7n, h\u00e3y cung c\u1ea5p gi\u1ea5y t\u1edd cho m\u1ed7i cu\u1ed9c h\u00f4n nh\u00e2n.<\/li>\n<\/ul>\n<\/li>\n<li>Gi\u1ea5y ch\u1ee9ng t\u1eed c\u1ee7a v\u1ee3\/ch\u1ed3ng c\u0169\/b\u1ea1n \u0111\u1eddi chung.\u00a0(N\u1ebfu c\u00f3)<\/li>\n<li><strong>N\u1ebfu b\u1ea1n c\u00f3 m\u1ed9t ng\u01b0\u1eddi b\u1ea1n \u0111\u1eddi chung s\u1ed1ng:<\/strong>Tuy\u00ean b\u1ed1 theo lu\u1eadt \u0111\u1ecbnh c\u1ee7a Li\u00ean minh Lu\u1eadt chung (IMM 5409 \u2013 b\u1ea3n g\u1ed1c) v\u00e0 b\u1eb1ng ch\u1ee9ng b\u1ea1n \u0111\u00e3 s\u1ed1ng chung t\u1ed1i thi\u1ec3u 12 th\u00e1ng (\u0111\u00f3 c\u00f3 th\u1ec3 l\u00e0 b\u1eb1ng ch\u1ee9ng v\u1ec1 vi\u1ec7c thu\u00ea c\u0103n h\u1ed9 chung, h\u00f3a \u0111\u01a1n chung, \u0111\u1ecba ch\u1ec9 chung tr\u00ean t\u00e0i li\u1ec7u v.v.)<\/li>\n<li>Th\u00f4ng tin v\u1ec1 con b\u1ea1n, ch\u1eb3ng h\u1ea1n nh\u01b0 gi\u1ea5y khai sinh, gi\u1ea5y nh\u1eadn con nu\u00f4i ho\u1eb7c b\u1eb1ng ch\u1ee9ng v\u1ec1 quy\u1ec1n nu\u00f4i con.\u00a0(N\u1ebfu c\u00f3).<\/li>\n<li>ID qu\u1ed1c gia ho\u1eb7c s\u1ed5 \u0111\u0103ng k\u00fd \/ h\u1ed9 gia \u0111\u00ecnh ho\u1eb7c h\u1ed9 gia \u0111\u00ecnh.\u00a0(N\u1ebfu c\u00f3)<\/li>\n<li>Gi\u1ea5y ch\u1ee9ng nh\u1eadn v\u00e0 gi\u1ea5y ph\u00e9p c\u1ee7a c\u1ea3nh s\u00e1t.\u00a0H\u1ecd ph\u1ea3i \u0111\u1ebfn t\u1eeb m\u1ecdi qu\u1ed1c gia\/l\u00e3nh th\u1ed5 m\u00e0 b\u1ea1n \u0111\u00e3 s\u1ed1ng t\u1eeb s\u00e1u th\u00e1ng tr\u1edf l\u00ean.<\/li>\n<li>H\u00ecnh \u1ea3nh theo y\u00eau c\u1ea7u c\u1ee7a Canada.<\/li>\n<li>Bi\u00ean lai thu ph\u00ed.<\/li>\n<\/ul>\n<\/li>\n<\/ul>\n<p style=\"text-align: justify;\"><strong>C\u00e1c m\u1eabu \u0111\u01a1n c\u1ea7n thi\u1ebft cho \u0111\u01a1n xin th\u1ecb th\u1ef1c kh\u1edfi nghi\u1ec7p<\/strong><\/p>\n<ul style=\"text-align: justify;\">\n<li style=\"list-style-type: none;\">\n<ul>\n<li>M\u1eabu \u0111\u01a1n \u0111\u0103ng k\u00fd chung cho Canada [IMM 0008]<\/li>\n<li>Ng\u01b0\u1eddi ph\u1ee5 thu\u1ed9c\/Tuy\u00ean b\u1ed1 b\u1ed5 sung [IMM 0008DEP]<\/li>\n<li>Ph\u1ee5 l\u1ee5c A \u2013 B\u1ed1i c\u1ea3nh\/Tuy\u00ean b\u1ed1 [IMM 5669]<\/li>\n<li>Ph\u1ee5 l\u1ee5c 13 \u2013 Ch\u01b0\u01a1ng tr\u00ecnh \u0111\u1ecbnh c\u01b0 kinh doanh \u2013 Kh\u1edfi nghi\u1ec7p<\/li>\n<li>Th\u00f4ng tin b\u1ed5 sung v\u1ec1 gia \u0111\u00ecnh [IMM 5406]<\/li>\n<li>Tuy\u00ean b\u1ed1 theo lu\u1eadt \u0111\u1ecbnh c\u1ee7a Li\u00ean minh lu\u1eadt chung [IMM 5409]<\/li>\n<li>Tuy\u00ean b\u1ed1 ly th\u00e2n \u0111\u1ed1i v\u1edbi tr\u1ebb v\u1ecb th\u00e0nh ni\u00ean \u0111i du l\u1ecbch \u0111\u1ebfn Canada [IMM 5604]<\/li>\n<li>Th\u00f4ng tin b\u1ed5 sung &#8211; Chuy\u1ebfn \u0111i c\u1ee7a b\u1ea1n [IMM 5562]<\/li>\n<li>S\u1eed d\u1ee5ng Ng\u01b0\u1eddi \u0111\u1ea1i di\u1ec7n [IMM 5476]<\/li>\n<\/ul>\n<\/li>\n<\/ul>\n<p style=\"text-align: justify;\">B\u1ea1n s\u1ebd ph\u1ea3i g\u1eedi \u0111\u01a1n \u0111\u0103ng k\u00fd \u0111\u00e3 \u0111i\u1ec1n \u0111\u1ea7y \u0111\u1ee7 \u0111\u1ebfn \u0111\u1ecba ch\u1ec9 m\u00e0 b\u1ea1n \u0111\u01b0\u1ee3c cung c\u1ea5p.<\/p>\n<p style=\"text-align: justify;\"><strong>Cung c\u1ea5p sinh tr\u1eafc h\u1ecdc<\/strong><\/p>\n<p style=\"text-align: justify;\">Sau khi n\u1ed9p \u0111\u01a1n xin th\u1ecb th\u1ef1c Kh\u1edfi nghi\u1ec7p Canada, b\u1ea1n c\u0169ng s\u1ebd ph\u1ea3i cung c\u1ea5p th\u00f4ng tin sinh tr\u1eafc h\u1ecdc c\u1ee7a m\u00ecnh, ch\u1eb3ng h\u1ea1n nh\u01b0 d\u1ea5u v\u00e2n tay v\u00e0 h\u00ecnh \u1ea3nh.\u00a0Nh\u00e2n vi\u00ean xin th\u1ecb th\u1ef1c c\u1ee7a b\u1ea1n s\u1ebd th\u00f4ng b\u00e1o cho b\u1ea1n khi n\u00e0o v\u00e0 l\u00e0m th\u1ebf n\u00e0o \u0111\u1ec3 l\u00e0m \u0111i\u1ec1u \u0111\u00f3.<\/p>\n<p style=\"text-align: justify;\">Tuy nhi\u00ean, b\u1ea1n s\u1ebd kh\u00f4ng \u0111\u01b0\u1ee3c ph\u00e9p n\u1ed9p \u0111\u01a1n tr\u1eeb khi b\u1ea1n nh\u1eadn \u0111\u01b0\u1ee3c h\u1ed7 tr\u1ee3 t\u1eeb m\u1ed9t t\u1ed5 ch\u1ee9c \u0111\u01b0\u1ee3c ch\u1ec9 \u0111\u1ecbnh v\u00e0 h\u1ecd \u0111\u00e3 g\u1eedi Gi\u1ea5y ch\u1ee9ng nh\u1eadn Cam k\u1ebft c\u1ee7a h\u1ecd t\u1edbi IRCC v\u00e0 \u0111\u01b0a cho b\u1ea1n Th\u01b0 h\u1ed7 tr\u1ee3.<\/p>\n<p style=\"text-align: justify;\">\u0110\u1ea3m b\u1ea3o r\u1eb1ng b\u1ea1n c\u00f3 t\u1ea5t c\u1ea3 t\u00e0i li\u1ec7u v\u00e0 l\u1ec7 ph\u00ed \u0111\u00ednh k\u00e8m v\u1edbi \u0111\u01a1n \u0111\u0103ng k\u00fd, n\u1ebfu kh\u00f4ng h\u1ecd s\u1ebd g\u1eedi l\u1ea1i cho b\u1ea1n.<\/p>\n<h3 style=\"text-align: justify;\">3. Gi\u1ea5y ph\u00e9p l\u00e0m vi\u1ec7c t\u1ea1m th\u1eddi cho Visa kh\u1edfi nghi\u1ec7p<\/h3>\n<p style=\"text-align: justify;\">B\u1ea1n c\u00f3 th\u1ec3 n\u1ed9p \u0111\u01a1n xin th\u1ecb th\u1ef1c l\u00e0m vi\u1ec7c t\u1ea1m th\u1eddi \u1edf Canada \u0111\u1ec3 th\u00e0nh l\u1eadp doanh nghi\u1ec7p c\u1ee7a m\u00ecnh tr\u01b0\u1edbc khi n\u1ed9p \u0111\u01a1n xin gi\u1ea5y ph\u00e9p c\u01b0 tr\u00fa cho Visa kh\u1edfi nghi\u1ec7p.<\/p>\n<p style=\"text-align: justify;\">B\u1ea1n ch\u1ec9 c\u00f3 th\u1ec3 n\u1ed9p \u0111\u01a1n xin gi\u1ea5y ph\u00e9p lao \u0111\u1ed9ng sau khi \u0111\u00e3 nh\u1eadn \u0111\u01b0\u1ee3c Th\u01b0 h\u1ed7 tr\u1ee3 v\u00e0 Gi\u1ea5y ch\u1ee9ng nh\u1eadn cam k\u1ebft t\u1eeb t\u1ed5 ch\u1ee9c \u0111\u01b0\u1ee3c ch\u1ec9 \u0111\u1ecbnh c\u1ee7a b\u1ea1n.<\/p>\n<p style=\"text-align: justify;\">Ngo\u00e0i vi\u1ec7c nh\u1eadn \u0111\u01b0\u1ee3c h\u1ed7 tr\u1ee3 t\u1eeb t\u1ed5 ch\u1ee9c \u0111\u01b0\u1ee3c ch\u1ec9 \u0111\u1ecbnh, b\u1ea1n s\u1ebd ph\u1ea3i tr\u1ea3 ph\u00ed tu\u00e2n th\u1ee7 c\u1ee7a ng\u01b0\u1eddi s\u1eed d\u1ee5ng lao \u0111\u1ed9ng v\u00e0 c\u00f3 \u0111\u1ee7 thu nh\u1eadp \u0111\u1ec3 chu c\u1ea5p cho b\u1ea3n th\u00e2n v\u00e0 gia \u0111\u00ecnh.<\/p>\n<p style=\"text-align: justify;\">B\u1ea1n c\u0169ng s\u1ebd ph\u1ea3i \u0111\u01b0a ra l\u1eddi m\u1eddi l\u00e0m vi\u1ec7c th\u00f4ng qua C\u1ed5ng th\u00f4ng tin tuy\u1ec3n d\u1ee5ng c\u1ee7a IRCC. B\u1ea1n s\u1ebd ph\u1ea3i cung c\u1ea5p chi ti\u1ebft th\u00f4ng tin doanh nghi\u1ec7p, th\u00f4ng tin c\u00e1 nh\u00e2n c\u1ee7a b\u1ea1n v\u00e0 bi\u1ec3u m\u1eabu chi ti\u1ebft c\u00f4ng vi\u1ec7c.<\/p>\n<p style=\"text-align: justify;\">Tuy nhi\u00ean, gi\u1ea5y ph\u00e9p lao \u0111\u1ed9ng ng\u1eafn h\u1ea1n tr\u01b0\u1edbc khi c\u00f3 th\u1ecb th\u1ef1c Kh\u1edfi nghi\u1ec7p l\u00e0 t\u00f9y ch\u1ecdn .<\/p>\n[\/vc_column_text][\/vc_column][\/vc_row]\n<\/div>","protected":false},"excerpt":{"rendered":"<p>[vc_row top_margin=&#8221;0&#8243; bottom_margin=&#8221;0&#8243; css=&#8221;.vc_custom_1499912039446{margin-top: -30px !important;}&#8221;][vc_column][\/vc_column][\/vc_row][vc_row][vc_column][vc_column_text css=&#8221;&#8221;] N\u1ebfu b\u1ea1n c\u00f3 \u00fd t\u01b0\u1edfng s\u00e1ng t\u1ea1o v\u00e0 mu\u1ed1n m\u1edf doanh nghi\u1ec7p \u1edf Canada, b\u1ea1n s\u1ebd c\u1ea7n c\u00f3 th\u1ecb th\u1ef1c.\u00a0C\u1ee5 th\u1ec3 h\u01a1n, b\u1ea1n s\u1ebd ph\u1ea3i \u0111\u0103ng k\u00fd Ch\u01b0\u01a1ng tr\u00ecnh Visa Kh\u1edfi nghi\u1ec7p Canada d\u00e0nh cho Doanh nh\u00e2n. Ch\u01b0\u01a1ng tr\u00ecnh Kh\u1edfi nghi\u1ec7p c\u1ee7a Canada mang l\u1ea1i c\u01a1 h\u1ed9i tuy\u1ec7t [&hellip;]<\/p>\n","protected":false},"author":1,"featured_media":0,"parent":0,"menu_order":0,"comment_status":"closed","ping_status":"closed","template":"","meta":{"footnotes":""},"class_list":["post-6076","page","type-page","status-publish","hentry"],"_links":{"self":[{"href":"https:\/\/immico.vn\/vi\/wp-json\/wp\/v2\/pages\/6076","targetHints":{"allow":["GET"]}}],"collection":[{"href":"https:\/\/immico.vn\/vi\/wp-json\/wp\/v2\/pages"}],"about":[{"href":"https:\/\/immico.vn\/vi\/wp-json\/wp\/v2\/types\/page"}],"author":[{"embeddable":true,"href":"https:\/\/immico.vn\/vi\/wp-json\/wp\/v2\/users\/1"}],"replies":[{"embeddable":true,"href":"https:\/\/immico.vn\/vi\/wp-json\/wp\/v2\/comments?post=6076"}],"version-history":[{"count":5,"href":"https:\/\/immico.vn\/vi\/wp-json\/wp\/v2\/pages\/6076\/revisions"}],"predecessor-version":[{"id":10262,"href":"https:\/\/immico.vn\/vi\/wp-json\/wp\/v2\/pages\/6076\/revisions\/10262"}],"wp:attachment":[{"href":"https:\/\/immico.vn\/vi\/wp-json\/wp\/v2\/media?parent=6076"}],"curies":[{"name":"wp","href":"https:\/\/api.w.org\/{rel}","templated":true}]}}