{"id":6078,"date":"2017-07-19T06:01:17","date_gmt":"2017-07-19T06:01:17","guid":{"rendered":"https:\/\/colaw.vn\/package-accounting\/"},"modified":"2025-05-19T09:07:28","modified_gmt":"2025-05-19T09:07:28","slug":"dinh-cu-my-thong-qua-cha-me","status":"publish","type":"page","link":"https:\/\/immico.vn\/vi\/dinh-cu-my-thong-qua-cha-me\/","title":{"rendered":"\u0110\u1ecbnh C\u01b0 M\u1ef9 Th\u00f4ng Qua Cha M\u1eb9"},"content":{"rendered":"<div class=\"wpb-content-wrapper\">[vc_row top_margin=&#8221;0&#8243; bottom_margin=&#8221;0&#8243; css=&#8221;.vc_custom_1499912039446{margin-top: -30px !important;}&#8221;][vc_column]<div class=\"shortcode-wrapper shortcode-title clearfix hb-animate-element hb-fade-in\"><p style=\"color:#9a4c3c!important;border-color:#9a4c3c\" class=\"hb-text-large aligncenter\">\u0110\u1ecbnh C\u01b0 M\u1ef9 Th\u00f4ng Qua Cha M\u1eb9<\/p><\/div>[\/vc_column][\/vc_row][vc_row][vc_column][vc_column_text css=&#8221;&#8221;]\n<p style=\"text-align: justify;\">\u0110\u1ed1i v\u1edbi ng\u01b0\u1eddi n\u01b0\u1edbc ngo\u00e0i, c\u00f3 nhi\u1ec1u con \u0111\u01b0\u1eddng kh\u00e1c nhau \u0111\u1ec3 tr\u1edf th\u00e0nh c\u00f4ng d\u00e2n M\u1ef9. M\u1ecdi ng\u01b0\u1eddi th\u01b0\u1eddng nh\u1eadn \u0111\u01b0\u1ee3c qu\u1ed1c t\u1ecbch M\u1ef9 th\u00f4ng qua cha m\u1eb9 l\u00e0 c\u00f4ng d\u00e2n M\u1ef9 ho\u1eb7c th\u00f4ng qua vi\u1ec7c sinh ra \u1edf M\u1ef9. Kh\u00e1i ni\u1ec7m n\u00e0y c\u00f2n \u0111\u01b0\u1ee3c g\u1ecdi l\u00e0 \u0110\u1ea1o\u00a0\u00a0lu\u1eadt Qu\u1ed1c t\u1ecbch Tr\u1ebb em. \u0110\u1ea1o lu\u1eadt n\u00e0y cho ph\u00e9p con c\u00e1i c\u1ee7a c\u00f4ng d\u00e2n M\u1ef9 t\u1ef1 \u0111\u1ed9ng c\u00f3 \u0111\u01b0\u1ee3c quy\u1ec1n c\u00f4ng d\u00e2n. Quy t\u1eafc t\u01b0\u01a1ng t\u1ef1 \u00e1p d\u1ee5ng cho con nu\u00f4i c\u1ee7a c\u00f4ng d\u00e2n M\u1ef9. Con nu\u00f4i c\u0169ng c\u00f3 \u0111\u01b0\u1ee3c qu\u1ed1c t\u1ecbch M\u1ef9 c\u1ee7a cha m\u1eb9 nu\u00f4i.<\/p>\n<p style=\"text-align: justify;\">Nh\u1eadp t\u1ecbch\u00a0\u00a0l\u00e0 m\u1ed9t con \u0111\u01b0\u1eddng kh\u00e1c \u0111\u1ec3 c\u00f3 \u0111\u01b0\u1ee3c qu\u1ed1c t\u1ecbch M\u1ef9.\u00a0Ch\u00ednh ph\u1ee7 M\u1ef9 n\u00eau chi ti\u1ebft quy tr\u00ecnh n\u00e0y th\u00f4ng qua Hi\u1ebfn ph\u00e1p M\u1ef9 v\u00e0 c\u00e1c quy \u0111\u1ecbnh th\u1ef1c thi kh\u00e1c c\u1ee7a c\u00e1c c\u01a1 quan M\u1ef9.\u00a0Ng\u01b0\u1eddi c\u00f3 th\u1ebb xanh ho\u1eb7c th\u01b0\u1eddng tr\u00fa nh\u00e2n h\u1ee3p ph\u00e1p (LPR) c\u00f3 th\u1ec3 s\u1eed d\u1ee5ng quy tr\u00ecnh nh\u1eadp t\u1ecbch.\u00a0M\u1ed9t ph\u1ea7n thi\u1ebft y\u1ebfu c\u1ee7a qu\u00e1 tr\u00ecnh n\u00e0y li\u00ean quan \u0111\u1ebfn vi\u1ec7c \u0111\u00e1p \u1ee9ng c\u00e1c y\u00eau c\u1ea7u v\u1ec1 hi\u1ec7n di\u1ec7n th\u1ef1c t\u1ebf trong n\u01b0\u1edbc.\u00a0S\u1ef1 hi\u1ec7n di\u1ec7n v\u1eadt l\u00fd n\u00e0y ph\u1ea3i di\u1ec5n ra trong m\u1ed9t th\u1eddi gian li\u00ean t\u1ee5c, ba n\u0103m ho\u1eb7c n\u0103m n\u0103m, t\u00f9y theo t\u1eebng tr\u01b0\u1eddng h\u1ee3p.<\/p>\n<p style=\"text-align: justify;\">H\u01a1n n\u1eefa, nh\u1eefng ng\u01b0\u1eddi tr\u1edf th\u00e0nh c\u00f4ng d\u00e2n M\u1ef9 th\u00f4ng qua nh\u1eadp t\u1ecbch ho\u1eb7c th\u00e0nh vi\u00ean gia \u0111\u00ecnh c\u1ee7a h\u1ecd c\u00f3 \u0111\u1ee7 \u0111i\u1ec1u ki\u1ec7n \u0111\u1ec3 xin h\u1ed9 chi\u1ebfu M\u1ef9.\u00a0Gi\u1ea5y ch\u1ee9ng nh\u1eadn n\u00e0y v\u00e0 Gi\u1ea5y ch\u1ee9ng nh\u1eadn Nh\u1eadp t\u1ecbch c\u1ee7a h\u1ecd cung c\u1ea5p b\u1eb1ng ch\u1ee9ng v\u1ec1 t\u00ecnh tr\u1ea1ng c\u00f4ng d\u00e2n M\u1ef9 m\u1edbi c\u1ee7a h\u1ecd.<\/p>\n<p style=\"text-align: justify;\">N\u00f3i chung, m\u1ed9t ng\u01b0\u1eddi c\u00f3 th\u1ec3 tr\u1edf th\u00e0nh c\u00f4ng d\u00e2n M\u1ef9 theo cha m\u1eb9 ho\u1eb7c khi sinh ra theo m\u1ed9t trong ba c\u00e1ch:<\/p>\n<p style=\"text-align: justify;\">&#8211; B\u1eb1ng c\u00e1ch sinh ra \u1edf M\u1ef9 ho\u1eb7c m\u1ed9t trong nh\u1eefng thu\u1ed9c \u0111\u1ecba xa x\u00f4i c\u1ee7a n\u00f3 (quy\u1ec1n c\u00f4ng d\u00e2n theo n\u01a1i sinh)<\/p>\n<p style=\"text-align: justify;\">&#8211; \u0110\u01b0\u1ee3c sinh ra t\u1eeb cha m\u1eb9 l\u00e0 c\u00f4ng d\u00e2n M\u1ef9 (c\u00f3 \u0111\u01b0\u1ee3c quy\u1ec1n c\u00f4ng d\u00e2n)<\/p>\n<p style=\"text-align: justify;\">&#8211; M\u1ed9t ho\u1eb7c c\u1ea3 hai cha m\u1eb9 \u0111\u00e3 \u0111\u01b0\u1ee3c nh\u1eadp t\u1ecbch (qu\u1ed1c t\u1ecbch ph\u00e1i sinh)<\/p>\n<p style=\"text-align: justify;\">C\u01a1 quan Di tr\u00fa v\u00e0 Nh\u1eadp t\u1ecbch M\u1ef9 (USCIS) v\u00e0 B\u1ed9 Ngo\u1ea1i giao M\u1ef9 cung c\u1ea5p th\u00f4ng tin t\u1ed5ng quan v\u1ec1 quy\u1ec1n c\u00f4ng d\u00e2n theo n\u01a1i sinh v\u00e0 c\u00e1c c\u00e1ch kh\u00e1c \u0111\u1ec3 m\u1ed9t ng\u01b0\u1eddi c\u00f3 th\u1ec3 tr\u1edf th\u00e0nh c\u00f4ng d\u00e2n M\u1ef9.<\/p>\n<h3 style=\"text-align: justify;\">1. Quy\u1ec1n c\u00f4ng d\u00e2n M\u1ef9 khi \u0111\u01b0\u1ee3c sinh ra \u1edf M\u1ef9<\/h3>\n<p style=\"text-align: justify;\">Trong h\u1ea7u h\u1ebft c\u00e1c tr\u01b0\u1eddng h\u1ee3p, b\u1ea5t k\u1ef3 \u0111\u1ee9a tr\u1ebb n\u00e0o sinh ra \u1edf M\u1ef9 ho\u1eb7c m\u1ed9t trong c\u00e1c v\u00f9ng l\u00e3nh th\u1ed5 c\u1ee7a M\u1ef9, nh\u01b0 Guam, s\u1ebd t\u1ef1 \u0111\u1ed9ng c\u00f3 qu\u1ed1c t\u1ecbch M\u1ef9.\u00a0\u0110i\u1ec1u n\u00e0y \u0111\u01b0\u1ee3c g\u1ecdi l\u00e0 &#8220;quy\u1ec1n c\u00f4ng d\u00e2n theo n\u01a1i sinh&#8221; v\u00e0 \u0111\u01b0\u1ee3c b\u1ea3o v\u1ec7 b\u1edfi Tu\u00a0\u00a0ch\u00ednh \u00e1n th\u1ee9 14\u00a0\u00a0c\u1ee7a Hi\u1ebfn ph\u00e1p M\u1ef9, trong \u0111\u00f3 (trong Ph\u1ea7n 1) n\u00eau r\u00f5 nh\u1eefng \u0111i\u1ec1u sau:<\/p>\n<p style=\"text-align: justify;\">T\u1ea5t c\u1ea3 nh\u1eefng ng\u01b0\u1eddi sinh ra ho\u1eb7c nh\u1eadp t\u1ecbch t\u1ea1i M\u1ef9 v\u00e0 ch\u1ecbu s\u1ef1 qu\u1ea3n l\u00fd c\u1ee7a M\u1ef9 \u0111\u1ec1u l\u00e0 c\u00f4ng d\u00e2n c\u1ee7a M\u1ef9 v\u00e0 c\u1ee7a Ti\u1ec3u bang n\u01a1i h\u1ecd c\u01b0 tr\u00fa.<\/p>\n<p style=\"text-align: justify;\">Tuy nhi\u00ean, tr\u1ebb em sinh ra t\u1eeb c\u00e1c nh\u00e0 ngo\u1ea1i giao v\u00e0 c\u00e1c quan ch\u1ee9c ch\u00ednh ph\u1ee7 \u0111\u01b0\u1ee3c c\u00f4ng nh\u1eadn kh\u00e1c t\u1eeb n\u01b0\u1edbc ngo\u00e0i s\u1ebd kh\u00f4ng nh\u1eadn \u0111\u01b0\u1ee3c qu\u1ed1c t\u1ecbch M\u1ef9 n\u1ebfu sinh ra tr\u00ean \u0111\u1ea5t M\u1ef9 (\u00a0Ti\u00eau \u0111\u1ec1 8 c\u1ee7a B\u1ed9 lu\u1eadt M\u1ef9\u00a0).\u00a0N\u1ebfu b\u1ea1n sinh ra \u1edf M\u1ef9, quy\u1ec1n c\u00f4ng d\u00e2n M\u1ef9 c\u1ee7a b\u1ea1n s\u1ebd t\u1ed3n t\u1ea1i su\u1ed1t \u0111\u1eddi tr\u1eeb khi b\u1ea1n c\u00f3\u00a0\u00a0h\u00e0nh \u0111\u1ed9ng kh\u1eb3ng \u0111\u1ecbnh \u0111\u1ec3 t\u1eeb b\u1ecf n\u00f3\u00a0, ch\u1eb3ng h\u1ea1n nh\u01b0 tuy\u00ean th\u1ec7 trung th\u00e0nh.<\/p>\n<h3 style=\"text-align: justify;\">2. Quy\u1ec1n c\u00f4ng d\u00e2n M\u1ef9 do c\u00f4ng d\u00e2n M\u1ef9 sinh ra<\/h3>\n<p style=\"text-align: justify;\">Tr\u01b0\u1eddng h\u1ee3p kh\u00f4ng sinh ra tr\u00ean \u0111\u1ea5t M\u1ef9 , s\u1ebd d\u1eabn \u0111\u1ebfn b\u1ed1n t\u00ecnh hu\u1ed1ng sau:<\/p>\n<p style=\"text-align: justify;\">&#8211; Cha m\u1eb9 \u0111\u00e3 l\u00e0 c\u00f4ng d\u00e2n M\u1ef9, sinh ra \u1edf n\u01b0\u1edbc ngo\u00e0i V\u00c0 hi\u1ec7n t\u1ea1i \u0111\u1ee9a tr\u1ebb v\u1eabn d\u01b0\u1edbi 18 tu\u1ed5i. <a href=\"https:\/\/immico.vn\/vi\/cha-me-da-la-cong-dan-my-sinh-ra-o-nuoc-ngoai-va-hien-tai-dua-tre-van-duoi-18-tuoi\/\"><u>chi ti\u1ebft t\u1ea1i \u0111\u00e2y<\/u><\/a><\/p>\n<p style=\"text-align: justify;\">&#8211; Cha m\u1eb9 \u0111\u00e3 l\u00e0 c\u00f4ng d\u00e2n M\u1ef9, sinh ra \u1edf n\u01b0\u1edbc ngo\u00e0i V\u00c0 hi\u1ec7n t\u1ea1i \u0111\u1ee9a tr\u1ebb \u0111\u00e3 tr\u00ean 18 tu\u1ed5i. <a href=\"https:\/\/immico.vn\/vi\/cha-me-da-la-cong-dan-my-sinh-ra-o-nuoc-ngoai-va-hien-tai-dua-tre-da-tren-18-tuoi\/\"><u>chi ti\u1ebft t\u1ea1i \u0111\u00e2y<\/u><\/a><\/p>\n<p style=\"text-align: justify;\">&#8211; Cha m\u1eb9 \u0111\u00e3 tr\u1edf th\u00e0nh c\u00f4ng d\u00e2n sau khi sinh \u0111\u1ee9a tr\u1ebb \u1edf n\u01b0\u1edbc ngo\u00e0i V\u00c0 hi\u1ec7n t\u1ea1i \u0111\u1ee9a tr\u1ebb v\u1eabn d\u01b0\u1edbi 18 tu\u1ed5i.<a href=\"https:\/\/immico.vn\/vi\/cha-me-da-tro-thanh-cong-dan-sau-khi-sinh-dua-tre-o-nuoc-ngoai-va-hien-tai-dua-tre-van-duoi-18-tuoi\/\"><u> chi ti\u1ebft t\u1ea1i \u0111\u00e2y<\/u><\/a><\/p>\n<p>&#8211; Cha m\u1eb9 \u0111\u00e3 tr\u1edf th\u00e0nh c\u00f4ng d\u00e2n sau khi \u0111\u1ee9a tr\u1ebb tr\u00f2n 18 tu\u1ed5i. <a href=\"https:\/\/immico.vn\/vi\/cha-me-da-tro-thanh-cong-dan-sau-khi-dua-tre-tron-18-tuoi\/\"><u>chi ti\u1ebft t\u1ea1i \u0111\u00e2y<\/u><\/a>[\/vc_column_text][\/vc_column][\/vc_row]\n<\/div>","protected":false},"excerpt":{"rendered":"<p>[vc_row top_margin=&#8221;0&#8243; bottom_margin=&#8221;0&#8243; css=&#8221;.vc_custom_1499912039446{margin-top: -30px !important;}&#8221;][vc_column][\/vc_column][\/vc_row][vc_row][vc_column][vc_column_text css=&#8221;&#8221;] \u0110\u1ed1i v\u1edbi ng\u01b0\u1eddi n\u01b0\u1edbc ngo\u00e0i, c\u00f3 nhi\u1ec1u con \u0111\u01b0\u1eddng kh\u00e1c nhau \u0111\u1ec3 tr\u1edf th\u00e0nh c\u00f4ng d\u00e2n M\u1ef9. M\u1ecdi ng\u01b0\u1eddi th\u01b0\u1eddng nh\u1eadn \u0111\u01b0\u1ee3c qu\u1ed1c t\u1ecbch M\u1ef9 th\u00f4ng qua cha m\u1eb9 l\u00e0 c\u00f4ng d\u00e2n M\u1ef9 ho\u1eb7c th\u00f4ng qua vi\u1ec7c sinh ra \u1edf M\u1ef9. Kh\u00e1i ni\u1ec7m n\u00e0y c\u00f2n \u0111\u01b0\u1ee3c g\u1ecdi l\u00e0 [&hellip;]<\/p>\n","protected":false},"author":1,"featured_media":0,"parent":0,"menu_order":0,"comment_status":"closed","ping_status":"closed","template":"","meta":{"footnotes":""},"class_list":["post-6078","page","type-page","status-publish","hentry"],"_links":{"self":[{"href":"https:\/\/immico.vn\/vi\/wp-json\/wp\/v2\/pages\/6078","targetHints":{"allow":["GET"]}}],"collection":[{"href":"https:\/\/immico.vn\/vi\/wp-json\/wp\/v2\/pages"}],"about":[{"href":"https:\/\/immico.vn\/vi\/wp-json\/wp\/v2\/types\/page"}],"author":[{"embeddable":true,"href":"https:\/\/immico.vn\/vi\/wp-json\/wp\/v2\/users\/1"}],"replies":[{"embeddable":true,"href":"https:\/\/immico.vn\/vi\/wp-json\/wp\/v2\/comments?post=6078"}],"version-history":[{"count":6,"href":"https:\/\/immico.vn\/vi\/wp-json\/wp\/v2\/pages\/6078\/revisions"}],"predecessor-version":[{"id":10282,"href":"https:\/\/immico.vn\/vi\/wp-json\/wp\/v2\/pages\/6078\/revisions\/10282"}],"wp:attachment":[{"href":"https:\/\/immico.vn\/vi\/wp-json\/wp\/v2\/media?parent=6078"}],"curies":[{"name":"wp","href":"https:\/\/api.w.org\/{rel}","templated":true}]}}