{"id":6080,"date":"2017-07-19T06:02:35","date_gmt":"2017-07-19T06:02:35","guid":{"rendered":"https:\/\/colaw.vn\/tax-reports\/"},"modified":"2025-05-19T09:21:53","modified_gmt":"2025-05-19T09:21:53","slug":"don-nhap-tich-my","status":"publish","type":"page","link":"https:\/\/immico.vn\/vi\/don-nhap-tich-my\/","title":{"rendered":"\u0110\u01a1n Nh\u1eadp T\u1ecbch M\u1ef9"},"content":{"rendered":"<div class=\"wpb-content-wrapper\">[vc_row top_margin=&#8221;0&#8243; bottom_margin=&#8221;0&#8243; css=&#8221;.vc_custom_1499912039446{margin-top: -30px !important;}&#8221;][vc_column]<div class=\"shortcode-wrapper shortcode-title clearfix hb-animate-element hb-fade-in\"><p style=\"color:#9a4c3c!important;border-color:#9a4c3c\" class=\"hb-text-large aligncenter\">\u0110\u01a1n Nh\u1eadp T\u1ecbch M\u1ef9<\/p><\/div>[\/vc_column][\/vc_row][vc_row][vc_column][vc_column_text css=&#8221;&#8221;]\n<p style=\"text-align: justify;\">Tr\u1edf th\u00e0nh c\u00f4ng d\u00e2n M\u1ef9 l\u00e0 m\u1ed9t qu\u00e1 tr\u00ecnh \u0111\u00f2i h\u1ecfi s\u1ef1 chi ti\u1ebft kh\u00e1 c\u1ea9n th\u1eadn. B\u1ea1n ph\u1ea3i \u0111i\u1ec1n v\u00e0o c\u00e1c bi\u1ec3u m\u1eabu th\u00edch h\u1ee3p v\u00e0o th\u1eddi \u0111i\u1ec3m th\u00edch h\u1ee3p v\u00e0 \u0111\u1ea3m b\u1ea3o t\u1ea5t c\u1ea3 b\u1eb1ng ch\u1ee9ng v\u00e0 kho\u1ea3n thanh to\u00e1n b\u1ed5 sung \u0111\u1ec1u \u0111\u01b0\u1ee3c th\u00eam v\u00e0o \u0111\u01a1n \u0111\u0103ng k\u00fd c\u1ee7a b\u1ea1n. Ngay c\u1ea3 nh\u1eefng sai s\u00f3t nh\u1ecf c\u0169ng c\u00f3 th\u1ec3 khi\u1ebfn qu\u00e1 tr\u00ecnh nh\u1eadp t\u1ecbch c\u1ee7a b\u1ea1n b\u1ecb tr\u00ec ho\u00e3n \u0111\u00e1ng k\u1ec3, th\u1eadm ch\u00ed b\u1ecb t\u1eeb ch\u1ed1i.<\/p>\n<p style=\"text-align: justify;\">Trong b\u00e0i vi\u1ebft n\u00e0y, ch\u00fang ta s\u1ebd ti\u1ebfp t\u1ee5c xem x\u00e9t qu\u00e1 tr\u00ecnh nh\u1eadp t\u1ecbch v\u00e0 c\u00e1ch tr\u1edf th\u00e0nh c\u00f4ng d\u00e2n M\u1ef9. B\u00e2y gi\u1edd ch\u00fang ta s\u1ebd \u0111i s\u00e2u h\u01a1n v\u1ec1 c\u00e1c b\u01b0\u1edbc th\u1ef1c t\u1ebf c\u00f3 li\u00ean quan v\u00e0 nh\u1eefng g\u00ec h\u1ecd \u0111\u00f2i h\u1ecfi.<\/p>\n<p style=\"text-align: justify;\"><strong>Tr\u01b0\u1edbc khi b\u1ea1n n\u1ed9p \u0111\u01a1n<\/strong><\/p>\n<p style=\"text-align: justify;\">&#8211; \u0110\u1ea3m b\u1ea3o b\u1ea1n ch\u01b0a ph\u1ea3i l\u00e0 c\u00f4ng d\u00e2n<\/p>\n<p style=\"text-align: justify;\">R\u00f5 r\u00e0ng, \u0111\u00e2y l\u00e0 m\u1ed9t l\u1ed7i kh\u00e1 ph\u1ed5 bi\u1ebfn c\u1ea7n \u0111\u01b0\u1ee3c USCIS \u0111\u01b0a v\u00e0o.<\/p>\n<p style=\"text-align: justify;\">N\u00f3i m\u1ed9t c\u00e1ch \u0111\u01a1n gi\u1ea3n, n\u1ebfu b\u1ea1n sinh ra kh\u00f4ng ph\u1ea3i l\u00e0 c\u00f4ng d\u00e2n M\u1ef9 v\u00e0 kh\u00f4ng nh\u1eadn qu\u1ed1c t\u1ecbch th\u00f4ng qua cha m\u1eb9 th\u00ec b\u1ea1n ch\u01b0a ph\u1ea3i l\u00e0 c\u00f4ng d\u00e2n M\u1ef9.<\/p>\n<p style=\"text-align: justify;\">&#8211; X\u00e1c \u0111\u1ecbnh kh\u1ea3 n\u0103ng h\u1ed9i \u0111\u1ee7 \u0111i\u1ec1u ki\u1ec7n c\u1ee7a b\u1ea1n \u0111\u1ec3 tr\u1edf th\u00e0nh c\u00f4ng d\u00e2n M\u1ef9.<\/p>\n<p style=\"text-align: justify;\">Trong h\u1ea7u h\u1ebft c\u00e1c tr\u01b0\u1eddng h\u1ee3p, \u0111\u1ec3 \u0111\u1ee7 \u0111i\u1ec1u ki\u1ec7n nh\u1eadp t\u1ecbch, b\u1ea1n ph\u1ea3i \u00edt nh\u1ea5t 18 tu\u1ed5i v\u00e0 c\u00f3 t\u01b0 c\u00e1ch th\u01b0\u1eddng tr\u00fa t\u1ea1i M\u1ef9 trong v\u00e0i n\u0103m. H\u1ea7u h\u1ebft l\u00e0 5 n\u0103m, ba n\u0103m \u0111\u1ed1i v\u1edbi nh\u1eefng ng\u01b0\u1eddi k\u1ebft h\u00f4n v\u1edbi c\u00f4ng d\u00e2n M\u1ef9.<\/p>\n<p style=\"text-align: justify;\"><strong>5 b\u01b0\u1edbc \u0111\u1ec3 tr\u1edf th\u00e0nh c\u00f4ng d\u00e2n M\u1ef9<\/strong><\/p>\n<p style=\"text-align: justify;\">B\u00e2y gi\u1edd ch\u00fang t\u00f4i s\u1ebd tr\u00ecnh b\u00e0y v\u00e0 gi\u00fap b\u1ea1n hi\u1ec3u 10 B\u01b0\u1edbc \u0111\u1ec3 Nh\u1eadp t\u1ecbch do USCIS \u0111\u01b0a ra. Ch\u00fang t\u00f4i \u0111\u00e3 \u0111\u01a1n gi\u1ea3n h\u00f3a v\u00e0 t\u00f3m t\u1eaft quy tr\u00ecnh tr\u1edf th\u00e0nh c\u00f4ng d\u00e2n M\u1ef9 t\u1ea1i \u0111\u00e2y, v\u00ec v\u1eady b\u1ea1n n\u00ean \u0111\u1ecdc t\u00e0i li\u1ec7u m\u1edbi nh\u1ea5t do USCIS \u0111\u01b0a ra tr\u01b0\u1edbc khi ho\u00e0n th\u00e0nh b\u1ea5t k\u1ef3 th\u1ee7 t\u1ee5c gi\u1ea5y t\u1edd n\u00e0o.<\/p>\n<p style=\"text-align: justify;\"><strong>1. Ho\u00e0n th\u00e0nh v\u00e0 chu\u1ea9n b\u1ecb g\u00f3i N-400 c\u1ee7a b\u1ea1n<\/strong><\/p>\n<p style=\"text-align: justify;\">Khi b\u1ea1n \u0111\u1ea3m b\u1ea3o r\u1eb1ng b\u1ea1n \u0111\u00e3 \u0111\u00e1p \u1ee9ng c\u00e1c y\u00eau c\u1ea7u c\u01a1 b\u1ea3n, b\u1ea1n s\u1ebd c\u1ea7n \u0111i\u1ec1n v\u00e0o m\u1eabu N-400 \u0111\u1ec3 b\u1eaft \u0111\u1ea7u qu\u00e1 tr\u00ecnh \u0111\u0103ng k\u00fd.<\/p>\n<p style=\"text-align: justify;\">&#8211; B\u1ea1n c\u1ea7n c\u00f3 b\u1ea3n sao (c\u1ea3 m\u1eb7t tr\u01b0\u1edbc v\u00e0 m\u1eb7t sau) Th\u1ebb th\u01b0\u1eddng tr\u00fa (Th\u1ebb xanh) c\u1ee7a b\u1ea1n.<\/p>\n<p style=\"text-align: justify;\">&#8211; B\u1eb1ng ch\u1ee9ng v\u1ec1 t\u00ecnh tr\u1ea1ng h\u00f4n nh\u00e2n, n\u1ebfu c\u00f3. B\u1ea1n s\u1ebd c\u1ea7n m\u1ed9t b\u1ea3n d\u1ecbch c\u1ee7a b\u1ea5t k\u1ef3 gi\u1ea5y t\u1edd n\u00e0o \u0111\u01b0\u1ee3c \u00e1p d\u1ee5ng, ch\u1eb3ng h\u1ea1n nh\u01b0 gi\u1ea5y \u0111\u0103ng k\u00fd k\u1ebft h\u00f4n, gi\u1ea5y ch\u1ee9ng t\u1eed ho\u1eb7c gi\u1ea5y ch\u1ee9ng nh\u1eadn ly h\u00f4n.<\/p>\n<p style=\"text-align: justify;\">&#8211; B\u1ea1n s\u1ebd c\u1ea7n ch\u1ee5p 2 \u1ea3nh \u201cki\u1ec3u h\u1ed9 chi\u1ebfu\u201d n\u1ebfu b\u1ea1n hi\u1ec7n \u0111ang s\u1ed1ng b\u00ean ngo\u00e0i M\u1ef9. T\u00ean v\u00e0 s\u1ed1 A c\u1ee7a b\u1ea1n ph\u1ea3i \u0111\u01b0\u1ee3c vi\u1ebft \u1edf m\u1eb7t sau c\u1ee7a m\u1ed7i b\u1ee9c \u1ea3nh b\u1eb1ng b\u00fat ch\u00ec.<\/p>\n<p style=\"text-align: justify;\">&#8211; T\u00f9y thu\u1ed9c v\u00e0o \u0111\u01a1n \u0111\u0103ng k\u00fd c\u1ee7a b\u1ea1n, b\u1ea1n c\u0169ng c\u00f3 th\u1ec3 c\u1ea7n ph\u1ea3i g\u1eedi k\u00e8m b\u1eb1ng ch\u1ee9ng ngh\u0129a v\u1ee5 qu\u00e2n s\u1ef1, b\u1eb1ng ch\u1ee9ng khuy\u1ebft t\u1eadt (M\u1eabu N-648) ho\u1eb7c \u0111\u01a1n xin mi\u1ec5n l\u1ec7 ph\u00ed.<\/p>\n<p style=\"text-align: justify;\">&#8211; Thanh to\u00e1n ph\u00ed \u0111\u0103ng k\u00fd (kho\u1ea3ng $ 725).<\/p>\n<p style=\"text-align: justify;\">&#8211; \u0110\u1ea3m b\u1ea3o b\u1ea1n c\u00f3 m\u1ecdi th\u1ee9 trong danh s\u00e1ch ki\u1ec3m tra T\u00e0i li\u1ec7u N-400 .<\/p>\n<p style=\"text-align: justify;\">\u0110\u1ea3m b\u1ea3o c\u00f3 b\u1ea3n sao c\u1ee7a m\u1ecdi th\u1ee9 b\u1ea1n g\u1eedi. B\u1ea1n s\u1ebd \u0111\u01b0\u1ee3c h\u1ecfi c\u00e1c c\u00e2u h\u1ecfi li\u00ean quan \u0111\u1ebfn th\u1ee7 t\u1ee5c gi\u1ea5y t\u1edd n\u00e0y trong cu\u1ed9c ph\u1ecfng v\u1ea5n c\u1ee7a b\u1ea1n.<\/p>\n<p style=\"text-align: justify;\"><strong>2. G\u1eedi M\u1eabu N-400<\/strong><\/p>\n<p style=\"text-align: justify;\">Khi b\u1ea1n \u0111\u00e3 chu\u1ea9n b\u1ecb s\u1eb5n t\u1ea5t c\u1ea3 c\u00e1c t\u00e0i li\u1ec7u, h\u00ecnh \u1ea3nh v\u00e0 l\u1ec7 ph\u00ed c\u1ea7n thi\u1ebft, b\u1ea1n s\u1ebd g\u1eedi ch\u00fang cho USCIS. Sau khi g\u1eedi t\u00e0i li\u1ec7u v\u00e0 l\u1ec7 ph\u00ed, b\u1ea1n s\u1ebd nh\u1eadn \u0111\u01b0\u1ee3c bi\u00ean nh\u1eadn \u0111\u00e3 g\u1eedi \u0111\u1ec3 b\u1ea1n c\u00f3 th\u1ec3 ki\u1ec3m tra tr\u1ea1ng th\u00e1i g\u00f3i \u0111\u0103ng k\u00fd c\u1ee7a m\u00ecnh.<\/p>\n<p style=\"text-align: justify;\">L\u01b0u \u00fd: T\u1ea5t c\u1ea3 c\u00e1c m\u1eabu \u0111\u01a1n ch\u00ednh th\u1ee9c n\u1ed9p cho USCIS ph\u1ea3i c\u00f3 b\u1ea3n d\u1ecbch ti\u1ebfng Anh (n\u1ebfu ch\u01b0a c\u00f3 b\u1eb1ng ti\u1ebfng Anh). Nh\u00f3m ti\u1ebfng T\u00e2y Ban Nha chuy\u00ean l\u00e0m vi\u1ec7c v\u1edbi nh\u1eefng ng\u01b0\u1eddi c\u1ea7n \u0111\u00e1p \u1ee9ng y\u00eau c\u1ea7u c\u1ee7a USCIS v\u00e0 cung c\u1ea5p c\u00e1c b\u1ea3n d\u1ecbch nhanh ch\u00f3ng, ch\u00ednh x\u00e1c v\u00e0 chuy\u00ean nghi\u1ec7p .<\/p>\n<p style=\"text-align: justify;\"><strong>3. H\u1eb9n l\u1ea5y sinh tr\u1eafc h\u1ecdc<\/strong><\/p>\n<p style=\"text-align: justify;\">Sau khi g\u00f3i h\u00e0ng c\u1ee7a b\u1ea1n \u0111ang \u0111\u01b0\u1ee3c x\u1eed l\u00fd, b\u1ea1n s\u1ebd nh\u1eadn \u0111\u01b0\u1ee3c th\u00f4ng b\u00e1o cu\u1ed9c h\u1eb9n c\u00f3 m\u1eb7t t\u1ea1i Trung t\u00e2m H\u1ed7 tr\u1ee3 \u1ee8ng d\u1ee5ng \u0111\u1ec3 qu\u00e9t sinh tr\u1eafc h\u1ecdc c\u0169ng nh\u01b0 x\u1eed l\u00fd ch\u1eef k\u00fd v\u00e0 \u1ea3nh. FBI s\u1ebd s\u1eed d\u1ee5ng th\u00f4ng tin n\u00e0y \u0111\u1ec3 ti\u1ebfn h\u00e0nh ki\u1ec3m tra l\u00fd l\u1ecbch. Vi\u1ec7c ki\u1ec3m tra l\u00fd l\u1ecbch ph\u1ea3i \u0111\u01b0\u1ee3c ho\u00e0n th\u00e0nh tr\u01b0\u1edbc khi b\u1ea1n c\u00f3 th\u1ec3 nh\u1eadn \u0111\u01b0\u1ee3c th\u00f4ng b\u00e1o h\u1eb9n ph\u1ecfng v\u1ea5n n\u1ed9p \u0111\u01a1n xin USCIS.<\/p>\n<p style=\"text-align: justify;\"><strong>4. \u0110i \u0111\u1ebfn cu\u1ed9c ph\u1ecfng v\u1ea5n USCIS c\u1ee7a b\u1ea1n<\/strong><\/p>\n<p style=\"text-align: justify;\">Sau khi ho\u00e0n t\u1ea5t qu\u00e1 tr\u00ecnh ki\u1ec3m tra l\u00fd l\u1ecbch, b\u1ea1n s\u1ebd \u0111\u01b0\u1ee3c l\u00ean l\u1ecbch ph\u1ecfng v\u1ea5n t\u1ea1i v\u0103n ph\u00f2ng USCIS g\u1ea7n \u0111\u00f3. B\u1ea1n n\u00ean mang theo th\u00f4ng b\u00e1o cu\u1ed9c h\u1eb9n khi \u0111\u1ebfn cu\u1ed9c h\u1ecdp. N\u1ebfu b\u1ea1n c\u1ea3m th\u1ea5y m\u00ecnh kh\u00f4ng th\u1ec3 th\u1ef1c hi\u1ec7n cu\u1ed9c ph\u1ecfng v\u1ea5n v\u00e0o ng\u00e0y ho\u1eb7c gi\u1edd \u0111\u01b0\u1ee3c y\u00eau c\u1ea7u, b\u1ea1n n\u00ean \u0111\u1ea3m b\u1ea3o vi\u1ebft th\u01b0 ho\u1eb7c li\u00ean h\u1ec7 ngay v\u1edbi v\u0103n ph\u00f2ng g\u1ea7n \u0111\u00f3 v\u00e0 l\u00ean l\u1ecbch l\u1ea1i cu\u1ed9c h\u1eb9n. Vi\u1ec7c s\u1eafp x\u1ebfp l\u1ea1i \u0111\u00f4i khi c\u00f3 th\u1ec3 l\u00e0m t\u0103ng qu\u00e1 tr\u00ecnh n\u1ed9p \u0111\u01a1n c\u1ee7a b\u1ea1n theo th\u00e1ng.<\/p>\n<p style=\"text-align: justify;\">Trong m\u1ed9t s\u1ed1 tr\u01b0\u1eddng h\u1ee3p, b\u1ea1n s\u1ebd kh\u00f4ng \u0111\u01b0\u1ee3c chuy\u1ec3n sang b\u01b0\u1edbc 5. \u0110i\u1ec1u n\u00e0y \u0111\u01b0\u1ee3c coi l\u00e0 ti\u1ebfp t\u1ee5c n\u1ed9p \u0111\u01a1n v\u00e0 c\u00f3 th\u1ec3 x\u1ea3y ra n\u1ebfu b\u1ea1n tr\u01b0\u1ee3t m\u1ed9t trong c\u00e1c b\u00e0i ki\u1ec3m tra ho\u1eb7c n\u1ebfu ng\u01b0\u1eddi ph\u1ecfng v\u1ea5n x\u00e1c \u0111\u1ecbnh r\u1eb1ng h\u1ecd c\u1ea7n th\u00eam t\u00e0i li\u1ec7u ho\u1eb7c b\u1eb1ng ch\u1ee9ng.<\/p>\n<p style=\"text-align: justify;\"><strong>5. Nh\u1eadn Quy\u1ebft \u0111\u1ecbnh v\u1ec1 \u0110\u01a1n \u0111\u0103ng k\u00fd N-400 c\u1ee7a b\u1ea1n<\/strong><\/p>\n<p style=\"text-align: justify;\">B\u00e2y gi\u1edd b\u1ea1n s\u1ebd nh\u1eadn \u0111\u01b0\u1ee3c quy\u1ebft \u0111\u1ecbnh li\u00ean quan \u0111\u1ebfn \u0111\u01a1n \u0111\u0103ng k\u00fd c\u1ee7a m\u00ecnh. N\u1ebfu \u0111\u01a1n \u0111\u0103ng k\u00fd c\u1ee7a b\u1ea1n \u0111\u01b0\u1ee3c ch\u1ea5p thu\u1eadn th\u00ec b\u1ea1n \u0111\u01b0\u1ee3c coi l\u00e0 \u0111\u1ee7 \u0111i\u1ec1u ki\u1ec7n \u0111\u1ec3 nh\u1eadp qu\u1ed1c t\u1ecbch. N\u1ebfu b\u1ea1n b\u1ecb t\u1eeb ch\u1ed1i, th\u00ec b\u1ea1n \u0111\u01b0\u1ee3c coi l\u00e0 kh\u00f4ng \u0111\u1ee7 \u0111i\u1ec1u ki\u1ec7n v\u00e0 s\u1ebd nh\u1eadn \u0111\u01b0\u1ee3c th\u00f4ng b\u00e1o gi\u1ea3i th\u00edch l\u00fd do t\u1eeb ch\u1ed1i N-400 c\u1ee7a b\u1ea1n. C\u00f3 th\u1ec3 t\u1ed5 ch\u1ee9c m\u1ed9t bu\u1ed5i \u0111i\u1ec1u tr\u1ea7n \u0111\u1ec3 kh\u00e1ng c\u00e1o quy\u1ebft \u0111\u1ecbnh (b\u1eaft \u0111\u1ea7u b\u1eb1ng c\u00e1ch \u0111i\u1ec1n N-336) n\u1ebfu b\u1ea1n cho r\u1eb1ng \u0111\u00e3 c\u00f3 sai s\u00f3t.<\/p>\n<p style=\"text-align: justify;\"><strong>Tuy\u00ean th\u1ec7 trung th\u00e0nh v\u1edbi M\u1ef9<\/strong><\/p>\n<p style=\"text-align: justify;\">Sau khi tuy\u00ean th\u1ec7, b\u1ea1n ch\u00ednh th\u1ee9c tr\u1edf th\u00e0nh c\u00f4ng d\u00e2n M\u1ef9. B\u1ea1n s\u1ebd ph\u1ea3i t\u1eeb b\u1ecf th\u1ebb th\u01b0\u1eddng tr\u00fa v\u00e0 nh\u1eadn gi\u1ea5y ch\u1ee9ng nh\u1eadn nh\u1eadp t\u1ecbch.<\/p>\n<p style=\"text-align: justify;\">Tr\u1edf th\u00e0nh c\u00f4ng d\u00e2n M\u1ef9 \u0111i k\u00e8m v\u1edbi m\u1ed9t s\u1ed1 quy\u1ec1n v\u00e0 tr\u00e1ch nhi\u1ec7m. \u0110\u1ea3m b\u1ea3o hi\u1ec3u r\u00f5 vi\u1ec7c tr\u1edf th\u00e0nh m\u1ed9t c\u00f4ng d\u00e2n \u0111\u00f2i h\u1ecfi nh\u1eefng g\u00ec, nh\u1eefng g\u00ec \u0111\u01b0\u1ee3c mong \u0111\u1ee3i \u1edf b\u1ea1n v\u00e0 nh\u1eefng g\u00ec b\u1ea1n \u0111\u01b0\u1ee3c h\u01b0\u1edfng.<\/p>\n[\/vc_column_text][\/vc_column][\/vc_row]\n<\/div>","protected":false},"excerpt":{"rendered":"<p>[vc_row top_margin=&#8221;0&#8243; bottom_margin=&#8221;0&#8243; css=&#8221;.vc_custom_1499912039446{margin-top: -30px !important;}&#8221;][vc_column][\/vc_column][\/vc_row][vc_row][vc_column][vc_column_text css=&#8221;&#8221;] Tr\u1edf th\u00e0nh c\u00f4ng d\u00e2n M\u1ef9 l\u00e0 m\u1ed9t qu\u00e1 tr\u00ecnh \u0111\u00f2i h\u1ecfi s\u1ef1 chi ti\u1ebft kh\u00e1 c\u1ea9n th\u1eadn. B\u1ea1n ph\u1ea3i \u0111i\u1ec1n v\u00e0o c\u00e1c bi\u1ec3u m\u1eabu th\u00edch h\u1ee3p v\u00e0o th\u1eddi \u0111i\u1ec3m th\u00edch h\u1ee3p v\u00e0 \u0111\u1ea3m b\u1ea3o t\u1ea5t c\u1ea3 b\u1eb1ng ch\u1ee9ng v\u00e0 kho\u1ea3n thanh to\u00e1n b\u1ed5 sung \u0111\u1ec1u \u0111\u01b0\u1ee3c th\u00eam v\u00e0o [&hellip;]<\/p>\n","protected":false},"author":1,"featured_media":0,"parent":0,"menu_order":0,"comment_status":"closed","ping_status":"closed","template":"","meta":{"footnotes":""},"class_list":["post-6080","page","type-page","status-publish","hentry"],"_links":{"self":[{"href":"https:\/\/immico.vn\/vi\/wp-json\/wp\/v2\/pages\/6080","targetHints":{"allow":["GET"]}}],"collection":[{"href":"https:\/\/immico.vn\/vi\/wp-json\/wp\/v2\/pages"}],"about":[{"href":"https:\/\/immico.vn\/vi\/wp-json\/wp\/v2\/types\/page"}],"author":[{"embeddable":true,"href":"https:\/\/immico.vn\/vi\/wp-json\/wp\/v2\/users\/1"}],"replies":[{"embeddable":true,"href":"https:\/\/immico.vn\/vi\/wp-json\/wp\/v2\/comments?post=6080"}],"version-history":[{"count":5,"href":"https:\/\/immico.vn\/vi\/wp-json\/wp\/v2\/pages\/6080\/revisions"}],"predecessor-version":[{"id":10287,"href":"https:\/\/immico.vn\/vi\/wp-json\/wp\/v2\/pages\/6080\/revisions\/10287"}],"wp:attachment":[{"href":"https:\/\/immico.vn\/vi\/wp-json\/wp\/v2\/media?parent=6080"}],"curies":[{"name":"wp","href":"https:\/\/api.w.org\/{rel}","templated":true}]}}