{"id":6082,"date":"2017-07-19T06:06:07","date_gmt":"2017-07-19T06:06:07","guid":{"rendered":"https:\/\/colaw.vn\/initial-tax-registration\/"},"modified":"2025-05-19T09:11:51","modified_gmt":"2025-05-19T09:11:51","slug":"dinh-cu-theo-dien-ket-hon","status":"publish","type":"page","link":"https:\/\/immico.vn\/vi\/dinh-cu-theo-dien-ket-hon\/","title":{"rendered":"\u0110\u1ecbnh C\u01b0 Theo Di\u1ec7n K\u1ebft H\u00f4n"},"content":{"rendered":"<div class=\"wpb-content-wrapper\">[vc_row top_margin=&#8221;0&#8243; bottom_margin=&#8221;0&#8243; css=&#8221;.vc_custom_1499912039446{margin-top: -30px !important;}&#8221;][vc_column]<div class=\"shortcode-wrapper shortcode-title clearfix hb-animate-element hb-fade-in\"><p style=\"color:#9a4c3c!important;border-color:#9a4c3c\" class=\"hb-text-large aligncenter\">\u0110\u1ecbnh C\u01b0 Theo Di\u1ec7n K\u1ebft H\u00f4n<\/p><\/div>[\/vc_column][\/vc_row][vc_row][vc_column][vc_column_text css=&#8221;&#8221;]\n<p style=\"text-align: justify;\">K\u1ebft h\u00f4n c\u00f3 th\u1ec3 l\u00e0 m\u1ed9t qu\u00e1 tr\u00ecnh ph\u1ee9c t\u1ea1p, nh\u01b0ng vi\u1ec7c \u0111i\u1ec1u h\u01b0\u1edbng h\u1ec7 th\u1ed1ng nh\u1eadp c\u01b0 M\u1ef9 kh\u00f4ng h\u1ec1 d\u1ec5 d\u00e0ng h\u01a1n.\u00a0\u0110\u1ed1i v\u1edbi c\u00e1c c\u1eb7p v\u1ee3 ch\u1ed3ng \u0111ang c\u00e2n nh\u1eafc c\u00e1c l\u1ef1a ch\u1ecdn nh\u1eadp c\u01b0 theo di\u1ec7n k\u1ebft h\u00f4n, c\u00f3 m\u1ed9t s\u1ed1 v\u1ea5n \u0111\u1ec1 v\u00e0 l\u1ef1a ch\u1ecdn c\u1ea7n th\u1ef1c hi\u1ec7n.\u00a0Nh\u1eefng kh\u00e1c bi\u1ec7t n\u00e0y c\u00f3 th\u1ec3 \u1ea3nh h\u01b0\u1edfng \u0111\u1ebfn chi ph\u00ed v\u00e0 th\u1eddi gian c\u1ee7a b\u1ea1n, nh\u01b0ng c\u1ea3 hai l\u1ef1a ch\u1ecdn \u0111\u1ec1u l\u00e0 con \u0111\u01b0\u1eddng d\u1eabn \u0111\u1ebfn th\u01b0\u1eddng tr\u00fa (th\u1ebb xanh).<\/p>\n<p style=\"text-align: justify;\">Th\u00f4ng th\u01b0\u1eddng, m\u1ed9t c\u1eb7p \u0111\u00f4i c\u00f3 th\u1ec3 k\u1ebft h\u00f4n tr\u01b0\u1edbc r\u1ed3i m\u1edbi nh\u1eadp c\u01b0 v\u00e0o M\u1ef9.\u00a0Ho\u1eb7c m\u1ed9t s\u1ed1 c\u1eb7p \u0111\u00f4i c\u00f3 th\u1ec3 th\u00edch t\u1ed5 ch\u1ee9c \u0111\u00e1m c\u01b0\u1edbi \u1edf M\u1ef9.\u00a0L\u00e0 c\u00f4ng d\u00e2n M\u1ef9, b\u1ea1n c\u00f3 hai l\u1ef1a ch\u1ecdn \u0111\u1ec3 \u0111\u01b0a b\u1ea1n \u0111\u1eddi c\u1ee7a m\u00ecnh \u0111\u1ebfn M\u1ef9.<\/p>\n<p style=\"text-align: justify;\"><strong>1. Nh\u1eadp c\u01b0 v\u1edbi t\u01b0 c\u00e1ch l\u00e0 h\u00f4n phu\/h\u00f4n th\u00ea (v\u1ee3\/ch\u1ed3ng s\u1eafp c\u01b0\u1edbi) (Visa K-1)<\/strong><\/p>\n<p style=\"text-align: justify;\">C\u00f4ng d\u00e2n M\u1ef9 c\u00f3 th\u1ec3 y\u00eau c\u1ea7u h\u00f4n phu\/h\u00f4n th\u00ea ng\u01b0\u1eddi n\u01b0\u1edbc ngo\u00e0i \u0111\u1ebfn M\u1ef9 v\u1edbi m\u1ee5c \u0111\u00edch k\u1ebft h\u00f4n.\u00a0Qu\u1ed1c h\u1ed9i \u0111\u1eb7c bi\u1ec7t t\u1ea1o ra th\u1ecb th\u1ef1c K-1 cho m\u1ee5c \u0111\u00edch n\u00e0y.\u00a0Sau khi h\u00f4n phu n\u01b0\u1edbc ngo\u00e0i \u0111\u00e3 v\u00e0o M\u1ef9 b\u1eb1ng K-1, h\u1ecd ph\u1ea3i k\u1ebft h\u00f4n v\u1edbi c\u00f4ng d\u00e2n M\u1ef9 trong 90 ng\u00e0y ho\u1eb7c r\u1eddi kh\u1ecfi M\u1ef9. Qu\u00e1 tr\u00ecnh n\u00e0y b\u1eaft \u0111\u1ea7u b\u1eb1ng vi\u1ec7c c\u00f4ng d\u00e2n M\u1ef9 n\u1ed9p M\u1eabu I-129F, \u0110\u01a1n xin cho Ch\u1ed3ng ch\u01b0a c\u01b0\u1edbi ng\u01b0\u1eddi n\u01b0\u1edbc\u00a0ngo\u00e0i\u00a0.\u00a0Sau khi k\u1ebft h\u00f4n, ng\u01b0\u1eddi gi\u1eef visa K-1 c\u00f3 th\u1ec3\u00a0\u0111i\u1ec1u ch\u1ec9nh t\u00ecnh tr\u1ea1ng th\u00e0nh th\u01b0\u1eddng tr\u00fa nh\u00e2n\u00a0.\u00a0Khi k\u1ebft th\u00fac qu\u00e1 tr\u00ecnh n\u00e0y, C\u01a1 quan Di tr\u00fa v\u00e0 Nh\u1eadp t\u1ecbch M\u1ef9 (USCIS) c\u1ea5p cho ng\u01b0\u1eddi th\u1ee5 h\u01b0\u1edfng th\u1ebb xanh.<\/p>\n<p style=\"text-align: justify;\"><strong>2. Nh\u1eadp c\u01b0 v\u1edbi t\u01b0 c\u00e1ch l\u00e0 v\u1ee3\/ch\u1ed3ng (Visa IR-1 ho\u1eb7c CR-1)<\/strong><\/p>\n<p style=\"text-align: justify;\">C\u00f4ng d\u00e2n M\u1ef9 v\u00e0 th\u01b0\u1eddng tr\u00fa nh\u00e2n h\u1ee3p ph\u00e1p c\u00f3 th\u1ec3 y\u00eau c\u1ea7u v\u1ee3\/ch\u1ed3ng ng\u01b0\u1eddi n\u01b0\u1edbc ngo\u00e0i nh\u1eadp c\u01b0 th\u00f4ng qua h\u00f4n nh\u00e2n. Qu\u00e1 tr\u00ecnh n\u00e0y b\u1eaft \u0111\u1ea7u b\u1eb1ng vi\u1ec7c c\u00f4ng d\u00e2n M\u1ef9 ho\u1eb7c th\u01b0\u1eddng tr\u00fa nh\u00e2n n\u1ed9p M\u1eabu I-130, \u0110\u01a1n th\u1ec9nh c\u1ea7u cho Th\u00e2n nh\u00e2n ng\u01b0\u1eddi n\u01b0\u1edbc ngo\u00e0i v\u00e0 M\u1eabu I-130A, Th\u00f4ng tin b\u1ed5 sung cho V\u1ee3\/ch\u1ed3ng th\u1ee5 h\u01b0\u1edfng. V\u1ee3\/ch\u1ed3ng s\u1ebd tr\u1ea3i qua qu\u00e1 tr\u00ecnh x\u1eed l\u00fd l\u00e3nh s\u1ef1 v\u00e0 nh\u1eadp c\u1ea3nh v\u00e0o M\u1ef9 b\u1eb1ng th\u1ecb th\u1ef1c nh\u1eadp c\u01b0. USCIS g\u1eedi th\u1ebb xanh th\u1ef1c t\u1ebf cho v\u1ee3\/ch\u1ed3ng ngay sau \u0111\u00f3.<\/p>\n<p style=\"text-align: justify;\">N\u1ebfu b\u1ea1n \u0111\u00e3 k\u1ebft h\u00f4n v\u00e0 v\u1ee3\/ch\u1ed3ng l\u00e0 ng\u01b0\u1eddi n\u01b0\u1edbc ngo\u00e0i hi\u1ec7n \u0111ang c\u00f3 m\u1eb7t t\u1ea1i M\u1ef9 th\u00ec b\u00e0i vi\u1ebft n\u00e0y c\u00f3 th\u1ec3 kh\u00f4ng d\u00e0nh cho b\u1ea1n. Thay v\u00e0o \u0111\u00f3, v\u1ee3\/ch\u1ed3ng ng\u01b0\u1eddi n\u01b0\u1edbc ngo\u00e0i c\u00f3 th\u1ec3 mu\u1ed1n n\u1ed9p \u0111\u01a1n xin th\u1ebb xanh t\u1eeb b\u00ean trong M\u1ef9. Qu\u00e1 tr\u00ecnh n\u00e0y \u0111\u01b0\u1ee3c g\u1ecdi l\u00e0 \u0111i\u1ec1u ch\u1ec9nh t\u00ecnh tr\u1ea1ng .<\/p>\n<p style=\"text-align: justify;\"><strong>3. H\u00f4n nh\u00e2n \u0111\u1ed3ng gi\u1edbi<\/strong><\/p>\n<p style=\"text-align: justify;\">C\u1ea3 th\u1ecb th\u1ef1c K-1 v\u00e0 th\u1ecb th\u1ef1c v\u1ee3\/ch\u1ed3ng CR-1\/IR-1 \u0111\u1ec1u \u0111\u01b0\u1ee3c c\u1ea5p cho c\u00e1c c\u1eb7p \u0111\u1ed3ng gi\u1edbi. V\u1ee3\/ch\u1ed3ng \u0111\u1ed3ng gi\u1edbi c\u1ee7a c\u00f4ng d\u00e2n M\u1ef9 v\u00e0 th\u01b0\u1eddng tr\u00fa nh\u00e2n, bao g\u1ed3m c\u1ea3 con c\u00e1i v\u1ecb th\u00e0nh ni\u00ean c\u1ee7a h\u1ecd, \u0111\u1ec1u \u0111\u1ee7 \u0111i\u1ec1u ki\u1ec7n nh\u1eadn c\u00e1c quy\u1ec1n l\u1ee3i nh\u1eadp c\u01b0 gi\u1ed1ng nh\u01b0 v\u1ee3\/ch\u1ed3ng kh\u00e1c gi\u1edbi. Kh\u1ea3 n\u0103ng \u0111\u1ee7 \u0111i\u1ec1u ki\u1ec7n \u0111\u1ec3 b\u1ea3o l\u00e3nh cho v\u1ee3\/ch\u1ed3ng ho\u1eb7c ch\u1ed3ng ch\u01b0a c\u01b0\u1edbi c\u1ee7a b\u1ea1n v\u00e0 kh\u1ea3 n\u0103ng \u0111\u01b0\u1ee3c ch\u1ea5p nh\u1eadn c\u1ee7a ng\u01b0\u1eddi th\u1ee5 h\u01b0\u1edfng v\u1edbi t\u01b0 c\u00e1ch l\u00e0 ng\u01b0\u1eddi nh\u1eadp c\u01b0 khi n\u1ed9p \u0111\u01a1n xin th\u1ecb th\u1ef1c nh\u1eadp c\u01b0 ho\u1eb7c \u0111i\u1ec1u ch\u1ec9nh giai \u0111o\u1ea1n t\u00ecnh tr\u1ea1ng s\u1ebd \u0111\u01b0\u1ee3c x\u00e1c \u0111\u1ecbnh theo lu\u1eadt nh\u1eadp c\u01b0 hi\u1ec7n h\u00e0nh v\u00e0 s\u1ebd kh\u00f4ng b\u1ecb t\u1eeb ch\u1ed1i do t\u00ednh ch\u1ea5t \u0111\u1ed3ng gi\u1edbi. v\u1ec1 cu\u1ed9c h\u00f4n nh\u00e2n c\u1ee7a b\u1ea1n. N\u00f3i c\u00e1ch kh\u00e1c, USCIS \u0111\u1ed1i x\u1eed v\u1edbi h\u00f4n nh\u00e2n \u0111\u1ed3ng gi\u1edbi nh\u01b0 nhau. Tuy nhi\u00ean, \u0111i\u1ec1u c\u1ea7n thi\u1ebft l\u00e0 cu\u1ed9c h\u00f4n nh\u00e2n \u0111\u00f3 ph\u1ea3i h\u1ee3p ph\u00e1p \u1edf khu v\u1ef1c t\u00e0i ph\u00e1n n\u01a1i n\u00f3 di\u1ec5n ra.<\/p>\n[\/vc_column_text][\/vc_column][\/vc_row]\n<\/div>","protected":false},"excerpt":{"rendered":"<p>[vc_row top_margin=&#8221;0&#8243; bottom_margin=&#8221;0&#8243; css=&#8221;.vc_custom_1499912039446{margin-top: -30px !important;}&#8221;][vc_column][\/vc_column][\/vc_row][vc_row][vc_column][vc_column_text css=&#8221;&#8221;] K\u1ebft h\u00f4n c\u00f3 th\u1ec3 l\u00e0 m\u1ed9t qu\u00e1 tr\u00ecnh ph\u1ee9c t\u1ea1p, nh\u01b0ng vi\u1ec7c \u0111i\u1ec1u h\u01b0\u1edbng h\u1ec7 th\u1ed1ng nh\u1eadp c\u01b0 M\u1ef9 kh\u00f4ng h\u1ec1 d\u1ec5 d\u00e0ng h\u01a1n.\u00a0\u0110\u1ed1i v\u1edbi c\u00e1c c\u1eb7p v\u1ee3 ch\u1ed3ng \u0111ang c\u00e2n nh\u1eafc c\u00e1c l\u1ef1a ch\u1ecdn nh\u1eadp c\u01b0 theo di\u1ec7n k\u1ebft h\u00f4n, c\u00f3 m\u1ed9t s\u1ed1 v\u1ea5n \u0111\u1ec1 v\u00e0 l\u1ef1a [&hellip;]<\/p>\n","protected":false},"author":1,"featured_media":0,"parent":0,"menu_order":0,"comment_status":"closed","ping_status":"closed","template":"","meta":{"footnotes":""},"class_list":["post-6082","page","type-page","status-publish","hentry"],"_links":{"self":[{"href":"https:\/\/immico.vn\/vi\/wp-json\/wp\/v2\/pages\/6082","targetHints":{"allow":["GET"]}}],"collection":[{"href":"https:\/\/immico.vn\/vi\/wp-json\/wp\/v2\/pages"}],"about":[{"href":"https:\/\/immico.vn\/vi\/wp-json\/wp\/v2\/types\/page"}],"author":[{"embeddable":true,"href":"https:\/\/immico.vn\/vi\/wp-json\/wp\/v2\/users\/1"}],"replies":[{"embeddable":true,"href":"https:\/\/immico.vn\/vi\/wp-json\/wp\/v2\/comments?post=6082"}],"version-history":[{"count":5,"href":"https:\/\/immico.vn\/vi\/wp-json\/wp\/v2\/pages\/6082\/revisions"}],"predecessor-version":[{"id":10284,"href":"https:\/\/immico.vn\/vi\/wp-json\/wp\/v2\/pages\/6082\/revisions\/10284"}],"wp:attachment":[{"href":"https:\/\/immico.vn\/vi\/wp-json\/wp\/v2\/media?parent=6082"}],"curies":[{"name":"wp","href":"https:\/\/api.w.org\/{rel}","templated":true}]}}