{"id":6085,"date":"2017-07-19T06:06:39","date_gmt":"2017-07-19T06:06:39","guid":{"rendered":"https:\/\/colaw.vn\/online-tax-reports\/"},"modified":"2025-05-19T09:31:20","modified_gmt":"2025-05-19T09:31:20","slug":"dinh-cu-dien-phuc-vu-trong-quan-doi-my","status":"publish","type":"page","link":"https:\/\/immico.vn\/vi\/dinh-cu-dien-phuc-vu-trong-quan-doi-my\/","title":{"rendered":"\u0110\u1ecbnh C\u01b0 Di\u1ec7n Ph\u1ee5c V\u1ee5 Trong Qu\u00e2n \u0110\u1ed9i M\u1ef9"},"content":{"rendered":"<div class=\"wpb-content-wrapper\">[vc_row top_margin=&#8221;0&#8243; bottom_margin=&#8221;0&#8243; css=&#8221;.vc_custom_1499912039446{margin-top: -30px !important;}&#8221;][vc_column]<div class=\"shortcode-wrapper shortcode-title clearfix hb-animate-element hb-fade-in\"><p style=\"color:#9a4c3c!important;border-color:#9a4c3c\" class=\"hb-text-large aligncenter\">\u0110\u1ecbnh C\u01b0 Di\u1ec7n Ph\u1ee5c V\u1ee5 Trong Qu\u00e2n \u0110\u1ed9i M\u1ef9<\/p><\/div>[\/vc_column][\/vc_row][vc_row][vc_column][vc_column_text css=&#8221;&#8221;]\n<p style=\"text-align: justify;\">T\u1ea1i M\u1ef9, nh\u1eefng ng\u01b0\u1eddi sinh ra \u1edf c\u00e1c qu\u1ed1c gia kh\u00e1c c\u00f3 quy\u1ec1n l\u1ef1a ch\u1ecdn l\u1ea5y qu\u1ed1c t\u1ecbch b\u1eb1ng c\u00e1ch ph\u1ee5c v\u1ee5 trong qu\u00e2n \u0111\u1ed9i M\u1ef9.\u00a0L\u00e0 th\u00e0nh vi\u00ean c\u1ee7a qu\u00e2n \u0111\u1ed9i M\u1ef9, b\u1ea1n c\u00f3 th\u1ec3 \u0111\u1ee7 \u0111i\u1ec1u ki\u1ec7n nh\u1eadp t\u1ecbch sau khi ph\u1ee5c v\u1ee5 t\u1eeb m\u1ed9t n\u0103m tr\u1edf l\u00ean.<\/p>\n<p style=\"text-align: justify;\"><strong>1. \u0110i\u1ec1u g\u00ec \u0111\u01b0\u1ee3c coi l\u00e0 ph\u1ee5c v\u1ee5 trong Qu\u00e2n \u0111\u1ed9i M\u1ef9?<\/strong><\/p>\n<p style=\"text-align: justify;\">C\u00f4ng d\u00e2n n\u01b0\u1edbc ngo\u00e0i sinh ra b\u00ean ngo\u00e0i M\u1ef9 mu\u1ed1n c\u00f3 qu\u1ed1c t\u1ecbch c\u00f3 th\u1ec3 th\u1ef1c hi\u1ec7n c\u00e1c b\u01b0\u1edbc \u0111\u1ec3 nh\u1eadp t\u1ecbch b\u1eb1ng c\u00e1ch ph\u1ee5c v\u1ee5 trong Qu\u00e2n \u0111\u1ed9i M\u1ef9, V\u1ec7 binh Qu\u1ed1c gia, H\u1ea3i qu\u00e2n, Th\u1ee7y qu\u00e2n l\u1ee5c chi\u1ebfn, Kh\u00f4ng qu\u00e2n ho\u1eb7c C\u1ea3nh s\u00e1t bi\u1ec3n.\u00a0\u0110\u1ec3 \u0111\u1ee7 \u0111i\u1ec1u ki\u1ec7n tr\u1edf th\u00e0nh c\u00f4ng d\u00e2n M\u1ef9, b\u1ea1n ph\u1ea3i ph\u1ee5c v\u1ee5 trong qu\u00e2n \u0111\u1ed9i \u00edt nh\u1ea5t m\u1ed9t n\u0103m.\u00a0Tr\u01b0\u1edbc khi n\u1ed9p \u0111\u01a1n xin qu\u1ed1c t\u1ecbch, b\u1ea1n c\u0169ng ph\u1ea3i c\u00f3 th\u1ebb xanh.\u00a0\u0110\u00e2y l\u00e0 m\u1ed9t l\u1ee3i \u00edch l\u1edbn cho ng\u01b0\u1eddi n\u01b0\u1edbc ngo\u00e0i, \u0111\u1eb7c bi\u1ec7t khi x\u00e9t \u0111\u1ebfn vi\u1ec7c c\u00e1c c\u00e1 nh\u00e2n phi qu\u00e2n s\u1ef1 ph\u1ea3i \u0111\u1ee3i \u00edt nh\u1ea5t 5 n\u0103m tr\u01b0\u1edbc khi n\u1ed9p \u0111\u01a1n xin qu\u1ed1c t\u1ecbch.<\/p>\n<p style=\"text-align: justify;\">N\u1ebfu b\u1ea1n \u0111\u00e3 t\u1eebng ph\u1ee5c v\u1ee5 trong qu\u00e2n \u0111\u1ed9i M\u1ef9 nh\u01b0ng \u0111\u00e3 gi\u1ea3i ng\u0169 th\u00ec vi\u1ec7c gi\u1ea3i ng\u0169 c\u1ee7a b\u1ea1n ph\u1ea3i l\u00e0 m\u1ed9t \u0111i\u1ec1u vinh d\u1ef1.<\/p>\n<p style=\"text-align: justify;\"><strong>2. Y\u00eau c\u1ea7u<\/strong><\/p>\n<p style=\"text-align: justify;\">Theo m\u1ee5c\u00a0328\u00a0v\u00e0\u00a0329\u00a0c\u1ee7a \u0110\u1ea1o lu\u1eadt Nh\u1eadp c\u01b0 v\u00e0 Qu\u1ed1c t\u1ecbch (INA), c\u00f3 hai c\u00e1ch \u0111\u1ec3 m\u1ed9t th\u00e0nh vi\u00ean ngh\u0129a v\u1ee5 qu\u00e2n s\u1ef1 M\u1ef9 c\u00f3 th\u1ec3 \u0111\u01b0\u1ee3c nh\u1eadp t\u1ecbch.\u00a0\u0110i\u1ec1u \u0111\u1ea7u ti\u00ean (INA 328) \u00e1p d\u1ee5ng cho nh\u1eefng ng\u01b0\u1eddi \u0111\u00e3 ph\u1ee5c v\u1ee5 \u00edt nh\u1ea5t 1 n\u0103m, trong khi \u0111i\u1ec1u th\u1ee9 hai (INA 329) \u0111\u1ec1 c\u1eadp \u0111\u1ebfn nh\u1eefng ng\u01b0\u1eddi \u0111\u00e3 ph\u1ee5c v\u1ee5 t\u1ea1i ng\u0169 trong th\u1eddi k\u1ef3 th\u00f9 \u0111\u1ecbch.\u00a0Ch\u00fang t\u00f4i s\u1ebd \u0111\u1ec1 c\u1eadp \u0111\u1ebfn c\u1ea3 hai trong ph\u1ea7n n\u00e0y.<\/p>\n<ul style=\"text-align: justify;\">\n<li style=\"list-style-type: none;\">\n<ul>\n<li><strong>\u00cdt nh\u1ea5t 1 n\u0103m<\/strong><\/li>\n<\/ul>\n<\/li>\n<\/ul>\n<p style=\"text-align: justify;\">B\u1ea5t c\u1ee9 ai \u0111\u00e3 ph\u1ee5c v\u1ee5 danh d\u1ef1, b\u1ea5t c\u1ee9 l\u00fac n\u00e0o,\u00a0trong th\u1eddi gian 1 n\u0103m\u00a0&#8211; d\u00f9 l\u00e0 th\u00e0nh vi\u00ean t\u00edch c\u1ef1c hay c\u1ef1u chi\u1ebfn binh &#8211; \u0111\u1ec1u c\u00f3 th\u1ec3 n\u1ed9p \u0111\u01a1n xin \u201cnh\u1eadp t\u1ecbch trong th\u1eddi b\u00ecnh\u201d.\u00a0\u0110\u1ec3 c\u00f3 \u0111\u01b0\u1ee3c quy\u1ec1n c\u00f4ng d\u00e2n th\u00e0nh c\u00f4ng, ng\u01b0\u1eddi n\u1ed9p \u0111\u01a1n ph\u1ea3i \u0111\u00e1p \u1ee9ng m\u1ed9t s\u1ed1 y\u00eau c\u1ea7u nh\u1ea5t \u0111\u1ecbnh.\u00a0\u0110\u00f3 l\u00e0:<\/p>\n<ul style=\"text-align: justify;\">\n<li style=\"list-style-type: none;\">\n<ul>\n<li>Ph\u1ea3i t\u1eeb 18 tu\u1ed5i tr\u1edf l\u00ean<\/li>\n<li>Ph\u1ea3i l\u00e0 th\u01b0\u1eddng tr\u00fa nh\u00e2n h\u1ee3p ph\u00e1p t\u1ea1i th\u1eddi \u0111i\u1ec3m ph\u1ecfng v\u1ea5n nh\u1eadp t\u1ecbch<\/li>\n<li>Ph\u1ea3i th\u1ec3 hi\u1ec7n t\u01b0 c\u00e1ch \u0111\u1ea1o \u0111\u1ee9c t\u1ed1t trong t\u1ed1i thi\u1ec3u 5 n\u0103m tr\u01b0\u1edbc khi n\u1ed9p \u0111\u01a1n &#8211; t\u00ednh \u0111\u1ebfn th\u1eddi \u0111i\u1ec3m nh\u1eadp t\u1ecbch<\/li>\n<li>Ph\u1ea3i ph\u1ee5c v\u1ee5 v\u1edbi t\u01b0 c\u00e1ch l\u00e0 th\u00e0nh vi\u00ean c\u1ee7a L\u1ef1c l\u01b0\u1ee3ng V\u0169 trang M\u1ef9 t\u1ed5ng c\u1ed9ng m\u1ed9t n\u0103m &#8211; m\u1eb7c d\u00f9 n\u0103m \u0111\u00f3 kh\u00f4ng nh\u1ea5t thi\u1ebft ph\u1ea3i li\u00ean t\u1ee5c<\/li>\n<li>Ph\u1ea3i hi\u1ec3u, n\u00f3i, \u0111\u1ecdc v\u00e0 vi\u1ebft ti\u1ebfng Anh<\/li>\n<li>Ph\u1ea3i ch\u1ee9ng minh r\u1eb1ng h\u1ecd c\u00f3 ki\u1ebfn \u200b\u200bth\u1ee9c v\u1ec1 l\u1ecbch s\u1eed v\u00e0 ch\u00ednh ph\u1ee7 M\u1ef9<\/li>\n<li>Ph\u1ea3i cam k\u1ebft v\u00ec s\u1ef1 th\u1ecbnh v\u01b0\u1ee3ng chung c\u1ee7a \u0111\u1ea5t n\u01b0\u1edbc<\/li>\n<li>Ph\u1ea3i \u1ee7ng h\u1ed9 c\u00e1c \u00fd t\u01b0\u1edfng n\u00eau trong Hi\u1ebfn ph\u00e1p<\/li>\n<\/ul>\n<\/li>\n<\/ul>\n<p style=\"text-align: justify;\"><em>Ghi ch\u00fa:<\/em><\/p>\n<p style=\"text-align: justify;\">T\u00f9y theo ho\u00e0n c\u1ea3nh, ng\u01b0\u1eddi n\u1ed9p \u0111\u01a1n c\u00f3 th\u1ec3 kh\u00f4ng c\u1ea7n ph\u1ea3i \u0111\u00e1p \u1ee9ng <em>t\u1ea5t c\u1ea3<\/em>\u00a0c\u00e1c ti\u00eau ch\u00ed.<\/p>\n<p style=\"text-align: justify;\">S\u1ef1 ph\u1ee5c v\u1ee5 c\u1ee7a m\u1ed9t ng\u01b0\u1eddi \u0111\u01b0\u1ee3c coi l\u00e0 &#8220;danh d\u1ef1&#8221; n\u1ebfu chi nh\u00e1nh c\u1ee5 th\u1ec3 c\u1ee7a L\u1ef1c l\u01b0\u1ee3ng V\u0169 trang M\u1ef9 c\u1ee7a h\u1ecd \u0111\u00e3 ch\u1ec9 \u0111\u1ecbnh c\u1ee5 th\u1ec3 h\u1ecd nh\u01b0 v\u1eady.\u00a0Thu\u1eadt ng\u1eef L\u1ef1c l\u01b0\u1ee3ng V\u0169 trang M\u1ef9 bao g\u1ed3m b\u1ea5t k\u1ef3 l\u1ef1c l\u01b0\u1ee3ng n\u00e0o sau \u0111\u00e2y: H\u1ea3i qu\u00e2n, L\u1ee5c qu\u00e2n, L\u1ef1c l\u01b0\u1ee3ng Kh\u00f4ng gian, Th\u1ee7y qu\u00e2n l\u1ee5c chi\u1ebfn, C\u1ea3nh s\u00e1t bi\u1ec3n ho\u1eb7c Kh\u00f4ng qu\u00e2n M\u1ef9.\u00a0Ng\u01b0\u1eddi n\u1ed9p \u0111\u01a1n c\u00f3 th\u1ec3 ph\u1ee5c v\u1ee5 trong m\u1ed9t \u0111\u01a1n v\u1ecb trong L\u1ef1c l\u01b0\u1ee3ng V\u1ec7 binh Qu\u1ed1c gia, mi\u1ec5n l\u00e0 \u0111\u01a1n v\u1ecb \u0111\u00f3 \u0111\u01b0\u1ee3c x\u00e1c \u0111\u1ecbnh \u1edf c\u1ea5p li\u00ean bang l\u00e0 \u201cth\u00e0nh ph\u1ea7n d\u1ef1 b\u1ecb\u201d c\u1ee7a L\u1ef1c l\u01b0\u1ee3ng V\u0169 trang M\u1ef9.<\/p>\n<p style=\"text-align: justify;\">\u0110i\u1ec1u quan tr\u1ecdng c\u1ea7n l\u01b0u \u00fd l\u00e0 n\u1ebfu ng\u01b0\u1eddi n\u1ed9p \u0111\u01a1n \u0111\u00e3 xu\u1ea5t ng\u0169 th\u00ec c\u1ea3 vi\u1ec7c xu\u1ea5t ng\u0169 v\u00e0 ngh\u0129a v\u1ee5 t\u1ea1i ng\u0169 c\u1ee7a h\u1ecd \u0111\u1ec1u ph\u1ea3i c\u00f3 danh d\u1ef1.\u00a0\u0110i\u1ec1u n\u00e0y c\u00f3 ngh\u0129a l\u00e0 h\u1ecd ph\u1ea3i nh\u1eadn \u0111\u01b0\u1ee3c c\u00e1c danh hi\u1ec7u nh\u01b0 \u201cDanh d\u1ef1\u201d ho\u1eb7c \u201c\u0110i\u1ec1u ki\u1ec7n chung theo danh d\u1ef1\u201d.\u00a0Ch\u1ec9 \u0111\u1ecbnh \u201cKh\u00e1c h\u01a1n Danh d\u1ef1\u201d s\u1ebd kh\u00f4ng \u0111\u1ee7.<\/p>\n<p style=\"text-align: justify;\">N\u1ebfu ng\u01b0\u1eddi n\u1ed9p \u0111\u01a1n n\u1ed9p \u0111\u01a1n xin nh\u1eadp t\u1ecbch t\u1eeb 6 th\u00e1ng tr\u1edf l\u00ean sau khi xu\u1ea5t ng\u0169, h\u1ecd ph\u1ea3i s\u1ed1ng \u1edf M\u1ef9 li\u00ean t\u1ee5c \u00edt nh\u1ea5t 5 n\u0103m v\u00e0 h\u1ecd ph\u1ea3i c\u00f3 m\u1eb7t th\u1ef1c t\u1ebf kh\u00f4ng \u00edt h\u01a1n 30 th\u00e1ng trong su\u1ed1t 5 n\u0103m. kho\u1ea3ng th\u1eddi gian t\u00ednh \u0111\u1ebfn ng\u00e0y n\u1ed9p \u0111\u01a1n.\u00a0N\u1ebfu ng\u01b0\u1eddi n\u1ed9p \u0111\u01a1n \u0111\u00e3 ph\u1ee5c v\u1ee5 m\u1ed9t c\u00e1ch danh d\u1ef1 trong 5 n\u0103m t\u00ednh \u0111\u1ebfn ng\u00e0y n\u1ed9p \u0111\u01a1n, h\u1ecd c\u00f3 th\u1ec3 t\u00ednh th\u1eddi gian n\u00e0y v\u00e0o c\u00e1c y\u00eau c\u1ea7u v\u1ec1 hi\u1ec7n di\u1ec7n th\u1ef1c t\u1ebf v\u00e0 c\u01b0 tr\u00fa.\u00a0\u0110i\u1ec1u n\u00e0y \u0111\u00fang ngay c\u1ea3 khi h\u1ecd \u0111\u00e3 \u0111\u01b0\u1ee3c tri\u1ec3n khai \u1edf n\u01b0\u1edbc ngo\u00e0i.<\/p>\n<p style=\"text-align: justify;\"><em>Quan tr\u1ecdng:<\/em><\/p>\n<p style=\"text-align: justify;\">Nh\u1eefng ng\u01b0\u1eddi n\u1ed9p \u0111\u01a1n khi \u0111ang ph\u1ee5c v\u1ee5 trong qu\u00e2n \u0111\u1ed9i &#8211; ho\u1eb7c trong th\u1eddi gian 6 th\u00e1ng sau khi gi\u1ea3i ng\u0169 danh d\u1ef1 &#8211; c\u00f3 th\u1ec3\u00a0<em>b\u1ecf qua<\/em>\u00a0ho\u00e0n to\u00e0n c\u00e1c y\u00eau c\u1ea7u v\u1ec1 hi\u1ec7n di\u1ec7n th\u1ef1c t\u1ebf v\u00e0 c\u01b0 tr\u00fa.<\/p>\n<ul style=\"text-align: justify;\">\n<li style=\"list-style-type: none;\">\n<ul>\n<li><strong>Trong th\u1eddi gian chi\u1ebfn s\u1ef1<\/strong><\/li>\n<\/ul>\n<\/li>\n<\/ul>\n<p style=\"text-align: justify;\">N\u1ebfu ng\u01b0\u1eddi n\u1ed9p \u0111\u01a1n ph\u1ee5c v\u1ee5 danh d\u1ef1 trong L\u1ef1c l\u01b0\u1ee3ng V\u0169 trang M\u1ef9\u00a0trong \u201cth\u1eddi k\u1ef3 th\u00f9 \u0111\u1ecbch\u201d\u00a0&#8211; bao g\u1ed3m c\u1ea3 kho\u1ea3ng th\u1eddi gian k\u00e9o d\u00e0i t\u1eeb ng\u00e0y 11 th\u00e1ng 9 n\u0103m 2001 \u0111\u1ebfn nay &#8211; h\u1ecd c\u00f3 th\u1ec3 n\u1ed9p \u0111\u01a1n xin tr\u1edf th\u00e0nh c\u00f4ng d\u00e2n M\u1ef9.\u00a0H\u1ecd ph\u1ea3i \u0111\u00e1p \u1ee9ng c\u00e1c y\u00eau c\u1ea7u d\u01b0\u1edbi \u0111\u00e2y:<\/p>\n<ul style=\"text-align: justify;\">\n<li style=\"list-style-type: none;\">\n<ul>\n<li>C\u00f3 th\u1ec3 \u1edf m\u1ecdi l\u1ee9a tu\u1ed5i<\/li>\n<li>Ph\u1ea3i c\u00f3 kh\u1ea3 n\u0103ng hi\u1ec3u, n\u00f3i, \u0111\u1ecdc v\u00e0 vi\u1ebft ti\u1ebfng Anh<\/li>\n<li>Ph\u1ea3i l\u00e0 th\u01b0\u1eddng tr\u00fa nh\u00e2n ho\u1eb7c, c\u00e1ch kh\u00e1c, c\u00f3 m\u1eb7t th\u1ef1c t\u1ebf t\u1ea1i M\u1ef9 (bao g\u1ed3m c\u1ea3 \u1edf V\u00f9ng Canal, \u0110\u1ea3o Swains, Samoa thu\u1ed9c M\u1ef9 ho\u1eb7c tr\u00ean t\u00e0u c\u00f4ng c\u1ed9ng thu\u1ed9c s\u1edf h\u1eefu c\u1ee7a M\u1ef9) t\u1ea1i th\u1eddi \u0111i\u1ec3m nh\u1eadp ng\u0169, t\u00e1i nh\u1eadp ng\u0169, gi\u1edbi thi\u1ec7u ho\u1eb7c gia h\u1ea1n ph\u1ee5c v\u1ee5 trong L\u1ef1c l\u01b0\u1ee3ng V\u0169 trang M\u1ef9<\/li>\n<li>Ph\u1ea3i ph\u1ee5c v\u1ee5 trong th\u1eddi k\u1ef3 th\u00f9 \u0111\u1ecbch (xem b\u00ean d\u01b0\u1edbi)<\/li>\n<li>Ph\u1ea3i c\u00f3 t\u01b0 c\u00e1ch \u0111\u1ea1o \u0111\u1ee9c t\u1ed1t trong n\u0103m t\u00ednh \u0111\u1ebfn ng\u00e0y n\u1ed9p \u0111\u01a1n<\/li>\n<li>Ph\u1ea3i th\u1ec3 hi\u1ec7n ki\u1ebfn \u200b\u200bth\u1ee9c v\u1ec1 l\u1ecbch s\u1eed v\u00e0 ch\u00ednh ph\u1ee7 M\u1ef9<\/li>\n<li>Ph\u1ea3i \u1ee7ng h\u1ed9 Hi\u1ebfn ph\u00e1p M\u1ef9<\/li>\n<li>Ph\u1ea3i cam k\u1ebft v\u00ec s\u1ef1 th\u1ecbnh v\u01b0\u1ee3ng c\u1ee7a M\u1ef9<\/li>\n<\/ul>\n<\/li>\n<\/ul>\n<p style=\"text-align: justify;\">\u0110\u00e3 ph\u1ee5c v\u1ee5 trong th\u1eddi k\u1ef3 th\u00f9 \u0111\u1ecbch, ng\u01b0\u1eddi n\u1ed9p \u0111\u01a1n kh\u00f4ng c\u1ea7n ph\u1ea3i \u0111\u00e1p \u1ee9ng c\u00e1c y\u00eau c\u1ea7u v\u1ec1 c\u01b0 tr\u00fa ho\u1eb7c hi\u1ec7n di\u1ec7n th\u1ef1c t\u1ebf.\u00a0Ng\u01b0\u1eddi n\u1ed9p \u0111\u01a1n ph\u1ea3i ph\u1ee5c v\u1ee5 danh d\u1ef1 trong qu\u00e2n ng\u0169 t\u1ea1i ng\u0169 ho\u1eb7c trong L\u1ef1c l\u01b0\u1ee3ng D\u1ef1 b\u1ecb Ch\u1ecdn l\u1ecdc c\u1ee7a L\u1ef1c l\u01b0\u1ee3ng D\u1ef1 b\u1ecb S\u1eb5n s\u00e0ng c\u1ee7a L\u1ef1c l\u01b0\u1ee3ng V\u0169 trang M\u1ef9 &#8211; bao g\u1ed3m H\u1ea3i qu\u00e2n, L\u1ee5c qu\u00e2n, Th\u1ee7y qu\u00e2n l\u1ee5c chi\u1ebfn, L\u1ef1c l\u01b0\u1ee3ng Kh\u00f4ng gian, Kh\u00f4ng qu\u00e2n, V\u1ec7 binh Qu\u1ed1c gia ho\u1eb7c C\u1ea3nh s\u00e1t bi\u1ec3n.\u00a0C\u00e1c ti\u00eau chu\u1ea9n t\u01b0\u01a1ng t\u1ef1 \u0111\u01b0\u1ee3c \u0111\u1ec1 c\u1eadp \u1edf ph\u1ea7n tr\u01b0\u1edbc v\u1ec1 danh hi\u1ec7u \u201cdanh d\u1ef1\u201d c\u0169ng \u0111\u01b0\u1ee3c \u00e1p d\u1ee5ng \u1edf \u0111\u00e2y.<\/p>\n<p style=\"text-align: justify;\">D\u01b0\u1edbi \u0111\u00e2y l\u00e0 c\u00e1c giai \u0111o\u1ea1n th\u00f9 \u0111\u1ecbch \u0111\u01b0\u1ee3c ch\u1ec9 \u0111\u1ecbnh:<\/p>\n<ul style=\"text-align: justify;\">\n<li style=\"list-style-type: none;\">\n<ul>\n<li>Th\u1ebf chi\u1ebfn th\u1ee9 nh\u1ea5t &#8211; 6 th\u00e1ng 4 n\u0103m 1917 \u0111\u1ebfn 11 th\u00e1ng 11 n\u0103m 1918<\/li>\n<li>Th\u1ebf chi\u1ebfn th\u1ee9 hai &#8211; 1 th\u00e1ng 9 n\u0103m 1939 \u0111\u1ebfn 31 th\u00e1ng 12 n\u0103m 1946<\/li>\n<li>Xung \u0111\u1ed9t Tri\u1ec1u Ti\u00ean &#8211; 25 th\u00e1ng 6 n\u0103m 1950 \u0111\u1ebfn 1 th\u00e1ng 7 n\u0103m 1955<\/li>\n<li>Chi\u1ebfn s\u1ef1 Vi\u1ec7t Nam &#8211; 28 th\u00e1ng 2 n\u0103m 1961 \u0111\u1ebfn 15 th\u00e1ng 10 n\u0103m 1978<\/li>\n<li>Xung \u0111\u1ed9t v\u00f9ng V\u1ecbnh Ba T\u01b0 &#8211; 2 th\u00e1ng 8 n\u0103m 1990 \u0111\u1ebfn 11 th\u00e1ng 4 n\u0103m 1991<\/li>\n<li>Cu\u1ed9c chi\u1ebfn ch\u1ed1ng kh\u1ee7ng b\u1ed1 &#8211; ng\u00e0y 11 th\u00e1ng 9 n\u0103m 2001 \u0111\u1ebfn ng\u00e0y nay<\/li>\n<\/ul>\n<\/li>\n<\/ul>\n<p style=\"text-align: justify;\">M\u1ed9t s\u1ed1 c\u00e1 nh\u00e2n c\u00f3 th\u1ec3 \u0111\u1ee7 \u0111i\u1ec1u ki\u1ec7n theo ch\u01b0\u01a1ng tr\u00ecnh Gia nh\u1eadp qu\u00e2n s\u1ef1 quan tr\u1ecdng v\u00ec l\u1ee3i \u00edch qu\u1ed1c gia (MAVNI), \u0111\u00e2y l\u00e0 ch\u01b0\u01a1ng tr\u00ecnh tuy\u1ec3n d\u1ee5ng d\u00e0nh cho nh\u1eefng ng\u01b0\u1eddi kh\u00f4ng ph\u1ea3i l\u00e0 c\u00f4ng d\u00e2n c\u00f3 k\u1ef9 n\u0103ng c\u00f3 th\u1ec3 h\u1eefu \u00edch cho qu\u00e2n \u0111\u1ed9i M\u1ef9.\u00a0\u0110\u1ec3 bi\u1ebft li\u1ec7u b\u1ea1n c\u00f3 \u0111\u1ee7 \u0111i\u1ec1u ki\u1ec7n tham gia ch\u01b0\u01a1ng tr\u00ecnh MAVNI hay kh\u00f4ng, h\u00e3y xem\u00a0t\u1edd th\u00f4ng tin n\u00e0y c\u1ee7a B\u1ed9 Qu\u1ed1c ph\u00f2ng M\u1ef9\u00a0.<\/p>\n<p style=\"text-align: justify;\"><em>Quan tr\u1ecdng:<\/em><\/p>\n<p style=\"text-align: justify;\">USCIS g\u1ea7n \u0111\u00e2y \u0111\u00e3 c\u1eadp nh\u1eadt\u00a0S\u1ed5 tay Ch\u00ednh s\u00e1ch\u00a0c\u1ee7a m\u00ecnh \u0111\u1ec3 l\u00e0m r\u00f5 r\u1eb1ng m\u1ed9t qu\u00e2n nh\u00e2n hi\u1ec7n t\u1ea1i ho\u1eb7c tr\u01b0\u1edbc \u0111\u00e2y \u0111\u00e3 \u0111\u01b0\u1ee3c\u00a0<strong>xu\u1ea5t ng\u0169 kh\u00f4ng c\u00f3 \u0111\u1eb7c \u0111i\u1ec3m<\/strong>\u00a0c\u0169ng c\u00f3 th\u1ec3 \u0111\u1ee7 \u0111i\u1ec1u ki\u1ec7n \u0111\u1ec3 nh\u1eadp t\u1ecbch.\u00a0\u0110\u1ec3 xem li\u1ec7u \u0111i\u1ec1u n\u00e0y c\u00f3 \u00e1p d\u1ee5ng cho tr\u01b0\u1eddng h\u1ee3p c\u1ee7a b\u1ea1n hay kh\u00f4ng, h\u00e3y xem\u00a0h\u01b0\u1edbng d\u1eabn c\u1ee7a USCIS.<\/p>\n<p style=\"text-align: justify;\"><strong>3. L\u00e0m sao \u0111\u1ec3 \u0111\u0103ng k\u00fd<\/strong><\/p>\n<p style=\"text-align: justify;\">\u0110\u1ea7u ti\u00ean, \u0111i\u1ec1u quan tr\u1ecdng c\u1ea7n l\u01b0u \u00fd l\u00e0 qu\u00e2n \u0111\u1ed9i th\u01b0\u1eddng cung c\u1ea5p m\u1ed9t tr\u1ee3 l\u00fd \u0111\u1ec3 gi\u00fap n\u1ed9p h\u1ed3 s\u01a1 gi\u1ea5y t\u1edd, v\u00ec v\u1eady, b\u1ea1n n\u00ean h\u1ecfi v\u1ec1 d\u1ecbch v\u1ee5 n\u00e0y th\u00f4ng qua chu\u1ed7i ch\u1ec9 huy.\u00a0Quy\u00a0tr\u00ecnh \u0111\u0103ng k\u00fd\u00a0bao g\u1ed3m hai bi\u1ec3u m\u1eabu:\u00a0Bi\u1ec3u m\u1eabu N-400\u00a0v\u00e0\u00a0Bi\u1ec3u m\u1eabu N-426\u00a0, c\u1ea3 hai bi\u1ec3u m\u1eabu n\u00e0y ch\u00fang t\u00f4i s\u1ebd \u0111\u1ec1 c\u1eadp \u1edf b\u00ean d\u01b0\u1edbi.<\/p>\n<p style=\"text-align: justify;\"><strong>M\u1eabu N-400<\/strong><\/p>\n<p style=\"text-align: justify;\">Khi \u0111i\u1ec1n \u0111\u01a1n \u0111\u0103ng k\u00fd ban \u0111\u1ea7u, ng\u01b0\u1eddi th\u1ee5 h\u01b0\u1edfng ph\u1ea3i \u0111\u1ea3m b\u1ea3o l\u00e0m theo\u00a0h\u01b0\u1edbng d\u1eabn\u00a0do USCIS cung c\u1ea5p.\u00a0C\u1ee5 th\u1ec3, h\u1ecd ph\u1ea3i ch\u1eafc ch\u1eafn ch\u1ecdn t\u00f9y ch\u1ecdn cho bi\u1ebft r\u1eb1ng h\u1ecd \u0111ang mu\u1ed1n nh\u1eadp t\u1ecbch d\u1ef1a tr\u00ean ngh\u0129a v\u1ee5 qu\u00e2n s\u1ef1 c\u1ee7a m\u00ecnh.\u00a0Ng\u01b0\u1eddi n\u1ed9p \u0111\u01a1n c\u00f3 th\u1ec3, n\u1ebfu mu\u1ed1n,\u00a0n\u1ed9p \u0111\u01a1n tr\u1ef1c tuy\u1ebfn\u00a0b\u1eb1ng c\u00e1ch t\u1ea1o m\u1ed9t t\u00e0i kho\u1ea3n.<\/p>\n<p style=\"text-align: justify;\"><strong>M\u1eabu N-426<\/strong><\/p>\n<p style=\"text-align: justify;\">M\u1eabu N-426 x\u00e1c nh\u1eadn r\u1eb1ng ng\u01b0\u1eddi n\u1ed9p \u0111\u01a1n th\u1ef1c s\u1ef1 \u0111\u00e3 ph\u1ee5c v\u1ee5 danh d\u1ef1 trong L\u1ef1c l\u01b0\u1ee3ng V\u0169 trang M\u1ef9.\u00a0M\u1eabu \u0111\u01a1n n\u00e0y ph\u1ea3i \u0111\u01b0\u1ee3c quan ch\u1ee9c qu\u00e2n \u0111\u1ed9i ch\u1ee9ng nh\u1eadn v\u00e0 k\u00fd trong v\u00f2ng 6 th\u00e1ng sau khi n\u1ed9p M\u1eabu N-400.<\/p>\n<p style=\"text-align: justify;\">N\u1ebfu ng\u01b0\u1eddi th\u1ee5 h\u01b0\u1edfng \u0111\u00e3 xu\u1ea5t vi\u1ec7n khi h\u1ecd n\u1ed9p M\u1eabu N-400, h\u1ecd c\u00f3 th\u1ec3 n\u1ed9p M\u1eabu N-426 m\u00e0 kh\u00f4ng c\u1ea7n ch\u1ee9ng nh\u1eadn.\u00a0Nh\u1eefng ng\u01b0\u1eddi n\u1ed9p \u0111\u01a1n b\u1ecb sa th\u1ea3i s\u1ebd ph\u1ea3i n\u1ed9p m\u1ed9t trong nh\u1eefng gi\u1ea5y t\u1edd sau:<\/p>\n<ul style=\"text-align: justify;\">\n<li style=\"list-style-type: none;\">\n<ul>\n<li>B\u1ea3n sao B\u00e1o c\u00e1o ly th\u00e2n v\u00e0 h\u1ed3 s\u01a1 ph\u1ee5c v\u1ee5 c\u1ee7a V\u1ec7 binh Qu\u1ed1c gia (M\u1eabu NGB 22)<\/li>\n<li>B\u1ea3n sao Gi\u1ea5y ch\u1ee9ng nh\u1eadn gi\u1ea3i ng\u0169 ho\u1eb7c gi\u1ea3i ng\u0169 (M\u1eabu DD 214)<\/li>\n<li>B\u1ea5t k\u1ef3 gi\u1ea5y t\u1edd xu\u1ea5t vi\u1ec7n n\u00e0o kh\u00e1c, mi\u1ec5n l\u00e0 n\u00f3 ch\u1ee9a lo\u1ea1i h\u00ecnh ph\u00e2n t\u00e1ch v\u00e0 d\u1ecbch v\u1ee5<\/li>\n<\/ul>\n<\/li>\n<\/ul>\n<p style=\"text-align: justify;\">Sau khi nh\u1eadn \u0111\u01b0\u1ee3c \u0111\u01a1n \u0111\u0103ng k\u00fd, USCIS s\u1ebd ti\u1ebfn h\u00e0nh ki\u1ec3m tra l\u00fd l\u1ecbch v\u00e0 l\u1ea5y d\u1ea5u v\u00e2n tay, vi\u1ec7c n\u00e0y c\u00f3 th\u1ec3 \u0111\u01b0\u1ee3c th\u1ef1c hi\u1ec7n theo m\u1ed9t s\u1ed1 c\u00e1ch.\u00a0V\u00ed d\u1ee5, ng\u01b0\u1eddi th\u1ee5 h\u01b0\u1edfng c\u00f3 th\u1ec3:<\/p>\n<ul style=\"text-align: justify;\">\n<li style=\"list-style-type: none;\">\n<ul>\n<li>S\u1eed d\u1ee5ng d\u1ea5u v\u00e2n tay t\u1eeb c\u00e1c \u0111\u01a1n xin nh\u1eadp c\u01b0 tr\u01b0\u1edbc \u0111\u00e2y<\/li>\n<li>G\u1eedi d\u1ea5u v\u00e2n tay th\u00f4ng qua c\u1ea3nh s\u00e1t qu\u00e2n s\u1ef1<\/li>\n<li>G\u1eedi d\u1ea5u v\u00e2n tay t\u1ea1i\u00a0v\u0103n ph\u00f2ng USCIS \u0111\u1ecba ph\u01b0\u01a1ng<\/li>\n<\/ul>\n<\/li>\n<\/ul>\n<p style=\"text-align: justify;\">Sau khi USCIS xem x\u00e9t \u0111\u01a1n \u0111\u0103ng k\u00fd, c\u01a1 quan n\u00e0y s\u1ebd g\u1eedi \u0111\u01a1n \u0111\u1ebfn v\u0103n ph\u00f2ng hi\u1ec7n tr\u01b0\u1eddng, n\u01a1i ng\u01b0\u1eddi n\u1ed9p \u0111\u01a1n s\u1ebd c\u1ea7n\u00a0tham d\u1ef1 m\u1ed9t cu\u1ed9c ph\u1ecfng v\u1ea5n\u00a0\u0111\u1ec3 ch\u1ee9ng minh tr\u00ecnh \u0111\u1ed9 hi\u1ec3u bi\u1ebft ti\u1ebfng Anh v\u00e0 ki\u1ebfn \u200b\u200bth\u1ee9c v\u1ec1 c\u00f4ng d\u00e2n M\u1ef9 c\u1ee7a h\u1ecd.\u00a0N\u1ebfu cu\u1ed9c ph\u1ecfng v\u1ea5n di\u1ec5n ra su\u00f4n s\u1ebb, ng\u01b0\u1eddi n\u1ed9p \u0111\u01a1n s\u1ebd \u0111\u01b0\u1ee3c cung c\u1ea5p th\u1eddi gian v\u00e0 \u0111\u1ecba \u0111i\u1ec3m \u0111\u1ec3 th\u1ef1c hi\u1ec7n L\u1eddi tuy\u00ean th\u1ec7 trung th\u00e0nh\u00a0<em>m\u00e0<\/em>\u00a0h\u1ecd ph\u1ea3i th\u1ef1c hi\u1ec7n \u0111\u1ec3 tr\u1edf th\u00e0nh c\u00f4ng d\u00e2n M\u1ef9.<\/p>\n[\/vc_column_text][\/vc_column][\/vc_row]\n<\/div>","protected":false},"excerpt":{"rendered":"<p>[vc_row top_margin=&#8221;0&#8243; bottom_margin=&#8221;0&#8243; css=&#8221;.vc_custom_1499912039446{margin-top: -30px !important;}&#8221;][vc_column][\/vc_column][\/vc_row][vc_row][vc_column][vc_column_text css=&#8221;&#8221;] T\u1ea1i M\u1ef9, nh\u1eefng ng\u01b0\u1eddi sinh ra \u1edf c\u00e1c qu\u1ed1c gia kh\u00e1c c\u00f3 quy\u1ec1n l\u1ef1a ch\u1ecdn l\u1ea5y qu\u1ed1c t\u1ecbch b\u1eb1ng c\u00e1ch ph\u1ee5c v\u1ee5 trong qu\u00e2n \u0111\u1ed9i M\u1ef9.\u00a0L\u00e0 th\u00e0nh vi\u00ean c\u1ee7a qu\u00e2n \u0111\u1ed9i M\u1ef9, b\u1ea1n c\u00f3 th\u1ec3 \u0111\u1ee7 \u0111i\u1ec1u ki\u1ec7n nh\u1eadp t\u1ecbch sau khi ph\u1ee5c v\u1ee5 t\u1eeb m\u1ed9t n\u0103m tr\u1edf [&hellip;]<\/p>\n","protected":false},"author":1,"featured_media":0,"parent":0,"menu_order":0,"comment_status":"closed","ping_status":"closed","template":"","meta":{"footnotes":""},"class_list":["post-6085","page","type-page","status-publish","hentry"],"_links":{"self":[{"href":"https:\/\/immico.vn\/vi\/wp-json\/wp\/v2\/pages\/6085","targetHints":{"allow":["GET"]}}],"collection":[{"href":"https:\/\/immico.vn\/vi\/wp-json\/wp\/v2\/pages"}],"about":[{"href":"https:\/\/immico.vn\/vi\/wp-json\/wp\/v2\/types\/page"}],"author":[{"embeddable":true,"href":"https:\/\/immico.vn\/vi\/wp-json\/wp\/v2\/users\/1"}],"replies":[{"embeddable":true,"href":"https:\/\/immico.vn\/vi\/wp-json\/wp\/v2\/comments?post=6085"}],"version-history":[{"count":5,"href":"https:\/\/immico.vn\/vi\/wp-json\/wp\/v2\/pages\/6085\/revisions"}],"predecessor-version":[{"id":10289,"href":"https:\/\/immico.vn\/vi\/wp-json\/wp\/v2\/pages\/6085\/revisions\/10289"}],"wp:attachment":[{"href":"https:\/\/immico.vn\/vi\/wp-json\/wp\/v2\/media?parent=6085"}],"curies":[{"name":"wp","href":"https:\/\/api.w.org\/{rel}","templated":true}]}}