{"id":6092,"date":"2017-07-19T06:13:01","date_gmt":"2017-07-19T06:13:01","guid":{"rendered":"https:\/\/colaw.vn\/payroll-services\/"},"modified":"2025-05-19T09:41:48","modified_gmt":"2025-05-19T09:41:48","slug":"dinh-cu-chuong-trinh-nha-dau-tu-eb-5","status":"publish","type":"page","link":"https:\/\/immico.vn\/vi\/dinh-cu-chuong-trinh-nha-dau-tu-eb-5\/","title":{"rendered":"\u0110\u1ecbnh C\u01b0 Ch\u01b0\u01a1ng Tr\u00ecnh Nh\u00e0 \u0110\u1ea7u T\u01b0 EB-5"},"content":{"rendered":"<div class=\"wpb-content-wrapper\">[vc_row top_margin=&#8221;0&#8243; bottom_margin=&#8221;0&#8243; css=&#8221;.vc_custom_1499912039446{margin-top: -30px !important;}&#8221;][vc_column]<div class=\"shortcode-wrapper shortcode-title clearfix hb-animate-element hb-fade-in\"><p style=\"color:#9a4c3c!important;border-color:#9a4c3c\" class=\"hb-text-large aligncenter\">\u0110\u1ecbnh C\u01b0 Ch\u01b0\u01a1ng Tr\u00ecnh Nh\u00e0 \u0110\u1ea7u T\u01b0 EB-5<\/p><\/div>[\/vc_column][\/vc_row][vc_row][vc_column][vc_column_text css=&#8221;&#8221;]\n<p style=\"text-align: justify;\">Hoa K\u1ef3 l\u00e0 qu\u1ed1c gia \u0111\u01b0\u1ee3c c\u00e1c nh\u00e0 \u0111\u1ea7u t\u01b0 qu\u1ed1c t\u1ebf s\u0103n \u0111\u00f3n nhi\u1ec1u.\u00a0\u0110\u1ed1i v\u1edbi nh\u1eefng ng\u01b0\u1eddi mu\u1ed1n c\u00f3 \u0111\u01b0\u1ee3c t\u01b0 c\u00e1ch th\u01b0\u1eddng tr\u00fa nh\u00e2n (&#8216;th\u1ebb xanh&#8217;) t\u1ea1i Hoa K\u1ef3, Ch\u01b0\u01a1ng tr\u00ecnh Nh\u00e0 \u0111\u1ea7u t\u01b0 Nh\u1eadp c\u01b0 EB-5 l\u00e0 c\u00e1ch hi\u1ec7u qu\u1ea3 nh\u1ea5t \u0111\u1ec3 c\u00f3 \u0111\u01b0\u1ee3c t\u01b0 c\u00e1ch \u0111\u00f3.\u00a0K\u1ec3 t\u1eeb n\u0103m 1990, khi Qu\u1ed1c h\u1ed9i th\u00e0nh l\u1eadp ch\u01b0\u01a1ng tr\u00ecnh n\u00e0y, m\u1ed7i n\u0103m, ch\u00ednh ph\u1ee7 Hoa K\u1ef3 c\u1ea5p m\u1ed9t s\u1ed1 l\u01b0\u1ee3ng th\u1ecb th\u1ef1c \u0111\u00e1ng k\u1ec3 cho nh\u1eefng c\u00e1 nh\u00e2n mu\u1ed1n \u0111\u1ea7u t\u01b0 \u0111\u00e1ng k\u1ec3 v\u00e0 \u0111\u1ee7 \u0111i\u1ec1u ki\u1ec7n v\u00e0o qu\u1ed1c gia c\u00f3 th\u1ec3 t\u1ea1o vi\u1ec7c l\u00e0m cho n\u1ec1n kinh t\u1ebf Hoa K\u1ef3.\u00a0Theo ch\u01b0\u01a1ng tr\u00ecnh n\u00e0y, c\u00e1c c\u00e1 nh\u00e2n v\u00e0 th\u00e0nh vi\u00ean gia \u0111\u00ecnh tr\u1ef1c h\u1ec7 c\u1ee7a h\u1ecd c\u00f3 th\u1ec3 tr\u1edf th\u00e0nh th\u01b0\u1eddng tr\u00fa nh\u00e2n t\u1ea1i Hoa K\u1ef3 trong m\u1ed9t kho\u1ea3ng th\u1eddi gian ng\u1eafn.<\/p>\n<p style=\"text-align: justify;\">Ch\u01b0\u01a1ng tr\u00ecnh Nh\u00e0 \u0111\u1ea7u t\u01b0 Nh\u1eadp c\u01b0 EB-5 c\u1ee7a Hoa K\u1ef3 \u0111\u01b0\u1ee3c x\u1ebfp h\u1ea1ng th\u1ee9 10\u00a0trong\u00a0s\u1ed1 26 ch\u01b0\u01a1ng tr\u00ecnh theo Ch\u1ec9 s\u1ed1 Ch\u01b0\u01a1ng tr\u00ecnh C\u01b0 tr\u00fa To\u00e0n c\u1ea7u n\u0103m 2023.<\/p>\n<h3 style=\"text-align: justify;\">1. L\u1ee3i \u00edch c\u1ee7a Ch\u01b0\u01a1ng tr\u00ecnh Nh\u00e0 \u0111\u1ea7u t\u01b0 Nh\u1eadp c\u01b0 EB-5 c\u1ee7a Hoa K\u1ef3<\/h3>\n<ul style=\"text-align: justify;\">\n<li style=\"list-style-type: none;\">\n<ul>\n<li>M\u1ed9t trong nh\u1eefng \u0111i\u1ec3m \u0111\u1ebfn kinh doanh v\u00e0 phong c\u00e1ch s\u1ed1ng h\u1ea5p d\u1eabn nh\u1ea5t tr\u00ean to\u00e0n th\u1ebf gi\u1edbi<\/li>\n<li>C\u00f3 nhi\u1ec1u tr\u01b0\u1eddng h\u00e0ng \u0111\u1ea7u tr\u00ean to\u00e0n qu\u1ed1c<\/li>\n<li>Con \u0111\u01b0\u1eddng hi\u1ec7u qu\u1ea3 \u0111\u1ec3 \u0111\u1ea1t \u0111\u01b0\u1ee3c t\u00ecnh tr\u1ea1ng th\u01b0\u1eddng tr\u00fa nh\u00e2n (th\u1ebb xanh)<\/li>\n<li>C\u00f3 th\u1ec3 bao g\u1ed3m v\u1ee3\/ch\u1ed3ng v\u00e0 con d\u01b0\u1edbi 21 tu\u1ed5i v\u00e0 ch\u01b0a k\u1ebft h\u00f4n<\/li>\n<li>Y\u00eau c\u1ea7u \u1ee9ng tuy\u1ec3n t\u1ed1i thi\u1ec3u, kh\u00f4ng c\u1ea7n kinh nghi\u1ec7m kinh doanh ho\u1eb7c tr\u00ecnh \u0111\u1ed9 ng\u00f4n ng\u1eef c\u1ee5 th\u1ec3<\/li>\n<li>Y\u00eau c\u1ea7u hi\u1ec7n di\u1ec7n v\u1eadt l\u00fd linh ho\u1ea1t<\/li>\n<li>C\u00f3 th\u1ec3 c\u00f3 qu\u1ed1c t\u1ecbch sau 5 n\u0103m c\u01b0 tr\u00fa h\u1ee3p ph\u00e1p<\/li>\n<\/ul>\n<\/li>\n<\/ul>\n<h3 style=\"text-align: justify;\">2. Y\u00eau c\u1ea7u \u0111\u1ecbnh c\u01b0 M\u1ef9 theo di\u1ec7n \u0111\u1ea7u t\u01b0<\/h3>\n<p style=\"text-align: justify;\">Ch\u01b0\u01a1ng tr\u00ecnh Nh\u00e0 \u0111\u1ea7u t\u01b0 Nh\u1eadp c\u01b0 EB-5 c\u1ee7a Hoa K\u1ef3 y\u00eau c\u1ea7u c\u00e1 nh\u00e2n n\u01b0\u1edbc ngo\u00e0i \u0111\u1ea7u t\u01b0 v\u00e0o m\u1ed9t doanh nghi\u1ec7p th\u01b0\u01a1ng m\u1ea1i m\u1edbi li\u00ean k\u1ebft v\u1edbi c\u00e1c trung t\u00e2m khu v\u1ef1c \u0111\u01b0\u1ee3c ch\u00ednh ph\u1ee7 ph\u00ea duy\u1ec7t d\u1ef1a tr\u00ean c\u00e1c \u0111\u1ec1 xu\u1ea5t th\u00fac \u0111\u1ea9y t\u0103ng tr\u01b0\u1edfng kinh t\u1ebf.<\/p>\n<p style=\"text-align: justify;\"><strong>C\u00e1c y\u00eau c\u1ea7u sau \u0111\u00e2y \u0111\u01b0\u1ee3c \u00e1p d\u1ee5ng:<\/strong><\/p>\n<p style=\"text-align: justify;\">1. Th\u1ef1c hi\u1ec7n m\u1ed9t trong c\u00e1c ph\u01b0\u01a1ng \u00e1n \u0111\u1ea7u t\u01b0 sau:<\/p>\n<ul style=\"text-align: justify;\">\n<li style=\"list-style-type: none;\">\n<ul>\n<li>1.050.000 USD v\u00e0o d\u1ef1 \u00e1n khu v\u1ef1c vi\u1ec7c l\u00e0m phi m\u1ee5c ti\u00eau<\/li>\n<li>800.000 USD v\u00e0o d\u1ef1 \u00e1n khu v\u1ef1c vi\u1ec7c l\u00e0m m\u1ee5c ti\u00eau \u1edf khu v\u1ef1c n\u00f4ng th\u00f4n ho\u1eb7c khu v\u1ef1c c\u00f3 t\u1ef7 l\u1ec7 th\u1ea5t nghi\u1ec7p cao<\/li>\n<\/ul>\n<\/li>\n<\/ul>\n<p style=\"text-align: justify;\">2. T\u1ea1o ho\u1eb7c duy tr\u00ec 10 c\u00f4ng vi\u1ec7c to\u00e0n th\u1eddi gian l\u00e2u d\u00e0i cho ng\u01b0\u1eddi lao \u0111\u1ed9ng M\u1ef9 \u0111\u1ee7 ti\u00eau chu\u1ea9n<\/p>\n<p style=\"text-align: justify;\">Sau khi nh\u1eefng ng\u01b0\u1eddi n\u1ed9p \u0111\u01a1n th\u00e0nh c\u00f4ng \u0111\u00e3 nh\u1eadn \u0111\u01b0\u1ee3c th\u1ebb xanh, s\u1ed1 ti\u1ec1n n\u00e0y ph\u1ea3i \u0111\u01b0\u1ee3c ti\u1ebfp t\u1ee5c \u0111\u1ea7u t\u01b0 cho \u0111\u1ebfn khi \u0111\u01b0\u1ee3c c\u1ea5p t\u01b0 c\u00e1ch th\u01b0\u1eddng tr\u00fa nh\u00e2n (kho\u1ea3ng 5 n\u0103m).<\/p>\n<p style=\"text-align: justify;\">Nh\u1eefng ng\u01b0\u1eddi n\u1ed9p \u0111\u01a1n \u0111\u01b0\u1ee3c ch\u1ea5p thu\u1eadn s\u1ebd nh\u1eadn \u0111\u01b0\u1ee3c th\u1ebb xanh c\u00f3 \u0111i\u1ec1u ki\u1ec7n trong th\u1eddi gian hai n\u0103m.\u00a0C\u00e1c \u0111i\u1ec1u ki\u1ec7n tr\u00ean th\u1ebb xanh sau \u0111\u00f3 s\u1ebd b\u1ecb x\u00f3a b\u1ecf v\u00e0o cu\u1ed1i hai n\u0103m sau khi ch\u1ee9ng minh cho c\u01a1 quan qu\u1ea3n l\u00fd nh\u1eadp c\u01b0 Hoa K\u1ef3 r\u1eb1ng c\u00f4ng vi\u1ec7c tr\u00ean th\u1ef1c t\u1ebf \u0111\u00e3 \u0111\u01b0\u1ee3c t\u1ea1o ra ho\u1eb7c duy tr\u00ec.\u00a0Vi\u1ec7c chuy\u1ec3n \u0111\u1ed5i t\u1eeb th\u1ebb xanh c\u00f3 \u0111i\u1ec1u ki\u1ec7n sang th\u1ebb xanh th\u00f4ng th\u01b0\u1eddng kh\u00f4ng \u1ea3nh h\u01b0\u1edfng \u0111\u1ebfn nh\u1eefng g\u00ec ng\u01b0\u1eddi c\u00f3 th\u1ebb xanh c\u00f3 th\u1ec3 l\u00e0m \u1edf Hoa K\u1ef3.<\/p>\n<p style=\"text-align: justify;\">C\u00e1c c\u00e1 nh\u00e2n n\u1ed9p \u0111\u01a1n ph\u1ea3i c\u00f3 t\u00e0i s\u1ea3n r\u00f2ng tr\u00ean 1 tri\u1ec7u USD v\u00e0 cung c\u1ea5p b\u1eb1ng ch\u1ee9ng ch\u1ee9ng minh ngu\u1ed3n ti\u1ec1n c\u1ee7a h\u1ecd \u0111\u1ebfn t\u1eeb c\u00e1c ngu\u1ed3n h\u1ee3p ph\u00e1p.<\/p>\n<h3 style=\"text-align: justify;\">3. Th\u1ee7 t\u1ee5c v\u00e0 th\u1eddi gian \u0111\u1ecbnh c\u01b0 M\u1ef9 theo di\u1ec7n \u0111\u1ea7u t\u01b0<\/h3>\n<p style=\"text-align: justify;\">\u0110\u01a1n \u0111\u0103ng k\u00fd tham gia ch\u01b0\u01a1ng tr\u00ecnh ph\u1ea3i \u0111\u01b0\u1ee3c th\u1ef1c hi\u1ec7n th\u00f4ng qua c\u00e1c m\u1eabu \u0111\u01a1n quy \u0111\u1ecbnh v\u00e0 ph\u1ea3i k\u00e8m theo c\u00e1c kho\u1ea3n ph\u00ed v\u00e0 t\u00e0i li\u1ec7u h\u1ed7 tr\u1ee3 ph\u00f9 h\u1ee3p.\u00a0Ngo\u00e0i c\u00e1c t\u00e0i li\u1ec7u c\u00e1 nh\u00e2n th\u00f4ng th\u01b0\u1eddng, c\u00e1c t\u00e0i li\u1ec7u c\u1ea7n thi\u1ebft bao g\u1ed3m b\u00e1o c\u00e1o y t\u1ebf, h\u1ed3 s\u01a1 ti\u00eam ch\u1ee7ng, gi\u1ea5y ch\u1ee9ng nh\u1eadn c\u1ee7a c\u1ea3nh s\u00e1t v\u00e0 b\u1ea5t k\u1ef3 h\u1ed3 s\u01a1 t\u00f2a \u00e1n n\u00e0o m\u00e0 ng\u01b0\u1eddi n\u1ed9p \u0111\u01a1n c\u00f3 th\u1ec3 c\u00f3.\u00a0Trung b\u00ecnh, ng\u01b0\u1eddi n\u1ed9p \u0111\u01a1n nh\u1eadn \u0111\u01b0\u1ee3c th\u1ebb xanh c\u00f3 \u0111i\u1ec1u ki\u1ec7n ban \u0111\u1ea7u trong v\u00f2ng kho\u1ea3ng 30 \u0111\u1ebfn 36 th\u00e1ng.\u00a0Vi\u1ec7c n\u1ed9p \u0111\u01a1n xin chuy\u1ec3n \u0111\u1ed5i th\u1ebb xanh c\u00f3 \u0111i\u1ec1u ki\u1ec7n th\u00e0nh th\u1ebb xanh th\u00f4ng th\u01b0\u1eddng \u0111\u01b0\u1ee3c th\u1ef1c hi\u1ec7n hai n\u0103m sau \u0111\u00f3.<\/p>\n<p style=\"text-align: justify;\">V\u1ee3\/ch\u1ed3ng v\u00e0 con ch\u01b0a l\u1eadp gia \u0111\u00ecnh d\u01b0\u1edbi 21 tu\u1ed5i c\u1ee7a nh\u00e0 \u0111\u1ea7u t\u01b0 c\u00f3 th\u1ec3 n\u1ed9p \u0111\u01a1n xin th\u1ebb xanh v\u1edbi t\u01b0 c\u00e1ch l\u00e0 ng\u01b0\u1eddi n\u1ed9p \u0111\u01a1n ph\u00e1i sinh v\u00e0 kh\u00f4ng b\u1eaft bu\u1ed9c ph\u1ea3i \u0111\u00f3ng g\u00f3p t\u00e0i ch\u00ednh th\u00eam nh\u01b0ng ph\u1ea3i n\u1ed9p gi\u1ea5y t\u1edd ri\u00eang.<\/p>\n<p style=\"text-align: justify;\">\u0110\u1ec3 \u0111\u1ee7 \u0111i\u1ec1u ki\u1ec7n nh\u1eadp qu\u1ed1c t\u1ecbch, ng\u01b0\u1eddi c\u00f3 th\u1ebb xanh ph\u1ea3i s\u1ed1ng li\u00ean t\u1ee5c \u1edf Hoa K\u1ef3 \u00edt nh\u1ea5t 5 n\u0103m tr\u01b0\u1edbc khi nh\u1eadp qu\u1ed1c t\u1ecbch.\u00a0H\u1ecd ph\u1ea3i ch\u1ee9ng minh th\u00eam r\u1eb1ng h\u1ecd \u0111\u00e3 c\u00f3 m\u1eb7t t\u1ea1i Hoa K\u1ef3 \u00edt nh\u1ea5t 30 th\u00e1ng trong v\u00f2ng 5 n\u0103m ngay tr\u01b0\u1edbc khi n\u1ed9p \u0111\u01a1n xin nh\u1eadp t\u1ecbch v\u00e0 ph\u1ea3i c\u00f3 kh\u1ea3 n\u0103ng \u0111\u1ecdc, vi\u1ebft v\u00e0 n\u00f3i ti\u1ebfng Anh c\u01a1 b\u1ea3n.\u00a0Ngo\u00e0i b\u00e0i ki\u1ec3m tra c\u00f4ng d\u00e2n, c\u00e1c \u0111i\u1ec1u ki\u1ec7n b\u1ed5 sung t\u1ed1i thi\u1ec3u \u0111\u01b0\u1ee3c y\u00eau c\u1ea7u \u0111\u1ec3 c\u00f3 \u0111\u01b0\u1ee3c quy\u1ec1n c\u00f4ng d\u00e2n.<\/p>\n[\/vc_column_text][\/vc_column][\/vc_row]\n<\/div>","protected":false},"excerpt":{"rendered":"<p>[vc_row top_margin=&#8221;0&#8243; bottom_margin=&#8221;0&#8243; css=&#8221;.vc_custom_1499912039446{margin-top: -30px !important;}&#8221;][vc_column][\/vc_column][\/vc_row][vc_row][vc_column][vc_column_text css=&#8221;&#8221;] Hoa K\u1ef3 l\u00e0 qu\u1ed1c gia \u0111\u01b0\u1ee3c c\u00e1c nh\u00e0 \u0111\u1ea7u t\u01b0 qu\u1ed1c t\u1ebf s\u0103n \u0111\u00f3n nhi\u1ec1u.\u00a0\u0110\u1ed1i v\u1edbi nh\u1eefng ng\u01b0\u1eddi mu\u1ed1n c\u00f3 \u0111\u01b0\u1ee3c t\u01b0 c\u00e1ch th\u01b0\u1eddng tr\u00fa nh\u00e2n (&#8216;th\u1ebb xanh&#8217;) t\u1ea1i Hoa K\u1ef3, Ch\u01b0\u01a1ng tr\u00ecnh Nh\u00e0 \u0111\u1ea7u t\u01b0 Nh\u1eadp c\u01b0 EB-5 l\u00e0 c\u00e1ch hi\u1ec7u qu\u1ea3 nh\u1ea5t \u0111\u1ec3 c\u00f3 \u0111\u01b0\u1ee3c t\u01b0 [&hellip;]<\/p>\n","protected":false},"author":1,"featured_media":0,"parent":0,"menu_order":0,"comment_status":"closed","ping_status":"closed","template":"","meta":{"footnotes":""},"class_list":["post-6092","page","type-page","status-publish","hentry"],"_links":{"self":[{"href":"https:\/\/immico.vn\/vi\/wp-json\/wp\/v2\/pages\/6092","targetHints":{"allow":["GET"]}}],"collection":[{"href":"https:\/\/immico.vn\/vi\/wp-json\/wp\/v2\/pages"}],"about":[{"href":"https:\/\/immico.vn\/vi\/wp-json\/wp\/v2\/types\/page"}],"author":[{"embeddable":true,"href":"https:\/\/immico.vn\/vi\/wp-json\/wp\/v2\/users\/1"}],"replies":[{"embeddable":true,"href":"https:\/\/immico.vn\/vi\/wp-json\/wp\/v2\/comments?post=6092"}],"version-history":[{"count":6,"href":"https:\/\/immico.vn\/vi\/wp-json\/wp\/v2\/pages\/6092\/revisions"}],"predecessor-version":[{"id":10292,"href":"https:\/\/immico.vn\/vi\/wp-json\/wp\/v2\/pages\/6092\/revisions\/10292"}],"wp:attachment":[{"href":"https:\/\/immico.vn\/vi\/wp-json\/wp\/v2\/media?parent=6092"}],"curies":[{"name":"wp","href":"https:\/\/api.w.org\/{rel}","templated":true}]}}