{"id":6094,"date":"2017-07-19T06:11:53","date_gmt":"2017-07-19T06:11:53","guid":{"rendered":"https:\/\/colaw.vn\/chief-accountant-for-lease\/"},"modified":"2025-05-19T08:32:43","modified_gmt":"2025-05-19T08:32:43","slug":"tong-quan-ve-dinh-cu-my","status":"publish","type":"page","link":"https:\/\/immico.vn\/vi\/tong-quan-ve-dinh-cu-my\/","title":{"rendered":"T\u1ed5ng Quan V\u1ec1 \u0110\u1ecbnh C\u01b0 M\u1ef9"},"content":{"rendered":"<div class=\"wpb-content-wrapper\">[vc_row top_margin=&#8221;0&#8243; bottom_margin=&#8221;0&#8243; css=&#8221;.vc_custom_1499912039446{margin-top: -30px !important;}&#8221;][vc_column]<div class=\"shortcode-wrapper shortcode-title clearfix hb-animate-element hb-fade-in\"><p style=\"color:#9a4c3c!important;border-color:#9a4c3c\" class=\"hb-text-large aligncenter\">T\u1ed5ng Quan V\u1ec1 \u0110\u1ecbnh C\u01b0 M\u1ef9<\/p><\/div>[\/vc_column][\/vc_row][vc_row][vc_column][vc_column_text css=&#8221;&#8221;]\n<p style=\"text-align: justify;\"><strong>Nh\u1eefng l\u00fd do ch\u00ednh \u0111\u1ec3 nh\u1eadp c\u01b0 v\u00e0o Hoa K\u1ef3<\/strong><\/p>\n<p style=\"text-align: justify;\">Vi\u1ec7c nh\u1eadp c\u01b0 v\u00e0o Hoa K\u1ef3 \u0111\u00e3 t\u0103ng \u0111\u00e1ng k\u1ec3 k\u1ec3 t\u1eeb khi c\u00e1c thay \u0111\u1ed5i lu\u1eadt ph\u00e1p di\u1ec5n ra v\u00e0o n\u0103m 1968. Hi\u1ec7n nay, ng\u01b0\u1eddi nh\u1eadp c\u01b0 chi\u1ebfm m\u1ed9t ph\u1ea7n \u0111\u00e1ng k\u1ec3 trong d\u00e2n s\u1ed1 Hoa K\u1ef3. N\u0103m 2019, ng\u01b0\u1eddi nh\u1eadp c\u01b0 chi\u1ebfm 13,7% t\u1ed5ng d\u00e2n s\u1ed1 Hoa K\u1ef3, t\u01b0\u01a1ng \u0111\u01b0\u01a1ng kho\u1ea3ng 44,9 tri\u1ec7u ng\u01b0\u1eddi. T\u1ef7 l\u1ec7 nh\u1eadp c\u01b0 thay \u0111\u1ed5i h\u00e0ng n\u0103m, do ch\u1ecbu \u1ea3nh h\u01b0\u1edfng c\u1ee7a nhi\u1ec1u y\u1ebfu t\u1ed1 kh\u00e1c nhau, m\u1ed9t s\u1ed1 l\u00fd do n\u1ed5i b\u1eadt bao g\u1ed3m:<\/p>\n<p style=\"text-align: justify;\"><strong>1. C\u01a1 h\u1ed9i vi\u1ec7c l\u00e0m t\u1ed1t h\u01a1n<\/strong><\/p>\n<p style=\"text-align: justify;\">Tri\u1ec3n v\u1ecdng ngh\u1ec1 nghi\u1ec7p t\u1ed1t h\u01a1n l\u00e0 m\u1ed9t \u0111\u1ed9ng l\u1ef1c ch\u00ednh c\u1ee7a vi\u1ec7c nh\u1eadp c\u01b0. Nhi\u1ec1u ng\u01b0\u1eddi nh\u1eadp c\u01b0 \u0111\u1ebfn Hoa K\u1ef3 do c\u01a1 h\u1ed9i vi\u1ec7c l\u00e0m v\u01b0\u1ee3t tr\u1ed9i so v\u1edbi n\u01b0\u1edbc s\u1edf t\u1ea1i c\u1ee7a h\u1ecd. Ng\u01b0\u1eddi nh\u1eadp c\u01b0 th\u01b0\u1eddng h\u01b0\u1edbng \u0111\u1ebfn nh\u1eefng n\u01a1i c\u00f3 m\u1ee9c l\u01b0\u01a1ng cao v\u00e0 nhi\u1ec1u c\u01a1 h\u1ed9i vi\u1ec7c l\u00e0m, \u0111i\u1ec1u n\u00e0y kh\u00f4ng ch\u1ec9 c\u1ea3i thi\u1ec7n cu\u1ed9c s\u1ed1ng c\u00e1 nh\u00e2n c\u1ee7a h\u1ecd m\u00e0 c\u00f2n \u0111\u00f3ng g\u00f3p \u0111\u00e1ng k\u1ec3 v\u00e0o th\u1ecb tr\u01b0\u1eddng lao \u0111\u1ed9ng Hoa K\u1ef3.<\/p>\n<p style=\"text-align: justify;\"><strong>2. \u0110i\u1ec1u ki\u1ec7n s\u1ed1ng t\u1ed1t h\u01a1n<\/strong><\/p>\n<p style=\"text-align: justify;\">Hoa K\u1ef3 th\u01b0\u1eddng \u0111\u01b0\u1ee3c xem l\u00e0 qu\u1ed1c gia cung c\u1ea5p ti\u00eau chu\u1ea9n s\u1ed1ng cao. Ng\u01b0\u1eddi nh\u1eadp c\u01b0 b\u1ecb thu h\u00fat b\u1edfi c\u00e1c \u0111i\u1ec1u ki\u1ec7n s\u1ed1ng t\u1ed1t h\u01a1n nh\u01b0 gi\u00e1o d\u1ee5c, ch\u0103m s\u00f3c s\u1ee9c kh\u1ecfe v\u00e0 c\u00e1c d\u1ecbch v\u1ee5 thi\u1ebft y\u1ebfu m\u00e0 n\u01b0\u1edbc h\u1ecd thi\u1ebfu ho\u1eb7c c\u00f3 h\u1ea1n ch\u1ebf. Nh\u1eefng \u0111i\u1ec1u ki\u1ec7n n\u00e0y gi\u00fap ng\u01b0\u1eddi nh\u1eadp c\u01b0 ph\u00e1t tri\u1ec3n v\u00e0 \u0111\u00f3ng g\u00f3p hi\u1ec7u qu\u1ea3 cho x\u00e3 h\u1ed9i.<\/p>\n<p style=\"text-align: justify;\"><strong>3. C\u01a1 h\u1ed9i gi\u00e1o d\u1ee5c v\u01b0\u1ee3t tr\u1ed9i<\/strong><\/p>\n<p style=\"text-align: justify;\">S\u1ed1 l\u01b0\u1ee3ng l\u1edbn c\u00e1c tr\u01b0\u1eddng \u0111\u1ea1i h\u1ecdc danh ti\u1ebfng v\u00e0 ch\u01b0\u01a1ng tr\u00ecnh \u0111\u00e0o t\u1ea1o \u0111a d\u1ea1ng khi\u1ebfn Hoa K\u1ef3 tr\u1edf th\u00e0nh \u0111i\u1ec3m \u0111\u1ebfn l\u00fd t\u01b0\u1edfng cho ng\u01b0\u1eddi nh\u1eadp c\u01b0 v\u00ec m\u1ee5c \u0111\u00edch gi\u00e1o d\u1ee5c. C\u00e1c gia \u0111\u00ecnh \u01b0u ti\u00ean t\u1ea1o \u0111i\u1ec1u ki\u1ec7n h\u1ecdc t\u1eadp t\u1ed1t nh\u1ea5t cho con c\u00e1i, trong khi c\u00e1c sinh vi\u00ean t\u00ecm ki\u1ebfm c\u00e1c ch\u01b0\u01a1ng tr\u00ecnh chuy\u00ean bi\u1ec7t kh\u00f4ng c\u00f3 \u1edf qu\u00ea nh\u00e0. \u0110\u00e1ng ch\u00fa \u00fd, th\u1ecb th\u1ef1c gi\u00e1o d\u1ee5c chi\u1ebfm 28% t\u1ed5ng s\u1ed1 th\u1ecb th\u1ef1c \u0111\u01b0\u1ee3c c\u1ea5p n\u0103m 2015.<\/p>\n<p style=\"text-align: justify;\"><strong>4. L\u00e1nh n\u1ea1n kh\u1ecfi \u0111\u00e0n \u00e1p v\u00e0 b\u1ea1o l\u1ef1c<\/strong><\/p>\n<p style=\"text-align: justify;\">Hoa K\u1ef3 \u0111\u01b0\u1ee3c xem l\u00e0 n\u01a1i tr\u00fa \u1ea9n an to\u00e0n cho nh\u1eefng ng\u01b0\u1eddi ch\u1ea1y tr\u1ed1n kh\u1ecfi \u0111\u00e0n \u00e1p, b\u1ea1o l\u1ef1c v\u00e0 chi\u1ebfn tranh. Nh\u1eefng ng\u01b0\u1eddi b\u1ecb \u0111\u00e0n \u00e1p v\u00ec l\u00fd do t\u00f4n gi\u00e1o, ch\u1ee7ng t\u1ed9c ho\u1eb7c s\u1eafc t\u1ed9c th\u01b0\u1eddng xin t\u1ecb n\u1ea1n t\u1ea1i M\u1ef9. Nh\u1eefng ng\u01b0\u1eddi t\u1ecb n\u1ea1n \u0111\u00e1p \u1ee9ng c\u00e1c ti\u00eau chu\u1ea9n nh\u00e2n \u0111\u1ea1o c\u1ee7a Hoa K\u1ef3 c\u00f3 th\u1ec3 nh\u1eadn \u0111\u01b0\u1ee3c t\u01b0 c\u00e1ch t\u1ecb n\u1ea1n, cho ph\u00e9p h\u1ecd c\u01b0 tr\u00fa h\u1ee3p ph\u00e1p t\u1ea1i M\u1ef9.<\/p>\n<p style=\"text-align: justify;\"><strong>5. \u0110o\u00e0n t\u1ee5 gia \u0111\u00ecnh<\/strong><\/p>\n<p style=\"text-align: justify;\">\u0110o\u00e0n t\u1ee5 gia \u0111\u00ecnh v\u1eabn l\u00e0 m\u1ed9t l\u00fd do quan tr\u1ecdng \u0111\u1ec3 nh\u1eadp c\u01b0. Sau khi lu\u1eadt nh\u1eadp c\u01b0 \u0111\u01b0\u1ee3c s\u1eeda \u0111\u1ed5i v\u00e0o n\u0103m 1968, c\u00f4ng d\u00e2n Hoa K\u1ef3 ho\u1eb7c th\u01b0\u1eddng tr\u00fa nh\u00e2n c\u00f3 th\u1ec3 b\u1ea3o l\u00e3nh ng\u01b0\u1eddi th\u00e2n, bao g\u1ed3m v\u1ee3\/ch\u1ed3ng, cha m\u1eb9 v\u00e0 con c\u00e1i, gi\u00fap h\u1ecd \u0111o\u00e0n t\u1ee5 v\u00e0 duy tr\u00ec s\u1ef1 g\u1eafn k\u1ebft gia \u0111\u00ecnh.<\/p>\n<p style=\"text-align: justify;\"><strong>6. K\u1ebft h\u00f4n<\/strong><\/p>\n<p style=\"text-align: justify;\">C\u00e1c m\u1ed1i quan h\u1ec7 qu\u1ed1c t\u1ebf th\u00f4ng qua s\u1ef1 k\u1ebft n\u1ed1i to\u00e0n c\u1ea7u th\u01b0\u1eddng d\u1eabn \u0111\u1ebfn vi\u1ec7c nh\u1eadp c\u01b0 qua h\u00f4n nh\u00e2n. Hoa K\u1ef3 cung c\u1ea5p th\u1ecb th\u1ef1c \u0111\u1eb7c bi\u1ec7t (th\u1ecb th\u1ef1c K-1) cho ph\u00e9p c\u00f4ng d\u00e2n Hoa K\u1ef3 \u0111\u01b0a v\u1ecb h\u00f4n phu\/h\u00f4n th\u00ea v\u00e0o n\u01b0\u1edbc, y\u00eau c\u1ea7u ph\u1ea3i k\u1ebft h\u00f4n trong v\u00f2ng 90 ng\u00e0y. Sau khi k\u1ebft h\u00f4n, ng\u01b0\u1eddi ph\u1ed1i ng\u1eabu n\u01b0\u1edbc ngo\u00e0i c\u00f3 th\u1ec3 n\u1ed9p \u0111\u01a1n xin th\u01b0\u1eddng tr\u00fa. Tuy nhi\u00ean, c\u01a1 quan qu\u1ea3n l\u00fd nh\u1eadp c\u01b0 ki\u1ec3m tra nghi\u00eam ng\u1eb7t c\u00e1c tr\u01b0\u1eddng h\u1ee3p k\u1ebft h\u00f4n, \u00e1p d\u1ee5ng c\u00e1c h\u00ecnh ph\u1ea1t nghi\u00eam kh\u1eafc \u0111\u1ed1i v\u1edbi h\u00f4n nh\u00e2n gian l\u1eadn ch\u1ec9 \u0111\u1ec3 l\u1ea5y th\u1ebb xanh, bao g\u1ed3m ti\u1ec1n ph\u1ea1t l\u00ean \u0111\u1ebfn 250.000 USD v\u00e0 t\u00f9 giam t\u1edbi 5 n\u0103m.<\/p>\n[\/vc_column_text][\/vc_column][\/vc_row]\n<\/div>","protected":false},"excerpt":{"rendered":"<p>[vc_row top_margin=&#8221;0&#8243; bottom_margin=&#8221;0&#8243; css=&#8221;.vc_custom_1499912039446{margin-top: -30px !important;}&#8221;][vc_column][\/vc_column][\/vc_row][vc_row][vc_column][vc_column_text css=&#8221;&#8221;] Nh\u1eefng l\u00fd do ch\u00ednh \u0111\u1ec3 nh\u1eadp c\u01b0 v\u00e0o Hoa K\u1ef3 Vi\u1ec7c nh\u1eadp c\u01b0 v\u00e0o Hoa K\u1ef3 \u0111\u00e3 t\u0103ng \u0111\u00e1ng k\u1ec3 k\u1ec3 t\u1eeb khi c\u00e1c thay \u0111\u1ed5i lu\u1eadt ph\u00e1p di\u1ec5n ra v\u00e0o n\u0103m 1968. Hi\u1ec7n nay, ng\u01b0\u1eddi nh\u1eadp c\u01b0 chi\u1ebfm m\u1ed9t ph\u1ea7n \u0111\u00e1ng k\u1ec3 trong d\u00e2n s\u1ed1 Hoa K\u1ef3. [&hellip;]<\/p>\n","protected":false},"author":1,"featured_media":0,"parent":0,"menu_order":0,"comment_status":"closed","ping_status":"closed","template":"","meta":{"footnotes":""},"class_list":["post-6094","page","type-page","status-publish","hentry"],"_links":{"self":[{"href":"https:\/\/immico.vn\/vi\/wp-json\/wp\/v2\/pages\/6094","targetHints":{"allow":["GET"]}}],"collection":[{"href":"https:\/\/immico.vn\/vi\/wp-json\/wp\/v2\/pages"}],"about":[{"href":"https:\/\/immico.vn\/vi\/wp-json\/wp\/v2\/types\/page"}],"author":[{"embeddable":true,"href":"https:\/\/immico.vn\/vi\/wp-json\/wp\/v2\/users\/1"}],"replies":[{"embeddable":true,"href":"https:\/\/immico.vn\/vi\/wp-json\/wp\/v2\/comments?post=6094"}],"version-history":[{"count":5,"href":"https:\/\/immico.vn\/vi\/wp-json\/wp\/v2\/pages\/6094\/revisions"}],"predecessor-version":[{"id":10266,"href":"https:\/\/immico.vn\/vi\/wp-json\/wp\/v2\/pages\/6094\/revisions\/10266"}],"wp:attachment":[{"href":"https:\/\/immico.vn\/vi\/wp-json\/wp\/v2\/media?parent=6094"}],"curies":[{"name":"wp","href":"https:\/\/api.w.org\/{rel}","templated":true}]}}