{"id":6120,"date":"2017-07-19T07:01:39","date_gmt":"2017-07-19T07:01:39","guid":{"rendered":"https:\/\/colaw.vn\/work-permit\/"},"modified":"2025-06-02T06:31:38","modified_gmt":"2025-06-02T06:31:38","slug":"dinh-cu-uc-theo-dien-tay-nghe","status":"publish","type":"page","link":"https:\/\/immico.vn\/vi\/dinh-cu-uc-theo-dien-tay-nghe\/","title":{"rendered":"\u0110\u1ecbnh C\u01b0 \u00dac Theo Di\u1ec7n Tay Ngh\u1ec1"},"content":{"rendered":"<div class=\"wpb-content-wrapper\">[vc_row top_margin=&#8221;0&#8243; bottom_margin=&#8221;0&#8243; css=&#8221;.vc_custom_1499912039446{margin-top: -30px !important;}&#8221;][vc_column]<div class=\"shortcode-wrapper shortcode-title clearfix hb-animate-element hb-fade-in\"><p style=\"color:#9a4c3c!important;border-color:#9a4c3c\" class=\"hb-text-large aligncenter\">\u0110\u1ecbnh C\u01b0 \u00dac Theo Di\u1ec7n Tay Ngh\u1ec1<\/p><\/div>[\/vc_column][\/vc_row][vc_row][vc_column][vc_column_text css=&#8221;&#8221;]\n<p style=\"text-align: justify;\">\u00dac l\u00e0 qu\u1ed1c gia c\u00f3 n\u1ec1n kinh t\u1ebf ph\u00e1t tri\u1ec3n m\u1ea1nh m\u1ebd v\u00e0 nhi\u1ec1u c\u01a1 h\u1ed9i vi\u1ec7c l\u00e0m h\u1ea5p d\u1eabn, t\u1ea1o n\u00ean nhu c\u1ea7u l\u1edbn \u0111\u1ed1i v\u1edbi lao \u0111\u1ed9ng c\u00f3 k\u1ef9 n\u0103ng cao. \u0110\u1ec3 h\u1ed7 tr\u1ee3 nh\u1eadp c\u01b0 di\u1ec7n tay ngh\u1ec1, Ch\u00ednh ph\u1ee7 \u00dac \u0111\u00e3 x\u00e2y d\u1ef1ng nhi\u1ec1u l\u1ef1a ch\u1ecdn visa ph\u00f9 h\u1ee3p cho lao \u0111\u1ed9ng c\u00f3 tr\u00ecnh \u0111\u1ed9:<\/p>\n<p style=\"text-align: justify;\"><strong>Subclass 189: Visa tay ngh\u1ec1 \u0111\u1ed9c l\u1eadp<\/strong><\/p>\n<p style=\"text-align: justify;\">Visa tay ngh\u1ec1 \u0111\u1ed9c l\u1eadp (Subclass 189) l\u00e0 lo\u1ea1i visa th\u01b0\u1eddng tr\u00fa d\u1ef1a tr\u00ean thang \u0111i\u1ec3m, d\u00e0nh cho lao \u0111\u1ed9ng c\u00f3 k\u1ef9 n\u0103ng cao \u0111\u00e1p \u1ee9ng c\u00e1c y\u00eau c\u1ea7u v\u1ec1 chuy\u00ean m\u00f4n v\u00e0 k\u1ef9 n\u0103ng c\u1ee7a c\u00e1c ti\u1ec3u bang v\u00e0 v\u00f9ng l\u00e3nh th\u1ed5 \u00dac.<\/p>\n<p style=\"text-align: justify;\">&#8211; \u0110\u1ecbnh c\u01b0 v\u0129nh vi\u1ec5n t\u1ea1i \u00dac<\/p>\n<p style=\"text-align: justify;\">&#8211; T\u1ef1 do l\u00e0m vi\u1ec7c v\u00e0 h\u1ecdc t\u1eadp tr\u00ean to\u00e0n l\u00e3nh th\u1ed5 \u00dac<\/p>\n<p style=\"text-align: justify;\">&#8211; Quy\u1ec1n \u0111\u0103ng k\u00fd ch\u01b0\u01a1ng tr\u00ecnh ch\u0103m s\u00f3c s\u1ee9c kh\u1ecfe c\u00f4ng c\u1ed9ng c\u1ee7a \u00dac<\/p>\n<p style=\"text-align: justify;\">&#8211; C\u01a1 h\u1ed9i xin nh\u1eadp qu\u1ed1c t\u1ecbch \u00dac (n\u1ebfu \u0111\u1ee7 \u0111i\u1ec1u ki\u1ec7n)<\/p>\n<p style=\"text-align: justify;\"><strong>Subclass 190: Visa tay ngh\u1ec1 c\u00f3 b\u1ea3o l\u00e3nh<\/strong><\/p>\n<p style=\"text-align: justify;\">Visa tay ngh\u1ec1 c\u00f3 b\u1ea3o l\u00e3nh (Subclass 190) l\u00e0 visa th\u01b0\u1eddng tr\u00fa d\u1ef1a tr\u00ean thang \u0111i\u1ec3m, d\u00e0nh cho lao \u0111\u1ed9ng c\u00f3 k\u1ef9 n\u0103ng \u0111\u01b0\u1ee3c \u0111\u1ec1 c\u1eed b\u1edfi ch\u00ednh quy\u1ec1n ti\u1ec3u bang ho\u1eb7c v\u00f9ng l\u00e3nh th\u1ed5 \u00dac.<\/p>\n<p style=\"text-align: justify;\">&#8211; \u0110\u1ecbnh c\u01b0 v\u0129nh vi\u1ec5n t\u1ea1i \u00dac<\/p>\n<p style=\"text-align: justify;\">&#8211; Quy\u1ec1n l\u00e0m vi\u1ec7c v\u00e0 h\u1ecdc t\u1eadp tr\u00ean to\u00e0n n\u01b0\u1edbc \u00dac<\/p>\n<p style=\"text-align: justify;\">&#8211; Tham gia ch\u01b0\u01a1ng tr\u00ecnh ch\u0103m s\u00f3c s\u1ee9c kh\u1ecfe c\u00f4ng c\u1ed9ng c\u1ee7a \u00dac<\/p>\n<p style=\"text-align: justify;\">&#8211; Quy\u1ec1n h\u01b0\u1edfng c\u00e1c l\u1ee3i \u00edch an sinh x\u00e3 h\u1ed9i<\/p>\n<p style=\"text-align: justify;\">&#8211; C\u01a1 h\u1ed9i xin nh\u1eadp qu\u1ed1c t\u1ecbch \u00dac (n\u1ebfu \u0111\u1ee7 \u0111i\u1ec1u ki\u1ec7n)<\/p>\n<p style=\"text-align: justify;\"><strong>Subclass 489: Visa tay ngh\u1ec1 v\u00f9ng mi\u1ec1n (t\u1ea1m th\u1eddi)<\/strong><\/p>\n<p style=\"text-align: justify;\">Visa tay ngh\u1ec1 v\u00f9ng mi\u1ec1n (Subclass 489) l\u00e0 lo\u1ea1i visa t\u1ea1m th\u1eddi d\u00e0nh cho lao \u0111\u1ed9ng c\u00f3 k\u1ef9 n\u0103ng \u0111\u01b0\u1ee3c \u0111\u1ec1 c\u1eed b\u1edfi c\u01a1 quan ch\u00ednh ph\u1ee7 ti\u1ec3u bang\/v\u00f9ng l\u00e3nh th\u1ed5 ho\u1eb7c \u0111\u01b0\u1ee3c b\u1ea3o l\u00e3nh b\u1edfi ng\u01b0\u1eddi th\u00e2n \u0111\u1ee7 \u0111i\u1ec1u ki\u1ec7n.<\/p>\n<p style=\"text-align: justify;\">&#8211; \u1ede l\u1ea1i \u00dac t\u1ed1i \u0111a 4 n\u0103m<\/p>\n<p style=\"text-align: justify;\">&#8211; \u0110\u01b0\u1ee3c ph\u00e9p l\u00e0m vi\u1ec7c v\u00e0 h\u1ecdc t\u1eadp<\/p>\n<p style=\"text-align: justify;\">&#8211; Con \u0111\u01b0\u1eddng ti\u1ebfn \u0111\u1ebfn \u0111\u1ecbnh c\u01b0 v\u0129nh vi\u1ec5n<\/p>\n<p style=\"text-align: justify;\">&#8211; C\u00f3 th\u1ec3 bao g\u1ed3m c\u00e1c th\u00e0nh vi\u00ean gia \u0111\u00ecnh trong h\u1ed3 s\u01a1<\/p>\n<p style=\"text-align: justify;\"><strong>Subclass 491: Visa tay ngh\u1ec1 v\u00f9ng mi\u1ec1n (t\u1ea1m tr\u00fa)<\/strong><\/p>\n<p style=\"text-align: justify;\">Visa tay ngh\u1ec1 v\u00f9ng mi\u1ec1n t\u1ea1m tr\u00fa (Subclass 491) d\u00e0nh cho lao \u0111\u1ed9ng tay ngh\u1ec1 \u0111\u01b0\u1ee3c \u0111\u1ec1 c\u1eed b\u1edfi ch\u00ednh ph\u1ee7 ti\u1ec3u bang\/v\u00f9ng l\u00e3nh th\u1ed5 ho\u1eb7c \u0111\u01b0\u1ee3c b\u1ea3o l\u00e3nh b\u1edfi ng\u01b0\u1eddi th\u00e2n \u0111\u1ee7 \u0111i\u1ec1u ki\u1ec7n \u0111ang sinh s\u1ed1ng t\u1ea1i \u00dac.<\/p>\n<p style=\"text-align: justify;\">&#8211; \u1ede l\u1ea1i \u00dac t\u1ed1i \u0111a 5 n\u0103m<\/p>\n<p style=\"text-align: justify;\">&#8211; Quy\u1ec1n l\u00e0m vi\u1ec7c v\u00e0 h\u1ecdc t\u1eadp<\/p>\n<p style=\"text-align: justify;\">&#8211; Con \u0111\u01b0\u1eddng ti\u1ebfn \u0111\u1ebfn \u0111\u1ecbnh c\u01b0 v\u0129nh vi\u1ec5n<\/p>\n<p style=\"text-align: justify;\">&#8211; C\u00f3 th\u1ec3 bao g\u1ed3m c\u00e1c th\u00e0nh vi\u00ean gia \u0111\u00ecnh trong h\u1ed3 s\u01a1<\/p>\n[\/vc_column_text][\/vc_column][\/vc_row]\n<\/div>","protected":false},"excerpt":{"rendered":"<p>[vc_row top_margin=&#8221;0&#8243; bottom_margin=&#8221;0&#8243; css=&#8221;.vc_custom_1499912039446{margin-top: -30px !important;}&#8221;][vc_column][\/vc_column][\/vc_row][vc_row][vc_column][vc_column_text css=&#8221;&#8221;] \u00dac l\u00e0 qu\u1ed1c gia c\u00f3 n\u1ec1n kinh t\u1ebf ph\u00e1t tri\u1ec3n m\u1ea1nh m\u1ebd v\u00e0 nhi\u1ec1u c\u01a1 h\u1ed9i vi\u1ec7c l\u00e0m h\u1ea5p d\u1eabn, t\u1ea1o n\u00ean nhu c\u1ea7u l\u1edbn \u0111\u1ed1i v\u1edbi lao \u0111\u1ed9ng c\u00f3 k\u1ef9 n\u0103ng cao. \u0110\u1ec3 h\u1ed7 tr\u1ee3 nh\u1eadp c\u01b0 di\u1ec7n tay ngh\u1ec1, Ch\u00ednh ph\u1ee7 \u00dac \u0111\u00e3 x\u00e2y d\u1ef1ng nhi\u1ec1u [&hellip;]<\/p>\n","protected":false},"author":1,"featured_media":0,"parent":0,"menu_order":0,"comment_status":"closed","ping_status":"closed","template":"","meta":{"footnotes":""},"class_list":["post-6120","page","type-page","status-publish","hentry"],"_links":{"self":[{"href":"https:\/\/immico.vn\/vi\/wp-json\/wp\/v2\/pages\/6120","targetHints":{"allow":["GET"]}}],"collection":[{"href":"https:\/\/immico.vn\/vi\/wp-json\/wp\/v2\/pages"}],"about":[{"href":"https:\/\/immico.vn\/vi\/wp-json\/wp\/v2\/types\/page"}],"author":[{"embeddable":true,"href":"https:\/\/immico.vn\/vi\/wp-json\/wp\/v2\/users\/1"}],"replies":[{"embeddable":true,"href":"https:\/\/immico.vn\/vi\/wp-json\/wp\/v2\/comments?post=6120"}],"version-history":[{"count":6,"href":"https:\/\/immico.vn\/vi\/wp-json\/wp\/v2\/pages\/6120\/revisions"}],"predecessor-version":[{"id":10628,"href":"https:\/\/immico.vn\/vi\/wp-json\/wp\/v2\/pages\/6120\/revisions\/10628"}],"wp:attachment":[{"href":"https:\/\/immico.vn\/vi\/wp-json\/wp\/v2\/media?parent=6120"}],"curies":[{"name":"wp","href":"https:\/\/api.w.org\/{rel}","templated":true}]}}