{"id":6123,"date":"2017-07-19T07:00:11","date_gmt":"2017-07-19T07:00:11","guid":{"rendered":"https:\/\/colaw.vn\/notary-public-translation-certification\/"},"modified":"2025-05-14T08:16:05","modified_gmt":"2025-05-14T08:16:05","slug":"dinh-cu-theo-dien-dau-tu-kinh-doanh","status":"publish","type":"page","link":"https:\/\/immico.vn\/vi\/dinh-cu-theo-dien-dau-tu-kinh-doanh\/","title":{"rendered":"\u0110\u1ecbnh c\u01b0 theo di\u1ec7n \u0110\u1ea7u T\u01b0 \u2013 Kinh Doanh"},"content":{"rendered":"<div class=\"wpb-content-wrapper\">[vc_row top_margin=&#8221;0&#8243; bottom_margin=&#8221;0&#8243; css=&#8221;.vc_custom_1499912039446{margin-top: -30px !important;}&#8221;][vc_column]<div class=\"shortcode-wrapper shortcode-title clearfix hb-animate-element hb-fade-in\"><p style=\"color:#9a4c3c!important;border-color:#9a4c3c\" class=\"hb-text-large aligncenter\">\u0110\u1ecbnh C\u01b0 \u00dac Theo Di\u1ec7n \u0110\u1ea7u T\u01b0 \u2013 Kinh Doanh<\/p>\n<\/p><\/div>[\/vc_column][\/vc_row][vc_row][vc_column][vc_column_text css=&#8221;&#8221;]\n<p style=\"text-align: justify;\">\u00dac n\u1ed5i ti\u1ebfng v\u1edbi n\u1ec1n kinh t\u1ebf ph\u00e1t tri\u1ec3n m\u1ea1nh m\u1ebd, h\u1ec7 th\u1ed1ng an sinh x\u00e3 h\u1ed9i v\u01b0\u1ee3t tr\u1ed9i v\u00e0 ch\u1ea5t l\u01b0\u1ee3ng cu\u1ed9c s\u1ed1ng cao h\u00e0ng \u0111\u1ea7u th\u1ebf gi\u1edbi, tr\u1edf th\u00e0nh m\u1ed9t trong nh\u1eefng \u0111i\u1ec3m \u0111\u1ebfn \u0111\u1ecbnh c\u01b0 \u0111\u01b0\u1ee3c \u01b0a chu\u1ed9ng nh\u1ea5t to\u00e0n c\u1ea7u. Ch\u01b0\u01a1ng tr\u00ecnh \u0111\u1ecbnh c\u01b0 di\u1ec7n \u0111\u1ea7u t\u01b0 v\u00e0 kinh doanh cung c\u1ea5p con \u0111\u01b0\u1eddng ch\u00ednh th\u1ee9c v\u00e0 an to\u00e0n d\u00e0nh cho c\u00e1c doanh nh\u00e2n v\u00e0 nh\u00e0 \u0111\u1ea7u t\u01b0 qu\u1ed1c t\u1ebf \u0111\u00e1p \u1ee9ng c\u00e1c ti\u00eau ch\u00ed c\u1ee5 th\u1ec3 c\u1ee7a Ch\u00ednh ph\u1ee7 \u00dac.<\/p>\n<p style=\"text-align: justify;\"><strong>\u0110i\u1ec1u ki\u1ec7n tham gia<\/strong><\/p>\n<p style=\"text-align: justify;\">Ch\u01b0\u01a1ng tr\u00ecnh n\u00e0y d\u00e0nh ri\u00eang cho c\u00e1c ch\u1ee7 doanh nghi\u1ec7p v\u00e0 nh\u00e0 \u0111\u1ea7u t\u01b0 c\u00f3 t\u1ed5ng gi\u00e1 tr\u1ecb t\u00e0i s\u1ea3n t\u1ed1i thi\u1ec3u 1,25 tri\u1ec7u \u0111\u00f4-la \u00dac (t\u01b0\u01a1ng \u0111\u01b0\u01a1ng kho\u1ea3ng 21 t\u1ef7 \u0111\u1ed3ng Vi\u1ec7t Nam). C\u00e1c \u1ee9ng vi\u00ean \u0111\u1ee7 \u0111i\u1ec1u ki\u1ec7n c\u1ea7n c\u00f3 kinh nghi\u1ec7m qu\u1ea3n l\u00fd doanh nghi\u1ec7p, l\u1ecbch s\u1eed \u0111\u1ea7u t\u01b0 th\u00e0nh c\u00f4ng ho\u1eb7c s\u1eb5n s\u00e0ng \u0111\u1ea7u t\u01b0 t\u1ed1i thi\u1ec3u 5 tri\u1ec7u \u0111\u00f4-la \u00dac (kho\u1ea3ng 84 t\u1ef7 \u0111\u1ed3ng Vi\u1ec7t Nam) v\u00e0o \u00dac.<\/p>\n<p style=\"text-align: justify;\"><strong>C\u00e1c lo\u1ea1i Visa<\/strong><\/p>\n<p style=\"text-align: justify;\">Ch\u01b0\u01a1ng tr\u00ecnh bao g\u1ed3m ba di\u1ec7n visa ch\u00ednh, m\u1ed7i di\u1ec7n \u0111\u1ec1u c\u00f3 l\u1ef1a ch\u1ecdn visa t\u1ea1m tr\u00fa v\u00e0 th\u01b0\u1eddng tr\u00fa:<\/p>\n<table width=\"699\">\n<tbody>\n<tr>\n<td width=\"171\"><strong>Visa T\u1ea1m tr\u00fa<\/strong><\/td>\n<td width=\"213\"><strong>Visa Th\u01b0\u1eddng tr\u00fa<\/strong><\/td>\n<td width=\"316\"><strong>Di\u1ec7n Visa<\/strong><\/td>\n<\/tr>\n<tr>\n<td width=\"171\"><a href=\"https:\/\/immico.vn\/visa-188a-visa-tam-tru-doanh-nhan-doi-moi\/\">Subclass 188A<\/a><\/td>\n<td width=\"213\"><a href=\"https:\/\/immico.vn\/visa-888a-visa-thuong-tru-doanh-nhan-doi-moi\/\">Subclass 888A<\/a><\/td>\n<td width=\"316\">Di\u1ec7n \u0111\u1ed5i m\u1edbi Kinh doanh<\/td>\n<\/tr>\n<tr>\n<td width=\"171\"><a href=\"https:\/\/immico.vn\/visa-188b-visa-tam-tru-visa-dien-dau-tu-vao-cac-quy-duoc-chi-dinh\/\">Subclass 188B<\/a><\/td>\n<td width=\"213\"><a href=\"https:\/\/immico.vn\/visa-888b-visa-thuong-tru-visa-dien-dau-tu-vao-cac-quy-duoc-chi-dinh\/\">Subclass 888B<\/a><\/td>\n<td width=\"316\">Di\u1ec7n Nh\u00e0 \u0111\u1ea7u t\u01b0<\/td>\n<\/tr>\n<tr>\n<td width=\"171\"><a href=\"https:\/\/immico.vn\/visa-188c-visa-tam-tru-visa-dien-dau-tu-trong-yeu\/\">Subclass 188C<\/a><\/td>\n<td width=\"213\"><a href=\"https:\/\/immico.vn\/visa-888c-visa-thuong-tru-visa-dien-dau-tu-trong-yeu\/\">Subclass 888C<\/a><\/td>\n<td width=\"316\">Di\u1ec7n Nh\u00e0 \u0111\u1ea7u t\u01b0 l\u1edbn (Significant)<\/td>\n<\/tr>\n<\/tbody>\n<\/table>\n<p style=\"text-align: justify;\">M\u1ed7i lo\u1ea1i visa \u0111\u01b0\u1ee3c thi\u1ebft k\u1ebf nh\u1eb1m \u0111\u00e1p \u1ee9ng c\u00e1c ho\u1ea1t \u0111\u1ed9ng kinh doanh v\u00e0 quy m\u00f4 \u0111\u1ea7u t\u01b0 kh\u00e1c nhau, t\u1ea1o s\u1ef1 linh ho\u1ea1t v\u00e0 \u0111a d\u1ea1ng h\u00f3a con \u0111\u01b0\u1eddng \u0111\u1ec3 nh\u00e0 \u0111\u1ea7u t\u01b0 \u0111\u1ea1t \u0111\u01b0\u1ee3c quy\u1ec1n c\u01b0 tr\u00fa v\u00e0 qu\u1ed1c t\u1ecbch \u00dac.<\/p>\n[\/vc_column_text][\/vc_column][\/vc_row]\n<\/div>","protected":false},"excerpt":{"rendered":"<p>[vc_row top_margin=&#8221;0&#8243; bottom_margin=&#8221;0&#8243; css=&#8221;.vc_custom_1499912039446{margin-top: -30px !important;}&#8221;][vc_column][\/vc_column][\/vc_row][vc_row][vc_column][vc_column_text css=&#8221;&#8221;] \u00dac n\u1ed5i ti\u1ebfng v\u1edbi n\u1ec1n kinh t\u1ebf ph\u00e1t tri\u1ec3n m\u1ea1nh m\u1ebd, h\u1ec7 th\u1ed1ng an sinh x\u00e3 h\u1ed9i v\u01b0\u1ee3t tr\u1ed9i v\u00e0 ch\u1ea5t l\u01b0\u1ee3ng cu\u1ed9c s\u1ed1ng cao h\u00e0ng \u0111\u1ea7u th\u1ebf gi\u1edbi, tr\u1edf th\u00e0nh m\u1ed9t trong nh\u1eefng \u0111i\u1ec3m \u0111\u1ebfn \u0111\u1ecbnh c\u01b0 \u0111\u01b0\u1ee3c \u01b0a chu\u1ed9ng nh\u1ea5t to\u00e0n c\u1ea7u. Ch\u01b0\u01a1ng tr\u00ecnh \u0111\u1ecbnh c\u01b0 [&hellip;]<\/p>\n","protected":false},"author":1,"featured_media":0,"parent":0,"menu_order":0,"comment_status":"closed","ping_status":"closed","template":"","meta":{"footnotes":""},"class_list":["post-6123","page","type-page","status-publish","hentry"],"_links":{"self":[{"href":"https:\/\/immico.vn\/vi\/wp-json\/wp\/v2\/pages\/6123","targetHints":{"allow":["GET"]}}],"collection":[{"href":"https:\/\/immico.vn\/vi\/wp-json\/wp\/v2\/pages"}],"about":[{"href":"https:\/\/immico.vn\/vi\/wp-json\/wp\/v2\/types\/page"}],"author":[{"embeddable":true,"href":"https:\/\/immico.vn\/vi\/wp-json\/wp\/v2\/users\/1"}],"replies":[{"embeddable":true,"href":"https:\/\/immico.vn\/vi\/wp-json\/wp\/v2\/comments?post=6123"}],"version-history":[{"count":6,"href":"https:\/\/immico.vn\/vi\/wp-json\/wp\/v2\/pages\/6123\/revisions"}],"predecessor-version":[{"id":10141,"href":"https:\/\/immico.vn\/vi\/wp-json\/wp\/v2\/pages\/6123\/revisions\/10141"}],"wp:attachment":[{"href":"https:\/\/immico.vn\/vi\/wp-json\/wp\/v2\/media?parent=6123"}],"curies":[{"name":"wp","href":"https:\/\/api.w.org\/{rel}","templated":true}]}}