{"id":6126,"date":"2017-07-19T06:55:49","date_gmt":"2017-07-19T06:55:49","guid":{"rendered":"https:\/\/colaw.vn\/supply-of-your-own-lawyer\/"},"modified":"2025-05-16T09:11:06","modified_gmt":"2025-05-16T09:11:06","slug":"visa-du-lich-uc","status":"publish","type":"page","link":"https:\/\/immico.vn\/vi\/visa-du-lich-uc\/","title":{"rendered":"Visa Du L\u1ecbch \u00dac"},"content":{"rendered":"<div class=\"wpb-content-wrapper\">[vc_row top_margin=&#8221;0&#8243; bottom_margin=&#8221;0&#8243; css=&#8221;.vc_custom_1499912039446{margin-top: -30px !important;}&#8221;][vc_column]<div class=\"shortcode-wrapper shortcode-title clearfix hb-animate-element hb-fade-in\"><p style=\"color:#9a4c3c!important;border-color:#9a4c3c\" class=\"hb-text-large aligncenter\"> Visa Du L\u1ecbch \u00dac<\/p><\/div>[\/vc_column][\/vc_row][vc_row][vc_column][vc_column_text css=&#8221;&#8221;]\n<p style=\"text-align: justify;\"><strong>Visa du l\u1ecbch \u00dac (Subclass 600)<\/strong><\/p>\n<p style=\"text-align: justify;\">Visa du l\u1ecbch \u00dac (Subclass 600) l\u00e0 lo\u1ea1i visa t\u1ea1m th\u1eddi c\u1ea7n thi\u1ebft \u0111\u1ec3 nh\u1eadp c\u1ea3nh \u00dac, ph\u00f9 h\u1ee3p cho kh\u00e1ch du l\u1ecbch, h\u00e0nh kh\u00e1ch du thuy\u1ec1n ho\u1eb7c nh\u1eefng ng\u01b0\u1eddi t\u1edbi th\u0103m gia \u0111\u00ecnh v\u00e0 b\u1ea1n b\u00e8.<\/p>\n<p style=\"text-align: justify;\">Visa n\u00e0y kh\u00f4ng c\u00f3 m\u00e3 v\u1ea1ch ho\u1eb7c m\u00e3 QR m\u00e0 ch\u1ec9 ghi nh\u1eadn th\u00f4ng tin v\u1ec1 ng\u01b0\u1eddi du l\u1ecbch v\u00e0 c\u00e1c \u0111i\u1ec1u ki\u1ec7n c\u1ee7a visa. Trong m\u1ed9t s\u1ed1 tr\u01b0\u1eddng h\u1ee3p, c\u01a1 quan di tr\u00fa \u00dac c\u00f3 th\u1ec3 y\u00eau c\u1ea7u cung c\u1ea5p th\u00eam th\u00f4ng tin qua \u0111i\u1ec7n tho\u1ea1i ho\u1eb7c ph\u1ecfng v\u1ea5n tr\u1ef1c ti\u1ebfp.<\/p>\n<p style=\"text-align: justify;\"><strong>C\u00e1c \u0111i\u1ec3m n\u1ed5i b\u1eadt:<\/strong><\/p>\n<p>&#8211; B\u1ea1n c\u00f3 th\u1ec3 n\u1ed9p \u0111\u01a1n xin visa khi \u0111ang \u1edf trong ho\u1eb7c ngo\u00e0i l\u00e3nh th\u1ed5 \u00dac.<\/p>\n<p>&#8211; Visa n\u00e0y kh\u00f4ng cho ph\u00e9p b\u1ea1n l\u00e0m vi\u1ec7c ho\u1eb7c h\u1ecdc t\u1eadp t\u1ea1i \u00dac qu\u00e1 th\u1eddi h\u1ea1n 3 th\u00e1ng.<\/p>\n<p>&#8211; C\u00e1c lo\u1ea1i visa c\u1ee5 th\u1ec3 bao g\u1ed3m: Du l\u1ecbch, Th\u0103m th\u00e2n c\u00f3 b\u1ea3o l\u00e3nh, \u0110i c\u00f4ng t\u00e1c, \u0110i theo di\u1ec7n \u0110\u01b0\u1ee3c ph\u00ea duy\u1ec7t \u0111i\u1ec3m \u0111\u1ebfn v\u00e0 Du l\u1ecbch th\u01b0\u1eddng xuy\u00ean.<\/p>\n<p>&#8211; Th\u1eddi h\u1ea1n l\u01b0u tr\u00fa th\u00f4ng th\u01b0\u1eddng t\u1eeb 3, 6 ho\u1eb7c 12 th\u00e1ng.<\/p>\n<p style=\"text-align: justify;\"><strong>C\u00e1c \u0111i\u1ec1u ki\u1ec7n \u0111\u1ee7 \u0111i\u1ec1u ki\u1ec7n ch\u00ednh:<\/strong><\/p>\n<p>&#8211; \u0110\u00e1p \u1ee9ng c\u00e1c ti\u00eau ch\u00ed c\u1ee5 th\u1ec3 li\u00ean quan \u0111\u1ebfn di\u1ec7n visa m\u00e0 b\u1ea1n \u0111\u0103ng k\u00fd.<\/p>\n<p>&#8211; Th\u1ecfa m\u00e3n y\u00eau c\u1ea7u l\u01b0u tr\u00fa t\u1ea1m th\u1eddi.<\/p>\n<p>&#8211; Ch\u1ee9ng minh \u0111\u1ee7 kh\u1ea3 n\u0103ng t\u00e0i ch\u00ednh \u0111\u1ec3 trang tr\u1ea3i chi ph\u00ed khi l\u01b0u tr\u00fa t\u1ea1i \u00dac.<\/p>\n<p>&#8211; \u0110\u00e1p \u1ee9ng c\u00e1c ti\u00eau ch\u00ed v\u1ec1 L\u1ee3i \u00edch C\u00f4ng c\u1ed9ng v\u00e0 Quy \u0111\u1ecbnh Quay tr\u1edf l\u1ea1i \u0110\u1eb7c bi\u1ec7t.<\/p>\n<p>&#8211; \u0110\u00e1p \u1ee9ng c\u00e1c y\u00eau c\u1ea7u v\u1ec1 s\u1ee9c kh\u1ecfe v\u00e0 t\u01b0 c\u00e1ch \u0111\u1ea1o \u0111\u1ee9c theo quy \u0111\u1ecbnh c\u1ee7a ch\u00ednh ph\u1ee7 \u00dac.[\/vc_column_text][\/vc_column][\/vc_row]\n<\/div>","protected":false},"excerpt":{"rendered":"<p>[vc_row top_margin=&#8221;0&#8243; bottom_margin=&#8221;0&#8243; css=&#8221;.vc_custom_1499912039446{margin-top: -30px !important;}&#8221;][vc_column][\/vc_column][\/vc_row][vc_row][vc_column][vc_column_text css=&#8221;&#8221;] Visa du l\u1ecbch \u00dac (Subclass 600) Visa du l\u1ecbch \u00dac (Subclass 600) l\u00e0 lo\u1ea1i visa t\u1ea1m th\u1eddi c\u1ea7n thi\u1ebft \u0111\u1ec3 nh\u1eadp c\u1ea3nh \u00dac, ph\u00f9 h\u1ee3p cho kh\u00e1ch du l\u1ecbch, h\u00e0nh kh\u00e1ch du thuy\u1ec1n ho\u1eb7c nh\u1eefng ng\u01b0\u1eddi t\u1edbi th\u0103m gia \u0111\u00ecnh v\u00e0 b\u1ea1n b\u00e8. Visa n\u00e0y kh\u00f4ng c\u00f3 m\u00e3 [&hellip;]<\/p>\n","protected":false},"author":1,"featured_media":0,"parent":0,"menu_order":0,"comment_status":"closed","ping_status":"closed","template":"","meta":{"footnotes":""},"class_list":["post-6126","page","type-page","status-publish","hentry"],"_links":{"self":[{"href":"https:\/\/immico.vn\/vi\/wp-json\/wp\/v2\/pages\/6126","targetHints":{"allow":["GET"]}}],"collection":[{"href":"https:\/\/immico.vn\/vi\/wp-json\/wp\/v2\/pages"}],"about":[{"href":"https:\/\/immico.vn\/vi\/wp-json\/wp\/v2\/types\/page"}],"author":[{"embeddable":true,"href":"https:\/\/immico.vn\/vi\/wp-json\/wp\/v2\/users\/1"}],"replies":[{"embeddable":true,"href":"https:\/\/immico.vn\/vi\/wp-json\/wp\/v2\/comments?post=6126"}],"version-history":[{"count":6,"href":"https:\/\/immico.vn\/vi\/wp-json\/wp\/v2\/pages\/6126\/revisions"}],"predecessor-version":[{"id":10195,"href":"https:\/\/immico.vn\/vi\/wp-json\/wp\/v2\/pages\/6126\/revisions\/10195"}],"wp:attachment":[{"href":"https:\/\/immico.vn\/vi\/wp-json\/wp\/v2\/media?parent=6126"}],"curies":[{"name":"wp","href":"https:\/\/api.w.org\/{rel}","templated":true}]}}