{"id":6128,"date":"2017-07-19T07:02:38","date_gmt":"2017-07-19T07:02:38","guid":{"rendered":"https:\/\/colaw.vn\/temporary-residence-card\/"},"modified":"2025-05-15T06:21:05","modified_gmt":"2025-05-15T06:21:05","slug":"dinh-cu-theo-dien-than-nhan","status":"publish","type":"page","link":"https:\/\/immico.vn\/vi\/dinh-cu-theo-dien-than-nhan\/","title":{"rendered":"\u0110\u1ecbnh c\u01b0 theo di\u1ec7n Th\u00e2n Nh\u00e2n"},"content":{"rendered":"<div class=\"wpb-content-wrapper\">[vc_row top_margin=&#8221;0&#8243; bottom_margin=&#8221;0&#8243; css=&#8221;.vc_custom_1499912039446{margin-top: -30px !important;}&#8221;][vc_column]<div class=\"shortcode-wrapper shortcode-title clearfix hb-animate-element hb-fade-in\"><p style=\"color:#9a4c3c!important;border-color:#9a4c3c\" class=\"hb-text-large aligncenter\">\u0110\u1ecbnh c\u01b0 \u00dac di\u1ec7n b\u1ea3o l\u00e3nh th\u00e2n nh\u00e2n<\/p><\/div>[\/vc_column][\/vc_row][vc_row][vc_column][vc_column_text css=&#8221;&#8221;]\n<p style=\"text-align: justify;\">Visa b\u1ea3o l\u00e3nh th\u00e2n nh\u00e2n cho ph\u00e9p c\u00e1 nh\u00e2n \u0111\u1ee7 \u0111i\u1ec1u ki\u1ec7n b\u1ea3o l\u00e3nh ng\u01b0\u1eddi th\u00e2n sang \u00dac v\u1edbi m\u1ee5c \u0111\u00edch t\u1ea1m tr\u00fa ho\u1eb7c \u0111\u1ecbnh c\u01b0 l\u00e2u d\u00e0i. M\u1ed9t s\u1ed1 visa t\u1ea1m th\u1eddi nh\u01b0 Visa b\u1ea3o l\u00e3nh gia \u0111\u00ecnh di\u1ec7n 491 c\u0169ng t\u1ea1o \u0111i\u1ec1u ki\u1ec7n \u0111\u1ec3 chuy\u1ec3n ti\u1ebfp sang th\u01b0\u1eddng tr\u00fa. Ng\u01b0\u1eddi b\u1ea3o l\u00e3nh ch\u1ecbu tr\u00e1ch nhi\u1ec7m \u0111\u1ea3m b\u1ea3o ng\u01b0\u1eddi th\u00e2n \u0111\u01b0\u1ee3c h\u1ed7 tr\u1ee3 \u0111\u1ea7y \u0111\u1ee7 trong giai \u0111o\u1ea1n \u0111\u1ea7u \u1ed5n \u0111\u1ecbnh cu\u1ed9c s\u1ed1ng t\u1ea1i \u00dac, nh\u1eb1m tr\u00e1nh tr\u1edf th\u00e0nh g\u00e1nh n\u1eb7ng cho ngu\u1ed3n l\u1ef1c c\u00f4ng c\u1ed9ng c\u1ee7a \u00dac. \u0110\u1ed1i v\u1edbi c\u00e1c lo\u1ea1i visa t\u1ea1m th\u1eddi, ng\u01b0\u1eddi b\u1ea3o l\u00e3nh c\u00f2n ph\u1ea3i \u0111\u1ea3m b\u1ea3o ng\u01b0\u1eddi th\u00e2n tu\u00e2n th\u1ee7 c\u00e1c \u0111i\u1ec1u ki\u1ec7n visa v\u00e0 r\u1eddi kh\u1ecfi \u00dac khi visa h\u1ebft h\u1ea1n.<\/p>\n<p style=\"text-align: justify;\">C\u00f3 nhi\u1ec1u lo\u1ea1i visa b\u1ea3o l\u00e3nh th\u00e2n nh\u00e2n ph\u00f9 h\u1ee3p v\u1edbi c\u00e1c ho\u00e0n c\u1ea3nh, m\u1ee5c \u0111\u00edch v\u00e0 y\u00eau c\u1ea7u kh\u00e1c nhau. \u0110\u1ec3 \u0111\u1ee7 \u0111i\u1ec1u ki\u1ec7n \u0111\u01b0\u1ee3c c\u1ea5p visa, ng\u01b0\u1eddi th\u00e2n ph\u1ea3i \u0111\u00e1p \u1ee9ng \u0111\u1ea7y \u0111\u1ee7 c\u00e1c ti\u00eau ch\u00ed v\u1ec1 h\u1ed3 s\u01a1 v\u00e0 \u0111i\u1ec1u ki\u1ec7n c\u1ea5p visa. Ng\u01b0\u1eddi b\u1ea3o l\u00e3nh c\u0169ng ph\u1ea3i \u0111\u00e1p \u1ee9ng nh\u1eefng y\u00eau c\u1ea7u c\u1ee5 th\u1ec3 t\u00f9y v\u00e0o t\u1eebng lo\u1ea1i visa.<\/p>\n<p style=\"text-align: justify;\"><strong>C\u00e1c \u0111i\u1ec1u ki\u1ec7n b\u1ea3o l\u00e3nh ph\u1ed5 bi\u1ebfn g\u1ed3m:<\/strong><\/p>\n<p style=\"text-align: justify;\">&#8211; M\u1ed1i quan h\u1ec7 h\u1ee3p l\u1ec7 v\u1edbi ng\u01b0\u1eddi \u0111\u01b0\u1ee3c b\u1ea3o l\u00e3nh (v\u1ee3\/ch\u1ed3ng, cha m\u1eb9, con c\u00e1i, v.v.).<\/p>\n<p style=\"text-align: justify;\">&#8211; T\u00ecnh tr\u1ea1ng nh\u1eadp c\u01b0 c\u1ee7a ng\u01b0\u1eddi b\u1ea3o l\u00e3nh (c\u00f4ng d\u00e2n \u00dac, th\u01b0\u1eddng tr\u00fa nh\u00e2n ho\u1eb7c c\u00f4ng d\u00e2n New Zealand \u0111\u1ee7 \u0111i\u1ec1u ki\u1ec7n).<\/p>\n<p style=\"text-align: justify;\">&#8211; T\u00ecnh tr\u1ea1ng c\u01b0 tr\u00fa t\u1ea1i \u00dac (\u0111\u00e3 \u0111\u1ecbnh c\u01b0 v\u00e0\/ho\u1eb7c th\u01b0\u1eddng tr\u00fa).<\/p>\n<p style=\"text-align: justify;\">&#8211; Gi\u1edbi h\u1ea1n s\u1ed1 l\u1ea7n \u0111\u01b0\u1ee3c b\u1ea3o l\u00e3nh (\u00e1p d\u1ee5ng h\u1ea1n ch\u1ebf s\u1ed1 l\u1ea7n b\u1ea3o l\u00e3nh ng\u01b0\u1eddi th\u00e2n).<\/p>\n<p style=\"text-align: justify;\">&#8211; Y\u00eau c\u1ea7u \u0111\u1ed9 tu\u1ed5i (th\u00f4ng th\u01b0\u1eddng t\u1eeb 18 tu\u1ed5i tr\u1edf l\u00ean).<\/p>\n<p style=\"text-align: justify;\">&#8211; Y\u00eau c\u1ea7u v\u1ec1 nh\u00e2n th\u00e2n.<\/p>\n<p style=\"text-align: justify;\"><strong>C\u00e1c lo\u1ea1i visa b\u1ea3o l\u00e3nh th\u00e2n nh\u00e2n ch\u00ednh:<\/strong><\/p>\n<p style=\"text-align: justify;\">&#8211; Visa v\u1ee3 ch\u1ed3ng v\u00e0 h\u00f4n nh\u00e2n<\/p>\n<p style=\"text-align: justify;\">&#8211; Visa cha m\u1eb9<\/p>\n<p style=\"text-align: justify;\">&#8211; Visa con c\u00e1i<\/p>\n<p style=\"text-align: justify;\">&#8211; Visa th\u00e2n nh\u00e2n ph\u1ee5 thu\u1ed9c, th\u00e2n nh\u00e2n cu\u1ed1i c\u00f9ng, ng\u01b0\u1eddi ch\u0103m s\u00f3c v\u00e0 tr\u1ebb m\u1ed3 c\u00f4i<\/p>\n<p style=\"text-align: justify;\">&#8211; Visa du l\u1ecbch<\/p>\n<p style=\"text-align: justify;\">&#8211; Visa di\u1ec7n tay ngh\u1ec1 v\u00f9ng mi\u1ec1n<\/p>\n<p style=\"text-align: justify;\">N\u1ed9i dung n\u00e0y cung c\u1ea5p th\u00f4ng tin t\u1ed5ng quan v\u00e0 c\u00e1c y\u00eau c\u1ea7u c\u01a1 b\u1ea3n li\u00ean quan \u0111\u1ebfn vi\u1ec7c b\u1ea3o l\u00e3nh th\u00e2n nh\u00e2n \u0111\u1ecbnh c\u01b0 t\u1ea1i \u00dac.<\/p>\n[\/vc_column_text][\/vc_column][\/vc_row]\n<\/div>","protected":false},"excerpt":{"rendered":"<p>[vc_row top_margin=&#8221;0&#8243; bottom_margin=&#8221;0&#8243; css=&#8221;.vc_custom_1499912039446{margin-top: -30px !important;}&#8221;][vc_column][\/vc_column][\/vc_row][vc_row][vc_column][vc_column_text css=&#8221;&#8221;] Visa b\u1ea3o l\u00e3nh th\u00e2n nh\u00e2n cho ph\u00e9p c\u00e1 nh\u00e2n \u0111\u1ee7 \u0111i\u1ec1u ki\u1ec7n b\u1ea3o l\u00e3nh ng\u01b0\u1eddi th\u00e2n sang \u00dac v\u1edbi m\u1ee5c \u0111\u00edch t\u1ea1m tr\u00fa ho\u1eb7c \u0111\u1ecbnh c\u01b0 l\u00e2u d\u00e0i. M\u1ed9t s\u1ed1 visa t\u1ea1m th\u1eddi nh\u01b0 Visa b\u1ea3o l\u00e3nh gia \u0111\u00ecnh di\u1ec7n 491 c\u0169ng t\u1ea1o \u0111i\u1ec1u ki\u1ec7n \u0111\u1ec3 chuy\u1ec3n ti\u1ebfp [&hellip;]<\/p>\n","protected":false},"author":1,"featured_media":0,"parent":0,"menu_order":0,"comment_status":"closed","ping_status":"closed","template":"","meta":{"footnotes":""},"class_list":["post-6128","page","type-page","status-publish","hentry"],"_links":{"self":[{"href":"https:\/\/immico.vn\/vi\/wp-json\/wp\/v2\/pages\/6128","targetHints":{"allow":["GET"]}}],"collection":[{"href":"https:\/\/immico.vn\/vi\/wp-json\/wp\/v2\/pages"}],"about":[{"href":"https:\/\/immico.vn\/vi\/wp-json\/wp\/v2\/types\/page"}],"author":[{"embeddable":true,"href":"https:\/\/immico.vn\/vi\/wp-json\/wp\/v2\/users\/1"}],"replies":[{"embeddable":true,"href":"https:\/\/immico.vn\/vi\/wp-json\/wp\/v2\/comments?post=6128"}],"version-history":[{"count":6,"href":"https:\/\/immico.vn\/vi\/wp-json\/wp\/v2\/pages\/6128\/revisions"}],"predecessor-version":[{"id":10163,"href":"https:\/\/immico.vn\/vi\/wp-json\/wp\/v2\/pages\/6128\/revisions\/10163"}],"wp:attachment":[{"href":"https:\/\/immico.vn\/vi\/wp-json\/wp\/v2\/media?parent=6128"}],"curies":[{"name":"wp","href":"https:\/\/api.w.org\/{rel}","templated":true}]}}