{"id":6296,"date":"2017-07-10T07:43:14","date_gmt":"2017-07-10T07:43:14","guid":{"rendered":"https:\/\/colaw.vn\/about-us-2\/"},"modified":"2025-05-23T04:52:27","modified_gmt":"2025-05-23T04:52:27","slug":"gioi-thieu-immico","status":"publish","type":"page","link":"https:\/\/immico.vn\/vi\/gioi-thieu-immico\/","title":{"rendered":"Gi\u1edbi Thi\u1ec7u ImmiCo"},"content":{"rendered":"<div class=\"wpb-content-wrapper\">[vc_row fullwidth=&#8221;yes&#8221; top_margin=&#8221;0&#8243; bottom_margin=&#8221;0&#8243; css=&#8221;.vc_custom_1502090911090{margin-top: -50px !important;margin-bottom: 0px !important;}&#8221; background_color=&#8221;#658881&#8243;][vc_column css_animation=&#8221;bounceInUp&#8221; el_class=&#8221;nbm light-medium-text&#8221;]<div class=\"shortcode-wrapper shortcode-title clearfix\"><h3 style=\"color:#ffffff!important;border-color:#ffffff\" class=\"hb-heading hb-center-heading aligncenter\"><span>V\u1ec1 Ch\u00fang T\u00f4i<\/span><\/h3><\/div>[vc_empty_space height=&#8221;15px&#8221;][vc_column_text css=&#8221;&#8221; el_class=&#8221;nbm&#8221;]<strong>\u0110\u1ed1i T\u00e1c \u0110\u00e1ng Tin C\u1eady C\u1ee7a B\u1ea1n Trong H\u00e0nh Tr\u00ecnh \u0110\u1ecbnh C\u01b0\u00a0<\/strong>\u2014<strong>\u00a0N\u01a1i Bi\u1ebfn \u01af\u1edbc M\u01a1 \u0110\u1ecbnh C\u01b0 Th\u00e0nh Hi\u1ec7n Th\u1ef1c<\/strong><\/p>\n<p>T\u1ea1i\u00a0<strong>ImmiCo<\/strong>, ch\u00fang t\u00f4i tin r\u1eb1ng m\u1ecdi h\u00e0nh tr\u00ecnh \u0111\u1ec1u x\u1ee9ng \u0111\u00e1ng c\u00f3 m\u1ed9t kh\u1edfi \u0111\u1ea7u su\u00f4n s\u1ebb. S\u1ee9 m\u1ec7nh c\u1ee7a ch\u00fang t\u00f4i l\u00e0 h\u1ed7 tr\u1ee3 c\u00e1c c\u00e1 nh\u00e2n v\u00e0 gia \u0111\u00ecnh v\u01b0\u1ee3t qua qu\u00e1 tr\u00ecnh \u0111\u1ecbnh c\u01b0 ph\u1ee9c t\u1ea1p m\u1ed9t c\u00e1ch r\u00f5 r\u00e0ng, t\u1ef1 tin v\u00e0 chu \u0111\u00e1o. D\u00f9 b\u1ea1n \u0111ang chu\u1ea9n b\u1ecb chuy\u1ec3n \u0111\u1ebfn m\u1ed9t n\u01a1i m\u1edbi \u0111\u1ec3 t\u00ecm ki\u1ebfm cu\u1ed9c s\u1ed1ng t\u1ed1t h\u01a1n, nhi\u1ec1u c\u01a1 h\u1ed9i h\u01a1n, hay \u0111\u1ec3 \u0111o\u00e0n t\u1ee5 v\u1edbi ng\u01b0\u1eddi th\u00e2n, ch\u00fang t\u00f4i lu\u00f4n s\u1eb5n s\u00e0ng \u0111\u1ed3ng h\u00e0nh c\u00f9ng b\u1ea1n \u2014 v\u1edbi m\u1ed9t\u00a0<strong>Gi\u1ea3i Ph\u00e1p \u0110\u1ecbnh C\u01b0 \u0110\u01a1n Gi\u1ea3n<\/strong>.<\/p>\n<p>Ch\u00fang t\u00f4i chuy\u00ean cung c\u1ea5p c\u00e1c d\u1ecbch v\u1ee5 di tr\u00fa to\u00e0n c\u1ea7u \u2014 h\u1ed7 tr\u1ee3 kh\u00e1ch h\u00e0ng t\u1eeb kh\u1eafp n\u01a1i tr\u00ean th\u1ebf gi\u1edbi \u0111\u1ecbnh c\u01b0 th\u00e0nh c\u00f4ng t\u1ea1i qu\u1ed1c gia m\u00e0 h\u1ecd mong mu\u1ed1n. T\u1eeb visa t\u1ea1m th\u1eddi \u0111\u1ebfn th\u01b0\u1eddng tr\u00fa nh\u00e2n, t\u1eeb \u0111o\u00e0n t\u1ee5 gia \u0111\u00ecnh \u0111\u1ebfn ch\u01b0\u01a1ng tr\u00ecnh \u0111\u1ea7u t\u01b0 v\u00e0 kinh doanh, c\u00e1c d\u1ecbch v\u1ee5 to\u00e0n di\u1ec7n c\u1ee7a ch\u00fang t\u00f4i lu\u00f4n \u0111\u01b0\u1ee3c \u0111i\u1ec1u ch\u1ec9nh ph\u00f9 h\u1ee3p v\u1edbi t\u1eebng m\u1ee5c ti\u00eau c\u00e1 nh\u00e2n c\u1ee7a kh\u00e1ch h\u00e0ng.<\/p>\n<p>\u0110i\u1ec1u t\u1ea1o n\u00ean s\u1ef1 kh\u00e1c bi\u1ec7t c\u1ee7a ch\u00fang t\u00f4i ch\u00ednh l\u00e0 con ng\u01b0\u1eddi. \u0110\u1ed9i ng\u0169 c\u1ee7a ch\u00fang t\u00f4i bao g\u1ed3m c\u00e1c chuy\u00ean vi\u00ean t\u01b0 v\u1ea5n di tr\u00fa, lu\u1eadt s\u01b0 v\u00e0 chuy\u00ean vi\u00ean h\u00e0nh ch\u00ednh gi\u00e0u kinh nghi\u1ec7m, am hi\u1ec3u s\u00e2u s\u1eafc c\u00e1c quy \u0111\u1ecbnh v\u00e0 lu\u1eadt di tr\u00fa, \u0111\u1ecbnh c\u01b0. Nhi\u1ec1u th\u00e0nh vi\u00ean trong \u0111\u1ed9i ng\u0169 \u0111\u00e3 t\u1eebng t\u1ef1 m\u00ecnh tr\u1ea3i qua h\u00e0nh tr\u00ecnh xin visa \u2014 ch\u00fang t\u00f4i hi\u1ec3u nh\u1eefng kh\u00f3 kh\u0103n v\u00e0 cam k\u1ebft s\u1ebd \u0111\u1ed3ng h\u00e0nh c\u00f9ng b\u1ea1n tr\u00ean t\u1eebng ch\u1eb7ng \u0111\u01b0\u1eddng.<\/p>\n<p>Ph\u01b0\u01a1ng ch\u00e2m l\u00e0m vi\u1ec7c c\u1ee7a ch\u00fang t\u00f4i d\u1ef1a tr\u00ean s\u1ef1\u00a0<strong>tin c\u1eady, minh b\u1ea1ch v\u00e0 hi\u1ec7u qu\u1ea3<\/strong>. Ch\u00fang t\u00f4i lu\u00f4n c\u1eadp nh\u1eadt ch\u00ednh s\u00e1ch di tr\u00fa m\u1edbi nh\u1ea5t v\u00e0 h\u1ee3p t\u00e1c v\u1edbi c\u00e1c chuy\u00ean gia \u0111\u01b0\u1ee3c c\u1ea5p ph\u00e9p tr\u00ean to\u00e0n c\u1ea7u \u0111\u1ec3 mang \u0111\u1ebfn nh\u1eefng l\u1eddi khuy\u00ean ch\u00ednh x\u00e1c v\u00e0 d\u1ecbch v\u1ee5 chuy\u00ean nghi\u1ec7p. Ch\u00fang t\u00f4i kh\u00f4ng ch\u1ec9 x\u1eed l\u00fd h\u1ed3 s\u01a1 \u2014 m\u00e0 c\u00f2n x\u00e2y d\u1ef1ng m\u1ed1i quan h\u1ec7 l\u00e2u d\u00e0i, h\u1ed7 tr\u1ee3 b\u1ea1n tr\u01b0\u1edbc, trong v\u00e0 sau khi \u0111\u1ecbnh c\u01b0.<\/p>\n<p>V\u1edbi\u00a0<strong>ImmiCo<\/strong>, B\u1ea1n kh\u00f4ng ch\u1ec9 l\u00e0 kh\u00e1ch h\u00e0ng \u2014 B\u1ea1n l\u00e0 m\u1ed9t ph\u1ea7n c\u1ee7a c\u1ed9ng \u0111\u1ed3ng to\u00e0n c\u1ea7u c\u1ee7a ch\u00fang t\u00f4i.<\/p>\n<p><strong>Ch\u00fang T\u00f4i H\u1ed7 Tr\u1ee3 Kh\u00e1ch H\u00e0ng \u0110\u1ecbnh C\u01b0 Tr\u00ean Kh\u1eafp Th\u1ebf Gi\u1edbi \u2014 V\u00e0 Ch\u00fang T\u00f4i T\u1ef1 H\u00e0o Khi \u0110\u01b0\u1ee3c \u0110\u1ed3ng H\u00e0nh C\u00f9ng B\u1ea1n.<\/strong>[\/vc_column_text][vc_empty_space][\/vc_column][\/vc_row]\n<\/div>","protected":false},"excerpt":{"rendered":"<p>[vc_row fullwidth=&#8221;yes&#8221; top_margin=&#8221;0&#8243; bottom_margin=&#8221;0&#8243; css=&#8221;.vc_custom_1502090911090{margin-top: -50px !important;margin-bottom: 0px !important;}&#8221; background_color=&#8221;#658881&#8243;][vc_column css_animation=&#8221;bounceInUp&#8221; el_class=&#8221;nbm light-medium-text&#8221;][vc_empty_space height=&#8221;15px&#8221;][vc_column_text css=&#8221;&#8221; el_class=&#8221;nbm&#8221;]\u0110\u1ed1i T\u00e1c \u0110\u00e1ng Tin C\u1eady C\u1ee7a B\u1ea1n Trong H\u00e0nh Tr\u00ecnh \u0110\u1ecbnh C\u01b0\u00a0\u2014\u00a0N\u01a1i Bi\u1ebfn \u01af\u1edbc M\u01a1 \u0110\u1ecbnh C\u01b0 Th\u00e0nh Hi\u1ec7n Th\u1ef1c T\u1ea1i\u00a0ImmiCo, ch\u00fang t\u00f4i tin r\u1eb1ng m\u1ecdi h\u00e0nh tr\u00ecnh \u0111\u1ec1u x\u1ee9ng \u0111\u00e1ng c\u00f3 m\u1ed9t kh\u1edfi \u0111\u1ea7u su\u00f4n s\u1ebb. S\u1ee9 m\u1ec7nh c\u1ee7a [&hellip;]<\/p>\n","protected":false},"author":1,"featured_media":0,"parent":0,"menu_order":0,"comment_status":"closed","ping_status":"closed","template":"","meta":{"footnotes":""},"class_list":["post-6296","page","type-page","status-publish","hentry"],"_links":{"self":[{"href":"https:\/\/immico.vn\/vi\/wp-json\/wp\/v2\/pages\/6296","targetHints":{"allow":["GET"]}}],"collection":[{"href":"https:\/\/immico.vn\/vi\/wp-json\/wp\/v2\/pages"}],"about":[{"href":"https:\/\/immico.vn\/vi\/wp-json\/wp\/v2\/types\/page"}],"author":[{"embeddable":true,"href":"https:\/\/immico.vn\/vi\/wp-json\/wp\/v2\/users\/1"}],"replies":[{"embeddable":true,"href":"https:\/\/immico.vn\/vi\/wp-json\/wp\/v2\/comments?post=6296"}],"version-history":[{"count":6,"href":"https:\/\/immico.vn\/vi\/wp-json\/wp\/v2\/pages\/6296\/revisions"}],"predecessor-version":[{"id":10491,"href":"https:\/\/immico.vn\/vi\/wp-json\/wp\/v2\/pages\/6296\/revisions\/10491"}],"wp:attachment":[{"href":"https:\/\/immico.vn\/vi\/wp-json\/wp\/v2\/media?parent=6296"}],"curies":[{"name":"wp","href":"https:\/\/api.w.org\/{rel}","templated":true}]}}