{"id":6304,"date":"2017-07-19T04:13:42","date_gmt":"2017-07-19T04:13:42","guid":{"rendered":"https:\/\/colaw.vn\/privacy-policy\/"},"modified":"2025-05-21T08:29:37","modified_gmt":"2025-05-21T08:29:37","slug":"chinh-sach-bao-mat","status":"publish","type":"page","link":"https:\/\/immico.vn\/vi\/chinh-sach-bao-mat\/","title":{"rendered":"Ch\u00ednh S\u00e1ch B\u1ea3o M\u1eadt"},"content":{"rendered":"<div class=\"wpb-content-wrapper\">[vc_row][vc_column]<div class=\"shortcode-wrapper shortcode-content-box clearfix\"><div class=\"hb-box-cont\"><div class=\"hb-box-cont-header\"><i class=\"hb-moon-certificate\"><\/i>CH\u00cdNH S\u00c1CH B\u1ea2O M\u1eacT<\/div><div class=\"hb-box-cont-body\">\n<p style=\"text-align: justify;\"><strong>C\u00f4ng ty Immi Co Law<\/strong> (\u201cImmiCo\u201d) t\u00f4n tr\u1ecdng quy\u1ec1n ri\u00eang t\u01b0 c\u00e1 nh\u00e2n c\u1ee7a kh\u00e1ch h\u00e0ng, nh\u00e0 cung c\u1ea5p, \u0111\u1ed1i t\u00e1c kinh doanh v\u00e0 b\u1ea5t k\u1ef3 b\u00ean n\u00e0o kh\u00e1c truy c\u1eadp trang web n\u00e0y. ImmiCo duy tr\u00ec c\u00e1c ti\u00eau chu\u1ea9n \u0111\u1ea1o \u0111\u1ee9c cao nh\u1ea5t trong ho\u1ea1t \u0111\u1ed9ng kinh doanh v\u00e0 tu\u00e2n th\u1ee7 lu\u1eadt b\u1ea3o m\u1eadt c\u1ee7a Vi\u1ec7t Nam v\u00e0 b\u1ea5t k\u1ef3 qu\u1ed1c gia n\u00e0o kh\u00e1c m\u00e0 ch\u00fang t\u00f4i c\u00f3 ho\u1ea1t \u0111\u1ed9ng.<\/p>\n<p style=\"text-align: justify;\">Ch\u00ednh s\u00e1ch B\u1ea3o m\u1eadt n\u00e0y quy \u0111\u1ecbnh c\u00e1ch ImmiCo s\u1eed d\u1ee5ng th\u00f4ng tin c\u1ee7a kh\u00e1ch h\u00e0ng khi kh\u00e1ch h\u00e0ng s\u1eed d\u1ee5ng trang web v\u00e0 d\u1ecbch v\u1ee5 c\u1ee7a ch\u00fang t\u00f4i.<\/p>\n<p style=\"text-align: justify;\">Th\u00f4ng tin ImmiCo c\u00f3 th\u1ec3 s\u1ebd thu th\u1eadp khi kh\u00e1ch h\u00e0ng s\u1eed d\u1ee5ng c\u00e1c d\u1ecbch v\u1ee5 c\u1ee7a ch\u00fang t\u00f4i:<\/p>\n<p>\u2022 Th\u00f4ng tin c\u00e1 nh\u00e2n<\/p>\n<p style=\"text-align: justify;\">ImmiCo s\u1ebd thu th\u1eadp th\u00f4ng tin c\u00e1 nh\u00e2n c\u1ea7n thi\u1ebft \u0111\u1ec3 t\u1ea1o t\u00e0i kho\u1ea3n s\u1eed d\u1ee5ng c\u00e1c d\u1ecbch v\u1ee5 c\u1ee7a ImmiCo, nh\u1eadn \u0111\u00e1nh gi\u00e1 mi\u1ec5n ph\u00ed, nh\u1eadn b\u00e1o gi\u00e1 mi\u1ec5n ph\u00ed v\u00e0 cung c\u1ea5p th\u00f4ng tin thanh to\u00e1n, nh\u01b0 t\u00ean, \u0111\u1ecba ch\u1ec9 email, \u0111\u1ecba ch\u1ec9 g\u1eedi th\u01b0, s\u1ed1 \u0111i\u1ec7n tho\u1ea1i v\u00e0 t\u00ean doanh nghi\u1ec7p (n\u1ebfu c\u00f3).<\/p>\n<p style=\"text-align: justify;\">\u2022 Th\u00f4ng tin th\u1ebb t\u00edn d\u1ee5ng<\/p>\n<p style=\"text-align: justify;\">\u0110\u1ed1i v\u1edbi vi\u1ec7c mua b\u1eb1ng th\u1ebb t\u00edn d\u1ee5ng, ImmiCo s\u1ebd c\u1ea7n c\u00f3 th\u00f4ng tin th\u1ebb t\u00edn d\u1ee5ng c\u1ee7a kh\u00e1ch h\u00e0ng \u0111\u1ec3 thanh to\u00e1n. Tuy nhi\u00ean, ImmiCo s\u1ebd kh\u00f4ng l\u01b0u th\u00f4ng tin th\u1ebb t\u00edn d\u1ee5ng c\u1ee7a kh\u00e1ch h\u00e0ng. T\u1ea5t c\u1ea3 c\u00e1c giao d\u1ecbch \u0111\u01b0\u1ee3c nh\u00e0 cung c\u1ea5p x\u1eed l\u00fd th\u1ebb t\u00edn d\u1ee5ng an to\u00e0n v\u00e0 b\u1ea3o m\u1eadt nh\u01b0 PayPal, mPos c\u00f3 m\u1ee9c \u0111\u1ed9 b\u1ea3o m\u1eadt tr\u1ef1c tuy\u1ebfn cao nh\u1ea5t hi\u1ec7n nay d\u00e0nh cho c\u00e1c doanh nghi\u1ec7p.<\/p>\n<p style=\"text-align: justify;\">\u2022 SSL<\/p>\n<p style=\"text-align: justify;\">ImmiCo s\u1eed d\u1ee5ng b\u1ea3o v\u1ec7 SSL (Secure Sockets Layer) tr\u00ean c\u00e1c trang web nh\u1eadp th\u00f4ng tin c\u00e1 nh\u00e2n. SSL t\u1ea1o ra k\u1ebft n\u1ed1i \u0111\u01b0\u1ee3c m\u00e3 h\u00f3a gi\u1eefa m\u00e1y ch\u1ee7 web c\u1ee7a ImmiCo v\u00e0 c\u00e1c tr\u00ecnh duy\u1ec7t c\u1ee7a kh\u00e1ch truy c\u1eadp, cho ph\u00e9p truy\u1ec1n th\u00f4ng tin c\u00e1 nh\u00e2n m\u00e0 kh\u00f4ng b\u1ecb nghe tr\u1ed9m, gi\u1ea3 m\u1ea1o d\u1eef li\u1ec7u ho\u1eb7c gi\u1ea3 m\u1ea1o tin nh\u1eafn, v\u00ec v\u1eady b\u1ea5t k\u1ef3 th\u00f4ng tin n\u00e0o kh\u00e1ch h\u00e0ng cung c\u1ea5p cho ch\u00fang t\u00f4i \u0111\u1ec1u \u0111\u01b0\u1ee3c \u0111\u1ea3m b\u1ea3o an to\u00e0n.<\/p>\n<p style=\"text-align: justify;\">Th\u00f4ng tin ImmiCo thu th\u1eadp \u0111\u01b0\u1ee3c khi truy c\u1eadp trang web ImmiCo.<\/p>\n<p style=\"text-align: justify;\">\u2022 Th\u00f4ng tin n\u1eb7c danh\/Ph\u00e2n t\u00edch h\u1ecdc<\/p>\n<p style=\"text-align: justify;\">ImmiCo c\u00f3 th\u1ec3 thu th\u1eadp th\u00f4ng tin n\u1eb7c danh (th\u00f4ng tin kh\u00f4ng nh\u1eadn d\u1ea1ng tr\u1ef1c ti\u1ebfp kh\u00e1ch h\u00e0ng). Th\u00f4ng tin n\u00e0y c\u00f3 th\u1ec3 \u0111\u01b0\u1ee3c cung c\u1ea5p t\u1ef1 nguy\u1ec7n ho\u1eb7c t\u1ef1 \u0111\u1ed9ng thu th\u1eadp \u0111\u01b0\u1ee3c, bao g\u1ed3m th\u00f4ng tin \u0111\u0103ng nh\u1eadp, th\u00f4ng tin v\u1ec1 tr\u00ecnh duy\u1ec7t v\u00e0 thi\u1ebft b\u1ecb, th\u00f4ng tin thu th\u1eadp \u0111\u01b0\u1ee3c t\u1eeb cookie, v\u00e0 c\u00e1c th\u00f4ng tin th\u1ed1ng k\u00ea v\u00e0\/ho\u1eb7c ph\u00e2n t\u00edch chung kh\u00e1c. Th\u00f4ng tin n\u00e0y \u0111\u01b0\u1ee3c thu th\u1eadp \u0111\u1ec3 c\u1ea3i thi\u1ec7n t\u00ednh n\u0103ng trang web v\u00e0 mang l\u1ea1i tr\u1ea3i nghi\u1ec7m t\u1ed1t h\u01a1n cho ng\u01b0\u1eddi d\u00f9ng. Th\u00f4ng tin thu th\u1eadp \u0111\u01b0\u1ee3c kh\u00f4ng th\u1ec3 x\u00e1c \u0111\u1ecbnh danh t\u00ednh c\u00e1 nh\u00e2n kh\u00e1ch h\u00e0ng.<\/p>\n<p style=\"text-align: justify;\">Th\u00f4ng tin ImmiCo c\u00f3 th\u1ec3 nh\u1eadn \u0111\u01b0\u1ee3c l\u00e0 m\u1ed9t ph\u1ea7n c\u1ee7a t\u01b0 v\u1ea5n \u0111\u00e1nh gi\u00e1, b\u00e1o gi\u00e1 ho\u1eb7c \u0111\u01a1n \u0111\u1eb7t h\u00e0ng.<\/p>\n<p style=\"text-align: justify;\"><strong>Tho\u1ea3 thu\u1eadn kh\u00f4ng ti\u1ebft l\u1ed9\/B\u1ea3o m\u1eadt<\/strong><\/p>\n<p style=\"text-align: justify;\">L\u00e0 m\u1ed9t ph\u1ea7n c\u1ee7a d\u1ecbch v\u1ee5 \u0110\u1ecbnh c\u01b0, Visa, d\u1ecbch v\u1ee5 Doanh nghi\u1ec7p, K\u1ebf to\u00e1n, D\u1ecbch thu\u1eadt v\u00e0 d\u1ecbch v\u1ee5 ph\u00e1p l\u00fd vi\u1ec7c x\u1eed l\u00fd c\u00e1c t\u00e0i li\u1ec7u doanh nghi\u1ec7p v\u00e0\/ho\u1eb7c c\u00e1 nh\u00e2n s\u1ebd d\u1eabn \u0111\u1ebfn vi\u1ec7c ImmiCo x\u1eed l\u00fd c\u00e1c t\u00e0i li\u1ec7u nh\u1ea1y c\u1ea3m. ImmiCo v\u00e0 lu\u1eadt s\u01b0 &amp; nh\u00e2n vi\u00ean \u0111\u00e3 k\u00fd h\u1ee3p \u0111\u1ed3ng s\u1ebd tu\u00e2n th\u1ee7 c\u00e1c tho\u1ea3 thu\u1eadn b\u1ea3o m\u1eadt v\u00e0 kh\u00f4ng ti\u1ebft l\u1ed9. C\u00e1c t\u00e0i li\u1ec7u ho\u1eb7c n\u1ed9i dung t\u00e0i li\u1ec7u c\u1ee7a kh\u00e1ch h\u00e0ng s\u1ebd kh\u00f4ng \u0111\u01b0\u1ee3c chia s\u1ebb v\u1edbi b\u1ea5t k\u1ef3 b\u00ean n\u00e0o ngo\u00e0i c\u00f4ng ty ch\u00fang t\u00f4i v\u00e0 lu\u1eadt s\u01b0 &amp; nh\u00e2n vi\u00ean \u0111\u01b0\u1ee3c giao nhi\u1ec7m v\u1ee5 x\u1eed l\u00fd t\u00e0i li\u1ec7u. Ngo\u00e0i ra, th\u00f4ng tin kh\u00e1c c\u1ee7a kh\u00e1ch h\u00e0ng kh\u00f4ng \u0111\u01b0\u1ee3c cung c\u1ea5p cho nh\u00e2n vi\u00ean ngo\u1ea1i tr\u1eeb nh\u1eefng th\u00f4ng tin c\u00f3 trong t\u00e0i li\u1ec7u \u0111\u01b0\u1ee3c x\u1eed l\u00fd. ImmiCo \u0111\u00e1nh gi\u00e1 cao s\u1ef1 ri\u00eang t\u01b0 v\u00e0 b\u1ea3o m\u1eadt c\u1ee7a kh\u00e1ch h\u00e0ng, v\u00e0 c\u00f3 nhi\u1ec1u n\u0103m kinh nghi\u1ec7m x\u1eed l\u00fd c\u00e1c t\u00e0i li\u1ec7u nh\u1ea1y c\u1ea3m.<\/p>\n<p style=\"text-align: justify;\"><strong>Email v\u00e0 th\u00f4ng b\u00e1o<\/strong><\/p>\n<p style=\"text-align: justify;\">Ng\u01b0\u1eddi d\u00f9ng trang website ImmiCo t\u1ef1 nguy\u1ec7n nh\u1eadp th\u00f4ng tin li\u00ean h\u1ec7 trong h\u1ec7 th\u1ed1ng \u0111\u1ec3 t\u1ea1o t\u00e0i kho\u1ea3n ho\u1eb7c nh\u1eadn \u0111\u00e1nh gi\u00e1, b\u00e1o gi\u00e1 s\u1ebd nh\u1eadn \u0111\u01b0\u1ee3c th\u00f4ng b\u00e1o qua email. Th\u00f4ng b\u00e1o n\u00e0y g\u1ed3m b\u1ea3n tin, phi\u1ebfu gi\u1ea3m gi\u00e1, t\u00e0i li\u1ec7u ti\u1ebfp th\u1ecb ho\u1eb7c c\u00e1c t\u00e0i li\u1ec7u qu\u1ea3ng c\u00e1o kh\u00e1c.<\/p>\n<p style=\"text-align: justify;\"><strong>H\u1ee7y \u0111\u0103ng k\u00fd th\u00f4ng b\u00e1o qua email<\/strong><\/p>\n<p style=\"text-align: justify;\">Ng\u01b0\u1eddi d\u00f9ng c\u00f3 th\u1ec3 h\u1ee7y \u0111\u0103ng k\u00fd nh\u1eadn email b\u1ea5t k\u1ef3 l\u00fac n\u00e0o b\u1eb1ng c\u00e1ch nh\u1ea5p v\u00e0o li\u00ean k\u1ebft h\u1ee7y \u0111\u0103ng k\u00fd \u1edf cu\u1ed1i m\u1ed7i email x\u00e1c nh\u1eadn \u0111\u0103ng k\u00fd. Ng\u01b0\u1eddi d\u00f9ng c\u0169ng c\u00f3 th\u1ec3 g\u1edfi h\u1ee7y \u0111\u0103ng k\u00fd nh\u1eadn email tr\u1ef1c ti\u1ebfp.<\/p>\n<p style=\"text-align: justify;\"><em>Ch\u00ednh s\u00e1ch b\u1ea3o m\u1eadt c\u1ee7a ch\u00fang t\u00f4i c\u00f3 th\u1ec3 \u0111\u01b0\u1ee3c s\u1eeda \u0111\u1ed5i theo th\u1eddi gian. Ch\u00fang t\u00f4i s\u1ebd \u0111\u0103ng thay \u0111\u1ed5i ch\u00ednh s\u00e1ch b\u1ea3o m\u1eadt tr\u00ean trang n\u00e0y.<\/em><\/p>\n<\/div><\/div><\/div>[\/vc_column][\/vc_row]\n<\/div>","protected":false},"excerpt":{"rendered":"<p>[vc_row][vc_column][\/vc_column][\/vc_row]<\/p>\n","protected":false},"author":1,"featured_media":0,"parent":0,"menu_order":0,"comment_status":"closed","ping_status":"closed","template":"","meta":{"footnotes":""},"class_list":["post-6304","page","type-page","status-publish","hentry"],"_links":{"self":[{"href":"https:\/\/immico.vn\/vi\/wp-json\/wp\/v2\/pages\/6304","targetHints":{"allow":["GET"]}}],"collection":[{"href":"https:\/\/immico.vn\/vi\/wp-json\/wp\/v2\/pages"}],"about":[{"href":"https:\/\/immico.vn\/vi\/wp-json\/wp\/v2\/types\/page"}],"author":[{"embeddable":true,"href":"https:\/\/immico.vn\/vi\/wp-json\/wp\/v2\/users\/1"}],"replies":[{"embeddable":true,"href":"https:\/\/immico.vn\/vi\/wp-json\/wp\/v2\/comments?post=6304"}],"version-history":[{"count":5,"href":"https:\/\/immico.vn\/vi\/wp-json\/wp\/v2\/pages\/6304\/revisions"}],"predecessor-version":[{"id":10454,"href":"https:\/\/immico.vn\/vi\/wp-json\/wp\/v2\/pages\/6304\/revisions\/10454"}],"wp:attachment":[{"href":"https:\/\/immico.vn\/vi\/wp-json\/wp\/v2\/media?parent=6304"}],"curies":[{"name":"wp","href":"https:\/\/api.w.org\/{rel}","templated":true}]}}