{"id":6313,"date":"2017-07-19T07:11:16","date_gmt":"2017-07-19T07:11:16","guid":{"rendered":"https:\/\/colaw.vn\/virtual-office\/"},"modified":"2025-06-02T06:27:01","modified_gmt":"2025-06-02T06:27:01","slug":"dinh-cu-uc-dien-ket-hon","status":"publish","type":"page","link":"https:\/\/immico.vn\/vi\/dinh-cu-uc-dien-ket-hon\/","title":{"rendered":"\u0110\u1ecbnh c\u01b0 \u00dac di\u1ec7n k\u1ebft h\u00f4n"},"content":{"rendered":"<div class=\"wpb-content-wrapper\">[vc_row top_margin=&#8221;0&#8243; bottom_margin=&#8221;0&#8243; css=&#8221;.vc_custom_1499912039446{margin-top: -30px !important;}&#8221;][vc_column]<div class=\"shortcode-wrapper shortcode-title clearfix hb-animate-element hb-fade-in\"><p style=\"color:#9a4c3c!important;border-color:#9a4c3c\" class=\"hb-text-large aligncenter\">\u0110\u1ecbnh c\u01b0 \u00dac theo di\u1ec7n k\u1ebft h\u00f4n<\/p><\/div>[\/vc_column][\/vc_row][vc_row][vc_column][vc_column_text css=&#8221;&#8221;]\n<p style=\"text-align: justify;\">Visa k\u1ebft h\u00f4n \u00dac (Subclass 300) l\u00e0 lo\u1ea1i visa t\u1ea1m th\u1eddi, d\u00e0nh cho nh\u1eefng ng\u01b0\u1eddi c\u00f3 k\u1ebf ho\u1ea1ch nh\u1eadp c\u1ea3nh \u00dac \u0111\u1ec3 k\u1ebft h\u00f4n. Sau khi k\u1ebft h\u00f4n, ng\u01b0\u1eddi gi\u1eef visa n\u00e0y c\u00f3 th\u1ec3 n\u1ed9p \u0111\u01a1n xin th\u01b0\u1eddng tr\u00fa t\u1ea1i \u00dac c\u00f9ng ng\u01b0\u1eddi h\u00f4n ph\u1ed1i c\u1ee7a m\u00ecnh.<\/p>\n<p style=\"text-align: justify;\"><strong>\u0110i\u1ec1u ki\u1ec7n \u0111\u1ec3 \u0111\u01b0\u1ee3c c\u1ea5p visa k\u1ebft h\u00f4n \u00dac<\/strong><\/p>\n<p style=\"text-align: justify;\">B\u1ea1n v\u00e0 ng\u01b0\u1eddi h\u00f4n ph\u1ed1i ph\u1ea3i \u0111\u00e1p \u1ee9ng c\u00e1c \u0111i\u1ec1u ki\u1ec7n sau:<\/p>\n<p style=\"text-align: justify;\">&#8211; C\u1ea3 hai b\u00ean \u0111\u1ec1u ph\u1ea3i t\u1eeb 18 tu\u1ed5i tr\u1edf l\u00ean.<\/p>\n<p style=\"text-align: justify;\">&#8211; Ng\u01b0\u1eddi h\u00f4n ph\u1ed1i c\u1ee7a b\u1ea1n ph\u1ea3i l\u00e0 c\u00f4ng d\u00e2n \u00dac, th\u01b0\u1eddng tr\u00fa nh\u00e2n \u00dac ho\u1eb7c c\u00f4ng d\u00e2n New Zealand \u0111\u1ee7 \u0111i\u1ec1u ki\u1ec7n.<\/p>\n<p style=\"text-align: justify;\">&#8211; Hai ng\u01b0\u1eddi \u0111\u00e3 t\u1eebng g\u1eb7p nhau tr\u1ef1c ti\u1ebfp.<\/p>\n<p style=\"text-align: justify;\">&#8211; C\u00f3 k\u1ebf ho\u1ea1ch k\u1ebft h\u00f4n trong v\u00f2ng ch\u00edn th\u00e1ng sau khi visa \u0111\u01b0\u1ee3c c\u1ea5p; kh\u00f4ng \u0111\u01b0\u1ee3c k\u1ebft h\u00f4n tr\u01b0\u1edbc khi visa \u0111\u01b0\u1ee3c c\u1ea5p.<\/p>\n<p style=\"text-align: justify;\">&#8211; C\u00f3 b\u1eb1ng ch\u1ee9ng th\u1ec3 hi\u1ec7n \u00fd \u0111\u1ecbnh s\u1ed1ng chung nh\u01b0 v\u1ee3 ch\u1ed3ng.<\/p>\n<p style=\"text-align: justify;\">&#8211; C\u1ea3 hai b\u00ean \u0111\u1ec1u \u0111\u00e1p \u1ee9ng c\u00e1c y\u00eau c\u1ea7u v\u1ec1 l\u00fd l\u1ecbch t\u01b0 ph\u00e1p, bao g\u1ed3m ch\u1ee9ng nh\u1eadn t\u1eeb c\u1ea3nh s\u00e1t.<\/p>\n<p style=\"text-align: justify;\">&#8211; \u0110\u00e1p \u1ee9ng c\u00e1c y\u00eau c\u1ea7u v\u1ec1 s\u1ee9c kh\u1ecfe v\u00e0 c\u00f3 th\u1ec3 c\u1ea7n kh\u00e1m s\u1ee9c kh\u1ecfe b\u1edfi b\u00e1c s\u0129 \u0111\u01b0\u1ee3c ph\u00ea duy\u1ec7t.<\/p>\n<p style=\"text-align: justify;\">&#8211; C\u1ea3 hai b\u00ean kh\u00f4ng b\u1ecb bu\u1ed9c t\u1ed9i ho\u1eb7c k\u1ebft \u00e1n li\u00ean quan \u0111\u1ebfn tr\u1ebb em.<\/p>\n<p style=\"text-align: justify;\"><strong>H\u1ed3 s\u01a1 c\u1ea7n chu\u1ea9n b\u1ecb \u0111\u1ec3 xin visa k\u1ebft h\u00f4n \u00dac<\/strong><\/p>\n<p style=\"text-align: justify;\">B\u1ea1n c\u1ea7n chu\u1ea9n b\u1ecb c\u00e1c gi\u1ea5y t\u1edd sau:<\/p>\n<p style=\"text-align: justify;\">&#8211; H\u1ed9 chi\u1ebfu (bao g\u1ed3m \u1ea3nh, th\u00f4ng tin c\u00e1 nh\u00e2n v\u00e0 ng\u00e0y h\u1ebft h\u1ea1n).<\/p>\n<p style=\"text-align: justify;\">&#8211; Gi\u1ea5y khai sinh ghi r\u00f5 h\u1ecd t\u00ean cha m\u1eb9. N\u1ebfu kh\u00f4ng c\u00f3, ph\u1ea3i cung c\u1ea5p gi\u1ea5y t\u1edd nh\u1eadn d\u1ea1ng kh\u00e1c do c\u01a1 quan ch\u00ednh ph\u1ee7 ho\u1eb7c t\u00f2a \u00e1n t\u1ea1i n\u01b0\u1edbc b\u1ea1n c\u1ea5p.<\/p>\n<p style=\"text-align: justify;\">&#8211; Hai b\u1ea3n sao T\u1edd khai Form 888 do nh\u00e2n ch\u1ee9ng tr\u00ean 18 tu\u1ed5i x\u00e1c nh\u1eadn, c\u00f3 quen bi\u1ebft b\u1ea1n v\u00e0 h\u00f4n phu\/h\u00f4n th\u00ea.<\/p>\n<p style=\"text-align: justify;\">&#8211; B\u1eb1ng ch\u1ee9ng ch\u1ee9ng minh b\u1ea1n v\u00e0 ng\u01b0\u1eddi h\u00f4n ph\u1ed1i \u00a0\u0111\u00e3 g\u1eb7p nhau tr\u1ef1c ti\u1ebfp khi tr\u01b0\u1edfng th\u00e0nh.<\/p>\n<p style=\"text-align: justify;\">&#8211; X\u00e1c nh\u1eadn k\u1ebf ho\u1ea1ch k\u1ebft h\u00f4n trong v\u00f2ng 9 th\u00e1ng, v\u00ed d\u1ee5 th\u01b0 x\u00e1c nh\u1eadn t\u1eeb ng\u01b0\u1eddi c\u1eed h\u00e0nh h\u00f4n l\u1ec5.<\/p>\n<p style=\"text-align: justify;\">&#8211; B\u1eb1ng ch\u1ee9ng v\u1ec1 k\u1ebf ho\u1ea1ch chung s\u1ed1ng sau k\u1ebft h\u00f4n.<\/p>\n<p style=\"text-align: justify;\">&#8211; B\u1ea3n t\u01b0\u1eddng tr\u00ecnh chi ti\u1ebft t\u1eeb c\u1ea3 hai ng\u01b0\u1eddi, g\u1ed3m:<\/p>\n<p style=\"padding-left: 40px; text-align: justify;\">+ Th\u1eddi gian, \u0111\u1ecba \u0111i\u1ec3m v\u00e0 c\u00e1ch th\u1ee9c hai ng\u01b0\u1eddi g\u1eb7p nhau.<\/p>\n<p style=\"padding-left: 40px; text-align: justify;\">+ Ho\u00e0n c\u1ea3nh \u0111\u00ednh h\u00f4n.<\/p>\n<p style=\"padding-left: 40px; text-align: justify;\">+ C\u00e1c s\u1ef1 ki\u1ec7n quan tr\u1ecdng v\u00e0 qu\u00e1 tr\u00ecnh ph\u00e1t tri\u1ec3n m\u1ed1i quan h\u1ec7.<\/p>\n<p style=\"padding-left: 40px; text-align: justify;\">+ K\u1ebf ho\u1ea1ch t\u01b0\u01a1ng lai khi \u0111\u00e3 k\u1ebft h\u00f4n.<\/p>\n<p style=\"text-align: justify;\">&#8211; Gi\u1ea5y t\u1edd v\u1ec1 c\u00e1c m\u1ed1i quan h\u1ec7 tr\u01b0\u1edbc \u0111\u00e2y (n\u1ebfu c\u00f3), nh\u01b0 gi\u1ea5y ly h\u00f4n.<\/p>\n<p style=\"text-align: justify;\">&#8211; Ch\u1ee9ng nh\u1eadn l\u00fd l\u1ecbch t\u01b0 ph\u00e1p t\u1eeb c\u00e1c qu\u1ed1c gia t\u1eebng c\u01b0 tr\u00fa h\u01a1n 12 th\u00e1ng trong v\u00f2ng 10 n\u0103m g\u1ea7n \u0111\u00e2y.<\/p>\n<p style=\"text-align: justify;\">&#8211; Ho\u00e0n t\u1ea5t m\u1eabu Form 80 (Th\u00f4ng tin c\u00e1 nh\u00e2n \u0111\u1ec3 th\u1ea9m \u0111\u1ecbnh).<\/p>\n<p style=\"text-align: justify;\">&#8211; V\u1edbi ng\u01b0\u1eddi ph\u1ee5 thu\u1ed9c d\u01b0\u1edbi 18 tu\u1ed5i:<\/p>\n<p style=\"padding-left: 40px; text-align: justify;\">+ B\u1eb1ng ch\u1ee9ng quan h\u1ec7 (gi\u1ea5y khai sinh).<\/p>\n<p style=\"padding-left: 40px; text-align: justify;\">+ \u0110\u1ed3ng \u00fd t\u1eeb cha\/m\u1eb9 ho\u1eb7c ng\u01b0\u1eddi gi\u00e1m h\u1ed9 c\u00f3 quy\u1ec1n nu\u00f4i d\u01b0\u1ee1ng m\u00e0 kh\u00f4ng \u0111i c\u00f9ng.<\/p>\n<p style=\"text-align: justify;\">&#8211; V\u1edbi ng\u01b0\u1eddi ph\u1ee5 thu\u1ed9c tr\u00ean 18 tu\u1ed5i:<\/p>\n<p style=\"padding-left: 40px; text-align: justify;\">+ B\u1eb1ng ch\u1ee9ng quan h\u1ec7.<\/p>\n<p style=\"padding-left: 40px; text-align: justify;\">+ B\u1eb1ng ch\u1ee9ng ch\u1ee9ng minh s\u1ef1 ph\u1ee5 thu\u1ed9c t\u00e0i ch\u00ednh.<\/p>\n<p style=\"text-align: justify;\">T\u1ea5t c\u1ea3 gi\u1ea5y t\u1edd ph\u1ea3i \u0111\u01b0\u1ee3c ch\u1ee9ng th\u1ef1c v\u00e0 d\u1ecbch sang ti\u1ebfng Anh n\u1ebfu c\u1ea7n.<\/p>\n<p style=\"text-align: justify;\"><strong>Quy tr\u00ecnh n\u1ed9p \u0111\u01a1n xin visa k\u1ebft h\u00f4n \u00dac<\/strong><\/p>\n<p style=\"text-align: justify;\">Vi\u1ec7c n\u1ed9p \u0111\u01a1n \u0111\u01b0\u1ee3c th\u1ef1c hi\u1ec7n online khi \u0111ang \u1edf ngo\u00e0i n\u01b0\u1edbc \u00dac:<\/p>\n<p style=\"text-align: justify;\">1. T\u1ea1o ho\u1eb7c \u0111\u0103ng nh\u1eadp v\u00e0o t\u00e0i kho\u1ea3n ImmiAccount.<\/p>\n<p style=\"text-align: justify;\">2. B\u1eaft \u0111\u1ea7u \u0111\u01a1n xin visa Subclass 300 v\u00e0 ho\u00e0n t\u1ea5t c\u00e1c m\u1ee5c y\u00eau c\u1ea7u.<\/p>\n<p style=\"text-align: justify;\">3. Thanh to\u00e1n ph\u00ed visa tr\u1ef1c tuy\u1ebfn.<\/p>\n<p style=\"text-align: justify;\">4. N\u1ed9p h\u1ed3 s\u01a1 v\u00e0 l\u01b0u l\u1ea1i M\u00e3 s\u1ed1 tham chi\u1ebfu giao d\u1ecbch (TRN).<\/p>\n<p style=\"text-align: justify;\">5. \u0110\u00ednh k\u00e8m b\u1ea3n scan c\u1ee7a t\u1ea5t c\u1ea3 c\u00e1c gi\u1ea5y t\u1edd y\u00eau c\u1ea7u.<\/p>\n<p style=\"text-align: justify;\">6. Ng\u01b0\u1eddi h\u00f4n ph\u1ed1i \u00a0c\u1ee7a b\u1ea1n n\u1ed9p h\u1ed3 s\u01a1 t\u00e0i tr\u1ee3 (Sponsorship) qua ImmiAccount v\u1edbi l\u1ef1a ch\u1ecdn \u201cSponsor a Migration Partner to Australia (300, 309\/100, 820\/801).\u201d<\/p>\n<p style=\"text-align: justify;\">7. Ng\u01b0\u1eddi h\u00f4n ph\u1ed1i \u00a0cung c\u1ea5p gi\u1ea5y t\u1edd h\u1ed7 tr\u1ee3 nh\u01b0 gi\u1ea5y t\u1edd t\u00f9y th\u00e2n, b\u1eb1ng ch\u1ee9ng c\u01b0 tr\u00fa h\u1ee3p ph\u00e1p t\u1ea1i \u00dac, ch\u1ee9ng nh\u1eadn c\u1ea3nh s\u00e1t.<\/p>\n<p style=\"text-align: justify;\">8. Ch\u1edd x\u00e9t duy\u1ec7t visa.<\/p>\n<p style=\"text-align: justify;\"><strong>Th\u1eddi gian x\u1eed l\u00fd v\u00e0 th\u1eddi h\u1ea1n visa<\/strong><\/p>\n<p style=\"text-align: justify;\">H\u1ed3 s\u01a1 visa k\u1ebft h\u00f4n th\u01b0\u1eddng k\u00e9o d\u00e0i t\u1ed1i \u0111a hai n\u0103m, ph\u1ea7n l\u1edbn \u0111\u01b0\u1ee3c x\u00e9t duy\u1ec7t trong v\u00f2ng 22 th\u00e1ng theo th\u00f4ng tin t\u1eeb B\u1ed9 N\u1ed9i V\u1ee5 \u00dac.<\/p>\n<p style=\"text-align: justify;\">Visa Subclass 300 c\u00f3 th\u1eddi h\u1ea1n t\u1eeb 9 \u0111\u1ebfn 15 th\u00e1ng, chi ti\u1ebft ghi r\u00f5 trong th\u01b0 c\u1ea5p visa. Trong th\u1eddi gian n\u00e0y, b\u1ea1n c\u00f3 th\u1ec3:<\/p>\n<p style=\"text-align: justify;\">&#8211; K\u1ebft h\u00f4n v\u1edbi ng\u01b0\u1eddi h\u00f4n ph\u1ed1i .<\/p>\n<p style=\"text-align: justify;\">&#8211; L\u00e0m vi\u1ec7c t\u1ea1i \u00dac.<\/p>\n<p style=\"text-align: justify;\">&#8211; H\u1ecdc t\u1eadp t\u1ea1i \u00dac nh\u01b0ng kh\u00f4ng nh\u1eadn h\u1ed7 tr\u1ee3 t\u00e0i ch\u00ednh t\u1eeb ch\u00ednh ph\u1ee7.<\/p>\n<p style=\"text-align: justify;\">&#8211; \u0110i l\u1ea1i trong v\u00e0 ngo\u00e0i n\u01b0\u1edbc \u00dac.<\/p>\n<p style=\"text-align: justify;\">&#8211; N\u1ed9p \u0111\u01a1n xin visa di\u1ec7n h\u00f4n nh\u00e2n th\u01b0\u1eddng tr\u00fa t\u1ea1i \u00dac.<\/p>\n<p style=\"text-align: justify;\"><strong>C\u00e1c y\u00eau c\u1ea7u sau khi \u0111\u01b0\u1ee3c c\u1ea5p visa<\/strong><\/p>\n<p style=\"text-align: justify;\">Sau khi nh\u1eadn visa, b\u1ea1n c\u1ea7n:<\/p>\n<p style=\"text-align: justify;\">&#8211; Nh\u1eadp c\u1ea3nh \u00dac trong th\u1eddi gian \u0111\u01b0\u1ee3c quy \u0111\u1ecbnh.<\/p>\n<p style=\"text-align: justify;\">&#8211; K\u1ebft h\u00f4n tr\u01b0\u1edbc khi visa h\u1ebft h\u1ea1n, \u0111\u0103ng k\u00fd \u00fd \u0111\u1ecbnh k\u1ebft h\u00f4n (NOIM) t\u1ed1i thi\u1ec3u m\u1ed9t th\u00e1ng tr\u01b0\u1edbc ng\u00e0y c\u01b0\u1edbi. H\u00f4n nh\u00e2n ph\u1ea3i \u0111\u01b0\u1ee3c lu\u1eadt ph\u00e1p \u00dac c\u00f4ng nh\u1eadn.<\/p>\n<p style=\"text-align: justify;\">&#8211; Xin visa di\u1ec7n v\u1ee3 ch\u1ed3ng th\u01b0\u1eddng tr\u00fa (Subclass 820 v\u00e0 801) sau khi k\u1ebft h\u00f4n v\u00e0 tr\u01b0\u1edbc khi visa Subclass 300 h\u1ebft h\u1ea1n \u0111\u1ec3 \u0111\u1ecbnh c\u01b0 l\u00e2u d\u00e0i.<\/p>\n[\/vc_column_text][\/vc_column][\/vc_row]\n<\/div>","protected":false},"excerpt":{"rendered":"<p>[vc_row top_margin=&#8221;0&#8243; bottom_margin=&#8221;0&#8243; css=&#8221;.vc_custom_1499912039446{margin-top: -30px !important;}&#8221;][vc_column][\/vc_column][\/vc_row][vc_row][vc_column][vc_column_text css=&#8221;&#8221;] Visa k\u1ebft h\u00f4n \u00dac (Subclass 300) l\u00e0 lo\u1ea1i visa t\u1ea1m th\u1eddi, d\u00e0nh cho nh\u1eefng ng\u01b0\u1eddi c\u00f3 k\u1ebf ho\u1ea1ch nh\u1eadp c\u1ea3nh \u00dac \u0111\u1ec3 k\u1ebft h\u00f4n. Sau khi k\u1ebft h\u00f4n, ng\u01b0\u1eddi gi\u1eef visa n\u00e0y c\u00f3 th\u1ec3 n\u1ed9p \u0111\u01a1n xin th\u01b0\u1eddng tr\u00fa t\u1ea1i \u00dac c\u00f9ng ng\u01b0\u1eddi h\u00f4n ph\u1ed1i c\u1ee7a m\u00ecnh. \u0110i\u1ec1u [&hellip;]<\/p>\n","protected":false},"author":1,"featured_media":0,"parent":0,"menu_order":0,"comment_status":"closed","ping_status":"closed","template":"","meta":{"footnotes":""},"class_list":["post-6313","page","type-page","status-publish","hentry"],"_links":{"self":[{"href":"https:\/\/immico.vn\/vi\/wp-json\/wp\/v2\/pages\/6313","targetHints":{"allow":["GET"]}}],"collection":[{"href":"https:\/\/immico.vn\/vi\/wp-json\/wp\/v2\/pages"}],"about":[{"href":"https:\/\/immico.vn\/vi\/wp-json\/wp\/v2\/types\/page"}],"author":[{"embeddable":true,"href":"https:\/\/immico.vn\/vi\/wp-json\/wp\/v2\/users\/1"}],"replies":[{"embeddable":true,"href":"https:\/\/immico.vn\/vi\/wp-json\/wp\/v2\/comments?post=6313"}],"version-history":[{"count":6,"href":"https:\/\/immico.vn\/vi\/wp-json\/wp\/v2\/pages\/6313\/revisions"}],"predecessor-version":[{"id":10627,"href":"https:\/\/immico.vn\/vi\/wp-json\/wp\/v2\/pages\/6313\/revisions\/10627"}],"wp:attachment":[{"href":"https:\/\/immico.vn\/vi\/wp-json\/wp\/v2\/media?parent=6313"}],"curies":[{"name":"wp","href":"https:\/\/api.w.org\/{rel}","templated":true}]}}