{"id":6673,"date":"2017-08-04T02:48:24","date_gmt":"2017-08-04T02:48:24","guid":{"rendered":"https:\/\/colaw.vn\/usa-visa\/"},"modified":"2025-06-03T07:26:10","modified_gmt":"2025-06-03T07:26:10","slug":"tu-van-dinh-cu-va-cac-loai-visa-my","status":"publish","type":"page","link":"https:\/\/immico.vn\/vi\/tu-van-dinh-cu-va-cac-loai-visa-my\/","title":{"rendered":"T\u01b0 V\u1ea5n \u0110\u1ecbnh C\u01b0 V\u00e0 C\u00e1c Lo\u1ea1i Visa M\u1ef9"},"content":{"rendered":"<div class=\"wpb-content-wrapper\">[vc_row top_margin=&#8221;0&#8243; bottom_margin=&#8221;0&#8243; css=&#8221;.vc_custom_1499912039446{margin-top: -30px !important;}&#8221;][vc_column]<div class=\"shortcode-wrapper shortcode-title clearfix hb-animate-element hb-fade-in\"><p style=\"color:#9a4c3c!important;border-color:#9a4c3c\" class=\"hb-text-large aligncenter\">T\u01b0 v\u1ea5n Di tr\u00fa v\u00e0 Visa M\u1ef9<\/p><\/div>[vc_row_inner][vc_column_inner][vc_custom_heading text=&#8221;Chuy\u00ean gia di tr\u00fa h\u00e0ng \u0111\u1ea7u, cam k\u1ebft hi\u1ec7u qu\u1ea3 th\u1ef1c t\u1ebf&#8221; font_container=&#8221;tag:h2|text_align:center&#8221; css=&#8221;&#8221;][vc_column_text css=&#8221;&#8221;]Cho d\u00f9 b\u1ea1n mu\u1ed1n \u0111\u1ecbnh c\u01b0 t\u1ea1i M\u1ef9 \u0111\u1ec3 n\u00e2ng cao ch\u1ea5t l\u01b0\u1ee3ng cu\u1ed9c s\u1ed1ng, t\u00ecm ki\u1ebfm c\u01a1 h\u1ed9i m\u1edbi, ho\u1eb7c \u0111o\u00e0n t\u1ee5 v\u1edbi ng\u01b0\u1eddi th\u00e2n, ch\u00fang t\u00f4i cung c\u1ea5p d\u1ecbch v\u1ee5 t\u01b0 v\u1ea5n v\u00e0 h\u1ed7 tr\u1ee3 to\u00e0n di\u1ec7n trong su\u1ed1t qu\u00e1 tr\u00ecnh l\u00e0m h\u1ed3 s\u01a1 di tr\u00fa v\u00e0 xin visa M\u1ef9. M\u1ee5c ti\u00eau c\u1ee7a ch\u00fang t\u00f4i l\u00e0 lu\u00f4n mang l\u1ea1i gi\u00e1 tr\u1ecb th\u1eadt s\u1ef1 v\u00e0 s\u1ef1 h\u00e0i l\u00f2ng tuy\u1ec7t \u0111\u1ed1i cho kh\u00e1ch h\u00e0ng.[\/vc_column_text][vc_custom_heading text=&#8221;\u0110i\u1ec3m m\u1ea1nh \u0111\u1ebfn t\u1eeb \u0111\u1ed9i ng\u0169 nh\u00e2n s\u1ef1 gi\u00e0u kinh nghi\u1ec7m&#8221; font_container=&#8221;tag:h2|text_align:center&#8221; css=&#8221;&#8221;][vc_column_text css=&#8221;&#8221;]\u0110\u1ed9i ng\u0169 chuy\u00ean vi\u00ean c\u1ee7a ch\u00fang t\u00f4i g\u1ed3m c\u00e1c nh\u00e0 t\u01b0 v\u1ea5n di tr\u00fa, lu\u1eadt s\u01b0 v\u00e0 chuy\u00ean gia h\u00e0nh ch\u00ednh gi\u00e0u kinh nghi\u1ec7m, n\u1eafm v\u1eefng ki\u1ebfn th\u1ee9c chuy\u00ean s\u00e2u v\u1ec1 lu\u1eadt ph\u00e1p v\u00e0 th\u1ee7 t\u1ee5c di tr\u00fa M\u1ef9. Nhi\u1ec1u th\u00e0nh vi\u00ean trong \u0111\u1ed9i ng\u0169 c\u1ee7a ch\u00fang t\u00f4i t\u1eebng tr\u1ea3i qua h\u00e0nh tr\u00ecnh xin visa, hi\u1ec3u r\u00f5 nh\u1eefng kh\u00f3 kh\u0103n v\u00e0 b\u0103n kho\u0103n m\u00e0 b\u1ea1n c\u00f3 th\u1ec3 g\u1eb7p ph\u1ea3i.[\/vc_column_text][\/vc_column_inner][\/vc_row_inner][\/vc_column][\/vc_row][vc_row fullwidth=&#8221;yes&#8221; background_color=&#8221;#FFFFFF&#8221;][vc_column][vc_empty_space height=&#8221;15px&#8221;]<div class=\"shortcode-wrapper shortcode-title clearfix hb-animate-element hb-fade-in\"><h2 style=\"color:#9A4C3C!important;border-color:#9A4C3C\" class=\"aligncenter\">C\u00c1C DI\u1ec6N \u0110\u1ecaNH C\u01af V\u00c0 VISA M\u1ef8<\/h2><\/div>[vc_empty_space height=&#8221;15px&#8221;][\/vc_column][\/vc_row][vc_row fullwidth=&#8221;yes&#8221; background_color=&#8221;#FFFFFF&#8221; css=&#8221;.vc_custom_1748924427178{margin-top: -20px !important;border-top-width: -30px !important;}&#8221;][vc_column width=&#8221;1\/4&#8243;][vc_column_text css=&#8221;&#8221;]<a href=\"https:\/\/immico.vn\/tong-quan-ve-dinh-cu-my\/\">T\u1ed5ng Quan V\u1ec1 \u0110\u1ecbnh C\u01b0 M\u1ef9<\/a><\/p>\n<p><a href=\"https:\/\/immico.vn\/dinh-cu-my-thong-qua-cha-me\/\">\u0110\u1ecbnh C\u01b0 M\u1ef9 Th\u00f4ng Qua Cha M\u1eb9<\/a>[\/vc_column_text][\/vc_column][vc_column width=&#8221;1\/4&#8243;][vc_column_text css=&#8221;&#8221;]<a href=\"https:\/\/immico.vn\/dinh-cu-theo-dien-ket-hon\/\">\u0110\u1ecbnh C\u01b0 Theo Di\u1ec7n K\u1ebft H\u00f4n<\/a><\/p>\n<p><a href=\"https:\/\/immico.vn\/dinh-cu-dien-phuc-vu-trong-quan-doi-my\/\">\u0110\u1ecbnh C\u01b0 Di\u1ec7n Ph\u1ee5c V\u1ee5 Trong Qu\u00e2n \u0110\u1ed9i M\u1ef9<\/a>[\/vc_column_text][\/vc_column][vc_column width=&#8221;1\/4&#8243;][vc_column_text css=&#8221;&#8221;]<a href=\"https:\/\/immico.vn\/dinh-cu-chuong-trinh-nha-dau-tu-eb-5\/\">\u0110\u1ecbnh C\u01b0 Ch\u01b0\u01a1ng Tr\u00ecnh Nh\u00e0 \u0110\u1ea7u T\u01b0 EB-5<\/a>[\/vc_column_text][\/vc_column][vc_column width=&#8221;1\/4&#8243;][vc_column_text css=&#8221;&#8221;]<a href=\"https:\/\/immico.vn\/don-nhap-tich-my\/\">\u0110\u01a1n Nh\u1eadp T\u1ecbch M\u1ef9<\/a>[\/vc_column_text][\/vc_column][\/vc_row][vc_row][vc_column width=&#8221;1\/3&#8243;]<div class=\"shortcode-wrapper shortcode-icon-column clearfix hb-animate-element hb-fade-in\"><div class=\"feature-box standard-icon-box alignleft\"><div class=\"feature-box-content\"><h4 class=\"bold\"><i class=\"hb-moon-medal-2 title-icon\"><\/i>Gi\u1ea3i ph\u00e1p Di tr\u00fa \u0110\u01a1n gi\u1ea3n<\/h4>Ch\u00fang t\u00f4i cung c\u1ea5p nh\u1eefng gi\u1ea3i ph\u00e1p di tr\u00fa \u0111\u01a1n gi\u1ea3n, ph\u00f9 h\u1ee3p ri\u00eang v\u1edbi nhu c\u1ea7u c\u1ee7a b\u1ea1n, gi\u00fap qu\u00e1 tr\u00ecnh \u0111\u1ecbnh c\u01b0 di\u1ec5n ra d\u1ec5 d\u00e0ng v\u00e0 thu\u1eadn l\u1ee3i.<\/div><\/div><\/div>[\/vc_column][vc_column width=&#8221;1\/3&#8243;]<div class=\"shortcode-wrapper shortcode-icon-column clearfix hb-animate-element hb-fade-in\"><div class=\"feature-box standard-icon-box alignleft\"><div class=\"feature-box-content\"><h4 class=\"bold\"><i class=\"hb-moon-balance title-icon\"><\/i>H\u1ed7 tr\u1ee3 t\u01b0 v\u1ea5n t\u1eadn t\u00e2m<\/h4>Ch\u00fang t\u00f4i kh\u00f4ng ch\u1ec9 x\u1eed l\u00fd h\u1ed3 s\u01a1, m\u00e0 c\u00f2n h\u01b0\u1edbng \u0111\u1ebfn vi\u1ec7c x\u00e2y d\u1ef1ng m\u1ed1i quan h\u1ec7 l\u00e2u d\u00e0i, cung c\u1ea5p h\u1ed7 tr\u1ee3 li\u00ean t\u1ee5c tr\u01b0\u1edbc, trong v\u00e0 sau khi b\u1ea1n ho\u00e0n t\u1ea5t qu\u00e1 tr\u00ecnh \u0111\u1ecbnh c\u01b0.<\/div><\/div><\/div>[\/vc_column][vc_column width=&#8221;1\/3&#8243;]<div class=\"shortcode-wrapper shortcode-icon-column clearfix hb-animate-element hb-fade-in\"><div class=\"feature-box standard-icon-box alignleft\"><div class=\"feature-box-content\"><h4 class=\"bold\"><i class=\"hb-moon-coin title-icon\"><\/i>Gi\u00e1 c\u1ea3 c\u1ea1nh tranh v\u00e0 minh b\u1ea1ch<\/h4>Ch\u00fang t\u00f4i x\u00e2y d\u1ef1ng uy t\u00edn d\u1ef1a tr\u00ean s\u1ef1 tin t\u01b0\u1edfng, minh b\u1ea1ch v\u00e0 k\u1ebft qu\u1ea3 th\u1ef1c t\u1ebf. Ch\u00fang t\u00f4i cam k\u1ebft cung c\u1ea5p d\u1ecbch v\u1ee5 ch\u1ea5t l\u01b0\u1ee3ng v\u00e0 s\u1ef1 h\u00e0i l\u00f2ng c\u1ee7a kh\u00e1ch h\u00e0ng v\u1edbi chi ph\u00ed c\u1ea1nh tranh nh\u1ea5t.<\/div><\/div><\/div>[\/vc_column][\/vc_row]\n<\/div>","protected":false},"excerpt":{"rendered":"<p>[vc_row top_margin=&#8221;0&#8243; bottom_margin=&#8221;0&#8243; css=&#8221;.vc_custom_1499912039446{margin-top: -30px !important;}&#8221;][vc_column][vc_row_inner][vc_column_inner][vc_custom_heading text=&#8221;Chuy\u00ean gia di tr\u00fa h\u00e0ng \u0111\u1ea7u, cam k\u1ebft hi\u1ec7u qu\u1ea3 th\u1ef1c t\u1ebf&#8221; font_container=&#8221;tag:h2|text_align:center&#8221; css=&#8221;&#8221;][vc_column_text css=&#8221;&#8221;]Cho d\u00f9 b\u1ea1n mu\u1ed1n \u0111\u1ecbnh c\u01b0 t\u1ea1i M\u1ef9 \u0111\u1ec3 n\u00e2ng cao ch\u1ea5t l\u01b0\u1ee3ng cu\u1ed9c s\u1ed1ng, t\u00ecm ki\u1ebfm c\u01a1 h\u1ed9i m\u1edbi, ho\u1eb7c \u0111o\u00e0n t\u1ee5 v\u1edbi ng\u01b0\u1eddi th\u00e2n, ch\u00fang t\u00f4i cung c\u1ea5p d\u1ecbch v\u1ee5 t\u01b0 v\u1ea5n v\u00e0 [&hellip;]<\/p>\n","protected":false},"author":1,"featured_media":6664,"parent":0,"menu_order":0,"comment_status":"closed","ping_status":"closed","template":"","meta":{"footnotes":""},"class_list":["post-6673","page","type-page","status-publish","has-post-thumbnail","hentry"],"_links":{"self":[{"href":"https:\/\/immico.vn\/vi\/wp-json\/wp\/v2\/pages\/6673","targetHints":{"allow":["GET"]}}],"collection":[{"href":"https:\/\/immico.vn\/vi\/wp-json\/wp\/v2\/pages"}],"about":[{"href":"https:\/\/immico.vn\/vi\/wp-json\/wp\/v2\/types\/page"}],"author":[{"embeddable":true,"href":"https:\/\/immico.vn\/vi\/wp-json\/wp\/v2\/users\/1"}],"replies":[{"embeddable":true,"href":"https:\/\/immico.vn\/vi\/wp-json\/wp\/v2\/comments?post=6673"}],"version-history":[{"count":5,"href":"https:\/\/immico.vn\/vi\/wp-json\/wp\/v2\/pages\/6673\/revisions"}],"predecessor-version":[{"id":10671,"href":"https:\/\/immico.vn\/vi\/wp-json\/wp\/v2\/pages\/6673\/revisions\/10671"}],"wp:featuredmedia":[{"embeddable":true,"href":"https:\/\/immico.vn\/vi\/wp-json\/wp\/v2\/media\/6664"}],"wp:attachment":[{"href":"https:\/\/immico.vn\/vi\/wp-json\/wp\/v2\/media?parent=6673"}],"curies":[{"name":"wp","href":"https:\/\/api.w.org\/{rel}","templated":true}]}}