{"id":8530,"date":"2018-05-26T02:06:57","date_gmt":"2018-05-26T02:06:57","guid":{"rendered":"https:\/\/colaw.vn\/?page_id=8530\/"},"modified":"2025-05-23T02:30:48","modified_gmt":"2025-05-23T02:30:48","slug":"tong-quan-ve-uc-australia","status":"publish","type":"page","link":"https:\/\/immico.vn\/vi\/tong-quan-ve-uc-australia\/","title":{"rendered":"T\u1ed5ng Quan V\u1ec1 \u00dac (Australia)"},"content":{"rendered":"<div class=\"wpb-content-wrapper\">[vc_row top_margin=&#8221;0&#8243; bottom_margin=&#8221;0&#8243; css=&#8221;.vc_custom_1499912039446{margin-top: -30px !important;}&#8221;][vc_column]<div class=\"shortcode-wrapper shortcode-title clearfix hb-animate-element hb-fade-in\"><p style=\"color:#9a4c3c!important;border-color:#9a4c3c\" class=\"hb-text-large aligncenter\">T\u1ed5ng Quan V\u1ec1 N\u01b0\u1edbc \u00dac (Australia)<\/p><\/div>[\/vc_column][\/vc_row][vc_row][vc_column][vc_column_text css=&#8221;&#8221;]\n<p style=\"text-align: justify;\">\u00dac l\u00e0 qu\u1ed1c gia c\u1ee7a nh\u1eefng c\u01a1 h\u1ed9i v\u00f4 t\u1eadn, thu h\u00fat nh\u1eefng c\u00e1 nh\u00e2n t\u00ecm ki\u1ebfm cu\u1ed9c s\u1ed1ng ch\u1ea5t l\u01b0\u1ee3ng, s\u1ef1 ph\u00e1t tri\u1ec3n ngh\u1ec1 nghi\u1ec7p v\u00e0 c\u1ea3nh quan thi\u00ean nhi\u00ean tuy\u1ec7t \u0111\u1eb9p. D\u01b0\u1edbi \u0111\u00e2y l\u00e0 n\u0103m l\u00fd do h\u1ea5p d\u1eabn khi\u1ebfn \u00dac tr\u1edf th\u00e0nh l\u1ef1a ch\u1ecdn h\u00e0ng \u0111\u1ea7u \u0111\u1ec3 sinh s\u1ed1ng v\u00e0 l\u00e0m vi\u1ec7c:<\/p>\n<p style=\"text-align: justify;\"><strong>1. Ch\u1ea5t l\u01b0\u1ee3ng s\u1ed1ng cao<\/strong><\/p>\n<p style=\"text-align: justify;\">\u00dac n\u1ed5i ti\u1ebfng v\u1edbi ch\u1ea5t l\u01b0\u1ee3ng s\u1ed1ng cao, h\u1ec7 th\u1ed1ng y t\u1ebf v\u00e0 gi\u00e1o d\u1ee5c xu\u1ea5t s\u1eafc, m\u00f4i tr\u01b0\u1eddng s\u1ea1ch v\u00e0 kh\u00ed h\u1eadu \u00f4n h\u00f2a. Tu\u1ed5i th\u1ecd trung b\u00ecnh cao (nam gi\u1edbi 81,2 tu\u1ed5i v\u00e0 n\u1eef gi\u1edbi 85,3 tu\u1ed5i). C\u00e1c tr\u01b0\u1eddng \u0111\u1ea1i h\u1ecdc h\u00e0ng \u0111\u1ea7u th\u1ebf gi\u1edbi v\u00e0 h\u1ec7 th\u1ed1ng y t\u1ebf v\u1edbi Medicare cung c\u1ea5p d\u1ecbch v\u1ee5 y t\u1ebf mi\u1ec5n ph\u00ed ho\u1eb7c tr\u1ee3 c\u1ea5p.<\/p>\n<p style=\"text-align: justify;\"><strong>2. Thi\u00ean nhi\u00ean tuy\u1ec7t \u0111\u1eb9p<\/strong><\/p>\n<p style=\"text-align: justify;\">Thi\u00ean nhi\u00ean \u00dac \u0111\u1eb9p n\u1ed5i b\u1eadt v\u1edbi \u0111\u01b0\u1eddng b\u1edd bi\u1ec3n \u1ea5n t\u01b0\u1ee3ng, b\u00e3i bi\u1ec3n hoang s\u01a1 v\u00e0 h\u1ec7 sinh th\u00e1i phong ph\u00fa, ph\u00f9 h\u1ee3p cho c\u00e1c ho\u1ea1t \u0111\u1ed9ng ngo\u00e0i tr\u1eddi nh\u01b0 b\u01a1i l\u1ed9i, l\u01b0\u1edbt s\u00f3ng v\u00e0 \u0111i b\u1ed9 \u0111\u01b0\u1eddng d\u00e0i.<\/p>\n<p style=\"text-align: justify;\"><strong>3. C\u01a1 h\u1ed9i vi\u1ec7c l\u00e0m d\u1ed3i d\u00e0o<\/strong><\/p>\n<p style=\"text-align: justify;\">V\u1edbi n\u1ec1n kinh t\u1ebf ph\u00e1t tri\u1ec3n m\u1ea1nh m\u1ebd v\u00e0 c\u01a1 s\u1edf h\u1ea1 t\u1ea7ng hi\u1ec7n \u0111\u1ea1i, \u00dac cung c\u1ea5p nhi\u1ec1u c\u01a1 h\u1ed9i vi\u1ec7c l\u00e0m trong c\u00e1c ng\u00e0nh ngh\u1ec1 kh\u00e1c nhau. M\u1ee9c l\u01b0\u01a1ng t\u1ed1i thi\u1ec3u cao \u0111\u1ea3m b\u1ea3o m\u1ee9c s\u1ed1ng tho\u1ea3i m\u00e1i, m\u00f4i tr\u01b0\u1eddng l\u00e0m vi\u1ec7c linh ho\u1ea1t gi\u00fap c\u00e2n b\u1eb1ng t\u1ed1t gi\u1eefa c\u00f4ng vi\u1ec7c v\u00e0 cu\u1ed9c s\u1ed1ng, c\u00f9ng v\u1edbi c\u00e1c ph\u00fac l\u1ee3i h\u01b0u tr\u00ed h\u1ea5p d\u1eabn.<\/p>\n<p style=\"text-align: justify;\"><strong>4. Nhu c\u1ea7u cao v\u1ec1 lao \u0111\u1ed9ng tay ngh\u1ec1 cao<\/strong><\/p>\n<p style=\"text-align: justify;\">\u00dac lu\u00f4n t\u00ecm ki\u1ebfm c\u00e1c chuy\u00ean gia l\u00e0nh ngh\u1ec1 trong c\u00e1c l\u0129nh v\u1ef1c nh\u01b0 y t\u1ebf, k\u1ef9 thu\u1eadt, c\u00f4ng ngh\u1ec7 th\u00f4ng tin v\u00e0 x\u00e2y d\u1ef1ng, \u0111\u1ed3ng th\u1eddi cung c\u1ea5p nhi\u1ec1u l\u1ef1a ch\u1ecdn visa t\u1ea1m tr\u00fa v\u00e0 th\u01b0\u1eddng tr\u00fa ph\u00f9 h\u1ee3p v\u1edbi lao \u0111\u1ed9ng tay ngh\u1ec1 cao.<\/p>\n<p style=\"text-align: justify;\"><strong>5. Ch\u00ednh s\u00e1ch nh\u1eadp c\u01b0 c\u1edfi m\u1edf<\/strong><\/p>\n<p style=\"text-align: justify;\">Ch\u00ednh s\u00e1ch nh\u1eadp c\u01b0 c\u1ee7a \u00dac r\u1ea5t \u0111a d\u1ea1ng v\u00e0 bao g\u1ed3m nhi\u1ec1u lo\u1ea1i visa nh\u01b0 visa kinh doanh, visa k\u1ef9 n\u0103ng, visa gia \u0111\u00ecnh, visa h\u00f4n nh\u00e2n, visa du h\u1ecdc v\u00e0 visa du l\u1ecbch. Khung ph\u00e1p l\u00fd nh\u1eadp c\u01b0 \u0111\u01b0\u1ee3c thi\u1ebft k\u1ebf \u0111\u1ec3 thu h\u00fat nh\u00e2n t\u00e0i \u0111\u00f3ng g\u00f3p v\u00e0o s\u1ef1 ph\u00e1t tri\u1ec3n \u0111\u1ea5t n\u01b0\u1edbc v\u00e0 th\u00fac \u0111\u1ea9y \u0111a v\u0103n h\u00f3a.<\/p>\n<p style=\"text-align: justify;\"><strong>K\u1ebft lu\u1eadn<\/strong><\/p>\n<p style=\"text-align: justify;\">\u00dac k\u1ebft h\u1ee3p gi\u1eefa n\u1ec1n kinh t\u1ebf n\u0103ng \u0111\u1ed9ng v\u00e0 phong c\u00e1ch s\u1ed1ng th\u01b0 gi\u00e3n, l\u00e0 \u0111i\u1ec3m \u0111\u1ebfn l\u00fd t\u01b0\u1edfng cho c\u00e1c chuy\u00ean gia, gia \u0111\u00ecnh v\u00e0 du h\u1ecdc sinh. T\u1ea1i ImmiCo, ch\u00fang t\u00f4i cam k\u1ebft h\u1ed7 tr\u1ee3 b\u1ea1n ho\u00e0n th\u00e0nh quy tr\u00ecnh nh\u1eadp c\u01b0 v\u00e0 bi\u1ebfn \u01b0\u1edbc m\u01a1 \u0111\u1ecbnh c\u01b0 \u00dac c\u1ee7a b\u1ea1n th\u00e0nh hi\u1ec7n th\u1ef1c. Li\u00ean h\u1ec7 v\u1edbi ch\u00fang t\u00f4i \u0111\u1ec3 \u0111\u01b0\u1ee3c h\u1ed7 tr\u1ee3 chuy\u00ean nghi\u1ec7p trong vi\u1ec7c xin visa \u0111\u1ecbnh c\u01b0.<\/p>\n[\/vc_column_text][\/vc_column][\/vc_row]\n<\/div>","protected":false},"excerpt":{"rendered":"<p>[vc_row top_margin=&#8221;0&#8243; bottom_margin=&#8221;0&#8243; css=&#8221;.vc_custom_1499912039446{margin-top: -30px !important;}&#8221;][vc_column][\/vc_column][\/vc_row][vc_row][vc_column][vc_column_text css=&#8221;&#8221;] \u00dac l\u00e0 qu\u1ed1c gia c\u1ee7a nh\u1eefng c\u01a1 h\u1ed9i v\u00f4 t\u1eadn, thu h\u00fat nh\u1eefng c\u00e1 nh\u00e2n t\u00ecm ki\u1ebfm cu\u1ed9c s\u1ed1ng ch\u1ea5t l\u01b0\u1ee3ng, s\u1ef1 ph\u00e1t tri\u1ec3n ngh\u1ec1 nghi\u1ec7p v\u00e0 c\u1ea3nh quan thi\u00ean nhi\u00ean tuy\u1ec7t \u0111\u1eb9p. D\u01b0\u1edbi \u0111\u00e2y l\u00e0 n\u0103m l\u00fd do h\u1ea5p d\u1eabn khi\u1ebfn \u00dac tr\u1edf th\u00e0nh l\u1ef1a ch\u1ecdn h\u00e0ng [&hellip;]<\/p>\n","protected":false},"author":1,"featured_media":0,"parent":0,"menu_order":0,"comment_status":"closed","ping_status":"closed","template":"","meta":{"footnotes":""},"class_list":["post-8530","page","type-page","status-publish","hentry"],"_links":{"self":[{"href":"https:\/\/immico.vn\/vi\/wp-json\/wp\/v2\/pages\/8530","targetHints":{"allow":["GET"]}}],"collection":[{"href":"https:\/\/immico.vn\/vi\/wp-json\/wp\/v2\/pages"}],"about":[{"href":"https:\/\/immico.vn\/vi\/wp-json\/wp\/v2\/types\/page"}],"author":[{"embeddable":true,"href":"https:\/\/immico.vn\/vi\/wp-json\/wp\/v2\/users\/1"}],"replies":[{"embeddable":true,"href":"https:\/\/immico.vn\/vi\/wp-json\/wp\/v2\/comments?post=8530"}],"version-history":[{"count":6,"href":"https:\/\/immico.vn\/vi\/wp-json\/wp\/v2\/pages\/8530\/revisions"}],"predecessor-version":[{"id":10140,"href":"https:\/\/immico.vn\/vi\/wp-json\/wp\/v2\/pages\/8530\/revisions\/10140"}],"wp:attachment":[{"href":"https:\/\/immico.vn\/vi\/wp-json\/wp\/v2\/media?parent=8530"}],"curies":[{"name":"wp","href":"https:\/\/api.w.org\/{rel}","templated":true}]}}