{"id":9024,"date":"2021-04-11T04:39:17","date_gmt":"2021-04-11T04:39:17","guid":{"rendered":"https:\/\/colaw.vn\/?page_id=9024\/"},"modified":"2025-05-23T02:55:41","modified_gmt":"2025-05-23T02:55:41","slug":"dinh-cu-thong-qua-hinh-thuc-du-hoc","status":"publish","type":"page","link":"https:\/\/immico.vn\/vi\/dinh-cu-thong-qua-hinh-thuc-du-hoc\/","title":{"rendered":"\u0110\u1ecbnh c\u01b0 th\u00f4ng qua h\u00ecnh th\u1ee9c Du H\u1ecdc"},"content":{"rendered":"<div class=\"wpb-content-wrapper\">[vc_row top_margin=&#8221;0&#8243; bottom_margin=&#8221;0&#8243; css=&#8221;.vc_custom_1499912039446{margin-top: -30px !important;}&#8221;][vc_column]<div class=\"shortcode-wrapper shortcode-title clearfix hb-animate-element hb-fade-in\"><p style=\"color:#9a4c3c!important;border-color:#9a4c3c\" class=\"hb-text-large aligncenter\">\u0110\u1ecbnh c\u01b0 \u00dac th\u00f4ng qua con \u0111\u01b0\u1eddng du h\u1ecdc<br \/>\n<\/p><\/div>[\/vc_column][\/vc_row][vc_row][vc_column][vc_column_text css=&#8221;&#8221;]\n<p style=\"text-align: justify;\">Du h\u1ecdc sinh t\u1ea1i \u00dac c\u00f3 m\u1ed9t l\u1ed9 tr\u00ecnh \u0111\u1eb7c bi\u1ec7t \u0111\u1ec3 \u0111\u1ea1t \u0111\u01b0\u1ee3c m\u1ee5c ti\u00eau \u0111\u1ecbnh c\u01b0 l\u00e2u d\u00e0i, kh\u00e1c bi\u1ec7t so v\u1edbi nhi\u1ec1u qu\u1ed1c gia kh\u00e1c. \u0110\u1ec3 th\u00e0nh c\u00f4ng trong l\u1ed9 tr\u00ecnh n\u00e0y, b\u1ea1n kh\u00f4ng ch\u1ec9 c\u1ea7n gi\u1eef v\u1eefng visa du h\u1ecdc, m\u00e0 c\u00f2n ph\u1ea3i tr\u1ea3i qua m\u1ed9t chu\u1ed7i c\u00e1c h\u1ed3 s\u01a1 xin visa ph\u1ee9c t\u1ea1p v\u00e0 r\u00f5 r\u00e0ng qua nhi\u1ec1u giai \u0111o\u1ea1n.<\/p>\n<p style=\"text-align: justify;\"><strong>D\u01b0\u1edbi \u0111\u00e2y l\u00e0 c\u00e1c b\u01b0\u1edbc c\u1ee5 th\u1ec3 trong quy tr\u00ecnh \u0111\u1ecbnh c\u01b0 \u00dac th\u00f4ng qua du h\u1ecdc:<\/strong><\/p>\n<p style=\"text-align: justify;\"><strong>B\u01b0\u1edbc 1: Xin visa du h\u1ecdc \u00dac<\/strong><\/p>\n<p style=\"text-align: justify;\">Tr\u01b0\u1edbc khi xin visa du h\u1ecdc \u00dac (Subclass 500), b\u1ea1n c\u1ea7n x\u00e1c \u0111\u1ecbnh ng\u00e0nh h\u1ecdc c\u1ee7a m\u00ecnh n\u1eb1m trong danh s\u00e1ch ng\u00e0nh ngh\u1ec1 \u01b0u ti\u00ean \u0111\u1ecbnh c\u01b0 c\u1ee7a \u00dac. \u0110\u1ed3ng th\u1eddi, ti\u1ec3u bang n\u01a1i b\u1ea1n d\u1ef1 \u0111\u1ecbnh du h\u1ecdc c\u1ea7n c\u00f3 ch\u00ednh s\u00e1ch cho ph\u00e9p sinh vi\u00ean qu\u1ed1c t\u1ebf \u1edf l\u1ea1i l\u00e0m vi\u1ec7c v\u00e0 \u0111\u1ecbnh c\u01b0 sau khi t\u1ed1t nghi\u1ec7p.<\/p>\n<p style=\"text-align: justify;\"><strong>B\u01b0\u1edbc 2: Xin visa sau t\u1ed1t nghi\u1ec7p<\/strong><\/p>\n<p style=\"text-align: justify;\">Sau khi ho\u00e0n t\u1ea5t kh\u00f3a h\u1ecdc, b\u1ea1n c\u1ea7n n\u1ed9p \u0111\u01a1n xin Visa T\u1ed1t nghi\u1ec7p T\u1ea1m th\u1eddi (Subclass 485). Visa n\u00e0y cho ph\u00e9p b\u1ea1n l\u01b0u tr\u00fa t\u1eeb 2 \u0111\u1ebfn 4 n\u0103m t\u1ea1i \u00dac \u0111\u1ec3 t\u00edch l\u0169y kinh nghi\u1ec7m l\u00e0m vi\u1ec7c li\u00ean quan \u0111\u1ebfn ng\u00e0nh h\u1ecdc.<\/p>\n<p style=\"text-align: justify;\"><strong>B\u01b0\u1edbc 3: Xin visa di\u1ec7n tay ngh\u1ec1<\/strong><\/p>\n<p style=\"text-align: justify;\">Sau khi t\u00edch l\u0169y kinh nghi\u1ec7m l\u00e0m vi\u1ec7c b\u1eb1ng visa Subclass 485, b\u1ea1n s\u1ebd ti\u1ebfp t\u1ee5c xin visa di\u1ec7n tay ngh\u1ec1 \u00dac. Ban \u0111\u1ea7u, b\u1ea1n c\u00f3 th\u1ec3 \u0111\u1ee7 \u0111i\u1ec1u ki\u1ec7n cho c\u00e1c lo\u1ea1i visa tay ngh\u1ec1 t\u1ea1m th\u1eddi v\u00e0 sau \u0111\u00f3 h\u01b0\u1edbng \u0111\u1ebfn c\u00e1c lo\u1ea1i visa tay ngh\u1ec1 th\u01b0\u1eddng tr\u00fa. C\u00e1c l\u1ef1a ch\u1ecdn visa bao g\u1ed3m Subclass 189, Subclass 190, Subclass 191, Subclass 482, Subclass 186, Subclass 491 v\u00e0 Subclass 494.<\/p>\n<p style=\"text-align: justify;\">Vi\u1ec7c xin c\u00e1c lo\u1ea1i visa n\u00e0y gi\u00fap b\u1ea1n ti\u1ebfp t\u1ee5c sinh s\u1ed1ng v\u00e0 l\u00e0m vi\u1ec7c t\u1ea1i \u00dac, h\u01b0\u1edbng t\u1edbi vi\u1ec7c \u0111\u1ecbnh c\u01b0 l\u00e2u d\u00e0i.<\/p>\n<p style=\"text-align: justify;\"><strong>Visa du h\u1ecdc Subclass 500 l\u00e0 g\u00ec?<\/strong><\/p>\n<p style=\"text-align: justify;\">Visa du h\u1ecdc Subclass 500 cho ph\u00e9p du h\u1ecdc sinh \u1edf l\u1ea1i \u00dac t\u1ed1i \u0111a 5 n\u0103m \u0111\u1ec3 theo h\u1ecdc to\u00e0n th\u1eddi gian t\u1ea1i m\u1ed9t c\u01a1 s\u1edf gi\u00e1o d\u1ee5c \u0111\u01b0\u1ee3c c\u00f4ng nh\u1eadn.<\/p>\n<p style=\"text-align: justify;\"><strong>C\u00e1c quy\u1ec1n l\u1ee3i c\u1ee7a visa bao g\u1ed3m:<\/strong><\/p>\n<ul>\n<li style=\"list-style-type: none;\">\n<ul>\n<li style=\"text-align: justify;\">Tham gia kh\u00f3a h\u1ecdc \u0111\u01b0\u1ee3c c\u00f4ng nh\u1eadn<\/li>\n<li style=\"text-align: justify;\">Bao g\u1ed3m c\u00e1c th\u00e0nh vi\u00ean trong gia \u0111\u00ecnh (v\u1ee3\/ch\u1ed3ng v\u00e0 con ph\u1ee5 thu\u1ed9c)<\/li>\n<li style=\"text-align: justify;\">N\u1ed9p \u0111\u01a1n tr\u1ef1c tuy\u1ebfn t\u1eeb trong ho\u1eb7c ngo\u00e0i l\u00e3nh th\u1ed5 \u00dac<\/li>\n<li style=\"text-align: justify;\">\u0110\u01b0\u1ee3c ph\u00e9p l\u00e0m vi\u1ec7c t\u1ed1i \u0111a 40 gi\u1edd m\u1ed7i hai tu\u1ea7n sau khi kh\u00f3a h\u1ecdc b\u1eaft \u0111\u1ea7u.<\/li>\n<\/ul>\n<\/li>\n<\/ul>\n[\/vc_column_text][\/vc_column][\/vc_row]\n<\/div>","protected":false},"excerpt":{"rendered":"<p>[vc_row top_margin=&#8221;0&#8243; bottom_margin=&#8221;0&#8243; css=&#8221;.vc_custom_1499912039446{margin-top: -30px !important;}&#8221;][vc_column][\/vc_column][\/vc_row][vc_row][vc_column][vc_column_text css=&#8221;&#8221;] Du h\u1ecdc sinh t\u1ea1i \u00dac c\u00f3 m\u1ed9t l\u1ed9 tr\u00ecnh \u0111\u1eb7c bi\u1ec7t \u0111\u1ec3 \u0111\u1ea1t \u0111\u01b0\u1ee3c m\u1ee5c ti\u00eau \u0111\u1ecbnh c\u01b0 l\u00e2u d\u00e0i, kh\u00e1c bi\u1ec7t so v\u1edbi nhi\u1ec1u qu\u1ed1c gia kh\u00e1c. \u0110\u1ec3 th\u00e0nh c\u00f4ng trong l\u1ed9 tr\u00ecnh n\u00e0y, b\u1ea1n kh\u00f4ng ch\u1ec9 c\u1ea7n gi\u1eef v\u1eefng visa du h\u1ecdc, m\u00e0 c\u00f2n ph\u1ea3i tr\u1ea3i [&hellip;]<\/p>\n","protected":false},"author":1,"featured_media":0,"parent":0,"menu_order":0,"comment_status":"closed","ping_status":"closed","template":"","meta":{"footnotes":""},"class_list":["post-9024","page","type-page","status-publish","hentry"],"_links":{"self":[{"href":"https:\/\/immico.vn\/vi\/wp-json\/wp\/v2\/pages\/9024","targetHints":{"allow":["GET"]}}],"collection":[{"href":"https:\/\/immico.vn\/vi\/wp-json\/wp\/v2\/pages"}],"about":[{"href":"https:\/\/immico.vn\/vi\/wp-json\/wp\/v2\/types\/page"}],"author":[{"embeddable":true,"href":"https:\/\/immico.vn\/vi\/wp-json\/wp\/v2\/users\/1"}],"replies":[{"embeddable":true,"href":"https:\/\/immico.vn\/vi\/wp-json\/wp\/v2\/comments?post=9024"}],"version-history":[{"count":6,"href":"https:\/\/immico.vn\/vi\/wp-json\/wp\/v2\/pages\/9024\/revisions"}],"predecessor-version":[{"id":10169,"href":"https:\/\/immico.vn\/vi\/wp-json\/wp\/v2\/pages\/9024\/revisions\/10169"}],"wp:attachment":[{"href":"https:\/\/immico.vn\/vi\/wp-json\/wp\/v2\/media?parent=9024"}],"curies":[{"name":"wp","href":"https:\/\/api.w.org\/{rel}","templated":true}]}}