{"id":9146,"date":"2023-10-05T09:10:10","date_gmt":"2023-10-05T09:10:10","guid":{"rendered":"https:\/\/immico.vn\/?page_id=9146\/"},"modified":"2025-05-27T03:58:46","modified_gmt":"2025-05-27T03:58:46","slug":"dinh-cu-phap-france","status":"publish","type":"page","link":"https:\/\/immico.vn\/vi\/dinh-cu-phap-france\/","title":{"rendered":"\u0110\u1ecbnh c\u01b0 Ph\u00e1p (France)"},"content":{"rendered":"<div class=\"wpb-content-wrapper\">[vc_row css=&#8221;.vc_custom_1748318314466{margin-top: -30px !important;}&#8221;][vc_column]<div class=\"shortcode-wrapper shortcode-title clearfix hb-animate-element hb-fade-in\"><p style=\"color:#9a4c3c!important;border-color:#9a4c3c\" class=\"hb-text-large aligncenter\">\u0110\u1ecbnh c\u01b0 Ph\u00e1p (France)<\/p><\/div>[\/vc_column][\/vc_row][vc_row][vc_column][vc_column_text css=&#8221;&#8221;]\n<p style=\"text-align: justify;\">L\u00e0 m\u1ed9t \u0111\u1ea5t n\u01b0\u1edbc tinh t\u1ebf v\u00e0 l\u00e0 m\u1ed9t trong nh\u1eefng \u0111\u1ecba \u0111i\u1ec3m n\u1ed5i ti\u1ebfng nh\u1ea5t \u1edf T\u00e2y \u00c2u, gi\u00e0u l\u1ecbch s\u1eed, v\u0103n h\u00f3a v\u00e0 s\u1ef1 \u0111a d\u1ea1ng, Ph\u00e1p l\u00e0 m\u1ed9t n\u01a1i tuy\u1ec7t v\u1eddi \u0111\u1ec3 s\u1ed1ng, l\u00e0m vi\u1ec7c v\u00e0 ngh\u1ec9 h\u01b0u. Ph\u00e1p l\u00e0 m\u1ed9t qu\u1ed1c gia ph\u00e1t tri\u1ec3n cao v\u00e0 l\u00e0 n\u1ec1n kinh t\u1ebf l\u1edbn th\u1ee9 b\u1ea3y tr\u00ean th\u1ebf gi\u1edbi, li\u00ean t\u1ee5c x\u1ebfp h\u1ea1ng cao v\u1ec1 gi\u00e1o d\u1ee5c, ch\u0103m s\u00f3c s\u1ee9c kh\u1ecfe v\u00e0 tu\u1ed5i th\u1ecd.<br \/>\n\u0110\u00e2y l\u00e0 l\u00fd do t\u1ea1i sao c\u00f3 m\u1ed9t l\u01b0\u1ee3ng l\u1edbn ng\u01b0\u1eddi n\u01b0\u1edbc ngo\u00e0i \u0111\u1ebfn Ph\u00e1p h\u00e0ng n\u0103m. \u0110\u1ea5t n\u01b0\u1edbc n\u00e0y l\u00e0 n\u01a1i sinh s\u1ed1ng c\u1ee7a h\u01a1n 6 tri\u1ec7u ng\u01b0\u1eddi n\u01b0\u1edbc ngo\u00e0i t\u1eeb kh\u1eafp n\u01a1i tr\u00ean th\u1ebf gi\u1edbi. Ph\u00e1p c\u0169ng mang \u0111\u1ebfn nh\u1eefng c\u01a1 h\u1ed9i tuy\u1ec7t v\u1eddi, d\u1ecbch v\u1ee5 c\u00f4ng c\u1ed9ng t\u1ed1t, s\u1ef1 c\u00e2n b\u1eb1ng gi\u1eefa c\u00f4ng vi\u1ec7c v\u00e0 cu\u1ed9c s\u1ed1ng, kh\u00ed h\u1eadu ho\u00e0n h\u1ea3o v\u00e0 \u1ea9m th\u1ef1c ngon.<br \/>\n<strong>1. Ai c\u00f3 th\u1ec3 chuy\u1ec3n \u0111\u1ebfn Ph\u00e1p?<\/strong><br \/>\nB\u1ea5t k\u1ef3 ai mu\u1ed1n chuy\u1ec3n \u0111\u1ebfn Ph\u00e1p \u0111\u1ec1u c\u00f3 th\u1ec3 d\u1ec5 d\u00e0ng th\u1ef1c hi\u1ec7n \u0111i\u1ec1u n\u00e0y, nh\u01b0ng qu\u00e1 tr\u00ecnh di chuy\u1ec3n c\u00f3 th\u1ec3 kh\u00e1c \u0111\u1ed1i v\u1edbi nh\u1eefng ng\u01b0\u1eddi b\u00ean ngo\u00e0i EU:<br \/>\n&#8211; C\u00f4ng d\u00e2n EU\/EEA v\u00e0 Th\u1ee5y S\u0129 mu\u1ed1n chuy\u1ec3n \u0111\u1ebfn Ph\u00e1p v\u0129nh vi\u1ec5n kh\u00f4ng c\u1ea7n th\u1ecb th\u1ef1c ho\u1eb7c gi\u1ea5y ph\u00e9p c\u1ee7a Ph\u00e1p. H\u1ecd s\u1ebd ph\u1ea3i xu\u1ea5t tr\u00ecnh h\u1ed9 chi\u1ebfu ho\u1eb7c gi\u1ea5y t\u1edd t\u00f9y th\u00e2n h\u1ee3p l\u1ec7. Tuy nhi\u00ean, c\u00f3 m\u1ed9t s\u1ed1 quy tr\u00ecnh ph\u00e1p l\u00fd kh\u00e1c c\u00f3 th\u1ec3 \u00e1p d\u1ee5ng cho h\u1ecd sau khi chuy\u1ec3n \u0111\u1ebfn \u0111\u1ea5t n\u01b0\u1edbc n\u00e0y.<br \/>\n&#8211; C\u00f4ng d\u00e2n kh\u00f4ng thu\u1ed9c EU\/EEA\/Th\u1ee5y S\u0129 c\u1ea7n c\u00f3 lo\u1ea1i th\u1ecb th\u1ef1c D (th\u1ecb th\u1ef1c l\u01b0u tr\u00fa d\u00e0i h\u1ea1n) v\u00e0 gi\u1ea5y ph\u00e9p c\u01b0 tr\u00fa \u0111\u1ec3 \u0111\u01b0\u1ee3c ph\u00e9p \u1edf l\u1ea1i Ph\u00e1p trong th\u1eddi gian d\u00e0i h\u01a1n 3 th\u00e1ng.<br \/>\n<strong>2. L\u00e0m c\u00e1ch n\u00e0o t\u00f4i c\u00f3 th\u1ec3 chuy\u1ec3n \u0111\u1ebfn Ph\u00e1p v\u1edbi t\u01b0 c\u00e1ch l\u00e0 c\u00f4ng d\u00e2n EU?<\/strong><br \/>\nC\u00f4ng d\u00e2n EU\/EEA v\u00e0 Th\u1ee5y S\u0129 c\u0169ng nh\u01b0 c\u00e1c th\u00e0nh vi\u00ean gia \u0111\u00ecnh c\u1ee7a h\u1ecd c\u1ea7n ph\u1ea3i xin gi\u1ea5y ph\u00e9p c\u01b0 tr\u00fa (carte de s\u00e9jour) khi h\u1ecd \u0111\u1ebfn l\u00e3nh th\u1ed5 Ph\u00e1p. H\u1ecd kh\u00f4ng c\u1ea7n ph\u1ea3i xin th\u1ecb th\u1ef1c nh\u1eadp c\u1ea3nh v\u00ec h\u1ecd l\u00e0 c\u00f4ng d\u00e2n c\u1ee7a Li\u00ean minh Ch\u00e2u \u00c2u v\u00e0 c\u00f3 c\u00e1c quy\u1ec1n gi\u1ed1ng nh\u01b0 c\u00f4ng d\u00e2n Ph\u00e1p.<br \/>\nV\u00ec v\u1eady, h\u1ecd c\u00f3 th\u1ec3 s\u1ed1ng, l\u00e0m vi\u1ec7c v\u00e0 h\u1ecdc t\u1eadp t\u1ea1i Ph\u00e1p v\u1edbi gi\u1ea5y ph\u00e9p c\u01b0 tr\u00fa mi\u1ec5n l\u00e0 h\u1ecd c\u00f3 h\u1ed9 chi\u1ebfu EU h\u1ee3p l\u1ec7.<br \/>\n<strong>3. L\u00e0m c\u00e1ch n\u00e0o t\u00f4i c\u00f3 th\u1ec3 chuy\u1ec3n \u0111\u1ebfn Ph\u00e1p v\u1edbi t\u01b0 c\u00e1ch l\u00e0 c\u00f4ng d\u00e2n ngo\u00e0i EU?<\/strong><br \/>\nC\u00f4ng d\u00e2n ngo\u00e0i EU mu\u1ed1n \u0111\u1ecbnh c\u01b0 l\u00e2u d\u00e0i tr\u00ean l\u00e3nh th\u1ed5 Ph\u00e1p ph\u1ea3i n\u1ed9p \u0111\u01a1n xin v\u00e0 xin th\u1ecb th\u1ef1c d (th\u1ecb th\u1ef1c l\u01b0u tr\u00fa d\u00e0i h\u1ea1n). Ph\u00e1p c\u1ea5p c\u00e1c lo\u1ea1i th\u1ecb th\u1ef1c d\u00e0i h\u1ea1n kh\u00e1c nhau m\u00e0 b\u1ea1n ph\u1ea3i c\u00f3 t\u00f9y thu\u1ed9c v\u00e0o m\u1ee5c \u0111\u00edch nh\u1eadp c\u1ea3nh v\u00e0o l\u00e3nh th\u1ed5 Ph\u00e1p.<br \/>\n<strong>Chuy\u1ec3n \u0111\u1ebfn Ph\u00e1p \u0111\u1ec3 l\u00e0m vi\u1ec7c<\/strong><br \/>\nPh\u00e1p ban h\u00e0nh c\u00e1c lo\u1ea1i th\u1ecb th\u1ef1c l\u00e0m vi\u1ec7c kh\u00e1c nhau cho nh\u1eefng c\u00e1 nh\u00e2n mu\u1ed1n \u0111\u1ebfn Ph\u00e1p l\u00e0m vi\u1ec7c. B\u1ea1n ph\u1ea3i ch\u1ecdn danh m\u1ee5c b\u1ea1n thu\u1ed9c v\u1ec1 v\u00e0 b\u1eaft \u0111\u1ea7u qu\u00e1 tr\u00ecnh \u0111\u0103ng k\u00fd.<br \/>\nNh\u1eefng ng\u01b0\u1eddi lao \u0111\u1ed9ng ngo\u00e0i EU c\u00f3 tr\u00ecnh \u0111\u1ed9 cao c\u0169ng c\u00f3 th\u1ec3 n\u1ed9p \u0111\u01a1n xin Th\u1ebb xanh EU, \u0111\u00e2y l\u00e0 gi\u1ea5y ph\u00e9p l\u00e0m vi\u1ec7c v\u00e0 c\u01b0 tr\u00fa cho ph\u00e9p h\u1ecd s\u1ed1ng v\u00e0 l\u00e0m vi\u1ec7c t\u1ea1i Ph\u00e1p trong th\u1eddi gian t\u1ed1i \u0111a 4 n\u0103m v\u00e0 c\u00f3 th\u1ec3 \u0111\u01b0\u1ee3c gia h\u1ea1n.<br \/>\n<strong>Chuy\u1ec3n \u0111\u1ebfn Ph\u00e1p \u0111\u1ec3 du h\u1ecdc<\/strong><br \/>\nN\u1ebfu b\u1ea1n mu\u1ed1n chuy\u1ec3n \u0111\u1ebfn Ph\u00e1p v\u1edbi m\u1ee5c \u0111\u00edch h\u1ecdc t\u1eadp, b\u1ea1n s\u1ebd c\u1ea7n ph\u1ea3i xin th\u1ecb th\u1ef1c du h\u1ecdc. Th\u1ecb th\u1ef1c du h\u1ecdc Ph\u00e1p \u0111\u01b0\u1ee3c chia th\u00e0nh nhi\u1ec1u lo\u1ea1i kh\u00e1c nhau, v\u00ec v\u1eady b\u1ea1n ph\u1ea3i ch\u1ecdn lo\u1ea1i ph\u00f9 h\u1ee3p v\u1edbi m\u00ecnh.<br \/>\nTrong v\u00f2ng hai th\u00e1ng k\u1ec3 t\u1eeb khi \u0111\u1ebfn Ph\u00e1p, b\u1ea1n ph\u1ea3i \u0111\u0103ng k\u00fd t\u1ea1i V\u0103n ph\u00f2ng Nh\u1eadp c\u01b0 v\u00e0 H\u1ed9i nh\u1eadp.<br \/>\nLo\u1ea1i th\u1ecb th\u1ef1c n\u00e0y c\u0169ng cho ph\u00e9p b\u1ea1n l\u00e0m vi\u1ec7c v\u1edbi s\u1ed1 gi\u1edd c\u1ee5 th\u1ec3 m\u1ed7i tu\u1ea7n (60% s\u1ed1 gi\u1edd l\u00e0m vi\u1ec7c th\u00f4ng th\u01b0\u1eddng \u1edf Ph\u00e1p).<br \/>\n<strong>\u0110i Ph\u00e1p \u0111o\u00e0n t\u1ee5 gia \u0111\u00ecnh<\/strong><br \/>\nTh\u00e0nh vi\u00ean gia \u0111\u00ecnh c\u1ee7a c\u00f4ng d\u00e2n ngo\u00e0i EU c\u00f3 th\u1ec3 \u0111o\u00e0n t\u1ee5 v\u1edbi gia \u0111\u00ecnh h\u1ecd \u1edf Ph\u00e1p b\u1eb1ng c\u00e1ch xin th\u1ecb th\u1ef1c gia \u0111\u00ecnh Ph\u00e1p.<br \/>\nLo\u1ea1i th\u1ecb th\u1ef1c n\u00e0y \u0111\u01b0\u1ee3c c\u1ea5p cho:<br \/>\n&#8211; V\u1ee3 ch\u1ed3ng (n\u1ebfu b\u1ea1n \u0111\u00e3 k\u1ebft h\u00f4n h\u1ee3p ph\u00e1p).<br \/>\n&#8211; Tr\u1ebb em d\u01b0\u1edbi 21 tu\u1ed5i.<br \/>\n&#8211; Cha m\u1eb9 (n\u1ebfu h\u1ecd ph\u1ee5 thu\u1ed9c v\u00e0o b\u1ea1n v\u00e0 kh\u00f4ng c\u00f3 th\u00e0nh vi\u00ean n\u00e0o kh\u00e1c trong gia \u0111\u00ecnh ch\u0103m s\u00f3c h\u1ecd).<br \/>\nTh\u00e0nh vi\u00ean gia \u0111\u00ecnh c\u01b0 tr\u00fa t\u1ea1i Ph\u00e1p ph\u1ea3i ch\u1ee9ng minh r\u1eb1ng h\u1ecd c\u00f3 \u0111\u1ee7 ph\u01b0\u01a1ng ti\u1ec7n t\u00e0i ch\u00ednh c\u1ea7n thi\u1ebft \u0111\u1ec3 h\u1ed7 tr\u1ee3 c\u00e1c th\u00e0nh vi\u00ean kh\u00e1c trong gia \u0111\u00ecnh \u0111\u1ebfn Ph\u00e1p. Sau \u0111\u00f3, b\u1ea1n c\u00f3 th\u1ec3 ti\u1ebfp t\u1ee5c \u0111\u1eb7t l\u1ecbch h\u1eb9n v\u1edbi \u0111\u1ea1i s\u1ee9 qu\u00e1n Ph\u00e1p \u0111\u1ec3 tham d\u1ef1 bu\u1ed5i ph\u1ecfng v\u1ea5n.<br \/>\nKhi \u0111\u1ebfn Ph\u00e1p, b\u1ea1n ph\u1ea3i \u0111\u0103ng k\u00fd v\u00e0 xin gi\u1ea5y ph\u00e9p c\u01b0 tr\u00fa t\u1eeb ch\u00ednh quy\u1ec1n Ph\u00e1p.<br \/>\n<strong>Chuy\u1ec3n \u0111\u1ebfn Ph\u00e1p \u0111\u1ec3 ngh\u1ec9 h\u01b0u<\/strong><br \/>\nN\u1ebfu b\u1ea1n mu\u1ed1n chuy\u1ec3n \u0111\u1ebfn Ph\u00e1p \u0111\u1ec3 ngh\u1ec9 h\u01b0u \u1edf \u0111\u00f3, b\u1ea1n s\u1ebd c\u1ea7n ph\u1ea3i c\u00f3 gi\u1ea5y ph\u00e9p c\u01b0 tr\u00fa (Carte de S\u00e9jour) v\u00ec Ph\u00e1p kh\u00f4ng c\u1ea5p th\u1ecb th\u1ef1c ngh\u1ec9 h\u01b0u. B\u1ea1n c\u00f3 th\u1ec3 n\u1ed9p \u0111\u01a1n xin gi\u1ea5y ph\u00e9p c\u01b0 tr\u00fa cho ng\u01b0\u1eddi v\u1ec1 h\u01b0u t\u1ea1i qu\u1eadn ho\u1eb7c ti\u1ec3u khu g\u1ea7n nh\u1ea5t n\u01a1i b\u1ea1n c\u01b0 tr\u00fa t\u1ea1i Ph\u00e1p.<br \/>\nH\u00e3y nh\u1edb r\u1eb1ng b\u1ea1n s\u1ebd c\u1ea7n ph\u1ea3i c\u00f3 th\u1ecb th\u1ef1c d\u00e0i h\u1ea1n tr\u01b0\u1edbc khi n\u1ed9p \u0111\u01a1n xin gi\u1ea5y ph\u00e9p c\u01b0 tr\u00fa.<br \/>\n<strong>4. Ph\u00e1p c\u00f3 cho ph\u00e9p song t\u1ecbch kh\u00f4ng?<\/strong><br \/>\nPh\u00e1p cho ph\u00e9p c\u00f3 hai qu\u1ed1c t\u1ecbch &#8211; qu\u1ed1c gia n\u00e0y c\u00f4ng nh\u1eadn hai qu\u1ed1c t\u1ecbch v\u00e0o ng\u00e0y 9 th\u00e1ng 1 n\u0103m 1973. Nh\u01b0 v\u1eady, b\u1ea1n \u0111\u01b0\u1ee3c ph\u00e9p gi\u1eef c\u1ea3 hai qu\u1ed1c t\u1ecbch Ph\u00e1p v\u00e0 m\u1ed9t qu\u1ed1c t\u1ecbch kh\u00e1c t\u1eeb m\u1ed9t qu\u1ed1c gia c\u01b0 tr\u00fa kh\u00e1c.<br \/>\nTuy nhi\u00ean, trong tr\u01b0\u1eddng h\u1ee3p m\u1ed9t n\u01b0\u1edbc kh\u00f4ng cho ph\u00e9p c\u00f3 hai qu\u1ed1c t\u1ecbch, b\u1ea1n s\u1ebd ph\u1ea3i l\u1ef1a ch\u1ecdn gi\u1eef qu\u1ed1c t\u1ecbch Ph\u00e1p hay qu\u1ed1c t\u1ecbch kia. V\u00ed d\u1ee5, do m\u1ed9t th\u1ecfa thu\u1eadn gi\u1eefa Ph\u00e1p v\u00e0 H\u00e0 Lan, c\u00f4ng d\u00e2n H\u00e0 Lan nh\u1eadp qu\u1ed1c t\u1ecbch Ph\u00e1p s\u1ebd kh\u00f4ng c\u00f2n l\u00e0 c\u00f4ng d\u00e2n H\u00e0 Lan n\u1eefa v\u00e0 ng\u01b0\u1ee3c l\u1ea1i.<br \/>\n<strong>5. T\u00f4i c\u1ea7n s\u1ed1ng \u1edf Ph\u00e1p bao l\u00e2u \u0111\u1ec3 c\u00f3 \u0111\u01b0\u1ee3c quy\u1ec1n c\u00f4ng d\u00e2n?<\/strong><br \/>\n\u0110\u1ec3 \u0111\u1ee7 \u0111i\u1ec1u ki\u1ec7n nh\u1eadp qu\u1ed1c t\u1ecbch Ph\u00e1p, b\u1ea1n ph\u1ea3i s\u1ed1ng \u1edf n\u01b0\u1edbc n\u00e0y \u00edt nh\u1ea5t 5 n\u0103m li\u00ean t\u1ee5c . N\u1ebfu b\u1ea1n \u0111\u00e3 k\u1ebft h\u00f4n ho\u1eb7c c\u00f3 con, b\u1ea1n ph\u1ea3i s\u1ed1ng \u1edf Ph\u00e1p c\u00f9ng gia \u0111\u00ecnh trong kho\u1ea3ng th\u1eddi gian n\u00f3i tr\u00ean (5 n\u0103m).<br \/>\nB\u1ea1n s\u1ebd \u0111\u01b0\u1ee3c y\u00eau c\u1ea7u ch\u1ee9ng minh r\u1eb1ng b\u1ea1n \u0111\u00e3 c\u01b0 tr\u00fa \u1edf Ph\u00e1p trong 5 n\u0103m qua v\u00e0 ngu\u1ed3n thu nh\u1eadp ch\u00ednh c\u1ee7a b\u1ea1n l\u00e0 \u1edf Ph\u00e1p. B\u1ea1n c\u0169ng ph\u1ea3i \u0111\u00e1p \u1ee9ng m\u1ed9t s\u1ed1 y\u00eau c\u1ea7u \u0111\u1ec3 \u0111\u1ee7 \u0111i\u1ec1u ki\u1ec7n nh\u1eadp qu\u1ed1c t\u1ecbch Ph\u00e1p.<br \/>\nM\u1ed9t c\u00e1ch kh\u00e1c \u0111\u1ec3 b\u1ea1n c\u00f3 th\u1ec3 c\u00f3 \u0111\u01b0\u1ee3c qu\u1ed1c t\u1ecbch Ph\u00e1p l\u00e0 b\u1eb1ng c\u00e1ch sinh ra. Tuy nhi\u00ean, quy\u1ec1n c\u00f4ng d\u00e2n khi sinh ra ch\u1ec9 \u0111\u01b0\u1ee3c \u00e1p d\u1ee5ng n\u1ebfu:<br \/>\n&#8211; B\u1ea1n sinh ra \u1edf Ph\u00e1p v\u00e0 m\u1ed9t trong nh\u1eefng cha m\u1eb9 c\u1ee7a b\u1ea1n sinh ra \u1edf Ph\u00e1p.<br \/>\n&#8211; M\u1ed9t trong nh\u1eefng cha m\u1eb9 c\u1ee7a b\u1ea1n l\u00e0 ng\u01b0\u1eddi Ph\u00e1p.<br \/>\n&#8211; B\u1ea1n sinh ra \u1edf Ph\u00e1p v\u00e0 m\u1ed9t trong hai cha m\u1eb9 c\u1ee7a b\u1ea1n l\u00e0 c\u00f4ng d\u00e2n Ph\u00e1p.<br \/>\n&#8211; B\u1ea1n \u0111\u01b0\u1ee3c cha m\u1eb9 ng\u01b0\u1eddi Ph\u00e1p nh\u1eadn nu\u00f4i.<br \/>\n<strong>6. T\u00f4i c\u00f3 th\u1ec3 mang \u0111\u1ed3 \u0111\u1ea1c c\u00e1 nh\u00e2n c\u1ee7a m\u00ecnh \u0111\u1ebfn Ph\u00e1p kh\u00f4ng?<\/strong><br \/>\nN\u1ebfu b\u1ea1n chuy\u1ec3n \u0111\u1ebfn Ph\u00e1p t\u1eeb m\u1ed9t qu\u1ed1c gia Ch\u00e2u \u00c2u, b\u1ea1n s\u1ebd \u0111\u01b0\u1ee3c mi\u1ec5n n\u1ed9p thu\u1ebf. B\u1ea1n c\u0169ng c\u00f3 th\u1ec3 \u0111\u01b0\u1ee3c mi\u1ec5n thu\u1ebf h\u1ea3i quan n\u1ebfu b\u1ea1n \u0111\u00e3 \u1edf m\u1ed9t qu\u1ed1c gia ngo\u00e0i EU \u00edt nh\u1ea5t m\u1ed9t n\u0103m v\u00e0 mu\u1ed1n ch\u1ecdn Ph\u00e1p l\u00e0 n\u01a1i c\u01b0 tr\u00fa ch\u00ednh c\u1ee7a m\u00ecnh.<br \/>\n<strong>Khi nh\u1eadp kh\u1ea9u \u0111\u1ed3 \u0111\u1ea1c c\u1ee7a b\u1ea1n sang Ph\u00e1p, b\u1ea1n c\u1ea7n tu\u00e2n th\u1ee7 c\u00e1c quy t\u1eafc sau:<\/strong><br \/>\n&#8211; B\u1ea1n ph\u1ea3i nh\u1eadp \u0111\u1ed3 \u0111\u1ea1c c\u1ee7a m\u00ecnh sang Ph\u00e1p trong v\u00f2ng 12 th\u00e1ng k\u1ec3 t\u1eeb ng\u00e0y b\u1ea1n c\u01b0 tr\u00fa t\u1ea1i Ph\u00e1p.<br \/>\n&#8211; B\u1ea1n c\u00f3 th\u1ec3 nh\u1eadp t\u1ea5t c\u1ea3 \u0111\u1ed3 \u0111\u1ea1c c\u1ee7a m\u00ecnh c\u00f9ng m\u1ed9t l\u00fac ho\u1eb7c theo nhi\u1ec1u giai \u0111o\u1ea1n.<br \/>\n&#8211; B\u1ea1n kh\u00f4ng \u0111\u01b0\u1ee3c ph\u00e9p tho\u00e1i v\u1ed1n (b\u00e1n, cho thu\u00ea, cho m\u01b0\u1ee3n, c\u1ea7m c\u1ed1, v.v.) b\u1ea5t k\u1ef3 t\u00e0i s\u1ea3n n\u00e0o \u0111\u01b0\u1ee3c mi\u1ec5n thu\u1ebf trong v\u00f2ng 12 th\u00e1ng k\u1ec3 t\u1eeb khi ch\u00fang v\u00e0o l\u00e3nh th\u1ed5 Ph\u00e1p.<br \/>\n<strong>Cung c\u1ea5p c\u00e1c t\u00e0i li\u1ec7u sau cho h\u1ea3i quan Ph\u00e1p:<\/strong><br \/>\n&#8211; B\u1ea3n ki\u1ec3m k\u00ea chi ti\u1ebft, \u01b0\u1edbc t\u00ednh v\u1ec1 \u0111\u1ed3 \u0111\u1ea1c v\u00e0 \u0111\u1ed3 gia d\u1ee5ng b\u1ea1n mu\u1ed1n nh\u1eadp kh\u1ea9u sang Ph\u00e1p.<br \/>\n&#8211; M\u1eabu CERFA 100700 \u0111\u1ec3 khai b\u00e1o mi\u1ec5n thu\u1ebf nh\u1eadp kh\u1ea9u t\u00e0i s\u1ea3n c\u00e1 nh\u00e2n t\u1eeb c\u00e1c qu\u1ed1c gia ngo\u00e0i EU.<br \/>\n&#8211; C\u00e1c t\u00e0i li\u1ec7u ch\u1ee9ng minh r\u1eb1ng:<br \/>\n\u2022 N\u01a1i c\u01b0 tr\u00fa ch\u00ednh c\u1ee7a b\u1ea1n l\u00e0 \u1edf m\u1ed9t qu\u1ed1c gia ngo\u00e0i EU.<br \/>\n\u2022 B\u1ea1n \u0111ang chuy\u1ec3n \u0111\u1ebfn Ph\u00e1p (v\u00ed d\u1ee5: thay \u0111\u1ed5i gi\u1ea5y ch\u1ee9ng nh\u1eadn c\u01b0 tr\u00fa, l\u1ec7nh \u0111i\u1ec1u chuy\u1ec3n c\u00f4ng ch\u1ee9c v\u00e0 th\u00e0nh vi\u00ean qu\u00e2n \u0111\u1ed9i Ph\u00e1p, th\u1ebb c\u01b0 tr\u00fa, th\u1ebb nh\u1eadp c\u01b0, v.v.).<\/p>\n[\/vc_column_text][\/vc_column][\/vc_row]\n<\/div>","protected":false},"excerpt":{"rendered":"<p>[vc_row css=&#8221;.vc_custom_1748318314466{margin-top: -30px !important;}&#8221;][vc_column][\/vc_column][\/vc_row][vc_row][vc_column][vc_column_text css=&#8221;&#8221;] L\u00e0 m\u1ed9t \u0111\u1ea5t n\u01b0\u1edbc tinh t\u1ebf v\u00e0 l\u00e0 m\u1ed9t trong nh\u1eefng \u0111\u1ecba \u0111i\u1ec3m n\u1ed5i ti\u1ebfng nh\u1ea5t \u1edf T\u00e2y \u00c2u, gi\u00e0u l\u1ecbch s\u1eed, v\u0103n h\u00f3a v\u00e0 s\u1ef1 \u0111a d\u1ea1ng, Ph\u00e1p l\u00e0 m\u1ed9t n\u01a1i tuy\u1ec7t v\u1eddi \u0111\u1ec3 s\u1ed1ng, l\u00e0m vi\u1ec7c v\u00e0 ngh\u1ec9 h\u01b0u. Ph\u00e1p l\u00e0 m\u1ed9t qu\u1ed1c gia ph\u00e1t tri\u1ec3n cao v\u00e0 [&hellip;]<\/p>\n","protected":false},"author":4,"featured_media":0,"parent":0,"menu_order":0,"comment_status":"closed","ping_status":"closed","template":"","meta":{"footnotes":""},"class_list":["post-9146","page","type-page","status-publish","hentry"],"_links":{"self":[{"href":"https:\/\/immico.vn\/vi\/wp-json\/wp\/v2\/pages\/9146","targetHints":{"allow":["GET"]}}],"collection":[{"href":"https:\/\/immico.vn\/vi\/wp-json\/wp\/v2\/pages"}],"about":[{"href":"https:\/\/immico.vn\/vi\/wp-json\/wp\/v2\/types\/page"}],"author":[{"embeddable":true,"href":"https:\/\/immico.vn\/vi\/wp-json\/wp\/v2\/users\/4"}],"replies":[{"embeddable":true,"href":"https:\/\/immico.vn\/vi\/wp-json\/wp\/v2\/comments?post=9146"}],"version-history":[{"count":6,"href":"https:\/\/immico.vn\/vi\/wp-json\/wp\/v2\/pages\/9146\/revisions"}],"predecessor-version":[{"id":10566,"href":"https:\/\/immico.vn\/vi\/wp-json\/wp\/v2\/pages\/9146\/revisions\/10566"}],"wp:attachment":[{"href":"https:\/\/immico.vn\/vi\/wp-json\/wp\/v2\/media?parent=9146"}],"curies":[{"name":"wp","href":"https:\/\/api.w.org\/{rel}","templated":true}]}}