{"id":9209,"date":"2023-11-29T04:08:52","date_gmt":"2023-11-29T04:08:52","guid":{"rendered":"https:\/\/immico.vn\/?page_id=9209\/"},"modified":"2025-05-23T02:37:17","modified_gmt":"2025-05-23T02:37:17","slug":"visa-188a-visa-tam-tru-doanh-nhan-doi-moi","status":"publish","type":"page","link":"https:\/\/immico.vn\/vi\/visa-188a-visa-tam-tru-doanh-nhan-doi-moi\/","title":{"rendered":"Visa 188A \u2013 Visa T\u1ea1m Tr\u00fa \u2013 Di\u1ec7n \u0111\u1ed5i m\u1edbi Kinh doanh"},"content":{"rendered":"<div class=\"wpb-content-wrapper\">[vc_row css=&#8221;.vc_custom_1747967833775{margin-top: -30px !important;}&#8221;][vc_column]<div class=\"shortcode-wrapper shortcode-title clearfix hb-animate-element hb-fade-in\"><p style=\"color:#9A4C3C!important;border-color:#9A4C3C\" class=\"hb-text-large aligncenter\">Visa 188A \u2013 Visa T\u1ea1m Tr\u00fa \u2013 Di\u1ec7n \u0111\u1ed5i m\u1edbi Kinh doanh<\/p><\/div>[\/vc_column][\/vc_row][vc_row][vc_column][vc_column_text css=&#8221;&#8221;]\n<p style=\"text-align: justify;\"><strong>1. \u0110\u1eb7c \u0111i\u1ec3m<\/strong><\/p>\n<p style=\"text-align: justify;\"><strong>Th\u1ecb th\u1ef1c 188A (<\/strong><strong>Business Innovation Stream<\/strong><strong>)<\/strong>\u00a0d\u00e0nh cho nh\u1eefng ng\u01b0\u1eddi n\u1ed9p \u0111\u01a1n (\u0111\u01b0\u01a1ng \u0111\u01a1n) mu\u1ed1n th\u00e0nh l\u1eadp m\u1ed9t doanh nghi\u1ec7p m\u1edbi ho\u1eb7c mua l\u1ea1i doanh nghi\u1ec7p hi\u1ec7n c\u00f3 t\u1ea1i \u00dac.<\/p>\n<p style=\"text-align: justify;\">Th\u1ecb th\u1ef1c 188A c\u00f3 gi\u00e1 tr\u1ecb trong 5 n\u0103m v\u00e0 ng\u01b0\u1eddi \u0111\u01b0\u1ee3c c\u1ea5p th\u1ecb th\u1ef1c s\u1ebd \u0111\u1ee7 \u0111i\u1ec1u ki\u1ec7n nh\u1eadn Th\u1ecb th\u1ef1c Kinh doanh Th\u01b0\u1eddng tr\u00fa 888A sau 3 n\u0103m n\u1ebfu \u0111\u00e1p \u1ee9ng m\u1ed9t s\u1ed1 y\u00eau c\u1ea7u nh\u1ea5t \u0111\u1ecbnh.<\/p>\n<p style=\"text-align: justify;\"><strong>2. Q<\/strong><strong>uy\u1ec1n l\u1ee3i<\/strong><\/p>\n<p style=\"text-align: justify;\">Nh\u00e0 \u0111\u1ea7u t\u01b0 c\u00f9ng v\u1ee3\/ch\u1ed3ng v\u00e0 con d\u01b0\u1edbi 23 tu\u1ed5i c\u00f3 c\u01a1 h\u1ed9i \u0111\u01b0\u1ee3c \u0111\u1ecbnh c\u01b0 t\u1ea1m tr\u00fa t\u1ea1i \u00dac. \u0110i\u1ec1u n\u00e0y mang l\u1ea1i cho c\u1ea3 gia \u0111\u00ecnh quy\u1ec1n s\u1ed1ng, l\u00e0m vi\u1ec7c v\u00e0 h\u1ecdc t\u1eadp t\u1ea1i \u0111\u1ea5t n\u01b0\u1edbc n\u00e0y.<\/p>\n<p style=\"text-align: justify;\">M\u1ed9t l\u1ee3i \u00edch \u0111\u00e1ng k\u1ec3 l\u00e0 con c\u00e1i \u0111\u01b0\u1ee3c h\u01b0\u1edfng mi\u1ec5n ph\u00ed gi\u00e1o d\u1ee5c t\u1eeb m\u1eabu gi\u00e1o \u0111\u1ebfn h\u1ebft trung h\u1ecdc ph\u1ed5 th\u00f4ng t\u1ea1i c\u00e1c tr\u01b0\u1eddng c\u00f4ng.<\/p>\n<p style=\"text-align: justify;\">Sau khi \u0111\u00e1p \u1ee9ng \u0111\u01b0\u1ee3c c\u00e1c y\u00eau c\u1ea7u v\u1ec1 kinh doanh v\u00e0 c\u01b0 tr\u00fa, gia \u0111\u00ecnh c\u00f3 th\u1ec3 n\u1ed9p \u0111\u01a1n xin th\u01b0\u1eddng tr\u00fa v\u0129nh vi\u1ec5n (Visa 888A). Khi \u0111\u1ea1t \u0111\u01b0\u1ee3c visa n\u00e0y, c\u1ea3 gia \u0111\u00ecnh s\u1ebd \u0111\u01b0\u1ee3c h\u01b0\u1edfng m\u1ecdi quy\u1ec1n l\u1ee3i y t\u1ebf, gi\u00e1o d\u1ee5c, an sinh x\u00e3 h\u1ed9i&#8230; (ngo\u1ea1i tr\u1eeb quy\u1ec1n b\u1ea7u c\u1eed).<\/p>\n<p style=\"text-align: justify;\">Sau \u00edt nh\u1ea5t 4 n\u0103m c\u01b0 tr\u00fa t\u1ea1i \u00dac, trong \u0111\u00f3 c\u00f3 \u00edt nh\u1ea5t 1 n\u0103m l\u00e0 c\u01b0 d\u00e2n th\u01b0\u1eddng tr\u00fa (kh\u00f4ng v\u1eafng m\u1eb7t \u1edf \u00dac qu\u00e1 1 n\u0103m trong 4 n\u0103m tr\u01b0\u1edbc ng\u00e0y n\u1ed9p \u0111\u01a1n, v\u00e0 kh\u00f4ng v\u1eafng m\u1eb7t \u1edf \u00dac qu\u00e1 90 ng\u00e0y trong n\u0103m cu\u1ed1i c\u00f9ng), nh\u00e0 \u0111\u1ea7u t\u01b0 v\u00e0 gia \u0111\u00ecnh c\u00f3 th\u1ec3 n\u1ed9p \u0111\u01a1n xin nh\u1eadp qu\u1ed1c t\u1ecbch \u00dac. Khi \u0111\u01b0\u1ee3c c\u00f4ng nh\u1eadn qu\u1ed1c t\u1ecbch \u00dac, nh\u00e0 \u0111\u1ea7u t\u01b0 s\u1ebd c\u00f3 \u0111\u1ea7y \u0111\u1ee7 quy\u1ec1n l\u1ee3i c\u00f4ng d\u00e2n v\u00e0 \u0111\u01b0\u1ee3c mi\u1ec5n th\u1ecb th\u1ef1c khi du l\u1ecbch \u0111\u1ebfn 167 qu\u1ed1c gia tr\u00ean th\u1ebf gi\u1edbi.<\/p>\n<p style=\"text-align: justify;\"><strong>3. \u0110<\/strong><strong>i\u1ec1u ki\u1ec7n<\/strong><\/p>\n<p style=\"text-align: justify;\"><strong>\u0110\u1ec3 \u0111\u00e1p \u1ee9ng y\u00eau c\u1ea7u v\u1ec1 n\u0103ng l\u1ef1c, \u0111\u01b0\u01a1ng \u0111\u01a1n c\u1ea7n th\u1ecfa m\u00e3n c\u00e1c \u0111i\u1ec1u ki\u1ec7n sau:<\/strong><\/p>\n<p style=\"text-align: justify;\">&#8211; Tu\u1ed5i: D\u01b0\u1edbi 55 tu\u1ed5i.<\/p>\n<p style=\"text-align: justify;\">&#8211; Vai tr\u00f2 trong doanh nghi\u1ec7p: Ph\u1ea3i l\u00e0 ch\u1ee7 doanh nghi\u1ec7p ho\u1eb7c c\u1ed5 \u0111\u00f4ng g\u00f3p v\u1ed1n c\u00f3 tham gia qu\u1ea3n l\u00fd c\u00f4ng ty. \u0110\u1ed3ng th\u1eddi, c\u1ea7n ch\u1ee9ng minh c\u00f3 qu\u00e1 tr\u00ecnh kinh doanh th\u00e0nh c\u00f4ng t\u1ea1i Vi\u1ec7t Nam.<\/p>\n<p style=\"text-align: justify;\">&#8211; T\u00e0i s\u1ea3n: T\u1ed5ng gi\u00e1 tr\u1ecb t\u00e0i s\u1ea3n ph\u1ea3i \u0111\u1ea1t t\u1ed1i thi\u1ec3u 1.250.000 \u0111\u00f4 la \u00dac (t\u01b0\u01a1ng \u0111\u01b0\u01a1ng 21 t\u1ef7 \u0111\u1ed3ng Vi\u1ec7t Nam).<\/p>\n<p style=\"text-align: justify;\">&#8211; \u0110i\u1ec3m s\u1ed1 di tr\u00fa: Ph\u1ea3i \u0111\u1ea1t t\u1ed1i thi\u1ec3u 65 \u0111i\u1ec3m trong Thang \u0111i\u1ec3m Di tr\u00fa \u00dac.<\/p>\n<p style=\"text-align: justify;\">&#8211; B\u1ea3o l\u00e3nh: Ph\u1ea3i \u0111\u01b0\u1ee3c b\u1ea3o l\u00e3nh b\u1edfi m\u1ed9t trong c\u00e1c T\u1ec9nh bang \u00dac.<\/p>\n<p style=\"text-align: justify;\"><strong>\u0110\u1ed1i v\u1edbi c\u00f4ng ty v\u00e0 kinh nghi\u1ec7m kinh doanh, nh\u00e0 \u0111\u1ea7u t\u01b0 c\u1ea7n \u0111\u00e1p \u1ee9ng c\u00e1c y\u00eau c\u1ea7u sau:<\/strong><\/p>\n<p style=\"text-align: justify;\">&#8211; S\u1edf h\u1eefu v\u1ed1n v\u00e0 qu\u1ea3n l\u00fd: Ph\u1ea3i s\u1edf h\u1eefu t\u1ed1i thi\u1ec3u 30% v\u1ed1n trong c\u00f4ng ty v\u00e0 tr\u1ef1c ti\u1ebfp \u0111i\u1ec1u h\u00e0nh qu\u1ea3n l\u00fd doanh nghi\u1ec7p n\u00e0y trong \u00edt nh\u1ea5t 3 n\u0103m.<\/p>\n<p style=\"text-align: justify;\">&#8211; Doanh thu: Trong 2 trong 4 n\u0103m t\u00e0i ch\u00ednh g\u1ea7n nh\u1ea5t t\u00ednh \u0111\u1ebfn ng\u00e0y n\u1ed9p \u0111\u01a1n, doanh thu c\u1ee7a c\u00f4ng ty n\u00e0y ph\u1ea3i \u0111\u1ea1t t\u1ed1i thi\u1ec3u 750.000 \u0111\u00f4 la \u00dac (t\u01b0\u01a1ng \u0111\u01b0\u01a1ng 2,6 t\u1ef7)\/n\u0103m.<\/p>\n<p style=\"text-align: justify;\">&#8211; Kinh doanh th\u00e0nh c\u00f4ng: C\u1ea7n ch\u1ee9ng minh c\u00f3 qu\u00e1 tr\u00ecnh kinh doanh th\u00e0nh c\u00f4ng t\u1ea1i Vi\u1ec7t Nam.<\/p>\n<p style=\"text-align: justify;\">T\u1ea5t c\u1ea3 c\u00e1c y\u00eau c\u1ea7u tr\u00ean \u0111\u1ec1u \u0111\u01b0\u1ee3c \u0111\u00e1nh gi\u00e1 \u0111\u1ec3 x\u00e1c \u0111\u1ecbnh n\u0103ng l\u1ef1c v\u00e0 \u0111\u1ed9 tin c\u1eady c\u1ee7a nh\u00e0 \u0111\u1ea7u t\u01b0 trong vi\u1ec7c \u0111\u1ea7u t\u01b0 v\u00e0 \u0111\u1ecbnh c\u01b0 t\u1ea1i \u00dac.<\/p>\n[\/vc_column_text][\/vc_column][\/vc_row]\n<\/div>","protected":false},"excerpt":{"rendered":"<p>[vc_row css=&#8221;.vc_custom_1747967833775{margin-top: -30px !important;}&#8221;][vc_column][\/vc_column][\/vc_row][vc_row][vc_column][vc_column_text css=&#8221;&#8221;] 1. \u0110\u1eb7c \u0111i\u1ec3m Th\u1ecb th\u1ef1c 188A (Business Innovation Stream)\u00a0d\u00e0nh cho nh\u1eefng ng\u01b0\u1eddi n\u1ed9p \u0111\u01a1n (\u0111\u01b0\u01a1ng \u0111\u01a1n) mu\u1ed1n th\u00e0nh l\u1eadp m\u1ed9t doanh nghi\u1ec7p m\u1edbi ho\u1eb7c mua l\u1ea1i doanh nghi\u1ec7p hi\u1ec7n c\u00f3 t\u1ea1i \u00dac. Th\u1ecb th\u1ef1c 188A c\u00f3 gi\u00e1 tr\u1ecb trong 5 n\u0103m v\u00e0 ng\u01b0\u1eddi \u0111\u01b0\u1ee3c c\u1ea5p th\u1ecb th\u1ef1c s\u1ebd \u0111\u1ee7 \u0111i\u1ec1u [&hellip;]<\/p>\n","protected":false},"author":4,"featured_media":0,"parent":0,"menu_order":0,"comment_status":"closed","ping_status":"closed","template":"","meta":{"footnotes":""},"class_list":["post-9209","page","type-page","status-publish","hentry"],"_links":{"self":[{"href":"https:\/\/immico.vn\/vi\/wp-json\/wp\/v2\/pages\/9209","targetHints":{"allow":["GET"]}}],"collection":[{"href":"https:\/\/immico.vn\/vi\/wp-json\/wp\/v2\/pages"}],"about":[{"href":"https:\/\/immico.vn\/vi\/wp-json\/wp\/v2\/types\/page"}],"author":[{"embeddable":true,"href":"https:\/\/immico.vn\/vi\/wp-json\/wp\/v2\/users\/4"}],"replies":[{"embeddable":true,"href":"https:\/\/immico.vn\/vi\/wp-json\/wp\/v2\/comments?post=9209"}],"version-history":[{"count":5,"href":"https:\/\/immico.vn\/vi\/wp-json\/wp\/v2\/pages\/9209\/revisions"}],"predecessor-version":[{"id":10464,"href":"https:\/\/immico.vn\/vi\/wp-json\/wp\/v2\/pages\/9209\/revisions\/10464"}],"wp:attachment":[{"href":"https:\/\/immico.vn\/vi\/wp-json\/wp\/v2\/media?parent=9209"}],"curies":[{"name":"wp","href":"https:\/\/api.w.org\/{rel}","templated":true}]}}