{"id":9211,"date":"2023-11-29T04:10:45","date_gmt":"2023-11-29T04:10:45","guid":{"rendered":"https:\/\/immico.vn\/?page_id=9211\/"},"modified":"2025-05-23T02:43:01","modified_gmt":"2025-05-23T02:43:01","slug":"visa-888a-visa-thuong-tru-doanh-nhan-doi-moi","status":"publish","type":"page","link":"https:\/\/immico.vn\/vi\/visa-888a-visa-thuong-tru-doanh-nhan-doi-moi\/","title":{"rendered":"Visa 888A \u2013 Visa Th\u01b0\u1eddng Tr\u00fa &#8211; Di\u1ec7n \u0111\u1ed5i m\u1edbi Kinh doanh"},"content":{"rendered":"<div class=\"wpb-content-wrapper\">[vc_row css=&#8221;.vc_custom_1747968170581{margin-top: -30px !important;}&#8221;][vc_column]<div class=\"shortcode-wrapper shortcode-title clearfix hb-animate-element hb-fade-in\"><p style=\"color:#9A4C3C!important;border-color:#9A4C3C\" class=\"hb-text-large aligncenter\">Visa 888A \u2013 Visa Th\u01b0\u1eddng Tr\u00fa &#8211; Di\u1ec7n \u0111\u1ed5i m\u1edbi Kinh doanh<\/p><\/div>[\/vc_column][\/vc_row][vc_row][vc_column][vc_column_text css=&#8221;&#8221;]\n<p style=\"text-align: justify;\">V\u00ec visa 188A l\u00e0 th\u1ecb th\u1ef1c t\u1ea1m th\u1eddi, b\u1ea1n ph\u1ea3i \u0111\u00e1p \u1ee9ng c\u00e1c y\u00eau c\u1ea7u sau \u0111\u00e2y tr\u01b0\u1edbc khi c\u00f3 th\u1ec3 n\u1ed9p \u0111\u01a1n xin th\u1ecb th\u1ef1c lo\u1ea1i Doanh nh\u00e2n \u0111\u1ed5i m\u1edbi v\u0129nh vi\u1ec5n:<\/p>\n<p style=\"text-align: justify;\">&#8211; Qu\u1ea3n l\u00fd doanh nghi\u1ec7p: \u0110\u01b0\u01a1ng \u0111\u01a1n ph\u1ea3i sang \u00dac \u0111\u1ec3 th\u00e0nh l\u1eadp ho\u1eb7c mua l\u1ea1i m\u1ed9t doanh nghi\u1ec7p v\u00e0 tr\u1ef1c ti\u1ebfp tham gia qu\u1ea3n l\u00fd ho\u1ea1t \u0111\u1ed9ng c\u1ee7a doanh nghi\u1ec7p n\u00e0y. B\u00ean c\u1ea1nh \u0111\u00f3, \u0111\u01b0\u01a1ng \u0111\u01a1n c\u1ea7n s\u1edf h\u1eefu t\u1ed1i thi\u1ec3u 30% v\u1ed1n trong doanh nghi\u1ec7p.<\/p>\n<p style=\"text-align: justify;\">&#8211; H\u1ea1n m\u1ee9c \u0111\u1ea7u t\u01b0: H\u1ea1n m\u1ee9c \u0111\u1ea7u t\u01b0 t\u00f9y thu\u1ed9c v\u00e0o t\u1eebng bang t\u1ea1i \u00dac, nh\u01b0ng th\u01b0\u1eddng l\u00e0 t\u1eeb 300.000 \u0111\u00f4 la \u00dac (t\u01b0\u01a1ng \u0111\u01b0\u01a1ng 5 t\u1ef7 \u0111\u1ed3ng Vi\u1ec7t Nam).<\/p>\n<p style=\"text-align: justify;\">&#8211; Th\u1eddi gian ho\u1ea1t \u0111\u1ed9ng doanh nghi\u1ec7p: Doanh nghi\u1ec7p t\u1ea1i \u00dac ph\u1ea3i ho\u1ea1t \u0111\u1ed9ng \u00edt nh\u1ea5t 2 n\u0103m tr\u01b0\u1edbc khi n\u1ed9p \u0111\u01a1n xin Visa 888A.<\/p>\n<p style=\"text-align: justify;\">&#8211; Doanh thu: C\u1ea7n c\u00f3 \u00edt nh\u1ea5t 1 n\u0103m \u0111\u1ea1t doanh thu t\u1ed1i thi\u1ec3u 300.000 AUD\/n\u0103m.<\/p>\n<p style=\"text-align: justify;\">&#8211; \u0110\u00e1p \u1ee9ng 2 trong 3 \u0111i\u1ec1u ki\u1ec7n sau:<\/p>\n<p style=\"padding-left: 40px; text-align: justify;\">+ T\u00e0i s\u1ea3n r\u00f2ng doanh nghi\u1ec7p \u0111\u1ea1t t\u1ed1i thi\u1ec3u 300.000 AUD.<\/p>\n<p style=\"padding-left: 40px; text-align: justify;\">+ T\u1ed5ng t\u00e0i s\u1ea3n c\u00e1 nh\u00e2n v\u00e0 t\u00e0i s\u1ea3n r\u00f2ng c\u1ee7a doanh nghi\u1ec7p \u0111\u1ea1t t\u1ed1i thi\u1ec3u 600.000 AUD.<\/p>\n<p style=\"padding-left: 40px; text-align: justify;\">+ T\u1ea1o t\u1ed1i thi\u1ec3u 2 vi\u1ec7c l\u00e0m to\u00e0n th\u1eddi gian.<\/p>\n<p style=\"text-align: justify;\">&#8211; L\u01b0u tr\u00fa: \u0110\u01b0\u01a1ng \u0111\u01a1n c\u1ea7n c\u00f3 l\u01b0u tr\u00fa t\u1ed1i thi\u1ec3u 1 n\u0103m trong 3 n\u0103m tr\u01b0\u1edbc ng\u00e0y n\u1ed9p \u0111\u01a1n xin Visa 888A.<\/p>\n<p style=\"text-align: justify;\">&#8211; Tu\u00e2n th\u1ee7 ph\u00e1p lu\u1eadt \u00dac: \u0110\u01b0\u01a1ng \u0111\u01a1n kh\u00f4ng \u0111\u01b0\u1ee3c vi ph\u1ea1m ph\u00e1p lu\u1eadt \u00dac.<\/p>\n<p style=\"text-align: justify;\">\u0110\u00e1p \u1ee9ng \u0111\u1ea7y \u0111\u1ee7 c\u00e1c y\u00eau c\u1ea7u tr\u00ean s\u1ebd gi\u00fap \u0111\u01b0\u01a1ng \u0111\u01a1n \u0111\u01b0\u1ee3c c\u1ea5p Visa 888A, cho ph\u00e9p \u0111\u1ecbnh c\u01b0 v\u00e0 t\u1eadn h\u01b0\u1edfng c\u00e1c quy\u1ec1n l\u1ee3i v\u0129nh vi\u1ec5n t\u1ea1i \u00dac.<\/p>\n[\/vc_column_text][\/vc_column][\/vc_row]\n<\/div>","protected":false},"excerpt":{"rendered":"<p>[vc_row css=&#8221;.vc_custom_1747968170581{margin-top: -30px !important;}&#8221;][vc_column][\/vc_column][\/vc_row][vc_row][vc_column][vc_column_text css=&#8221;&#8221;] V\u00ec visa 188A l\u00e0 th\u1ecb th\u1ef1c t\u1ea1m th\u1eddi, b\u1ea1n ph\u1ea3i \u0111\u00e1p \u1ee9ng c\u00e1c y\u00eau c\u1ea7u sau \u0111\u00e2y tr\u01b0\u1edbc khi c\u00f3 th\u1ec3 n\u1ed9p \u0111\u01a1n xin th\u1ecb th\u1ef1c lo\u1ea1i Doanh nh\u00e2n \u0111\u1ed5i m\u1edbi v\u0129nh vi\u1ec5n: &#8211; Qu\u1ea3n l\u00fd doanh nghi\u1ec7p: \u0110\u01b0\u01a1ng \u0111\u01a1n ph\u1ea3i sang \u00dac \u0111\u1ec3 th\u00e0nh l\u1eadp ho\u1eb7c mua l\u1ea1i m\u1ed9t [&hellip;]<\/p>\n","protected":false},"author":4,"featured_media":0,"parent":0,"menu_order":0,"comment_status":"closed","ping_status":"closed","template":"","meta":{"footnotes":""},"class_list":["post-9211","page","type-page","status-publish","hentry"],"_links":{"self":[{"href":"https:\/\/immico.vn\/vi\/wp-json\/wp\/v2\/pages\/9211","targetHints":{"allow":["GET"]}}],"collection":[{"href":"https:\/\/immico.vn\/vi\/wp-json\/wp\/v2\/pages"}],"about":[{"href":"https:\/\/immico.vn\/vi\/wp-json\/wp\/v2\/types\/page"}],"author":[{"embeddable":true,"href":"https:\/\/immico.vn\/vi\/wp-json\/wp\/v2\/users\/4"}],"replies":[{"embeddable":true,"href":"https:\/\/immico.vn\/vi\/wp-json\/wp\/v2\/comments?post=9211"}],"version-history":[{"count":3,"href":"https:\/\/immico.vn\/vi\/wp-json\/wp\/v2\/pages\/9211\/revisions"}],"predecessor-version":[{"id":10470,"href":"https:\/\/immico.vn\/vi\/wp-json\/wp\/v2\/pages\/9211\/revisions\/10470"}],"wp:attachment":[{"href":"https:\/\/immico.vn\/vi\/wp-json\/wp\/v2\/media?parent=9211"}],"curies":[{"name":"wp","href":"https:\/\/api.w.org\/{rel}","templated":true}]}}