{"id":9214,"date":"2023-11-29T04:12:24","date_gmt":"2023-11-29T04:12:24","guid":{"rendered":"https:\/\/immico.vn\/?page_id=9214\/"},"modified":"2025-05-23T02:39:42","modified_gmt":"2025-05-23T02:39:42","slug":"visa-188b-visa-tam-tru-visa-dien-dau-tu-vao-cac-quy-duoc-chi-dinh","status":"publish","type":"page","link":"https:\/\/immico.vn\/vi\/visa-188b-visa-tam-tru-visa-dien-dau-tu-vao-cac-quy-duoc-chi-dinh\/","title":{"rendered":"Visa 188B &#8211; Visa T\u1ea1m Tr\u00fa &#8211; Di\u1ec7n Nh\u00e0 \u0111\u1ea7u t\u01b0"},"content":{"rendered":"<div class=\"wpb-content-wrapper\">[vc_row css=&#8221;.vc_custom_1747967974631{margin-top: -30px !important;}&#8221;][vc_column]<div class=\"shortcode-wrapper shortcode-title clearfix hb-animate-element hb-fade-in\"><p style=\"color:#9A4C3C!important;border-color:#9A4C3C\" class=\"hb-text-large aligncenter\">Visa 188B &#8211; Visa T\u1ea1m Tr\u00fa &#8211; Di\u1ec7n Nh\u00e0 \u0111\u1ea7u t\u01b0<\/p><\/div>[\/vc_column][\/vc_row][vc_row][vc_column][vc_column_text css=&#8221;&#8221;]\n<p style=\"text-align: justify;\"><strong>1. \u0110\u1eb7c \u0111i\u1ec3m<\/strong><\/p>\n<p style=\"text-align: justify;\">Th\u1ecb th\u1ef1c Doanh nghi\u1ec7p 188B &#8211; Di\u1ec7n \u0111\u1ea7u t\u01b0 l\u00e0 th\u1ecb th\u1ef1c t\u1ea1m th\u1eddi trong 5 n\u0103m v\u00e0 l\u00fd t\u01b0\u1edfng cho nh\u1eefng ng\u01b0\u1eddi mu\u1ed1n th\u1ef1c hi\u1ec7n kho\u1ea3n \u0111\u1ea7u t\u01b0 \u0111\u01b0\u1ee3c ch\u1ec9 \u0111\u1ecbnh \u00edt nh\u1ea5t 2,5 tri\u1ec7u \u0111\u00f4 la \u00dac v\u00e0o m\u1ed9t ti\u1ec3u bang ho\u1eb7c v\u00f9ng l\u00e3nh th\u1ed5 c\u1ee7a \u00dac.<\/p>\n<p style=\"text-align: justify;\"><strong>2. \u0110<\/strong><strong>i\u1ec1u ki\u1ec7n<\/strong><\/p>\n<p style=\"text-align: justify;\">&#8211; D\u01b0\u1edbi 55 tu\u1ed5i. C\u00f3 m\u1ed9t ngo\u1ea1i l\u1ec7 \u0111\u1ed1i v\u1edbi y\u00eau c\u1ea7u n\u00e0y \u2013 n\u1ebfu ti\u1ec3u bang ho\u1eb7c l\u00e3nh th\u1ed5 \u0111\u1ec1 c\u1eed x\u00e1c nh\u1eadn r\u1eb1ng ng\u01b0\u1eddi n\u1ed9p \u0111\u01a1n s\u1ebd t\u1ea1o ra l\u1ee3i \u00edch kinh t\u1ebf \u0111\u1eb7c bi\u1ec7t.<\/p>\n<p style=\"text-align: justify;\">&#8211; \u0110\u1ea1t \u00edt nh\u1ea5t 65 \u0111i\u1ec3m trong b\u00e0i ki\u1ec3m tra \u0111i\u1ec3m<\/p>\n<p style=\"text-align: justify;\">&#8211; \u0110\u00e3 n\u1ed9p Th\u01b0 b\u00e0y t\u1ecf nguy\u1ec7n v\u1ecdng m\u00e0 b\u1ea1n \u0111\u00e3 nh\u1eadn \u0111\u01b0\u1ee3c l\u1eddi m\u1eddi \u0111\u0103ng k\u00fd<\/p>\n<p style=\"text-align: justify;\">&#8211; \u0110\u01b0\u1ee3c \u0111\u1ec1 c\u1eed b\u1edfi ch\u00ednh ph\u1ee7 Ti\u1ec3u bang ho\u1eb7c L\u00e3nh th\u1ed5 \u00dac<\/p>\n<p style=\"text-align: justify;\">&#8211; \u0110\u00e3 n\u1eafm gi\u1eef t\u00e0i s\u1ea3n kinh doanh v\u00e0 c\u00e1 nh\u00e2n v\u1edbi gi\u00e1 tr\u1ecb r\u00f2ng \u00edt nh\u1ea5t l\u00e0 2,5 tri\u1ec7u AUD trong hai n\u0103m t\u00e0i ch\u00ednh g\u1ea7n nh\u1ea5t.<\/p>\n<p style=\"text-align: justify;\">&#8211; B\u1ea1n ph\u1ea3i \u0111\u1ea7u t\u01b0 2,5 tri\u1ec7u AUD v\u00e0o tr\u00e1i phi\u1ebfu c\u1ee7a ti\u1ec3u bang ho\u1eb7c l\u00e3nh th\u1ed5 \u00dac tr\u01b0\u1edbc khi th\u1ecb th\u1ef1c c\u1ee7a b\u1ea1n \u0111\u01b0\u1ee3c c\u1ea5p.<\/p>\n<p style=\"text-align: justify;\">&#8211; B\u1ea1n ph\u1ea3i c\u00f3 \u00edt nh\u1ea5t 3 n\u0103m kinh nghi\u1ec7m qu\u1ea3n l\u00fd m\u1ed9t doanh nghi\u1ec7p \u0111\u1ee7 \u0111i\u1ec1u ki\u1ec7n ho\u1eb7c &#8220;c\u00e1c kho\u1ea3n \u0111\u1ea7u t\u01b0 \u0111\u1ee7 \u0111i\u1ec1u ki\u1ec7n&#8221; v\u00e0 \u0111\u00e3 th\u1ec3 hi\u1ec7n k\u1ef9 n\u0103ng qu\u1ea3n l\u00fd \u1edf tr\u00ecnh \u0111\u1ed9 cao.<\/p>\n<p style=\"text-align: justify;\">&#8211; Trong \u00edt nh\u1ea5t 1 trong 5 n\u0103m t\u00e0i ch\u00ednh, b\u1ea1n c\u00f3:<\/p>\n<p style=\"padding-left: 40px; text-align: justify;\">+ Qu\u1ea3n l\u00fd m\u1ed9t doanh nghi\u1ec7p \u0111\u1ee7 \u0111i\u1ec1u ki\u1ec7n m\u00e0 b\u1ea1n n\u1eafm gi\u1eef 10% c\u1ed5 ph\u1ea7n; ho\u1eb7c<\/p>\n<p style=\"padding-left: 40px; text-align: justify;\">+ Qu\u1ea3n l\u00fd \u201cc\u00e1c kho\u1ea3n \u0111\u1ea7u t\u01b0 \u0111\u1ee7 \u0111i\u1ec1u ki\u1ec7n\u201d \u00edt nh\u1ea5t 2,5 tri\u1ec7u AUD<\/p>\n<p style=\"text-align: justify;\"><strong>C\u00e1c kho\u1ea3n \u0111\u1ea7u t\u01b0 h\u1ee3p l\u1ec7 bao g\u1ed3m:<\/strong><\/p>\n<p style=\"text-align: justify;\">&#8211; Quy\u1ec1n s\u1edf h\u1eefu trong doanh nghi\u1ec7p<\/p>\n<p style=\"text-align: justify;\">&#8211; Ti\u1ec1n g\u1eedi<\/p>\n<p style=\"text-align: justify;\">&#8211; C\u1ed5 phi\u1ebfu ho\u1eb7c tr\u00e1i phi\u1ebfu<\/p>\n<p style=\"text-align: justify;\">&#8211; \u0110\u1ecba \u1ed1c<\/p>\n<p style=\"text-align: justify;\">&#8211; V\u00e0ng<\/p>\n<p style=\"text-align: justify;\">&#8211; Cho doanh nghi\u1ec7p vay<\/p>\n<p style=\"text-align: justify;\"><strong>3. Q<\/strong><strong>uy\u1ec1n l\u1ee3i<\/strong><\/p>\n<p style=\"text-align: justify;\">&#8211; Th\u1ef1c hi\u1ec7n ho\u1ea1t \u0111\u1ed9ng kinh doanh v\u00e0 \u0111\u1ea7u t\u01b0 t\u1ea1i \u00dac<\/p>\n<p style=\"text-align: justify;\">&#8211; \u1ede l\u1ea1i \u00dac t\u1ed1i \u0111a 5 n\u0103m<\/p>\n<p style=\"text-align: justify;\">&#8211; Quy\u1ec1n l\u00e0m vi\u1ec7c v\u00e0 h\u1ecdc t\u1eadp \u0111\u1ea7y \u0111\u1ee7<\/p>\n<p style=\"text-align: justify;\">&#8211; Ra v\u00e0o \u00dac trong th\u1eddi gian visa c\u00f2n hi\u1ec7u l\u1ef1c<\/p>\n<p style=\"text-align: justify;\">&#8211; Mang theo c\u00e1c th\u00e0nh vi\u00ean \u0111\u1ee7 \u0111i\u1ec1u ki\u1ec7n c\u1ee7a \u0111\u01a1n v\u1ecb gia \u0111\u00ecnh c\u1ee7a b\u1ea1n v\u1edbi b\u1ea1n<\/p>\n<p style=\"text-align: justify;\">N\u1ed9p \u0111\u01a1n xin th\u1ecb th\u1ef1c \u0110\u1ea7u t\u01b0 v\u00e0 \u0110\u1ed5i m\u1edbi Kinh doanh V\u0129nh vi\u1ec5n (V\u0129nh vi\u1ec5n) (Subclass 888) di\u1ec7n Nh\u00e0 \u0111\u1ea7u t\u01b0 n\u1ebfu \u0111\u00e1p \u1ee9ng m\u1ed9t s\u1ed1 y\u00eau c\u1ea7u nh\u1ea5t \u0111\u1ecbnh<\/p>\n[\/vc_column_text][\/vc_column][\/vc_row]\n<\/div>","protected":false},"excerpt":{"rendered":"<p>[vc_row css=&#8221;.vc_custom_1747967974631{margin-top: -30px !important;}&#8221;][vc_column][\/vc_column][\/vc_row][vc_row][vc_column][vc_column_text css=&#8221;&#8221;] 1. \u0110\u1eb7c \u0111i\u1ec3m Th\u1ecb th\u1ef1c Doanh nghi\u1ec7p 188B &#8211; Di\u1ec7n \u0111\u1ea7u t\u01b0 l\u00e0 th\u1ecb th\u1ef1c t\u1ea1m th\u1eddi trong 5 n\u0103m v\u00e0 l\u00fd t\u01b0\u1edfng cho nh\u1eefng ng\u01b0\u1eddi mu\u1ed1n th\u1ef1c hi\u1ec7n kho\u1ea3n \u0111\u1ea7u t\u01b0 \u0111\u01b0\u1ee3c ch\u1ec9 \u0111\u1ecbnh \u00edt nh\u1ea5t 2,5 tri\u1ec7u \u0111\u00f4 la \u00dac v\u00e0o m\u1ed9t ti\u1ec3u bang ho\u1eb7c v\u00f9ng l\u00e3nh th\u1ed5 [&hellip;]<\/p>\n","protected":false},"author":4,"featured_media":0,"parent":0,"menu_order":0,"comment_status":"closed","ping_status":"closed","template":"","meta":{"footnotes":""},"class_list":["post-9214","page","type-page","status-publish","hentry"],"_links":{"self":[{"href":"https:\/\/immico.vn\/vi\/wp-json\/wp\/v2\/pages\/9214","targetHints":{"allow":["GET"]}}],"collection":[{"href":"https:\/\/immico.vn\/vi\/wp-json\/wp\/v2\/pages"}],"about":[{"href":"https:\/\/immico.vn\/vi\/wp-json\/wp\/v2\/types\/page"}],"author":[{"embeddable":true,"href":"https:\/\/immico.vn\/vi\/wp-json\/wp\/v2\/users\/4"}],"replies":[{"embeddable":true,"href":"https:\/\/immico.vn\/vi\/wp-json\/wp\/v2\/comments?post=9214"}],"version-history":[{"count":5,"href":"https:\/\/immico.vn\/vi\/wp-json\/wp\/v2\/pages\/9214\/revisions"}],"predecessor-version":[{"id":10466,"href":"https:\/\/immico.vn\/vi\/wp-json\/wp\/v2\/pages\/9214\/revisions\/10466"}],"wp:attachment":[{"href":"https:\/\/immico.vn\/vi\/wp-json\/wp\/v2\/media?parent=9214"}],"curies":[{"name":"wp","href":"https:\/\/api.w.org\/{rel}","templated":true}]}}