{"id":9217,"date":"2023-11-29T04:13:48","date_gmt":"2023-11-29T04:13:48","guid":{"rendered":"https:\/\/immico.vn\/?page_id=9217\/"},"modified":"2025-05-23T02:44:44","modified_gmt":"2025-05-23T02:44:44","slug":"visa-888b-visa-thuong-tru-visa-dien-dau-tu-vao-cac-quy-duoc-chi-dinh","status":"publish","type":"page","link":"https:\/\/immico.vn\/vi\/visa-888b-visa-thuong-tru-visa-dien-dau-tu-vao-cac-quy-duoc-chi-dinh\/","title":{"rendered":"Visa 888B &#8211; Visa Th\u01b0\u1eddng Tr\u00fa &#8211; Di\u1ec7n Nh\u00e0 \u0111\u1ea7u t\u01b0"},"content":{"rendered":"<div class=\"wpb-content-wrapper\">[vc_row css=&#8221;.vc_custom_1747968273180{margin-top: -30px !important;}&#8221;][vc_column]<div class=\"shortcode-wrapper shortcode-title clearfix hb-animate-element hb-fade-in\"><p style=\"color:#9A4C3C!important;border-color:#9A4C3C\" class=\"hb-text-large aligncenter\">Visa 888B &#8211; Visa Th\u01b0\u1eddng Tr\u00fa &#8211; Di\u1ec7n Nh\u00e0 \u0111\u1ea7u t\u01b0<\/p><\/div>[\/vc_column][\/vc_row][vc_row][vc_column][vc_column_text]\n<p style=\"text-align: justify;\">Th\u1ecb th\u1ef1c 888B &#8211; Investor Stream (Permanent) l\u00e0 th\u1ecb th\u1ef1c th\u01b0\u1eddng tr\u00fa cho ph\u00e9p b\u1ea1n ti\u1ebfp t\u1ee5c kinh doanh v\u00e0 \u0111\u1ea7u t\u01b0 t\u1ea1i \u00dac. Th\u1ecb th\u1ef1c 888B l\u00e0 giai \u0111o\u1ea1n th\u1ee9 hai c\u1ee7a th\u1ecb th\u1ef1c 188B. \u0110\u1ec3 \u0111\u00e1p \u1ee9ng c\u00e1c y\u00eau c\u1ea7u sau, \u0111\u01b0\u01a1ng \u0111\u01a1n c\u1ea7n:<\/p>\n<p style=\"text-align: justify;\">&#8211; Th\u1ef1c hi\u1ec7n \u0111\u1ea7u t\u01b0: \u0110\u1ea7u t\u01b0 \u00edt nh\u1ea5t 2,5 tri\u1ec7u AUD v\u00e0o c\u00e1c h\u1ea1ng m\u1ee5c \u0111\u1ea7u t\u01b0 \u0111\u01b0\u1ee3c quy \u0111\u1ecbnh trong th\u1eddi gian t\u1ea1m tr\u00fa t\u1ea1i \u00dac, v\u00e0 duy tr\u00ec \u0111\u1ea7u t\u01b0 n\u00e0y cho \u0111\u1ebfn khi \u0111\u01b0\u1ee3c c\u1ea5p th\u01b0\u1eddng tr\u00fa nh\u00e2n.<\/p>\n<p style=\"text-align: justify;\">&#8211; Th\u1eddi gian t\u1ea1m tr\u00fa: \u0110\u00e1p \u1ee9ng y\u00eau c\u1ea7u th\u1eddi gian t\u1ea1m tr\u00fa b\u1eaft bu\u1ed9c l\u00e0 \u00edt nh\u1ea5t 24 th\u00e1ng. Trong th\u1eddi gian n\u00e0y, \u0111\u01b0\u01a1ng \u0111\u01a1n ph\u1ea3i duy tr\u00ec t\u1ea1m tr\u00fa t\u1ea1i \u00dac kh\u00f4ng v\u1eafng m\u1eb7t qu\u00e1 12 th\u00e1ng.<\/p>\n<p style=\"text-align: justify;\">&#8211; B\u1ea3o l\u00e3nh c\u1ee7a Bang: Nh\u1eadn \u0111\u01b0\u1ee3c b\u1ea3o l\u00e3nh c\u1ee7a m\u1ed9t trong c\u00e1c Bang t\u1ea1i \u00dac, \u0111\u01b0\u1ee3c g\u1ecdi l\u00e0 visa 888B. \u0110i\u1ec1u n\u00e0y c\u00f3 ngh\u0129a l\u00e0 Bang \u0111\u00e3 ch\u1ea5p thu\u1eadn v\u00e0 b\u1ea3o l\u00e3nh \u0111\u01b0\u01a1ng \u0111\u01a1n \u0111\u1ec3 \u0111\u01b0\u1ee3c c\u1ea5p th\u01b0\u1eddng tr\u00fa v\u0129nh vi\u1ec5n t\u1ea1i \u00dac.<\/p>\n<p style=\"text-align: justify;\">\u0110\u00e1p \u1ee9ng \u0111\u1ea7y \u0111\u1ee7 c\u00e1c y\u00eau c\u1ea7u tr\u00ean s\u1ebd gi\u00fap \u0111\u01b0\u01a1ng \u0111\u01a1n c\u00f3 c\u01a1 h\u1ed9i \u0111\u01b0\u1ee3c c\u1ea5p Visa 888B v\u00e0 \u0111\u1ecbnh c\u01b0 v\u0129nh vi\u1ec5n t\u1ea1i \u00dac.<\/p>\n[\/vc_column_text][\/vc_column][\/vc_row]\n<\/div>","protected":false},"excerpt":{"rendered":"<p>[vc_row css=&#8221;.vc_custom_1747968273180{margin-top: -30px !important;}&#8221;][vc_column][\/vc_column][\/vc_row][vc_row][vc_column][vc_column_text] Th\u1ecb th\u1ef1c 888B &#8211; Investor Stream (Permanent) l\u00e0 th\u1ecb th\u1ef1c th\u01b0\u1eddng tr\u00fa cho ph\u00e9p b\u1ea1n ti\u1ebfp t\u1ee5c kinh doanh v\u00e0 \u0111\u1ea7u t\u01b0 t\u1ea1i \u00dac. Th\u1ecb th\u1ef1c 888B l\u00e0 giai \u0111o\u1ea1n th\u1ee9 hai c\u1ee7a th\u1ecb th\u1ef1c 188B. \u0110\u1ec3 \u0111\u00e1p \u1ee9ng c\u00e1c y\u00eau c\u1ea7u sau, \u0111\u01b0\u01a1ng \u0111\u01a1n c\u1ea7n: &#8211; Th\u1ef1c hi\u1ec7n \u0111\u1ea7u t\u01b0: [&hellip;]<\/p>\n","protected":false},"author":4,"featured_media":0,"parent":0,"menu_order":0,"comment_status":"closed","ping_status":"closed","template":"","meta":{"footnotes":""},"class_list":["post-9217","page","type-page","status-publish","hentry"],"_links":{"self":[{"href":"https:\/\/immico.vn\/vi\/wp-json\/wp\/v2\/pages\/9217","targetHints":{"allow":["GET"]}}],"collection":[{"href":"https:\/\/immico.vn\/vi\/wp-json\/wp\/v2\/pages"}],"about":[{"href":"https:\/\/immico.vn\/vi\/wp-json\/wp\/v2\/types\/page"}],"author":[{"embeddable":true,"href":"https:\/\/immico.vn\/vi\/wp-json\/wp\/v2\/users\/4"}],"replies":[{"embeddable":true,"href":"https:\/\/immico.vn\/vi\/wp-json\/wp\/v2\/comments?post=9217"}],"version-history":[{"count":5,"href":"https:\/\/immico.vn\/vi\/wp-json\/wp\/v2\/pages\/9217\/revisions"}],"predecessor-version":[{"id":10472,"href":"https:\/\/immico.vn\/vi\/wp-json\/wp\/v2\/pages\/9217\/revisions\/10472"}],"wp:attachment":[{"href":"https:\/\/immico.vn\/vi\/wp-json\/wp\/v2\/media?parent=9217"}],"curies":[{"name":"wp","href":"https:\/\/api.w.org\/{rel}","templated":true}]}}