{"id":9220,"date":"2023-11-29T04:16:52","date_gmt":"2023-11-29T04:16:52","guid":{"rendered":"https:\/\/immico.vn\/?page_id=9220\/"},"modified":"2025-05-23T02:41:18","modified_gmt":"2025-05-23T02:41:18","slug":"visa-188c-visa-tam-tru-visa-dien-dau-tu-trong-yeu","status":"publish","type":"page","link":"https:\/\/immico.vn\/vi\/visa-188c-visa-tam-tru-visa-dien-dau-tu-trong-yeu\/","title":{"rendered":"Visa 188C &#8211; Visa T\u1ea1m Tr\u00fa &#8211; Di\u1ec7n Nh\u00e0 \u0111\u1ea7u t\u01b0 l\u1edbn"},"content":{"rendered":"<div class=\"wpb-content-wrapper\">[vc_row css=&#8221;.vc_custom_1747968067689{margin-top: -30px !important;}&#8221;][vc_column]<div class=\"shortcode-wrapper shortcode-title clearfix hb-animate-element hb-fade-in\"><p style=\"color:#9A4C3C!important;border-color:#9A4C3C\" class=\"hb-text-large aligncenter\">Visa 188C &#8211; Visa T\u1ea1m Tr\u00fa &#8211; Di\u1ec7n Nh\u00e0 \u0111\u1ea7u t\u01b0 l\u1edbn<\/p><\/div>[\/vc_column][\/vc_row][vc_row][vc_column][vc_column_text]\n<p style=\"text-align: justify;\"><strong>1. \u0110\u1eb7c \u0111i\u1ec3m<\/strong><\/p>\n<p style=\"text-align: justify;\">Visa 188C &#8211; Nh\u00e0 \u0111\u1ea7u t\u01b0 l\u1edbn (Significant Investor) l\u00e0 m\u1ed9t lo\u1ea1i visa \u0111\u1eb7c bi\u1ec7t d\u00e0nh cho nh\u1eefng nh\u00e0 \u0111\u1ea7u t\u01b0 c\u00f3 kh\u1ea3 n\u0103ng t\u00e0i ch\u00ednh m\u1ea1nh m\u1ebd v\u00e0 mong mu\u1ed1n \u0111\u1ea7u t\u01b0 \u00edt nh\u1ea5t 5 tri\u1ec7u AUD \u0111\u1ec3 \u0111\u1ecbnh c\u01b0 t\u1ea1i \u00dac c\u00f9ng v\u1edbi gia \u0111\u00ecnh. \u0110\u00e2y l\u00e0 m\u1ed9t ph\u00e2n lo\u1ea1i visa thu\u1ed9c d\u00f2ng visa \u0110\u1ea7u t\u01b0 v\u00e0 Kinh doanh S\u00e1ng t\u1ea1o.<\/p>\n<p style=\"text-align: justify;\">Visa 188C kh\u00f4ng c\u00f3 h\u1ea1n ch\u1ebf v\u1ec1 \u0111\u1ed9 tu\u1ed5i, b\u1eb1ng c\u1ea5p, kh\u1ea3 n\u0103ng s\u1eed d\u1ee5ng ti\u1ebfng Anh v\u00e0 kh\u00f4ng y\u00eau c\u1ea7u ch\u1ee9ng minh ngu\u1ed3n g\u1ed1c t\u00e0i s\u1ea3n. \u0110i\u1ec1u n\u00e0y c\u00f3 ngh\u0129a l\u00e0 kh\u00f4ng c\u1ea7n ph\u1ea3i ch\u1ee9ng minh ngu\u1ed3n g\u1ed1c t\u00e0i s\u1ea3n hay c\u00f3 nh\u1eefng y\u00eau c\u1ea7u v\u1ec1 h\u1ed3 s\u01a1 h\u1ecdc v\u1ea5n hay ti\u1ebfng Anh nh\u01b0 c\u00e1c lo\u1ea1i visa kh\u00e1c.<\/p>\n<p style=\"text-align: justify;\"><strong>2. \u0110<\/strong><strong>i\u1ec1u ki\u1ec7n<\/strong><\/p>\n<p style=\"text-align: justify;\">Visa 188C mang \u0111\u1ebfn nh\u1eefng l\u1ee3i \u00edch sau \u0111\u1ed1i v\u1edbi ng\u01b0\u1eddi \u0111\u1ea7u t\u01b0 v\u00e0 gia \u0111\u00ecnh:<\/p>\n<p style=\"text-align: justify;\">&#8211; H\u1ecdc t\u1eadp v\u00e0 l\u00e0m vi\u1ec7c mi\u1ec5n ph\u00ed: Ng\u01b0\u1eddi \u0111\u1ea7u t\u01b0 v\u00e0 gia \u0111\u00ecnh c\u00f3 quy\u1ec1n h\u1ecdc t\u1eadp v\u00e0 l\u00e0m vi\u1ec7c h\u1ee3p ph\u00e1p t\u1ea1i \u00dac.<\/p>\n<p style=\"text-align: justify;\">&#8211; Visa t\u1ea1m tr\u00fa trong 4 n\u0103m: Ng\u01b0\u1eddi \u0111\u1ea7u t\u01b0 v\u00e0 gia \u0111\u00ecnh \u0111\u01b0\u1ee3c c\u1ea5p visa t\u1ea1m tr\u00fa c\u00f3 th\u1eddi h\u1ea1n 4 n\u0103m \u0111\u1ec3 s\u1ed1ng v\u00e0 l\u00e0m vi\u1ec7c t\u1ea1i \u00dac.<\/p>\n<p style=\"text-align: justify;\">&#8211; \u01afu \u0111\u00e3i v\u1ec1 thu\u1ebf: Ng\u01b0\u1eddi \u0111\u1ea7u t\u01b0 c\u00f3 th\u1ec3 \u0111\u01b0\u1ee3c h\u01b0\u1edfng nh\u1eefng \u01b0u \u0111\u00e3i v\u1ec1 thu\u1ebf theo quy \u0111\u1ecbnh c\u1ee7a \u00dac.<\/p>\n<p style=\"text-align: justify;\">&#8211; L\u1ee3i su\u1ea5t \u0111\u1ea7u t\u01b0: T\u00f9y thu\u1ed9c v\u00e0o l\u0129nh v\u1ef1c \u0111\u1ea7u t\u01b0 v\u00e0 cam k\u1ebft c\u1ee7a qu\u1ef9 \u0111\u1ea7u t\u01b0, ng\u01b0\u1eddi \u0111\u1ea7u t\u01b0 c\u00f3 th\u1ec3 \u0111\u01b0\u1ee3c h\u01b0\u1edfng l\u1ee3i su\u1ea5t t\u1eeb vi\u1ec7c \u0111\u1ea7u t\u01b0.<\/p>\n<p style=\"text-align: justify;\">&#8211; B\u1ea3o l\u00e3nh gia \u0111\u00ecnh: Visa 188C b\u1ea3o l\u00e3nh c\u1ea3 v\u1ee3\/ch\u1ed3ng v\u00e0 con d\u01b0\u1edbi 23 tu\u1ed5i c\u1ee7a ng\u01b0\u1eddi \u0111\u1ea7u t\u01b0.<\/p>\n<p style=\"text-align: justify;\">&#8211; C\u01a1 h\u1ed9i \u0111\u01b0\u1ee3c c\u1ea5p th\u1ebb th\u01b0\u1eddng tr\u00fa: Sau 4 n\u0103m s\u1ed1ng t\u1ea1i \u00dac d\u01b0\u1edbi d\u1ea1ng visa t\u1ea1m tr\u00fa, ng\u01b0\u1eddi \u0111\u1ea7u t\u01b0 c\u00f3 c\u01a1 h\u1ed9i \u0111\u01b0\u1ee3c c\u1ea5p th\u1ebb th\u01b0\u1eddng tr\u00fa.<\/p>\n<p style=\"text-align: justify;\">&#8211; Nh\u1eadp t\u1ecbch: Sau 1 n\u0103m sinh s\u1ed1ng t\u1ea1i \u00dac d\u01b0\u1edbi d\u1ea1ng th\u01b0\u1eddng tr\u00fa nh\u00e2n, ng\u01b0\u1eddi \u0111\u1ea7u t\u01b0 c\u00f3 th\u1ec3 \u0111\u0103ng k\u00fd nh\u1eadp t\u1ecbch \u00dac.<\/p>\n<p style=\"text-align: justify;\">&#8211; Gia h\u1ea1n visa: N\u1ebfu kh\u00f4ng \u0111\u00e1p \u1ee9ng \u0111\u01b0\u1ee3c \u0111i\u1ec1u ki\u1ec7n th\u1eddi gian c\u01b0 tr\u00fa, ng\u01b0\u1eddi \u0111\u1ea7u t\u01b0 c\u00f3 th\u1ec3 \u0111\u01b0\u1ee3c ph\u00e9p gia h\u1ea1n visa t\u1ea1m tr\u00fa t\u1ed1i \u0111a 2 l\u1ea7n trong 4 n\u0103m.<\/p>\n<p style=\"text-align: justify;\">V\u1edbi visa 188C, ng\u01b0\u1eddi \u0111\u1ea7u t\u01b0 v\u00e0 gia \u0111\u00ecnh c\u00f3 th\u1ec3 t\u1eadn h\u01b0\u1edfng nh\u1eefng l\u1ee3i \u00edch v\u00e0 c\u01a1 h\u1ed9i \u0111\u1ecbnh c\u01b0 v\u0129nh vi\u1ec5n t\u1ea1i \u00dac n\u1ebfu \u0111\u00e1p \u1ee9ng c\u00e1c y\u00eau c\u1ea7u th\u1eddi gian c\u01b0 tr\u00fa.<\/p>\n<p style=\"text-align: justify;\"><strong>3. Q<\/strong><strong>uy\u1ec1n l\u1ee3i<\/strong><\/p>\n<p style=\"text-align: justify;\">&#8211; H\u1ecdc t\u1eadp mi\u1ec5n ph\u00ed v\u00e0 l\u00e0m vi\u1ec7c h\u1ee3p ph\u00e1p t\u1ea1i \u00dac, t\u1ea1o c\u01a1 h\u1ed9i ph\u00e1t tri\u1ec3n ki\u1ebfn th\u1ee9c v\u00e0 ngh\u1ec1 nghi\u1ec7p.<\/p>\n<p style=\"text-align: justify;\">&#8211; Visa t\u1ea1m tr\u00fa trong 4 n\u0103m, cho ph\u00e9p b\u1ea1n s\u1ed1ng v\u00e0 l\u00e0m vi\u1ec7c t\u1ea1i \u00dac trong th\u1eddi gian d\u00e0i.<\/p>\n<p style=\"text-align: justify;\">&#8211; \u01afu \u0111\u00e3i v\u1ec1 thu\u1ebf, gi\u00fap gi\u1ea3m b\u1edbt g\u00e1nh n\u1eb7ng thu\u1ebf trong qu\u00e1 tr\u00ecnh \u0111\u1ea7u t\u01b0 v\u00e0 kinh doanh.<\/p>\n<p style=\"text-align: justify;\">&#8211; H\u01b0\u1edfng l\u00e3i su\u1ea5t t\u1eeb vi\u1ec7c \u0111\u1ea7u t\u01b0, t\u00f9y thu\u1ed9c v\u00e0o l\u0129nh v\u1ef1c \u0111\u1ea7u t\u01b0 v\u00e0 cam k\u1ebft c\u1ee7a qu\u1ef9 \u0111\u1ea7u t\u01b0.<\/p>\n<p style=\"text-align: justify;\">&#8211; B\u1ea3o l\u00e3nh c\u1ea3 gia \u0111\u00ecnh, bao g\u1ed3m v\u1ee3\/ch\u1ed3ng v\u00e0 con d\u01b0\u1edbi 23 tu\u1ed5i, t\u1ea1o \u0111i\u1ec1u ki\u1ec7n cho c\u1ea3 gia \u0111\u00ecnh c\u00f9ng t\u1eadn h\u01b0\u1edfng c\u00e1c quy\u1ec1n l\u1ee3i.<\/p>\n<p style=\"text-align: justify;\">&#8211; C\u00f3 c\u01a1 h\u1ed9i \u0111\u01b0\u1ee3c c\u1ea5p th\u1ebb th\u01b0\u1eddng tr\u00fa sau 4 n\u0103m, m\u1edf ra kh\u1ea3 n\u0103ng \u0111\u1ecbnh c\u01b0 l\u00e2u d\u00e0i t\u1ea1i \u00dac.<\/p>\n<p style=\"text-align: justify;\">&#8211; Nh\u1eadp t\u1ecbch sau 1 n\u0103m sinh s\u1ed1ng t\u1ea1i \u00dac d\u01b0\u1edbi d\u1ea1ng th\u01b0\u1eddng tr\u00fa nh\u00e2n, tr\u1edf th\u00e0nh c\u00f4ng d\u00e2n \u00dac v\u00e0 t\u1eadn h\u01b0\u1edfng m\u1ecdi quy\u1ec1n l\u1ee3i c\u1ee7a m\u1ed9t c\u00f4ng d\u00e2n.<\/p>\n<p style=\"text-align: justify;\">&#8211; Ch\u1ec9 c\u1ea7n \u0111\u01b0\u01a1ng \u0111\u01a1n th\u1ecfa m\u00e3n \u0111i\u1ec1u ki\u1ec7n th\u1eddi gian c\u01b0 tr\u00fa, c\u1ea3 gia \u0111\u00ecnh s\u1ebd \u0111\u01b0\u1ee3c tr\u1edf th\u00e0nh th\u01b0\u1eddng tr\u00fa nh\u00e2n v\u0129nh vi\u1ec5n, mang l\u1ea1i s\u1ef1 \u1ed5n \u0111\u1ecbnh v\u00e0 an ninh cho t\u01b0\u01a1ng lai.<\/p>\n<p style=\"text-align: justify;\">&#8211; \u0110\u01b0\u1ee3c ph\u00e9p gia h\u1ea1n 2 l\u1ea7n trong 4 n\u0103m n\u1ebfu ch\u01b0a \u0111\u00e1p \u1ee9ng \u0111\u01b0\u1ee3c \u0111i\u1ec1u ki\u1ec7n th\u1eddi gian c\u01b0 tr\u00fa, t\u1ea1o \u0111i\u1ec1u ki\u1ec7n linh ho\u1ea1t cho qu\u00e1 tr\u00ecnh \u0111\u1ecbnh c\u01b0 v\u00e0 \u0111\u1ea7u t\u01b0.<\/p>\n[\/vc_column_text][\/vc_column][\/vc_row]\n<\/div>","protected":false},"excerpt":{"rendered":"<p>[vc_row css=&#8221;.vc_custom_1747968067689{margin-top: -30px !important;}&#8221;][vc_column][\/vc_column][\/vc_row][vc_row][vc_column][vc_column_text] 1. \u0110\u1eb7c \u0111i\u1ec3m Visa 188C &#8211; Nh\u00e0 \u0111\u1ea7u t\u01b0 l\u1edbn (Significant Investor) l\u00e0 m\u1ed9t lo\u1ea1i visa \u0111\u1eb7c bi\u1ec7t d\u00e0nh cho nh\u1eefng nh\u00e0 \u0111\u1ea7u t\u01b0 c\u00f3 kh\u1ea3 n\u0103ng t\u00e0i ch\u00ednh m\u1ea1nh m\u1ebd v\u00e0 mong mu\u1ed1n \u0111\u1ea7u t\u01b0 \u00edt nh\u1ea5t 5 tri\u1ec7u AUD \u0111\u1ec3 \u0111\u1ecbnh c\u01b0 t\u1ea1i \u00dac c\u00f9ng v\u1edbi gia \u0111\u00ecnh. \u0110\u00e2y [&hellip;]<\/p>\n","protected":false},"author":4,"featured_media":0,"parent":0,"menu_order":0,"comment_status":"closed","ping_status":"closed","template":"","meta":{"footnotes":""},"class_list":["post-9220","page","type-page","status-publish","hentry"],"_links":{"self":[{"href":"https:\/\/immico.vn\/vi\/wp-json\/wp\/v2\/pages\/9220","targetHints":{"allow":["GET"]}}],"collection":[{"href":"https:\/\/immico.vn\/vi\/wp-json\/wp\/v2\/pages"}],"about":[{"href":"https:\/\/immico.vn\/vi\/wp-json\/wp\/v2\/types\/page"}],"author":[{"embeddable":true,"href":"https:\/\/immico.vn\/vi\/wp-json\/wp\/v2\/users\/4"}],"replies":[{"embeddable":true,"href":"https:\/\/immico.vn\/vi\/wp-json\/wp\/v2\/comments?post=9220"}],"version-history":[{"count":5,"href":"https:\/\/immico.vn\/vi\/wp-json\/wp\/v2\/pages\/9220\/revisions"}],"predecessor-version":[{"id":10468,"href":"https:\/\/immico.vn\/vi\/wp-json\/wp\/v2\/pages\/9220\/revisions\/10468"}],"wp:attachment":[{"href":"https:\/\/immico.vn\/vi\/wp-json\/wp\/v2\/media?parent=9220"}],"curies":[{"name":"wp","href":"https:\/\/api.w.org\/{rel}","templated":true}]}}