{"id":9222,"date":"2023-11-29T04:17:44","date_gmt":"2023-11-29T04:17:44","guid":{"rendered":"https:\/\/immico.vn\/?page_id=9222\/"},"modified":"2025-05-23T02:47:09","modified_gmt":"2025-05-23T02:47:09","slug":"visa-888c-visa-thuong-tru-visa-dien-dau-tu-trong-yeu","status":"publish","type":"page","link":"https:\/\/immico.vn\/vi\/visa-888c-visa-thuong-tru-visa-dien-dau-tu-trong-yeu\/","title":{"rendered":"Visa 888C &#8211; Visa Th\u01b0\u1eddng Tr\u00fa &#8211; Di\u1ec7n Nh\u00e0 \u0111\u1ea7u t\u01b0 l\u1edbn"},"content":{"rendered":"<div class=\"wpb-content-wrapper\">[vc_row css=&#8221;.vc_custom_1747968418435{margin-top: -30px !important;}&#8221;][vc_column]<div class=\"shortcode-wrapper shortcode-title clearfix hb-animate-element hb-fade-in\"><p style=\"color:#9A4C3C!important;border-color:#9A4C3C\" class=\"hb-text-large aligncenter\">Visa 888C &#8211; Visa Th\u01b0\u1eddng Tr\u00fa &#8211; Di\u1ec7n Nh\u00e0 \u0111\u1ea7u t\u01b0 l\u1edbn<\/p><\/div>[\/vc_column][\/vc_row][vc_row][vc_column][vc_column_text css=&#8221;&#8221;]\n<p style=\"text-align: justify;\">Visa \u0111\u1ecbnh c\u01b0 v\u0129nh vi\u1ec5n \u00dac 888C l\u00e0 m\u1ed9t lo\u1ea1i visa d\u00e0nh cho Nh\u00e0 \u0111\u1ea7u t\u01b0 \u0111\u00e3 c\u00f3 Visa 188C, cho ph\u00e9p h\u1ecd ti\u1ebfp t\u1ee5c duy tr\u00ec ho\u1ea1t \u0111\u1ed9ng \u0111\u1ea7u t\u01b0\/kinh doanh t\u1ea1i \u00dac.<\/p>\n<p style=\"text-align: justify;\">V\u1edbi visa n\u00e0y, v\u1ee3\/ch\u1ed3ng v\u00e0 con c\u00e1i c\u1ee7a \u0111\u01b0\u01a1ng \u0111\u01a1n c\u0169ng s\u1ebd \u0111\u01b0\u1ee3c c\u1ea5p Visa, t\u1ea1o \u0111i\u1ec1u ki\u1ec7n cho c\u1ea3 gia \u0111\u00ecnh c\u00f9ng tham gia v\u00e0o qu\u00e1 tr\u00ecnh \u0111\u1ecbnh c\u01b0 t\u1ea1i \u00dac.<\/p>\n<p style=\"text-align: justify;\">M\u1ed9t l\u1ee3i \u00edch \u0111\u00e1ng ch\u00fa \u00fd c\u1ee7a Visa 888C l\u00e0 t\u1eeb \u0111\u00e2y, nh\u00e0 \u0111\u1ea7u t\u01b0 c\u00f3 th\u1ec3 xin l\u00ean qu\u1ed1c t\u1ecbch \u00dac sau khi tho\u1ea3 c\u00e1c \u0111i\u1ec1u ki\u1ec7n. \u0110i\u1ec1u n\u00e0y gi\u00fap h\u1ecd c\u00f3 th\u1ec3 tr\u1edf th\u00e0nh c\u00f4ng d\u00e2n \u00dac m\u00e0 kh\u00f4ng c\u1ea7n ph\u1ea3i \u0111\u1ea7u t\u01b0 th\u00eam.<\/p>\n<p style=\"text-align: justify;\">\u0110\u1ec3 \u0111\u00e1p \u1ee9ng c\u00e1c y\u00eau c\u1ea7u sau, \u0111\u01b0\u01a1ng \u0111\u01a1n c\u1ea7n:<\/p>\n<p style=\"text-align: justify;\">&#8211; Duy tr\u00ec kho\u1ea3n \u0111\u1ea7u t\u01b0 theo \u0111i\u1ec1u ki\u1ec7n ban \u0111\u1ea7u \u0111\u01b0\u1ee3c x\u00e1c \u0111\u1ecbnh trong Visa 188C.<\/p>\n<p style=\"text-align: justify;\">&#8211; Th\u1eddi gian c\u01b0 tr\u00fa v\u1edbi visa 188C (kh\u00f4ng y\u00eau c\u1ea7u li\u00ean t\u1ee5c)<\/p>\n<p style=\"text-align: justify;\">&#8211; 40 ng\u00e0y\/ n\u0103m (\u0111\u1ed1i v\u1edbi \u0111\u01b0\u01a1ng \u0111\u01a1n), ho\u1eb7c 180 ng\u00e0y\/ n\u0103m (\u0111\u1ed1i v\u1edbi ng\u01b0\u1eddi n\u1ed9p \u0111\u01a1n ph\u1ee5).<\/p>\n<p style=\"text-align: justify;\">&#8211; Tu\u00e2n th\u1ee7 lu\u1eadt ph\u00e1p \u00dac v\u00e0 kh\u00f4ng tham gia v\u00e0o c\u00e1c ho\u1ea1t \u0111\u1ed9ng ph\u1ea1m ph\u00e1p.<\/p>\n<p style=\"text-align: justify;\">&#8211; C\u00f3 nguy\u1ec7n v\u1ecdng v\u00e0 cam k\u1ebft ti\u1ebfp t\u1ee5c ho\u1ea1t \u0111\u1ed9ng kinh doanh ho\u1eb7c \u0111\u1ea7u t\u01b0 t\u1ea1i \u00dac sau khi \u0111\u1ea1t \u0111\u01b0\u1ee3c Visa \u0111\u1ecbnh c\u01b0 v\u0129nh vi\u1ec5n 888C.<\/p>\n<p style=\"text-align: justify;\">\u0110\u1ec3 \u0111\u1ea3m b\u1ea3o tu\u00e2n th\u1ee7 c\u00e1c y\u00eau c\u1ea7u tr\u00ean, \u0111\u01b0\u01a1ng \u0111\u01a1n n\u00ean tham kh\u1ea3o c\u00e1c quy \u0111\u1ecbnh c\u1ee5 th\u1ec3 v\u00e0 t\u01b0 v\u1ea5n t\u1eeb c\u01a1 quan di tr\u00fa \u00dac ho\u1eb7c chuy\u00ean gia ph\u00e1p l\u00fd.<\/p>\n[\/vc_column_text][\/vc_column][\/vc_row]\n<\/div>","protected":false},"excerpt":{"rendered":"<p>[vc_row css=&#8221;.vc_custom_1747968418435{margin-top: -30px !important;}&#8221;][vc_column][\/vc_column][\/vc_row][vc_row][vc_column][vc_column_text css=&#8221;&#8221;] Visa \u0111\u1ecbnh c\u01b0 v\u0129nh vi\u1ec5n \u00dac 888C l\u00e0 m\u1ed9t lo\u1ea1i visa d\u00e0nh cho Nh\u00e0 \u0111\u1ea7u t\u01b0 \u0111\u00e3 c\u00f3 Visa 188C, cho ph\u00e9p h\u1ecd ti\u1ebfp t\u1ee5c duy tr\u00ec ho\u1ea1t \u0111\u1ed9ng \u0111\u1ea7u t\u01b0\/kinh doanh t\u1ea1i \u00dac. V\u1edbi visa n\u00e0y, v\u1ee3\/ch\u1ed3ng v\u00e0 con c\u00e1i c\u1ee7a \u0111\u01b0\u01a1ng \u0111\u01a1n c\u0169ng s\u1ebd \u0111\u01b0\u1ee3c c\u1ea5p Visa, t\u1ea1o [&hellip;]<\/p>\n","protected":false},"author":4,"featured_media":0,"parent":0,"menu_order":0,"comment_status":"closed","ping_status":"closed","template":"","meta":{"footnotes":""},"class_list":["post-9222","page","type-page","status-publish","hentry"],"_links":{"self":[{"href":"https:\/\/immico.vn\/vi\/wp-json\/wp\/v2\/pages\/9222","targetHints":{"allow":["GET"]}}],"collection":[{"href":"https:\/\/immico.vn\/vi\/wp-json\/wp\/v2\/pages"}],"about":[{"href":"https:\/\/immico.vn\/vi\/wp-json\/wp\/v2\/types\/page"}],"author":[{"embeddable":true,"href":"https:\/\/immico.vn\/vi\/wp-json\/wp\/v2\/users\/4"}],"replies":[{"embeddable":true,"href":"https:\/\/immico.vn\/vi\/wp-json\/wp\/v2\/comments?post=9222"}],"version-history":[{"count":5,"href":"https:\/\/immico.vn\/vi\/wp-json\/wp\/v2\/pages\/9222\/revisions"}],"predecessor-version":[{"id":10474,"href":"https:\/\/immico.vn\/vi\/wp-json\/wp\/v2\/pages\/9222\/revisions\/10474"}],"wp:attachment":[{"href":"https:\/\/immico.vn\/vi\/wp-json\/wp\/v2\/media?parent=9222"}],"curies":[{"name":"wp","href":"https:\/\/api.w.org\/{rel}","templated":true}]}}