{"id":9227,"date":"2023-11-29T04:27:08","date_gmt":"2023-11-29T04:27:08","guid":{"rendered":"https:\/\/immico.vn\/?page_id=9227\/"},"modified":"2025-05-23T02:57:25","modified_gmt":"2025-05-23T02:57:25","slug":"dinh-cu-visa-bao-lanh-gia-dinh-uc","status":"publish","type":"page","link":"https:\/\/immico.vn\/vi\/dinh-cu-visa-bao-lanh-gia-dinh-uc\/","title":{"rendered":"\u0110\u1ecbnh C\u01b0 Visa B\u1ea3o L\u00e3nh Gia \u0110\u00ecnh \u00dac"},"content":{"rendered":"<div class=\"wpb-content-wrapper\">[vc_row top_margin=&#8221;0&#8243; bottom_margin=&#8221;0&#8243; css=&#8221;.vc_custom_1747969033208{margin-top: -30px !important;}&#8221;][vc_column]<div class=\"shortcode-wrapper shortcode-title clearfix hb-animate-element hb-fade-in\"><p style=\"color:#9a4c3c!important;border-color:#9a4c3c\" class=\"hb-text-large aligncenter\">\u0110\u1ecbnh C\u01b0 Visa B\u1ea3o L\u00e3nh Gia \u0110\u00ecnh \u00dac<\/p><\/div>[\/vc_column][\/vc_row][vc_row][vc_column][vc_column_text css=&#8221;&#8221;]\n<p style=\"text-align: justify;\"><strong>C\u00e1c lo\u1ea1i th\u1ecb th\u1ef1c b\u1ea3o l\u00e3nh gia \u0111\u00ecnh:<\/strong><\/p>\n<p style=\"text-align: justify;\"><strong>1. Th\u1ecb th\u1ef1c v\u1ee3 ch\u1ed3ng v\u00e0 h\u00f4n phu\/h\u00f4n th\u00ea <\/strong><\/p>\n<p style=\"text-align: justify;\">Lo\u1ea1i th\u1ecb th\u1ef1c v\u1ee3 ch\u1ed3ng d\u00e0nh cho ng\u01b0\u1eddi n\u1ed9p \u0111\u01a1n \u0111ang trong m\u1ed1i quan h\u1ec7 h\u00f4n nh\u00e2n ho\u1eb7c quan h\u1ec7 chung s\u1ed1ng nh\u01b0 v\u1ee3 ch\u1ed3ng (de facto) v\u1edbi c\u00f4ng d\u00e2n \u00dac, th\u01b0\u1eddng tr\u00fa nh\u00e2n \u00dac ho\u1eb7c c\u00f4ng d\u00e2n New Zealand \u0111\u1ee7 \u0111i\u1ec1u ki\u1ec7n, mong mu\u1ed1n \u0111\u1ecbnh c\u01b0 l\u00e2u d\u00e0i t\u1ea1i \u00dac. Lo\u1ea1i th\u1ecb th\u1ef1c n\u00e0y bao g\u1ed3m:<\/p>\n<p style=\"text-align: justify; padding-left: 40px;\"><strong>\u2022 Th\u1ecb th\u1ef1c v\u1ee3 ch\u1ed3ng Subclass 820\/801<\/strong> (n\u1ed9p \u0111\u01a1n t\u1ea1i \u00dac)<\/p>\n<p style=\"text-align: justify; padding-left: 40px;\"><strong>\u2022 Th\u1ecb th\u1ef1c v\u1ee3 ch\u1ed3ng Subclass 309\/100<\/strong> (n\u1ed9p \u0111\u01a1n ngo\u00e0i \u00dac)<\/p>\n<p style=\"text-align: justify;\">C\u00e1c th\u1ecb th\u1ef1c n\u00e0y cung c\u1ea5p l\u1ed9 tr\u00ecnh \u0111\u1ec3 tr\u1edf th\u00e0nh th\u01b0\u1eddng tr\u00fa nh\u00e2n th\u00f4ng qua quy tr\u00ecnh hai giai \u0111o\u1ea1n. Ban \u0111\u1ea7u, \u0111\u01b0\u01a1ng \u0111\u01a1n n\u1ed9p \u0111\u01a1n xin th\u1ecb th\u1ef1c t\u1ea1m tr\u00fa v\u00e0 th\u01b0\u1eddng tr\u00fa k\u1ebft h\u1ee3p. Sau khi \u0111\u01b0\u1ee3c ch\u1ea5p thu\u1eadn, \u0111\u01b0\u01a1ng \u0111\u01a1n c\u00f3 th\u1ec3 t\u1ea1m tr\u00fa t\u1ea1i \u00dac trong khi B\u1ed9 Di tr\u00fa \u00dac \u0111\u00e1nh gi\u00e1 \u0111i\u1ec1u ki\u1ec7n \u0111\u1ec3 c\u1ea5p th\u1ecb th\u1ef1c th\u01b0\u1eddng tr\u00fa. Sau hai n\u0103m, \u0111\u01b0\u01a1ng \u0111\u01a1n c\u1ea7n ch\u1ee9ng minh ti\u1ebfp t\u1ee5c duy tr\u00ec m\u1ed1i quan h\u1ec7 h\u00f4n nh\u00e2n ho\u1eb7c chung s\u1ed1ng th\u1ef1c s\u1ef1, \u0111\u1ed3ng th\u1eddi \u0111\u00e1p \u1ee9ng c\u00e1c y\u00eau c\u1ea7u v\u1ec1 s\u1ee9c kh\u1ecfe v\u00e0 t\u01b0 c\u00e1ch.<\/p>\n<p style=\"text-align: justify;\">Ng\u01b0\u1eddi b\u1ea3o l\u00e3nh (v\u1ee3\/ch\u1ed3ng ng\u01b0\u1eddi \u00dac) ph\u1ea3i xin ch\u1ea5p thu\u1eadn b\u1ea3o l\u00e3nh ri\u00eang bi\u1ec7t, n\u1ed9p c\u00e1c t\u00e0i li\u1ec7u c\u1ea7n thi\u1ebft tr\u01b0\u1edbc ho\u1eb7c \u0111\u1ed3ng th\u1eddi v\u1edbi h\u1ed3 s\u01a1 xin th\u1ecb th\u1ef1c.<\/p>\n<p style=\"text-align: justify;\"><strong>Th\u1ecb th\u1ef1c H\u00f4n phu\/H\u00f4n th\u00ea (Subclass 300) <\/strong><\/p>\n<p style=\"text-align: justify;\">Ng\u01b0\u1eddi \u0111ang \u0111\u00ednh h\u00f4n v\u1edbi c\u00f4ng d\u00e2n \u00dac, th\u01b0\u1eddng tr\u00fa nh\u00e2n ho\u1eb7c c\u00f4ng d\u00e2n New Zealand \u0111\u1ee7 \u0111i\u1ec1u ki\u1ec7n c\u00f3 th\u1ec3 xin\u00a0Th\u1ecb th\u1ef1c H\u00f4n phu\/H\u00f4n th\u00ea Subclass 300. Th\u1ecb th\u1ef1c n\u00e0y g\u1ed3m 3 b\u01b0\u1edbc \u0111\u1ec3 tr\u1edf th\u00e0nh th\u01b0\u1eddng tr\u00fa nh\u00e2n:<\/p>\n<p style=\"text-align: justify; padding-left: 40px;\">1. Xin th\u1ecb th\u1ef1c t\u1ea1m tr\u00fa Subclass 300 \u0111\u1ec3 nh\u1eadp c\u1ea3nh v\u00e0o \u00dac v\u00e0 k\u1ebft h\u00f4n v\u1edbi ng\u01b0\u1eddi \u00dac trong v\u00f2ng 9 th\u00e1ng (c\u00f3 th\u1ec3 gia h\u1ea1n \u0111\u1ebfn 15 th\u00e1ng t\u00f9y theo quy\u1ebft \u0111\u1ecbnh c\u1ee7a B\u1ed9 tr\u01b0\u1edfng).<\/p>\n<p style=\"text-align: justify; padding-left: 40px;\">2. Sau khi k\u1ebft h\u00f4n, chuy\u1ec3n sang Th\u1ecb th\u1ef1c v\u1ee3 ch\u1ed3ng (Subclass 820\/801).<\/p>\n<p style=\"text-align: justify;\"><strong>C\u00e1c c\u1eadp nh\u1eadt quan tr\u1ecdng: <\/strong><\/p>\n<p style=\"text-align: justify;\">Quy \u0111\u1ecbnh m\u1edbi y\u00eau c\u1ea7u ng\u01b0\u1eddi b\u1ea3o l\u00e3nh ph\u1ea3i \u0111\u01b0\u1ee3c ch\u1ea5p thu\u1eadn tr\u01b0\u1edbc khi n\u1ed9p \u0111\u01a1n xin th\u1ecb th\u1ef1c, l\u00e0m thay \u0111\u1ed5i \u0111\u00e1ng k\u1ec3 th\u1eddi gian x\u1eed l\u00fd h\u1ed3 s\u01a1. Do \u0111\u00f3, ng\u01b0\u1eddi n\u1ed9p \u0111\u01a1n \u0111\u01b0\u1ee3c khuy\u1ebfn c\u00e1o n\u00ean t\u00ecm ki\u1ebfm t\u01b0 v\u1ea5n di tr\u00fa chuy\u00ean nghi\u1ec7p \u0111\u1ec3 \u0111\u1ea3m b\u1ea3o h\u1ed3 s\u01a1 ch\u00ednh x\u00e1c v\u00e0 hi\u1ec7u qu\u1ea3.<\/p>\n<p style=\"text-align: justify;\"><strong>2. Th\u1ecb th\u1ef1c b\u1ea3o l\u00e3nh cha m\u1eb9 <\/strong><\/p>\n<p style=\"text-align: justify;\">Th\u1ecb th\u1ef1c b\u1ea3o l\u00e3nh cha m\u1eb9 cho ph\u00e9p c\u00f4ng d\u00e2n \u00dac, th\u01b0\u1eddng tr\u00fa nh\u00e2n ho\u1eb7c c\u00f4ng d\u00e2n New Zealand \u0111\u1ee7 \u0111i\u1ec1u ki\u1ec7n (t\u1eeb 18 tu\u1ed5i tr\u1edf l\u00ean, c\u01b0 tr\u00fa t\u1ea1i \u00dac t\u1ed1i thi\u1ec3u 2 n\u0103m) b\u1ea3o l\u00e3nh cha m\u1eb9 \u0111\u1ecbnh c\u01b0 t\u1ea1m th\u1eddi ho\u1eb7c l\u00e2u d\u00e0i.<\/p>\n<p style=\"text-align: justify;\"><strong>\u0110i\u1ec1u ki\u1ec7n c\u1ea7n thi\u1ebft: <\/strong><\/p>\n<p style=\"text-align: justify; padding-left: 40px;\"><strong>\u2022 Ki\u1ec3m tra s\u1ed1 con c\u00e1i (Balance of Family)<\/strong>: \u00cdt nh\u1ea5t m\u1ed9t n\u1eeda s\u1ed1 con c\u1ee7a ng\u01b0\u1eddi n\u1ed9p \u0111\u01a1n ph\u1ea3i \u0111\u1ecbnh c\u01b0 l\u00e2u d\u00e0i t\u1ea1i \u00dac.<\/p>\n<p style=\"text-align: justify; padding-left: 40px;\"><strong>\u2022 Ki\u1ec3m tra s\u1ee9c kh\u1ecfe v\u00e0 t\u01b0 c\u00e1ch <\/strong><\/p>\n<p style=\"text-align: justify; padding-left: 40px;\"><strong>\u2022 Cam k\u1ebft b\u1ea3o tr\u1ee3 t\u00e0i ch\u00ednh (AOS)<\/strong>: B\u1eaft bu\u1ed9c v\u1edbi th\u1ecb th\u1ef1c th\u01b0\u1eddng tr\u00fa, \u0111\u1ea3m b\u1ea3o ng\u01b0\u1eddi xin th\u1ecb th\u1ef1c kh\u00f4ng ph\u1ee5 thu\u1ed9c v\u00e0o tr\u1ee3 c\u1ea5p x\u00e3 h\u1ed9i.<\/p>\n<p style=\"text-align: justify;\"><strong>C\u00e1c lo\u1ea1i th\u1ecb th\u1ef1c<\/strong>:<\/p>\n<p style=\"text-align: justify;\"><strong>Th\u1ecb th\u1ef1c th\u01b0\u1eddng tr\u00fa<\/strong>:<\/p>\n<p style=\"text-align: justify; padding-left: 40px;\">\u2022 Subclass 103 (Cha m\u1eb9, n\u1ed9p ngo\u00e0i \u00dac)<\/p>\n<p style=\"text-align: justify; padding-left: 40px;\">\u2022 Subclass 143 (Cha m\u1eb9 \u0111\u00f3ng ti\u1ec1n cao)<\/p>\n<p style=\"text-align: justify; padding-left: 40px;\">\u2022 Subclass 804 (Cha m\u1eb9 l\u1edbn tu\u1ed5i, n\u1ed9p t\u1ea1i \u00dac)<\/p>\n<p style=\"text-align: justify; padding-left: 40px;\">\u2022 Subclass 864 (Cha m\u1eb9 l\u1edbn tu\u1ed5i \u0111\u00f3ng ti\u1ec1n cao, n\u1ed9p t\u1ea1i \u00dac)<\/p>\n<p style=\"text-align: justify;\"><strong>Th\u1ecb th\u1ef1c t\u1ea1m tr\u00fa: <\/strong><\/p>\n<p style=\"text-align: justify; padding-left: 40px;\">\u2022 Subclass 173 (Cha m\u1eb9 \u0111\u00f3ng ti\u1ec1n cao, 2 n\u0103m, ngo\u00e0i \u00dac)<\/p>\n<p style=\"text-align: justify; padding-left: 40px;\">\u2022 Subclass 884 (Cha m\u1eb9 l\u1edbn tu\u1ed5i \u0111\u00f3ng ti\u1ec1n cao, 2 n\u0103m, t\u1ea1i \u00dac)<\/p>\n<p style=\"text-align: justify; padding-left: 40px;\">\u2022 Subclass 870 (Cha m\u1eb9 \u0111\u01b0\u1ee3c b\u1ea3o l\u00e3nh d\u00e0i h\u1ea1n, cho ph\u00e9p \u1edf t\u1ed1i \u0111a 10 n\u0103m)<\/p>\n<p style=\"text-align: justify;\">Do th\u1eddi gian x\u1eed l\u00fd d\u00e0i (c\u00f3 th\u1ec3 l\u00ean t\u1edbi 30 n\u0103m), th\u1ecb th\u1ef1c cha m\u1eb9 \u0111\u00f3ng ti\u1ec1n cao (subclass 173, 143, 884, 864) gi\u00fap r\u00fat ng\u1eafn th\u1eddi gian ch\u1edd v\u1edbi chi ph\u00ed cao h\u01a1n.<\/p>\n<p style=\"text-align: justify;\"><strong>3. Th\u1ecb th\u1ef1c d\u00e0nh cho con c\u00e1i <\/strong><\/p>\n<p style=\"text-align: justify;\">Th\u1ecb th\u1ef1c d\u00e0nh cho con c\u00e1i cho ph\u00e9p tr\u1ebb ph\u1ee5 thu\u1ed9c \u0111\u1ee7 \u0111i\u1ec1u ki\u1ec7n \u0111\u01b0\u1ee3c c\u01b0 tr\u00fa l\u00e2u d\u00e0i t\u1ea1i \u00dac ho\u1eb7c t\u1ea1m tr\u00fa trong khi ch\u1edd x\u00e9t duy\u1ec7t th\u1ecb th\u1ef1c v\u1ee3 ch\u1ed3ng c\u1ee7a cha m\u1eb9.<\/p>\n<p style=\"text-align: justify;\"><strong>C\u00e1c lo\u1ea1i th\u1ecb th\u1ef1c: <\/strong><\/p>\n<p style=\"text-align: justify; padding-left: 40px;\"><strong>\u2022 Subclass 101 (Th\u1ecb th\u1ef1c con c\u00e1i, th\u01b0\u1eddng tr\u00fa, ngo\u00e0i \u00dac) <\/strong><\/p>\n<p style=\"text-align: justify; padding-left: 40px;\"><strong>\u2022 Subclass 802 (Th\u1ecb th\u1ef1c con c\u00e1i, th\u01b0\u1eddng tr\u00fa, t\u1ea1i \u00dac) <\/strong><\/p>\n<p style=\"text-align: justify; padding-left: 40px;\"><strong>\u2022 Subclass 445 (Th\u1ecb th\u1ef1c con c\u00e1i ph\u1ee5 thu\u1ed9c, t\u1ea1m tr\u00fa) <\/strong><\/p>\n<p style=\"text-align: justify;\"><strong>\u0110i\u1ec1u ki\u1ec7n: <\/strong><\/p>\n<p style=\"text-align: justify; padding-left: 40px;\">\u2022 Th\u00f4ng th\u01b0\u1eddng d\u01b0\u1edbi 18 tu\u1ed5i (ngo\u1ea1i l\u1ec7 v\u1edbi sinh vi\u00ean ph\u1ee5 thu\u1ed9c to\u00e0n th\u1eddi gian ho\u1eb7c tr\u1ebb khuy\u1ebft t\u1eadt)<\/p>\n<p style=\"text-align: justify; padding-left: 40px;\">\u2022 Ch\u01b0a k\u1ebft h\u00f4n ho\u1eb7c ch\u01b0a s\u1ed1ng chung nh\u01b0 v\u1ee3 ch\u1ed3ng<\/p>\n<p style=\"text-align: justify; padding-left: 40px;\">\u2022 \u0110\u01b0\u1ee3c b\u1ea3o l\u00e3nh b\u1edfi c\u00f4ng d\u00e2n \u00dac, th\u01b0\u1eddng tr\u00fa nh\u00e2n ho\u1eb7c c\u00f4ng d\u00e2n New Zealand \u0111\u1ee7 \u0111i\u1ec1u ki\u1ec7n t\u1eeb 18 tu\u1ed5i tr\u1edf l\u00ean, ho\u1eb7c c\u01a1 quan ph\u00fac l\u1ee3i c\u1ee7a bang\/v\u00f9ng l\u00e3nh th\u1ed5 (\u0111\u1ed1i v\u1edbi subclass 802).<\/p>\n<p style=\"text-align: justify;\">Subclass 445 cho ph\u00e9p tr\u1ebb ph\u1ee5 thu\u1ed9c c\u01b0 tr\u00fa t\u1ea1i \u00dac trong khi cha m\u1eb9 \u0111ang ch\u1edd duy\u1ec7t h\u1ed3 s\u01a1 th\u1ecb th\u1ef1c v\u1ee3 ch\u1ed3ng.<\/p>\n<p style=\"text-align: justify;\"><strong>4. Th\u1ecb th\u1ef1c ng\u01b0\u1eddi th\u00e2n l\u1edbn tu\u1ed5i ph\u1ee5 thu\u1ed9c, th\u00e2n nh\u00e2n cu\u1ed1i c\u00f9ng, ng\u01b0\u1eddi ch\u0103m s\u00f3c, tr\u1ebb m\u1ed3 c\u00f4i <\/strong><\/p>\n<p style=\"text-align: justify;\">C\u00e1c lo\u1ea1i th\u1ecb th\u1ef1c n\u00e0y gi\u00fap ng\u01b0\u1eddi th\u00e2n \u0111\u1ee7 \u0111i\u1ec1u ki\u1ec7n tr\u1edf th\u00e0nh th\u01b0\u1eddng tr\u00fa nh\u00e2n \u00dac v\u00e0 ph\u1ea3i n\u1ed9p \u0111\u01a1n t\u1eeb ngo\u00e0i \u00dac:<\/p>\n<p style=\"text-align: justify;\"><strong>C\u00e1c lo\u1ea1i th\u1ecb th\u1ef1c: <\/strong><\/p>\n<p style=\"text-align: justify; padding-left: 40px;\"><strong>\u2022 Subclass 114 (Ng\u01b0\u1eddi th\u00e2n l\u1edbn tu\u1ed5i ph\u1ee5 thu\u1ed9c) <\/strong><\/p>\n<p style=\"text-align: justify; padding-left: 40px;\"><strong>\u2022 Subclass 115 (Th\u00e2n nh\u00e2n cu\u1ed1i c\u00f9ng) <\/strong><\/p>\n<p style=\"text-align: justify; padding-left: 40px;\"><strong>\u2022 Subclass 116 (Ng\u01b0\u1eddi ch\u0103m s\u00f3c) <\/strong><\/p>\n<p style=\"text-align: justify; padding-left: 40px;\"><strong>\u2022 Subclass 117 (Tr\u1ebb m\u1ed3 c\u00f4i) <\/strong><\/p>\n<p style=\"text-align: justify;\"><strong>Ti\u00eau ch\u00ed c\u1ee5 th\u1ec3: <\/strong><\/p>\n<p style=\"text-align: justify; padding-left: 40px;\"><strong>\u2022 Subclass 114:<\/strong> D\u00e0nh cho ng\u01b0\u1eddi th\u00e2n l\u1edbn tu\u1ed5i ph\u1ee5 thu\u1ed9c v\u00e0o ng\u01b0\u1eddi b\u1ea3o l\u00e3nh t\u1ea1i \u00dac.<\/p>\n<p style=\"text-align: justify; padding-left: 40px;\"><strong>\u2022 Subclass 115:<\/strong> Ng\u01b0\u1eddi n\u1ed9p \u0111\u01a1n c\u00f3 th\u00e2n nh\u00e2n duy nh\u1ea5t c\u00f2n l\u1ea1i t\u1ea1i \u00dac.<\/p>\n<p style=\"text-align: justify; padding-left: 40px;\"><strong>\u2022 Subclass 116:<\/strong> Ng\u01b0\u1eddi ch\u0103m s\u00f3c th\u00e2n nh\u00e2n t\u1ea1i \u00dac b\u1ecb b\u1ec7nh l\u00fd nghi\u00eam tr\u1ecdng.<\/p>\n<p style=\"text-align: justify; padding-left: 40px;\"><strong>\u2022 Subclass 117:<\/strong> Tr\u1ebb m\u1ed3 c\u00f4i c\u00f3 cha m\u1eb9 qua \u0111\u1eddi ho\u1eb7c kh\u00f4ng c\u00f2n kh\u1ea3 n\u0103ng ch\u0103m s\u00f3c.<\/p>\n<p style=\"text-align: justify;\">M\u1ed7i subclass \u0111\u1ec1u y\u00eau c\u1ea7u \u0111\u01b0\u1ee3c b\u1ea3o l\u00e3nh b\u1edfi c\u00f4ng d\u00e2n \u00dac, th\u01b0\u1eddng tr\u00fa nh\u00e2n ho\u1eb7c c\u00f4ng d\u00e2n New Zealand \u0111\u1ee7 \u0111i\u1ec1u ki\u1ec7n t\u1eeb 18 tu\u1ed5i tr\u1edf l\u00ean.<\/p>\n<p style=\"text-align: justify;\">V\u00ec s\u1ef1 ph\u1ee9c t\u1ea1p c\u1ee7a quy tr\u00ecnh di tr\u00fa v\u00e0 c\u00e1c thay \u0111\u1ed5i th\u01b0\u1eddng xuy\u00ean, khuy\u1ebfn ngh\u1ecb b\u1ea1n t\u00ecm ki\u1ebfm t\u01b0 v\u1ea5n chuy\u00ean nghi\u1ec7p \u0111\u1ec3 \u0111\u1ea3m b\u1ea3o th\u00e0nh c\u00f4ng v\u00e0 tu\u00e2n th\u1ee7 \u0111\u1ea7y \u0111\u1ee7 c\u00e1c quy \u0111\u1ecbnh hi\u1ec7n h\u00e0nh.<\/p>\n[\/vc_column_text][\/vc_column][\/vc_row]\n<\/div>","protected":false},"excerpt":{"rendered":"<p>[vc_row top_margin=&#8221;0&#8243; bottom_margin=&#8221;0&#8243; css=&#8221;.vc_custom_1747969033208{margin-top: -30px !important;}&#8221;][vc_column][\/vc_column][\/vc_row][vc_row][vc_column][vc_column_text css=&#8221;&#8221;] C\u00e1c lo\u1ea1i th\u1ecb th\u1ef1c b\u1ea3o l\u00e3nh gia \u0111\u00ecnh: 1. Th\u1ecb th\u1ef1c v\u1ee3 ch\u1ed3ng v\u00e0 h\u00f4n phu\/h\u00f4n th\u00ea Lo\u1ea1i th\u1ecb th\u1ef1c v\u1ee3 ch\u1ed3ng d\u00e0nh cho ng\u01b0\u1eddi n\u1ed9p \u0111\u01a1n \u0111ang trong m\u1ed1i quan h\u1ec7 h\u00f4n nh\u00e2n ho\u1eb7c quan h\u1ec7 chung s\u1ed1ng nh\u01b0 v\u1ee3 ch\u1ed3ng (de facto) v\u1edbi c\u00f4ng d\u00e2n \u00dac, [&hellip;]<\/p>\n","protected":false},"author":4,"featured_media":0,"parent":0,"menu_order":0,"comment_status":"closed","ping_status":"closed","template":"","meta":{"footnotes":""},"class_list":["post-9227","page","type-page","status-publish","hentry"],"_links":{"self":[{"href":"https:\/\/immico.vn\/vi\/wp-json\/wp\/v2\/pages\/9227","targetHints":{"allow":["GET"]}}],"collection":[{"href":"https:\/\/immico.vn\/vi\/wp-json\/wp\/v2\/pages"}],"about":[{"href":"https:\/\/immico.vn\/vi\/wp-json\/wp\/v2\/types\/page"}],"author":[{"embeddable":true,"href":"https:\/\/immico.vn\/vi\/wp-json\/wp\/v2\/users\/4"}],"replies":[{"embeddable":true,"href":"https:\/\/immico.vn\/vi\/wp-json\/wp\/v2\/comments?post=9227"}],"version-history":[{"count":5,"href":"https:\/\/immico.vn\/vi\/wp-json\/wp\/v2\/pages\/9227\/revisions"}],"predecessor-version":[{"id":10477,"href":"https:\/\/immico.vn\/vi\/wp-json\/wp\/v2\/pages\/9227\/revisions\/10477"}],"wp:attachment":[{"href":"https:\/\/immico.vn\/vi\/wp-json\/wp\/v2\/media?parent=9227"}],"curies":[{"name":"wp","href":"https:\/\/api.w.org\/{rel}","templated":true}]}}