{"id":9260,"date":"2023-12-25T03:50:33","date_gmt":"2023-12-25T03:50:33","guid":{"rendered":"https:\/\/immico.vn\/?page_id=9260\/"},"modified":"2025-05-27T07:07:02","modified_gmt":"2025-05-27T07:07:02","slug":"cha-me-da-la-cong-dan-my-sinh-ra-o-nuoc-ngoai-va-hien-tai-dua-tre-van-duoi-18-tuoi","status":"publish","type":"page","link":"https:\/\/immico.vn\/vi\/cha-me-da-la-cong-dan-my-sinh-ra-o-nuoc-ngoai-va-hien-tai-dua-tre-van-duoi-18-tuoi\/","title":{"rendered":"Cha m\u1eb9 \u0111\u00e3 l\u00e0 c\u00f4ng d\u00e2n M\u1ef9, sinh ra \u1edf n\u01b0\u1edbc ngo\u00e0i V\u00c0 hi\u1ec7n t\u1ea1i \u0111\u1ee9a tr\u1ebb v\u1eabn d\u01b0\u1edbi 18 tu\u1ed5i"},"content":{"rendered":"<div class=\"wpb-content-wrapper\">[vc_row css=&#8221;.vc_custom_1748329614052{margin-top: -30px !important;}&#8221;][vc_column]<div class=\"shortcode-wrapper shortcode-title clearfix hb-animate-element hb-fade-in\"><p style=\"color:#9A4C3C!important;border-color:#9A4C3C\" class=\"hb-text-large aligncenter\">Cha m\u1eb9 \u0111\u00e3 l\u00e0 c\u00f4ng d\u00e2n M\u1ef9, sinh ra \u1edf n\u01b0\u1edbc ngo\u00e0i V\u00c0 hi\u1ec7n t\u1ea1i \u0111\u1ee9a tr\u1ebb v\u1eabn d\u01b0\u1edbi 18 tu\u1ed5i<\/p><\/div>[\/vc_column][\/vc_row][vc_row][vc_column][vc_column_text css=&#8221;&#8221;]\n<p style=\"text-align: justify;\">N\u1ebfu b\u1ea1n l\u00e0 c\u00f4ng d\u00e2n M\u1ef9 c\u00f3 con sinh ra \u1edf n\u01b0\u1edbc ngo\u00e0i, b\u1ea1n n\u00ean khai b\u00e1o ng\u00e0y sinh c\u1ee7a \u0111\u1ee9a tr\u1ebb t\u1ea1i \u0111\u1ea1i s\u1ee9 qu\u00e1n M\u1ef9 g\u1ea7n nh\u1ea5t.\u00a0\u0110\u1ea1i s\u1ee9 qu\u00e1n ho\u1eb7c l\u00e3nh s\u1ef1 qu\u00e1n M\u1ef9 s\u1ebd c\u1ea5p\u00a0Gi\u1ea5y b\u00e1o sinh l\u00e3nh s\u1ef1 \u1edf n\u01b0\u1edbc ngo\u00e0i\u00a0(CRBA).<\/p>\n<p style=\"text-align: justify;\">CRBA t\u01b0\u01a1ng t\u1ef1 nh\u01b0 gi\u1ea5y khai sinh.\u00a0N\u00f3 thi\u1ebft l\u1eadp quy\u1ec1n c\u00f4ng d\u00e2n th\u00f4ng qua cha m\u1eb9 v\u00e0 l\u00e0m cho vi\u1ec7c l\u1ea5y h\u1ed9 chi\u1ebfu M\u1ef9 tr\u1edf n\u00ean d\u1ec5 d\u00e0ng h\u01a1n nhi\u1ec1u.\u00a0Tuy nhi\u00ean, ng\u01b0\u1eddi M\u1ef9 kh\u00f4ng th\u1ec3 s\u1eed d\u1ee5ng CRBA \u0111\u1ec3 \u0111i du l\u1ecbch M\u1ef9 th\u01b0\u1eddng xuy\u00ean.\u00a0T\u1ea5t c\u1ea3 c\u00f4ng d\u00e2n M\u1ef9 \u0111\u01b0\u1ee3c y\u00eau c\u1ea7u nh\u1eadp c\u1ea3nh v\u00e0 xu\u1ea5t c\u1ea3nh M\u1ef9 b\u1eb1ng h\u1ed9 chi\u1ebfu M\u1ef9 h\u1ee3p l\u1ec7.\u00a0(B\u1ea1n s\u1ebd nh\u1eadn \u0111\u01b0\u1ee3c h\u1ed9 chi\u1ebfu v\u1edbi CRBA.)<\/p>\n<p style=\"text-align: justify;\">Ngay c\u1ea3 khi b\u1ea1n kh\u00f4ng nh\u1eadn \u0111\u01b0\u1ee3c Gi\u1ea5y khai sinh l\u00e3nh s\u1ef1 \u1edf n\u01b0\u1edbc ngo\u00e0i ngay sau khi con b\u1ea1n \u0111\u01b0\u1ee3c sinh ra, b\u1ea1n v\u1eabn c\u00f3 th\u1ec3 n\u1ed9p \u0111\u01a1n xin c\u1ea5p gi\u1ea5y n\u00e0y v\u1edbi \u0111i\u1ec1u ki\u1ec7n \u0111\u1ee9a tr\u1ebb v\u1eabn d\u01b0\u1edbi 18 tu\u1ed5i. (Tr\u1ebb em tr\u01b0\u1edfng th\u00e0nh c\u00f3 th\u1ec3 y\u00eau c\u1ea7u quy\u1ec1n c\u00f4ng d\u00e2n theo m\u1ed9t c\u00e1ch kh\u00e1c)<\/p>\n<p style=\"text-align: justify;\">N\u1ebfu m\u1ed9t c\u00f4ng d\u00e2n M\u1ef9 c\u00f3 con sinh ra tr\u00ean l\u00e3nh th\u1ed5 M\u1ef9 th\u00ec \u0111\u1ee9a tr\u1ebb \u0111\u00f3 \u0111\u00e3 l\u00e0 c\u00f4ng d\u00e2n M\u1ef9 v\u00e0 kh\u00f4ng c\u1ea7n CRBA.\u00a0M\u1ef9 kh\u00f4ng ch\u1ec9 bao g\u1ed3m 50 ti\u1ec3u bang v\u00e0 Qu\u1eadn Columbia.\u00a0N\u00f3 c\u0169ng bao g\u1ed3m c\u00e1c l\u00e3nh th\u1ed5 c\u1ee7a M\u1ef9 nh\u01b0 Puerto Rico, Guam, American Samoa v\u00e0 Qu\u1ea7n \u0111\u1ea3o Virgin thu\u1ed9c M\u1ef9.\u00a0Thay v\u00ec CRBA, h\u00e3y y\u00eau c\u1ea7u gi\u1ea5y khai sinh \u0111\u1ec3 x\u00e1c l\u1eadp quy\u1ec1n c\u00f4ng d\u00e2n c\u1ee7a m\u00ecnh.<\/p>\n<p style=\"text-align: justify;\"><strong>Y\u00eau c\u1ea7u \u0111\u1ec3 y\u00eau c\u1ea7u quy\u1ec1n c\u00f4ng d\u00e2n th\u00f4ng qua cha m\u1eb9<\/strong><\/p>\n<p style=\"text-align: justify;\">\u0110\u1ec3 chu\u1ea9n b\u1ecb cho vi\u1ec7c n\u1ed9p \u0111\u01a1n B\u00e1o c\u00e1o sinh con \u1edf n\u01b0\u1edbc ngo\u00e0i th\u00e0nh c\u00f4ng, B\u1ed9 Ngo\u1ea1i giao cung c\u1ea5p m\u1ed9t\u00a0danh s\u00e1ch ki\u1ec3m tra\u00a0\u0111\u1ec3 h\u01b0\u1edbng d\u1eabn b\u1ea1n th\u1ef1c hi\u1ec7n quy tr\u00ecnh v\u00e0 \u0111\u1ea3m b\u1ea3o b\u1ea1n c\u00f3 th\u00f4ng tin v\u1ec1 c\u00e1c t\u00e0i li\u1ec7u v\u00e0 l\u1ec7 ph\u00ed ph\u00f9 h\u1ee3p.\u00a0M\u1eb7c d\u00f9 danh s\u00e1ch ki\u1ec3m tra n\u00e0y gi\u1ed1ng nhau b\u1ea5t k\u1ec3 v\u1ecb tr\u00ed n\u00e0o, b\u1ea1n c\u00f3 th\u1ec3 t\u1ea3i n\u00f3 xu\u1ed1ng t\u1eeb trang web c\u1ee7a \u0111\u1ea1i s\u1ee9 qu\u00e1n M\u1ef9 t\u1ea1i \u0111\u1ecba \u0111i\u1ec3m c\u1ee7a b\u1ea1n.<\/p>\n<p style=\"text-align: justify;\">Theo lu\u1eadt hi\u1ec7n h\u00e0nh, b\u1ea1n ph\u1ea3i \u0111\u00e1p \u1ee9ng nhi\u1ec1u \u0111i\u1ec1u ki\u1ec7n \u0111\u1ec3 x\u00e1c l\u1eadp quy\u1ec1n c\u00f4ng d\u00e2n M\u1ef9 cho m\u1ed9t \u0111\u1ee9a tr\u1ebb sinh ra b\u00ean ngo\u00e0i M\u1ef9:<\/p>\n<p style=\"text-align: justify;\">&#8211; \u00cdt nh\u1ea5t m\u1ed9t trong hai cha m\u1eb9 ph\u1ea3i l\u00e0 c\u00f4ng d\u00e2n M\u1ef9 v\u00e0o th\u1eddi \u0111i\u1ec3m \u0111\u1ee9a tr\u1ebb \u0111\u01b0\u1ee3c sinh ra;<\/p>\n<p style=\"text-align: justify;\">&#8211; Con sinh ra \u1edf n\u01b0\u1edbc ngo\u00e0i hi\u1ec7n t\u1ea1i v\u1eabn d\u01b0\u1edbi 18 tu\u1ed5i ;<\/p>\n<p style=\"text-align: justify;\">&#8211; Cha m\u1eb9 ph\u1ea3i thi\u1ebft l\u1eadp m\u1ed1i quan h\u1ec7 v\u1edbi \u0111\u1ee9a tr\u1ebb &#8211; v\u1ec1 m\u1eb7t sinh h\u1ecdc ho\u1eb7c h\u1ee3p ph\u00e1p (bao g\u1ed3m c\u1ea3 cha m\u1eb9 nu\u00f4i)<\/p>\n<p style=\"text-align: justify;\">&#8211; Cha m\u1eb9 l\u00e0 c\u00f4ng d\u00e2n M\u1ef9 ph\u1ea3i c\u00f3 m\u1eb7t th\u1ef1c t\u1ebf t\u1ea1i M\u1ef9.<\/p>\n<p style=\"text-align: justify;\">C\u00e1c y\u00eau c\u1ea7u v\u1ec1 hi\u1ec7n di\u1ec7n \u0111\u1ed1i v\u1edbi cha m\u1eb9 l\u00e0 c\u00f4ng d\u00e2n M\u1ef9 thay \u0111\u1ed5i \u0111\u00e1ng k\u1ec3 d\u1ef1a tr\u00ean t\u00ecnh tr\u1ea1ng h\u00f4n nh\u00e2n v\u00e0 t\u00ecnh tr\u1ea1ng nh\u1eadp c\u01b0 c\u1ee7a cha m\u1eb9.\u00a0N\u1ebfu c\u1ea3 cha l\u1eabn m\u1eb9 \u0111\u1ec1u l\u00e0 c\u00f4ng d\u00e2n v\u00e0 k\u1ebft h\u00f4n v\u00e0o th\u1eddi \u0111i\u1ec3m \u0111\u1ee9a tr\u1ebb \u0111\u01b0\u1ee3c sinh ra, ch\u1ec9 c\u1ea7n thi\u1ebft l\u1eadp n\u01a1i c\u01b0 tr\u00fa tr\u01b0\u1edbc \u0111\u00e2y \u1edf M\u1ef9 ho\u1eb7c c\u00e1c v\u00f9ng \u0111\u1ea5t \u1edf xa l\u00e0 \u0111\u1ee7.\u00a0Tuy nhi\u00ean, tr\u1ebb em sinh ra ngo\u00e0i d\u00e3 th\u00fa ho\u1eb7c ch\u1ec9 c\u00f3 cha ho\u1eb7c m\u1eb9 l\u00e0 c\u00f4ng d\u00e2n c\u00f3 th\u1ec3 c\u00f3 c\u00e1c ti\u00eau ch\u00ed b\u1ed5 sung.<\/p>\n<p style=\"text-align: justify;\">Tr\u1ebb em sinh ra trong d\u00e3 th\u00fa ch\u1ec9 c\u00f3 cha ho\u1eb7c m\u1eb9 l\u00e0 c\u00f4ng d\u00e2n M\u1ef9 s\u1ebd c\u00f3 c\u00e1c y\u00eau c\u1ea7u v\u1ec1 hi\u1ec7n di\u1ec7n th\u1ec3 ch\u1ea5t kh\u00e1c nhau.<\/p>\n<p style=\"text-align: justify;\">&#8211; N\u1ebfu cha\/m\u1eb9 l\u00e0 c\u00f4ng d\u00e2n v\u00e0 ng\u01b0\u1eddi kia l\u00e0 c\u00f4ng d\u00e2n M\u1ef9, th\u00ec cha\/m\u1eb9 l\u00e0 c\u00f4ng d\u00e2n \u0111\u00f3 ph\u1ea3i c\u00f3 m\u1eb7t th\u1ef1c t\u1ebf t\u1ea1i M\u1ef9 ho\u1eb7c c\u00e1c v\u00f9ng l\u00e3nh th\u1ed5 c\u1ee7a M\u1ef9 trong th\u1eddi gian li\u00ean t\u1ee5c l\u00e0 m\u1ed9t (1) n\u0103m.<\/p>\n<p style=\"text-align: justify;\">&#8211; N\u1ebfu cha\/m\u1eb9 l\u00e0 c\u00f4ng d\u00e2n v\u00e0 ng\u01b0\u1eddi kia l\u00e0 c\u00f4ng d\u00e2n n\u01b0\u1edbc ngo\u00e0i, th\u00ec cha\/m\u1eb9 l\u00e0 c\u00f4ng d\u00e2n \u0111\u00f3 ph\u1ea3i c\u00f3 m\u1eb7t th\u1ef1c t\u1ebf t\u1ea1i M\u1ef9 ho\u1eb7c c\u00e1c v\u00f9ng l\u00e3nh th\u1ed5 c\u1ee7a M\u1ef9 trong n\u0103m (5) n\u0103m, \u00edt nh\u1ea5t hai (2) trong s\u1ed1 \u0111\u00f3 l\u00e0 sau 14 tu\u1ed5i.<\/p>\n<p style=\"text-align: justify;\">M\u1ed9t l\u1ea7n n\u1eefa, c\u00e1c h\u01b0\u1edbng d\u1eabn \u1edf tr\u00ean m\u00f4 t\u1ea3 lu\u1eadt hi\u1ec7n h\u00e0nh.\u00a0Tr\u1ebb em sinh tr\u01b0\u1edbc ng\u00e0y 14 th\u00e1ng 11 n\u0103m 1986 v\u00e0 tr\u1ebb em sinh ngo\u00e0i d\u00e3 th\u00fa c\u00f3 th\u1ec3 c\u00f3 nh\u1eefng y\u00eau c\u1ea7u kh\u00e1c nhau.<\/p>\n<p style=\"text-align: justify;\"><strong>N\u1ed9p h\u1ed3 s\u01a1 xin l\u00e3nh s\u1ef1 khai sinh \u1edf n\u01b0\u1edbc ngo\u00e0i<\/strong><\/p>\n<p style=\"text-align: justify;\">N\u1ed9p \u0111\u01a1n xin Gi\u1ea5y khai sinh l\u00e3nh s\u1ef1 \u1edf n\u01b0\u1edbc ngo\u00e0i th\u00f4ng qua\u00a0\u0111\u1ea1i s\u1ee9 qu\u00e1n ho\u1eb7c l\u00e3nh s\u1ef1 qu\u00e1n M\u1ef9 g\u1ea7n nh\u1ea5t\u00a0\u1edf qu\u1ed1c gia n\u01a1i con b\u1ea1n sinh ra.\u00a0Th\u1ee7 t\u1ee5c c\u1ee7a m\u1ed7i \u0111\u1ea1i s\u1ee9 qu\u00e1n c\u00f3 th\u1ec3 kh\u00e1c nhau.\u00a0V\u00ec v\u1eady, t\u1ed1t nh\u1ea5t b\u1ea1n n\u00ean ki\u1ec3m tra trang web c\u1ee7a \u0111\u1ea1i s\u1ee9 qu\u00e1n \u0111\u1ec3 \u0111\u01b0\u1ee3c h\u01b0\u1edbng d\u1eabn c\u1ee5 th\u1ec3.\u00a0Cha m\u1eb9 ph\u1ea3i \u0111\u00e1p \u1ee9ng nhi\u1ec1u \u0111i\u1ec1u ki\u1ec7n \u0111\u1ec3 x\u00e1c l\u1eadp quy\u1ec1n c\u00f4ng d\u00e2n M\u1ef9 cho \u0111\u1ee9a tr\u1ebb sinh ra b\u00ean ngo\u00e0i M\u1ef9.\u00a0N\u00f3i chung, b\u1ea1n s\u1ebd c\u1ea7n ph\u1ea3i g\u1eedi c\u00e1c t\u00e0i li\u1ec7u sau:<\/p>\n<p style=\"text-align: justify;\">&#8211; \u0110\u01a1n xin khai sinh l\u00e3nh s\u1ef1 \u1edf n\u01b0\u1edbc ngo\u00e0i\u0111\u00e3 \u0111i\u1ec1n \u0111\u1ea7y \u0111\u1ee7 v\u00e0 ch\u01b0a c\u00f3 ch\u1eef k\u00fd (DS-2029)<\/p>\n<p style=\"text-align: justify;\">&#8211; Gi\u1ea5y khai sinh c\u1ee7a tr\u1ebb em<\/p>\n<p style=\"text-align: justify;\">&#8211; B\u1eb1ng ch\u1ee9ng v\u1ec1 qu\u1ed1c t\u1ecbch v\u00e0 danh t\u00ednh M\u1ef9 c\u1ee7a (c\u00e1c) cha m\u1eb9 (ch\u1eb3ng h\u1ea1n nh\u01b0 h\u1ed9 chi\u1ebfu M\u1ef9, th\u1ebb h\u1ed9 chi\u1ebfu M\u1ef9, Gi\u1ea5y khai sinh l\u00e3nh s\u1ef1 \u1edf n\u01b0\u1edbc ngo\u00e0i, Gi\u1ea5y ch\u1ee9ng nh\u1eadn nh\u1eadp t\u1ecbch, Gi\u1ea5y ch\u1ee9ng nh\u1eadn qu\u1ed1c t\u1ecbch ho\u1eb7c gi\u1ea5y khai sinh M\u1ef9 \u0111\u01b0\u1ee3c n\u1ed9p k\u1ecbp th\u1eddi)<\/p>\n<p style=\"text-align: justify;\">&#8211; B\u1eb1ng ch\u1ee9ng v\u1ec1 s\u1ef1 hi\u1ec7n di\u1ec7n th\u1ef1c t\u1ebf ho\u1eb7c n\u01a1i c\u01b0 tr\u00fa c\u1ee7a cha m\u1eb9 l\u00e0 c\u00f4ng d\u00e2n M\u1ef9 t\u1ea1i M\u1ef9 tr\u01b0\u1edbc khi \u0111\u1ee9a tr\u1ebb \u0111\u01b0\u1ee3c sinh ra (ch\u1eb3ng h\u1ea1n nh\u01b0 tr\u01b0\u1eddng h\u1ecdc, vi\u1ec7c l\u00e0m, thu\u1ebf, ng\u00e2n h\u00e0ng v\u00e0 h\u1ed3 s\u01a1 y t\u1ebf, h\u00f3a \u0111\u01a1n \u0111i\u1ec7n n\u01b0\u1edbc, bi\u00ean lai ti\u1ec1n thu\u00ea nh\u00e0, b\u1ea3n khai c\u00f3 tuy\u00ean th\u1ec7 ho\u1eb7c c\u00e1c v\u0103n b\u1ea3n ch\u00ednh th\u1ee9c kh\u00e1c gi\u1ea5y t\u1edd c\u00f4ng)<\/p>\n<p style=\"text-align: justify;\">&#8211; Gi\u1ea5y ch\u1ee9ng nh\u1eadn k\u1ebft h\u00f4n c\u1ee7a cha m\u1eb9 (n\u1ebfu c\u00f3)<\/p>\n<p style=\"text-align: justify;\">&#8211; B\u1eb1ng ch\u1ee9ng c\u00e1c cu\u1ed9c h\u00f4n nh\u00e2n tr\u01b0\u1edbc \u0111\u00f3 \u0111\u00e3 b\u1ecb ch\u1ea5m d\u1ee9t (n\u1ebfu c\u00f3)<\/p>\n<p style=\"text-align: justify;\">B\u1ed9 Ngo\u1ea1i giao M\u1ef9 khuy\u1ebfn c\u00e1o b\u1ea1n n\u00ean n\u1ed9p \u0111\u01a1n xin B\u00e1o c\u00e1o L\u00e3nh s\u1ef1 v\u1ec1 vi\u1ec7c Sinh con \u1edf N\u01b0\u1edbc ngo\u00e0i c\u00e0ng s\u1edbm c\u00e0ng t\u1ed1t.\u00a0C\u1ea3 cha m\u1eb9 l\u00e0 c\u00f4ng d\u00e2n M\u1ef9 v\u00e0 \u0111\u1ee9a tr\u1ebb \u0111\u1ec1u ph\u1ea3i c\u00f3 m\u1eb7t khi b\u1ea1n n\u1ed9p \u0111\u01a1n xin CRBA.\u00a0N\u1ebfu d\u1ef1 \u0111\u1ecbnh \u0111i du l\u1ecbch c\u00f9ng con, b\u1ea1n c\u1ea7n y\u00eau c\u1ea7u tr\u00ecnh b\u00e1o tr\u01b0\u1edbc \u00edt nh\u1ea5t ba th\u00e1ng tr\u01b0\u1edbc chuy\u1ebfn \u0111i \u0111\u1ec3 c\u00f3 \u0111\u1ee7 th\u1eddi gian n\u1ed9p \u0111\u01a1n xin\u00a0h\u1ed9 chi\u1ebfu M\u1ef9\u00a0cho con m\u00ecnh.<\/p>\n<p style=\"text-align: justify;\">Khi m\u1ed9t trong hai cha m\u1eb9 kh\u00f4ng ph\u1ea3i l\u00e0 c\u00f4ng d\u00e2n M\u1ef9, c\u00e1c t\u00e0i li\u1ec7u c\u1ea7n thi\u1ebft cho CRBA bao g\u1ed3m b\u1ea3n khai c\u00f3 tuy\u00ean th\u1ec7 c\u1ee7a cha m\u1eb9 l\u00e0 c\u00f4ng d\u00e2n M\u1ef9 gi\u1ea3i th\u00edch r\u1eb1ng h\u1ecd l\u00e0 cha m\u1eb9 ru\u1ed9t ho\u1eb7c cha m\u1eb9 nu\u00f4i v\u00e0 s\u1ebd ch\u1ecbu tr\u00e1ch nhi\u1ec7m h\u1ed7 tr\u1ee3 \u0111\u1ee9a tr\u1ebb nh\u01b0 m\u1ed9t t\u00e0i li\u1ec7u b\u1ed5 sung.<\/p>\n<p style=\"text-align: justify;\"><strong>Tr\u01b0\u1eddng h\u1ee3p \u0111\u1eb7c bi\u1ec7t<\/strong><\/p>\n<p style=\"text-align: justify;\">C\u00f4ng d\u00e2n M\u1ef9, bao g\u1ed3m c\u1ea3 nh\u1eefng ng\u01b0\u1eddi k\u1ebft h\u00f4n \u0111\u1ed3ng gi\u1edbi, c\u00f3 con \u1edf n\u01b0\u1edbc ngo\u00e0i th\u00f4ng qua C\u00f4ng ngh\u1ec7 h\u1ed7 tr\u1ee3 sinh s\u1ea3n ho\u1eb7c nh\u1eadn con nu\u00f4i c\u0169ng c\u00f3 th\u1ec3 y\u00eau c\u1ea7u quy\u1ec1n c\u00f4ng d\u00e2n M\u1ef9 cho con h\u1ecd th\u00f4ng qua c\u00e1c k\u00eanh t\u01b0\u01a1ng t\u1ef1.<\/p>\n<p style=\"text-align: justify;\">Tuy nhi\u00ean, nh\u1eefng b\u1eadc cha m\u1eb9 \u0111\u00e3 \u00e1p d\u1ee5ng ph\u01b0\u01a1ng ph\u00e1p th\u1ee5 tinh trong \u1ed1ng nghi\u1ec7m, ng\u01b0\u1eddi hi\u1ebfn tr\u1ee9ng\/tinh tr\u00f9ng ho\u1eb7c ng\u01b0\u1eddi mang thai h\u1ed9 th\u00ec g\u1eb7p nhi\u1ec1u t\u00ecnh hu\u1ed1ng ph\u1ee9c t\u1ea1p h\u01a1n.\u00a0Gi\u1ed1ng nh\u01b0 c\u00e1c tr\u01b0\u1eddng h\u1ee3p khai sinh l\u00e3nh s\u1ef1 \u1edf n\u01b0\u1edbc ngo\u00e0i kh\u00e1c, cha m\u1eb9 ph\u1ea3i thi\u1ebft l\u1eadp m\u1ed1i quan h\u1ec7 v\u1edbi con.\u00a0\u0110i\u1ec1u n\u00e0y c\u00f3 th\u1ec3 tr\u1edf n\u00ean c\u1ef1c k\u1ef3 ph\u1ee9c t\u1ea1p.\u00a0Vui l\u00f2ng thu\u00ea lu\u1eadt s\u01b0 \u0111\u1ec3 gi\u00fap x\u00e1c l\u1eadp quy\u1ec1n c\u00f4ng d\u00e2n th\u00f4ng qua cha m\u1eb9 trong nh\u1eefng tr\u01b0\u1eddng h\u1ee3p n\u00e0y.<\/p>\n[\/vc_column_text][\/vc_column][\/vc_row]\n<\/div>","protected":false},"excerpt":{"rendered":"<p>[vc_row css=&#8221;.vc_custom_1748329614052{margin-top: -30px !important;}&#8221;][vc_column][\/vc_column][\/vc_row][vc_row][vc_column][vc_column_text css=&#8221;&#8221;] N\u1ebfu b\u1ea1n l\u00e0 c\u00f4ng d\u00e2n M\u1ef9 c\u00f3 con sinh ra \u1edf n\u01b0\u1edbc ngo\u00e0i, b\u1ea1n n\u00ean khai b\u00e1o ng\u00e0y sinh c\u1ee7a \u0111\u1ee9a tr\u1ebb t\u1ea1i \u0111\u1ea1i s\u1ee9 qu\u00e1n M\u1ef9 g\u1ea7n nh\u1ea5t.\u00a0\u0110\u1ea1i s\u1ee9 qu\u00e1n ho\u1eb7c l\u00e3nh s\u1ef1 qu\u00e1n M\u1ef9 s\u1ebd c\u1ea5p\u00a0Gi\u1ea5y b\u00e1o sinh l\u00e3nh s\u1ef1 \u1edf n\u01b0\u1edbc ngo\u00e0i\u00a0(CRBA). CRBA t\u01b0\u01a1ng t\u1ef1 nh\u01b0 gi\u1ea5y [&hellip;]<\/p>\n","protected":false},"author":4,"featured_media":0,"parent":0,"menu_order":0,"comment_status":"closed","ping_status":"closed","template":"","meta":{"footnotes":""},"class_list":["post-9260","page","type-page","status-publish","hentry"],"_links":{"self":[{"href":"https:\/\/immico.vn\/vi\/wp-json\/wp\/v2\/pages\/9260","targetHints":{"allow":["GET"]}}],"collection":[{"href":"https:\/\/immico.vn\/vi\/wp-json\/wp\/v2\/pages"}],"about":[{"href":"https:\/\/immico.vn\/vi\/wp-json\/wp\/v2\/types\/page"}],"author":[{"embeddable":true,"href":"https:\/\/immico.vn\/vi\/wp-json\/wp\/v2\/users\/4"}],"replies":[{"embeddable":true,"href":"https:\/\/immico.vn\/vi\/wp-json\/wp\/v2\/comments?post=9260"}],"version-history":[{"count":4,"href":"https:\/\/immico.vn\/vi\/wp-json\/wp\/v2\/pages\/9260\/revisions"}],"predecessor-version":[{"id":10614,"href":"https:\/\/immico.vn\/vi\/wp-json\/wp\/v2\/pages\/9260\/revisions\/10614"}],"wp:attachment":[{"href":"https:\/\/immico.vn\/vi\/wp-json\/wp\/v2\/media?parent=9260"}],"curies":[{"name":"wp","href":"https:\/\/api.w.org\/{rel}","templated":true}]}}