{"id":9262,"date":"2023-12-25T03:52:28","date_gmt":"2023-12-25T03:52:28","guid":{"rendered":"https:\/\/immico.vn\/?page_id=9262\/"},"modified":"2025-05-27T07:08:20","modified_gmt":"2025-05-27T07:08:20","slug":"cha-me-da-la-cong-dan-my-sinh-ra-o-nuoc-ngoai-va-hien-tai-dua-tre-da-tren-18-tuoi","status":"publish","type":"page","link":"https:\/\/immico.vn\/vi\/cha-me-da-la-cong-dan-my-sinh-ra-o-nuoc-ngoai-va-hien-tai-dua-tre-da-tren-18-tuoi\/","title":{"rendered":"Cha m\u1eb9 \u0111\u00e3 l\u00e0 c\u00f4ng d\u00e2n M\u1ef9, sinh ra \u1edf n\u01b0\u1edbc ngo\u00e0i V\u00c0 hi\u1ec7n t\u1ea1i \u0111\u1ee9a tr\u1ebb \u0111\u00e3 tr\u00ean 18 tu\u1ed5i"},"content":{"rendered":"<div class=\"wpb-content-wrapper\">[vc_row css=&#8221;.vc_custom_1748329684844{margin-top: -30px !important;}&#8221;][vc_column]<div class=\"shortcode-wrapper shortcode-title clearfix hb-animate-element hb-fade-in\"><p style=\"color:#9A4C3C!important;border-color:#9A4C3C\" class=\"hb-text-large aligncenter\">Cha m\u1eb9 \u0111\u00e3 l\u00e0 c\u00f4ng d\u00e2n M\u1ef9, sinh ra \u1edf n\u01b0\u1edbc ngo\u00e0i V\u00c0 hi\u1ec7n t\u1ea1i \u0111\u1ee9a tr\u1ebb \u0111\u00e3 tr\u00ean 18 tu\u1ed5i<\/p><\/div>[\/vc_column][\/vc_row][vc_row][vc_column][vc_column_text css=&#8221;&#8221;]\n<p style=\"text-align: justify;\">N\u1ebfu b\u1ea1n l\u00e0 con c\u1ee7a m\u1ed9t c\u00f4ng d\u00e2n M\u1ef9, b\u1ea1n c\u00f3 th\u1ec3 \u0111\u01b0\u1ee3c h\u01b0\u1edfng quy\u1ec1n c\u00f4ng d\u00e2n th\u00f4ng qua cha m\u1eb9, ngay c\u1ea3 khi b\u1ea1n sinh ra \u1edf b\u00ean ngo\u00e0i M\u1ef9 nhi\u1ec1u n\u0103m tr\u01b0\u1edbc.\u00a0N\u1ebfu b\u1ea1n \u0111\u01b0\u1ee3c sinh ra b\u1edfi \u00edt nh\u1ea5t m\u1ed9t ph\u1ee5 huynh l\u00e0 c\u00f4ng d\u00e2n M\u1ef9 nh\u01b0ng b\u1ea1n kh\u00f4ng c\u00f2n l\u00e0 tr\u1ebb em, b\u1ea1n v\u1eabn c\u00f3 th\u1ec3 y\u00eau c\u1ea7u quy\u1ec1n c\u00f4ng d\u00e2n c\u1ee7a m\u00ecnh trong m\u1ed9t s\u1ed1 tr\u01b0\u1eddng h\u1ee3p nh\u1ea5t \u0111\u1ecbnh.\u00a0B\u1ea1n kh\u00f4ng \u0111\u1ee7 \u0111i\u1ec1u ki\u1ec7n \u0111\u1ec3 n\u1ed9p \u0111\u01a1n xin Gi\u1ea5y khai sinh l\u00e3nh s\u1ef1 \u1edf n\u01b0\u1edbc ngo\u00e0i khi b\u1ea1n \u0111\u00e3 \u0111\u1ee7 18 tu\u1ed5i, nh\u01b0ng b\u1ea1n c\u00f3 th\u1ec3 n\u1ed9p \u0111\u01a1n xin Gi\u1ea5y\u00a0ch\u1ee9ng nh\u1eadn qu\u1ed1c t\u1ecbch\u00a0.\u00a0B\u1ea1n s\u1ebd c\u1ea7n ch\u1ee9ng minh m\u1ed1i quan h\u1ec7 c\u1ee7a m\u00ecnh v\u1edbi cha m\u1eb9 l\u00e0 c\u00f4ng d\u00e2n M\u1ef9 v\u00e0 \u0111\u01b0a ra b\u1eb1ng ch\u1ee9ng v\u1ec1 qu\u1ed1c t\u1ecbch M\u1ef9 c\u1ee7a h\u1ecd.<\/p>\n<p style=\"text-align: justify;\"><strong>Y\u00eau c\u1ea7u<\/strong><\/p>\n<p style=\"text-align: justify;\">V\u00e0o th\u1eddi \u0111i\u1ec3m b\u1ea1n sinh ra, \u00edt nh\u1ea5t cha\/m\u1eb9 ph\u1ea3i l\u00e0 c\u00f4ng d\u00e2n v\u00e0 \u0111\u00e1p \u1ee9ng m\u1ed9t s\u1ed1 y\u00eau c\u1ea7u v\u1ec1 hi\u1ec7n di\u1ec7n th\u1ec3 ch\u1ea5t nh\u1ea5t \u0111\u1ecbnh.\u00a0\u0110\u00e2y l\u00e0 n\u01a1i n\u00f3 c\u00f3 m\u1ed9t ch\u00fat ph\u1ee9c t\u1ea1p.\u00a0Lu\u1eadt ph\u00e1p \u0111\u00e3 thay \u0111\u1ed5i nhi\u1ec1u l\u1ea7n trong nh\u1eefng n\u0103m qua.<\/p>\n<p style=\"text-align: justify;\">N\u1ebfu b\u1ea1n sinh ra \u1edf n\u01b0\u1edbc ngo\u00e0i v\u1edbi hai c\u00f4ng d\u00e2n M\u1ef9 v\u00e0 \u00edt nh\u1ea5t cha ho\u1eb7c m\u1eb9 c\u1ee7a b\u1ea1n \u0111\u00e3 s\u1ed1ng \u1edf M\u1ef9 v\u00e0o m\u1ed9t th\u1eddi \u0111i\u1ec3m n\u00e0o \u0111\u00f3 trong cu\u1ed9c \u0111\u1eddi c\u1ee7a h\u1ecd th\u00ec trong h\u1ea7u h\u1ebft c\u00e1c tr\u01b0\u1eddng h\u1ee3p, b\u1ea1n l\u00e0 c\u00f4ng d\u00e2n M\u1ef9.\u00a0N\u1ebfu b\u1ea1n \u0111\u01b0\u1ee3c sinh ra \u1edf n\u01b0\u1edbc ngo\u00e0i b\u1edfi m\u1ed9t c\u00f4ng d\u00e2n M\u1ef9 v\u00e0o ho\u1eb7c sau ng\u00e0y 14 th\u00e1ng 11 n\u0103m 1986, b\u1ea1n c\u00f3 th\u1ec3 l\u00e0 c\u00f4ng d\u00e2n M\u1ef9 n\u1ebfu t\u1ea5t c\u1ea3 nh\u1eefng \u0111i\u1ec1u sau \u0111\u00e2y l\u00e0 \u0111\u00fang:<\/p>\n<p style=\"text-align: justify;\">&#8211; Cha ho\u1eb7c m\u1eb9 c\u1ee7a b\u1ea1n l\u00e0 c\u00f4ng d\u00e2n M\u1ef9 khi b\u1ea1n sinh ra;<\/p>\n<p style=\"text-align: justify;\">&#8211; Cha m\u1eb9 l\u00e0 c\u00f4ng d\u00e2n M\u1ef9 c\u1ee7a b\u1ea1n \u0111\u00e3 s\u1ed1ng \u1edf M\u1ef9 \u00edt nh\u1ea5t n\u0103m n\u0103m tr\u01b0\u1edbc khi b\u1ea1n sinh ra; V\u00e0<\/p>\n<p style=\"text-align: justify;\">&#8211; \u00cdt nh\u1ea5t hai trong s\u1ed1 n\u0103m n\u0103m \u1edf M\u1ef9 l\u00e0 sau ng\u00e0y sinh nh\u1eadt th\u1ee9 14 c\u1ee7a cha m\u1eb9 l\u00e0 c\u00f4ng d\u00e2n M\u1ef9.<\/p>\n<p style=\"text-align: justify;\">Nh\u01b0 \u0111\u00e3 \u0111\u1ec1 c\u1eadp, lu\u1eadt ph\u00e1p \u0111\u00e3 thay \u0111\u1ed5i.\u00a0C\u00e1c \u0111i\u1ec1u ki\u1ec7n tr\u00ean c\u00f3 th\u1ec3 \u0111\u01b0\u1ee3c \u00e1p d\u1ee5ng cho nh\u1eefng c\u00e1 nh\u00e2n sinh tr\u01b0\u1edbc ng\u00e0y 14 th\u00e1ng 11 n\u0103m 1986.<\/p>\n<p style=\"text-align: justify;\"><strong>N\u1ed9p \u0111\u01a1n xin c\u1ea5p gi\u1ea5y ch\u1ee9ng nh\u1eadn qu\u1ed1c t\u1ecbch<\/strong><\/p>\n<p style=\"text-align: justify;\">\u0110\u1ec3 ch\u1ee9ng minh, b\u1ea1n c\u1ea7n ph\u1ea3i n\u1ed9p \u0111\u01a1n xin gi\u1ea5y ch\u1ee9ng nh\u1eadn b\u1eb1ng\u00a0M\u1eabu N-600, \u0110\u01a1n xin Ch\u1ee9ng nh\u1eadn Qu\u1ed1c t\u1ecbch\u00a0.\u00a0B\u1ea1n ph\u1ea3i g\u1eedi c\u00e1c t\u00e0i li\u1ec7u h\u1ed7 tr\u1ee3 ch\u1ee9ng minh t\u00ecnh tr\u1ea1ng c\u1ee7a b\u1ea1n.<\/p>\n[\/vc_column_text][\/vc_column][\/vc_row]\n<\/div>","protected":false},"excerpt":{"rendered":"<p>[vc_row css=&#8221;.vc_custom_1748329684844{margin-top: -30px !important;}&#8221;][vc_column][\/vc_column][\/vc_row][vc_row][vc_column][vc_column_text css=&#8221;&#8221;] N\u1ebfu b\u1ea1n l\u00e0 con c\u1ee7a m\u1ed9t c\u00f4ng d\u00e2n M\u1ef9, b\u1ea1n c\u00f3 th\u1ec3 \u0111\u01b0\u1ee3c h\u01b0\u1edfng quy\u1ec1n c\u00f4ng d\u00e2n th\u00f4ng qua cha m\u1eb9, ngay c\u1ea3 khi b\u1ea1n sinh ra \u1edf b\u00ean ngo\u00e0i M\u1ef9 nhi\u1ec1u n\u0103m tr\u01b0\u1edbc.\u00a0N\u1ebfu b\u1ea1n \u0111\u01b0\u1ee3c sinh ra b\u1edfi \u00edt nh\u1ea5t m\u1ed9t ph\u1ee5 huynh l\u00e0 c\u00f4ng d\u00e2n M\u1ef9 nh\u01b0ng b\u1ea1n [&hellip;]<\/p>\n","protected":false},"author":4,"featured_media":0,"parent":0,"menu_order":0,"comment_status":"closed","ping_status":"closed","template":"","meta":{"footnotes":""},"class_list":["post-9262","page","type-page","status-publish","hentry"],"_links":{"self":[{"href":"https:\/\/immico.vn\/vi\/wp-json\/wp\/v2\/pages\/9262","targetHints":{"allow":["GET"]}}],"collection":[{"href":"https:\/\/immico.vn\/vi\/wp-json\/wp\/v2\/pages"}],"about":[{"href":"https:\/\/immico.vn\/vi\/wp-json\/wp\/v2\/types\/page"}],"author":[{"embeddable":true,"href":"https:\/\/immico.vn\/vi\/wp-json\/wp\/v2\/users\/4"}],"replies":[{"embeddable":true,"href":"https:\/\/immico.vn\/vi\/wp-json\/wp\/v2\/comments?post=9262"}],"version-history":[{"count":3,"href":"https:\/\/immico.vn\/vi\/wp-json\/wp\/v2\/pages\/9262\/revisions"}],"predecessor-version":[{"id":10616,"href":"https:\/\/immico.vn\/vi\/wp-json\/wp\/v2\/pages\/9262\/revisions\/10616"}],"wp:attachment":[{"href":"https:\/\/immico.vn\/vi\/wp-json\/wp\/v2\/media?parent=9262"}],"curies":[{"name":"wp","href":"https:\/\/api.w.org\/{rel}","templated":true}]}}