{"id":9264,"date":"2023-12-25T03:53:38","date_gmt":"2023-12-25T03:53:38","guid":{"rendered":"https:\/\/immico.vn\/?page_id=9264\/"},"modified":"2025-05-27T07:09:27","modified_gmt":"2025-05-27T07:09:27","slug":"cha-me-da-tro-thanh-cong-dan-sau-khi-sinh-dua-tre-o-nuoc-ngoai-va-hien-tai-dua-tre-van-duoi-18-tuoi","status":"publish","type":"page","link":"https:\/\/immico.vn\/vi\/cha-me-da-tro-thanh-cong-dan-sau-khi-sinh-dua-tre-o-nuoc-ngoai-va-hien-tai-dua-tre-van-duoi-18-tuoi\/","title":{"rendered":"Cha m\u1eb9 \u0111\u00e3 tr\u1edf th\u00e0nh c\u00f4ng d\u00e2n sau khi sinh \u0111\u1ee9a tr\u1ebb \u1edf n\u01b0\u1edbc ngo\u00e0i V\u00c0 hi\u1ec7n t\u1ea1i \u0111\u1ee9a tr\u1ebb v\u1eabn d\u01b0\u1edbi 18 tu\u1ed5i"},"content":{"rendered":"<div class=\"wpb-content-wrapper\">[vc_row css=&#8221;.vc_custom_1748329755805{margin-top: -30px !important;}&#8221;][vc_column]<div class=\"shortcode-wrapper shortcode-title clearfix hb-animate-element hb-fade-in\"><p style=\"color:#9A4C3C!important;border-color:#9A4C3C\" class=\"hb-text-large aligncenter\">Cha m\u1eb9 \u0111\u00e3 tr\u1edf th\u00e0nh c\u00f4ng d\u00e2n sau khi sinh \u0111\u1ee9a tr\u1ebb \u1edf n\u01b0\u1edbc ngo\u00e0i V\u00c0 hi\u1ec7n t\u1ea1i \u0111\u1ee9a tr\u1ebb v\u1eabn d\u01b0\u1edbi 18 tu\u1ed5i<\/p><\/div>[\/vc_column][\/vc_row][vc_row][vc_column][vc_column_text css=&#8221;&#8221;]\n<p style=\"text-align: justify;\">M\u1ed9t \u0111\u1ee9a tr\u1ebb c\u0169ng c\u00f3 th\u1ec3 c\u00f3 \u0111\u01b0\u1ee3c qu\u1ed1c t\u1ecbch M\u1ef9 th\u00f4ng qua cha m\u1eb9 sau khi \u0111\u1ee9a tr\u1ebb ra \u0111\u1eddi v\u00e0 tr\u01b0\u1edbc 18 tu\u1ed5i. Quy\u1ec1n c\u00f4ng d\u00e2n ph\u00e1i sinh c\u00f3 th\u1ec3 \u0111\u01b0\u1ee3c c\u1ea5p sau khi sinh nh\u01b0ng tr\u01b0\u1edbc 18 tu\u1ed5i. N\u1ebfu b\u1ea1n c\u00f3 cha m\u1eb9 tr\u1edf th\u00e0nh c\u00f4ng d\u00e2n M\u1ef9 sau khi b\u1ea1n sinh ra v\u00e0 g\u1eb7p m\u1ed9t m\u1ed9t s\u1ed1 y\u00eau c\u1ea7u kh\u00e1c, b\u1ea1n c\u00f3 th\u1ec3 t\u1ef1 \u0111\u1ed9ng tr\u1edf th\u00e0nh c\u00f4ng d\u00e2n M\u1ef9 th\u00f4ng qua con \u0111\u01b0\u1eddng n\u00e0y.<\/p>\n<p style=\"text-align: justify;\"><strong>Y\u00eau c\u1ea7u<\/strong><\/p>\n<p style=\"text-align: justify;\">\u0110\u1ec3 tr\u1edf th\u00e0nh c\u00f4ng d\u00e2n th\u00f4ng qua cha m\u1eb9 sau khi sinh ra, b\u1ed1n y\u00eau c\u1ea7u sau \u0111\u00e2y ph\u1ea3i \u0111\u1ed3ng th\u1eddi \u0111\u01b0\u1ee3c \u0111\u00e1p \u1ee9ng:<\/p>\n<p style=\"text-align: justify;\">&#8211; \u00cdt nh\u1ea5t m\u1ed9t trong hai cha m\u1eb9 c\u1ee7a \u0111\u1ee9a tr\u1ebb l\u00e0 c\u00f4ng d\u00e2n M\u1ef9 khi sinh ra ho\u1eb7c nh\u1eadp t\u1ecbch;<\/p>\n<p style=\"text-align: justify;\">&#8211; Con ch\u01b0a \u0111\u1ee7 18 tu\u1ed5i;<\/p>\n<p style=\"text-align: justify;\">&#8211; \u0110\u1ee9a tr\u1ebb l\u00e0 th\u01b0\u1eddng tr\u00fa nh\u00e2n h\u1ee3p ph\u00e1p<\/p>\n<p style=\"text-align: justify;\">&#8211; \u0110\u1ee9a tr\u1ebb \u0111ang c\u01b0 tr\u00fa ho\u1eb7c \u0111\u00e3 c\u01b0 tr\u00fa t\u1ea1i M\u1ef9 d\u01b0\u1edbi s\u1ef1 gi\u00e1m h\u1ed9 h\u1ee3p ph\u00e1p v\u00e0 th\u1ec3 ch\u1ea5t c\u1ee7a cha m\u1eb9 l\u00e0 c\u00f4ng d\u00e2n M\u1ef9.<\/p>\n<p style=\"text-align: justify;\">Khi t\u1ea5t c\u1ea3 c\u00e1c \u0111i\u1ec1u ki\u1ec7n \u0111\u01b0\u1ee3c \u0111\u00e1p \u1ee9ng, quy\u1ec1n c\u00f4ng d\u00e2n \u0111\u01b0\u1ee3c c\u00f4ng nh\u1eadn.\u00a0Ch\u00fang c\u00f3 th\u1ec3 x\u1ea3y ra theo b\u1ea5t k\u1ef3 th\u1ee9 t\u1ef1 n\u00e0o, nh\u01b0ng t\u1ea5t c\u1ea3 ch\u00fang \u0111\u1ec1u ph\u1ea3i \u0111\u00fang c\u00f9ng m\u1ed9t l\u00fac.\u00a0Th\u00f4ng th\u01b0\u1eddng, quy\u1ec1n c\u00f4ng d\u00e2n ph\u00e1i sinh x\u1ea3y ra khi m\u1ed9t \u0111\u1ee9a tr\u1ebb th\u01b0\u1eddng tr\u00fa s\u1ed1ng v\u1edbi \u00edt nh\u1ea5t m\u1ed9t ph\u1ee5 huynh th\u01b0\u1eddng tr\u00fa t\u1ea1i M\u1ef9 v\u00e0 cha m\u1eb9 \u0111\u00f3 nh\u1eadp t\u1ecbch.\u00a0Nh\u01b0 \u0111\u00e3 \u0111\u1ec1 c\u1eadp, qu\u1ed1c t\u1ecbch M\u1ef9 th\u00f4ng qua cha m\u1eb9 s\u1ebd \u0111\u01b0\u1ee3c c\u1ea5p m\u1ed9t c\u00e1ch t\u1ef1 \u0111\u1ed9ng.\u00a0Tuy nhi\u00ean, ng\u01b0\u1eddi th\u1ee5 h\u01b0\u1edfng c\u1ea7n c\u00f3 t\u00e0i li\u1ec7u l\u00e0m b\u1eb1ng ch\u1ee9ng v\u1ec1 t\u00ecnh tr\u1ea1ng c\u00f4ng d\u00e2n.<\/p>\n<p style=\"text-align: justify;\">Mi\u1ec5n l\u00e0 nh\u1eefng y\u00eau c\u1ea7u n\u00e0y \u0111\u01b0\u1ee3c \u0111\u00e1p \u1ee9ng t\u1ea1i m\u1ed9t th\u1eddi \u0111i\u1ec3m n\u00e0o \u0111\u00f3, ng\u01b0\u1eddi n\u1ed9p \u0111\u01a1n c\u00f3 th\u1ec3 y\u00eau c\u1ea7u gi\u1ea5y ch\u1ee9ng nh\u1eadn, ngay c\u1ea3 khi ng\u01b0\u1eddi n\u1ed9p \u0111\u01a1n hi\u1ec7n \u0111\u00e3 tr\u00ean 18 tu\u1ed5i.<\/p>\n<p style=\"text-align: justify;\"><strong>Y\u00eau c\u1ea7u ch\u1ee9ng ch\u1ec9<\/strong><\/p>\n<p style=\"text-align: justify;\">M\u1ed9t l\u1ea7n n\u1eefa, \u0111\u1ec3 x\u00e1c l\u1eadp t\u01b0 c\u00e1ch c\u00f4ng d\u00e2n M\u1ef9 c\u1ee7a b\u1ea1n, b\u1ea1n s\u1ebd c\u1ea7n y\u00eau c\u1ea7u Gi\u1ea5y ch\u1ee9ng nh\u1eadn Qu\u1ed1c t\u1ecbch b\u1eb1ng M\u1eabu N-600, \u0110\u01a1n xin Ch\u1ee9ng nh\u1eadn Qu\u1ed1c t\u1ecbch.\u00a0B\u1ea1n ph\u1ea3i g\u1eedi c\u00e1c t\u00e0i li\u1ec7u h\u1ed7 tr\u1ee3 ch\u1ee9ng minh \u0111\u1ed3ng th\u1eddi ba \u0111i\u1ec1u ki\u1ec7n tr\u00ean l\u00e0 \u0111\u00fang.<\/p>\n[\/vc_column_text][\/vc_column][\/vc_row]\n<\/div>","protected":false},"excerpt":{"rendered":"<p>[vc_row css=&#8221;.vc_custom_1748329755805{margin-top: -30px !important;}&#8221;][vc_column][\/vc_column][\/vc_row][vc_row][vc_column][vc_column_text css=&#8221;&#8221;] M\u1ed9t \u0111\u1ee9a tr\u1ebb c\u0169ng c\u00f3 th\u1ec3 c\u00f3 \u0111\u01b0\u1ee3c qu\u1ed1c t\u1ecbch M\u1ef9 th\u00f4ng qua cha m\u1eb9 sau khi \u0111\u1ee9a tr\u1ebb ra \u0111\u1eddi v\u00e0 tr\u01b0\u1edbc 18 tu\u1ed5i. Quy\u1ec1n c\u00f4ng d\u00e2n ph\u00e1i sinh c\u00f3 th\u1ec3 \u0111\u01b0\u1ee3c c\u1ea5p sau khi sinh nh\u01b0ng tr\u01b0\u1edbc 18 tu\u1ed5i. N\u1ebfu b\u1ea1n c\u00f3 cha m\u1eb9 tr\u1edf th\u00e0nh c\u00f4ng d\u00e2n [&hellip;]<\/p>\n","protected":false},"author":4,"featured_media":0,"parent":0,"menu_order":0,"comment_status":"closed","ping_status":"closed","template":"","meta":{"footnotes":""},"class_list":["post-9264","page","type-page","status-publish","hentry"],"_links":{"self":[{"href":"https:\/\/immico.vn\/vi\/wp-json\/wp\/v2\/pages\/9264","targetHints":{"allow":["GET"]}}],"collection":[{"href":"https:\/\/immico.vn\/vi\/wp-json\/wp\/v2\/pages"}],"about":[{"href":"https:\/\/immico.vn\/vi\/wp-json\/wp\/v2\/types\/page"}],"author":[{"embeddable":true,"href":"https:\/\/immico.vn\/vi\/wp-json\/wp\/v2\/users\/4"}],"replies":[{"embeddable":true,"href":"https:\/\/immico.vn\/vi\/wp-json\/wp\/v2\/comments?post=9264"}],"version-history":[{"count":3,"href":"https:\/\/immico.vn\/vi\/wp-json\/wp\/v2\/pages\/9264\/revisions"}],"predecessor-version":[{"id":10618,"href":"https:\/\/immico.vn\/vi\/wp-json\/wp\/v2\/pages\/9264\/revisions\/10618"}],"wp:attachment":[{"href":"https:\/\/immico.vn\/vi\/wp-json\/wp\/v2\/media?parent=9264"}],"curies":[{"name":"wp","href":"https:\/\/api.w.org\/{rel}","templated":true}]}}