{"id":9268,"date":"2023-12-25T03:54:53","date_gmt":"2023-12-25T03:54:53","guid":{"rendered":"https:\/\/immico.vn\/?page_id=9268\/"},"modified":"2025-05-27T07:10:36","modified_gmt":"2025-05-27T07:10:36","slug":"cha-me-da-tro-thanh-cong-dan-sau-khi-dua-tre-tron-18-tuoi","status":"publish","type":"page","link":"https:\/\/immico.vn\/vi\/cha-me-da-tro-thanh-cong-dan-sau-khi-dua-tre-tron-18-tuoi\/","title":{"rendered":"Cha m\u1eb9 \u0111\u00e3 tr\u1edf th\u00e0nh c\u00f4ng d\u00e2n sau khi \u0111\u1ee9a tr\u1ebb tr\u00f2n 18 tu\u1ed5i"},"content":{"rendered":"<div class=\"wpb-content-wrapper\">[vc_row css=&#8221;.vc_custom_1748329826958{margin-top: -30px !important;}&#8221;][vc_column]<div class=\"shortcode-wrapper shortcode-title clearfix hb-animate-element hb-fade-in\"><p style=\"color:#9A4C3C!important;border-color:#9A4C3C\" class=\"hb-text-large aligncenter\">Cha m\u1eb9 \u0111\u00e3 tr\u1edf th\u00e0nh c\u00f4ng d\u00e2n sau khi \u0111\u1ee9a tr\u1ebb tr\u00f2n 18 tu\u1ed5i<\/p><\/div>[\/vc_column][\/vc_row][vc_row][vc_column][vc_column_text css=&#8221;&#8221;]\n<p class=\"vnbn\" style=\"text-align: justify;\">\u0110i\u1ec1u g\u00ec s\u1ebd x\u1ea3y ra n\u1ebfu cha m\u1eb9 b\u1ea1n nh\u1eadp t\u1ecbch nh\u01b0ng ch\u00ednh th\u1ee9c tr\u1edf th\u00e0nh c\u00f4ng d\u00e2n M\u1ef9 sau khi b\u1ea1n tr\u00f2n 18 tu\u1ed5i?\u00a0N\u1ebfu b\u1ea1n l\u00e0 th\u01b0\u1eddng tr\u00fa nh\u00e2n t\u1ea1i M\u1ef9 ho\u1eb7c th\u1eadm ch\u00ed l\u00e0 ng\u01b0\u1eddi n\u01b0\u1edbc ngo\u00e0i s\u1ed1ng \u1edf n\u01b0\u1edbc ngo\u00e0i, b\u1ea1n c\u0169ng c\u00f3 th\u1ec3 c\u00f3 con \u0111\u01b0\u1eddng \u0111\u1ec3 tr\u1edf th\u00e0nh c\u00f4ng d\u00e2n M\u1ef9.<\/p>\n<p class=\"vnbn\" style=\"text-align: justify;\"><b>Th\u01b0\u1eddng tr\u00fa nh\u00e2n<\/b><\/p>\n<p class=\"vnbn\" style=\"text-align: justify;\">N\u1ebfu ng\u00e0y nh\u1eadp t\u1ecbch c\u1ee7a cha m\u1eb9 b\u1ea1n v\u00e0o ho\u1eb7c sau ng\u00e0y sinh nh\u1eadt th\u1ee9 18 c\u1ee7a b\u1ea1n, b\u1ea1n kh\u00f4ng th\u1ec3 c\u00f3 \u0111\u01b0\u1ee3c quy\u1ec1n c\u00f4ng d\u00e2n th\u00f4ng qua cha m\u1eb9 \u0111\u00f3.\u00a0Tuy nhi\u00ean, v\u1edbi t\u01b0 c\u00e1ch l\u00e0 th\u01b0\u1eddng tr\u00fa nh\u00e2n h\u1ee3p ph\u00e1p, b\u1ea1n c\u00f3 th\u1ec3 n\u1ed9p \u0111\u01a1n xin nh\u1eadp t\u1ecbch sau khi \u0111\u00e1p \u1ee9ng c\u00e1c y\u00eau c\u1ea7u.\u00a0Th\u00f4ng th\u01b0\u1eddng, b\u1ea1n c\u00f3 th\u1ec3 n\u1ed9p\u00a0M\u1eabu N-400, \u0110\u01a1n xin nh\u1eadp t\u1ecbch\u00a0, sau khi \u0111\u00e1p \u1ee9ng c\u00e1c\u00a0y\u00eau c\u1ea7u v\u1ec1 quy\u1ec1n c\u00f4ng d\u00e2n\u00a0.<\/p>\n<p class=\"vnbn\" style=\"text-align: justify;\"><b>Nh\u1eadp c\u01b0 th\u00f4ng qua cha m\u1eb9<\/b><\/p>\n<p class=\"vnbn\" style=\"text-align: justify;\">N\u1ebfu cha m\u1eb9 c\u1ee7a b\u1ea1n tr\u1edf th\u00e0nh c\u00f4ng d\u00e2n M\u1ef9 sau khi b\u1ea1n \u0111\u1ee7 18 tu\u1ed5i, cha m\u1eb9 b\u1ea1n c\u00f3 th\u1ec3 b\u1ea3o l\u00e3nh cho b\u1ea1n v\u1edbi t\u01b0 c\u00e1ch l\u00e0 con tr\u01b0\u1edfng th\u00e0nh c\u1ee7a m\u1ed9t c\u00f4ng d\u00e2n M\u1ef9 b\u1eb1ng M\u1eabu I-130.\u00a0Cha m\u1eb9 l\u00e0 c\u00f4ng d\u00e2n M\u1ef9 n\u1ed9p\u00a0M\u1eabu I-130, \u0110\u01a1n th\u1ec9nh nguy\u1ec7n cho Th\u00e2n nh\u00e2n Ng\u01b0\u1eddi n\u01b0\u1edbc ngo\u00e0i\u00a0.\u00a0Tr\u1ebb em \u0111\u00e3 tr\u01b0\u1edfng th\u00e0nh thu\u1ed9c\u00a0nh\u00f3m \u01b0u ti\u00ean gia \u0111\u00ecnh\u00a0F1 ho\u1eb7c F3 (t\u00f9y thu\u1ed9c v\u00e0o t\u00ecnh tr\u1ea1ng h\u00f4n nh\u00e2n c\u1ee7a ch\u00fang).\u00a0Qu\u00e1 tr\u00ecnh nh\u1eadp c\u01b0 cho c\u00e1c lo\u1ea1i n\u00e0y c\u00f3 th\u1ec3 k\u00e9o d\u00e0i (v\u00e0i n\u0103m).\u00a0Nh\u1eadp c\u01b0 d\u1eabn \u0111\u1ebfn t\u00ecnh tr\u1ea1ng th\u01b0\u1eddng tr\u00fa nh\u00e2n (th\u1ebb xanh).\u00a0Sau khi nh\u1eadp c\u01b0 v\u00e0 \u0111\u00e1p \u1ee9ng c\u00e1c y\u00eau c\u1ea7u nh\u1eadp t\u1ecbch, b\u1ea1n c\u0169ng c\u00f3 th\u1ec3 n\u1ed9p \u0111\u01a1n xin tr\u1edf th\u00e0nh c\u00f4ng d\u00e2n th\u00f4ng qua quy tr\u00ecnh nh\u1eadp t\u1ecbch th\u00f4ng th\u01b0\u1eddng.<\/p>\n[\/vc_column_text][\/vc_column][\/vc_row]\n<\/div>","protected":false},"excerpt":{"rendered":"<p>[vc_row css=&#8221;.vc_custom_1748329826958{margin-top: -30px !important;}&#8221;][vc_column][\/vc_column][\/vc_row][vc_row][vc_column][vc_column_text css=&#8221;&#8221;] \u0110i\u1ec1u g\u00ec s\u1ebd x\u1ea3y ra n\u1ebfu cha m\u1eb9 b\u1ea1n nh\u1eadp t\u1ecbch nh\u01b0ng ch\u00ednh th\u1ee9c tr\u1edf th\u00e0nh c\u00f4ng d\u00e2n M\u1ef9 sau khi b\u1ea1n tr\u00f2n 18 tu\u1ed5i?\u00a0N\u1ebfu b\u1ea1n l\u00e0 th\u01b0\u1eddng tr\u00fa nh\u00e2n t\u1ea1i M\u1ef9 ho\u1eb7c th\u1eadm ch\u00ed l\u00e0 ng\u01b0\u1eddi n\u01b0\u1edbc ngo\u00e0i s\u1ed1ng \u1edf n\u01b0\u1edbc ngo\u00e0i, b\u1ea1n c\u0169ng c\u00f3 th\u1ec3 c\u00f3 con \u0111\u01b0\u1eddng [&hellip;]<\/p>\n","protected":false},"author":4,"featured_media":0,"parent":0,"menu_order":0,"comment_status":"closed","ping_status":"closed","template":"","meta":{"footnotes":""},"class_list":["post-9268","page","type-page","status-publish","hentry"],"_links":{"self":[{"href":"https:\/\/immico.vn\/vi\/wp-json\/wp\/v2\/pages\/9268","targetHints":{"allow":["GET"]}}],"collection":[{"href":"https:\/\/immico.vn\/vi\/wp-json\/wp\/v2\/pages"}],"about":[{"href":"https:\/\/immico.vn\/vi\/wp-json\/wp\/v2\/types\/page"}],"author":[{"embeddable":true,"href":"https:\/\/immico.vn\/vi\/wp-json\/wp\/v2\/users\/4"}],"replies":[{"embeddable":true,"href":"https:\/\/immico.vn\/vi\/wp-json\/wp\/v2\/comments?post=9268"}],"version-history":[{"count":4,"href":"https:\/\/immico.vn\/vi\/wp-json\/wp\/v2\/pages\/9268\/revisions"}],"predecessor-version":[{"id":10620,"href":"https:\/\/immico.vn\/vi\/wp-json\/wp\/v2\/pages\/9268\/revisions\/10620"}],"wp:attachment":[{"href":"https:\/\/immico.vn\/vi\/wp-json\/wp\/v2\/media?parent=9268"}],"curies":[{"name":"wp","href":"https:\/\/api.w.org\/{rel}","templated":true}]}}