{"id":9284,"date":"2023-12-25T04:35:10","date_gmt":"2023-12-25T04:35:10","guid":{"rendered":"https:\/\/immico.vn\/?page_id=9284\/"},"modified":"2025-05-27T03:54:24","modified_gmt":"2025-05-27T03:54:24","slug":"dinh-cu-tho-nhi-ky-turkey","status":"publish","type":"page","link":"https:\/\/immico.vn\/vi\/dinh-cu-tho-nhi-ky-turkey\/","title":{"rendered":"\u0110\u1ecbnh c\u01b0 Th\u1ed5 Nh\u0129 K\u1ef3 (Turkey)"},"content":{"rendered":"<div class=\"wpb-content-wrapper\">[vc_row css=&#8221;.vc_custom_1748318053101{margin-top: -30px !important;}&#8221;][vc_column]<div class=\"shortcode-wrapper shortcode-title clearfix hb-animate-element hb-fade-in\"><p style=\"color:#9a4c3c!important;border-color:#9a4c3c\" class=\"hb-text-large aligncenter\">\u0110\u1ecbnh c\u01b0 Th\u1ed5 Nh\u0129 K\u1ef3 (Turkey)<\/p><\/div>[\/vc_column][\/vc_row][vc_row][vc_column][vc_column_text css=&#8221;&#8221;]\n<p style=\"text-align: justify;\">Georgia, Bulgaria, Syria, Hy L\u1ea1p v\u00e0 c\u00e1c v\u00f9ng bi\u1ec3n Aegean, \u0110\u1ecba Trung H\u1ea3i v\u00e0 Bi\u1ec3n \u0110en gi\u00e1p Th\u1ed5 Nh\u0129 K\u1ef3.\u00a0V\u1ecb tr\u00ed c\u1ee7a n\u00f3 t\u1ea1o ra c\u1ea7u n\u1ed1i gi\u1eefa ch\u00e2u \u00c1 v\u00e0 ch\u00e2u \u00c2u, cho ph\u00e9p ng\u01b0\u1eddi n\u01b0\u1edbc ngo\u00e0i c\u00f9ng nhau tr\u1ea3i nghi\u1ec7m v\u0103n h\u00f3a ph\u01b0\u01a1ng \u0110\u00f4ng v\u00e0 v\u0103n minh ph\u01b0\u01a1ng T\u00e2y.<\/p>\n<p style=\"text-align: justify;\">L\u00e0n s\u00f3ng di c\u01b0 g\u1ea7n \u0111\u00e2y \u0111\u00e3 khi\u1ebfn nhi\u1ec1u ng\u01b0\u1eddi c\u00e2n nh\u1eafc vi\u1ec7c chuy\u1ec3n \u0111\u1ebfn Th\u1ed5 Nh\u0129 K\u1ef3.\u00a0V\u1edbi chi ph\u00ed sinh ho\u1ea1t h\u1ee3p l\u00fd, c\u1ea3nh quan, th\u1eddi ti\u1ebft v\u00e0 con ng\u01b0\u1eddi th\u00e2n thi\u1ec7n, Th\u1ed5 Nh\u0129 K\u1ef3 \u0111ang tr\u1edf th\u00e0nh \u0111i\u1ec3m \u0111\u1ebfn h\u00e0ng \u0111\u1ea7u c\u1ee7a ng\u01b0\u1eddi n\u01b0\u1edbc ngo\u00e0i.\u00a0Di chuy\u1ec3n \u0111\u1ebfn Th\u1ed5 Nh\u0129 K\u1ef3 l\u00e0 c\u00f3 th\u1ec3, nh\u01b0ng ph\u1ea3i m\u1ea5t m\u1ed9t v\u00e0i b\u01b0\u1edbc.\u00a0B\u00e0i vi\u1ebft sau \u0111\u00e2y s\u1ebd l\u00e0 h\u01b0\u1edbng d\u1eabn cho nh\u1eefng ai quan t\u00e2m \u0111\u1ebfn vi\u1ec7c chuy\u1ec3n \u0111\u1ebfn Th\u1ed5 Nh\u0129 K\u1ef3 v\u00e0o n\u0103m 2023.<\/p>\n<p style=\"text-align: justify;\"><strong>1. C\u00f3 c\u1ea7n xin th\u1ecb th\u1ef1c \u0111\u1ec3 chuy\u1ec3n \u0111\u1ebfn Th\u1ed5 Nh\u0129 K\u1ef3 kh\u00f4ng?<\/strong><\/p>\n<p style=\"text-align: justify;\">B\u1ea5t k\u1ef3 ai mu\u1ed1n chuy\u1ec3n \u0111\u1ebfn Th\u1ed5 Nh\u0129 K\u1ef3 l\u00e2u h\u01a1n 90 ng\u00e0y \u0111\u1ec1u ph\u1ea3i n\u1ed9p \u0111\u01a1n\u00a0xin th\u1ecb th\u1ef1c Th\u1ed5 Nh\u0129 K\u1ef3\u00a0.\u00a0Lo\u1ea1i th\u1ecb th\u1ef1c ph\u1ee5 thu\u1ed9c v\u00e0o m\u1ee5c \u0111\u00edch du l\u1ecbch c\u1ee7a b\u1ea1n \u0111\u1ebfn Th\u1ed5 Nh\u0129 K\u1ef3.\u00a0Ngo\u00e0i th\u1ecb th\u1ef1c, b\u1ea1n c\u0169ng ph\u1ea3i n\u1ed9p \u0111\u01a1n xin\u00a0gi\u1ea5y ph\u00e9p c\u01b0 tr\u00fa c\u1ee7a Th\u1ed5 Nh\u0129 K\u1ef3\u00a0.<\/p>\n<p style=\"text-align: justify;\"><strong>2. L\u00e0m th\u1ebf n\u00e0o \u0111\u1ec3 di chuy\u1ec3n \u0111\u1ebfn Th\u1ed5 Nh\u0129 K\u1ef3?<\/strong><\/p>\n<p style=\"text-align: justify;\">\u0110\u1ec3 chuy\u1ec3n \u0111\u1ebfn Th\u1ed5 Nh\u0129 K\u1ef3, b\u1ea1n ph\u1ea3i n\u1ed9p \u0111\u01a1n xin th\u1ecb th\u1ef1c Th\u1ed5 Nh\u0129 K\u1ef3.\u00a0Ngo\u00e0i ra, n\u1ebfu b\u1ea1n \u0111\u1ebfn Th\u1ed5 Nh\u0129 K\u1ef3 v\u1edbi \u00fd \u0111\u1ecbnh \u1edf l\u1ea1i \u0111\u1ea5t n\u01b0\u1edbc n\u00e0y h\u01a1n ba th\u00e1ng, b\u1ea1n ph\u1ea3i xin gi\u1ea5y ph\u00e9p c\u01b0 tr\u00fa.\u00a0N\u1ebfu kh\u00f4ng c\u00f3 gi\u1ea5y ph\u00e9p c\u01b0 tr\u00fa, b\u1ea1n s\u1ebd \u1edf l\u1ea1i \u0111\u1ea5t n\u01b0\u1edbc b\u1ea5t h\u1ee3p ph\u00e1p.<\/p>\n<p style=\"text-align: justify;\">B\u1ea1n c\u00f3 th\u1ec3 ch\u1ecdn nh\u1eefng c\u00e1ch sau \u0111\u1ec3 chuy\u1ec3n \u0111\u1ebfn Th\u1ed5 Nh\u0129 K\u1ef3:<\/p>\n<p style=\"text-align: justify;\">&#8211; Chuy\u1ec3n \u0111\u1ec3 l\u00e0m vi\u1ec7c<\/p>\n<p style=\"text-align: justify;\">&#8211; Chuy\u1ec3n \u0111\u1ec3 h\u1ecdc t\u1eadp<\/p>\n<p style=\"text-align: justify;\">&#8211; Chuy\u1ec3n \u0111\u1ec3 \u0111o\u00e0n t\u1ee5 gia \u0111\u00ecnh<\/p>\n<p style=\"text-align: justify;\"><strong>Chuy\u1ec3n \u0111\u1ebfn Th\u1ed5 Nh\u0129 K\u1ef3 \u0111\u1ec3 l\u00e0m vi\u1ec7c<\/strong><\/p>\n<p style=\"text-align: justify;\">N\u1ebfu b\u1ea1n mu\u1ed1n chuy\u1ec3n \u0111\u1ebfn Th\u1ed5 Nh\u0129 K\u1ef3 v\u00e0 l\u00e0m vi\u1ec7c \u1edf \u0111\u00f3, b\u1ea1n ph\u1ea3i xin th\u1ecb th\u1ef1c l\u00e0m vi\u1ec7c. B\u1ea1n c\u0169ng c\u1ea7n ph\u1ea3i c\u00f3 gi\u1ea5y ph\u00e9p lao \u0111\u1ed9ng; kh\u00f4ng c\u00f3 n\u00f3, b\u1ea1n kh\u00f4ng th\u1ec3 l\u00e0m vi\u1ec7c \u1edf Th\u1ed5 Nh\u0129 K\u1ef3. B\u1ea1n s\u1ebd l\u00e0 ng\u01b0\u1eddi n\u1ed9p \u0111\u01a1n xin visa l\u00e0m vi\u1ec7c \u1edf n\u01b0\u1edbc b\u1ea1n. Ng\u01b0\u1ee3c l\u1ea1i, ng\u01b0\u1eddi s\u1eed d\u1ee5ng lao \u0111\u1ed9ng c\u1ee7a b\u1ea1n \u1edf Th\u1ed5 Nh\u0129 K\u1ef3 s\u1ebd n\u1ed9p \u0111\u01a1n xin gi\u1ea5y ph\u00e9p lao \u0111\u1ed9ng t\u1ea1i trang web c\u1ee7a B\u1ed9 Lao \u0111\u1ed9ng v\u00e0 An sinh x\u00e3 h\u1ed9i Th\u1ed5 Nh\u0129 K\u1ef3 (MLSS).<\/p>\n<p style=\"text-align: justify;\">Th\u1eddi gian t\u1ed1i \u0111a b\u1ea1n ph\u1ea3i v\u00e0o Th\u1ed5 Nh\u0129 K\u1ef3 sau khi \u0111\u01a1n \u0111\u0103ng k\u00fd c\u1ee7a b\u1ea1n \u0111\u01b0\u1ee3c ch\u1ea5p thu\u1eadn l\u00e0 m\u1ed9t tr\u0103m t\u00e1m m\u01b0\u01a1i ng\u00e0y.\u00a0Trong v\u00f2ng m\u1ed9t th\u00e1ng k\u1ec3 t\u1eeb khi \u0111\u1ebfn Th\u1ed5 Nh\u0129 K\u1ef3, b\u1ea1n ph\u1ea3i \u0111\u0103ng k\u00fd v\u1edbi H\u1ec7 th\u1ed1ng \u0111\u0103ng k\u00fd \u0111\u1ecba ch\u1ec9 Th\u1ed5 Nh\u0129 K\u1ef3.<\/p>\n<p style=\"text-align: justify;\"><strong>Chuy\u1ec3n \u0111\u1ebfn Th\u1ed5 Nh\u0129 K\u1ef3 \u0111\u1ec3 h\u1ecdc t\u1eadp<\/strong><\/p>\n<p style=\"text-align: justify;\">B\u1ea1n ph\u1ea3i n\u1ed9p \u0111\u01a1n\u00a0xin th\u1ecb th\u1ef1c du h\u1ecdc\u00a0n\u1ebfu mu\u1ed1n chuy\u1ec3n \u0111\u1ebfn Th\u1ed5 Nh\u0129 K\u1ef3 \u0111\u1ec3 h\u1ecdc.\u00a0T\u00f9y thu\u1ed9c v\u00e0o m\u1ee5c \u0111\u00edch gi\u00e1o d\u1ee5c m\u00e0 b\u1ea1n \u0111\u0103ng k\u00fd, ch\u00ednh ph\u1ee7 Th\u1ed5 Nh\u0129 K\u1ef3 cung c\u1ea5p c\u00e1c lo\u1ea1i th\u1ecb th\u1ef1c du h\u1ecdc kh\u00e1c nhau.<\/p>\n<p style=\"text-align: justify;\">Khi \u0111\u1ebfn Th\u1ed5 Nh\u0129 K\u1ef3, b\u1ea1n ph\u1ea3i \u0111\u0103ng k\u00fd t\u1ea1i s\u1edf c\u1ea3nh s\u00e1t \u0111\u1ecba ph\u01b0\u01a1ng g\u1ea7n nh\u1ea5t \u1edf Th\u1ed5 Nh\u0129 K\u1ef3.\u00a0Sau \u0111\u00f3, trong v\u00f2ng m\u1ed9t th\u00e1ng, b\u1ea1n ph\u1ea3i n\u1ed9p \u0111\u01a1n xin gi\u1ea5y ph\u00e9p c\u01b0 tr\u00fa sinh vi\u00ean t\u1ea1i T\u1ed5ng c\u1ee5c Qu\u1ea3n l\u00fd Di c\u01b0.\u00a0Hi\u1ec7u l\u1ef1c c\u1ee7a gi\u1ea5y ph\u00e9p c\u01b0 tr\u00fa k\u00e9o d\u00e0i b\u1eb1ng th\u1eddi gian h\u1ecdc t\u1eadp.<\/p>\n<p style=\"text-align: justify;\"><strong>Chuy\u1ec3n \u0111\u1ebfn Th\u1ed5 Nh\u0129 K\u1ef3 \u0111\u1ec3 \u0111o\u00e0n t\u1ee5 gia \u0111\u00ecnh<\/strong><\/p>\n<p style=\"text-align: justify;\">Chuy\u1ec3n \u0111\u1ebfn Th\u1ed5 Nh\u0129 K\u1ef3 \u0111\u1ec3 \u0111o\u00e0n t\u1ee5 v\u1edbi m\u1ed9t th\u00e0nh vi\u00ean trong gia \u0111\u00ecnh \u0111\u00f2i h\u1ecfi ph\u1ea3i xin th\u1ecb th\u1ef1c gia \u0111\u00ecnh.\u00a0Sau khi \u0111\u1ebfn Th\u1ed5 Nh\u0129 K\u1ef3, trong v\u00f2ng m\u1ed9t th\u00e1ng, b\u1ea1n ph\u1ea3i n\u1ed9p \u0111\u01a1n xin gi\u1ea5y ph\u00e9p c\u01b0 tr\u00fa gia \u0111\u00ecnh t\u1eeb v\u0103n ph\u00f2ng g\u1ea7n nh\u1ea5t c\u1ee7a T\u1ed5ng c\u1ee5c Qu\u1ea3n l\u00fd Di c\u01b0.\u00a0Gi\u1ea5y ph\u00e9p c\u01b0 tr\u00fa c\u1ee7a gia \u0111\u00ecnh c\u00f3 gi\u00e1 tr\u1ecb trong hai n\u0103m.<\/p>\n<p style=\"text-align: justify;\">H\u01a1n n\u1eefa, b\u1ea1n c\u00f3 \u0111\u1ee7 \u0111i\u1ec1u ki\u1ec7n \u0111\u1ec3 xin gi\u1ea5y ph\u00e9p c\u01b0 tr\u00fa gia \u0111\u00ecnh n\u1ebfu b\u1ea1n:<\/p>\n<p style=\"text-align: justify;\">&#8211; V\u1ee3\/ch\u1ed3ng c\u1ee7a m\u1ed9t c\u00f4ng d\u00e2n Th\u1ed5 Nh\u0129 K\u1ef3.<\/p>\n<p style=\"text-align: justify;\">&#8211; Con nh\u1ecf c\u1ee7a m\u1ed9t c\u00f4ng d\u00e2n Th\u1ed5 Nh\u0129 K\u1ef3.<\/p>\n<p style=\"text-align: justify;\">&#8211; Con ph\u1ee5 thu\u1ed9c (tr\u00ean 18 tu\u1ed5i) c\u1ee7a c\u00f4ng d\u00e2n Th\u1ed5 Nh\u0129 K\u1ef3.<\/p>\n<p style=\"text-align: justify;\"><strong>3. L\u00e0m th\u1ebf n\u00e0o c\u00f3 th\u1ec3 tr\u1edf th\u00e0nh th\u01b0\u1eddng tr\u00fa nh\u00e2n \u1edf Th\u1ed5 Nh\u0129 K\u1ef3?<\/strong><\/p>\n<p style=\"text-align: justify;\">N\u1ebfu b\u1ea1n \u0111\u00e3 c\u01b0 tr\u00fa \u1edf Th\u1ed5 Nh\u0129 K\u1ef3 \u00edt nh\u1ea5t t\u00e1m n\u0103m li\u00ean t\u1ee5c theo gi\u1ea5y ph\u00e9p c\u01b0 tr\u00fa, b\u1ea1n c\u00f3 th\u1ec3 n\u1ed9p \u0111\u01a1n xin\u00a0gi\u1ea5y ph\u00e9p c\u01b0 tr\u00fa d\u00e0i h\u1ea1n\u00a0v\u00e0 tr\u1edf th\u00e0nh th\u01b0\u1eddng tr\u00fa nh\u00e2n.\u00a0Hi\u1ec7u l\u1ef1c c\u1ee7a gi\u1ea5y ph\u00e9p c\u01b0 tr\u00fa d\u00e0i h\u1ea1n l\u00e0 v\u00f4 th\u1eddi h\u1ea1n.<\/p>\n<p style=\"text-align: justify;\"><strong>4. L\u00e0m th\u1ebf n\u00e0o c\u00f3 th\u1ec3 gi\u00e0nh \u0111\u01b0\u1ee3c quy\u1ec1n c\u00f4ng d\u00e2n \u1edf Th\u1ed5 Nh\u0129 K\u1ef3?<\/strong><\/p>\n<p style=\"text-align: justify;\">B\u1ea1n c\u00f3 th\u1ec3 gi\u00e0nh \u0111\u01b0\u1ee3c quy\u1ec1n c\u00f4ng d\u00e2n \u1edf Th\u1ed5 Nh\u0129 K\u1ef3 n\u1ebfu b\u1ea1n s\u1ed1ng \u1edf Th\u1ed5 Nh\u0129 K\u1ef3 trong th\u1eddi gian 5 n\u0103m li\u00ean t\u1ee5c.\u00a0N\u1ebfu b\u1ea1n k\u1ebft h\u00f4n v\u1edbi m\u1ed9t c\u00f4ng d\u00e2n Th\u1ed5 Nh\u0129 K\u1ef3, b\u1ea1n s\u1ebd \u0111\u1ee7 \u0111i\u1ec1u ki\u1ec7n nh\u1eadp qu\u1ed1c t\u1ecbch sau ba n\u0103m.<\/p>\n<p style=\"text-align: justify;\"><strong>5. Th\u1ed5 Nh\u0129 K\u1ef3 c\u00f3 cho ph\u00e9p c\u00f3 hai qu\u1ed1c t\u1ecbch kh\u00f4ng?<\/strong><\/p>\n<p style=\"text-align: justify;\">Th\u1ed5 Nh\u0129 K\u1ef3 c\u0169ng cho ph\u00e9p c\u00f3 hai qu\u1ed1c t\u1ecbch v\u00e0 nhi\u1ec1u qu\u1ed1c t\u1ecbch, b\u1ea5t k\u1ec3 b\u1ea1n \u0111\u1ebfn t\u1eeb qu\u1ed1c gia n\u00e0o.\u00a0V\u00ec v\u1eady, kh\u00f4ng c\u1ea7n ph\u1ea3i t\u1eeb b\u1ecf h\u1ed9 chi\u1ebfu c\u0169 c\u1ee7a n\u01b0\u1edbc b\u1ea1n.<\/p>\n<p><strong>6. L\u00e0m th\u1ebf n\u00e0o \u0111\u1ec3 chuy\u1ec3n \u0111\u1ed3 \u0111\u1ea1c c\u1ee7a \u0111\u1ebfn Th\u1ed5 Nh\u0129 K\u1ef3?<\/strong><\/p>\n<p style=\"text-align: justify;\">N\u1ebfu \u0111\u1ed3 \u0111\u1ea1c c\u1ee7a b\u1ea1n l\u00e0 nh\u1eefng m\u00f3n \u0111\u1ed3 nh\u1eb9, h\u00e3y c\u00e2n nh\u1eafc vi\u1ec7c bay c\u00f9ng ch\u00fang.\u00a0H\u1ea7u h\u1ebft c\u00e1c h\u00e3ng h\u00e0ng kh\u00f4ng \u0111\u1ec1u cung c\u1ea5p h\u1ea1n m\u1ee9c h\u00e0nh l\u00fd mi\u1ec5n ph\u00ed l\u00e0 30kg, v\u1edbi t\u00f9y ch\u1ecdn t\u0103ng h\u1ea1n m\u1ee9c h\u00e0nh l\u00fd c\u1ee7a b\u1ea1n v\u1edbi m\u1ed9t kho\u1ea3n ph\u00ed b\u1ed5 sung.<\/p>\n<p style=\"text-align: justify;\">C\u00e1c m\u1eb7t h\u00e0ng n\u1eb7ng h\u01a1n c\u1ee7a b\u1ea1n ch\u1ec9 c\u00f3 th\u1ec3 \u0111\u01b0\u1ee3c v\u1eadn chuy\u1ec3n m\u00e0 kh\u00f4ng ph\u1ea3i tr\u1ea3 thu\u1ebf nh\u1eadp kh\u1ea9u n\u1ebfu b\u1ea1n c\u00f3 gi\u1ea5y ph\u00e9p c\u01b0 tr\u00fa h\u1ee3p l\u1ec7 c\u1ee7a Th\u1ed5 Nh\u0129 K\u1ef3.\u00a0Khi nh\u1eadp c\u1ea3nh l\u1ea7n \u0111\u1ea7u ti\u00ean, l\u00f4 h\u00e0ng ph\u1ea3i \u0111\u01b0\u1ee3c khai b\u00e1o v\u1edbi c\u01a1 quan h\u1ea3i quan trong v\u00f2ng s\u00e1u th\u00e1ng.\u00a0H\u01a1n n\u1eefa, b\u1ea1n b\u1ecb c\u1ea5m b\u00e1n h\u00e0ng h\u00f3a c\u1ee7a m\u00ecnh v\u00ec ch\u00fang \u0111\u01b0\u1ee3c nh\u1eadp kh\u1ea9u mi\u1ec5n thu\u1ebf.\u00a0C\u00e1c gi\u1ea5y t\u1edd b\u1eaft bu\u1ed9c b\u1ea1n c\u1ea7n cung c\u1ea5p bao g\u1ed3m:<\/p>\n<p style=\"text-align: justify;\">&#8211; B\u1eb1ng ch\u1ee9ng c\u01b0 tr\u00fa kh\u1edbp v\u1edbi \u0111\u1ecba ch\u1ec9 giao h\u00e0ng.<\/p>\n<p style=\"text-align: justify;\">&#8211; Ki\u1ec3m k\u00ea chi ti\u1ebft c\u00e1c m\u1eb7t h\u00e0ng \u0111\u01b0\u1ee3c v\u1eadn chuy\u1ec3n.<\/p>\n<p style=\"text-align: justify;\">&#8211; Gi\u1ea5y \u1ee7y quy\u1ec1n (\u00e1p d\u1ee5ng n\u1ebfu ng\u01b0\u1eddi kh\u00e1c thay m\u1eb7t b\u1ea1n \u0111\u1ebfn l\u1ea5y \u0111\u1ed3 \u0111\u1ea1c).<\/p>\n<p style=\"text-align: justify;\"><em>L\u01b0u \u00fd: Kh\u00f4ng bao gi\u1edd bao g\u1ed3m r\u01b0\u1ee3u ho\u1eb7c thu\u1ed1c l\u00e1 trong c\u00e1c m\u1eb7t h\u00e0ng c\u1ee7a b\u1ea1n khi g\u1eedi h\u00e0ng \u0111\u1ebfn Th\u1ed5 Nh\u0129 K\u1ef3.<\/em><\/p>\n[\/vc_column_text][\/vc_column][\/vc_row]\n<\/div>","protected":false},"excerpt":{"rendered":"<p>[vc_row css=&#8221;.vc_custom_1748318053101{margin-top: -30px !important;}&#8221;][vc_column][\/vc_column][\/vc_row][vc_row][vc_column][vc_column_text css=&#8221;&#8221;] Georgia, Bulgaria, Syria, Hy L\u1ea1p v\u00e0 c\u00e1c v\u00f9ng bi\u1ec3n Aegean, \u0110\u1ecba Trung H\u1ea3i v\u00e0 Bi\u1ec3n \u0110en gi\u00e1p Th\u1ed5 Nh\u0129 K\u1ef3.\u00a0V\u1ecb tr\u00ed c\u1ee7a n\u00f3 t\u1ea1o ra c\u1ea7u n\u1ed1i gi\u1eefa ch\u00e2u \u00c1 v\u00e0 ch\u00e2u \u00c2u, cho ph\u00e9p ng\u01b0\u1eddi n\u01b0\u1edbc ngo\u00e0i c\u00f9ng nhau tr\u1ea3i nghi\u1ec7m v\u0103n h\u00f3a ph\u01b0\u01a1ng \u0110\u00f4ng v\u00e0 v\u0103n minh ph\u01b0\u01a1ng [&hellip;]<\/p>\n","protected":false},"author":4,"featured_media":0,"parent":0,"menu_order":0,"comment_status":"closed","ping_status":"closed","template":"","meta":{"footnotes":""},"class_list":["post-9284","page","type-page","status-publish","hentry"],"_links":{"self":[{"href":"https:\/\/immico.vn\/vi\/wp-json\/wp\/v2\/pages\/9284","targetHints":{"allow":["GET"]}}],"collection":[{"href":"https:\/\/immico.vn\/vi\/wp-json\/wp\/v2\/pages"}],"about":[{"href":"https:\/\/immico.vn\/vi\/wp-json\/wp\/v2\/types\/page"}],"author":[{"embeddable":true,"href":"https:\/\/immico.vn\/vi\/wp-json\/wp\/v2\/users\/4"}],"replies":[{"embeddable":true,"href":"https:\/\/immico.vn\/vi\/wp-json\/wp\/v2\/comments?post=9284"}],"version-history":[{"count":5,"href":"https:\/\/immico.vn\/vi\/wp-json\/wp\/v2\/pages\/9284\/revisions"}],"predecessor-version":[{"id":10562,"href":"https:\/\/immico.vn\/vi\/wp-json\/wp\/v2\/pages\/9284\/revisions\/10562"}],"wp:attachment":[{"href":"https:\/\/immico.vn\/vi\/wp-json\/wp\/v2\/media?parent=9284"}],"curies":[{"name":"wp","href":"https:\/\/api.w.org\/{rel}","templated":true}]}}