{"id":9286,"date":"2023-12-25T04:36:49","date_gmt":"2023-12-25T04:36:49","guid":{"rendered":"https:\/\/immico.vn\/?page_id=9286\/"},"modified":"2025-05-23T08:02:15","modified_gmt":"2025-05-23T08:02:15","slug":"dinh-cu-duc-germany-2","status":"publish","type":"page","link":"https:\/\/immico.vn\/vi\/dinh-cu-duc-germany-2\/","title":{"rendered":"\u0110\u1ecbnh c\u01b0 \u0110\u1ee9c (Germany)"},"content":{"rendered":"<div class=\"wpb-content-wrapper\">[vc_row css=&#8221;.vc_custom_1747982779698{margin-top: -30px !important;}&#8221;][vc_column]<div class=\"shortcode-wrapper shortcode-title clearfix hb-animate-element hb-fade-in\"><p style=\"color:#9A4C3C!important;border-color:#9A4C3C\" class=\"hb-text-large aligncenter\">\u0110\u1ecbnh c\u01b0 \u0110\u1ee9c (Germany)<\/p><\/div>[\/vc_column][\/vc_row][vc_row][vc_column][vc_column_text css=&#8221;&#8221;]\n<p style=\"text-align: justify;\">\u0110\u1ee9c l\u00e0 m\u1ed9t trong nh\u1eefng n\u1ec1n kinh t\u1ebf l\u1edbn nh\u1ea5t th\u1ebf gi\u1edbi.\u00a0Khi b\u1ea1n c\u0169ng t\u00ednh \u0111\u1ebfn h\u1ec7 th\u1ed1ng ch\u0103m s\u00f3c s\u1ee9c kh\u1ecfe to\u00e0n d\u00e2n, gi\u00e1o d\u1ee5c gi\u00e1 c\u1ea3 ph\u1ea3i ch\u0103ng v\u00e0 c\u01a1 h\u1ed9i l\u00e0m vi\u1ec7c, th\u1eadt d\u1ec5 hi\u1ec3u t\u1ea1i sao r\u1ea5t nhi\u1ec1u ng\u01b0\u1eddi m\u01a1 \u01b0\u1edbc \u0111\u01b0\u1ee3c chuy\u1ec3n \u0111\u1ebfn \u0110\u1ee9c.<\/p>\n<p style=\"text-align: justify;\">Tuy nhi\u00ean, \u0111\u1ed1i v\u1edbi h\u1ea7u h\u1ebft m\u1ecdi ng\u01b0\u1eddi, vi\u1ec7c chuy\u1ec3n \u0111\u1ebfn \u0110\u1ee9c kh\u00f4ng d\u1ec5 d\u00e0ng nh\u01b0 thu d\u1ecdn \u0111\u1ed3 \u0111\u1ea1c v\u00e0 r\u1eddi \u0111i \u2013 c\u00f2n c\u00f3 m\u1ed9t chi ti\u1ebft\u00a0<em>nh\u1ecf<\/em>\u00a0l\u00e0 xin th\u1ecb th\u1ef1c.<\/p>\n<p style=\"text-align: justify;\"><strong>1. L\u00e0m th\u1ebf n\u00e0o \u0111\u1ec3 di chuy\u1ec3n \u0111\u1ebfn \u0110\u1ee9c?<\/strong><\/p>\n<p style=\"text-align: justify;\">C\u00e1ch tr\u1ef1c ti\u1ebfp nh\u1ea5t \u0111\u1ec3 chuy\u1ec3n \u0111\u1ebfn \u0110\u1ee9c l\u00e0 tr\u1edf th\u00e0nh m\u1ed9t c\u00f4ng nh\u00e2n l\u00e0nh ngh\u1ec1. B\u1ea1n ph\u1ea3i c\u00f3 tr\u00ecnh \u0111\u1ed9 chuy\u00ean m\u00f4n \u1edf m\u1ed9t trong nh\u1eefng ng\u00e0nh ngh\u1ec1 \u0111ang c\u00f3 nhu c\u1ea7u cao, c\u00f3 l\u1eddi m\u1eddi l\u00e0m vi\u1ec7c t\u1eeb m\u1ed9t nh\u00e0 tuy\u1ec3n d\u1ee5ng \u1edf \u0110\u1ee9c v\u00e0 n\u1ed9p \u0111\u01a1n xin th\u1ecb th\u1ef1c l\u00e0m vi\u1ec7c. N\u1ebfu b\u1ea1n l\u00e0 m\u1ed9t ng\u01b0\u1eddi l\u00e0m vi\u1ec7c t\u1ef1 do, b\u1ea1n ph\u1ea3i ch\u1ee9ng minh r\u1eb1ng \u1edf \u0110\u1ee9c c\u00f3 nhu c\u1ea7u v\u1ec1 d\u1ecbch v\u1ee5 c\u1ee7a b\u1ea1n tr\u01b0\u1edbc khi \u0111\u01b0\u1ee3c c\u1ea5p th\u1ecb th\u1ef1c. Theo Ch\u00ednh ph\u1ee7 Li\u00ean bang \u0110\u1ee9c, c\u00e1c ng\u00e0nh ngh\u1ec1 \u0111\u01b0\u1ee3c coi l\u00e0 c\u00f3 nhu c\u1ea7u \u1edf \u0110\u1ee9c l\u00e0: b\u00e1c s\u0129, k\u1ef9 s\u01b0, chuy\u00ean gia CNTT v\u00e0 nh\u00e0 qu\u1ea3n l\u00fd.<\/p>\n<p style=\"text-align: justify;\"><strong>2. Di chuy\u1ec3n \u0111\u1ebfn \u0110\u1ee9c kh\u00f3 \u0111\u1ebfn m\u1ee9c n\u00e0o?<\/strong><\/p>\n<p style=\"text-align: justify;\">N\u1ebfu b\u1ea1n kh\u00f4ng thu\u1ed9c EU, kh\u00f3 kh\u0103n khi chuy\u1ec3n \u0111\u1ebfn \u0110\u1ee9c ph\u1ee5 thu\u1ed9c ph\u1ea7n l\u1edbn v\u00e0o qu\u1ed1c t\u1ecbch c\u1ee7a b\u1ea1n, ng\u00e0nh b\u1ea1n l\u00e0m vi\u1ec7c v\u00e0 li\u1ec7u b\u1ea1n c\u00f3 n\u00f3i \u0111\u01b0\u1ee3c ti\u1ebfng \u0110\u1ee9c hay kh\u00f4ng.\u00a0S\u1ebd d\u1ec5 d\u00e0ng h\u01a1n n\u1ebfu b\u1ea1n n\u00f3i ti\u1ebfng \u0110\u1ee9c (\u00edt nh\u1ea5t l\u00e0 \u1edf m\u1ee9c \u0111\u1ed9 c\u01a1 b\u1ea3n), v\u00ec n\u00f3 gi\u00fap b\u1ea1n ti\u1ebfp c\u1eadn th\u1ecb tr\u01b0\u1eddng vi\u1ec7c l\u00e0m.\u00a0Vi\u1ec7c nh\u1eadp c\u01b0 v\u00e0o \u0110\u1ee9c c\u0169ng d\u1ec5 d\u00e0ng h\u01a1n n\u1ebfu b\u1ea1n l\u00e0\u00a0c\u00f4ng nh\u00e2n l\u00e0nh ngh\u1ec1 \u1edf m\u1ed9t trong nh\u1eefng ng\u00e0nh ngh\u1ec1 \u0111ang c\u00f3 nhu c\u1ea7u cao\u00a0(nh\u01b0 ph\u00e1t tri\u1ec3n ph\u1ea7n m\u1ec1m, CNTT, y h\u1ecdc, lu\u1eadt, k\u1ef9 thu\u1eadt, ch\u0103m s\u00f3c ng\u01b0\u1eddi gi\u00e0, x\u00e2y d\u1ef1ng, v.v.).<\/p>\n<p style=\"text-align: justify;\">Khi n\u00f3i \u0111\u1ebfn qu\u1ed1c t\u1ecbch, quy tr\u00ecnh nh\u1eadp c\u01b0 \u0111\u01b0\u1ee3c \u0111\u01a1n gi\u1ea3n h\u00f3a \u0111\u1ed1i v\u1edbi c\u00f4ng d\u00e2n Hoa K\u1ef3, Anh, Canada, \u00dac, New Zealand, Andorra, New Zealand, San Marino, Israel, Nh\u1eadt B\u1ea3n v\u00e0 H\u00e0n Qu\u1ed1c.\u00a0N\u1ebfu b\u1ea1n \u0111\u1ebfn t\u1eeb m\u1ed9t trong nh\u1eefng qu\u1ed1c gia n\u00e0y, b\u1ea1n c\u00f3 th\u1ec3 nh\u1eadn \u0111\u01b0\u1ee3c gi\u1ea5y ph\u00e9p c\u01b0 tr\u00fa sau khi v\u00e0o \u0110\u1ee9c, \u0111i\u1ec1u \u0111\u00f3 c\u00f3 ngh\u0129a l\u00e0 b\u1ea1n c\u00f3 th\u1ec3 \u1edf \u0110\u1ee9c trong khi t\u00ecm vi\u1ec7c l\u00e0m ho\u1eb7c t\u00ecm ch\u1ed7 \u1edf.<\/p>\n<p style=\"text-align: justify;\"><strong>3. Chuy\u1ec3n \u0111\u1ebfn \u0110\u1ee9c v\u1edbi t\u01b0 c\u00e1ch l\u00e0 C\u00f4ng d\u00e2n EU<\/strong><\/p>\n<p style=\"text-align: justify;\">N\u1ebfu b\u1ea1n \u0111\u1ebfn t\u1eeb m\u1ed9t qu\u1ed1c gia EU\/EEA ho\u1eb7c Th\u1ee5y S\u0129, b\u1ea1n s\u1ebd kh\u00e1 d\u1ec5 d\u00e0ng n\u1ebfu mu\u1ed1n chuy\u1ec3n \u0111\u1ebfn \u0110\u1ee9c.\u00a0Ch\u1ec9 c\u1ea7n b\u1ea1n c\u00f3 th\u1ec3 t\u00ecm \u0111\u01b0\u1ee3c m\u1ed9t n\u01a1i \u0111\u1ec3 \u1edf, b\u1ea1n ch\u1ec9 c\u1ea7n thu d\u1ecdn \u0111\u1ed3 \u0111\u1ea1c v\u00e0 \u0111i!\u00a0B\u1ea1n c\u00f3 th\u1ec3 l\u00e0m vi\u1ec7c \u1edf b\u1ea5t k\u1ef3 ng\u00e0nh ngh\u1ec1 n\u00e0o b\u1ea1n mu\u1ed1n v\u00e0 v\u1ec1 m\u1eb7t k\u1ef9 thu\u1eadt, b\u1ea1n th\u1eadm ch\u00ed kh\u00f4ng c\u1ea7n l\u1eddi m\u1eddi l\u00e0m vi\u1ec7c ho\u1eb7c h\u1ee3p \u0111\u1ed3ng.\u00a0N\u1ebfu b\u1ea1n c\u00f3 vi\u1ec7c l\u00e0m, v\u1ecb tr\u00ed \u0111\u00f3 kh\u00f4ng c\u1ea7n ph\u1ea3i \u0111\u00e1p \u1ee9ng c\u00e1c ti\u00eau ch\u00ed v\u1ec1 nhu c\u1ea7u ho\u1eb7c m\u1ee9c l\u01b0\u01a1ng.\u00a0T\u1ea5t c\u1ea3 nh\u1eefng g\u00ec b\u1ea1n ph\u1ea3i l\u00e0m l\u00e0 \u0111\u0103ng k\u00fd t\u1ea1i v\u0103n ph\u00f2ng \u0111\u0103ng k\u00fd \u0111\u1ecba ph\u01b0\u01a1ng n\u1ebfu b\u1ea1n d\u1ef1 \u0111\u1ecbnh \u1edf l\u1ea1i \u0110\u1ee9c l\u00e2u h\u01a1n ba th\u00e1ng.<\/p>\n<p style=\"text-align: justify;\">H\u00e3y nh\u1edb r\u1eb1ng, sau Brexit, c\u00f4ng d\u00e2n Anh mu\u1ed1n chuy\u1ec3n \u0111\u1ebfn \u0110\u1ee9c c\u0169ng \u0111\u01b0\u1ee3c coi l\u00e0 c\u00f4ng d\u00e2n ngo\u00e0i EU.<\/p>\n<p style=\"text-align: justify;\"><strong>4. Chuy\u1ec3n \u0111\u1ebfn \u0110\u1ee9c v\u1edbi t\u01b0 c\u00e1ch l\u00e0 c\u00f4ng d\u00e2n ngo\u00e0i EU<\/strong><\/p>\n<p style=\"text-align: justify;\">V\u1edbi c\u00e1c b\u01b0\u1edbc \u0111\u01a1n gi\u1ea3n, qu\u00e1 tr\u00ecnh nh\u1eadp c\u01b0 v\u00e0o \u0110\u1ee9c v\u1edbi t\u01b0 c\u00e1ch l\u00e0 c\u00f4ng d\u00e2n ngo\u00e0i EU nh\u01b0 sau:<\/p>\n<p style=\"text-align: justify;\"><em>1. T\u00ecm v\u00e0 n\u1ed9p \u0111\u01a1n xin vi\u1ec7c.<\/em> B\u1ea1n c\u00f3 th\u1ec3 t\u00ecm vi\u1ec7c l\u00e0m tr\u1ef1c tuy\u1ebfn th\u00f4ng qua JOBB\u00d6RSE (H\u1ed9i \u0111\u1ed3ng vi\u1ec7c l\u00e0m) c\u1ee7a C\u01a1 quan vi\u1ec7c l\u00e0m Li\u00ean bang \u0110\u1ee9c ho\u1eb7c c\u1ed5ng th\u00f4ng tin EURES, n\u01a1i ch\u1ee9a c\u00e1c tin tuy\u1ec3n d\u1ee5ng t\u1eeb kh\u1eafp Ch\u00e2u \u00c2u.<\/p>\n<p style=\"text-align: justify;\"><em>2. Xin visa l\u00e0m vi\u1ec7c v\u00e0 gi\u1ea5y ph\u00e9p lao \u0111\u1ed9ng.<\/em> <u><\/u>Sau khi b\u1ea1n c\u00f3 h\u1ee3p \u0111\u1ed3ng lao \u0111\u1ed9ng, ng\u01b0\u1eddi s\u1eed d\u1ee5ng lao \u0111\u1ed9ng c\u1ee7a b\u1ea1n ph\u1ea3i thay m\u1eb7t b\u1ea1n n\u1ed9p \u0111\u01a1n xin gi\u1ea5y ph\u00e9p lao \u0111\u1ed9ng.\u00a0B\u1ea1n ph\u1ea3i xin visa l\u00e0m vi\u1ec7c t\u1eeb \u0111\u1ea1i s\u1ee9 qu\u00e1n \u0110\u1ee9c \u1edf n\u01b0\u1edbc b\u1ea1n.<\/p>\n<p style=\"text-align: justify;\"><em>3. \u0110\u0103ng k\u00fd b\u1ea3o hi\u1ec3m y t\u1ebf \u0110\u1ee9c.<\/em> Sau khi \u0111\u1ebfn \u0110\u1ee9c, b\u1ea1n ph\u1ea3i \u0111\u0103ng k\u00fd b\u1ea3o hi\u1ec3m y t\u1ebf v\u00ec \u0111\u00e2y l\u00e0 \u0111i\u1ec1u b\u1eaft bu\u1ed9c \u0111\u1ed1i v\u1edbi m\u1ecdi c\u00f4ng d\u00e2n v\u00e0 c\u01b0 d\u00e2n \u0110\u1ee9c.<\/p>\n<p style=\"text-align: justify;\"><em>4. C\u00f3 \u0111\u01b0\u1ee3c gi\u1ea5y ph\u00e9p c\u01b0 tr\u00fa \u1edf \u0110\u1ee9c.<\/em> B\u1ea1n n\u1ed9p \u0111\u01a1n xin gi\u1ea5y ph\u00e9p c\u01b0 tr\u00fa t\u1ea1i V\u0103n ph\u00f2ng Nh\u1eadp c\u01b0\/Ng\u01b0\u1eddi n\u01b0\u1edbc ngo\u00e0i (<em>Ausl\u00e4nderbeh\u00f6rde<\/em>).<\/p>\n<p style=\"text-align: justify;\"><em>5. B\u1eaft \u0111\u1ea7u l\u00e0m vi\u1ec7c. <\/em>Sau khi c\u00f3 gi\u1ea5y ph\u00e9p c\u01b0 tr\u00fa, b\u1ea1n c\u00f3 th\u1ec3 b\u1eaft \u0111\u1ea7u l\u00e0m vi\u1ec7c.\u00a0Trong v\u00f2ng 5 n\u0103m, b\u1ea1n s\u1ebd \u0111\u1ee7 \u0111i\u1ec1u ki\u1ec7n \u0111\u1ec3 \u0111\u1ecbnh c\u01b0\u00a0v\u1edbi t\u01b0 c\u00e1ch l\u00e0 th\u01b0\u1eddng tr\u00fa nh\u00e2n t\u1ea1i \u0110\u1ee9c.<\/p>\n<p style=\"text-align: justify;\"><strong>5. T\u00f4i c\u00f3 th\u1ec3 chuy\u1ec3n \u0111\u1ebfn \u0110\u1ee9c m\u00e0 kh\u00f4ng c\u00f3 vi\u1ec7c l\u00e0m kh\u00f4ng?<\/strong><\/p>\n<p style=\"text-align: justify;\">N\u1ebfu b\u1ea1n l\u00e0 c\u00f4ng d\u00e2n ngo\u00e0i EU, b\u1ea1n kh\u00f4ng th\u1ec3 s\u1ed1ng \u1edf \u0110\u1ee9c l\u00e2u h\u01a1n ba th\u00e1ng, tr\u1eeb khi b\u1ea1n \u0111ang l\u00e0m vi\u1ec7c ho\u1eb7c h\u1ecdc t\u1eadp.\u00a0Tuy nhi\u00ean, n\u1ebfu b\u1ea1n \u0111\u00e1p \u1ee9ng c\u00e1c y\u00eau c\u1ea7u, b\u1ea1n\u00a0<em>c\u00f3 th\u1ec3\u00a0<\/em>n\u1ed9p \u0111\u01a1n xin th\u1ecb th\u1ef1c t\u00ecm vi\u1ec7c cho ph\u00e9p b\u1ea1n \u1edf l\u1ea1i \u0110\u1ee9c t\u1ed1i \u0111a s\u00e1u th\u00e1ng khi b\u1ea1n t\u00ecm vi\u1ec7c l\u00e0m.<\/p>\n<p style=\"text-align: justify;\">N\u1ebfu b\u1ea1n s\u1ed1ng \u1edf \u0110\u1ee9c l\u00e2u h\u01a1n ba th\u00e1ng m\u00e0 kh\u00f4ng c\u00f3 th\u1ecb th\u1ef1c ph\u00f9 h\u1ee3p, b\u1ea1n s\u1ebd b\u1ecb tr\u1ee5c xu\u1ea5t khi b\u1ecb ph\u00e1t hi\u1ec7n.\u00a0\u0110i\u1ec1u n\u00e0y s\u1ebd \u1ea3nh h\u01b0\u1edfng \u0111\u1ebfn b\u1ea5t k\u1ef3 c\u01a1 h\u1ed9i nh\u1eadp c\u01b0 v\u00e0o \u0110\u1ee9c trong t\u01b0\u01a1ng lai.\u00a0B\u1ea1n c\u0169ng c\u00f3 th\u1ec3 ph\u1ea3i n\u1ed9p ph\u1ea1t ho\u1eb7c \u0111\u1ed1i m\u1eb7t v\u1edbi c\u00e1c h\u00ecnh ph\u1ea1t ph\u00e1p l\u00fd kh\u00e1c.<\/p>\n<p style=\"text-align: justify;\">Tr\u01b0\u1eddng h\u1ee3p duy nh\u1ea5t khi b\u1ea1n c\u00f3 th\u1ec3 chuy\u1ec3n \u0111\u1ebfn \u0110\u1ee9c m\u00e0 kh\u00f4ng c\u1ea7n l\u00e0m vi\u1ec7c ho\u1eb7c c\u00f3 \u00fd \u0111\u1ecbnh l\u00e0m vi\u1ec7c l\u00e0 n\u1ebfu b\u1ea1n k\u1ebft h\u00f4n v\u1edbi c\u00f4ng d\u00e2n \u0110\u1ee9c ho\u1eb7c th\u01b0\u1eddng tr\u00fa nh\u00e2n v\u00e0 h\u1ecd c\u00f3 \u0111\u1ee7 ph\u01b0\u01a1ng ti\u1ec7n t\u00e0i ch\u00ednh \u0111\u1ec3 h\u1ed7 tr\u1ee3 b\u1ea1n v\u1edbi t\u01b0 c\u00e1ch l\u00e0 ng\u01b0\u1eddi ph\u1ee5 thu\u1ed9c.<\/p>\n<p style=\"text-align: justify;\"><strong>6. Chi ph\u00ed bao nhi\u00eau \u0111\u1ec3 chuy\u1ec3n \u0111\u1ebfn \u0110\u1ee9c?<\/strong><\/p>\n<p style=\"text-align: justify;\">B\u1ea1n c\u00f3 th\u1ec3 mong \u0111\u1ee3i vi\u1ec7c chuy\u1ec3n \u0111\u1ebfn \u0110\u1ee9c c\u1ee7a m\u00ecnh s\u1ebd t\u1ed1n h\u01a1n 3.000 \u20ac (3.400 USD).\u00a0C\u00e1c y\u1ebfu t\u1ed1 l\u00e0m t\u0103ng chi ph\u00ed bao g\u1ed3m n\u01a1i b\u1ea1n s\u1ebd s\u1ed1ng \u1edf \u0110\u1ee9c (ti\u1ec1n thu\u00ea nh\u00e0) v\u00e0 n\u01a1i b\u1ea1n s\u1ebd \u0111i du l\u1ecbch (chi ph\u00ed chuy\u1ebfn bay).\u00a0B\u1ea1n s\u1ebd c\u1ea7n nh\u1eefng \u0111i\u1ec1u sau \u0111\u00e2y:<\/p>\n<table width=\"652\">\n<tbody>\n<tr>\n<td width=\"311\">Th\u1ebb l\u00e0m vi\u1ec7c<\/td>\n<td width=\"341\">\u20ac75<\/td>\n<\/tr>\n<tr>\n<td width=\"311\">Gi\u1ea5y ph\u00e9p c\u01b0 tr\u00fa<\/td>\n<td width=\"341\">\u20ac50 \u2013 \u20ac110<\/td>\n<\/tr>\n<tr>\n<td width=\"311\">B\u1ea3o hi\u1ec3m y t\u1ebf du l\u1ecbch<\/td>\n<td width=\"341\">\u20ac30 \u2013 \u20ac90 \u0111\u1ec3 chi tr\u1ea3 cho ba th\u00e1ng \u0111\u1ea7u ti\u00ean<\/td>\n<\/tr>\n<tr>\n<td width=\"311\">V\u00e9 m\u00e1y bay m\u1ed9t chi\u1ec1u<\/td>\n<td width=\"341\">\u20ac200 \u2013 \u20ac600<\/td>\n<\/tr>\n<tr>\n<td width=\"311\">Ti\u1ec1n thu\u00ea nh\u00e0 v\u00e0 ti\u1ec1n \u0111\u1eb7t c\u1ecdc 3 th\u00e1ng \u0111\u1ea7u<\/td>\n<td width=\"341\">\u20ac1.500 \u2013 \u20ac5.000 (t\u00f9y thu\u1ed9c v\u00e0o n\u01a1i b\u1ea1n s\u1ebd s\u1ed1ng)<\/td>\n<\/tr>\n<tr>\n<td width=\"311\">Chi ph\u00ed sinh ho\u1ea1t trong th\u00e1ng \u0111\u1ea7u ti\u00ean<\/td>\n<td width=\"341\">\u20ac1.000 ($1.300)<\/td>\n<\/tr>\n<\/tbody>\n<\/table>\n<p style=\"text-align: justify;\">\u0110\u1eebng qu\u00ean bao g\u1ed3m chi ph\u00ed v\u1eadn chuy\u1ec3n \u0111\u1ed3 \u0111\u1ea1c c\u00e1 nh\u00e2n c\u1ee7a b\u1ea1n\u2014bao g\u1ed3m c\u1ea3 \u0111\u1ed3 \u0111\u1ea1c\u2014\u0111\u1ebfn \u0110\u1ee9c.<\/p>\n<p style=\"text-align: justify;\"><strong>7. Nh\u1eefng \u0111i\u1ec1u c\u1ea7n bi\u1ebft tr\u01b0\u1edbc khi chuy\u1ec3n \u0111\u1ebfn \u0110\u1ee9c<\/strong><\/p>\n<p style=\"text-align: justify;\">D\u01b0\u1edbi \u0111\u00e2y l\u00e0 m\u1ed9t s\u1ed1 \u0111i\u1ec1u ch\u00ednh c\u1ea7n bi\u1ebft tr\u01b0\u1edbc khi b\u1ea1n chuy\u1ec3n \u0111\u1ebfn \u0110\u1ee9c:<\/p>\n<p style=\"text-align: justify;\"><strong>&#8211; B\u1ea1n s\u1ebd \u0111\u01b0\u1ee3c ti\u1ebfp c\u1eadn v\u1edbi <\/strong>b\u1ea3o hi\u1ec3m y t\u1ebf c\u00f4ng c\u1ed9ng c\u1ee7a \u0110\u1ee9c<strong>. <\/strong>90% d\u00e2n s\u1ed1 \u0110\u1ee9c \u0111\u01b0\u1ee3c \u0111\u0103ng k\u00fd tham gia ch\u01b0\u01a1ng tr\u00ecnh ch\u0103m s\u00f3c s\u1ee9c kh\u1ecfe c\u00f4ng c\u1ed9ng (theo lu\u1eadt \u0111\u1ecbnh), cung c\u1ea5p d\u1ecbch v\u1ee5 \u0111i\u1ec1u tr\u1ecb y t\u1ebf mi\u1ec5n ph\u00ed t\u1ea1i c\u00e1c b\u1ec7nh vi\u1ec7n c\u00f4ng \u1edf \u0110\u1ee9c.\u00a0Ch\u01b0\u01a1ng tr\u00ecnh y t\u1ebf c\u00f4ng c\u1ed9ng \u0111\u01b0\u1ee3c t\u00e0i tr\u1ee3 b\u1eb1ng kho\u1ea3n \u0111\u00f3ng g\u00f3p h\u00e0ng th\u00e1ng, \u0111\u01b0\u1ee3c kh\u1ea5u tr\u1eeb t\u1eeb thu nh\u1eadp c\u1ee7a b\u1ea1n.<\/p>\n<p style=\"text-align: justify;\"><strong>&#8211; B\u1ea1n n\u00ean quy\u1ebft \u0111\u1ecbnh nh\u1eefng m\u00f3n \u0111\u1ed3 n\u00e0o s\u1ebd mang theo b\u00ean m\u00ecnh. <\/strong>Chuy\u1ec3n \u0111\u1ebfn m\u1ed9t \u0111\u1ea5t n\u01b0\u1edbc ho\u00e0n to\u00e0n m\u1edbi l\u00e0 m\u1ed9t c\u00f4ng vi\u1ec7c d\u1ec5 d\u00e0ng m\u00e0 kh\u00f4ng g\u1eb7p r\u1eafc r\u1ed1i khi di chuy\u1ec3n \u0111\u1ed3 \u0111\u1ea1c c\u00e1 nh\u00e2n c\u1ee7a b\u1ea1n. M\u1ed9t s\u1ed1 ng\u01b0\u1eddi n\u01b0\u1edbc ngo\u00e0i th\u00edch b\u00e1n ph\u1ea7n l\u1edbn \u0111\u1ed3 \u0111\u1ea1c c\u1ee7a h\u1ecd, trong khi nh\u1eefng ng\u01b0\u1eddi kh\u00e1c ch\u1ecdn gi\u1eef ch\u00fang trong kho v\u00e0 mang v\u1ec1 sau khi \u0111\u1ecbnh c\u01b0 \u1edf \u0110\u1ee9c.<\/p>\n<p style=\"text-align: justify;\"><strong>&#8211; B\u1ea1n n\u00ean h\u1ecdc m\u1ed9t ch\u00fat ti\u1ebfng \u0110\u1ee9c. <\/strong>D\u00f9 b\u1ea1n c\u00f3 th\u1ec3 t\u00ecm \u0111\u01b0\u1ee3c m\u1ed9t c\u00f4ng vi\u1ec7c c\u00f3 th\u1ec3 l\u00e0m b\u1eb1ng ti\u1ebfng Anh nh\u01b0ng b\u1ea1n n\u00ean h\u1ecdc ti\u1ebfng \u0110\u1ee9c n\u1ebfu mu\u1ed1n h\u00f2a nh\u1eadp t\u1ed1t h\u01a1n.\u00a0Bi\u1ebft ng\u00f4n ng\u1eef s\u1ebd gi\u00fap m\u1ecdi th\u1ee9 tr\u1edf n\u00ean d\u1ec5 d\u00e0ng h\u01a1n v\u1edbi b\u1ea1n, b\u1eaft \u0111\u1ea7u t\u1eeb gi\u1ea5y t\u1edd xin gi\u1ea5y ph\u00e9p c\u01b0 tr\u00fa, b\u1ea3o hi\u1ec3m y t\u1ebf, giao ti\u1ebfp v\u1edbi \u0111\u1ed3ng nghi\u1ec7p, h\u00e0ng x\u00f3m, cho \u0111\u1ebfn vi\u1ec7c gh\u00e9 qua ch\u1ee3 \u0111\u1ecba ph\u01b0\u01a1ng.<\/p>\n<p style=\"text-align: justify;\"><strong>&#8211; C\u00f3 nh\u1eefng \u201cth\u1eddi gian y\u00ean t\u0129nh\u201d \u0111\u01b0\u1ee3c ph\u00e1p lu\u1eadt quy \u0111\u1ecbnh. <\/strong>\u0110i\u1ec1u n\u00e0y c\u00f3 ngh\u0129a l\u00e0, sau 10 gi\u1edd t\u1ed1i v\u00e0 \u0111\u1ebfn 6 gi\u1edd s\u00e1ng, b\u1ea1n kh\u00f4ng th\u1ec3 l\u00e0m phi\u1ec1n h\u00e0ng x\u00f3m b\u1eb1ng ti\u1ebfng \u1ed3n l\u1edbn, d\u00f9 \u0111\u00f3 l\u00e0 ti\u1ebfng nh\u1ea1c, m\u00e1y gi\u1eb7t, m\u00e1y h\u00fat b\u1ee5i hay vi\u1ec7c s\u1eeda nh\u00e0.\u00a0V\u00e0o Ch\u1ee7 nh\u1eadt v\u00e0 ng\u00e0y l\u1ec5, kho\u1ea3ng th\u1eddi gian y\u00ean t\u0129nh k\u00e9o d\u00e0i c\u1ea3 ng\u00e0y.\u00a0M\u1ed9t s\u1ed1 t\u00f2a nh\u00e0 chung c\u01b0 th\u1eadm ch\u00ed c\u00f3 th\u1ec3 c\u00f3 th\u00eam gi\u1edd y\u00ean t\u0129nh ri\u00eang, t\u1eeb 1 gi\u1edd chi\u1ec1u \u0111\u1ebfn 3 gi\u1edd chi\u1ec1u.<\/p>\n<p style=\"text-align: justify;\"><strong>&#8211; Ng\u01b0\u1eddi \u0110\u1ee9c c\u00f3 b\u1ea3o hi\u1ec3m cho m\u1ecdi th\u1ee9. <\/strong>B\u1ea3o hi\u1ec3m y t\u1ebf l\u00e0 nh\u1ea5t \u0111\u1ecbnh, nh\u01b0ng b\u1ea1n s\u1ebd th\u1ea5y ph\u1ea7n l\u1edbn ng\u01b0\u1eddi \u0110\u1ee9c c\u0169ng c\u00f3 b\u1ea3o hi\u1ec3m tr\u00e1ch nhi\u1ec7m ph\u00e1p l\u00fd (\u0111\u1ed1i v\u1edbi nh\u1eefng thi\u1ec7t h\u1ea1i m\u00e0 b\u1ea1n c\u00f3 th\u1ec3 g\u00e2y ra cho ng\u01b0\u1eddi kh\u00e1c), b\u1ea3o hi\u1ec3m ph\u00e1p l\u00fd (n\u1ebfu b\u1ea1n t\u1eebng c\u00f3 tranh ch\u1ea5p ph\u00e1p l\u00fd) v\u00e0 th\u1eadm ch\u00ed c\u1ea3 b\u1ea3o hi\u1ec3m tr\u00e1ch nhi\u1ec7m ph\u00e1p l\u00fd \u0111\u1ed1i v\u1edbi th\u00fa c\u01b0ng &#8211; ch\u1ec9 k\u1ec3 t\u00ean m\u1ed9t v\u00e0i.<\/p>\n<p style=\"text-align: justify;\"><strong>&#8211; B\u1ea1n ph\u1ea3i h\u1ecdc c\u00e1ch tu\u00e2n theo t\u1ea5t c\u1ea3 c\u00e1c quy t\u1eafc. <\/strong>Ng\u01b0\u1eddi \u0110\u1ee9c n\u1ed5i ti\u1ebfng l\u00e0 r\u1ea5t c\u00f4ng b\u1eb1ng v\u00e0 tu\u00e2n th\u1ee7 lu\u1eadt l\u1ec7.\u00a0V\u00ec v\u1eady, h\u00e3y t\u00f4n tr\u1ecdng vi\u1ec7c x\u1ebfp h\u00e0ng t\u1ea1i c\u00e1c c\u1eeda h\u00e0ng, quy t\u1eafc t\u00e1i ch\u1ebf, quy t\u1eafc giao th\u00f4ng, th\u1eddi gian y\u00ean t\u0129nh v\u00e0 b\u1ea5t k\u1ef3 bi\u1ec3n b\u00e1o n\u00e0o &#8211; n\u1ebfu kh\u00f4ng, b\u1ea1n s\u1ebd b\u1ecb ch\u00ea bai v\u00e0 c\u00f3 th\u1ec3 b\u1ecb g\u1ecdi ra ngo\u00e0i.<\/p>\n[\/vc_column_text][\/vc_column][\/vc_row]\n<\/div>","protected":false},"excerpt":{"rendered":"<p>[vc_row css=&#8221;.vc_custom_1747982779698{margin-top: -30px !important;}&#8221;][vc_column][\/vc_column][\/vc_row][vc_row][vc_column][vc_column_text css=&#8221;&#8221;] \u0110\u1ee9c l\u00e0 m\u1ed9t trong nh\u1eefng n\u1ec1n kinh t\u1ebf l\u1edbn nh\u1ea5t th\u1ebf gi\u1edbi.\u00a0Khi b\u1ea1n c\u0169ng t\u00ednh \u0111\u1ebfn h\u1ec7 th\u1ed1ng ch\u0103m s\u00f3c s\u1ee9c kh\u1ecfe to\u00e0n d\u00e2n, gi\u00e1o d\u1ee5c gi\u00e1 c\u1ea3 ph\u1ea3i ch\u0103ng v\u00e0 c\u01a1 h\u1ed9i l\u00e0m vi\u1ec7c, th\u1eadt d\u1ec5 hi\u1ec3u t\u1ea1i sao r\u1ea5t nhi\u1ec1u ng\u01b0\u1eddi m\u01a1 \u01b0\u1edbc \u0111\u01b0\u1ee3c chuy\u1ec3n \u0111\u1ebfn \u0110\u1ee9c. Tuy [&hellip;]<\/p>\n","protected":false},"author":4,"featured_media":0,"parent":0,"menu_order":0,"comment_status":"closed","ping_status":"closed","template":"","meta":{"footnotes":""},"class_list":["post-9286","page","type-page","status-publish","hentry"],"_links":{"self":[{"href":"https:\/\/immico.vn\/vi\/wp-json\/wp\/v2\/pages\/9286","targetHints":{"allow":["GET"]}}],"collection":[{"href":"https:\/\/immico.vn\/vi\/wp-json\/wp\/v2\/pages"}],"about":[{"href":"https:\/\/immico.vn\/vi\/wp-json\/wp\/v2\/types\/page"}],"author":[{"embeddable":true,"href":"https:\/\/immico.vn\/vi\/wp-json\/wp\/v2\/users\/4"}],"replies":[{"embeddable":true,"href":"https:\/\/immico.vn\/vi\/wp-json\/wp\/v2\/comments?post=9286"}],"version-history":[{"count":5,"href":"https:\/\/immico.vn\/vi\/wp-json\/wp\/v2\/pages\/9286\/revisions"}],"predecessor-version":[{"id":10516,"href":"https:\/\/immico.vn\/vi\/wp-json\/wp\/v2\/pages\/9286\/revisions\/10516"}],"wp:attachment":[{"href":"https:\/\/immico.vn\/vi\/wp-json\/wp\/v2\/media?parent=9286"}],"curies":[{"name":"wp","href":"https:\/\/api.w.org\/{rel}","templated":true}]}}