{"id":9289,"date":"2023-12-25T04:41:29","date_gmt":"2023-12-25T04:41:29","guid":{"rendered":"https:\/\/immico.vn\/?page_id=9289\/"},"modified":"2025-05-27T04:02:32","modified_gmt":"2025-05-27T04:02:32","slug":"dinh-cu-tay-ban-nha-spain","status":"publish","type":"page","link":"https:\/\/immico.vn\/vi\/dinh-cu-tay-ban-nha-spain\/","title":{"rendered":"\u0110\u1ecbnh c\u01b0 T\u00e2y Ban Nha (Spain)"},"content":{"rendered":"<div class=\"wpb-content-wrapper\">[vc_row css=&#8221;.vc_custom_1748318539145{margin-top: -30px !important;}&#8221;][vc_column]<div class=\"shortcode-wrapper shortcode-title clearfix hb-animate-element hb-fade-in\"><p style=\"color:#9a4c3c!important;border-color:#9a4c3c\" class=\"hb-text-large aligncenter\">\u0110\u1ecbnh c\u01b0 T\u00e2y Ban Nha (Spain)<\/p><\/div>[\/vc_column][\/vc_row][vc_row][vc_column][vc_column_text css=&#8221;&#8221;]\n<p style=\"text-align: justify;\">Cu\u1ed9c s\u1ed1ng tr\u00ean l\u00e3nh th\u1ed5 T\u00e2y Ban Nha c\u00f3 th\u1ec3 ph\u00e1t tri\u1ec3n v\u00e0 th\u00fa v\u1ecb, \u0111\u1eb7c bi\u1ec7t \u0111\u1ed1i v\u1edbi nh\u1eefng ng\u01b0\u1eddi \u0111ang t\u00ecm ki\u1ebfm m\u1ed9t kh\u1edfi \u0111\u1ea7u m\u1edbi.\u00a0T\u00e2y Ban Nha mang \u0111\u1ebfn m\u1ed9t phong c\u00e1ch s\u1ed1ng m\u00e0 nhi\u1ec1u ng\u01b0\u1eddi mong mu\u1ed1n, \u0111\u00f3 l\u00e0 l\u00fd do t\u1ea1i sao hi\u1ec7n c\u00f3 kho\u1ea3ng 6 tri\u1ec7u ng\u01b0\u1eddi n\u01b0\u1edbc ngo\u00e0i s\u1ed1ng \u1edf c\u00e1c th\u00e0nh ph\u1ed1 c\u1ee7a T\u00e2y Ban Nha.\u00a0Ng\u01b0\u1eddi n\u01b0\u1edbc ngo\u00e0i b\u1ecb thu h\u00fat b\u1edfi th\u1eddi ti\u1ebft n\u1eafng \u0111\u1eb9p, nh\u1eefng b\u00e3i bi\u1ec3n ngo\u1ea1n m\u1ee5c v\u00e0 ch\u1ea5t l\u01b0\u1ee3ng cu\u1ed9c s\u1ed1ng.<\/p>\n<p style=\"text-align: justify;\">N\u1ebfu b\u1ea1n \u0111ang ngh\u0129 \u0111\u1ebfn vi\u1ec7c \u0111\u00f3ng g\u00f3i \u0111\u1ed3 \u0111\u1ea1c v\u00e0 chuy\u1ec3n \u0111\u1ebfn T\u00e2y Ban Nha nh\u01b0ng ch\u01b0a bi\u1ebft c\u00e1ch th\u1ef1c hi\u1ec7n \u0111i\u1ec1u \u0111\u00f3, th\u00ec b\u00e0i vi\u1ebft n\u00e0y s\u1ebd l\u00e0 h\u01b0\u1edbng d\u1eabn v\u1ec1 c\u00e1ch b\u1ea1n c\u00f3 th\u1ec3 chuy\u1ec3n \u0111\u1ebfn T\u00e2y Ban Nha.<\/p>\n<p style=\"text-align: justify;\"><strong>1. Ai c\u00f3 th\u1ec3 chuy\u1ec3n \u0111\u1ebfn T\u00e2y Ban Nha?<\/strong><\/p>\n<p style=\"text-align: justify;\">B\u1ea5t c\u1ee9 ai c\u0169ng c\u00f3 th\u1ec3 chuy\u1ec3n \u0111\u1ebfn T\u00e2y Ban Nha;\u00a0tuy nhi\u00ean, qu\u00e1 tr\u00ecnh di chuy\u1ec3n s\u1ebd d\u1ec5 d\u00e0ng h\u01a1n \u0111\u1ed1i v\u1edbi m\u1ed9t s\u1ed1 nh\u00f3m ng\u01b0\u1eddi nh\u1ea5t \u0111\u1ecbnh:<\/p>\n<p style=\"text-align: justify;\"><strong>&#8211; C\u00f4ng d\u00e2n EU\/EEA v\u00e0 Th\u1ee5y S\u0129 <\/strong>c\u00f3 th\u1ec3 \u0111\u00f3ng g\u00f3i h\u00e0nh l\u00fd v\u00e0 chuy\u1ec3n \u0111\u1ebfn T\u00e2y Ban Nha m\u00e0 kh\u00f4ng c\u1ea7n xin th\u1ecb th\u1ef1c T\u00e2y Ban Nha.\u00a0H\u1ecd c\u00f3 th\u1ec3 s\u1ed1ng v\u00e0 l\u00e0m vi\u1ec7c \u1edf T\u00e2y Ban Nha trong ba th\u00e1ng.\u00a0Tuy nhi\u00ean, n\u1ebfu h\u1ecd mu\u1ed1n \u1edf l\u1ea1i l\u00e2u h\u01a1n ba th\u00e1ng, h\u1ecd ph\u1ea3i th\u1ef1c hi\u1ec7n c\u00e1c b\u01b0\u1edbc ph\u00e1p l\u00fd kh\u00e1c.<\/p>\n<p style=\"text-align: justify;\"><strong>&#8211; C\u00f4ng d\u00e2n kh\u00f4ng thu\u1ed9c EU\/EEA\/Th\u1ee5y S\u0129 <\/strong>ph\u1ea3i c\u00f3 n\u01a1i c\u01b0 tr\u00fa t\u1ea1m th\u1eddi n\u1ebfu h\u1ecd mu\u1ed1n \u1edf l\u1ea1i T\u00e2y Ban Nha h\u01a1n ba th\u00e1ng.\u00a0H\u1ecd ph\u1ea3i s\u1ed1ng \u1edf T\u00e2y Ban Nha trong 5 n\u0103m li\u00ean t\u1ee5c \u0111\u1ec3 c\u00f3 th\u1ec3 \u0111\u1ee7 \u0111i\u1ec1u ki\u1ec7n tr\u1edf th\u00e0nh th\u01b0\u1eddng tr\u00fa nh\u00e2n \u1edf T\u00e2y Ban Nha.<\/p>\n<p style=\"text-align: justify;\"><strong>2. L\u00e0m c\u00e1ch n\u00e0o t\u00f4i c\u00f3 th\u1ec3 chuy\u1ec3n \u0111\u1ebfn T\u00e2y Ban Nha v\u1edbi t\u01b0 c\u00e1ch l\u00e0 C\u00f4ng d\u00e2n EU?<\/strong><\/p>\n<p style=\"text-align: justify;\">T\u00e2y Ban Nha l\u00e0 m\u1ed9t ph\u1ea7n c\u1ee7a Li\u00ean minh Ch\u00e2u \u00c2u, \u0111i\u1ec1u \u0111\u00f3 c\u00f3 ngh\u0129a l\u00e0 v\u1edbi t\u01b0 c\u00e1ch l\u00e0 c\u00f4ng d\u00e2n EU, b\u1ea1n tr\u00e2n tr\u1ecdng c\u00e1c quy\u1ec1n t\u01b0\u01a1ng t\u1ef1 nh\u01b0 c\u00e1c c\u00f4ng d\u00e2n EU kh\u00e1c.\u00a0B\u1ea1n \u0111\u01b0\u1ee3c ph\u00e9p t\u00ecm ki\u1ebfm vi\u1ec7c l\u00e0m, h\u1ecdc t\u1eadp t\u1ea1i m\u1ed9t qu\u1ed1c gia th\u00e0nh vi\u00ean kh\u00e1c c\u1ee7a EU v\u00e0 di chuy\u1ec3n t\u1ef1 do t\u1eeb qu\u1ed1c gia EU n\u00e0y sang qu\u1ed1c gia EU kh\u00e1c m\u00e0 kh\u00f4ng c\u1ea7n xin th\u1ecb th\u1ef1c nh\u1eadp c\u1ea3nh.<\/p>\n<p style=\"text-align: justify;\">Tuy nhi\u00ean, v\u1edbi t\u01b0 c\u00e1ch l\u00e0 c\u00f4ng d\u00e2n EU chuy\u1ec3n \u0111\u1ebfn T\u00e2y Ban Nha, b\u1ea1n s\u1ebd c\u1ea7n ph\u1ea3i \u0111\u0103ng k\u00fd v\u00e0 \u0111\u01b0\u1ee3c th\u00eam v\u00e0o S\u1ed5 \u0111\u0103ng k\u00fd trung t\u00e2m c\u1ee7a ng\u01b0\u1eddi n\u01b0\u1edbc ngo\u00e0i v\u00e0 l\u1ea5y gi\u1ea5y ch\u1ee9ng nh\u1eadn c\u01b0 tr\u00fa t\u1ea1i V\u0103n ph\u00f2ng ng\u01b0\u1eddi n\u01b0\u1edbc ngo\u00e0i ho\u1eb7c \u0111\u1ed3n c\u1ea3nh s\u00e1t \u0111\u1ecba ph\u01b0\u01a1ng trong v\u00f2ng ba th\u00e1ng k\u1ec3 t\u1eeb khi \u0111\u1ebfn T\u00e2y Ban Nha<em>.<\/em><\/p>\n<p style=\"text-align: justify;\"><strong>3. L\u00e0m c\u00e1ch n\u00e0o t\u00f4i c\u00f3 th\u1ec3 chuy\u1ec3n \u0111\u1ebfn T\u00e2y Ban Nha v\u1edbi t\u01b0 c\u00e1ch l\u00e0 c\u00f4ng d\u00e2n ngo\u00e0i EU?<\/strong><\/p>\n<p style=\"text-align: justify;\">T\u00f9y thu\u1ed9c v\u00e0o l\u00fd do b\u1ea1n mu\u1ed1n chuy\u1ec3n \u0111\u1ebfn T\u00e2y Ban Nha, b\u1ea1n ph\u1ea3i ch\u1ecdn lo\u1ea1i th\u1ecb th\u1ef1c d\u00e0i h\u1ea1n v\u00e0 gi\u1ea5y ph\u00e9p c\u01b0 tr\u00fa t\u01b0\u01a1ng \u1ee9ng v\u1edbi m\u1ee5c \u0111\u00edch du l\u1ecbch c\u1ee7a b\u1ea1n.\u00a0B\u1ea1n c\u1ea7n c\u00f3 th\u1ecb th\u1ef1c d\u00e0i h\u1ea1n \u0111\u1ec3 xin gi\u1ea5y ph\u00e9p c\u01b0 tr\u00fa.\u00a0Th\u1ecb th\u1ef1c l\u01b0u tr\u00fa d\u00e0i h\u1ea1n (visa D) s\u1ebd cho ph\u00e9p b\u1ea1n \u1edf l\u1ea1i l\u00e3nh th\u1ed5 T\u00e2y Ban Nha \u0111\u1ec3 c\u01b0 tr\u00fa d\u00e0i h\u1ea1n.<\/p>\n<p style=\"text-align: justify;\">\u0110\u00e2y l\u00e0 c\u00e1ch b\u1ea1n c\u00f3 th\u1ec3 chuy\u1ec3n \u0111\u1ebfn T\u00e2y Ban Nha trong h\u01a1n ba th\u00e1ng:<\/p>\n<p style=\"text-align: justify;\">&#8211; Chuy\u1ec3n \u0111\u1ebfn T\u00e2y Ban Nha \u0111\u1ec3 l\u00e0m vi\u1ec7c.<\/p>\n<p style=\"text-align: justify;\">&#8211; Chuy\u1ec3n \u0111\u1ebfn T\u00e2y Ban Nha \u0111\u1ec3 h\u1ecdc t\u1eadp.<\/p>\n<p style=\"text-align: justify;\">&#8211; Chuy\u1ec3n \u0111\u1ebfn T\u00e2y Ban Nha \u0111\u1ec3 \u0111o\u00e0n t\u1ee5 gia \u0111\u00ecnh.<\/p>\n<p style=\"text-align: justify;\">&#8211; Chuy\u1ec3n \u0111\u1ebfn T\u00e2y Ban Nha \u0111\u1ec3 ngh\u1ec9 h\u01b0u.<\/p>\n<p style=\"text-align: justify;\"><strong>Chuy\u1ec3n \u0111\u1ebfn T\u00e2y Ban Nha \u0111\u1ec3 l\u00e0m vi\u1ec7c<\/strong><\/p>\n<p style=\"text-align: justify;\">Th\u1eadt kh\u00f4ng may, l\u00e0 m\u1ed9t c\u00f4ng d\u00e2n ngo\u00e0i EU, b\u1ea1n kh\u00f4ng th\u1ec3 chuy\u1ec3n \u0111\u1ebfn T\u00e2y Ban Nha v\u00e0 ki\u1ebfm vi\u1ec7c l\u00e0m \u1edf \u0111\u00f3.\u00a0B\u1ea1n c\u1ea7n ph\u1ea3i c\u00f3 th\u1ecb th\u1ef1c l\u00e0m vi\u1ec7c\u00a0n\u1ebfu mu\u1ed1n chuy\u1ec3n \u0111\u1ebfn T\u00e2y Ban Nha v\u00e0 tham gia v\u00e0o m\u1ed9t ho\u1ea1t \u0111\u1ed9ng \u0111\u01b0\u1ee3c tr\u1ea3 l\u01b0\u01a1ng.<\/p>\n<p style=\"text-align: justify;\">T\u00e2y Ban Nha cung c\u1ea5p nhi\u1ec1u lo\u1ea1i th\u1ecb th\u1ef1c l\u00e0m vi\u1ec7c cho b\u1ea5t k\u1ef3 ai mu\u1ed1n l\u00e0m vi\u1ec7c \u1edf \u0111\u00f3 v\u00e0 lu\u00f4n t\u00ecm ki\u1ebfm nh\u1eefng c\u00e1 nh\u00e2n c\u00f3 tay ngh\u1ec1 cao cho nh\u1eefng ng\u00e0nh ngh\u1ec1 \u0111ang thi\u1ebfu nh\u00e2n l\u1ef1c.<\/p>\n<p style=\"text-align: justify;\">B\u1ea1n c\u0169ng c\u00f3 th\u1ec3 n\u1ed9p \u0111\u01a1n xin\u00a0Th\u1ebb xanh EU\u00a0n\u1ebfu b\u1ea1n l\u00e0 c\u00e1 nh\u00e2n c\u00f3 tay ngh\u1ec1 cao v\u00e0 c\u00f3 th\u1ec3 \u0111\u1ea3m nh\u1eadn v\u1ecb tr\u00ed c\u00f4ng vi\u1ec7c \u0111ang thi\u1ebfu nh\u00e2n c\u00f4ng.<\/p>\n<p style=\"text-align: justify;\"><strong>Chuy\u1ec3n \u0111\u1ebfn T\u00e2y Ban Nha \u0111\u1ec3 h\u1ecdc t\u1eadp<\/strong><\/p>\n<p style=\"text-align: justify;\">\u0110\u1ec3 c\u00f3 \u0111\u01b0\u1ee3c th\u1ecb th\u1ef1c du h\u1ecdc, tr\u01b0\u1edbc ti\u00ean b\u1ea1n c\u1ea7n ph\u1ea3i \u0111\u0103ng k\u00fd v\u00e0o m\u1ed9t c\u01a1 s\u1edf gi\u00e1o d\u1ee5c \u0111\u01b0\u1ee3c c\u00f4ng nh\u1eadn \u1edf T\u00e2y Ban Nha, sau \u0111\u00f3 n\u1ed9p \u0111\u01a1n xin th\u1ecb th\u1ef1c du h\u1ecdc T\u00e2y Ban Nha.<\/p>\n<p style=\"text-align: justify;\">Khi b\u1ea1n c\u00f3 \u0111\u01b0\u1ee3c th\u1ecb th\u1ef1c du h\u1ecdc v\u00e0 \u0111\u1ebfn T\u00e2y Ban Nha, b\u1ea1n c\u1ea7n ph\u1ea3i c\u00f3\u00a0Th\u1ebb c\u0103n c\u01b0\u1edbc ng\u01b0\u1eddi n\u01b0\u1edbc ngo\u00e0i (TIE)\u00a0l\u00e0m b\u1eb1ng ch\u1ee9ng cho th\u1ea5y b\u1ea1n \u0111\u01b0\u1ee3c ph\u00e9p \u1edf l\u1ea1i h\u1ee3p ph\u00e1p t\u1ea1i qu\u1ed1c gia n\u00e0y trong h\u01a1n s\u00e1u th\u00e1ng.<\/p>\n<p style=\"text-align: justify;\">Th\u1ecb th\u1ef1c du h\u1ecdc c\u0169ng s\u1ebd cho ph\u00e9p b\u1ea1n l\u00e0m vi\u1ec7c b\u00e1n th\u1eddi gian ho\u1eb7c \u1edf m\u1ed9t v\u1ecb tr\u00ed t\u1ea1m th\u1eddi mi\u1ec5n l\u00e0 \u0111i\u1ec1u \u0111\u00f3 kh\u00f4ng \u1ea3nh h\u01b0\u1edfng \u0111\u1ebfn vi\u1ec7c h\u1ecdc c\u1ee7a b\u1ea1n.<\/p>\n<p style=\"text-align: justify;\"><strong>Chuy\u1ec3n \u0111\u1ebfn T\u00e2y Ban Nha \u0111\u1ec3 \u0111o\u00e0n t\u1ee5 gia \u0111\u00ecnh<\/strong><\/p>\n<p style=\"text-align: justify;\">N\u1ebfu b\u1ea1n c\u00f3 m\u1ed9t th\u00e0nh vi\u00ean trong gia \u0111\u00ecnh l\u00e0 c\u01b0 d\u00e2n h\u1ee3p ph\u00e1p c\u1ee7a T\u00e2y Ban Nha, b\u1ea1n c\u00f3 th\u1ec3 tham gia c\u00f9ng h\u1ecd b\u1eb1ng c\u00e1ch xin th\u1ecb\u00a0th\u1ef1c \u0111o\u00e0n t\u1ee5 gia \u0111\u00ecnh.<\/p>\n<p style=\"text-align: justify;\">Tuy nhi\u00ean, tr\u01b0\u1edbc khi n\u1ed9p \u0111\u01a1n xin th\u1ecb th\u1ef1c gia \u0111\u00ecnh, th\u00e0nh vi\u00ean gia \u0111\u00ecnh c\u1ee7a b\u1ea1n ph\u1ea3i \u0111\u01b0\u1ee3c gia h\u1ea1n gi\u1ea5y ph\u00e9p c\u01b0 tr\u00fa.\u00a0Sau khi th\u00e0nh vi\u00ean gia \u0111\u00ecnh \u0111\u01b0\u1ee3c gia h\u1ea1n gi\u1ea5y ph\u00e9p c\u01b0 tr\u00fa, b\u1ea1n c\u00f3 th\u1ec3 n\u1ed9p \u0111\u01a1n xin th\u1ecb th\u1ef1c gia \u0111\u00ecnh t\u1ea1i c\u01a1 quan \u0111\u1ea1i di\u1ec7n ngo\u1ea1i giao T\u00e2y Ban Nha \u1edf n\u01b0\u1edbc b\u1ea1n.<\/p>\n<p style=\"text-align: justify;\"><strong>Chuy\u1ec3n \u0111\u1ebfn T\u00e2y Ban Nha \u0111\u1ec3 ngh\u1ec9 h\u01b0u<\/strong><\/p>\n<p style=\"text-align: justify;\">M\u1eb7c d\u00f9 T\u00e2y Ban Nha kh\u00f4ng c\u00f3 th\u1ecb th\u1ef1c \u0111\u01b0\u1ee3c ch\u1ec9 \u0111\u1ecbnh \u0111\u1ec3 ngh\u1ec9 h\u01b0u nh\u01b0ng n\u01b0\u1edbc n\u00e0y \u0111\u01b0a ra nh\u1eefng con \u0111\u01b0\u1eddng kh\u00e1c c\u00f3 th\u1ec3 d\u1eabn \u0111\u1ebfn vi\u1ec7c ngh\u1ec9 h\u01b0u.\u00a0Hai trong s\u1ed1 nh\u1eefng c\u00e1ch ngh\u1ec9 h\u01b0u ph\u1ed5 bi\u1ebfn nh\u1ea5t \u1edf T\u00e2y Ban Nha \u0111\u1ed1i v\u1edbi nh\u1eefng ng\u01b0\u1eddi n\u01b0\u1edbc ngo\u00e0i v\u1ec1 h\u01b0u l\u00e0\u00a0Th\u1ecb th\u1ef1c V\u00e0ng, c\u00f2n \u0111\u01b0\u1ee3c g\u1ecdi l\u00e0 Th\u1ecb th\u1ef1c Nh\u00e0 \u0111\u1ea7u t\u01b0 T\u00e2y Ban Nha\u00a0v\u00e0\u00a0Th\u1ecb th\u1ef1c Kh\u00f4ng sinh l\u1ee3i\u00a0.<\/p>\n<p style=\"text-align: justify;\">\u0110\u1ec3 \u0111\u1ee7 \u0111i\u1ec1u ki\u1ec7n ngh\u1ec9 h\u01b0u \u1edf T\u00e2y Ban Nha, b\u1ea1n ph\u1ea3i c\u00f3 l\u00fd l\u1ecbch t\u01b0 ph\u00e1p r\u00f5 r\u00e0ng v\u00e0 \u0111\u00e1p \u1ee9ng c\u00e1c y\u00eau c\u1ea7u v\u1ec1 t\u00e0i ch\u00ednh. V\u00ec v\u1eady, b\u1ea1n ph\u1ea3i \u0111\u1ed9c l\u1eadp v\u1ec1 t\u00e0i ch\u00ednh v\u00e0 c\u00f3 \u0111\u1ee7 v\u1ed1n \u0111\u1ec3 t\u1ef1 nu\u00f4i s\u1ed1ng b\u1ea3n th\u00e2n.<\/p>\n<p style=\"text-align: justify;\">Th\u1ecb th\u1ef1c v\u00e0ng c\u0169ng c\u00f3 th\u1ec3 d\u1eabn \u0111\u1ebfn vi\u1ec7c th\u01b0\u1eddng tr\u00fa \u1edf T\u00e2y Ban Nha.<\/p>\n<p style=\"text-align: justify;\"><strong>4. L\u00e0m th\u1ebf n\u00e0o t\u00f4i c\u00f3 th\u1ec3 chuy\u1ec3n \u0111\u1ebfn T\u00e2y Ban Nha v\u0129nh vi\u1ec5n?<\/strong><\/p>\n<p style=\"text-align: justify;\">B\u1ea1n c\u00f3 quy\u1ec1n tr\u1edf th\u00e0nh th\u01b0\u1eddng tr\u00fa nh\u00e2n c\u1ee7a T\u00e2y Ban Nha n\u1ebfu b\u1ea1n c\u01b0 tr\u00fa h\u1ee3p ph\u00e1p tr\u00ean l\u00e3nh th\u1ed5 T\u00e2y Ban Nha trong th\u1eddi gian 5 n\u0103m li\u00ean t\u1ee5c.\u00a0Tuy nhi\u00ean, m\u1ed9t s\u1ed1 nh\u00f3m ng\u01b0\u1eddi nh\u1ea5t \u0111\u1ecbnh c\u00f3 th\u1ec3 \u0111\u01b0\u1ee3c h\u01b0\u1edfng quy\u1ec1n th\u01b0\u1eddng tr\u00fa tr\u01b0\u1edbc khi ho\u00e0n th\u00e0nh th\u1eddi gian c\u01b0 tr\u00fa 5 n\u0103m \u1edf T\u00e2y Ban Nha.\u00a0\u0110i\u1ec1u n\u00e0y bao g\u1ed3m nh\u1eefng \u0111i\u1ec1u sau \u0111\u00e2y:<\/p>\n<p style=\"text-align: justify;\">&#8211; Ng\u01b0\u1eddi lao \u0111\u1ed9ng ho\u1eb7c c\u00e1 nh\u00e2n t\u1ef1 kinh doanh \u0111\u00e3 \u0111\u1ebfn tu\u1ed5i h\u01b0\u1edfng l\u01b0\u01a1ng h\u01b0u khi ng\u1eebng l\u00e0m vi\u1ec7c v\u00e0 \u0111\u00e3 s\u1ed1ng \u1edf T\u00e2y Ban Nha h\u01a1n ba n\u0103m.<\/p>\n<p style=\"text-align: justify;\">&#8211; Nh\u1eefng c\u00e1 nh\u00e2n t\u1ef1 kinh doanh s\u1ebd ngh\u1ec9 h\u01b0u s\u1edbm n\u1ebfu h\u1ecd \u0111\u00e3 l\u00e0m vi\u1ec7c \u1edf T\u00e2y Ban Nha trong 12 th\u00e1ng tr\u01b0\u1edbc \u0111\u00f3 v\u00e0 \u0111\u00e3 s\u1ed1ng \u1edf T\u00e2y Ban Nha h\u01a1n ba n\u0103m.<\/p>\n<p style=\"text-align: justify;\">&#8211; Ng\u01b0\u1eddi lao \u0111\u1ed9ng ho\u1eb7c c\u00e1 nh\u00e2n t\u1ef1 kinh doanh \u0111\u00e3 c\u01b0 tr\u00fa \u1edf T\u00e2y Ban Nha h\u01a1n hai n\u0103m v\u00e0 ph\u1ea3i ng\u1eebng l\u00e0m vi\u1ec7c do m\u1ea5t kh\u1ea3 n\u0103ng l\u00e0m vi\u1ec7c v\u0129nh vi\u1ec5n.<\/p>\n<p style=\"text-align: justify;\">&#8211; Ng\u01b0\u1eddi lao \u0111\u1ed9ng ho\u1eb7c c\u00e1 nh\u00e2n t\u1ef1 kinh doanh, sau ba n\u0103m l\u00e0m vi\u1ec7c v\u00e0 sinh s\u1ed1ng \u1edf T\u00e2y Ban Nha, l\u00e0m vi\u1ec7c v\u1edbi t\u01b0 c\u00e1ch \u0111\u01b0\u1ee3c thu\u00ea ho\u1eb7c t\u1ef1 kinh doanh \u1edf m\u1ed9t qu\u1ed1c gia th\u00e0nh vi\u00ean kh\u00e1c nh\u01b0ng v\u1eabn c\u01b0 tr\u00fa \u1edf T\u00e2y Ban Nha.<\/p>\n<p style=\"text-align: justify;\"><strong>5. T\u00f4i c\u00f3 th\u1ec3 n\u1ed9p \u0111\u01a1n xin qu\u1ed1c t\u1ecbch T\u00e2y Ban Nha sau khi chuy\u1ec3n \u0111\u1ebfn T\u00e2y Ban Nha kh\u00f4ng?<\/strong><\/p>\n<p style=\"text-align: justify;\">Vi\u1ec7c c\u00f3 \u0111\u01b0\u1ee3c qu\u1ed1c t\u1ecbch T\u00e2y Ban Nha c\u1ea7n nhi\u1ec1u n\u1ed7 l\u1ef1c h\u01a1n l\u00e0 ch\u1ec9 chuy\u1ec3n \u0111\u1ebfn T\u00e2y Ban Nha.\u00a0Sau 10 n\u0103m c\u01b0 tr\u00fa h\u1ee3p ph\u00e1p t\u1ea1i T\u00e2y Ban Nha v\u1edbi gi\u1ea5y ph\u00e9p c\u01b0 tr\u00fa, b\u1ea1n c\u00f3 th\u1ec3 d\u1ec5 d\u00e0ng n\u1ed9p \u0111\u01a1n xin qu\u1ed1c t\u1ecbch T\u00e2y Ban Nha.<\/p>\n<p style=\"text-align: justify;\">Nh\u1eefng c\u00e1ch kh\u00e1c \u0111\u1ec3 b\u1ea1n c\u00f3 th\u1ec3 c\u00f3 \u0111\u01b0\u1ee3c quy\u1ec1n c\u00f4ng d\u00e2n \u1edf T\u00e2y Ban Nha bao g\u1ed3m quy\u1ec1n c\u00f4ng d\u00e2n theo n\u01a1i sinh, theo n\u01a1i c\u01b0 tr\u00fa, theo k\u1ebft h\u00f4n, theo d\u00f2ng d\u00f5i v\u00e0 theo l\u1ef1a ch\u1ecdn.<\/p>\n<p style=\"text-align: justify;\">Qu\u1ed1c t\u1ecbch T\u00e2y Ban Nha c\u0169ng c\u1ea5p cho b\u1ea1n quy\u1ec1n b\u1ea7u c\u1eed.<\/p>\n[\/vc_column_text][\/vc_column][\/vc_row]\n<\/div>","protected":false},"excerpt":{"rendered":"<p>[vc_row css=&#8221;.vc_custom_1748318539145{margin-top: -30px !important;}&#8221;][vc_column][\/vc_column][\/vc_row][vc_row][vc_column][vc_column_text css=&#8221;&#8221;] Cu\u1ed9c s\u1ed1ng tr\u00ean l\u00e3nh th\u1ed5 T\u00e2y Ban Nha c\u00f3 th\u1ec3 ph\u00e1t tri\u1ec3n v\u00e0 th\u00fa v\u1ecb, \u0111\u1eb7c bi\u1ec7t \u0111\u1ed1i v\u1edbi nh\u1eefng ng\u01b0\u1eddi \u0111ang t\u00ecm ki\u1ebfm m\u1ed9t kh\u1edfi \u0111\u1ea7u m\u1edbi.\u00a0T\u00e2y Ban Nha mang \u0111\u1ebfn m\u1ed9t phong c\u00e1ch s\u1ed1ng m\u00e0 nhi\u1ec1u ng\u01b0\u1eddi mong mu\u1ed1n, \u0111\u00f3 l\u00e0 l\u00fd do t\u1ea1i sao hi\u1ec7n c\u00f3 kho\u1ea3ng [&hellip;]<\/p>\n","protected":false},"author":4,"featured_media":0,"parent":0,"menu_order":0,"comment_status":"closed","ping_status":"closed","template":"","meta":{"footnotes":""},"class_list":["post-9289","page","type-page","status-publish","hentry"],"_links":{"self":[{"href":"https:\/\/immico.vn\/vi\/wp-json\/wp\/v2\/pages\/9289","targetHints":{"allow":["GET"]}}],"collection":[{"href":"https:\/\/immico.vn\/vi\/wp-json\/wp\/v2\/pages"}],"about":[{"href":"https:\/\/immico.vn\/vi\/wp-json\/wp\/v2\/types\/page"}],"author":[{"embeddable":true,"href":"https:\/\/immico.vn\/vi\/wp-json\/wp\/v2\/users\/4"}],"replies":[{"embeddable":true,"href":"https:\/\/immico.vn\/vi\/wp-json\/wp\/v2\/comments?post=9289"}],"version-history":[{"count":5,"href":"https:\/\/immico.vn\/vi\/wp-json\/wp\/v2\/pages\/9289\/revisions"}],"predecessor-version":[{"id":10570,"href":"https:\/\/immico.vn\/vi\/wp-json\/wp\/v2\/pages\/9289\/revisions\/10570"}],"wp:attachment":[{"href":"https:\/\/immico.vn\/vi\/wp-json\/wp\/v2\/media?parent=9289"}],"curies":[{"name":"wp","href":"https:\/\/api.w.org\/{rel}","templated":true}]}}