{"id":9291,"date":"2023-12-25T04:42:35","date_gmt":"2023-12-25T04:42:35","guid":{"rendered":"https:\/\/immico.vn\/?page_id=9291\/"},"modified":"2025-05-27T04:04:23","modified_gmt":"2025-05-27T04:04:23","slug":"dinh-cu-dao-sip-cyprus","status":"publish","type":"page","link":"https:\/\/immico.vn\/vi\/dinh-cu-dao-sip-cyprus\/","title":{"rendered":"\u0110\u1ecbnh c\u01b0 \u0110\u1ea3o S\u00edp (Cyprus)"},"content":{"rendered":"<div class=\"wpb-content-wrapper\">[vc_row css=&#8221;.vc_custom_1748318649872{margin-top: -30px !important;}&#8221;][vc_column]<div class=\"shortcode-wrapper shortcode-title clearfix hb-animate-element hb-fade-in\"><p style=\"color:#9a4c3c!important;border-color:#9a4c3c\" class=\"hb-text-large aligncenter\">\u0110\u1ecbnh c\u01b0 \u0110\u1ea3o S\u00edp (Cyprus)<\/p><\/div>[\/vc_column][\/vc_row][vc_row][vc_column][vc_column_text css=&#8221;&#8221;]\n<p style=\"text-align: justify;\">Cho d\u00f9 b\u1ea1n \u0111ang t\u00ecm ki\u1ebfm n\u1ec1n \u1ea9m th\u1ef1c tuy\u1ec7t v\u1eddi, nh\u1eefng b\u00e3i bi\u1ec3n c\u00e1t tr\u1eafng, c\u00e1c l\u1ef1a ch\u1ecdn ch\u0103m s\u00f3c s\u1ee9c kh\u1ecfe \u0111\u1eb7c bi\u1ec7t hay d\u1ea5u v\u1ebft th\u1ea7n tho\u1ea1i Hy L\u1ea1p \u1edf kh\u1eafp m\u1ecdi n\u01a1i, S\u00edp \u0111\u1ec1u c\u00f3 t\u1ea5t c\u1ea3.<\/p>\n<p style=\"text-align: justify;\">H\u01a1n n\u1eefa, c\u00f3 \u0111i\u1ec1u g\u00ec \u0111\u00f3 huy\u1ec1n b\u00ed v\u1ec1 S\u00edp, t\u1eeb nh\u1eefng ng\u00f4i l\u00e0ng c\u1ed5 k\u00ednh v\u00e0 \u0111\u1ed9c \u0111\u00e1o \u0111\u1ebfn nh\u1eefng v\u01b0\u1eddn c\u00e2y \u0103n tr\u00e1i v\u00e0 v\u01b0\u1eddn nho v\u00f4 t\u1eadn, \u0111\u1ebfn ki\u1ebfn \u200b\u200btr\u00fac c\u1ed5 k\u00ednh \u0111\u01b0\u1ee3c bao quanh b\u1edfi nh\u1eefng v\u00f9ng n\u01b0\u1edbc nguy\u00ean s\u01a1.\u00a0H\u00f2n \u0111\u1ea3o \u0110\u1ecba Trung H\u1ea3i n\u00e0y mang \u0111\u1ebfn ch\u1ea5t l\u01b0\u1ee3ng cu\u1ed9c s\u1ed1ng t\u1ed1t v\u1edbi chi ph\u00ed sinh ho\u1ea1t th\u1ea5p, khi\u1ebfn n\u01a1i \u0111\u00e2y tr\u1edf th\u00e0nh m\u1ed9t n\u01a1i tuy\u1ec7t v\u1eddi \u0111\u1ec3 b\u1eaft \u0111\u1ea7u cu\u1ed9c s\u1ed1ng m\u1edbi.<\/p>\n<p style=\"text-align: justify;\"><strong>1. Th\u00f4ng tin nhanh v\u1ec1 S\u00edp<\/strong><\/p>\n<p style=\"text-align: justify;\">Th\u00f4ng tin nhanh v\u1ec1 S\u00edp l\u00e0:<\/p>\n<table width=\"604\">\n<tbody>\n<tr>\n<td width=\"242\">T\u00ean ch\u00ednh th\u1ee9c<\/td>\n<td width=\"356\">C\u1ed9ng h\u00f2a S\u00edp<\/td>\n<\/tr>\n<tr>\n<td width=\"242\">H\u00ecnh th\u1ee9c ch\u00ednh ph\u1ee7<\/td>\n<td width=\"356\">C\u1ed9ng h\u00f2a l\u1eadp hi\u1ebfn<\/td>\n<\/tr>\n<tr>\n<td width=\"242\">Th\u1ee7 \u0111\u00f4<\/td>\n<td width=\"356\">Nicosia<\/td>\n<\/tr>\n<tr>\n<td width=\"242\">D\u00e2n s\u1ed1<\/td>\n<td width=\"356\">Kho\u1ea3ng 1,2 tri\u1ec7u<\/td>\n<\/tr>\n<tr>\n<td width=\"242\">Khu v\u1ef1c<\/td>\n<td width=\"356\">9.251 km2<\/td>\n<\/tr>\n<tr>\n<td width=\"242\">Ng\u00f4n ng\u1eef ch\u00ednh th\u1ee9c<\/td>\n<td width=\"356\">Th\u1ed5 Nh\u0129 K\u1ef3 v\u00e0 Hy L\u1ea1p<\/td>\n<\/tr>\n<tr>\n<td width=\"242\">Ti\u1ec1n t\u1ec7<\/td>\n<td width=\"356\">Euro (\u20ac)<\/td>\n<\/tr>\n<\/tbody>\n<\/table>\n<p style=\"text-align: justify;\"><strong>2. T\u00f4i c\u00f3 c\u1ea7n Visa \u0111\u1ec3 chuy\u1ec3n \u0111\u1ebfn S\u00edp kh\u00f4ng?<\/strong><\/p>\n<p style=\"text-align: justify;\">Vi\u1ec7c b\u1ea1n c\u00f3 c\u1ea7n th\u1ecb th\u1ef1c hay kh\u00f4ng t\u00f9y thu\u1ed9c v\u00e0o qu\u1ed1c gia c\u01b0 tr\u00fa c\u1ee7a b\u1ea1n:<\/p>\n<p style=\"text-align: justify;\"><strong>&#8211; N\u1ebfu b\u1ea1n \u0111\u1ebfn t\u1eeb m\u1ed9t qu\u1ed1c gia EU\/EEA<\/strong>, b\u1ea1n c\u00f3 th\u1ec3 t\u1ef1 do v\u00e0o S\u00edp;\u00a0b\u1ea1n ch\u1ec9 c\u1ea7n c\u00f3 h\u1ed9 chi\u1ebfu h\u1ee3p l\u1ec7 ho\u1eb7c gi\u1ea5y th\u00f4ng h\u00e0nh kh\u00e1c.<\/p>\n<p style=\"text-align: justify;\"><strong>&#8211; N\u1ebfu b\u1ea1n \u0111\u1ebfn t\u1eeb m\u1ed9t qu\u1ed1c gia kh\u00f4ng thu\u1ed9c EU\/EEA<\/strong>, b\u1ea1n ph\u1ea3i n\u1ed9p \u0111\u01a1n\u00a0xin th\u1ecb th\u1ef1c S\u00edp \u0111\u1ec3 nh\u1eadp c\u1ea3nh v\u00e0o qu\u1ed1c gia n\u00e0y.<\/p>\n<p style=\"text-align: justify;\"><strong>3. L\u00e0m th\u1ebf n\u00e0o \u0111\u1ec3 chuy\u1ec3n \u0111\u1ebfn S\u00edp v\u1edbi t\u01b0 c\u00e1ch l\u00e0 c\u00f4ng d\u00e2n EU?<\/strong><\/p>\n<p style=\"text-align: justify;\"><strong>C\u00f4ng d\u00e2n EU\/EEA<\/strong>\u00a0c\u00f3 th\u1ec3 \u0111\u1ebfn S\u00edp trong h\u01a1n ba th\u00e1ng (90 ng\u00e0y) m\u00e0 kh\u00f4ng c\u1ea7n xin th\u1ecb th\u1ef1c.\u00a0S\u00edp l\u00e0 m\u1ed9t ph\u1ea7n c\u1ee7a EU, ngh\u0129a l\u00e0 b\u1ea1n s\u1ebd c\u00f3 c\u00e1c quy\u1ec1n gi\u1ed1ng nh\u01b0 c\u00e1c c\u00f4ng d\u00e2n EU kh\u00e1c.<\/p>\n<p style=\"text-align: justify;\">N\u1ebfu b\u1ea1n mu\u1ed1n \u1edf l\u1ea1i l\u00e2u h\u01a1n 90 ng\u00e0y, b\u1ea1n ph\u1ea3i \u0111\u0103ng k\u00fd l\u01b0u tr\u00fa t\u1ea1i C\u1ee5c \u0110\u0103ng k\u00fd v\u00e0 Di tr\u00fa D\u00e2n s\u1ef1 v\u00e0 nh\u1eadn Gi\u1ea5y ch\u1ee9ng nh\u1eadn \u0110\u0103ng k\u00fd (c\u00f2n \u0111\u01b0\u1ee3c g\u1ecdi l\u00e0 Gi\u1ea5y ch\u1ee9ng nh\u1eadn V\u00e0ng).<\/p>\n<p style=\"text-align: justify;\"><strong>4. L\u00e0m th\u1ebf n\u00e0o \u0111\u1ec3 chuy\u1ec3n \u0111\u1ebfn S\u00edp v\u1edbi t\u01b0 c\u00e1ch l\u00e0 c\u00f4ng d\u00e2n ngo\u00e0i EU?<\/strong><\/p>\n<p style=\"text-align: justify;\"><strong>C\u00f4ng d\u00e2n kh\u00f4ng thu\u1ed9c EU\/EEA<\/strong>\u00a0ph\u1ea3i c\u00f3 th\u1ecb th\u1ef1c d\u00e0i h\u1ea1n (visa qu\u1ed1c gia) \u0111\u1ec3 chuy\u1ec3n \u0111\u1ebfn S\u00edp.\u00a0B\u1ea1n ph\u1ea3i n\u1ed9p \u0111\u01a1n xin th\u1ecb th\u1ef1c t\u1ea1i \u0111\u1ea1i s\u1ee9 qu\u00e1n ho\u1eb7c l\u00e3nh s\u1ef1 qu\u00e1n S\u00edp g\u1ea7n nh\u1ea5t \u1edf n\u01b0\u1edbc b\u1ea1n.\u00a0Khi \u0111\u1ebfn S\u00edp, trong v\u00f2ng b\u1ea3y ng\u00e0y, b\u1ea1n ph\u1ea3i n\u1ed9p \u0111\u01a1n xin\u00a0gi\u1ea5y ph\u00e9p c\u01b0 tr\u00fa t\u1ea1m th\u1eddi\u00a0t\u1ea1i:<\/p>\n<p style=\"text-align: justify;\">&#8211; C\u1ee5c \u0110\u0103ng k\u00fd D\u00e2n s\u1ef1 v\u00e0 Di c\u01b0 n\u1ebfu b\u1ea1n s\u1ebd s\u1ed1ng \u1edf Qu\u1eadn Nicosia.<\/p>\n<p style=\"text-align: justify;\">&#8211; \u0110\u01a1n v\u1ecb Nh\u1eadp c\u01b0 Qu\u1eadn n\u1ebfu b\u1ea1n s\u1ebd s\u1ed1ng \u1edf Qu\u1eadn kh\u00e1c.<\/p>\n<p style=\"text-align: justify;\"><strong>B\u1ea1n c\u00f3 th\u1ec3 chuy\u1ec3n \u0111\u1ebfn S\u00edp trong h\u01a1n ba th\u00e1ng b\u1eb1ng c\u00e1ch ch\u1ecdn m\u1ed9t trong c\u00e1c c\u00e1ch sau:<\/strong><\/p>\n<p>&#8211; L\u00e0m vi\u1ec7c.<\/p>\n<p>&#8211; H\u1ecdc.<\/p>\n<p>&#8211; \u0110\u1ec3 tham gia c\u00f9ng m\u1ed9t th\u00e0nh vi\u00ean trong gia \u0111\u00ecnh.<\/p>\n<p style=\"text-align: justify;\"><strong>Chuy\u1ec3n \u0111\u1ebfn S\u00edp \u0111\u1ec3 l\u00e0m vi\u1ec7c<\/strong><\/p>\n<p style=\"text-align: justify;\">N\u1ebfu b\u1ea1n mu\u1ed1n chuy\u1ec3n \u0111\u1ebfn S\u00edp v\u00e0 l\u00e0m vi\u1ec7c, tr\u01b0\u1edbc ti\u00ean b\u1ea1n c\u1ea7n ph\u1ea3i l\u00e0m m\u1ed9t s\u1ed1 vi\u1ec7c:<\/p>\n<p style=\"text-align: justify;\"><strong>&#8211; C\u00f3 \u0111\u01b0\u1ee3c gi\u1ea5y ph\u00e9p l\u00e0m vi\u1ec7c. <\/strong>Sau khi c\u00f3 \u0111\u01b0\u1ee3c vi\u1ec7c l\u00e0m \u1edf S\u00edp, ng\u01b0\u1eddi s\u1eed d\u1ee5ng lao \u0111\u1ed9ng c\u1ee7a b\u1ea1n s\u1ebd thay m\u1eb7t b\u1ea1n n\u1ed9p \u0111\u01a1n xin gi\u1ea5y ph\u00e9p lao \u0111\u1ed9ng \u1edf S\u00edp.<\/p>\n<p style=\"text-align: justify;\"><strong>&#8211; C\u00f3 \u0111\u01b0\u1ee3c <\/strong><strong>th\u1ecb th\u1ef1c l\u00e0m vi\u1ec7c.\u00a0<\/strong>Sau khi nh\u1eadn \u0111\u01b0\u1ee3c gi\u1ea5y ph\u00e9p lao \u0111\u1ed9ng, b\u1ea1n c\u00f3 th\u1ec3 n\u1ed9p \u0111\u01a1n xin th\u1ecb th\u1ef1c l\u00e0m vi\u1ec7c S\u00edp t\u1ea1i \u0111\u1ea1i s\u1ee9 qu\u00e1n ho\u1eb7c l\u00e3nh s\u1ef1 qu\u00e1n S\u00edp g\u1ea7n nh\u1ea5t \u1edf qu\u1ed1c gia c\u01b0 tr\u00fa c\u1ee7a b\u1ea1n.<\/p>\n<p style=\"text-align: justify;\">Sau khi v\u00e0o S\u00edp, b\u1ea1n ph\u1ea3i xin gi\u1ea5y ph\u00e9p c\u01b0 tr\u00fa t\u1ea1m th\u1eddi.\u00a0Vi\u1ec7c n\u1ed9p \u0111\u01a1n ph\u1ea3i di\u1ec5n ra trong v\u00f2ng b\u1ea3y ng\u00e0y k\u1ec3 t\u1eeb ng\u00e0y nh\u1eadp c\u1ea3nh;\u00a0b\u1ea1n n\u00ean \u0111\u0103ng k\u00fd v\u1edbi V\u0103n ph\u00f2ng Qu\u1eadn \u0111\u1ecba ph\u01b0\u01a1ng c\u1ee7a \u0110\u01a1n v\u1ecb Nh\u1eadp c\u01b0 v\u00e0 Ng\u01b0\u1eddi n\u01b0\u1edbc ngo\u00e0i thu\u1ed9c S\u1edf C\u1ea3nh s\u00e1t\u00a0<em>ho\u1eb7c<\/em>\u00a0V\u0103n ph\u00f2ng Trung \u01b0\u01a1ng c\u1ee7a C\u1ee5c \u0110\u0103ng k\u00fd D\u00e2n s\u1ef1 v\u00e0 Di c\u01b0 \u1edf Nicosia.\u00a0Sau \u0111\u00f3, sau 5 n\u0103m theo gi\u1ea5y ph\u00e9p c\u01b0 tr\u00fa t\u1ea1m th\u1eddi, b\u1ea1n c\u00f3 th\u1ec3 n\u1ed9p \u0111\u01a1n xin th\u01b0\u1eddng tr\u00fa.<\/p>\n<p style=\"text-align: justify;\">Ngo\u00e0i ra, n\u1ebfu b\u1ea1n l\u00e0 ng\u01b0\u1eddi l\u00e0m vi\u1ec7c t\u1eeb xa, b\u1ea1n c\u00f3 th\u1ec3 n\u1ed9p \u0111\u01a1n\u00a0xin th\u1ecb th\u1ef1c du m\u1ee5c k\u1ef9 thu\u1eadt s\u1ed1\u00a0\u0111\u1ec3 l\u00e0m vi\u1ec7c t\u1eeb xa \u1edf S\u00edp.<\/p>\n<p style=\"text-align: justify;\"><strong>Chuy\u1ec3n \u0111\u1ebfn S\u00edp \u0111\u1ec3 h\u1ecdc t\u1eadp<\/strong><\/p>\n<p style=\"text-align: justify;\">\u0110\u1ec3 chuy\u1ec3n \u0111\u1ebfn S\u00edp v\u00e0 h\u1ecdc t\u1eadp, b\u1ea1n ph\u1ea3i c\u00f3\u00a0th\u1ecb th\u1ef1c du h\u1ecdc\u00a0.\u00a0M\u1ed9t t\u1ed5 ch\u1ee9c gi\u00e1o d\u1ee5c S\u00edp ph\u1ea3i ch\u1ea5p nh\u1eadn b\u1ea1n tr\u01b0\u1edbc khi b\u1ea1n c\u00f3 th\u1ec3 n\u1ed9p \u0111\u01a1n xin th\u1ecb th\u1ef1c du h\u1ecdc S\u00edp.\u00a0Sau \u0111\u00f3, tr\u01b0\u1eddng c\u1ee7a b\u1ea1n s\u1ebd s\u1eafp x\u1ebfp \u0111\u1ec3 b\u1ea1n c\u00f3 \u0111\u01b0\u1ee3c th\u1ecb th\u1ef1c.<\/p>\n<p style=\"text-align: justify;\">Ngay khi \u0111\u1ebfn S\u00edp b\u1eb1ng th\u1ecb th\u1ef1c du h\u1ecdc, b\u1ea1n ph\u1ea3i n\u1ed9p \u0111\u01a1n xin gi\u1ea5y ph\u00e9p c\u01b0 tr\u00fa t\u1ea1m th\u1eddi t\u1ea1i C\u1ee5c Di tr\u00fa S\u00edp.\u00a0Gi\u1ea5y ph\u00e9p n\u00e0y cho ph\u00e9p b\u1ea1n s\u1ed1ng v\u00e0 h\u1ecdc t\u1eadp h\u1ee3p ph\u00e1p t\u1ea1i S\u00edp trong h\u01a1n 90 ng\u00e0y.<\/p>\n<p style=\"text-align: justify;\">Gi\u1ea5y ph\u00e9p c\u01b0 tr\u00fa t\u1ea1m th\u1eddi c\u00f3 gi\u00e1 tr\u1ecb trong m\u1ed9t n\u0103m v\u00e0 c\u00f3 th\u1ec3 \u0111\u01b0\u1ee3c gia h\u1ea1n h\u00e0ng n\u0103m trong su\u1ed1t th\u1eddi gian h\u1ecdc t\u1eadp c\u1ee7a b\u1ea1n.<\/p>\n<p style=\"text-align: justify;\"><strong>Chuy\u1ec3n \u0111\u1ebfn S\u00edp \u0111\u1ec3 \u0111o\u00e0n t\u1ee5 gia \u0111\u00ecnh<\/strong><\/p>\n<p style=\"text-align: justify;\">B\u1ea1n ch\u1ec9 c\u00f3 th\u1ec3 chuy\u1ec3n \u0111\u1ebfn S\u00edp v\u00e0 \u0111o\u00e0n t\u1ee5 v\u1edbi th\u00e0nh vi\u00ean gia \u0111\u00ecnh \u1edf \u0111\u00f3 n\u1ebfu b\u1ea1n n\u1ed9p \u0111\u01a1n xin th\u1ecb th\u1ef1c gia \u0111\u00ecnh.\u00a0\u0110\u1ec3 \u0111\u1ee7 \u0111i\u1ec1u ki\u1ec7n xin th\u1ecb th\u1ef1c gia \u0111\u00ecnh, b\u1ea1n ph\u1ea3i \u0111\u00e1p \u1ee9ng c\u00e1c \u0111i\u1ec1u ki\u1ec7n sau:<\/p>\n<p style=\"text-align: justify;\">&#8211; Th\u00e0nh vi\u00ean gia \u0111\u00ecnh \u1edf S\u00edp c\u0169ng \u0111\u00f3ng vai tr\u00f2 l\u00e0 ng\u01b0\u1eddi b\u1ea3o l\u00e3nh c\u1ee7a b\u1ea1n \u0111\u00e3 s\u1ed1ng h\u1ee3p ph\u00e1p \u1edf S\u00edp \u00edt nh\u1ea5t hai n\u0103m.<\/p>\n<p style=\"text-align: justify;\">&#8211; Th\u1eddi \u0111i\u1ec3m b\u1ea1n n\u1ed9p \u0111\u01a1n xin \u0111o\u00e0n t\u1ee5 gia \u0111\u00ecnh, ng\u01b0\u1eddi b\u1ea3o l\u00e3nh l\u00e0 ng\u01b0\u1eddi c\u00f3 gi\u1ea5y ph\u00e9p c\u01b0 tr\u00fa t\u1ed1i thi\u1ec3u m\u1ed9t n\u0103m h\u1ee3p l\u1ec7.<\/p>\n<p style=\"text-align: justify;\">&#8211; B\u1ea1n l\u00e0 v\u1ee3\/ch\u1ed3ng c\u1ee7a anh \u1ea5y\/c\u00f4 \u1ea5y v\u00e0 cu\u1ed9c h\u00f4n nh\u00e2n c\u1ee7a b\u1ea1n di\u1ec5n ra \u00edt nh\u1ea5t m\u1ed9t n\u0103m tr\u01b0\u1edbc khi n\u1ed9p \u0111\u01a1n.<\/p>\n<p style=\"text-align: justify;\">&#8211; B\u1ea1n l\u00e0 con ch\u01b0a th\u00e0nh ni\u00ean v\u00e0 ch\u01b0a l\u1eadp gia \u0111\u00ecnh c\u1ee7a anh \u1ea5y\/c\u00f4 \u1ea5y.<\/p>\n<p style=\"text-align: justify;\">Ngo\u00e0i ra, sau b\u1ea3y ng\u00e0y nh\u1eadp c\u1ea3nh v\u00e0o S\u00edp, b\u1ea1n ph\u1ea3i \u0111\u0103ng k\u00fd v\u1edbi C\u1ee5c \u0110\u0103ng k\u00fd v\u00e0 Di c\u01b0 D\u00e2n s\u1ef1, c\u01a1 quan n\u00e0y s\u1ebd c\u1ea5p gi\u1ea5y ph\u00e9p c\u01b0 tr\u00fa.\u00a0Gi\u1ea5y ph\u00e9p c\u01b0 tr\u00fa c\u00f3 gi\u00e1 tr\u1ecb trong m\u1ed9t n\u0103m v\u00e0 c\u00f3 th\u1ec3 gia h\u1ea1n nh\u01b0ng kh\u00f4ng \u0111\u01b0\u1ee3c d\u00e0i h\u01a1n gi\u1ea5y ph\u00e9p c\u1ee7a nh\u00e0 t\u00e0i tr\u1ee3.<\/p>\n<p style=\"text-align: justify;\"><strong>5. L\u00e0m th\u1ebf n\u00e0o t\u00f4i c\u00f3 th\u1ec3 c\u00f3 \u0111\u01b0\u1ee3c quy\u1ec1n th\u01b0\u1eddng tr\u00fa t\u1ea1i S\u00edp?<\/strong><\/p>\n<p style=\"text-align: justify;\">Th\u1ebb th\u01b0\u1eddng tr\u00fa\u00a0c\u00f3 gi\u00e1 tr\u1ecb trong 5 n\u0103m v\u00e0 b\u1ea1n c\u00f3 th\u1ec3 c\u00f3 \u0111\u01b0\u1ee3c n\u00f3 n\u1ebfu:<\/p>\n<p style=\"text-align: justify;\">&#8211; B\u1ea1n \u0111\u00e3 c\u01b0 tr\u00fa t\u1ea1i S\u00edp trong 5 n\u0103m theo gi\u1ea5y ph\u00e9p c\u01b0 tr\u00fa t\u1ea1m th\u1eddi h\u01a1n n\u1eefa, trong th\u1eddi gian n\u00e0y, b\u1ea1n kh\u00f4ng r\u1eddi S\u00edp l\u00e2u h\u01a1n 3 th\u00e1ng v\u00e0 b\u1ea1n c\u00f3 h\u1ee3p \u0111\u1ed3ng l\u00e0m vi\u1ec7c t\u1ed1i thi\u1ec3u 18 th\u00e1ng ho\u1eb7c th\u1eddi h\u1ea1n m\u1edf.<\/p>\n<p style=\"text-align: justify;\">&#8211; B\u1ea1n mua m\u1ed9t b\u1ea5t \u0111\u1ed9ng s\u1ea3n \u1edf S\u00edp tr\u1ecb gi\u00e1 \u00edt nh\u1ea5t 300.000 Euro. Tuy nhi\u00ean, b\u1ea1n ph\u1ea3i \u0111\u00e1p \u1ee9ng m\u1ed9t s\u1ed1 y\u00eau c\u1ea7u:<\/p>\n<p style=\"text-align: justify;\">&#8211; B\u1ea1n c\u00f3 b\u1eb1ng ch\u1ee9ng b\u1ea1n \u0111\u00e3 mua b\u1ea5t \u0111\u1ed9ng s\u1ea3n b\u1eb1ng ti\u1ec1n t\u1eeb b\u00ean ngo\u00e0i S\u00edp.<\/p>\n<p style=\"text-align: justify;\">&#8211; B\u1ea1n c\u00f3 thu nh\u1eadp h\u00e0ng n\u0103m \u00edt nh\u1ea5t \u20ac30.000 v\u00e0 nh\u1eadn \u0111\u01b0\u1ee3c kho\u1ea3n thu nh\u1eadp n\u00e0y b\u00ean ngo\u00e0i S\u00edp.<\/p>\n<p style=\"text-align: justify;\">&#8211; B\u1ea1n s\u1ebd g\u1eedi \u20ac30.000 v\u00e0o t\u00e0i kho\u1ea3n ng\u00e2n h\u00e0ng c\u1ee7a ng\u01b0\u1eddi S\u00edp, t\u00e0i kho\u1ea3n n\u00e0y s\u1ebd b\u1ecb \u0111\u00f3ng b\u0103ng trong ba n\u0103m.<\/p>\n<p style=\"text-align: justify;\">&#8211; B\u1ea1n s\u1ebd v\u00e0o S\u00edp \u00edt nh\u1ea5t hai n\u0103m m\u1ed9t l\u1ea7n.<\/p>\n<p style=\"text-align: justify;\">&#8211; N\u1ebfu b\u1ea1n c\u00f3 ng\u01b0\u1eddi ph\u1ee5 thu\u1ed9c, b\u1ea1n ph\u1ea3i c\u00f3 th\u00eam thu nh\u1eadp h\u00e0ng n\u0103m l\u00e0 \u20ac5.000. Con c\u00e1i c\u1ee7a b\u1ea1n ph\u1ea3i t\u1eeb 18 \u0111\u1ebfn 25 tu\u1ed5i v\u00e0 kh\u00f4ng c\u00f3 \u00fd \u0111\u1ecbnh l\u00e0m c\u00f4ng vi\u1ec7c \u0111\u01b0\u1ee3c tr\u1ea3 l\u01b0\u01a1ng \u1edf S\u00edp. Trong khi \u0111\u00f3, \u0111\u1ed1i v\u1edbi cha m\u1eb9 ph\u1ee5 thu\u1ed9c, b\u1ea1n ph\u1ea3i c\u00f3 8.000 \u20ac m\u1ed7i n\u0103m cho m\u1ed7i ng\u01b0\u1eddi.<\/p>\n<p style=\"text-align: justify;\"><em>L\u01b0u \u00fd: B\u1ea1n ph\u1ea3i n\u1ed9p \u0111\u01a1n t\u1ea1i v\u0103n ph\u00f2ng trung t\u00e2m c\u1ee7a C\u1ee5c \u0110\u0103ng k\u00fd D\u00e2n s\u1ef1 v\u00e0 Di tr\u00fa \u0111\u1ec3 xin gi\u1ea5y ph\u00e9p th\u01b0\u1eddng tr\u00fa.<\/em><\/p>\n<p style=\"text-align: justify;\"><strong>6. L\u00e0m th\u1ebf n\u00e0o t\u00f4i c\u00f3 th\u1ec3 c\u00f3 \u0111\u01b0\u1ee3c quy\u1ec1n c\u00f4ng d\u00e2n \u1edf S\u00edp?<\/strong><\/p>\n<p style=\"text-align: justify;\">N\u1ebfu b\u1ea1n kh\u00f4ng c\u00f3 quan h\u1ec7 huy\u1ebft th\u1ed1ng v\u1edbi S\u00edp, b\u1ea1n c\u00f3 th\u1ec3 c\u00f3 \u0111\u01b0\u1ee3c quy\u1ec1n c\u00f4ng d\u00e2n sau khi s\u1ed1ng m\u1ed9t th\u1eddi gian nh\u1ea5t \u0111\u1ecbnh \u1edf S\u00edp.\u00a0Khi b\u1ea1n \u0111\u00e3 s\u1ed1ng \u1edf S\u00edp b\u1ea3y trong m\u01b0\u1eddi n\u0103m v\u00e0 \u0111\u00e1p \u1ee9ng c\u00e1c y\u00eau c\u1ea7u sau, b\u1ea1n \u0111\u1ee7 \u0111i\u1ec1u ki\u1ec7n tr\u1edf th\u00e0nh c\u00f4ng d\u00e2n S\u00edp \u0111\u1ea7y \u0111\u1ee7:<\/p>\n<p style=\"text-align: justify;\">&#8211; B\u1ea1n tr\u00ean 21 tu\u1ed5i.<\/p>\n<p style=\"text-align: justify;\">&#8211; B\u1ea1n c\u00f3 l\u00fd l\u1ecbch t\u01b0 ph\u00e1p trong s\u1ea1ch.<\/p>\n<p style=\"text-align: justify;\">&#8211; Th\u1eddi gian c\u01b0 tr\u00fa c\u1ee7a b\u1ea1n t\u1ea1i S\u00edp l\u00e0 li\u00ean t\u1ee5c trong n\u0103m ngay tr\u01b0\u1edbc khi b\u1ea1n n\u1ed9p \u0111\u01a1n.<\/p>\n<p style=\"text-align: justify;\"><strong>7. S\u00edp c\u00f3 cho ph\u00e9p c\u00f3 hai qu\u1ed1c t\u1ecbch kh\u00f4ng?<\/strong><\/p>\n<p style=\"text-align: justify;\">S\u00edp cho ph\u00e9p c\u00f3 hai qu\u1ed1c t\u1ecbch.\u00a0B\u1ea1n c\u00f3 th\u1ec3 c\u00f3 \u0111\u01b0\u1ee3c hai qu\u1ed1c t\u1ecbch m\u00e0 kh\u00f4ng c\u1ea7n \u0111\u0103ng k\u00fd ho\u1eb7c t\u1eeb b\u1ecf qu\u1ed1c t\u1ecbch tr\u01b0\u1edbc \u0111\u00e2y.\u00a0Tuy nhi\u00ean, tr\u01b0\u1edbc ti\u00ean, b\u1ea1n n\u00ean ki\u1ec3m tra v\u1edbi qu\u1ed1c gia c\u1ee7a m\u00ecnh xem li\u1ec7u qu\u1ed1c gia \u0111\u00f3 c\u00f3 cho ph\u00e9p b\u1ea1n c\u00f3 \u0111\u01b0\u1ee3c qu\u1ed1c t\u1ecbch kh\u00e1c hay kh\u00f4ng.\u00a0Sau \u0111\u00f3, b\u1ea1n c\u00f3 th\u1ec3 ti\u1ebfp t\u1ee5c v\u1edbi S\u00edp mi\u1ec5n l\u00e0 c\u00f3 th\u1ec3.<\/p>\n[\/vc_column_text][\/vc_column][\/vc_row]\n<\/div>","protected":false},"excerpt":{"rendered":"<p>[vc_row css=&#8221;.vc_custom_1748318649872{margin-top: -30px !important;}&#8221;][vc_column][\/vc_column][\/vc_row][vc_row][vc_column][vc_column_text css=&#8221;&#8221;] Cho d\u00f9 b\u1ea1n \u0111ang t\u00ecm ki\u1ebfm n\u1ec1n \u1ea9m th\u1ef1c tuy\u1ec7t v\u1eddi, nh\u1eefng b\u00e3i bi\u1ec3n c\u00e1t tr\u1eafng, c\u00e1c l\u1ef1a ch\u1ecdn ch\u0103m s\u00f3c s\u1ee9c kh\u1ecfe \u0111\u1eb7c bi\u1ec7t hay d\u1ea5u v\u1ebft th\u1ea7n tho\u1ea1i Hy L\u1ea1p \u1edf kh\u1eafp m\u1ecdi n\u01a1i, S\u00edp \u0111\u1ec1u c\u00f3 t\u1ea5t c\u1ea3. H\u01a1n n\u1eefa, c\u00f3 \u0111i\u1ec1u g\u00ec \u0111\u00f3 huy\u1ec1n b\u00ed v\u1ec1 [&hellip;]<\/p>\n","protected":false},"author":4,"featured_media":0,"parent":0,"menu_order":0,"comment_status":"closed","ping_status":"closed","template":"","meta":{"footnotes":""},"class_list":["post-9291","page","type-page","status-publish","hentry"],"_links":{"self":[{"href":"https:\/\/immico.vn\/vi\/wp-json\/wp\/v2\/pages\/9291","targetHints":{"allow":["GET"]}}],"collection":[{"href":"https:\/\/immico.vn\/vi\/wp-json\/wp\/v2\/pages"}],"about":[{"href":"https:\/\/immico.vn\/vi\/wp-json\/wp\/v2\/types\/page"}],"author":[{"embeddable":true,"href":"https:\/\/immico.vn\/vi\/wp-json\/wp\/v2\/users\/4"}],"replies":[{"embeddable":true,"href":"https:\/\/immico.vn\/vi\/wp-json\/wp\/v2\/comments?post=9291"}],"version-history":[{"count":5,"href":"https:\/\/immico.vn\/vi\/wp-json\/wp\/v2\/pages\/9291\/revisions"}],"predecessor-version":[{"id":10572,"href":"https:\/\/immico.vn\/vi\/wp-json\/wp\/v2\/pages\/9291\/revisions\/10572"}],"wp:attachment":[{"href":"https:\/\/immico.vn\/vi\/wp-json\/wp\/v2\/media?parent=9291"}],"curies":[{"name":"wp","href":"https:\/\/api.w.org\/{rel}","templated":true}]}}