{"id":9293,"date":"2023-12-25T04:43:25","date_gmt":"2023-12-25T04:43:25","guid":{"rendered":"https:\/\/immico.vn\/?page_id=9293\/"},"modified":"2025-05-27T04:20:02","modified_gmt":"2025-05-27T04:20:02","slug":"dinh-cu-trung-quoc-china","status":"publish","type":"page","link":"https:\/\/immico.vn\/vi\/dinh-cu-trung-quoc-china\/","title":{"rendered":"\u0110\u1ecbnh c\u01b0 Trung Qu\u1ed1c (China)"},"content":{"rendered":"<div class=\"wpb-content-wrapper\">[vc_row css=&#8221;.vc_custom_1748319593961{margin-top: -30px !important;}&#8221;][vc_column]<div class=\"shortcode-wrapper shortcode-title clearfix hb-animate-element hb-fade-in\"><p style=\"color:#9a4c3c!important;border-color:#9a4c3c\" class=\"hb-text-large aligncenter\">\u0110\u1ecbnh c\u01b0 Trung Qu\u1ed1c (China)<\/p><\/div>[\/vc_column][\/vc_row][vc_row][vc_column][vc_column_text css=&#8221;&#8221;]\n<p style=\"text-align: justify;\">Trung Qu\u1ed1c, ch\u00ednh th\u1ee9c C\u1ed9ng h\u00f2a Nh\u00e2n d\u00e2n Trung Hoa (PRC), n\u1eb1m \u1edf \u0110\u00f4ng \u00c1, l\u00e0 n\u1ec1n kinh t\u1ebf l\u1edbn th\u1ee9 hai tr\u00ean th\u1ebf gi\u1edbi. S\u1ef1 th\u1ecbnh v\u01b0\u1ee3ng kinh t\u1ebf c\u1ee7a \u0111\u1ea5t n\u01b0\u1edbc \u0111\u00e3 n\u00e2ng cao m\u1ee9c s\u1ed1ng c\u1ee7a ng\u01b0\u1eddi d\u00e2n Trung Qu\u1ed1c, bao g\u1ed3m c\u1ea3 ng\u01b0\u1eddi n\u01b0\u1edbc ngo\u00e0i c\u01b0 tr\u00fa t\u1ea1i Trung Qu\u1ed1c. \u0110i\u1ec1u n\u00e0y \u0111\u00e3 d\u1eabn \u0111\u1ebfn s\u1ef1 gia t\u0103ng s\u1ed1 ng\u01b0\u1eddi n\u01b0\u1edbc ngo\u00e0i chuy\u1ec3n \u0111\u1ebfn Trung Qu\u1ed1c, n\u01a1i hi\u1ec7n c\u00f3 h\u01a1n 2,5 tri\u1ec7u ng\u01b0\u1eddi n\u01b0\u1edbc ngo\u00e0i.<br \/>\nNg\u01b0\u1eddi n\u01b0\u1edbc ngo\u00e0i tr\u00ean to\u00e0n th\u1ebf gi\u1edbi \u0111\u01b0\u1ee3c th\u00fac \u0111\u1ea9y b\u1edfi m\u1ee9c s\u1ed1ng cao, ph\u00fac l\u1ee3i x\u00e3 h\u1ed9i, ch\u0103m s\u00f3c s\u1ee9c kh\u1ecfe v\u00e0 c\u01a1 h\u1ed9i vi\u1ec7c l\u00e0m m\u00e0 Trung Qu\u1ed1c mang l\u1ea1i.<br \/>\n\u0110\u1ea5t n\u01b0\u1edbc ch\u00e2u \u00c1 n\u00e0y c\u0169ng l\u00e0 n\u01a1i c\u00f3 m\u1ed9t s\u1ed1 c\u1ea3nh quan thi\u00ean nhi\u00ean \u0111\u1eb9p nh\u1ea5t h\u00e0nh tinh v\u00e0 phong c\u1ea3nh thi\u00ean nhi\u00ean s\u1ebd theo b\u1ea1n \u0111\u1ebfn m\u1ecdi h\u01b0\u1edbng.<br \/>\n<strong>1. T\u00f4i c\u00f3 c\u1ea7n xin th\u1ecb th\u1ef1c \u0111\u1ec3 chuy\u1ec3n \u0111\u1ebfn Trung Qu\u1ed1c kh\u00f4ng?<\/strong><br \/>\nN\u1ebfu b\u1ea1n d\u1ef1 \u0111\u1ecbnh chuy\u1ec3n \u0111\u1ebfn Trung Qu\u1ed1c l\u00e2u d\u00e0i, b\u1ea1n s\u1ebd c\u1ea7n ph\u1ea3i n\u1ed9p \u0111\u01a1n xin v\u00e0 xin th\u1ecb th\u1ef1c nh\u1eadp c\u1ea3nh \u0111\u1ec3 v\u00e0o n\u01b0\u1edbc n\u00e0y. Lo\u1ea1i th\u1ecb th\u1ef1c b\u1ea1n c\u1ea7n n\u1ed9p \u0111\u01a1n t\u00f9y thu\u1ed9c v\u00e0o l\u00fd do b\u1ea1n nh\u1eadp c\u1ea3nh v\u00e0o n\u01b0\u1edbc n\u00e0y.<br \/>\nVisa Trung Qu\u1ed1c \u0111\u01b0\u1ee3c chia th\u00e0nh c\u00e1c lo\u1ea1i sau:<br \/>\n&#8211; Th\u1ecb th\u1ef1c C.<br \/>\n&#8211; Th\u1ecb th\u1ef1c D.<br \/>\n&#8211; Th\u1ecb th\u1ef1c F.<br \/>\n&#8211; Th\u1ecb th\u1ef1c G.<br \/>\n&#8211; Th\u1ecb th\u1ef1c J1.<br \/>\n&#8211; Th\u1ecb th\u1ef1c J2.<br \/>\n&#8211; Th\u1ecb th\u1ef1c L.<br \/>\n&#8211; Th\u1ecb th\u1ef1c M.<br \/>\n&#8211; Th\u1ecb th\u1ef1c Q1.<br \/>\n&#8211; Th\u1ecb th\u1ef1c Q2.<br \/>\n&#8211; Th\u1ecb th\u1ef1c R.<br \/>\n&#8211; Th\u1ecb th\u1ef1c S1.<br \/>\n&#8211; Th\u1ecb th\u1ef1c S2.<br \/>\n&#8211; Th\u1ecb th\u1ef1c X1.<br \/>\n&#8211; Th\u1ecb th\u1ef1c X2.<br \/>\n&#8211; Th\u1ecb th\u1ef1c Z.<br \/>\n<strong>2. C\u00f4ng d\u00e2n Hoa K\u1ef3 c\u00f3 c\u1ea7n Visa \u0111\u1ec3 \u0111\u1ebfn Trung Qu\u1ed1c kh\u00f4ng?<\/strong><br \/>\nC\u00f3, c\u00f4ng d\u00e2n Hoa K\u1ef3 c\u1ea7n c\u00f3 th\u1ecb th\u1ef1c \u0111\u1ec3 v\u00e0o Trung Qu\u1ed1c \u0111\u1ea1i l\u1ee5c. B\u1ea1n c\u00f3 th\u1ec3 n\u1ed9p \u0111\u01a1n xin th\u1ecb th\u1ef1c Trung Qu\u1ed1c t\u1ea1i c\u01a1 quan \u0111\u1ea1i di\u1ec7n ngo\u1ea1i giao Trung Qu\u1ed1c (\u0111\u1ea1i s\u1ee9 qu\u00e1n\/l\u00e3nh s\u1ef1 qu\u00e1n) t\u1ea1i Hoa K\u1ef3.<br \/>\nLo\u1ea1i th\u1ecb th\u1ef1c b\u1ea1n n\u1ed9p \u0111\u01a1n xin t\u00f9y thu\u1ed9c v\u00e0o m\u1ee5c \u0111\u00edch chuy\u1ebfn \u0111i c\u1ee7a b\u1ea1n \u0111\u1ebfn Trung Qu\u1ed1c.<br \/>\n<strong>3. L\u00e0m th\u1ebf n\u00e0o \u0111\u1ec3 t\u00f4i di chuy\u1ec3n \u0111\u1ebfn Trung Qu\u1ed1c?<\/strong><br \/>\nC\u00f4ng d\u00e2n n\u01b0\u1edbc ngo\u00e0i mu\u1ed1n bi\u1ebfn Trung Qu\u1ed1c th\u00e0nh ng\u00f4i nh\u00e0 l\u00e2u d\u00e0i m\u1edbi c\u1ee7a h\u1ecd c\u00f3 th\u1ec3 chuy\u1ec3n \u0111\u1ebfn \u0111\u00f3 v\u00ec nhi\u1ec1u l\u00fd do kh\u00e1c nhau. T\u00f9y thu\u1ed9c v\u00e0o l\u00fd do b\u1ea1n \u0111\u1ebfn Trung Qu\u1ed1c, b\u1ea1n s\u1ebd c\u1ea7n ph\u1ea3i xin th\u1ecb th\u1ef1c d\u00e0i h\u1ea1n \u0111\u1ec3 \u0111\u01b0\u1ee3c ph\u00e9p \u1edf l\u1ea1i qu\u1ed1c gia n\u00e0y trong th\u1eddi gian k\u00e9o d\u00e0i ba th\u00e1ng. C\u00e1c lo\u1ea1i th\u1ecb th\u1ef1c ph\u1ed5 bi\u1ebfn nh\u1ea5t m\u00e0 ng\u01b0\u1eddi n\u01b0\u1edbc ngo\u00e0i th\u01b0\u1eddng xin khi \u0111\u1ebfn Trung Qu\u1ed1c l\u00e0 th\u1ecb th\u1ef1c Z, th\u1ecb th\u1ef1c X ho\u1eb7c th\u1ecb th\u1ef1c Q.<br \/>\n\u0110\u00e2y l\u00e0 c\u00e1ch b\u1ea1n c\u00f3 th\u1ec3 chuy\u1ec3n \u0111\u1ebfn Trung Qu\u1ed1c trong th\u1eddi gian k\u00e9o d\u00e0i ba th\u00e1ng:<br \/>\n&#8211; Sang Trung Qu\u1ed1c l\u00e0m vi\u1ec7c (Z visa).<br \/>\n&#8211; Sang Trung Qu\u1ed1c du h\u1ecdc (Z visa).<br \/>\n&#8211; Sang Trung Qu\u1ed1c \u0111o\u00e0n t\u1ee5 gia \u0111\u00ecnh (Q visa).<br \/>\nSau khi nh\u1eadn \u0111\u01b0\u1ee3c visa nh\u1eadp c\u1ea3nh, b\u1ea1n n\u00ean \u0111i du l\u1ecbch Trung Qu\u1ed1c. Khi \u0111\u1ebfn n\u01a1i, b\u1ea1n ph\u1ea3i \u0111\u0103ng k\u00fd t\u1ea1i \u0111\u1ed3n c\u1ea3nh s\u00e1t n\u01a1i b\u1ea1n c\u01b0 tr\u00fa trong v\u00f2ng 24 gi\u1edd. Sau \u0111\u00f3, trong v\u00f2ng 30 ng\u00e0y k\u1ec3 t\u1eeb khi \u0111\u1ebfn Trung Qu\u1ed1c, b\u1ea1n ph\u1ea3i n\u1ed9p \u0111\u01a1n xin gi\u1ea5y ph\u00e9p c\u01b0 tr\u00fa t\u1ea1m th\u1eddi t\u1ea1i C\u1ee5c Qu\u1ea3n l\u00fd Xu\u1ea5t nh\u1eadp c\u1ea3nh c\u1ee7a C\u1ee5c C\u00f4ng an (PSB).<br \/>\n<strong>Chuy\u1ec3n \u0111\u1ebfn Trung Qu\u1ed1c \u0111\u1ec3 l\u00e0m vi\u1ec7c<\/strong><br \/>\nNh\u1eefng c\u00e1 nh\u00e2n mu\u1ed1n chuy\u1ec3n \u0111\u1ebfn Trung Qu\u1ed1c \u0111\u1ec3 l\u00e0m vi\u1ec7c, b\u1ea1n s\u1ebd c\u1ea7n ph\u1ea3i n\u1ed9p \u0111\u01a1n xin th\u1ecb th\u1ef1c l\u00e0m vi\u1ec7c Trung Qu\u1ed1c (visa Z) t\u1ea1i v\u0103n ph\u00f2ng th\u1ecb th\u1ef1c \u0111\u1ecba ph\u01b0\u01a1ng ho\u1eb7c \u0111\u1ea1i s\u1ee9 qu\u00e1n ho\u1eb7c l\u00e3nh s\u1ef1 qu\u00e1n Trung Qu\u1ed1c. Tuy nhi\u00ean, \u0111\u1ec3 \u0111\u1ee7 \u0111i\u1ec1u ki\u1ec7n xin th\u1ecb th\u1ef1c l\u00e0m vi\u1ec7c t\u1ea1i Trung Qu\u1ed1c, b\u1ea1n ph\u1ea3i \u0111\u00e1p \u1ee9ng \u0111\u01b0\u1ee3c l\u1eddi m\u1eddi l\u00e0m vi\u1ec7c t\u1eeb m\u1ed9t nh\u00e0 tuy\u1ec3n d\u1ee5ng \u1edf Trung Qu\u1ed1c. Ngo\u00e0i ra, c\u00f2n c\u00f3 nh\u1eefng ti\u00eau ch\u00ed kh\u00e1c m\u00e0 b\u1ea1n ph\u1ea3i \u0111\u00e1p \u1ee9ng tr\u01b0\u1edbc khi b\u1eaft \u0111\u1ea7u qu\u00e1 tr\u00ecnh n\u1ed9p \u0111\u01a1n, ch\u1eb3ng h\u1ea1n nh\u01b0 c\u00f3 s\u1ee9c kh\u1ecfe t\u1ed1t ho\u1eb7c c\u00f3 l\u00fd l\u1ecbch t\u01b0 ph\u00e1p r\u00f5 r\u00e0ng.<br \/>\nNg\u01b0\u1eddi s\u1eed d\u1ee5ng lao \u0111\u1ed9ng c\u1ee7a b\u1ea1n \u1edf Trung Qu\u1ed1c ph\u1ea3i thay m\u1eb7t b\u1ea1n n\u1ed9p \u0111\u01a1n xin gi\u1ea5y ph\u00e9p lao \u0111\u1ed9ng n\u01b0\u1edbc ngo\u00e0i t\u1ea1i v\u0103n ph\u00f2ng lao \u0111\u1ed9ng, trong \u0111\u00f3 n\u00eau r\u00f5 b\u1ea1n c\u00f3 \u0111\u1ee7 \u0111i\u1ec1u ki\u1ec7n l\u00e0m vi\u1ec7c \u1edf Trung Qu\u1ed1c hay kh\u00f4ng.<br \/>\n<strong>Khi \u0111\u1ebfn Trung Qu\u1ed1c, b\u1ea1n c\u1ea7n ph\u1ea3i c\u00f3 gi\u1ea5y ph\u00e9p lao \u0111\u1ed9ng. Gi\u1ea5y ph\u00e9p lao \u0111\u1ed9ng \u0111\u01b0\u1ee3c chia th\u00e0nh ba lo\u1ea1i:<\/strong><br \/>\n&#8211; Lo\u1ea1i A: Chuy\u00ean gia c\u1ea5p cao.<br \/>\n&#8211; Lo\u1ea1i B: Chuy\u00ean nghi\u1ec7p.<br \/>\n&#8211; Lo\u1ea1i C: C\u00f4ng nh\u00e2n c\u00f3 tay ngh\u1ec1 th\u1ea5p.<br \/>\nLo\u1ea1i b\u1ea1n thu\u1ed9c v\u1ec1 ph\u1ee5 thu\u1ed9c v\u00e0o tr\u00ecnh \u0111\u1ed9 v\u00e0 k\u1ef9 n\u0103ng c\u1ee7a b\u1ea1n.<br \/>\nSau khi \u0111\u1ebfn n\u01b0\u1edbc n\u00e0y, b\u1ea1n s\u1ebd c\u1ea7n ph\u1ea3i xin gi\u1ea5y ph\u00e9p c\u01b0 tr\u00fa cho ph\u00e9p b\u1ea1n \u1edf l\u1ea1i Trung Qu\u1ed1c trong m\u1ed9t n\u0103m (12 th\u00e1ng). Th\u1ecb th\u1ef1c l\u00e0m vi\u1ec7c c\u0169ng cho ph\u00e9p b\u1ea1n mang theo c\u00e1c th\u00e0nh vi\u00ean gia \u0111\u00ecnh \u0111i c\u00f9ng. Tuy nhi\u00ean, h\u1ecd s\u1ebd c\u1ea7n c\u00f3 visa S (visa t\u01b0 nh\u00e2n Trung Qu\u1ed1c) v\u00e0 th\u01b0 m\u1eddi c\u1ee7a b\u1ea1n.<br \/>\n<strong>Chuy\u1ec3n \u0111\u1ebfn Trung Qu\u1ed1c \u0111\u1ec3 du h\u1ecdc<\/strong><br \/>\nSinh vi\u00ean n\u01b0\u1edbc ngo\u00e0i \u0111\u01b0\u1ee3c nh\u1eadn v\u00e0o m\u1ed9t c\u01a1 s\u1edf gi\u00e1o d\u1ee5c \u1edf Trung Qu\u1ed1c v\u00e0 mu\u1ed1n chuy\u1ec3n \u0111\u1ebfn \u0111\u00f3 ph\u1ea3i c\u00f3 th\u1ecb th\u1ef1c du h\u1ecdc, c\u00f2n \u0111\u01b0\u1ee3c g\u1ecdi l\u00e0 th\u1ecb th\u1ef1c X.<br \/>\nC\u00f3 hai lo\u1ea1i th\u1ecb th\u1ef1c du h\u1ecdc m\u00e0 b\u1ea1n c\u00f3 th\u1ec3 n\u1ed9p \u0111\u01a1n t\u00f9y thu\u1ed9c v\u00e0o th\u1eddi l\u01b0\u1ee3ng ch\u01b0\u01a1ng tr\u00ecnh h\u1ecdc c\u1ee7a b\u1ea1n:<br \/>\n&#8211; Visa du h\u1ecdc Trung Qu\u1ed1c X1.<br \/>\n&#8211; Visa du h\u1ecdc Trung Qu\u1ed1c X2.<br \/>\nB\u1ea1n c\u00f3 th\u1ec3 n\u1ed9p \u0111\u01a1n xin th\u1ecb th\u1ef1c du h\u1ecdc t\u1ea1i Trung t\u00e2m d\u1ecbch v\u1ee5 xin th\u1ecb th\u1ef1c Trung Qu\u1ed1c ho\u1eb7c C\u01a1 quan \u0111\u1ea1i di\u1ec7n ngo\u1ea1i giao Trung Qu\u1ed1c (\u0111\u1ea1i s\u1ee9 qu\u00e1n ho\u1eb7c l\u00e3nh s\u1ef1 qu\u00e1n). Tuy nhi\u00ean, b\u1ea1n kh\u00f4ng th\u1ec3 b\u1eaft \u0111\u1ea7u \u0111\u01a1n xin th\u1ecb th\u1ef1c n\u1ebfu kh\u00f4ng nh\u1eadn \u0111\u01b0\u1ee3c th\u01b0 ch\u1ea5p nh\u1eadn t\u1eeb tr\u01b0\u1eddng \u0111\u1ea1i h\u1ecdc b\u1ea1n ch\u1ecdn.<br \/>\nKhi \u0111\u1ebfn Trung Qu\u1ed1c, b\u1ea1n c\u00f3 th\u1ec3 n\u1ed9p \u0111\u01a1n xin gi\u1ea5y ph\u00e9p c\u01b0 tr\u00fa c\u00f3 gi\u00e1 tr\u1ecb trong 5 n\u0103m (ng\u01b0\u1eddi c\u00f3 th\u1ecb th\u1ef1c X1). Sau \u0111\u00f3, b\u1ea1n s\u1ebd \u0111\u01b0\u1ee3c ph\u00e9p l\u00e0m vi\u1ec7c trong v\u00e0 ngo\u00e0i khu\u00f4n vi\u00ean tr\u01b0\u1eddng 8 gi\u1edd m\u1ed7i tu\u1ea7n v\u00e0 kh\u00f4ng qu\u00e1 40 gi\u1edd m\u1ed7i th\u00e1ng.<br \/>\n<strong>Chuy\u1ec3n \u0111\u1ebfn Trung Qu\u1ed1c \u0111\u1ec3 \u0111o\u00e0n t\u1ee5 gia \u0111\u00ecnh<\/strong><br \/>\nTh\u00e0nh vi\u00ean gia \u0111\u00ecnh ng\u01b0\u1eddi n\u01b0\u1edbc ngo\u00e0i c\u1ee7a c\u00f4ng d\u00e2n Trung Qu\u1ed1c ho\u1eb7c ng\u01b0\u1eddi n\u01b0\u1edbc ngo\u00e0i c\u00f3 gi\u1ea5y ph\u00e9p th\u01b0\u1eddng tr\u00fa mu\u1ed1n \u0111o\u00e0n t\u1ee5 v\u1edbi gia \u0111\u00ecnh h\u1ecd \u1edf Trung Qu\u1ed1c c\u1ea7n ph\u1ea3i n\u1ed9p \u0111\u01a1n xin v\u00e0 xin th\u1ecb th\u1ef1c Q (visa gia \u0111\u00ecnh).<br \/>\nC\u00e1c th\u00e0nh vi\u00ean gia \u0111\u00ecnh \u0111\u1ee7 \u0111i\u1ec1u ki\u1ec7n \u0111\u1ec3 \u0111\u01b0\u1ee3c c\u1ea5p th\u1ecb th\u1ef1c gia \u0111\u00ecnh l\u00e0:<br \/>\n&#8211; V\u1ee3 ch\u1ed3ng.<br \/>\n&#8211; Cha m\u1eb9.<br \/>\n&#8211; Con c\u00e1i (con trai v\u00e0 con g\u00e1i).<br \/>\n&#8211; Cha m\u1eb9 trong ph\u00e1p lu\u1eadt.<br \/>\n&#8211; C\u00e1c anh ch\u1ecb em.<br \/>\n&#8211; \u00d4ng b\u00e0.<br \/>\n&#8211; Ch\u00e1u.<br \/>\n\u0110\u01a1n xin th\u1ecb th\u1ef1c gia \u0111\u00ecnh Q \u0111\u01b0\u1ee3c n\u1ed9p cho \u0111\u1ea1i s\u1ee9 qu\u00e1n, l\u00e3nh s\u1ef1 qu\u00e1n ho\u1eb7c trung t\u00e2m th\u1ecb th\u1ef1c Trung Qu\u1ed1c. Sau khi \u0111\u1ea1i s\u1ee9 qu\u00e1n c\u1ea5p visa cho b\u1ea1n, b\u1ea1n c\u00f3 th\u1ec3 v\u00e0o Trung Qu\u1ed1c v\u00e0 xin gi\u1ea5y ph\u00e9p c\u01b0 tr\u00fa. Gi\u1ea5y ph\u00e9p c\u01b0 tr\u00fa s\u1ebd cho ph\u00e9p b\u1ea1n \u1edf l\u1ea1i trong n\u01b0\u1edbc t\u1ed1i thi\u1ec3u m\u1ed9t n\u0103m v\u00e0 t\u1ed1i \u0111a l\u00e0 5 n\u0103m.<br \/>\n<em>*B\u1ea1n kh\u00f4ng \u0111\u01b0\u1ee3c ph\u00e9p l\u00e0m vi\u1ec7c t\u1ea1i Trung Qu\u1ed1c b\u1eb1ng visa gia \u0111\u00ecnh.<\/em><br \/>\n<strong>4. T\u00f4i c\u1ea7n s\u1ed1ng \u1edf Trung Qu\u1ed1c bao l\u00e2u \u0111\u1ec3 c\u00f3 \u0111\u01b0\u1ee3c quy\u1ec1n c\u00f4ng d\u00e2n?<\/strong><br \/>\nNg\u01b0\u1eddi n\u01b0\u1edbc ngo\u00e0i mu\u1ed1n c\u00f3 qu\u1ed1c t\u1ecbch Trung Qu\u1ed1c ph\u1ea3i \u0111\u00e1p \u1ee9ng c\u00e1c ti\u00eau ch\u00ed c\u1ee5 th\u1ec3, ch\u1eb3ng h\u1ea1n nh\u01b0 c\u01b0 tr\u00fa h\u1ee3p ph\u00e1p t\u1ea1i Trung Qu\u1ed1c ho\u1eb7c khu v\u1ef1c h\u00e0nh ch\u00ednh \u0111\u1eb7c bi\u1ec7t trong \u00edt nh\u1ea5t 4 n\u0103m li\u00ean ti\u1ebfp ho\u1eb7c c\u00f3 quan h\u1ec7 gia \u0111\u00ecnh v\u1edbi c\u00f4ng d\u00e2n Trung Qu\u1ed1c. Sau th\u1eddi gian c\u01b0 tr\u00fa d\u00e0i h\u1ea1n \u1edf Trung Qu\u1ed1c, b\u1ea1n c\u00f3 th\u1ec3 n\u1ed9p \u0111\u01a1n xin nh\u1eadp qu\u1ed1c t\u1ecbch b\u1eb1ng c\u00e1ch nh\u1eadp t\u1ecbch. M\u1eb7c d\u00f9 vi\u1ec7c nh\u1eadp t\u1ecbch \u1edf Trung Qu\u1ed1c r\u1ea5t hi\u1ebfm nh\u01b0ng b\u1ea1n s\u1ebd c\u00f3 \u0111\u01b0\u1ee3c quy\u1ec1n c\u00f4ng d\u00e2n \u1edf Trung Qu\u1ed1c n\u1ebfu \u0111\u00e1p \u1ee9ng c\u00e1c y\u00eau c\u1ea7u v\u1ec1 quy\u1ec1n c\u00f4ng d\u00e2n.<br \/>\nNh\u1eefng c\u00e1ch kh\u00e1c \u0111\u1ec3 b\u1ea1n c\u00f3 th\u1ec3 c\u00f3 \u0111\u01b0\u1ee3c qu\u1ed1c t\u1ecbch Trung Qu\u1ed1c l\u00e0:<br \/>\n&#8211; Quy\u1ec1n c\u00f4ng d\u00e2n khi sinh ra.<br \/>\n&#8211; Quy\u1ec1n c\u00f4ng d\u00e2n th\u00f4ng qua \u0111\u1ea7u t\u01b0.<br \/>\n&#8211; Quy\u1ec1n c\u00f4ng d\u00e2n th\u00f4ng qua h\u00f4n nh\u00e2n.<br \/>\n<strong>5. Trung Qu\u1ed1c c\u00f3 cho ph\u00e9p song t\u1ecbch kh\u00f4ng?<\/strong><br \/>\n<strong>Kh\u00f4ng<\/strong>, Trung Qu\u1ed1c kh\u00f4ng c\u00f4ng nh\u1eadn qu\u1ed1c t\u1ecbch k\u00e9p. Lu\u1eadt Qu\u1ed1c t\u1ecbch Trung Qu\u1ed1c quy \u0111\u1ecbnh r\u1eb1ng n\u01b0\u1edbc n\u00e0y s\u1ebd kh\u00f4ng th\u1eeba nh\u1eadn qu\u1ed1c t\u1ecbch k\u00e9p c\u1ee7a c\u00f4ng d\u00e2n Trung Qu\u1ed1c. \u0110i\u1ec1u n\u00e0y c\u00f3 ngh\u0129a l\u00e0 m\u1ed9t khi b\u1ea1n nh\u1eadp qu\u1ed1c t\u1ecbch Trung Qu\u1ed1c, b\u1ea1n s\u1ebd ph\u1ea3i t\u1eeb b\u1ecf qu\u1ed1c t\u1ecbch ban \u0111\u1ea7u c\u1ee7a m\u00ecnh ho\u1eb7c ch\u1ecdn qu\u1ed1c t\u1ecbch n\u00e0o b\u1ea1n mu\u1ed1n gi\u1eef.<br \/>\nTuy nhi\u00ean, h\u00e3y nh\u1edb r\u1eb1ng m\u1ed9t khi b\u1ea1n c\u00f3 qu\u1ed1c t\u1ecbch n\u01b0\u1edbc ngo\u00e0i, b\u1ea1n s\u1ebd t\u1ef1 \u0111\u1ed9ng m\u1ea5t qu\u1ed1c t\u1ecbch Trung Qu\u1ed1c.<\/p>\n[\/vc_column_text][\/vc_column][\/vc_row]\n<\/div>","protected":false},"excerpt":{"rendered":"<p>[vc_row css=&#8221;.vc_custom_1748319593961{margin-top: -30px !important;}&#8221;][vc_column][\/vc_column][\/vc_row][vc_row][vc_column][vc_column_text css=&#8221;&#8221;] Trung Qu\u1ed1c, ch\u00ednh th\u1ee9c C\u1ed9ng h\u00f2a Nh\u00e2n d\u00e2n Trung Hoa (PRC), n\u1eb1m \u1edf \u0110\u00f4ng \u00c1, l\u00e0 n\u1ec1n kinh t\u1ebf l\u1edbn th\u1ee9 hai tr\u00ean th\u1ebf gi\u1edbi. S\u1ef1 th\u1ecbnh v\u01b0\u1ee3ng kinh t\u1ebf c\u1ee7a \u0111\u1ea5t n\u01b0\u1edbc \u0111\u00e3 n\u00e2ng cao m\u1ee9c s\u1ed1ng c\u1ee7a ng\u01b0\u1eddi d\u00e2n Trung Qu\u1ed1c, bao g\u1ed3m c\u1ea3 ng\u01b0\u1eddi n\u01b0\u1edbc ngo\u00e0i c\u01b0 [&hellip;]<\/p>\n","protected":false},"author":4,"featured_media":0,"parent":0,"menu_order":0,"comment_status":"closed","ping_status":"closed","template":"","meta":{"footnotes":""},"class_list":["post-9293","page","type-page","status-publish","hentry"],"_links":{"self":[{"href":"https:\/\/immico.vn\/vi\/wp-json\/wp\/v2\/pages\/9293","targetHints":{"allow":["GET"]}}],"collection":[{"href":"https:\/\/immico.vn\/vi\/wp-json\/wp\/v2\/pages"}],"about":[{"href":"https:\/\/immico.vn\/vi\/wp-json\/wp\/v2\/types\/page"}],"author":[{"embeddable":true,"href":"https:\/\/immico.vn\/vi\/wp-json\/wp\/v2\/users\/4"}],"replies":[{"embeddable":true,"href":"https:\/\/immico.vn\/vi\/wp-json\/wp\/v2\/comments?post=9293"}],"version-history":[{"count":6,"href":"https:\/\/immico.vn\/vi\/wp-json\/wp\/v2\/pages\/9293\/revisions"}],"predecessor-version":[{"id":10586,"href":"https:\/\/immico.vn\/vi\/wp-json\/wp\/v2\/pages\/9293\/revisions\/10586"}],"wp:attachment":[{"href":"https:\/\/immico.vn\/vi\/wp-json\/wp\/v2\/media?parent=9293"}],"curies":[{"name":"wp","href":"https:\/\/api.w.org\/{rel}","templated":true}]}}