{"id":9295,"date":"2023-12-25T04:44:05","date_gmt":"2023-12-25T04:44:05","guid":{"rendered":"https:\/\/immico.vn\/?page_id=9295\/"},"modified":"2025-05-27T03:56:51","modified_gmt":"2025-05-27T03:56:51","slug":"dinh-cu-singapore","status":"publish","type":"page","link":"https:\/\/immico.vn\/vi\/dinh-cu-singapore\/","title":{"rendered":"\u0110\u1ecbnh c\u01b0 Singapore"},"content":{"rendered":"<div class=\"wpb-content-wrapper\">[vc_row css=&#8221;.vc_custom_1748318198958{margin-top: -30px !important;}&#8221;][vc_column]<div class=\"shortcode-wrapper shortcode-title clearfix hb-animate-element hb-fade-in\"><p style=\"color:#9a4c3c!important;border-color:#9a4c3c\" class=\"hb-text-large aligncenter\">\u0110\u1ecbnh c\u01b0 Singapore<\/p><\/div>[\/vc_column][\/vc_row][vc_row][vc_column][vc_column_text css=&#8221;&#8221;]\n<p style=\"text-align: justify;\">Tr\u1edf th\u00e0nh m\u1ed9t trung t\u00e2m t\u00e0i ch\u00ednh to\u00e0n c\u1ea7u v\u00e0 l\u00e0 m\u1ed9t trong nh\u1eefng n\u01a1i \u0111\u00e1ng s\u1ed1ng nh\u1ea5t tr\u00ean th\u1ebf gi\u1edbi l\u00e0 \u0111\u1ee7 \u0111\u1ec3 bi\u1ebfn Singapore tr\u1edf th\u00e0nh m\u1ed9t trong nh\u1eefng n\u01a1i \u0111\u00f4ng d\u00e2n nh\u1ea5t th\u1ebf gi\u1edbi.\u00a0Chuy\u1ec3n \u0111\u1ebfn Singapore s\u1ebd mang \u0111\u1ebfn cho b\u1ea1n nh\u1eefng c\u01a1 h\u1ed9i v\u00e0 tr\u1ea3i nghi\u1ec7m th\u00fa v\u1ecb m\u1edbi m\u00e0 b\u1ea1n kh\u00f4ng th\u1ec3 t\u00ecm th\u1ea5y \u1edf b\u1ea5t k\u1ef3 n\u01a1i n\u00e0o kh\u00e1c.<\/p>\n<p style=\"text-align: justify;\">B\u00e0i vi\u1ebft n\u00e0y s\u1ebd ph\u1ee5c v\u1ee5 nh\u01b0 m\u1ed9t h\u01b0\u1edbng d\u1eabn chung v\u1ec1 c\u00e1ch b\u1ea1n c\u00f3 th\u1ec3 chuy\u1ec3n \u0111\u1ebfn Singapore v\u00e0 t\u1ea1i sao Singapore l\u00e0 m\u1ed9t n\u01a1i tuy\u1ec7t v\u1eddi cho ng\u01b0\u1eddi n\u01b0\u1edbc ngo\u00e0i sinh s\u1ed1ng.<\/p>\n<p style=\"text-align: justify;\"><strong>1. T\u00f4i c\u00f3 th\u1ec3 chuy\u1ec3n \u0111\u1ebfn Singapore m\u00e0 kh\u00f4ng c\u00f3 vi\u1ec7c l\u00e0m kh\u00f4ng?<\/strong><\/p>\n<p style=\"text-align: justify;\">C\u00f3 nhi\u1ec1u c\u00e1ch c\u00f3 th\u1ec3 gi\u00fap b\u1ea1n tr\u1edf th\u00e0nh th\u01b0\u1eddng tr\u00fa nh\u00e2n t\u1ea1i Singapore, v\u00ec v\u1eady b\u1ea1n kh\u00f4ng nh\u1ea5t thi\u1ebft ph\u1ea3i c\u00f3 vi\u1ec7c l\u00e0m m\u1edbi c\u00f3 th\u1ec3 chuy\u1ec3n \u0111\u1ebfn \u0111\u00f3.\u00a0Tuy nhi\u00ean, n\u1ebfu b\u1ea1n mu\u1ed1n \u0111\u1ebfn Singapore l\u00e0m vi\u1ec7c, b\u1ea1n c\u1ea7n ph\u1ea3i c\u00f3 vi\u1ec7c l\u00e0m \u0111\u1ec3 c\u00f3 th\u1ec3 l\u00e0m vi\u1ec7c v\u00e0 sinh s\u1ed1ng h\u1ee3p ph\u00e1p \u1edf \u0111\u00f3.<\/p>\n<p style=\"text-align: justify;\"><strong>2. L\u00e0m th\u1ebf n\u00e0o \u0111\u1ec3 di chuy\u1ec3n \u0111\u1ebfn Singapore?<\/strong><\/p>\n<p style=\"text-align: justify;\">B\u1ea1n c\u00f3 th\u1ec3 chuy\u1ec3n \u0111\u1ebfn Singapore v\u00ec nhi\u1ec1u l\u00fd do;\u00a0tuy nhi\u00ean, \u0111\u1ed1i v\u1edbi th\u1eddi gian l\u01b0u tr\u00fa d\u00e0i h\u01a1n 90 ng\u00e0y, b\u1ea1n s\u1ebd ph\u1ea3i n\u1ed9p \u0111\u01a1n xin v\u00e0 xin th\u1ecb th\u1ef1c l\u01b0u tr\u00fa d\u00e0i h\u1ea1n.\u00a0Singapore c\u1ea5p c\u00e1c lo\u1ea1i th\u1ecb th\u1ef1c l\u01b0u tr\u00fa d\u00e0i h\u1ea1n kh\u00e1c nhau m\u00e0 b\u1ea1n ph\u1ea3i ch\u1ecdn t\u00f9y thu\u1ed9c v\u00e0o l\u00fd do b\u1ea1n mu\u1ed1n chuy\u1ec3n \u0111\u1ebfn \u0111\u00f3.<\/p>\n<p style=\"text-align: justify;\"><strong>Chuy\u1ec3n \u0111\u1ebfn Singapore \u0111\u1ec3 du h\u1ecdc<\/strong><\/p>\n<p style=\"text-align: justify;\">B\u1ea1n c\u00f3 th\u1ec3 nh\u1eadn \u0111\u01b0\u1ee3c\u00a0th\u1ebb sinh vi\u00ean (visa sinh vi\u00ean)\u00a0n\u1ebfu b\u1ea1n chuy\u1ec3n \u0111\u1ebfn Singapore \u0111\u1ec3 h\u1ecdc t\u1ea1i b\u1ea5t k\u1ef3 c\u01a1 s\u1edf gi\u00e1o d\u1ee5c n\u00e0o c\u1ee7a Singapore.\u00a0L\u00e0 sinh vi\u00ean n\u01b0\u1edbc ngo\u00e0i, b\u1ea1n ch\u1ec9 c\u00f3 th\u1ec3 \u0111\u1ee7 \u0111i\u1ec1u ki\u1ec7n xin th\u01b0\u1eddng tr\u00fa sau khi \u1edf Singapore h\u01a1n 2 n\u0103m v\u00e0 v\u01b0\u1ee3t qua \u00edt nh\u1ea5t m\u1ed9t k\u1ef3 thi qu\u1ed1c gia.<\/p>\n<p style=\"text-align: justify;\">Th\u1ecb th\u1ef1c sinh vi\u00ean s\u1ebd cho ph\u00e9p b\u1ea1n l\u00e0m vi\u1ec7c m\u00e0 kh\u00f4ng c\u1ea7n gi\u1ea5y ph\u00e9p lao \u0111\u1ed9ng &#8211; mi\u1ec5n l\u00e0 b\u1ea1n \u0111\u00e1p \u1ee9ng \u0111\u01b0\u1ee3c c\u00e1c \u0111i\u1ec1u ki\u1ec7n l\u00e0m vi\u1ec7c.<\/p>\n<p style=\"text-align: justify;\"><strong>Chuy\u1ec3n \u0111\u1ebfn Singapore \u0111\u1ec3 l\u00e0m vi\u1ec7c<\/strong><\/p>\n<p style=\"text-align: justify;\">Singapore c\u00f3 lu\u1eadt lao \u0111\u1ed9ng v\u00e0 th\u1ecb th\u1ef1c nghi\u00eam ng\u1eb7t, v\u00ec v\u1eady b\u1ea1n ph\u1ea3i c\u00f3 vi\u1ec7c l\u00e0m tr\u01b0\u1edbc khi chuy\u1ec3n \u0111\u1ebfn \u0111\u1ea5t n\u01b0\u1edbc n\u00e0y v\u00e0\u00a0xin \u0111\u01b0\u1ee3c th\u1ecb th\u1ef1c l\u00e0m vi\u1ec7c<strong>.\u00a0<\/strong>Singapore c\u00f3 m\u1ed9t s\u1ed1 gi\u1ea5y ph\u00e9p l\u00e0m vi\u1ec7c m\u00e0 b\u1ea1n c\u00f3 th\u1ec3 h\u01b0\u1edfng l\u1ee3i.<\/p>\n<p style=\"text-align: justify;\">Tuy nhi\u00ean, c\u00e1c l\u1ef1a ch\u1ecdn th\u01b0\u1eddng tr\u00fa \u0111\u1ec3 l\u00e0m vi\u1ec7c c\u00f2n h\u1ea1n ch\u1ebf.\u00a0Nh\u01b0 \u0111\u00e3 n\u00f3i, b\u1ea1n c\u00f3 th\u1ec3 chuy\u1ec3n \u0111\u1ebfn Singapore v\u0129nh vi\u1ec5n b\u1eb1ng m\u1ed9t trong nh\u1eefng c\u00e1ch sau:<\/p>\n<p style=\"text-align: justify;\"><strong>&#8211; Th\u1ebb vi\u1ec7c l\u00e0m.<\/strong><\/p>\n<p style=\"text-align: justify;\"><strong>&#8211; EntrePass (Ch\u01b0\u01a1ng tr\u00ecnh nh\u00e0 \u0111\u1ea7u t\u01b0).<\/strong><\/p>\n<p style=\"text-align: justify;\"><strong>&#8211; Th\u1ebb S.<\/strong><\/p>\n<p style=\"text-align: justify;\"><em>*B\u1ea1n c\u00f3 th\u1ec3 li\u00ean h\u1ec7 v\u1edbi v\u0103n ph\u00f2ng B\u1ed9 Nh\u00e2n l\u1ef1c t\u1ea1i Singapore \u0111\u1ec3 \u0111\u01b0\u1ee3c gi\u00fap ch\u1ecdn lo\u1ea1i gi\u1ea5y ph\u00e9p l\u00e0m vi\u1ec7c ph\u00f9 h\u1ee3p.<\/em><\/p>\n<p style=\"text-align: justify;\"><strong>Chuy\u1ec3n \u0111\u1ebfn Singapore \u0111\u1ec3 \u0111o\u00e0n t\u1ee5 gia \u0111\u00ecnh<\/strong><\/p>\n<p style=\"text-align: justify;\">N\u1ebfu b\u1ea1n c\u00f3 m\u1ed9t th\u00e0nh vi\u00ean gia \u0111\u00ecnh \u0111ang c\u01b0 tr\u00fa h\u1ee3p ph\u00e1p t\u1ea1i Singapore v\u00e0 mu\u1ed1n tham gia c\u00f9ng h\u1ecd, b\u1ea1n c\u00f3 th\u1ec3 \u0111\u0103ng k\u00fd Th\u1ebb\u00a0ph\u1ee5 thu\u1ed9c (Visa gia \u0111\u00ecnh).<\/p>\n<p style=\"text-align: justify;\">Tuy nhi\u00ean, th\u00e0nh vi\u00ean gia \u0111\u00ecnh c\u1ee7a b\u1ea1n ph\u1ea3i \u0111\u00e1p \u1ee9ng m\u1ed9t s\u1ed1 \u0111i\u1ec1u ki\u1ec7n \u0111\u1ec3 \u0111\u1ee7 \u0111i\u1ec1u ki\u1ec7n xin th\u1ecb th\u1ef1c ph\u1ee5 thu\u1ed9c v\u00e0 ch\u1ec9 c\u00f3 th\u1ec3 \u0111\u01b0a b\u1ea1n \u0111\u1ebfn Singapore b\u1eb1ng Th\u1ebb ph\u1ee5 thu\u1ed9c n\u1ebfu b\u1ea1n l\u00e0 v\u1ee3\/ch\u1ed3ng ho\u1eb7c con \u0111\u00e3 k\u1ebft h\u00f4n h\u1ee3p ph\u00e1p c\u1ee7a h\u1ecd d\u01b0\u1edbi 21 tu\u1ed5i (bao g\u1ed3m c\u1ea3 con nu\u00f4i).<\/p>\n<p style=\"text-align: justify;\"><strong>3. L\u00e0m c\u00e1ch n\u00e0o t\u00f4i c\u00f3 th\u1ec3 nh\u1eadp \u0111\u1ed3 \u0111\u1ea1c c\u1ee7a m\u00ecnh sang Singapore?<\/strong><\/p>\n<p style=\"text-align: justify;\">B\u1ea1n c\u00f3 th\u1ec3 nh\u1eadp \u0111\u1ed3 \u0111\u1ea1c c\u1ee7a m\u00ecnh \u0111\u1ebfn Singapore b\u1eb1ng \u0111\u01b0\u1eddng h\u00e0ng kh\u00f4ng, \u0111\u01b0\u1eddng b\u1ed9 ho\u1eb7c \u0111\u01b0\u1eddng bi\u1ec3n.\u00a0Khi nh\u1eadp kh\u1ea9u \u0111\u1ed3 gia d\u1ee5ng v\u00e0 \u0111\u1ed3 d\u00f9ng c\u00e1 nh\u00e2n \u0111\u00e3 qua s\u1eed d\u1ee5ng, b\u1ea1n c\u1ea7n ph\u1ea3i c\u00f3 Gi\u1ea5y ph\u00e9p thanh to\u00e1n h\u1ea3i quan \u0111\u1ec3 nh\u1eadp kh\u1ea9u v\u00e0 thanh to\u00e1n GST (Thu\u1ebf h\u00e0ng h\u00f3a v\u00e0 d\u1ecbch v\u1ee5).<\/p>\n<p style=\"text-align: justify;\">Tuy nhi\u00ean, c\u00f3 m\u1ed9t s\u1ed1 \u0111i\u1ec1u ki\u1ec7n nh\u1ea5t \u0111\u1ecbnh m\u00e0 b\u1ea1n ph\u1ea3i \u0111\u00e1p \u1ee9ng \u0111\u1ec3 \u0111\u1ee7 \u0111i\u1ec1u ki\u1ec7n h\u01b0\u1edfng GST, ch\u1eb3ng h\u1ea1n nh\u01b0 sau:<\/p>\n<p style=\"text-align: justify;\">&#8211; B\u1ea1n \u0111ang thay \u0111\u1ed5i n\u01a1i c\u01b0 tr\u00fa c\u1ee7a m\u00ecnh t\u1eeb b\u00ean ngo\u00e0i Singapore.<\/p>\n<p style=\"text-align: justify;\">&#8211; B\u1ea1n l\u00e0 ch\u1ee7 s\u1edf h\u1eefu c\u1ee7a \u0111\u1ed3 \u0111\u1ea1c nh\u1eadp kh\u1ea9u.<\/p>\n<p style=\"text-align: justify;\">&#8211; \u0110\u1ed3 \u0111\u1ea1c c\u1ee7a b\u1ea1n \u0111\u00e3 thu\u1ed9c quy\u1ec1n s\u1edf h\u1eefu c\u1ee7a b\u1ea1n v\u00e0 \u0111\u01b0\u1ee3c s\u1eed d\u1ee5ng trong th\u1eddi gian kh\u00f4ng d\u01b0\u1edbi 3 th\u00e1ng.<\/p>\n<p style=\"text-align: justify;\">R\u01b0\u1ee3u say, s\u1ea3n ph\u1ea9m thu\u1ed1c l\u00e1, xe c\u01a1 gi\u1edbi, m\u00e1y bay t\u01b0 nh\u00e2n, thuy\u1ec1n, du thuy\u1ec1n v\u00e0 h\u00e0ng h\u00f3a th\u01b0\u01a1ng m\u1ea1i \u0111\u1ec1u b\u1ecb c\u1ea5m v\u00e0o Singapore.<\/p>\n[\/vc_column_text][\/vc_column][\/vc_row]\n<\/div>","protected":false},"excerpt":{"rendered":"<p>[vc_row css=&#8221;.vc_custom_1748318198958{margin-top: -30px !important;}&#8221;][vc_column][\/vc_column][\/vc_row][vc_row][vc_column][vc_column_text css=&#8221;&#8221;] Tr\u1edf th\u00e0nh m\u1ed9t trung t\u00e2m t\u00e0i ch\u00ednh to\u00e0n c\u1ea7u v\u00e0 l\u00e0 m\u1ed9t trong nh\u1eefng n\u01a1i \u0111\u00e1ng s\u1ed1ng nh\u1ea5t tr\u00ean th\u1ebf gi\u1edbi l\u00e0 \u0111\u1ee7 \u0111\u1ec3 bi\u1ebfn Singapore tr\u1edf th\u00e0nh m\u1ed9t trong nh\u1eefng n\u01a1i \u0111\u00f4ng d\u00e2n nh\u1ea5t th\u1ebf gi\u1edbi.\u00a0Chuy\u1ec3n \u0111\u1ebfn Singapore s\u1ebd mang \u0111\u1ebfn cho b\u1ea1n nh\u1eefng c\u01a1 h\u1ed9i v\u00e0 tr\u1ea3i nghi\u1ec7m [&hellip;]<\/p>\n","protected":false},"author":4,"featured_media":0,"parent":0,"menu_order":0,"comment_status":"closed","ping_status":"closed","template":"","meta":{"footnotes":""},"class_list":["post-9295","page","type-page","status-publish","hentry"],"_links":{"self":[{"href":"https:\/\/immico.vn\/vi\/wp-json\/wp\/v2\/pages\/9295","targetHints":{"allow":["GET"]}}],"collection":[{"href":"https:\/\/immico.vn\/vi\/wp-json\/wp\/v2\/pages"}],"about":[{"href":"https:\/\/immico.vn\/vi\/wp-json\/wp\/v2\/types\/page"}],"author":[{"embeddable":true,"href":"https:\/\/immico.vn\/vi\/wp-json\/wp\/v2\/users\/4"}],"replies":[{"embeddable":true,"href":"https:\/\/immico.vn\/vi\/wp-json\/wp\/v2\/comments?post=9295"}],"version-history":[{"count":4,"href":"https:\/\/immico.vn\/vi\/wp-json\/wp\/v2\/pages\/9295\/revisions"}],"predecessor-version":[{"id":10564,"href":"https:\/\/immico.vn\/vi\/wp-json\/wp\/v2\/pages\/9295\/revisions\/10564"}],"wp:attachment":[{"href":"https:\/\/immico.vn\/vi\/wp-json\/wp\/v2\/media?parent=9295"}],"curies":[{"name":"wp","href":"https:\/\/api.w.org\/{rel}","templated":true}]}}