{"id":9297,"date":"2023-12-25T04:45:15","date_gmt":"2023-12-25T04:45:15","guid":{"rendered":"https:\/\/immico.vn\/?page_id=9297\/"},"modified":"2025-05-27T03:40:53","modified_gmt":"2025-05-27T03:40:53","slug":"dinh-cu-nhat-ban-japan","status":"publish","type":"page","link":"https:\/\/immico.vn\/vi\/dinh-cu-nhat-ban-japan\/","title":{"rendered":"\u0110\u1ecbnh c\u01b0 Nh\u1eadt B\u1ea3n (Japan)"},"content":{"rendered":"<div class=\"wpb-content-wrapper\">[vc_row css=&#8221;.vc_custom_1748317235601{margin-top: -30px !important;}&#8221;][vc_column]<div class=\"shortcode-wrapper shortcode-title clearfix hb-animate-element hb-fade-in\"><p style=\"color:#9a4c3c!important;border-color:#9a4c3c\" class=\"hb-text-large aligncenter\">\u0110\u1ecbnh c\u01b0 Nh\u1eadt B\u1ea3n (Japan)<\/p><\/div>[\/vc_column][\/vc_row][vc_row][vc_column][vc_column_text css=&#8221;&#8221;]\n<p style=\"text-align: justify;\">Nh\u1eefng ng\u01b0\u1eddi n\u01b0\u1edbc ngo\u00e0i \u0111\u00e3 s\u1ed1ng \u1edf Nh\u1eadt B\u1ea3n trong m\u1ed9t th\u1eddi gian d\u00e0i s\u1ebd \u0111\u1ee7 \u0111i\u1ec1u ki\u1ec7n tr\u1edf th\u00e0nh Th\u01b0\u1eddng tr\u00fa nh\u00e2n t\u1ea1i Nh\u1eadt B\u1ea3n. \u0110i\u1ec1u n\u00e0y c\u00f3 l\u1ee3i cho nh\u1eefng ai mu\u1ed1n coi Nh\u1eadt B\u1ea3n l\u00e0 qu\u00ea h\u01b0\u01a1ng l\u00e2u d\u00e0i ho\u1eb7c l\u00e2u d\u00e0i v\u00ec n\u00f3 gi\u00fap gi\u1ea3m b\u1edbt nhi\u1ec1u th\u1ee7 t\u1ee5c quan li\u00eau v\u00e0 m\u1ec7t m\u1ecfi.<br \/>\n<strong>1. L\u1ee3i \u00edch c\u1ee7a vi\u1ec7c th\u01b0\u1eddng tr\u00fa t\u1ea1i Nh\u1eadt B\u1ea3n l\u00e0 g\u00ec?<\/strong><br \/>\nN\u1ebfu tr\u1edf th\u00e0nh Th\u01b0\u1eddng tr\u00fa nh\u00e2n t\u1ea1i Nh\u1eadt B\u1ea3n, b\u1ea1n s\u1ebd \u0111\u01b0\u1ee3c h\u01b0\u1edfng nhi\u1ec1u quy\u1ec1n l\u1ee3i h\u01a1n so v\u1edbi nh\u1eefng ng\u01b0\u1eddi s\u1ed1ng theo t\u00ecnh tr\u1ea1ng t\u1ea1m tr\u00fa, ch\u1eb3ng h\u1ea1n nh\u01b0:<br \/>\n&#8211; B\u1ea1n kh\u00f4ng c\u00f2n ph\u1ea3i gia h\u1ea1n ho\u1eb7c gia h\u1ea1n th\u1ecb th\u1ef1c c\u1ee7a m\u00ecnh n\u1eefa. T\u00ecnh tr\u1ea1ng th\u01b0\u1eddng tr\u00fa t\u1ea1i Nh\u1eadt B\u1ea3n c\u00f3 gi\u00e1 tr\u1ecb v\u00f4 th\u1eddi h\u1ea1n.<br \/>\n\u2022 B\u1ea1n v\u1eabn ph\u1ea3i gia h\u1ea1n Th\u1ebb c\u01b0 tr\u00fa b\u1ea3y n\u0103m m\u1ed9t l\u1ea7n v\u00e0 xin Gi\u1ea5y ph\u00e9p t\u00e1i nh\u1eadp c\u1ea3nh Nh\u1eadt B\u1ea3n n\u1ebfu b\u1ea1n r\u1eddi kh\u1ecfi \u0111\u1ea5t n\u01b0\u1edbc l\u00e2u h\u01a1n 1 n\u0103m, nh\u01b0ng \u0111\u00f3 ch\u1ec9 l\u00e0 th\u1ee7 t\u1ee5c.<br \/>\n&#8211; B\u1ea1n c\u00f3 th\u1ec3 l\u00e0m vi\u1ec7c cho b\u1ea5t k\u1ef3 ch\u1ee7 lao \u0111\u1ed9ng n\u00e0o b\u1ea1n mu\u1ed1n v\u00e0 b\u1ea1n kh\u00f4ng ph\u1ea3i n\u1ed9p \u0111\u01a1n xin thay \u0111\u1ed5i t\u00ecnh tr\u1ea1ng c\u01b0 tr\u00fa n\u1ebfu b\u1ea1n tham gia v\u00e0o c\u00e1c ho\u1ea1t \u0111\u1ed9ng kh\u00e1c nhau. N\u00f3i t\u00f3m l\u1ea1i, b\u1ea1n c\u00f3 th\u1ec3 th\u1ef1c hi\u1ec7n b\u1ea5t k\u1ef3 ho\u1ea1t \u0111\u1ed9ng n\u00e0o b\u1ea1n th\u00edch (t\u1ea5t nhi\u00ean mi\u1ec5n l\u00e0 n\u00f3 h\u1ee3p ph\u00e1p).<br \/>\n&#8211; B\u1ea1n c\u00f3 th\u1ec3 vay ti\u1ec1n t\u1eeb ng\u00e2n h\u00e0ng Nh\u1eadt B\u1ea3n.<br \/>\n&#8211; B\u1ea1n c\u00f3 c\u01a1 h\u1ed9i ti\u1ebfp c\u1eadn t\u1ed1t h\u01a1n v\u1edbi nh\u00e0 \u1edf c\u00f4ng c\u1ed9ng.<br \/>\n<strong>2. Ai \u0111\u1ee7 \u0111i\u1ec1u ki\u1ec7n \u0111\u1ec3 th\u01b0\u1eddng tr\u00fa t\u1ea1i Nh\u1eadt B\u1ea3n?<\/strong><br \/>\nB\u1ea1n c\u00f3 th\u1ec3 n\u1ed9p \u0111\u01a1n xin th\u01b0\u1eddng tr\u00fa t\u1ea1i Nh\u1eadt B\u1ea3n n\u1ebfu \u0111\u00e1p \u1ee9ng c\u00e1c y\u00eau c\u1ea7u sau:<br \/>\n&#8211; B\u1ea1n \u0111\u00e3 s\u1ed1ng \u1edf Nh\u1eadt B\u1ea3n \u0111\u1ee7 th\u1eddi gian. Th\u1eddi gian y\u00eau c\u1ea7u thay \u0111\u1ed5i t\u00f9y thu\u1ed9c v\u00e0o t\u00ecnh tr\u1ea1ng c\u01b0 tr\u00fa m\u00e0 b\u1ea1n \u0111\u00e3 n\u1eafm gi\u1eef:<br \/>\n\u2022 V\u1edbi t\u01b0 c\u00e1ch l\u00e0 ng\u01b0\u1eddi c\u00f3 Visa Chuy\u00ean nghi\u1ec7p tay ngh\u1ec1 cao:<br \/>\n\u2022 Ba n\u0103m n\u1ebfu b\u1ea1n \u0111\u1ea1t t\u1eeb 70-80 \u0111i\u1ec3m theo C\u01a1 ch\u1ebf \u0111\u00e1nh gi\u00e1 \u0111i\u1ec3m<br \/>\n\u2022 M\u1ed9t n\u0103m n\u1ebfu b\u1ea1n \u0111\u1ea1t tr\u00ean 80 \u0111i\u1ec3m theo C\u01a1 ch\u1ebf \u0111\u00e1nh gi\u00e1 \u0111i\u1ec3m<br \/>\n\u2022 N\u1ebfu b\u1ea1n l\u00e0 v\u1ee3\/ch\u1ed3ng c\u1ee7a c\u00f4ng d\u00e2n Nh\u1eadt B\u1ea3n ho\u1eb7c th\u01b0\u1eddng tr\u00fa nh\u00e2n: B\u1ea1n c\u00f3 th\u1ec3 nh\u1eadn \u0111\u01b0\u1ee3c Th\u01b0\u1eddng tr\u00fa nh\u00e2n Nh\u1eadt B\u1ea3n sau m\u1ed9t n\u0103m c\u01b0 tr\u00fa t\u1ea1i Nh\u1eadt B\u1ea3n, nh\u01b0ng b\u1ea1n ph\u1ea3i k\u1ebft h\u00f4n \u00edt nh\u1ea5t ba n\u0103m<br \/>\n\u2022 N\u1ebfu b\u1ea1n l\u00e0 con c\u1ee7a c\u00f4ng d\u00e2n Nh\u1eadt B\u1ea3n ho\u1eb7c th\u01b0\u1eddng tr\u00fa nh\u00e2n: B\u1ea1n c\u00f3 th\u1ec3 nh\u1eadn \u0111\u01b0\u1ee3c Th\u01b0\u1eddng tr\u00fa nh\u00e2n Nh\u1eadt B\u1ea3n sau m\u1ed9t n\u0103m c\u01b0 tr\u00fa t\u1ea1i Nh\u1eadt B\u1ea3n<br \/>\n\u2022 N\u1ebfu b\u1ea1n \u0111\u00e3 \u0111\u00f3ng g\u00f3p cho Nh\u1eadt B\u1ea3n: B\u1ea1n c\u00f3 th\u1ec3 nh\u1eadn \u0111\u01b0\u1ee3c Th\u01b0\u1eddng tr\u00fa nh\u00e2n Nh\u1eadt B\u1ea3n sau 5 n\u0103m c\u01b0 tr\u00fa t\u1ea1i Nh\u1eadt B\u1ea3n<br \/>\n\u2022 N\u1ebfu b\u1ea1n c\u00f3 b\u1ea5t k\u1ef3 lo\u1ea1i th\u1ecb th\u1ef1c n\u00e0o kh\u00e1c (ngo\u00e0i nh\u1eefng lo\u1ea1i \u0111\u01b0\u1ee3c \u0111\u1ec1 c\u1eadp \u1edf tr\u00ean), b\u1ea1n ch\u1ec9 c\u00f3 th\u1ec3 n\u1ed9p \u0111\u01a1n xin Th\u01b0\u1eddng tr\u00fa t\u1ea1i Nh\u1eadt B\u1ea3n sau m\u01b0\u1eddi n\u0103m c\u01b0 tr\u00fa li\u00ean t\u1ee5c. Trong th\u1eddi gian n\u00e0y, b\u1ea1n ph\u1ea3i c\u00f3 Visa lao \u0111\u1ed9ng Nh\u1eadt B\u1ea3n \u00edt nh\u1ea5t 5 n\u0103m li\u00ean ti\u1ebfp.<br \/>\n&#8211; B\u1ea1n th\u1ec3 hi\u1ec7n h\u00e0nh vi t\u1ed1t. \u0110i\u1ec1u n\u00e0y c\u00f3 ngh\u0129a l\u00e0 b\u1ea1n ph\u1ea3i tu\u00e2n th\u1ee7 lu\u1eadt ph\u00e1p Nh\u1eadt B\u1ea3n v\u00e0 kh\u00f4ng b\u1ecb ch\u1ec9 tr\u00edch x\u00e3 h\u1ed9i trong th\u1eddi gian c\u01b0 tr\u00fa t\u1ea1i Nh\u1eadt B\u1ea3n.<br \/>\n&#8211; B\u1ea1n c\u00f3 th\u1ec3 t\u1ef1 h\u1ed7 tr\u1ee3 t\u00e0i ch\u00ednh. B\u1ea1n kh\u00f4ng ph\u1ee5 thu\u1ed9c v\u00e0o ng\u01b0\u1eddi kh\u00e1c v\u1ec1 ngu\u1ed3n t\u00e0i ch\u00ednh v\u00e0 b\u1ea1n c\u00f3 th\u1ec3 c\u00f3 m\u1ed9t cu\u1ed9c s\u1ed1ng \u1ed5n \u0111\u1ecbnh \u1edf Nh\u1eadt B\u1ea3n.<br \/>\n\u2022 Kh\u00f4ng c\u00f3 m\u1ee9c l\u01b0\u01a1ng c\u1ee5 th\u1ec3 h\u00e0ng n\u0103m m\u00e0 b\u1ea1n b\u1eaft bu\u1ed9c ph\u1ea3i c\u00f3, nh\u01b0ng nh\u00ecn chung th\u00ec kh\u00f4ng n\u00ean d\u01b0\u1edbi 3 tri\u1ec7u m\u1ed7i n\u0103m. Y\u00eau c\u1ea7u cao h\u01a1n n\u1ebfu b\u1ea1n c\u00f3 ng\u01b0\u1eddi ph\u1ee5 thu\u1ed9c.<br \/>\n&#8211; B\u1ea1n \u0111\u00e3 n\u1ed9p thu\u1ebf thu nh\u1eadp v\u00e0 c\u00e1c kho\u1ea3n \u0111\u00f3ng g\u00f3p kh\u00e1c \u1edf Nh\u1eadt B\u1ea3n. N\u1ebfu b\u1ea1n ch\u01b0a n\u1ed9p thu\u1ebf, n\u1ed9p \u00edt h\u01a1n s\u1ed1 ti\u1ec1n y\u00eau c\u1ea7u ho\u1eb7c b\u1ea1n kh\u00f4ng th\u1ec3 xu\u1ea5t tr\u00ecnh Gi\u1ea5y ch\u1ee9ng nh\u1eadn thu\u1ebf, \u0111\u01a1n \u0111\u0103ng k\u00fd c\u1ee7a b\u1ea1n c\u00f3 th\u1ec3 b\u1ecb t\u1eeb ch\u1ed1i.<br \/>\n&#8211; B\u1ea1n ph\u1ea3i c\u00f3 Ng\u01b0\u1eddi b\u1ea3o l\u00e3nh l\u00e0 c\u00f4ng d\u00e2n Nh\u1eadt B\u1ea3n ho\u1eb7c Th\u01b0\u1eddng tr\u00fa nh\u00e2n. Ng\u01b0\u1eddi b\u1ea3o l\u00e3nh c\u1ee7a b\u1ea1n ph\u1ea3i k\u00fd Th\u01b0 b\u1ea3o l\u00e3nh v\u00e0 th\u1ef1c hi\u1ec7n ngh\u0129a v\u1ee5 \u0111\u1ea1o \u0111\u1ee9c (kh\u00f4ng ph\u1ea3i ph\u00e1p l\u00fd) \u0111\u1ed1i v\u1edbi b\u1ea1n.<br \/>\n<strong>3. B\u1ea1n c\u1ea7n nh\u1eefng gi\u1ea5y t\u1edd g\u00ec \u0111\u1ec3 \u0111\u01b0\u1ee3c th\u01b0\u1eddng tr\u00fa t\u1ea1i Nh\u1eadt B\u1ea3n?<\/strong><br \/>\nKhi n\u1ed9p \u0111\u01a1n xin th\u01b0\u1eddng tr\u00fa t\u1ea1i Nh\u1eadt B\u1ea3n, b\u1ea1n c\u0169ng ph\u1ea3i n\u1ed9p c\u00e1c t\u00e0i li\u1ec7u sau:<br \/>\n&#8211; \u0110\u00e3 \u0111i\u1ec1n v\u00e0 k\u00fd \u0111\u01a1n xin th\u01b0\u1eddng tr\u00fa t\u1ea1i Nh\u1eadt B\u1ea3n<br \/>\n&#8211; H\u1ed9 chi\u1ebfu v\u00e0 b\u1ea3n sao h\u1ed9 chi\u1ebfu c\u1ee7a b\u1ea1n<br \/>\n&#8211; H\u00ecnh \u1ea3nh c\u1ee1 h\u1ed9 chi\u1ebfu c\u1ee7a b\u1ea1n, v\u1edbi c\u00e1c th\u00f4ng s\u1ed1 k\u1ef9 thu\u1eadt sau:<br \/>\n\u2022 K\u00edch th\u01b0\u1edbc: 4 cm x 3 cm<br \/>\n\u2022 \u0110\u01b0\u1ee3c ch\u1ee5p trong v\u00f2ng ba th\u00e1ng qua<br \/>\n\u2022 N\u1ec1n tr\u1eafng tr\u01a1n, kh\u00f4ng c\u00f3 hoa v\u0103n v\u00e0 b\u00f3ng<br \/>\n\u2022 B\u1ea1n ph\u1ea3i b\u1eaft \u0111\u1ea7u ngay t\u1eeb \u0111\u1ea7u v\u1edbi n\u00e9t m\u1eb7t trung t\u00ednh<br \/>\n\u2022 Khu\u00f4n m\u1eb7t c\u1ee7a b\u1ea1n ph\u1ea3i \u0111\u01b0\u1ee3c nh\u00ecn th\u1ea5y \u0111\u1ea7y \u0111\u1ee7<br \/>\n\u2022 H\u00ecnh \u1ea3nh ph\u1ea3i c\u00f3 ch\u1ea5t l\u01b0\u1ee3ng t\u1ed1t (t\u1eadp trung, r\u00f5 r\u00e0ng v\u00e0 s\u1eafc n\u00e9t)<br \/>\n&#8211; Gi\u1ea5y ch\u1ee9ng nh\u1eadn c\u01b0 tr\u00fa<br \/>\n&#8211; B\u1eb1ng ch\u1ee9ng v\u1ec1 vi\u1ec7c l\u00e0m, t\u00f9y thu\u1ed9c v\u00e0o t\u00ecnh tr\u1ea1ng vi\u1ec7c l\u00e0m c\u1ee7a b\u1ea1n:<br \/>\n\u2022 Gi\u1ea5y ch\u1ee9ng nh\u1eadn vi\u1ec7c l\u00e0m, n\u1ebfu b\u1ea1n \u0111ang l\u00e0m vi\u1ec7c trong m\u1ed9t c\u00f4ng ty\/t\u1ed5 ch\u1ee9c<br \/>\n\u2022 Gi\u1ea5y ph\u00e9p kinh doanh (n\u1ebfu c\u00f3) v\u00e0\/ho\u1eb7c b\u1ea3n khai thu\u1ebf thu nh\u1eadp n\u1ebfu b\u1ea1n t\u1ef1 kinh doanh<br \/>\n&#8211; B\u1eb1ng ch\u1ee9ng v\u1ec1 thu nh\u1eadp h\u00e0ng n\u0103m c\u1ee7a b\u1ea1n<br \/>\n&#8211; B\u1eb1ng ch\u1ee9ng b\u1ea1n \u0111\u00e3 n\u1ed9p thu\u1ebf c\u01b0 tr\u00fa<br \/>\n&#8211; B\u00e1o c\u00e1o ng\u00e2n h\u00e0ng c\u1ee7a b\u1ea1n trong n\u0103m qua, hi\u1ec3n th\u1ecb s\u1ed1 ti\u1ec1n ti\u1ebft ki\u1ec7m c\u1ee7a b\u1ea1n<br \/>\n&#8211; N\u1ebfu b\u1ea1n l\u00e0 v\u1ee3\/ch\u1ed3ng c\u1ee7a c\u00f4ng d\u00e2n Nh\u1eadt B\u1ea3n: S\u1ed5 \u0111\u0103ng k\u00fd gia \u0111\u00ecnh c\u1ee7a v\u1ee3\/ch\u1ed3ng b\u1ea1n<br \/>\n&#8211; N\u1ebfu b\u1ea1n l\u00e0 v\u1ee3\/ch\u1ed3ng c\u1ee7a th\u01b0\u1eddng tr\u00fa nh\u00e2n Nh\u1eadt B\u1ea3n:<br \/>\n\u2022 Th\u01b0 c\u1ee7a v\u1ee3\/ch\u1ed3ng b\u1ea1n, k\u1ec3 chi ti\u1ebft v\u1ec1 m\u1ed1i quan h\u1ec7 c\u1ee7a b\u1ea1n<br \/>\n\u2022 Gi\u1ea5y ch\u1ee9ng nh\u1eadn k\u1ebft h\u00f4n c\u1ee7a b\u1ea1n<br \/>\n&#8211; N\u1ebfu b\u1ea1n th\u1ea5t nghi\u1ec7p v\u00e0 ph\u1ee5 thu\u1ed9c v\u00e0o v\u1ee3\/ch\u1ed3ng c\u1ee7a m\u00ecnh:<br \/>\n\u2022 B\u1eb1ng ch\u1ee9ng v\u1ec1 vi\u1ec7c l\u00e0m c\u1ee7a v\u1ee3\/ch\u1ed3ng b\u1ea1n, nh\u01b0 \u0111\u00e3 gi\u1ea3i th\u00edch \u1edf tr\u00ean<br \/>\n\u2022 M\u1ed9t l\u00e1 th\u01b0 t\u1eeb v\u1ee3 \/ ch\u1ed3ng c\u1ee7a b\u1ea1n gi\u1ea3i th\u00edch r\u1eb1ng h\u1ecd h\u1ed7 tr\u1ee3 b\u1ea1n v\u1ec1 m\u1eb7t t\u00e0i ch\u00ednh<br \/>\n&#8211; N\u1ebfu b\u1ea1n c\u00f3 th\u00e0nh vi\u00ean gia \u0111\u00ecnh s\u1ed1ng \u1edf Nh\u1eadt B\u1ea3n c\u00f9ng v\u1edbi b\u1ea1n: Gi\u1ea5y ch\u1ee9ng nh\u1eadn c\u01b0 tr\u00fa cho m\u1ed7i ng\u01b0\u1eddi trong s\u1ed1 h\u1ecd.<br \/>\n&#8211; T\u00e0i li\u1ec7u t\u1eeb ng\u01b0\u1eddi b\u1ea3o l\u00e3nh c\u1ee7a b\u1ea1n:<br \/>\n&#8211; Th\u01b0 b\u1ea3o l\u00e3nh \u0111\u01b0\u1ee3c \u0111i\u1ec1n \u0111\u1ea7y \u0111\u1ee7 v\u00e0 c\u00f3 ch\u1eef k\u00fd<br \/>\n&#8211; Gi\u1ea5y ch\u1ee9ng nh\u1eadn c\u01b0 tr\u00fa c\u1ee7a h\u1ecd \u0111\u01b0\u1ee3c c\u1ea5p trong v\u00f2ng ba th\u00e1ng qua<br \/>\n&#8211; Gi\u1ea5y ch\u1ee9ng nh\u1eadn thu\u1ebf c\u01b0 tr\u00fa c\u1ee7a h\u1ecd<br \/>\n&#8211; B\u1eb1ng ch\u1ee9ng v\u1ec1 vi\u1ec7c l\u00e0m<br \/>\nL\u01b0u \u00fd: T\u1ea5t c\u1ea3 c\u00e1c t\u00e0i li\u1ec7u b\u1ea1n g\u1eedi ph\u1ea3i b\u1eb1ng ti\u1ebfng Nh\u1eadt ho\u1eb7c k\u00e8m theo b\u1ea3n d\u1ecbch ti\u1ebfng Nh\u1eadt.<br \/>\n<strong>4. L\u00e0m th\u1ebf n\u00e0o \u0111\u1ec3 n\u1ed9p \u0111\u01a1n xin th\u01b0\u1eddng tr\u00fa t\u1ea1i Nh\u1eadt B\u1ea3n?<\/strong><br \/>\nB\u1ea1n ph\u1ea3i n\u1ed9p \u0111\u01a1n xin Th\u01b0\u1eddng tr\u00fa t\u1ea1i Nh\u1eadt B\u1ea3n tr\u01b0\u1edbc khi t\u00ecnh tr\u1ea1ng c\u01b0 tr\u00fa hi\u1ec7n t\u1ea1i (visa) c\u1ee7a b\u1ea1n h\u1ebft h\u1ea1n.<br \/>\n<em>1.<\/em> B\u1ea1n ph\u1ea3i thu th\u1eadp c\u00e1c t\u00e0i li\u1ec7u c\u1ea7n thi\u1ebft cho \u0111\u01a1n \u0111\u0103ng k\u00fd Th\u01b0\u1eddng tr\u00fa t\u1ea1i Nh\u1eadt B\u1ea3n (b\u00ean d\u01b0\u1edbi)<br \/>\n<em>2.<\/em> G\u1eedi ch\u00fang \u0111\u1ebfn C\u1ee5c qu\u1ea3n l\u00fd xu\u1ea5t nh\u1eadp c\u1ea3nh \u0111\u1ecba ph\u01b0\u01a1ng (c\u01a1 quan ch\u1ecbu tr\u00e1ch nhi\u1ec7m v\u1ec1 khu v\u1ef1c Nh\u1eadt B\u1ea3n n\u01a1i b\u1ea1n s\u1ed1ng v\u00e0 l\u00e0m vi\u1ec7c). B\u1ea1n c\u00f3 th\u1ec3 t\u1ef1 m\u00ecnh g\u1eedi t\u00e0i li\u1ec7u ho\u1eb7c \u1ee7y quy\u1ec1n cho nh\u00e0 t\u00e0i tr\u1ee3 ho\u1eb7c ng\u01b0\u1eddi \u0111\u1ea1i di\u1ec7n h\u1ee3p ph\u00e1p c\u1ee7a b\u1ea1n g\u1eedi ch\u00fang thay m\u1eb7t b\u1ea1n. B\u1ea1n c\u00f3 th\u1ec3 t\u00ecm th\u1ea5y danh s\u00e1ch c\u00e1c \u0111\u1ecba \u0111i\u1ec3m c\u1ee7a V\u0103n ph\u00f2ng Nh\u1eadp c\u01b0 Nh\u1eadt B\u1ea3n tr\u00ean trang web c\u1ee7a C\u01a1 quan D\u1ecbch v\u1ee5 Nh\u1eadp c\u01b0 Nh\u1eadt B\u1ea3n.<br \/>\n<em>3.<\/em> \u0110\u1ee3i \u1ee9ng d\u1ee5ng \u0111\u01b0\u1ee3c x\u1eed l\u00fd.<br \/>\n<em>4.<\/em> N\u1ebfu \u0111\u01a1n \u0111\u0103ng k\u00fd c\u1ee7a b\u1ea1n \u0111\u01b0\u1ee3c ch\u1ea5p thu\u1eadn, h\u00e3y \u0111\u1ebfn v\u0103n ph\u00f2ng \u0111\u00f4 th\u1ecb \u0111\u1ecba ph\u01b0\u01a1ng (c\u00f2n \u0111\u01b0\u1ee3c g\u1ecdi l\u00e0 V\u0103n ph\u00f2ng ph\u01b0\u1eddng) \u0111\u1ec3 \u0111\u1ed5i Th\u1ebb c\u01b0 tr\u00fa hi\u1ec7n t\u1ea1i c\u1ee7a b\u1ea1n l\u1ea5y th\u1ebb ghi t\u00ean b\u1ea1n l\u00e0 Th\u01b0\u1eddng tr\u00fa nh\u00e2n.<br \/>\n<strong>5. Qu\u00e1 tr\u00ecnh n\u1ed9p \u0111\u01a1n xin th\u01b0\u1eddng tr\u00fa t\u1ea1i Nh\u1eadt B\u1ea3n m\u1ea5t bao l\u00e2u?<\/strong><br \/>\nM\u1ea5t kho\u1ea3ng s\u00e1u th\u00e1ng \u0111\u1ec3 C\u01a1 quan qu\u1ea3n l\u00fd xu\u1ea5t nh\u1eadp c\u1ea3nh t\u1ea1i C\u1ee5c qu\u1ea3n l\u00fd xu\u1ea5t nh\u1eadp c\u1ea3nh \u0111\u1ecba ph\u01b0\u01a1ng c\u1ee7a b\u1ea1n x\u1eed l\u00fd \u0111\u01a1n xin th\u01b0\u1eddng tr\u00fa t\u1ea1i Nh\u1eadt B\u1ea3n c\u1ee7a b\u1ea1n.<br \/>\nTuy nhi\u00ean, trong m\u1ed9t s\u1ed1 tr\u01b0\u1eddng h\u1ee3p, c\u00f3 th\u1ec3 m\u1ea5t nhi\u1ec1u th\u1eddi gian h\u01a1n, t\u00f9y thu\u1ed9c v\u00e0o t\u00ecnh h\u00ecnh c\u1ee5 th\u1ec3. Nh\u01b0 v\u1eady, n\u1ebfu th\u1ecb th\u1ef1c hi\u1ec7n t\u1ea1i c\u1ee7a b\u1ea1n s\u1eafp h\u1ebft h\u1ea1n trong khi \u0111\u01a1n \u0111\u0103ng k\u00fd c\u1ee7a b\u1ea1n v\u1eabn \u0111ang \u0111\u01b0\u1ee3c x\u1eed l\u00fd, b\u1ea1n v\u1eabn ph\u1ea3i xin Gia h\u1ea1n Visa Nh\u1eadt B\u1ea3n.<\/p>\n[\/vc_column_text][\/vc_column][\/vc_row]\n<\/div>","protected":false},"excerpt":{"rendered":"<p>[vc_row css=&#8221;.vc_custom_1748317235601{margin-top: -30px !important;}&#8221;][vc_column][\/vc_column][\/vc_row][vc_row][vc_column][vc_column_text css=&#8221;&#8221;] Nh\u1eefng ng\u01b0\u1eddi n\u01b0\u1edbc ngo\u00e0i \u0111\u00e3 s\u1ed1ng \u1edf Nh\u1eadt B\u1ea3n trong m\u1ed9t th\u1eddi gian d\u00e0i s\u1ebd \u0111\u1ee7 \u0111i\u1ec1u ki\u1ec7n tr\u1edf th\u00e0nh Th\u01b0\u1eddng tr\u00fa nh\u00e2n t\u1ea1i Nh\u1eadt B\u1ea3n. \u0110i\u1ec1u n\u00e0y c\u00f3 l\u1ee3i cho nh\u1eefng ai mu\u1ed1n coi Nh\u1eadt B\u1ea3n l\u00e0 qu\u00ea h\u01b0\u01a1ng l\u00e2u d\u00e0i ho\u1eb7c l\u00e2u d\u00e0i v\u00ec n\u00f3 gi\u00fap gi\u1ea3m b\u1edbt [&hellip;]<\/p>\n","protected":false},"author":4,"featured_media":0,"parent":0,"menu_order":0,"comment_status":"closed","ping_status":"closed","template":"","meta":{"footnotes":""},"class_list":["post-9297","page","type-page","status-publish","hentry"],"_links":{"self":[{"href":"https:\/\/immico.vn\/vi\/wp-json\/wp\/v2\/pages\/9297","targetHints":{"allow":["GET"]}}],"collection":[{"href":"https:\/\/immico.vn\/vi\/wp-json\/wp\/v2\/pages"}],"about":[{"href":"https:\/\/immico.vn\/vi\/wp-json\/wp\/v2\/types\/page"}],"author":[{"embeddable":true,"href":"https:\/\/immico.vn\/vi\/wp-json\/wp\/v2\/users\/4"}],"replies":[{"embeddable":true,"href":"https:\/\/immico.vn\/vi\/wp-json\/wp\/v2\/comments?post=9297"}],"version-history":[{"count":5,"href":"https:\/\/immico.vn\/vi\/wp-json\/wp\/v2\/pages\/9297\/revisions"}],"predecessor-version":[{"id":10549,"href":"https:\/\/immico.vn\/vi\/wp-json\/wp\/v2\/pages\/9297\/revisions\/10549"}],"wp:attachment":[{"href":"https:\/\/immico.vn\/vi\/wp-json\/wp\/v2\/media?parent=9297"}],"curies":[{"name":"wp","href":"https:\/\/api.w.org\/{rel}","templated":true}]}}