{"id":9299,"date":"2023-12-25T04:46:01","date_gmt":"2023-12-25T04:46:01","guid":{"rendered":"https:\/\/immico.vn\/?page_id=9299\/"},"modified":"2025-05-27T04:17:32","modified_gmt":"2025-05-27T04:17:32","slug":"dinh-cu-malaysia","status":"publish","type":"page","link":"https:\/\/immico.vn\/vi\/dinh-cu-malaysia\/","title":{"rendered":"\u0110\u1ecbnh c\u01b0 Malaysia"},"content":{"rendered":"<div class=\"wpb-content-wrapper\">[vc_row css=&#8221;.vc_custom_1748319440969{margin-top: -30px !important;}&#8221;][vc_column]<div class=\"shortcode-wrapper shortcode-title clearfix hb-animate-element hb-fade-in\"><p style=\"color:#9a4c3c!important;border-color:#9a4c3c\" class=\"hb-text-large aligncenter\">\u0110\u1ecbnh c\u01b0 Malaysia<\/p><\/div>[\/vc_column][\/vc_row][vc_row][vc_column][vc_column_text css=&#8221;&#8221;]\n<p style=\"text-align: justify;\">N\u1ebfu b\u1ea1n \u0111ang mu\u1ed1n chuy\u1ec3n \u0111\u1ebfn m\u1ed9t n\u01a1i c\u00f3 l\u1ed1i s\u1ed1ng sang tr\u1ecdng v\u1edbi chi ph\u00ed th\u1ea5p, Malaysia s\u1ebd l\u00e0 n\u01a1i ho\u00e0n h\u1ea3o cho \u0111i\u1ec1u \u0111\u00f3.\u00a0Chi ph\u00ed sinh ho\u1ea1t th\u1ea5p v\u00e0 s\u1ef1 sang tr\u1ecdng l\u00e0 hai trong s\u1ed1 nh\u1eefng y\u1ebfu t\u1ed1 ch\u00ednh thu h\u00fat ng\u01b0\u1eddi n\u01b0\u1edbc ngo\u00e0i chuy\u1ec3n \u0111\u1ebfn Malaysia.\u00a0\u0110\u1ea5t n\u01b0\u1edbc n\u00e0y c\u0169ng ti\u1ebfp t\u1ee5c c\u1ea3i thi\u1ec7n s\u1ee9c h\u1ea5p d\u1eabn to\u00e0n c\u1ea7u c\u1ee7a m\u00ecnh \u0111\u1ed1i v\u1edbi ng\u01b0\u1eddi t\u00ecm vi\u1ec7c, do \u0111\u00f3 s\u1ed1 l\u01b0\u1ee3ng ng\u01b0\u1eddi n\u01b0\u1edbc ngo\u00e0i chuy\u1ec3n \u0111\u1ebfn Malaysia \u0111\u1ec3 ph\u00e1t tri\u1ec3n ngh\u1ec1 nghi\u1ec7p ng\u00e0y c\u00e0ng t\u0103ng.<\/p>\n<p style=\"text-align: justify;\">Malaysia x\u1ebfp tr\u00ean c\u00e1c n\u01b0\u1edbc l\u00e1ng gi\u1ec1ng trong nhi\u1ec1u l\u0129nh v\u1ef1c cu\u1ed9c s\u1ed1ng, bao g\u1ed3m c\u1ea3 ch\u1ea5t l\u01b0\u1ee3ng cu\u1ed9c s\u1ed1ng khi\u1ebfn n\u01b0\u1edbc n\u00e0y tr\u1edf th\u00e0nh m\u1ed9t trong nh\u1eefng qu\u1ed1c gia t\u1ed1t nh\u1ea5t \u0111\u1ec3 chuy\u1ec3n \u0111\u1ebfn \u1edf \u0110\u00f4ng Nam \u00c1.<\/p>\n<p style=\"text-align: justify;\"><strong>1. T\u00f4i c\u00f3 c\u1ea7n xin th\u1ecb th\u1ef1c \u0111\u1ec3 chuy\u1ec3n \u0111\u1ebfn Malaysia kh\u00f4ng?<\/strong><\/p>\n<p style=\"text-align: justify;\">N\u1ebfu b\u1ea1n d\u1ef1 \u0111\u1ecbnh l\u01b0u tr\u00fa t\u1ea1i Malaysia trong th\u1eddi gian d\u00e0i h\u01a1n 90 ng\u00e0y (ba th\u00e1ng), b\u1ea1n c\u1ea7n ph\u1ea3i xin th\u1ecb th\u1ef1c d\u00e0i h\u1ea1n.\u00a0N\u1ebfu kh\u00f4ng, b\u1ea1n s\u1ebd kh\u00f4ng \u0111\u01b0\u1ee3c ph\u00e9p \u1edf l\u1ea1i Malaysia.<\/p>\n<p style=\"text-align: justify;\">Malaysia cung c\u1ea5p c\u00e1c lo\u1ea1i th\u1ecb th\u1ef1c kh\u00e1c nhau m\u00e0 b\u1ea1n ph\u1ea3i n\u1ed9p \u0111\u01a1n, t\u00f9y thu\u1ed9c v\u00e0o l\u00fd do b\u1ea1n mu\u1ed1n chuy\u1ec3n \u0111\u1ebfn \u0111\u00f3 (v\u00ed d\u1ee5: l\u00e0m vi\u1ec7c, h\u1ecdc t\u1eadp, \u0111o\u00e0n t\u1ee5 gia \u0111\u00ecnh, v.v.).<\/p>\n<p style=\"text-align: justify;\"><strong>2. L\u00e0m th\u1ebf n\u00e0o t\u00f4i c\u00f3 th\u1ec3 di chuy\u1ec3n \u0111\u1ebfn Malaysia?<\/strong><\/p>\n<p style=\"text-align: justify;\">C\u00f3 nhi\u1ec1u c\u00e1ch \u0111\u1ec3 b\u1ea1n c\u00f3 th\u1ec3 di chuy\u1ec3n \u0111\u1ebfn Malaysia.\u00a0V\u00ed d\u1ee5: b\u1ea1n c\u00f3 th\u1ec3 chuy\u1ec3n \u0111\u1ebfn \u0111\u00f3 \u0111\u1ec3 l\u00e0m vi\u1ec7c, tham gia c\u00f9ng th\u00e0nh vi\u00ean gia \u0111\u00ecnh ho\u1eb7c h\u1ecdc t\u1eadp.\u00a0V\u00ec v\u1eady, b\u1ea1n s\u1ebd c\u1ea7n ph\u1ea3i xin th\u1ecb th\u1ef1c Malaysia k\u00e8m theo gi\u1ea5y gi\u1edbi thi\u1ec7u do C\u1ee5c qu\u1ea3n l\u00fd xu\u1ea5t nh\u1eadp c\u1ea3nh Malaysia c\u1ea5p ph\u00e9p.<\/p>\n<p style=\"text-align: justify;\"><em>*\u0110\u00f4i khi, thu\u1eadt ng\u1eef th\u1ecb th\u1ef1c Malaysia v\u00e0 gi\u1ea5y th\u00f4ng h\u00e0nh Malaysia \u0111\u01b0\u1ee3c s\u1eed d\u1ee5ng thay th\u1ebf cho nhau.<\/em><\/p>\n<p style=\"text-align: justify;\"><strong>Chuy\u1ec3n \u0111\u1ebfn Malaysia \u0111\u1ec3 l\u00e0m vi\u1ec7c<\/strong><\/p>\n<p style=\"text-align: justify;\">N\u1ebfu b\u1ea1n mu\u1ed1n chuy\u1ec3n \u0111\u1ebfn Malaysia \u0111\u1ec3 l\u00e0m vi\u1ec7c, b\u1ea1n c\u1ea7n ph\u1ea3i n\u1ed9p \u0111\u01a1n xin v\u00e0 xin\u00a0th\u1ecb th\u1ef1c lao \u0111\u1ed9ng<strong> (gi\u1ea5y ph\u00e9p lao \u0111\u1ed9ng)<\/strong>.\u00a0Malaysia c\u1ea5p c\u00e1c lo\u1ea1i gi\u1ea5y ph\u00e9p lao \u0111\u1ed9ng kh\u00e1c nhau m\u00e0 b\u1ea1n c\u00f3 th\u1ec3 n\u1ed9p \u0111\u01a1n t\u00f9y thu\u1ed9c v\u00e0o lo\u1ea1i gi\u1ea5y ph\u00e9p lao \u0111\u1ed9ng m\u00e0 b\u1ea1n \u0111\u1ee7 \u0111i\u1ec1u ki\u1ec7n, ch\u1eb3ng h\u1ea1n nh\u01b0:<\/p>\n<p style=\"text-align: justify;\"><strong>&#8211; Th\u1ebb vi\u1ec7c l\u00e0m.<\/strong><\/p>\n<p style=\"text-align: justify;\"><strong>&#8211; Th\u1ebb l\u00e0m vi\u1ec7c t\u1ea1m th\u1eddi.<\/strong><\/p>\n<p style=\"text-align: justify;\"><strong>&#8211; Th\u1ebb tham quan chuy\u00ean nghi\u1ec7p.<\/strong><\/p>\n<p style=\"text-align: justify;\">N\u1ebfu b\u1ea1n c\u00f3 gi\u1ea5y ph\u00e9p lao \u0111\u1ed9ng, b\u1ea1n c\u00f3 th\u1ec3 \u0111\u01b0a c\u00e1c th\u00e0nh vi\u00ean gia \u0111\u00ecnh (v\u1ee3\/ch\u1ed3ng, con d\u01b0\u1edbi 21 tu\u1ed5i) \u0111\u1ebfn Malaysia c\u00f9ng b\u1ea1n.\u00a0Nh\u1eefng ng\u01b0\u1eddi c\u00f3 c\u00e1c lo\u1ea1i gi\u1ea5y ph\u00e9p lao \u0111\u1ed9ng kh\u00e1c kh\u00f4ng \u0111\u01b0\u1ee3c ph\u00e9p mang ng\u01b0\u1eddi ph\u1ee5 thu\u1ed9c c\u1ee7a h\u1ecd \u0111\u1ebfn Malaysia.<\/p>\n<p style=\"text-align: justify;\"><strong>Chuy\u1ec3n \u0111\u1ebfn Malaysia \u0111\u1ec3 \u0111o\u00e0n t\u1ee5 gia \u0111\u00ecnh<\/strong><\/p>\n<p style=\"text-align: justify;\">N\u1ebfu b\u1ea1n \u0111ang \u1edf Malaysia, l\u00e0m vi\u1ec7c ho\u1eb7c h\u1ecdc t\u1eadp v\u00e0 mu\u1ed1n \u0111\u01b0a c\u00e1c th\u00e0nh vi\u00ean trong gia \u0111\u00ecnh \u0111\u1ebfn Malaysia, b\u1ea1n c\u1ea7n ph\u1ea3i \u0111\u0103ng k\u00fd th\u1ebb ph\u1ee5 thu\u1ed9c.<\/p>\n<p style=\"text-align: justify;\">V\u1edbi lo\u1ea1i th\u1ecb th\u1ef1c n\u00e0y, b\u1ea1n c\u00f3 th\u1ec3 mang theo c\u00e1c th\u00e0nh vi\u00ean gia \u0111\u00ecnh sau:<\/p>\n<p style=\"text-align: justify;\">&#8211; V\u1ee3\/ch\u1ed3ng c\u1ee7a b\u1ea1n.<\/p>\n<p style=\"text-align: justify;\">&#8211; Tr\u1ebb em d\u01b0\u1edbi 21 tu\u1ed5i.<\/p>\n<p style=\"text-align: justify;\">&#8211; Con c\u00e1i ph\u1ee5 thu\u1ed9c.<\/p>\n<p style=\"text-align: justify;\">Khi c\u00e1c th\u00e0nh vi\u00ean trong gia \u0111\u00ecnh b\u1ea1n \u0111\u1ebfn Malaysia, h\u1ecd ph\u1ea3i n\u1ed9p h\u1ed9 chi\u1ebfu cho C\u1ee5c qu\u1ea3n l\u00fd xu\u1ea5t nh\u1eadp c\u1ea3nh Malaysia \u0111\u1ec3 nh\u1eadn nh\u00e3n d\u00e1n Th\u1ebb ph\u1ee5 thu\u1ed9c Malaysia.\u00a0H\u1ecd s\u1ebd \u0111\u01b0\u1ee3c ph\u00e9p \u1edf l\u1ea1i Malaysia trong c\u00f9ng kho\u1ea3ng th\u1eddi gian v\u1edbi visa Malaysia c\u1ee7a b\u1ea1n nh\u01b0ng kh\u00f4ng th\u1ec3 l\u00e0m vi\u1ec7c trong th\u1eddi gian n\u00e0y.<\/p>\n<p style=\"text-align: justify;\"><strong>Chuy\u1ec3n \u0111\u1ebfn Malaysia du h\u1ecdc<\/strong><\/p>\n<p style=\"text-align: justify;\">N\u1ebfu quy\u1ebft \u0111\u1ecbnh chuy\u1ec3n \u0111\u1ebfn Malaysia \u0111\u1ec3 theo \u0111u\u1ed5i vi\u1ec7c h\u1ecdc, b\u1ea1n c\u1ea7n n\u1ed9p \u0111\u01a1n\u00a0xin th\u1ecb th\u1ef1c du h\u1ecdc Malaysia<strong>\u00a0(Th\u01b0 ch\u1ea5p thu\u1eadn)<\/strong>\u00a0t\u1ea1i C\u1ee5c qu\u1ea3n l\u00fd xu\u1ea5t nh\u1eadp c\u1ea3nh.\u00a0Tuy nhi\u00ean, tr\u01b0\u1edbc khi b\u1eaft \u0111\u1ea7u qu\u00e1 tr\u00ecnh \u0111\u0103ng k\u00fd, b\u1ea1n ph\u1ea3i \u0111\u01b0\u1ee3c m\u1ed9t t\u1ed5 ch\u1ee9c gi\u00e1o d\u1ee5c Malaysia ch\u1ea5p nh\u1eadn.<\/p>\n<p style=\"text-align: justify;\">Sau khi nh\u1eadn \u0111\u01b0\u1ee3c th\u01b0 ch\u1ea5p thu\u1eadn, b\u1ea1n c\u00f3 th\u1ec3 ph\u1ea3i n\u1ed9p \u0111\u01a1n xin th\u1ecb th\u1ef1c nh\u1eadp c\u1ea3nh, t\u00f9y thu\u1ed9c v\u00e0o qu\u1ed1c gia n\u01a1i b\u1ea1n c\u01b0 tr\u00fa.<\/p>\n<p style=\"text-align: justify;\">Khi \u0111\u1ebfn Malaysia, b\u1ea1n c\u00f3 th\u1ec3 \u0111\u0103ng k\u00fd t\u1ea1i c\u01a1 s\u1edf gi\u00e1o d\u1ee5c c\u1ee7a m\u00ecnh v\u00e0 nh\u1eadn th\u1ebb sinh vi\u00ean Malaysia v\u00e0 i-Kad.<\/p>\n<p style=\"text-align: justify;\"><strong>Chuy\u1ec3n \u0111\u1ebfn Malaysia \u0111\u1ec3 ngh\u1ec9 h\u01b0u<\/strong><\/p>\n<p style=\"text-align: justify;\">Malaysia c\u1ea5p\u00a0th\u1ecb th\u1ef1c ngh\u1ec9 h\u01b0u\u00a0cho b\u1ea5t k\u1ef3 ai mu\u1ed1n chuy\u1ec3n \u0111\u1ebfn Malaysia \u0111\u1ec3 ngh\u1ec9 h\u01b0u.\u00a0N\u1ebfu b\u1ea1n c\u00f3 \u0111\u1ee7 ngu\u1ed3n t\u00e0i ch\u00ednh v\u00e0 \u0111\u00e1p \u1ee9ng c\u00e1c \u0111i\u1ec1u ki\u1ec7n ngh\u1ec9 h\u01b0u \u1edf Malaysia, b\u1ea1n c\u00f3 th\u1ec3 \u0111\u0103ng k\u00fd ch\u01b0\u01a1ng tr\u00ecnh Ng\u00f4i nh\u00e0 th\u1ee9 hai c\u1ee7a t\u00f4i (MM2H) c\u1ee7a Malaysia, \u0111\u00e2y l\u00e0 m\u1ed9t ch\u01b0\u01a1ng tr\u00ecnh h\u01b0u tr\u00ed.<\/p>\n<p style=\"text-align: justify;\">Sau khi th\u1ecb th\u1ef1c ngh\u1ec9 h\u01b0u c\u1ee7a b\u1ea1n \u0111\u01b0\u1ee3c ch\u1ea5p thu\u1eadn, b\u1ea1n c\u00f3 th\u1ec3 \u0111\u1ebfn Malaysia v\u00e0 tr\u1ef1c ti\u1ebfp nh\u1eadn Th\u01b0 ch\u1ea5p thu\u1eadn c\u00f3 \u0111i\u1ec1u ki\u1ec7n.<\/p>\n<p style=\"text-align: justify;\">V\u1edbi th\u1ecb th\u1ef1c h\u01b0u tr\u00ed, b\u1ea1n c\u00f3 th\u1ec3 \u0111\u01b0a v\u1ee3\/ch\u1ed3ng v\u00e0 con c\u00e1i d\u01b0\u1edbi 21 tu\u1ed5i \u0111\u1ebfn Malaysia c\u00f9ng m\u00ecnh.\u00a0Lo\u1ea1i th\u1ecb th\u1ef1c n\u00e0y mang l\u1ea1i nhi\u1ec1u l\u1ee3i \u00edch to l\u1edbn v\u00e0 c\u00f3 th\u1eddi h\u1ea1n 10 n\u0103m, c\u00f3 th\u1ec3 \u0111\u01b0\u1ee3c gia h\u1ea1n.\u00a0B\u1ea1n c\u0169ng \u0111\u01b0\u1ee3c ph\u00e9p l\u00e0m vi\u1ec7c t\u1edbi 20 gi\u1edd m\u1ed7i tu\u1ea7n.<\/p>\n<p style=\"text-align: justify;\"><strong>3. L\u00e0m th\u1ebf n\u00e0o t\u00f4i c\u00f3 th\u1ec3 tr\u1edf th\u00e0nh th\u01b0\u1eddng tr\u00fa nh\u00e2n c\u1ee7a Malaysia?<\/strong><\/p>\n<p style=\"text-align: justify;\">\u0110\u1ec3 \u0111\u1ee7 \u0111i\u1ec1u ki\u1ec7n tr\u1edf th\u00e0nh th\u01b0\u1eddng tr\u00fa t\u1ea1i Malaysia, b\u1ea1n ph\u1ea3i \u0111\u00e1p \u1ee9ng m\u1ed9t s\u1ed1 y\u00eau c\u1ea7u, ch\u1eb3ng h\u1ea1n nh\u01b0 b\u1ea1n ph\u1ea3i c\u01b0 tr\u00fa \u1edf n\u01b0\u1edbc n\u00e0y \u00edt nh\u1ea5t 10 n\u0103m, b\u1ea1n kh\u00f4ng c\u00f3 qu\u1ed1c t\u1ecbch kh\u00e1c v\u00e0 b\u1ea1n th\u00e0nh th\u1ea1o ti\u1ebfng M\u00e3 Lai.<\/p>\n<p style=\"text-align: justify;\"><strong>4. Malaysia c\u00f3 cho ph\u00e9p song t\u1ecbch kh\u00f4ng?<\/strong><\/p>\n<p style=\"text-align: justify;\">Malaysia thu\u1ed9c nh\u00f3m c\u00e1c qu\u1ed1c gia\u00a0<strong>kh\u00f4ng cho ph\u00e9p c\u00f3 hai qu\u1ed1c t\u1ecbch<\/strong>.\u00a0Theo ch\u00ednh ph\u1ee7 Malaysia, m\u1ed9t c\u00f4ng d\u00e2n kh\u00f4ng th\u1ec3 c\u00f3 hai qu\u1ed1c t\u1ecbch n\u1ebfu h\u1ecd mu\u1ed1n s\u1ed1ng \u1edf Malaysia.\u00a0V\u00ec v\u1eady, n\u1ebfu mu\u1ed1n tr\u1edf th\u00e0nh c\u00f4ng d\u00e2n Malaysia, b\u1ea1n c\u1ea7n ph\u1ea3i t\u1eeb b\u1ecf qu\u1ed1c t\u1ecbch hi\u1ec7n t\u1ea1i c\u1ee7a m\u00ecnh.<\/p>\n[\/vc_column_text][\/vc_column][\/vc_row]\n<\/div>","protected":false},"excerpt":{"rendered":"<p>[vc_row css=&#8221;.vc_custom_1748319440969{margin-top: -30px !important;}&#8221;][vc_column][\/vc_column][\/vc_row][vc_row][vc_column][vc_column_text css=&#8221;&#8221;] N\u1ebfu b\u1ea1n \u0111ang mu\u1ed1n chuy\u1ec3n \u0111\u1ebfn m\u1ed9t n\u01a1i c\u00f3 l\u1ed1i s\u1ed1ng sang tr\u1ecdng v\u1edbi chi ph\u00ed th\u1ea5p, Malaysia s\u1ebd l\u00e0 n\u01a1i ho\u00e0n h\u1ea3o cho \u0111i\u1ec1u \u0111\u00f3.\u00a0Chi ph\u00ed sinh ho\u1ea1t th\u1ea5p v\u00e0 s\u1ef1 sang tr\u1ecdng l\u00e0 hai trong s\u1ed1 nh\u1eefng y\u1ebfu t\u1ed1 ch\u00ednh thu h\u00fat ng\u01b0\u1eddi n\u01b0\u1edbc ngo\u00e0i chuy\u1ec3n \u0111\u1ebfn Malaysia.\u00a0\u0110\u1ea5t [&hellip;]<\/p>\n","protected":false},"author":4,"featured_media":0,"parent":0,"menu_order":0,"comment_status":"closed","ping_status":"closed","template":"","meta":{"footnotes":""},"class_list":["post-9299","page","type-page","status-publish","hentry"],"_links":{"self":[{"href":"https:\/\/immico.vn\/vi\/wp-json\/wp\/v2\/pages\/9299","targetHints":{"allow":["GET"]}}],"collection":[{"href":"https:\/\/immico.vn\/vi\/wp-json\/wp\/v2\/pages"}],"about":[{"href":"https:\/\/immico.vn\/vi\/wp-json\/wp\/v2\/types\/page"}],"author":[{"embeddable":true,"href":"https:\/\/immico.vn\/vi\/wp-json\/wp\/v2\/users\/4"}],"replies":[{"embeddable":true,"href":"https:\/\/immico.vn\/vi\/wp-json\/wp\/v2\/comments?post=9299"}],"version-history":[{"count":5,"href":"https:\/\/immico.vn\/vi\/wp-json\/wp\/v2\/pages\/9299\/revisions"}],"predecessor-version":[{"id":10582,"href":"https:\/\/immico.vn\/vi\/wp-json\/wp\/v2\/pages\/9299\/revisions\/10582"}],"wp:attachment":[{"href":"https:\/\/immico.vn\/vi\/wp-json\/wp\/v2\/media?parent=9299"}],"curies":[{"name":"wp","href":"https:\/\/api.w.org\/{rel}","templated":true}]}}