{"id":9301,"date":"2023-12-25T04:46:43","date_gmt":"2023-12-25T04:46:43","guid":{"rendered":"https:\/\/immico.vn\/?page_id=9301\/"},"modified":"2025-05-27T04:56:02","modified_gmt":"2025-05-27T04:56:02","slug":"dinh-cu-bo-dao-nha-portugal","status":"publish","type":"page","link":"https:\/\/immico.vn\/vi\/dinh-cu-bo-dao-nha-portugal\/","title":{"rendered":"\u0110\u1ecbnh c\u01b0 B\u1ed3 \u0110\u00e0o Nha (Portugal)"},"content":{"rendered":"<div class=\"wpb-content-wrapper\">[vc_row css=&#8221;.vc_custom_1748318765649{margin-top: -30px !important;}&#8221;][vc_column]<div class=\"shortcode-wrapper shortcode-title clearfix hb-animate-element hb-fade-in\"><p style=\"color:#9a4c3c!important;border-color:#9a4c3c\" class=\"hb-text-large aligncenter\">\u0110\u1ecbnh c\u01b0 B\u1ed3 \u0110\u00e0o Nha (Portugal)<\/p><\/div>[\/vc_column][\/vc_row][vc_row][vc_column][vc_column_text css=&#8221;&#8221;]\n<p style=\"text-align: justify;\">Nhi\u1ec1u \u0111i\u1ec1u th\u00fa v\u1ecb c\u1ee7a Ch\u00e2u \u00c2u \u0111ang ch\u1edd \u0111\u00f3n b\u1ea1n \u1edf B\u1ed3 \u0110\u00e0o Nha, t\u1eeb nh\u1eefng b\u00e3i bi\u1ec3n \u0111\u1eb9p nh\u01b0 tranh v\u1ebd \u0111\u1ebfn nh\u1eefng th\u00e0nh ph\u1ed1 s\u00f4i \u0111\u1ed9ng v\u00e0 phong c\u1ea3nh ngo\u1ea1n m\u1ee5c. N\u00f3 c\u0169ng c\u00f3 m\u1ed9t trong nh\u1eefng chi ph\u00ed sinh ho\u1ea1t th\u1ea5p nh\u1ea5t \u1edf ch\u00e2u \u00c2u, khi\u1ebfn n\u00f3 tr\u1edf th\u00e0nh \u0111i\u1ec3m \u0111\u1ebfn ph\u1ed5 bi\u1ebfn cho ng\u01b0\u1eddi n\u01b0\u1edbc ngo\u00e0i.<br \/>\nNgo\u00e0i ra, b\u1ea1n c\u00f3 th\u1ec3 \u0111\u01b0\u1ee3c h\u01b0\u1edfng d\u1ecbch v\u1ee5 ch\u0103m s\u00f3c s\u1ee9c kh\u1ecfe mi\u1ec5n ph\u00ed v\u00e0 gi\u00e1o d\u1ee5c ch\u1ea5t l\u01b0\u1ee3ng, \u0111\u1ed3ng th\u1eddi b\u1ea1n s\u1ebd \u0111\u01b0\u1ee3c h\u01b0\u1edfng c\u00e1c quy\u1ec1n l\u1ee3i gi\u1ed1ng nh\u01b0 c\u00e1c c\u00f4ng d\u00e2n EU kh\u00e1c n\u1ebfu b\u1ea1n chuy\u1ec3n \u0111\u1ebfn \u0111\u00f3 l\u00e2u h\u01a1n.<br \/>\nB\u1ea1n c\u00f3 th\u1ec3 b\u1eaft \u0111\u1ea7u cu\u1ed9c s\u1ed1ng \u1edf B\u1ed3 \u0110\u00e0o Nha thu\u1eadn l\u1ee3i v\u1edbi h\u01b0\u1edbng d\u1eabn chuy\u1ec3n \u0111\u1ebfn B\u1ed3 \u0110\u00e0o Nha n\u00e0y.<br \/>\n<strong>1. Th\u00f4ng tin nhanh v\u1ec1 B\u1ed3 \u0110\u00e0o Nha<\/strong><br \/>\nM\u1ed9t s\u1ed1 th\u00f4ng tin nhanh v\u1ec1 B\u1ed3 \u0110\u00e0o Nha l\u00e0:<\/p>\n<table width=\"643\">\n<tbody>\n<tr>\n<td width=\"205\">T\u00ean ch\u00ednh th\u1ee9c<\/td>\n<td width=\"432\">C\u1ed9ng h\u00f2a B\u1ed3 \u0110\u00e0o Nha<\/td>\n<\/tr>\n<tr>\n<td width=\"205\">Th\u1ee7 \u0111\u00f4<\/td>\n<td width=\"432\">Lisbon<\/td>\n<\/tr>\n<tr>\n<td width=\"205\">H\u00ecnh th\u1ee9c ch\u00ednh ph\u1ee7<\/td>\n<td width=\"432\">C\u1ed9ng h\u00f2a, d\u00e2n ch\u1ee7 ngh\u1ecb vi\u1ec7n<\/td>\n<\/tr>\n<tr>\n<td width=\"205\">D\u00e2n s\u1ed1<\/td>\n<td width=\"432\">Kho\u1ea3ng 10 tri\u1ec7u<\/td>\n<\/tr>\n<tr>\n<td width=\"205\">Ng\u00f4n ng\u1eef ch\u00ednh th\u1ee9c<\/td>\n<td width=\"432\">Ti\u1ebfng B\u1ed3 \u0110\u00e0o Nha v\u00e0 ti\u1ebfng Miranda<\/td>\n<\/tr>\n<tr>\n<td width=\"205\">Ti\u1ec1n t\u1ec7<\/td>\n<td width=\"432\">Euro (\u20ac)<\/td>\n<\/tr>\n<tr>\n<td width=\"205\">Di\u1ec7n t\u00edch<\/td>\n<td width=\"432\">91.985 km2<\/td>\n<\/tr>\n<\/tbody>\n<\/table>\n<p style=\"text-align: justify;\"><strong>2. T\u00f4i c\u00f3 c\u1ea7n xin Visa \u0111\u1ec3 chuy\u1ec3n \u0111\u1ebfn B\u1ed3 \u0110\u00e0o Nha kh\u00f4ng?<\/strong><br \/>\nVi\u1ec7c b\u1ea1n c\u00f3 c\u1ea7n th\u1ecb th\u1ef1c B\u1ed3 \u0110\u00e0o Nha hay kh\u00f4ng t\u00f9y thu\u1ed9c v\u00e0o qu\u1ed1c gia c\u01b0 tr\u00fa c\u1ee7a b\u1ea1n nh\u01b0 \u0111\u01b0\u1ee3c gi\u1ea3i th\u00edch d\u01b0\u1edbi \u0111\u00e2y:<br \/>\n\u2022 L\u00e0 c\u00f4ng d\u00e2n EU\/EEA. L\u00e0 c\u00f4ng d\u00e2n c\u1ee7a c\u00e1c qu\u1ed1c gia EU\/EEA, b\u1ea1n kh\u00f4ng c\u1ea7n ph\u1ea3i xin th\u1ecb th\u1ef1c \u0111\u1ec3 nh\u1eadp c\u1ea3nh v\u00e0o qu\u1ed1c gia n\u00e0y. B\u1ea1n c\u00f3 th\u1ec3 di chuy\u1ec3n \u0111\u1ebfn \u0111\u00f3 ch\u1ec9 v\u1edbi h\u1ed9 chi\u1ebfu h\u1ee3p l\u1ec7 ho\u1eb7c gi\u1ea5y th\u00f4ng h\u00e0nh kh\u00e1c.<br \/>\n\u2022 L\u00e0 c\u00f4ng d\u00e2n kh\u00f4ng thu\u1ed9c EU\/EEA. L\u00e0 c\u00f4ng d\u00e2n c\u1ee7a khu v\u1ef1c kh\u00f4ng thu\u1ed9c EU\/EEA, b\u1ea1n ph\u1ea3i n\u1ed9p \u0111\u01a1n xin th\u1ecb th\u1ef1c B\u1ed3 \u0110\u00e0o Nha \u0111\u1ec3 chuy\u1ec3n \u0111\u1ebfn \u0111\u00f3 trong h\u01a1n ba th\u00e1ng.<br \/>\n<strong>3. Chuy\u1ec3n \u0111\u1ebfn B\u1ed3 \u0110\u00e0o Nha v\u1edbi t\u01b0 c\u00e1ch l\u00e0 C\u00f4ng d\u00e2n EU\/EEA<\/strong><br \/>\nB\u1ea1n kh\u00f4ng c\u1ea7n ph\u1ea3i xin th\u1ecb th\u1ef1c \u0111\u1ec3 chuy\u1ec3n \u0111\u1ebfn B\u1ed3 \u0110\u00e0o Nha v\u1edbi t\u01b0 c\u00e1ch l\u00e0 c\u00f4ng d\u00e2n t\u1eeb m\u1ed9t trong c\u00e1c qu\u1ed1c gia EU\/EEA. Tuy nhi\u00ean, b\u1ea1n ph\u1ea3i n\u1ed9p \u0111\u01a1n xin gi\u1ea5y ch\u1ee9ng nh\u1eadn \u0111\u0103ng k\u00fd \u0111\u1ec3 \u1edf l\u1ea1i l\u00e2u h\u01a1n ba th\u00e1ng. \u0110\u01a1n xin c\u1ea5p gi\u1ea5y ch\u1ee9ng nh\u1eadn \u0111\u01b0\u1ee3c th\u1ef1c hi\u1ec7n t\u1ea1i H\u1ed9i \u0111\u1ed3ng \u0111\u1ecba ph\u01b0\u01a1ng v\u00e0 b\u1ea1n ph\u1ea3i th\u1ef1c hi\u1ec7n vi\u1ec7c n\u00e0y trong v\u00f2ng 30 ng\u00e0y trong ba th\u00e1ng \u0111\u1ea7u ti\u00ean \u1edf B\u1ed3 \u0110\u00e0o Nha. Gi\u1ea5y ch\u1ee9ng nh\u1eadn \u0111\u0103ng k\u00fd c\u00f3 th\u1eddi h\u1ea1n 5 n\u0103m k\u1ec3 t\u1eeb ng\u00e0y c\u1ea5p.<br \/>\nNgo\u00e0i ra, b\u1ea1n c\u00f2n ph\u1ea3i tu\u00e2n th\u1ee7 \u00edt nh\u1ea5t m\u1ed9t trong c\u00e1c \u0111i\u1ec1u ki\u1ec7n sau:<br \/>\n&#8211; \u0110\u01b0\u1ee3c l\u00e0m vi\u1ec7c ho\u1eb7c t\u1ef1 kinh doanh \u1edf B\u1ed3 \u0110\u00e0o Nha.<br \/>\n&#8211; C\u00f3 \u0111\u1ee7 ngu\u1ed3n l\u1ef1c \u0111\u1ec3 h\u1ed7 tr\u1ee3 b\u1ea3n th\u00e2n v\u00e0 c\u00e1c th\u00e0nh vi\u00ean trong gia \u0111\u00ecnh.<br \/>\n&#8211; B\u1ea1n \u0111ang theo h\u1ecdc t\u1ea1i m\u1ed9t c\u01a1 s\u1edf gi\u00e1o d\u1ee5c t\u01b0 nh\u00e2n ho\u1eb7c c\u00f4ng c\u1ed9ng \u0111\u01b0\u1ee3c c\u00f4ng nh\u1eadn v\u00e0 c\u00f3 th\u1ec3 t\u1ef1 h\u1ed7 tr\u1ee3 t\u00e0i ch\u00ednh.<br \/>\n<strong>4. Chuy\u1ec3n \u0111\u1ebfn B\u1ed3 \u0110\u00e0o Nha v\u1edbi t\u01b0 c\u00e1ch l\u00e0 C\u00f4ng d\u00e2n ngo\u00e0i EU<\/strong><br \/>\nChuy\u1ec3n \u0111\u1ebfn B\u1ed3 \u0110\u00e0o Nha v\u1edbi t\u01b0 c\u00e1ch l\u00e0 c\u00f4ng d\u00e2n c\u1ee7a m\u1ed9t qu\u1ed1c gia ngo\u00e0i EU c\u00f3 ngh\u0129a l\u00e0 b\u1ea1n ph\u1ea3i xin th\u1ecb th\u1ef1c qu\u1ed1c gia (d\u00e0i h\u1ea1n). Nh\u1eefng th\u1ecb th\u1ef1c n\u00e0y th\u01b0\u1eddng c\u00f3 gi\u00e1 tr\u1ecb trong h\u01a1n m\u1ed9t n\u0103m v\u00e0 c\u00f3 th\u1ec3 c\u01b0 tr\u00fa t\u1ea1i B\u1ed3 \u0110\u00e0o Nha.<br \/>\nH\u01a1n n\u1eefa, \u0111\u1ec3 \u1edf l\u1ea1i h\u1ee3p ph\u00e1p l\u00e2u h\u01a1n ba th\u00e1ng t\u1ea1i \u0111\u1ea5t n\u01b0\u1edbc n\u00e0y, b\u1ea1n ph\u1ea3i n\u1ed9p \u0111\u01a1n xin gi\u1ea5y ph\u00e9p c\u01b0 tr\u00fa t\u1ea1i C\u01a1 quan Nh\u1eadp c\u01b0 v\u00e0 Bi\u00ean gi\u1edbi B\u1ed3 \u0110\u00e0o Nha (Servi\u00e7o de Estrangeiros e Fronteiras \u2013 SEF) v\u00e0 \u0111\u0103ng k\u00fd s\u1ed1 an sinh x\u00e3 h\u1ed9i c\u1ee7a b\u1ea1n t\u1ea1i v\u0103n ph\u00f2ng \u0111\u0103ng k\u00fd.<br \/>\nB\u1ea1n c\u00f3 th\u1ec3 di chuy\u1ec3n \u0111\u1ebfn B\u1ed3 \u0110\u00e0o Nha trong h\u01a1n ba th\u00e1ng b\u1eb1ng c\u00e1ch ch\u1ecdn m\u1ed9t trong c\u00e1c c\u00e1ch sau:<br \/>\n&#8211; L\u00e0m vi\u1ec7c.<br \/>\n&#8211; H\u1ecdc.<br \/>\n&#8211; \u0110\u1ec3 tham gia c\u00f9ng m\u1ed9t th\u00e0nh vi\u00ean trong gia \u0111\u00ecnh.<br \/>\n&#8211; Ngh\u1ec9 h\u01b0u.<br \/>\n<strong>Chuy\u1ec3n \u0111\u1ebfn B\u1ed3 \u0110\u00e0o Nha \u0111\u1ec3 l\u00e0m vi\u1ec7c<\/strong><br \/>\n\u0110\u1ec3 chuy\u1ec3n \u0111\u1ebfn B\u1ed3 \u0110\u00e0o Nha l\u00e0m vi\u1ec7c, b\u1ea1n ph\u1ea3i xin th\u1ecb th\u1ef1c l\u00e0m vi\u1ec7c t\u1ea1i \u0111\u1ea1i s\u1ee9 qu\u00e1n ho\u1eb7c l\u00e3nh s\u1ef1 qu\u00e1n B\u1ed3 \u0110\u00e0o Nha g\u1ea7n nh\u1ea5t. \u0110\u1ed3ng th\u1eddi, ch\u1ee7 lao \u0111\u1ed9ng c\u1ee7a b\u1ea1n \u1edf B\u1ed3 \u0110\u00e0o Nha ph\u1ea3i thay m\u1eb7t b\u1ea1n n\u1ed9p \u0111\u01a1n xin Gi\u1ea5y ph\u00e9p lao \u0111\u1ed9ng (Autoriza\u00e7\u00e3o de Trabalho) t\u1ea1i C\u01a1 quan Lao \u0111\u1ed9ng B\u1ed3 \u0110\u00e0o Nha ho\u1eb7c C\u01a1 quan Bi\u00ean gi\u1edbi v\u00e0 Nh\u1eadp c\u01b0 B\u1ed3 \u0110\u00e0o Nha (Servi\u00e7o de Estrangeiros e Fronteiras \u2013 SEF).<br \/>\nSau khi \u0111\u1ebfn B\u1ed3 \u0110\u00e0o Nha, b\u1ea1n ph\u1ea3i n\u1ed9p \u0111\u01a1n xin gi\u1ea5y ph\u00e9p c\u01b0 tr\u00fa t\u1ea1i SEF, \u0111\u0103ng k\u00fd an sinh x\u00e3 h\u1ed9i v\u00e0 l\u1ea5y m\u00e3 s\u1ed1 thu\u1ebf t\u1ea1i v\u0103n ph\u00f2ng An sinh x\u00e3 h\u1ed9i.<br \/>\nGi\u1ea5y ph\u00e9p c\u01b0 tr\u00fa cho ph\u00e9p b\u1ea1n s\u1ed1ng v\u00e0 l\u00e0m vi\u1ec7c \u1edf B\u1ed3 \u0110\u00e0o Nha t\u1eeb m\u1ed9t \u0111\u1ebfn hai n\u0103m v\u1edbi kh\u1ea3 n\u0103ng gia h\u1ea1n. Sau 5 n\u0103m, b\u1ea1n c\u00f3 th\u1ec3 n\u1ed9p \u0111\u01a1n xin th\u01b0\u1eddng tr\u00fa.<br \/>\nH\u01a1n n\u1eefa, n\u1ebfu b\u1ea1n mu\u1ed1n l\u00e0m vi\u1ec7c t\u1eeb xa \u1edf B\u1ed3 \u0110\u00e0o Nha, b\u1ea1n ph\u1ea3i c\u00f3 Visa D7 B\u1ed3 \u0110\u00e0o Nha.<br \/>\n<strong>Chuy\u1ec3n \u0111\u1ebfn B\u1ed3 \u0110\u00e0o Nha \u0111\u1ec3 h\u1ecdc t\u1eadp<\/strong><br \/>\nSau khi \u0111\u01b0\u1ee3c nh\u1eadn v\u00e0o m\u1ed9t c\u01a1 s\u1edf gi\u00e1o d\u1ee5c \u0111\u1ea1i h\u1ecdc c\u1ee7a B\u1ed3 \u0110\u00e0o Nha, b\u1ea1n ph\u1ea3i n\u1ed9p \u0111\u01a1n xin th\u1ecb th\u1ef1c du h\u1ecdc \u0111\u1ec3 theo \u0111u\u1ed5i vi\u1ec7c h\u1ecdc \u1edf \u0111\u00f3. Sau khi \u0111\u01b0\u1ee3c \u0111\u1ea1i s\u1ee9 qu\u00e1n B\u1ed3 \u0110\u00e0o Nha c\u1ea5p th\u1ecb th\u1ef1c, b\u1ea1n s\u1ebd c\u1ea7n ph\u1ea3i xin gi\u1ea5y ph\u00e9p c\u01b0 tr\u00fa t\u1ea1i C\u01a1 quan Lao \u0111\u1ed9ng B\u1ed3 \u0110\u00e0o Nha ho\u1eb7c C\u01a1 quan Bi\u00ean gi\u1edbi v\u00e0 Nh\u1eadp c\u01b0 B\u1ed3 \u0110\u00e0o Nha (Servi\u00e7o de Estrangeiros e Fronteiras \u2013 SEF) sau khi v\u00e0o B\u1ed3 \u0110\u00e0o Nha. Gi\u1ea5y ph\u00e9p c\u01b0 tr\u00fa c\u1ee7a sinh vi\u00ean c\u00f3 th\u1eddi h\u1ea1n m\u1ed9t n\u0103m; b\u1ea1n c\u00f3 th\u1ec3 gia h\u1ea1n n\u00f3 h\u00e0ng n\u0103m trong qu\u00e1 tr\u00ecnh h\u1ecdc.<br \/>\nB\u1ea5t ch\u1ea5p \u0111i\u1ec1u \u0111\u00f3, trong th\u1eddi gian b\u1ea1n l\u00e0 sinh vi\u00ean \u1edf B\u1ed3 \u0110\u00e0o Nha, th\u1eddi gian l\u01b0u tr\u00fa c\u1ee7a b\u1ea1n s\u1ebd kh\u00f4ng \u0111\u01b0\u1ee3c t\u00ednh v\u00e0o n\u01a1i th\u01b0\u1eddng tr\u00fa c\u1ee7a b\u1ea1n. \u0110\u1ec3 \u0111\u1ee7 \u0111i\u1ec1u ki\u1ec7n tr\u1edf th\u00e0nh th\u01b0\u1eddng tr\u00fa nh\u00e2n, b\u1ea1n ph\u1ea3i chuy\u1ec3n sang th\u1ecb th\u1ef1c l\u00e0m vi\u1ec7c c\u00f3 gi\u00e1 tr\u1ecb trong m\u1ed9t n\u0103m v\u00e0 c\u00f3 th\u1ec3 \u0111\u01b0\u1ee3c gia h\u1ea1n th\u00eam 5 n\u0103m.<br \/>\n<strong>Chuy\u1ec3n \u0111\u1ebfn B\u1ed3 \u0110\u00e0o Nha \u0111\u1ec3 \u0111o\u00e0n t\u1ee5 gia \u0111\u00ecnh<\/strong><br \/>\n\u0110\u1ec3 c\u00f9ng c\u00e1c th\u00e0nh vi\u00ean gia \u0111\u00ecnh c\u1ee7a b\u1ea1n \u1edf B\u1ed3 \u0110\u00e0o Nha, h\u1ecd ph\u1ea3i l\u00e0 ng\u01b0\u1eddi c\u00f3 gi\u1ea5y ph\u00e9p c\u01b0 tr\u00fa ho\u1eb7c c\u00f4ng d\u00e2n B\u1ed3 \u0110\u00e0o Nha. Trong khi \u0111\u00f3, b\u1ea1n ph\u1ea3i n\u1ed9p \u0111\u01a1n xin th\u1ecb th\u1ef1c gia \u0111\u00ecnh v\u00e0 l\u00e0 th\u00e0nh vi\u00ean tr\u1ef1c h\u1ec7 trong gia \u0111\u00ecnh. B\u1ea1n \u0111\u01b0\u1ee3c coi l\u00e0 th\u00e0nh vi\u00ean tr\u1ef1c ti\u1ebfp c\u1ee7a gia \u0111\u00ecnh khi b\u1ea1n:<br \/>\n&#8211; V\u1ee3\/ch\u1ed3ng ho\u1eb7c \u0111\u1ed1i t\u00e1c \u0111\u00e3 \u0111\u0103ng k\u00fd.<br \/>\n&#8211; M\u1ed9t \u0111\u1ee9a tr\u1ebb v\u1ecb th\u00e0nh ni\u00ean.<br \/>\n&#8211; B\u1ea5t k\u1ef3 \u0111\u1ee9a tr\u1ebb n\u00e0o \u0111\u01b0\u1ee3c ng\u01b0\u1eddi n\u1ed9p \u0111\u01a1n ch\u0103m s\u00f3c.<br \/>\n&#8211; M\u1ed9t \u0111\u1ee9a tr\u1ebb tr\u01b0\u1edfng th\u00e0nh ph\u1ee5 thu\u1ed9c.<br \/>\n&#8211; M\u1ed9t ng\u01b0\u1eddi th\u00e2n c\u1ea5p m\u1ed9t ph\u1ee5 thu\u1ed9c.<br \/>\n&#8211; M\u1ed9t anh ch\u1ecb em v\u1ecb th\u00e0nh ni\u00ean d\u01b0\u1edbi s\u1ef1 gi\u00e1m h\u1ed9 h\u1ee3p ph\u00e1p c\u1ee7a ng\u01b0\u1eddi c\u01b0 tr\u00fa.<br \/>\nNgo\u00e0i ra, tr\u01b0\u1edbc khi b\u1ea1n n\u1ed9p \u0111\u01a1n xin th\u1ecb th\u1ef1c gia \u0111\u00ecnh t\u1ea1i \u0111\u1ea1i s\u1ee9 qu\u00e1n B\u1ed3 \u0110\u00e0o Nha t\u1ea1i \u0111\u1ecba ph\u01b0\u01a1ng, ng\u01b0\u1eddi b\u1ea3o l\u00e3nh c\u1ee7a b\u1ea1n c\u1ea7n ph\u1ea3i thay m\u1eb7t b\u1ea1n n\u1ed9p \u0111\u01a1n l\u1ea7n \u0111\u1ea7u t\u1ea1i C\u01a1 quan Lao \u0111\u1ed9ng B\u1ed3 \u0110\u00e0o Nha ho\u1eb7c C\u01a1 quan Bi\u00ean gi\u1edbi v\u00e0 Nh\u1eadp c\u01b0 B\u1ed3 \u0110\u00e0o Nha-SEF. Cu\u1ed1i c\u00f9ng, \u0111\u1ec3 c\u00f3 \u0111\u01b0\u1ee3c gi\u1ea5y ph\u00e9p c\u01b0 tr\u00fa d\u00e0i h\u1ea1n \u1edf B\u1ed3 \u0110\u00e0o Nha, b\u1ea1n ph\u1ea3i \u0111\u0103ng k\u00fd l\u00e0m c\u01b0 d\u00e2n B\u1ed3 \u0110\u00e0o Nha t\u1ea1i SEF sau khi nh\u1eadp c\u1ea3nh v\u00e0o B\u1ed3 \u0110\u00e0o Nha.<br \/>\nHi\u1ec7u l\u1ef1c c\u1ee7a th\u1ecb th\u1ef1c gia \u0111\u00ecnh b\u1eb1ng th\u1eddi h\u1ea1n gi\u1ea5y ph\u00e9p c\u01b0 tr\u00fa c\u1ee7a ng\u01b0\u1eddi b\u1ea3o l\u00e3nh. Hi\u1ec7u l\u1ef1c ban \u0111\u1ea7u th\u01b0\u1eddng l\u00e0 hai n\u0103m v\u00e0 c\u00f3 th\u1ec3 \u0111\u01b0\u1ee3c gia h\u1ea1n ba n\u0103m m\u1ed9t l\u1ea7n.<br \/>\n<strong>Chuy\u1ec3n \u0111\u1ebfn B\u1ed3 \u0110\u00e0o Nha \u0111\u1ec3 ngh\u1ec9 h\u01b0u<\/strong><br \/>\nL\u00e0 c\u00f4ng d\u00e2n c\u1ee7a n\u01b0\u1edbc th\u1ee9 ba, b\u1ea1n ph\u1ea3i n\u1ed9p \u0111\u01a1n xin th\u1ecb th\u1ef1c \u0111\u1ec3 chuy\u1ec3n \u0111\u1ebfn B\u1ed3 \u0110\u00e0o Nha ngh\u1ec9 h\u01b0u. B\u1ed3 \u0110\u00e0o Nha cung c\u1ea5p hai tuy\u1ebfn \u0111\u01b0\u1eddng cho b\u1ea1n:<br \/>\n<strong>&#8211; Visa ngh\u1ec9 h\u01b0u.<\/strong> Th\u1ecb th\u1ef1c ngh\u1ec9 h\u01b0u d\u00e0nh cho nh\u1eefng ng\u01b0\u1eddi mu\u1ed1n s\u1ed1ng \u1edf B\u1ed3 \u0110\u00e0o Nha m\u00e0 kh\u00f4ng c\u1ea7n l\u00e0m vi\u1ec7c. Tuy nhi\u00ean, b\u1ea1n c\u00f3 th\u1ec3 t\u1ef1 h\u1ed7 tr\u1ee3 t\u00e0i ch\u00ednh b\u1eb1ng l\u01b0\u01a1ng h\u01b0u, ti\u1ec1n ti\u1ebft ki\u1ec7m, v.v. Khi v\u00e0o B\u1ed3 \u0110\u00e0o Nha, b\u1ea1n ph\u1ea3i \u0111\u1eb7t l\u1ecbch h\u1eb9n v\u1edbi C\u01a1 quan Lao \u0111\u1ed9ng B\u1ed3 \u0110\u00e0o Nha ho\u1eb7c C\u01a1 quan Bi\u00ean gi\u1edbi v\u00e0 Nh\u1eadp c\u01b0 B\u1ed3 \u0110\u00e0o Nha-SEF v\u00e0 xin gi\u1ea5y ph\u00e9p c\u01b0 tr\u00fa. Gi\u1ea5y ph\u00e9p c\u01b0 tr\u00fa \u0111\u1ec3 ngh\u1ec9 h\u01b0u \u1edf B\u1ed3 \u0110\u00e0o Nha ban \u0111\u1ea7u c\u00f3 hi\u1ec7u l\u1ef1c trong m\u1ed9t n\u0103m. B\u1ea1n c\u00f3 th\u1ec3 gia h\u1ea1n hai l\u1ea7n, m\u1ed7i l\u1ea7n trong hai n\u0103m &#8211; t\u1ed5ng c\u1ed9ng gi\u1ea5y ph\u00e9p c\u1ee7a b\u1ea1n c\u00f3 th\u1eddi h\u1ea1n hi\u1ec7u l\u1ef1c l\u00e0 n\u0103m n\u0103m. Sau 5 n\u0103m v\u00e0 \u0111\u00e1p \u1ee9ng t\u1ea5t c\u1ea3 c\u00e1c y\u00eau c\u1ea7u kh\u00e1c, b\u1ea1n c\u00f3 th\u1ec3 n\u1ed9p \u0111\u01a1n xin th\u01b0\u1eddng tr\u00fa t\u1ea1i B\u1ed3 \u0110\u00e0o Nha.<br \/>\n<strong>&#8211; Visa V\u00e0ng.<\/strong> Golden Visa l\u00e0 m\u1ed9t lo\u1ea1i ch\u01b0\u01a1ng tr\u00ecnh \u0111\u1ea7u t\u01b0 c\u1ea5p qu\u1ed1c t\u1ecbch B\u1ed3 \u0110\u00e0o Nha cho nh\u1eefng ng\u01b0\u1eddi \u0111\u1ea7u t\u01b0 v\u00e0o \u0111\u1ea5t n\u01b0\u1edbc n\u00e0y. Kho\u1ea3n \u0111\u1ea7u t\u01b0 ph\u1ed5 bi\u1ebfn nh\u1ea5t l\u00e0 mua m\u1ed9t b\u1ea5t \u0111\u1ed9ng s\u1ea3n \u1edf B\u1ed3 \u0110\u00e0o Nha tr\u1ecb gi\u00e1 \u00edt nh\u1ea5t 500.000 Euro. Gi\u1ea5y ph\u00e9p c\u01b0 tr\u00fa m\u00e0 b\u1ea1n nh\u1eadn \u0111\u01b0\u1ee3c khi n\u1ed9p \u0111\u01a1n xin Golden Visa ban \u0111\u1ea7u c\u00f3 hi\u1ec7u l\u1ef1c trong m\u1ed9t n\u0103m. B\u1ea1n c\u0169ng c\u00f3 th\u1ec3 n\u1ed9p \u0111\u01a1n xin gia h\u1ea1n v\u00e0 b\u1ea1n s\u1ebd nh\u1eadn \u0111\u01b0\u1ee3c gi\u1ea5y ph\u00e9p c\u00f3 hi\u1ec7u l\u1ef1c trong hai n\u0103m. Sau 5 n\u0103m, b\u1ea1n c\u00f3 th\u1ec3 n\u1ed9p \u0111\u01a1n xin th\u01b0\u1eddng tr\u00fa.<br \/>\n<strong>5. L\u00e0m th\u1ebf n\u00e0o \u0111\u1ec3 tr\u1edf th\u00e0nh th\u01b0\u1eddng tr\u00fa nh\u00e2n \u1edf B\u1ed3 \u0110\u00e0o Nha?<\/strong><br \/>\n\u0110\u1ea7u ti\u00ean, b\u1ea1n ph\u1ea3i c\u00f3 gi\u1ea5y ph\u00e9p c\u01b0 tr\u00fa t\u1ea1m th\u1eddi \u0111\u1ec3 tr\u1edf th\u00e0nh th\u01b0\u1eddng tr\u00fa nh\u00e2n \u1edf B\u1ed3 \u0110\u00e0o Nha. Gi\u1ea5y ph\u00e9p c\u01b0 tr\u00fa t\u1ea1m th\u1eddi c\u00f3 gi\u00e1 tr\u1ecb trong m\u1ed9t n\u0103m v\u00e0 c\u00f3 th\u1ec3 \u0111\u01b0\u1ee3c gia h\u1ea1n t\u1ed1i \u0111a 5 n\u0103m. Sau 5 n\u0103m t\u1ea1m tr\u00fa, b\u1ea1n c\u00f3 th\u1ec3 chuy\u1ec3n sang gi\u1ea5y ph\u00e9p c\u01b0 tr\u00fa v\u0129nh vi\u1ec5n. Th\u01b0\u1eddng tr\u00fa nh\u00e2n ch\u1ec9 d\u00e0nh cho nh\u1eefng ng\u01b0\u1eddi mu\u1ed1n \u1edf l\u1ea1i B\u1ed3 \u0110\u00e0o Nha v\u00f4 th\u1eddi h\u1ea1n.<br \/>\n<strong>6. T\u00f4i c\u00f3 th\u1ec3 gi\u00e0nh \u0111\u01b0\u1ee3c quy\u1ec1n c\u00f4ng d\u00e2n \u1edf B\u1ed3 \u0110\u00e0o Nha kh\u00f4ng?<\/strong><br \/>\nB\u1ea1n c\u00f3 th\u1ec3 gi\u00e0nh \u0111\u01b0\u1ee3c quy\u1ec1n c\u00f4ng d\u00e2n B\u1ed3 \u0110\u00e0o Nha. B\u1ea1n ph\u1ea3i l\u00e0 c\u01b0 d\u00e2n h\u1ee3p ph\u00e1p trong n\u0103m n\u0103m tr\u01b0\u1edbc khi n\u1ed9p \u0111\u01a1n xin qu\u1ed1c t\u1ecbch. B\u1ea1n c\u0169ng c\u00f3 th\u1ec3 gi\u00e0nh \u0111\u01b0\u1ee3c quy\u1ec1n c\u00f4ng d\u00e2n th\u00f4ng qua c\u00e1c con \u0111\u01b0\u1eddng kh\u00e1c:<br \/>\n&#8211; B\u1eb1ng h\u00f4n nh\u00e2n ho\u1eb7c quan h\u1ec7 \u0111\u1ed1i t\u00e1c h\u1ee3p ph\u00e1p.<br \/>\n&#8211; Theo d\u00f2ng d\u00f5i (cha m\u1eb9 ho\u1eb7c \u00f4ng b\u00e0).<br \/>\n&#8211; Qua c\u00e1c thu\u1ed9c \u0111\u1ecba c\u0169 c\u1ee7a B\u1ed3 \u0110\u00e0o Nha.<br \/>\n&#8211; B\u1edfi c\u00e1c thu\u1ed9c \u0111\u1ecba Do Th\u00e1i Sephardic.<br \/>\n&#8211; Do sinh ra.<br \/>\n&#8211; B\u1eb1ng vi\u1ec7c nh\u1eadn con nu\u00f4i (\u00e1p d\u1ee5ng cho nh\u1eefng ng\u01b0\u1eddi d\u01b0\u1edbi 18 tu\u1ed5i).<br \/>\n<strong>7. B\u1ed3 \u0110\u00e0o Nha c\u00f3 cho ph\u00e9p song t\u1ecbch kh\u00f4ng?<\/strong><br \/>\nC\u00f3, B\u1ed3 \u0110\u00e0o Nha cho ph\u00e9p c\u00f3 hai qu\u1ed1c t\u1ecbch. Tuy nhi\u00ean, b\u1ea1n n\u00ean ki\u1ec3m tra xem qu\u1ed1c gia ban \u0111\u1ea7u c\u1ee7a b\u1ea1n c\u00f3 cho ph\u00e9p \u0111i\u1ec1u \u0111\u00f3 hay kh\u00f4ng tr\u01b0\u1edbc khi c\u00f3 \u0111\u01b0\u1ee3c qu\u1ed1c t\u1ecbch th\u1ee9 hai. Ch\u1ec9 c\u1ea7n nh\u01b0 v\u1eady, b\u1ea1n c\u00f3 th\u1ec3 ti\u1ebfn v\u1ec1 ph\u00eda tr\u01b0\u1edbc v\u1edbi B\u1ed3 \u0110\u00e0o Nha.<\/p>\n[\/vc_column_text][\/vc_column][\/vc_row]\n<\/div>","protected":false},"excerpt":{"rendered":"<p>[vc_row css=&#8221;.vc_custom_1748318765649{margin-top: -30px !important;}&#8221;][vc_column][\/vc_column][\/vc_row][vc_row][vc_column][vc_column_text css=&#8221;&#8221;] Nhi\u1ec1u \u0111i\u1ec1u th\u00fa v\u1ecb c\u1ee7a Ch\u00e2u \u00c2u \u0111ang ch\u1edd \u0111\u00f3n b\u1ea1n \u1edf B\u1ed3 \u0110\u00e0o Nha, t\u1eeb nh\u1eefng b\u00e3i bi\u1ec3n \u0111\u1eb9p nh\u01b0 tranh v\u1ebd \u0111\u1ebfn nh\u1eefng th\u00e0nh ph\u1ed1 s\u00f4i \u0111\u1ed9ng v\u00e0 phong c\u1ea3nh ngo\u1ea1n m\u1ee5c. N\u00f3 c\u0169ng c\u00f3 m\u1ed9t trong nh\u1eefng chi ph\u00ed sinh ho\u1ea1t th\u1ea5p nh\u1ea5t \u1edf ch\u00e2u \u00c2u, khi\u1ebfn [&hellip;]<\/p>\n","protected":false},"author":4,"featured_media":0,"parent":0,"menu_order":0,"comment_status":"closed","ping_status":"closed","template":"","meta":{"footnotes":""},"class_list":["post-9301","page","type-page","status-publish","hentry"],"_links":{"self":[{"href":"https:\/\/immico.vn\/vi\/wp-json\/wp\/v2\/pages\/9301","targetHints":{"allow":["GET"]}}],"collection":[{"href":"https:\/\/immico.vn\/vi\/wp-json\/wp\/v2\/pages"}],"about":[{"href":"https:\/\/immico.vn\/vi\/wp-json\/wp\/v2\/types\/page"}],"author":[{"embeddable":true,"href":"https:\/\/immico.vn\/vi\/wp-json\/wp\/v2\/users\/4"}],"replies":[{"embeddable":true,"href":"https:\/\/immico.vn\/vi\/wp-json\/wp\/v2\/comments?post=9301"}],"version-history":[{"count":5,"href":"https:\/\/immico.vn\/vi\/wp-json\/wp\/v2\/pages\/9301\/revisions"}],"predecessor-version":[{"id":10604,"href":"https:\/\/immico.vn\/vi\/wp-json\/wp\/v2\/pages\/9301\/revisions\/10604"}],"wp:attachment":[{"href":"https:\/\/immico.vn\/vi\/wp-json\/wp\/v2\/media?parent=9301"}],"curies":[{"name":"wp","href":"https:\/\/api.w.org\/{rel}","templated":true}]}}