{"id":9303,"date":"2023-12-25T04:47:42","date_gmt":"2023-12-25T04:47:42","guid":{"rendered":"https:\/\/immico.vn\/?page_id=9303\/"},"modified":"2025-05-27T04:16:08","modified_gmt":"2025-05-27T04:16:08","slug":"dinh-cu-y-italy","status":"publish","type":"page","link":"https:\/\/immico.vn\/vi\/dinh-cu-y-italy\/","title":{"rendered":"\u0110\u1ecbnh c\u01b0 \u00dd (Italy)"},"content":{"rendered":"<div class=\"wpb-content-wrapper\">[vc_row css=&#8221;.vc_custom_1748319360434{margin-top: -30px !important;}&#8221;][vc_column]<div class=\"shortcode-wrapper shortcode-title clearfix hb-animate-element hb-fade-in\"><p style=\"color:#9a4c3c!important;border-color:#9a4c3c\" class=\"hb-text-large aligncenter\">\u0110\u1ecbnh c\u01b0 \u00dd (Italy)<\/p><\/div>[\/vc_column][\/vc_row][vc_row][vc_column][vc_column_text css=&#8221;&#8221;]\n<p style=\"text-align: justify;\">\u00dd ch\u1eafc ch\u1eafn l\u00e0 m\u1ed9t trong nh\u1eefng \u0111i\u1ec3m \u0111\u1ebfn du l\u1ecbch n\u1ed5i ti\u1ebfng nh\u1ea5t tr\u00ean th\u1ebf gi\u1edbi, v\u1edbi h\u00e0ng tri\u1ec7u tri\u1ec7u ng\u01b0\u1eddi tr\u00ean th\u1ebf gi\u1edbi gh\u00e9 th\u0103m m\u1ed7i n\u0103m. V\u00e0 v\u1edbi nhi\u1ec1u di t\u00edch l\u1ecbch s\u1eed v\u00e0 xinh \u0111\u1eb9p c\u1ee7a Rome, nh\u1eefng con k\u00eanh th\u01a1 m\u1ed9ng c\u1ee7a Venice, v\u1ebb \u0111\u1eb9p c\u1ee7a Florence v\u00e0 nh\u1eefng m\u00f3n \u0103n th\u01a1m ngon, h\u1ea5p d\u1eabn \u2013 th\u1ef1c s\u1ef1 kh\u00f4ng c\u00f3 g\u00ec l\u1ea1.<br \/>\nV\u00e0 c\u00f3 l\u1ebd ch\u00ednh nh\u1eefng \u0111i\u1ec1u n\u00e0y \u0111\u00e3 khi\u1ebfn nhi\u1ec1u ng\u01b0\u1eddi n\u01b0\u1edbc ngo\u00e0i mong mu\u1ed1n \u0111\u01b0\u1ee3c chuy\u1ec3n \u0111\u1ebfn \u00dd m\u1ed9t ng\u00e0y n\u00e0o \u0111\u00f3. T\u1ea5t nhi\u00ean, kh\u00ed h\u1eadu \u00f4n h\u00f2a c\u1ee7a \u00dd, chi ph\u00ed sinh ho\u1ea1t t\u01b0\u01a1ng \u0111\u1ed1i th\u1ea5p (\u0111\u01b0\u01a1ng nhi\u00ean, t\u00f9y thu\u1ed9c v\u00e0o l\u1ed1i s\u1ed1ng c\u1ee7a b\u1ea1n v\u00e0 n\u01a1i b\u1ea1n s\u1ed1ng), c\u0169ng nh\u01b0 d\u1ecbch v\u1ee5 ch\u0103m s\u00f3c s\u1ee9c kh\u1ecfe tuy\u1ec7t v\u1eddi c\u0169ng c\u00f3 \u00edch.<br \/>\nN\u1ebfu b\u1ea1n l\u00e0 m\u1ed9t trong nh\u1eefng ng\u01b0\u1eddi \u0111\u00e3 y\u00eau th\u00edch \u00dd trong m\u1ed9t chuy\u1ebfn du l\u1ecbch v\u00e0 b\u00e2y gi\u1edd b\u1ea1n \u0111ang loay hoay t\u00ecm ki\u1ebfm \u201cl\u00e0m c\u00e1ch n\u00e0o \u0111\u1ec3 chuy\u1ec3n \u0111\u1ebfn \u00dd?\u201d ho\u1eb7c th\u1eadm ch\u00ed \u201cl\u00e0m th\u1ebf n\u00e0o \u0111\u1ec3 chuy\u1ec3n \u0111\u1ebfn \u00dd m\u00e0 kh\u00f4ng c\u1ea7n ti\u1ec1n?\u201d, \u0111i\u1ec1u n\u00e0y ho\u00e0n to\u00e0n d\u1ec5 hi\u1ec3u, b\u1ea1n \u0111\u00e3 \u0111\u1ebfn \u0111\u00fang n\u01a1i.<br \/>\nC\u01a1 h\u1ed9i chuy\u1ec3n \u0111\u1ebfn \u00dd c\u1ee7a b\u1ea1n ph\u1ee5 thu\u1ed9c v\u00e0o r\u1ea5t nhi\u1ec1u y\u1ebfu t\u1ed1, quan tr\u1ecdng nh\u1ea5t l\u00e0 qu\u1ed1c t\u1ecbch c\u1ee7a b\u1ea1n. C\u00f3 nh\u1eefng y\u00eau c\u1ea7u kh\u00e1c nhau \u0111\u1ec3 chuy\u1ec3n \u0111\u1ebfn \u00dd t\u00f9y thu\u1ed9c v\u00e0o vi\u1ec7c b\u1ea1n c\u00f3 ph\u1ea3i l\u00e0 c\u00f4ng d\u00e2n EU hay kh\u00f4ng.<br \/>\n<strong>1. Chuy\u1ec3n \u0111\u1ebfn \u00dd cho c\u00f4ng d\u00e2n EU<\/strong><br \/>\n\u00dd l\u00e0 m\u1ed9t ph\u1ea7n c\u1ee7a Li\u00ean minh Ch\u00e2u \u00c2u \u0111\u00e3 thi\u1ebft l\u1eadp c\u00e1i \u0111\u01b0\u1ee3c g\u1ecdi l\u00e0 quy\u1ec1n \u201c\u0111i l\u1ea1i t\u1ef1 do\u201d. \u0110i\u1ec1u n\u00e0y c\u00f3 ngh\u0129a l\u00e0 c\u00f4ng d\u00e2n t\u1eeb m\u1ed9t qu\u1ed1c gia EU \u0111\u01b0\u1ee3c t\u1ef1 do di chuy\u1ec3n, t\u00ecm ki\u1ebfm vi\u1ec7c l\u00e0m v\u00e0 h\u1ecdc t\u1eadp t\u1ea1i m\u1ed9t qu\u1ed1c gia th\u00e0nh vi\u00ean kh\u00e1c. C\u00f4ng d\u00e2n c\u1ee7a c\u00e1c qu\u1ed1c gia th\u00e0nh vi\u00ean EFTA (Th\u1ee5y S\u0129, Na Uy, Iceland v\u00e0 Liechtenstein) c\u0169ng \u0111\u01b0\u1ee3c h\u01b0\u1edfng nh\u1eefng l\u1ee3i \u00edch t\u01b0\u01a1ng t\u1ef1 nh\u01b0 c\u00f4ng d\u00e2n EU.<br \/>\nV\u00ec v\u1eady, n\u1ebfu b\u1ea1n l\u00e0 c\u00f4ng d\u00e2n EU ho\u1eb7c EFTA mu\u1ed1n chuy\u1ec3n \u0111\u1ebfn \u00dd, \u0111i\u1ec1u \u0111\u00f3 s\u1ebd d\u1ec5 d\u00e0ng h\u01a1n nhi\u1ec1u \u0111\u1ed1i v\u1edbi b\u1ea1n so v\u1edbi c\u00f4ng d\u00e2n n\u01b0\u1edbc th\u1ee9 ba. Th\u1ee9 nh\u1ea5t, b\u1ea1n kh\u00f4ng ph\u1ea3i xin th\u1ecb th\u1ef1c ho\u1eb7c gi\u1ea5y ph\u00e9p lao \u0111\u1ed9ng v\u00e0 b\u1ea1n s\u1ebd kh\u00f4ng ph\u1ea3i tu\u00e2n theo h\u1ea1n ng\u1ea1ch l\u00e0m vi\u1ec7c nh\u01b0 nh\u1eefng c\u00f4ng d\u00e2n ngo\u00e0i EU.<br \/>\nTuy nhi\u00ean, n\u1ebfu b\u1ea1n mu\u1ed1n \u1edf \u00dd l\u00e2u h\u01a1n ba th\u00e1ng, b\u1ea1n v\u1eabn ph\u1ea3i \u0111\u00e1p \u1ee9ng m\u1ed9t s\u1ed1 \u0111i\u1ec1u ki\u1ec7n nh\u1ea5t \u0111\u1ecbnh v\u00e0 \u0111\u0103ng k\u00fd c\u01b0 tr\u00fa.<br \/>\nL\u00e0m th\u1ebf n\u00e0o c\u00f4ng d\u00e2n EU c\u00f3 th\u1ec3 di chuy\u1ec3n \u0111\u1ebfn \u00dd?<br \/>\n<strong>B\u1ea1n c\u00f3 th\u1ec3 chuy\u1ec3n \u0111\u1ebfn \u00dd v\u1edbi t\u01b0 c\u00e1ch l\u00e0 c\u00f4ng d\u00e2n EU n\u1ebfu:<\/strong><br \/>\n&#8211; B\u1ea1n \u0111ang l\u00e0m vi\u1ec7c ho\u1eb7c t\u1ef1 kinh doanh \u1edf \u00dd.<br \/>\n&#8211; B\u1ea1n l\u00e0 sinh vi\u00ean \u0111ang theo h\u1ecdc t\u1ea1i m\u1ed9t c\u01a1 s\u1edf gi\u00e1o d\u1ee5c c\u1ee7a \u00dd ho\u1eb7c \u0111ang tham gia \u0111\u00e0o t\u1ea1o ngh\u1ec1.<br \/>\n&#8211; B\u1ea1n c\u00f3 \u0111\u1ee7 ph\u01b0\u01a1ng ti\u1ec7n t\u00e0i ch\u00ednh \u0111\u1ec3 h\u1ed7 tr\u1ee3 b\u1ea3n th\u00e2n v\u00e0 c\u00e1c th\u00e0nh vi\u00ean gia \u0111\u00ecnh \u0111i c\u00f9ng.<br \/>\n<strong>Y\u00eau c\u1ea7u \u0111\u1ed1i v\u1edbi c\u00f4ng d\u00e2n EU di chuy\u1ec3n \u0111\u1ebfn \u00dd<\/strong><br \/>\nB\u1ea1n ph\u1ea3i \u0111\u0103ng k\u00fd c\u01b0 tr\u00fa t\u1ea1i Anagrafe (V\u0103n ph\u00f2ng \u0111\u0103ng k\u00fd) c\u1ee7a th\u00e0nh ph\u1ed1 n\u01a1i b\u1ea1n s\u1ebd sinh s\u1ed1ng. C\u00e1c y\u00eau c\u1ea7u thay \u0111\u1ed5i t\u00f9y theo Anagrafe c\u1ee5 th\u1ec3 n\u01a1i b\u1ea1n \u0111\u0103ng k\u00fd, nh\u01b0ng b\u1ea1n ph\u1ea3i cung c\u1ea5p c\u00e1c t\u00e0i li\u1ec7u sau:<br \/>\n&#8211; B\u1eb1ng ch\u1ee9ng v\u1ec1 l\u00fd do b\u1ea1n \u1edf \u00dd (ch\u1eb3ng h\u1ea1n nh\u01b0 h\u1ee3p \u0111\u1ed3ng l\u00e0m vi\u1ec7c ho\u1eb7c \u0111\u0103ng k\u00fd v\u00e0o m\u1ed9t tr\u01b0\u1eddng \u0111\u1ea1i h\u1ecdc \u1edf \u00dd).<br \/>\n&#8211; B\u1eb1ng ch\u1ee9ng v\u1ec1 ch\u1ed7 \u1edf t\u1ea1i \u00dd.<br \/>\n&#8211; Th\u00f4ng tin ID c\u1ee7a b\u1ea1n.<br \/>\n&#8211; B\u1eb1ng ch\u1ee9ng b\u1ea1n \u0111\u00e3 c\u00f3 b\u1ea3o hi\u1ec3m y t\u1ebf.<br \/>\nN\u01a1i th\u01b0\u1eddng tr\u00fa t\u1ea1i \u00dd d\u00e0nh cho c\u00f4ng d\u00e2n EU<br \/>\nSau 5 n\u0103m c\u01b0 tr\u00fa li\u00ean t\u1ee5c, b\u1ea1n c\u00f3 th\u1ec3 n\u1ed9p \u0111\u01a1n xin th\u1ebb th\u01b0\u1eddng tr\u00fa. B\u1ea1n ph\u1ea3i n\u1ed9p \u0111\u01a1n xin th\u1ebb th\u01b0\u1eddng tr\u00fa \u00dd t\u1ea1i B\u01b0u \u0111i\u1ec7n \u1edf \u0111\u00f4 th\u1ecb \u0111\u1ecba ph\u01b0\u01a1ng c\u1ee7a b\u1ea1n, sau \u0111\u00f3 h\u1ecd s\u1ebd chuy\u1ec3n \u0111\u01a1n \u0111\u1ebfn Questura (tr\u1ee5 s\u1edf c\u1ea3nh s\u00e1t). Questura s\u1ebd c\u1ea5p cho b\u1ea1n th\u1ebb th\u01b0\u1eddng tr\u00fa t\u1ea1i \u00dd.<br \/>\nV\u1edbi b\u1ed1n n\u0103m th\u01b0\u1eddng tr\u00fa, b\u1ea1n c\u00f3 \u0111\u1ee7 \u0111i\u1ec1u ki\u1ec7n \u0111\u1ec3 n\u1ed9p \u0111\u01a1n xin qu\u1ed1c t\u1ecbch \u00dd.<br \/>\n<strong>2. Chuy\u1ec3n \u0111\u1ebfn \u00dd cho c\u00f4ng d\u00e2n ngo\u00e0i EU<\/strong><br \/>\n\u0110\u1ed1i v\u1edbi nh\u1eefng c\u00f4ng d\u00e2n ngo\u00e0i EU mu\u1ed1n chuy\u1ec3n \u0111\u1ebfn \u00dd, c\u00e1c y\u00eau c\u1ea7u kh\u00e1c s\u1ebd \u0111\u01b0\u1ee3c \u00e1p d\u1ee5ng so v\u1edbi c\u00f4ng d\u00e2n EU.<br \/>\nV\u00ed d\u1ee5: chuy\u1ec3n \u0111\u1ebfn \u00dd t\u1eeb Hoa K\u1ef3 ho\u1eb7c m\u1ed9t qu\u1ed1c gia kh\u00e1c kh\u00f4ng thu\u1ed9c EU l\u00e0 m\u1ed9t qu\u00e1 tr\u00ecnh d\u00e0i h\u01a1n v\u00e0 ph\u1ee9c t\u1ea1p h\u01a1n nhi\u1ec1u.<br \/>\nN\u1ebfu b\u1ea1n l\u00e0 c\u00f4ng d\u00e2n kh\u00f4ng thu\u1ed9c EU\/EFTA, tr\u01b0\u1edbc khi c\u00f3 th\u1ec3 chuy\u1ec3n \u0111\u1ebfn \u00dd, b\u1ea1n s\u1ebd ph\u1ea3i xin th\u1ecb th\u1ef1c d\u00e0i h\u1ea1n c\u1ee7a \u00dd. Lo\u1ea1i th\u1ecb th\u1ef1c n\u00e0y cho ph\u00e9p b\u1ea1n v\u00e0o \u00dd v\u1edbi \u00fd \u0111\u1ecbnh \u1edf l\u1ea1i l\u00e2u d\u00e0i.<br \/>\nSau khi v\u00e0o \u00dd, b\u1ea1n ph\u1ea3i n\u1ed9p \u0111\u01a1n xin gi\u1ea5y ph\u00e9p c\u01b0 tr\u00fa \u00dd (permesso di soggiorno) t\u1ea1i B\u01b0u \u0111i\u1ec7n \u0111\u1ecba ph\u01b0\u01a1ng v\u00e0 sau \u0111\u00f3 l\u00e0 Questura (tr\u1ee5 s\u1edf c\u1ea3nh s\u00e1t) trong v\u00f2ng t\u00e1m ng\u00e0y. Gi\u1ea5y ph\u00e9p c\u01b0 tr\u00fa l\u00e0 th\u1ee9 cho ph\u00e9p b\u1ea1n s\u1ed1ng h\u1ee3p ph\u00e1p \u1edf \u00dd trong h\u01a1n ba th\u00e1ng. B\u1ea1n kh\u00f4ng th\u1ec3 n\u1ed9p \u0111\u01a1n xin c\u01b0 tr\u00fa t\u1ea1i \u00dd b\u1eb1ng th\u1ecb th\u1ef1c l\u01b0u tr\u00fa ng\u1eafn h\u1ea1n c\u1ee7a \u00dd.<br \/>\n<strong>Chuy\u1ec3n \u0111\u1ebfn \u00dd \u0111\u1ec3 l\u00e0m vi\u1ec7c<\/strong><br \/>\nTh\u1eadt kh\u00f4ng may, n\u1ebfu b\u1ea1n kh\u00f4ng \u0111\u1ebfn t\u1eeb EU\/EFTA, b\u1ea1n kh\u00f4ng th\u1ec3 \u0111\u01a1n gi\u1ea3n chuy\u1ec3n \u0111\u1ebfn \u00dd v\u00e0 ki\u1ebfm vi\u1ec7c l\u00e0m.<br \/>\n\u00dd c\u00f3 m\u1ed9t h\u1ec7 th\u1ed1ng nh\u1eadp c\u01b0 quy \u0111\u1ecbnh s\u1ed1 l\u01b0\u1ee3ng th\u1ecb th\u1ef1c lao \u0111\u1ed9ng \u00dd s\u1ebd c\u1ea5p cho nh\u1eefng ng\u01b0\u1eddi lao \u0111\u1ed9ng ngo\u00e0i EU. H\u00e0ng n\u0103m, ch\u00ednh ph\u1ee7 \u00dd m\u1edf c\u00e1i \u0111\u01b0\u1ee3c g\u1ecdi l\u00e0 Decreto Flussi. B\u1ea1n ph\u1ea3i tu\u00e2n th\u1ee7 Decreto Flussi n\u1ebfu b\u1ea1n c\u0169ng l\u00e0 ng\u01b0\u1eddi t\u1ef1 kinh doanh.<br \/>\nC\u00f4ng d\u00e2n ngo\u00e0i EU ch\u1ec9 c\u00f3 th\u1ec3 n\u1ed9p \u0111\u01a1n xin th\u1ecb th\u1ef1c lao \u0111\u1ed9ng \u00dd khi Decreto Flussi m\u1edf c\u1eeda. Ch\u00ednh ph\u1ee7 \u00dd c\u0169ng \u0111\u00e3 thi\u1ebft l\u1eadp h\u1ea1n ng\u1ea1ch v\u1ec1 s\u1ed1 l\u01b0\u1ee3ng th\u1ecb th\u1ef1c l\u00e0m vi\u1ec7c m\u00e0 h\u1ecd s\u1ebd c\u1ea5p v\u00e0 cho nh\u1eefng ng\u00e0nh ngh\u1ec1 n\u00e0o. N\u0103m 2019 v\u00e0 2018, h\u1ea1n ng\u1ea1ch l\u00e0 30.850.<br \/>\nNgo\u00e0i ra, b\u1ea1n s\u1ebd ph\u1ea3i t\u00ecm m\u1ed9t c\u00f4ng vi\u1ec7c \u1edf \u00dd khi b\u1ea1n v\u1eabn c\u00f2n \u1edf qu\u00ea h\u01b0\u01a1ng v\u00e0 nh\u1edd ng\u01b0\u1eddi ch\u1ee7 c\u1ee7a b\u1ea1n n\u1ed9p \u0111\u01a1n \u1edf \u00dd \u0111\u1ec3 xin gi\u1ea5y ph\u00e9p l\u00e0m vi\u1ec7c.<br \/>\n<strong>Chuy\u1ec3n \u0111\u1ebfn \u00dd \u0111\u1ec3 h\u1ecdc t\u1eadp<\/strong><br \/>\nL\u00e0 m\u1ed9t c\u00f4ng d\u00e2n ngo\u00e0i EU, tr\u01b0\u1edbc khi chuy\u1ec3n \u0111\u1ebfn \u00dd \u0111\u1ec3 h\u1ecdc, b\u1ea1n ph\u1ea3i \u0111\u0103ng k\u00fd v\u00e0o m\u1ed9t c\u01a1 s\u1edf gi\u00e1o d\u1ee5c c\u1ee7a \u00dd.<br \/>\nSau \u0111\u00f3, b\u1ea1n ph\u1ea3i n\u1ed9p \u0111\u01a1n xin th\u1ecb th\u1ef1c d\u00e0i h\u1ea1n \u0111\u1ebfn \u00dd v\u1edbi m\u1ee5c \u0111\u00edch h\u1ecdc t\u1eadp v\u00e0 nh\u1eadn \u0111\u01b0\u1ee3c gi\u1ea5y ph\u00e9p c\u01b0 tr\u00fa t\u1ea1i \u00dd khi b\u1ea1n v\u00e0o \u00dd.<br \/>\nXin visa du h\u1ecdc \u00dd c\u00f3 l\u1ebd l\u00e0 c\u00e1ch d\u1ec5 d\u00e0ng nh\u1ea5t \u0111\u1ec3 \u0111\u1ebfn \u00dd, nh\u01b0ng v\u1edbi n\u00f3, b\u1ea1n ch\u1ec9 \u0111\u01b0\u1ee3c ph\u00e9p l\u00e0m vi\u1ec7c 20 gi\u1edd m\u1ed9t tu\u1ea7n.<br \/>\nTuy nhi\u00ean, khi th\u1eddi gian h\u1ecdc c\u1ee7a b\u1ea1n k\u1ebft th\u00fac, b\u1ea1n \u0111\u01b0\u1ee3c ph\u00e9p xin gi\u1ea5y ph\u00e9p lao \u0111\u1ed9ng khi Decreto Flussi m\u1edf c\u1eeda v\u00e0 chuy\u1ec3n \u0111\u1ed5i gi\u1ea5y ph\u00e9p h\u1ecdc t\u1eadp c\u1ee7a b\u1ea1n th\u00e0nh gi\u1ea5y ph\u00e9p c\u01b0 tr\u00fa l\u00e0m vi\u1ec7c.<br \/>\n<strong>Chuy\u1ec3n \u0111\u1ebfn \u00dd \u0111\u1ec3 tham gia c\u00f9ng m\u1ed9t th\u00e0nh vi\u00ean trong gia \u0111\u00ecnh<\/strong><br \/>\nN\u1ebfu b\u1ea1n c\u00f3 th\u00e0nh vi\u00ean gia \u0111\u00ecnh l\u00e0 c\u01b0 d\u00e2n \u00dd, b\u1ea1n c\u00f3 th\u1ec3 tham gia c\u00f9ng h\u1ecd th\u00f4ng qua th\u1ecb th\u1ef1c \u0111o\u00e0n t\u1ee5 gia \u0111\u00ecnh \u00dd.<br \/>\nTuy nhi\u00ean, tr\u01b0\u1edbc khi b\u1ea1n c\u00f3 th\u1ec3 n\u1ed9p \u0111\u01a1n xin th\u1ecb th\u1ef1c, th\u00e0nh vi\u00ean gia \u0111\u00ecnh c\u1ee7a b\u1ea1n ph\u1ea3i n\u1ed9p \u0111\u01a1n xin ph\u00e9p b\u1ea1n \u0111\u1ebfn. Vi\u1ec7c n\u00e0y \u0111\u01b0\u1ee3c th\u1ef1c hi\u1ec7n \u1edf \u00dd.<br \/>\nSau khi ch\u00ednh quy\u1ec1n \u00dd c\u1ea5p ph\u00e9p cho b\u1ea1n, b\u1ea1n c\u00f3 th\u1ec3 n\u1ed9p \u0111\u01a1n xin th\u1ecb th\u1ef1c gia \u0111\u00ecnh \u00dd v\u00e0 nh\u1eadp c\u1ea3nh v\u00e0o \u00dd. B\u1ea1n s\u1ebd ph\u1ea3i n\u1ed9p \u0111\u01a1n xin gi\u1ea5y ph\u00e9p c\u01b0 tr\u00fa \u1edf \u00dd trong v\u00f2ng t\u00e1m ng\u00e0y k\u1ec3 t\u1eeb ng\u00e0y nh\u1eadp c\u1ea3nh.<br \/>\n<strong>Chuy\u1ec3n \u0111\u1ebfn \u00dd \u0111\u1ec3 ngh\u1ec9 h\u01b0u<\/strong><br \/>\n\u00dd t\u1ea1o \u0111i\u1ec1u ki\u1ec7n cho nh\u1eefng ng\u01b0\u1eddi c\u00f3 th\u1ec3 t\u1ef1 duy tr\u00ec t\u00e0i ch\u00ednh m\u00e0 kh\u00f4ng c\u1ea7n l\u00e0m vi\u1ec7c c\u00f3 th\u1ec3 chuy\u1ec3n \u0111\u1ebfn \u00dd th\u00f4ng qua th\u1ecb th\u1ef1c C\u01b0 tr\u00fa T\u1ef1 ch\u1ecdn .<br \/>\nC\u00f4ng d\u00e2n n\u01b0\u1edbc ngo\u00e0i n\u1ed9p \u0111\u01a1n xin th\u1ecb th\u1ef1c c\u01b0 tr\u00fa t\u1ef1 ch\u1ecdn ph\u1ea3i ch\u1ee9ng minh r\u1eb1ng h\u1ecd c\u00f3 \u0111\u1ee7 ph\u01b0\u01a1ng ti\u1ec7n t\u00e0i ch\u00ednh (\u00edt nh\u1ea5t 31.000 \u20ac m\u1ed7i n\u0103m) t\u1eeb l\u01b0\u01a1ng h\u01b0u, ti\u1ec1n ti\u1ebft ki\u1ec7m ho\u1eb7c c\u00e1c ngu\u1ed3n kh\u00e1c \u0111\u1ec3 t\u1ef1 trang tr\u1ea3i.<br \/>\nN\u1ebfu b\u1ea1n n\u1ed9p \u0111\u01a1n xin th\u1ecb th\u1ef1c c\u01b0 tr\u00fa t\u1ef1 ch\u1ecdn, b\u1ea1n kh\u00f4ng \u0111\u01b0\u1ee3c ph\u00e9p l\u00e0m vi\u1ec7c \u1edf \u00dd. Th\u1ecb th\u1ef1c n\u00e0y ph\u1ed5 bi\u1ebfn \u0111\u1ed1i v\u1edbi nh\u1eefng ng\u01b0\u1eddi mu\u1ed1n ngh\u1ec9 h\u01b0u \u1edf \u00dd, \u0111\u00f3 l\u00e0 l\u00fd do t\u1ea1i sao n\u00f3 \u0111\u00f4i khi \u0111\u01b0\u1ee3c g\u1ecdi l\u00e0 gi\u1ea5y ph\u00e9p ngh\u1ec9 h\u01b0u.<br \/>\n<strong>3. Chuy\u1ec3n \u0111\u1ebfn \u00dd v\u0129nh vi\u1ec5n v\u1edbi t\u01b0 c\u00e1ch l\u00e0 c\u00f4ng d\u00e2n ngo\u00e0i EU<\/strong><br \/>\nSau khi s\u1ed1ng \u1edf \u00dd v\u1edbi gi\u1ea5y ph\u00e9p c\u01b0 tr\u00fa t\u1ea1m th\u1eddi trong 5 n\u0103m, t\u1ea5t c\u1ea3 c\u00e1c c\u00f4ng d\u00e2n ngo\u00e0i EU \u0111\u1ec1u c\u00f3 \u0111\u1ee7 \u0111i\u1ec1u ki\u1ec7n \u0111\u1ec3 n\u1ed9p \u0111\u01a1n xin th\u01b0\u1eddng tr\u00fa t\u1ea1i \u00dd.<br \/>\nTh\u01b0\u1eddng tr\u00fa nh\u00e2n mang l\u1ea1i nhi\u1ec1u l\u1ee3i \u00edch gi\u1ed1ng nh\u01b0 t\u1ea5t c\u1ea3 c\u00e1c c\u00f4ng d\u00e2n \u00dd kh\u00e1c, ch\u1eb3ng h\u1ea1n nh\u01b0 \u0111\u01b0\u1ee3c h\u01b0\u1edfng c\u00e1c ph\u00fac l\u1ee3i c\u1ee7a nh\u00e0 n\u01b0\u1edbc, nh\u01b0 thai s\u1ea3n ho\u1eb7c khuy\u1ebft t\u1eadt.<br \/>\nC\u00f4ng d\u00e2n EU c\u00f3 th\u1ebb th\u01b0\u1eddng tr\u00fa c\u00f3 th\u1ec3 n\u1ed9p \u0111\u01a1n xin qu\u1ed1c t\u1ecbch \u00dd sau m\u01b0\u1eddi n\u0103m.<\/p>\n[\/vc_column_text][\/vc_column][\/vc_row]\n<\/div>","protected":false},"excerpt":{"rendered":"<p>[vc_row css=&#8221;.vc_custom_1748319360434{margin-top: -30px !important;}&#8221;][vc_column][\/vc_column][\/vc_row][vc_row][vc_column][vc_column_text css=&#8221;&#8221;] \u00dd ch\u1eafc ch\u1eafn l\u00e0 m\u1ed9t trong nh\u1eefng \u0111i\u1ec3m \u0111\u1ebfn du l\u1ecbch n\u1ed5i ti\u1ebfng nh\u1ea5t tr\u00ean th\u1ebf gi\u1edbi, v\u1edbi h\u00e0ng tri\u1ec7u tri\u1ec7u ng\u01b0\u1eddi tr\u00ean th\u1ebf gi\u1edbi gh\u00e9 th\u0103m m\u1ed7i n\u0103m. V\u00e0 v\u1edbi nhi\u1ec1u di t\u00edch l\u1ecbch s\u1eed v\u00e0 xinh \u0111\u1eb9p c\u1ee7a Rome, nh\u1eefng con k\u00eanh th\u01a1 m\u1ed9ng c\u1ee7a Venice, v\u1ebb \u0111\u1eb9p [&hellip;]<\/p>\n","protected":false},"author":4,"featured_media":0,"parent":0,"menu_order":0,"comment_status":"closed","ping_status":"closed","template":"","meta":{"footnotes":""},"class_list":["post-9303","page","type-page","status-publish","hentry"],"_links":{"self":[{"href":"https:\/\/immico.vn\/vi\/wp-json\/wp\/v2\/pages\/9303","targetHints":{"allow":["GET"]}}],"collection":[{"href":"https:\/\/immico.vn\/vi\/wp-json\/wp\/v2\/pages"}],"about":[{"href":"https:\/\/immico.vn\/vi\/wp-json\/wp\/v2\/types\/page"}],"author":[{"embeddable":true,"href":"https:\/\/immico.vn\/vi\/wp-json\/wp\/v2\/users\/4"}],"replies":[{"embeddable":true,"href":"https:\/\/immico.vn\/vi\/wp-json\/wp\/v2\/comments?post=9303"}],"version-history":[{"count":5,"href":"https:\/\/immico.vn\/vi\/wp-json\/wp\/v2\/pages\/9303\/revisions"}],"predecessor-version":[{"id":10580,"href":"https:\/\/immico.vn\/vi\/wp-json\/wp\/v2\/pages\/9303\/revisions\/10580"}],"wp:attachment":[{"href":"https:\/\/immico.vn\/vi\/wp-json\/wp\/v2\/media?parent=9303"}],"curies":[{"name":"wp","href":"https:\/\/api.w.org\/{rel}","templated":true}]}}