{"id":9305,"date":"2023-12-25T04:48:16","date_gmt":"2023-12-25T04:48:16","guid":{"rendered":"https:\/\/immico.vn\/?page_id=9305\/"},"modified":"2025-05-27T04:21:25","modified_gmt":"2025-05-27T04:21:25","slug":"dinh-cu-slovakia","status":"publish","type":"page","link":"https:\/\/immico.vn\/vi\/dinh-cu-slovakia\/","title":{"rendered":"\u0110\u1ecbnh c\u01b0 Slovakia"},"content":{"rendered":"<div class=\"wpb-content-wrapper\">[vc_row css=&#8221;.vc_custom_1748319677947{margin-top: -30px !important;}&#8221;][vc_column]<div class=\"shortcode-wrapper shortcode-title clearfix hb-animate-element hb-fade-in\"><p style=\"color:#9a4c3c!important;border-color:#9a4c3c\" class=\"hb-text-large aligncenter\">\u0110\u1ecbnh c\u01b0 Slovakia<\/p><\/div>[\/vc_column][\/vc_row][vc_row][vc_column][vc_column_text css=&#8221;&#8221;]\n<p style=\"text-align: justify;\">N\u1eb1m \u1edf Trung \u00c2u, v\u1edbi nh\u1eefng kho t\u00e0ng thi\u00ean nhi\u00ean tuy\u1ec7t \u0111\u1eb9p v\u00e0 di t\u00edch l\u1ecbch s\u1eed, Slovakia l\u00e0 qu\u00ea h\u01b0\u01a1ng c\u1ee7a h\u01a1n 100.000 ng\u01b0\u1eddi n\u01b0\u1edbc ngo\u00e0i t\u1eeb kh\u1eafp n\u01a1i tr\u00ean th\u1ebf gi\u1edbi. Slovakia, t\u00ean ch\u00ednh th\u1ee9c l\u00e0 C\u1ed9ng h\u00f2a Slovakia, l\u00e0 m\u1ed9t qu\u1ed1c gia ph\u00e1t tri\u1ec3n c\u00f3 n\u1ec1n kinh t\u1ebf thu nh\u1eadp cao, m\u00f4i tr\u01b0\u1eddng s\u1ed1ng an to\u00e0n v\u00e0 m\u1ee9c s\u1ed1ng cao. \u0110\u1ea5t n\u01b0\u1edbc n\u00e0y ho\u1ea1t \u0111\u1ed9ng t\u1ed1t tr\u00ean nhi\u1ec1u l\u0129nh v\u1ef1c kh\u00e1c nh\u01b0 t\u1ef1 do d\u00e2n s\u1ef1, t\u1ef1 do b\u00e1o ch\u00ed, h\u00f2a b\u00ecnh, v.v.<br \/>\nSlovakia c\u0169ng mang \u0111\u1ebfn nh\u1eefng c\u01a1 h\u1ed9i tuy\u1ec7t v\u1eddi \u0111\u1ec3 ph\u00e1t tri\u1ec3n ngh\u1ec1 nghi\u1ec7p c\u00f9ng v\u1edbi \u0111\u1eddi s\u1ed1ng x\u00e3 h\u1ed9i ph\u1ea3i ch\u0103ng. T\u1ea5t c\u1ea3 nh\u1eefng y\u1ebfu t\u1ed1 n\u00e0y \u0111\u00e3 tr\u1edf th\u00e0nh nam ch\u00e2m thu h\u00fat ng\u01b0\u1eddi n\u01b0\u1edbc ngo\u00e0i chuy\u1ec3n \u0111\u1ebfn ch\u00e2u \u00c2u ch\u1ecdn Slovakia l\u00e0m n\u01a1i \u1edf l\u00e2u d\u00e0i m\u1edbi, \u0111\u1eb7c bi\u1ec7t l\u00e0 sinh vi\u00ean v\u00e0 c\u00e1 nh\u00e2n mu\u1ed1n l\u00e0m vi\u1ec7c t\u1ea1i \u0111\u00f3.<br \/>\n<strong>1. T\u00f4i c\u00f3 c\u1ea7n Visa \u0111\u1ec3 chuy\u1ec3n \u0111\u1ebfn Slovakia kh\u00f4ng?<\/strong><br \/>\nVi\u1ec7c b\u1ea1n c\u00f3 c\u1ea7n visa \u0111\u1ec3 \u0111\u1ebfn Slovakia hay kh\u00f4ng ph\u1ee5 thu\u1ed9c v\u00e0o qu\u1ed1c gia b\u1ea1n \u0111\u1ebfn:<br \/>\n&#8211; C\u00f4ng d\u00e2n EU\/EEA v\u00e0 Th\u1ee5y S\u0129 c\u00f3 th\u1ec3 di chuy\u1ec3n \u0111\u1ebfn Slovakia ch\u1ec9 b\u1eb1ng ch\u1ee9ng minh nh\u00e2n d\u00e2n ho\u1eb7c h\u1ed9 chi\u1ebfu EU h\u1ee3p l\u1ec7. H\u1ecd kh\u00f4ng c\u1ea7n th\u1ecb th\u1ef1c \u0111\u1ec3 v\u00e0o n\u01b0\u1edbc n\u00e0y.<br \/>\n&#8211; C\u00f4ng d\u00e2n kh\u00f4ng thu\u1ed9c EU\/EEA\/Th\u1ee5y S\u0129 s\u1ebd c\u1ea7n th\u1ecb th\u1ef1c (l\u01b0u tr\u00fa d\u00e0i h\u1ea1n) n\u1ebfu h\u1ecd mu\u1ed1n \u1edf l\u1ea1i Slovakia h\u01a1n ba th\u00e1ng. Lo\u1ea1i th\u1ecb th\u1ef1c b\u1ea1n c\u1ea7n ph\u1ee5 thu\u1ed9c v\u00e0o m\u1ee5c \u0111\u00edch chuy\u1ebfn \u0111i c\u1ee7a b\u1ea1n.<br \/>\n<strong>2. L\u00e0m c\u00e1ch n\u00e0o t\u00f4i c\u00f3 th\u1ec3 chuy\u1ec3n \u0111\u1ebfn Slovakia v\u1edbi t\u01b0 c\u00e1ch l\u00e0 C\u00f4ng d\u00e2n EU?<\/strong><br \/>\nC\u00f4ng d\u00e2n EU\/EEA v\u00e0 Th\u1ee5y S\u0129 c\u00f3 th\u1ec3 \u0111\u1ebfn Slovakia l\u00e2u h\u01a1n ba th\u00e1ng (90 ng\u00e0y) m\u00e0 kh\u00f4ng c\u1ea7n xin th\u1ecb th\u1ef1c tr\u01b0\u1edbc. H\u01a1n n\u1eefa, v\u00ec Slovakia l\u00e0 m\u1ed9t ph\u1ea7n c\u1ee7a Li\u00ean minh Ch\u00e2u \u00c2u n\u00ean b\u1ea1n c\u0169ng s\u1ebd \u0111\u01b0\u1ee3c h\u01b0\u1edfng c\u00e1c quy\u1ec1n gi\u1ed1ng nh\u01b0 c\u00e1c c\u00f4ng d\u00e2n EU kh\u00e1c.<br \/>\nSau khi \u0111\u1ebfn n\u01b0\u1edbc n\u00e0y, b\u1ea1n ph\u1ea3i \u0111\u0103ng k\u00fd c\u01b0 tr\u00fa trong v\u00f2ng 30 ng\u00e0y k\u1ec3 t\u1eeb ng\u00e0y \u0111\u1ebfn Slovakia t\u1ea1i C\u1ee5c C\u1ea3nh s\u00e1t n\u01b0\u1edbc ngo\u00e0i c\u00f3 th\u1ea9m quy\u1ec1n, c\u00f9ng v\u1edbi c\u00e1c gi\u1ea5y t\u1edd m\u00e0 h\u1ecd y\u00eau c\u1ea7u b\u1ea1n n\u1ed9p. B\u1ea1n s\u1ebd \u0111\u01b0\u1ee3c ph\u00e9p s\u1ed1ng, l\u00e0m vi\u1ec7c v\u00e0 h\u1ecdc t\u1eadp t\u1ea1i Slovakia.<br \/>\n<strong>3. L\u00e0m c\u00e1ch n\u00e0o t\u00f4i c\u00f3 th\u1ec3 chuy\u1ec3n \u0111\u1ebfn Slovakia v\u1edbi t\u01b0 c\u00e1ch l\u00e0 C\u00f4ng d\u00e2n ngo\u00e0i EU?<\/strong><br \/>\nC\u00f4ng d\u00e2n n\u01b0\u1edbc th\u1ee9 ba mu\u1ed1n \u0111\u1ebfn Slovakia trong th\u1eddi gian d\u00e0i h\u01a1n ba th\u00e1ng (90 ng\u00e0y) c\u1ea7n ph\u1ea3i xin th\u1ecb th\u1ef1c D (th\u1ecb th\u1ef1c l\u01b0u tr\u00fa d\u00e0i h\u1ea1n), c\u00f2n \u0111\u01b0\u1ee3c g\u1ecdi l\u00e0 th\u1ecb th\u1ef1c qu\u1ed1c gia. Lo\u1ea1i th\u1ecb th\u1ef1c d\u00e0i h\u1ea1n m\u00e0 b\u1ea1n n\u1ed9p \u0111\u01a1n xin t\u00f9y thu\u1ed9c v\u00e0o m\u1ee5c \u0111\u00edch chuy\u1ebfn \u0111i c\u1ee7a b\u1ea1n \u0111\u1ebfn Slovakia. V\u00ed d\u1ee5: b\u1ea1n c\u00f3 th\u1ec3 xin th\u1ecb th\u1ef1c d\u00e0i h\u1ea1n \u0111\u1ec3 l\u00e0m vi\u1ec7c, h\u1ecdc t\u1eadp, \u0111o\u00e0n t\u1ee5 gia \u0111\u00ecnh, v.v.<br \/>\nKhi b\u1ea1n \u0111\u01b0\u1ee3c c\u1ea5p b\u1ea5t k\u1ef3 lo\u1ea1i th\u1ecb th\u1ef1c d\u00e0i h\u1ea1n n\u00e0o, b\u1ea1n c\u0169ng s\u1ebd \u0111\u01b0\u1ee3c c\u1ea5p gi\u1ea5y ph\u00e9p c\u01b0 tr\u00fa (t\u1ea1m th\u1eddi, v\u0129nh vi\u1ec5n, dung n\u1ea1p).<br \/>\n<strong>Chuy\u1ec3n \u0111\u1ebfn Slovakia \u0111\u1ec3 l\u00e0m vi\u1ec7c<\/strong><br \/>\nC\u00f4ng d\u00e2n n\u01b0\u1edbc th\u1ee9 ba t\u1edbi Slovakia v\u00ec m\u1ee5c \u0111\u00edch lao \u0111\u1ed9ng ph\u1ea3i n\u1ed9p \u0111\u01a1n xin th\u1ecb th\u1ef1c lao \u0111\u1ed9ng Slovakia. Slovakia c\u1ea5p m\u1ed9t s\u1ed1 lo\u1ea1i th\u1ecb th\u1ef1c l\u00e0m vi\u1ec7c m\u00e0 b\u1ea1n c\u00f3 th\u1ec3 ch\u1ecdn \u0111\u1ec3 \u0111\u0103ng k\u00fd t\u00f9y thu\u1ed9c v\u00e0o lo\u1ea1i c\u00f4ng vi\u1ec7c b\u1ea1n \u0111\u1ecbnh l\u00e0m; tuy nhi\u00ean, m\u1ed9t trong nh\u1eefng lo\u1ea1i th\u1ecb th\u1ef1c l\u00e0m vi\u1ec7c ph\u1ed5 bi\u1ebfn nh\u1ea5t d\u00e0nh cho ng\u01b0\u1eddi n\u01b0\u1edbc ngo\u00e0i l\u00e0 gi\u1ea5y ph\u00e9p m\u1ed9t l\u1ea7n.<br \/>\nT\u00f9y thu\u1ed9c v\u00e0o lo\u1ea1i c\u00f4ng vi\u1ec7c b\u1ea1n s\u1ebd th\u1ef1c hi\u1ec7n, b\u1ea1n c\u00f3 th\u1ec3 n\u1ed9p \u0111\u01a1n xin m\u1ed9t trong c\u00e1c th\u1ecb th\u1ef1c l\u00e0m vi\u1ec7c sau \u0111\u00e2y.<br \/>\n<strong>&#8211; Gi\u1ea5y ph\u00e9p duy nh\u1ea5t.<\/strong><br \/>\n<strong>&#8211; Gi\u1ea5y ph\u00e9p lao \u0111\u1ed9ng.<\/strong><br \/>\n<strong>&#8211; Th\u1ebb xanh EU (c\u00f4ng nh\u00e2n c\u00f3 tay ngh\u1ec1 cao).<\/strong><br \/>\nTh\u1ecb th\u1ef1c l\u00e0m vi\u1ec7c s\u1ebd c\u00f3 hi\u1ec7u l\u1ef1c trong c\u00f9ng th\u1eddi h\u1ea1n v\u1edbi h\u1ee3p \u0111\u1ed3ng lao \u0111\u1ed9ng c\u1ee7a b\u1ea1n, nh\u01b0ng b\u1ea1n c\u00f3 th\u1ec3 gia h\u1ea1n. B\u1ea1n c\u0169ng \u0111\u01b0\u1ee3c ph\u00e9p mang theo c\u00e1c th\u00e0nh vi\u00ean trong gia \u0111\u00ecnh \u0111i c\u00f9ng.<br \/>\n<strong>Chuy\u1ec3n \u0111\u1ebfn Slovakia \u0111\u1ec3 h\u1ecdc t\u1eadp<\/strong><br \/>\nN\u1ebfu b\u1ea1n \u0111\u01b0\u1ee3c nh\u1eadn v\u00e0o m\u1ed9t c\u01a1 s\u1edf gi\u00e1o d\u1ee5c \u1edf Slovakia v\u00e0 mu\u1ed1n chuy\u1ec3n \u0111\u1ebfn Slovakia \u0111\u1ec3 ti\u1ebfp t\u1ee5c h\u1ecdc, b\u1ea1n s\u1ebd c\u1ea7n ph\u1ea3i n\u1ed9p \u0111\u01a1n xin v\u00e0 xin th\u1ecb th\u1ef1c du h\u1ecdc. B\u1ea1n c\u00f3 th\u1ec3 n\u1ed9p \u0111\u01a1n xin th\u1ecb th\u1ef1c du h\u1ecdc t\u1ea1i c\u01a1 quan ngo\u1ea1i giao Slovakia g\u1ea7n nh\u1ea5t (\u0111\u1ea1i s\u1ee9 qu\u00e1n ho\u1eb7c l\u00e3nh s\u1ef1 qu\u00e1n) \u1edf n\u01b0\u1edbc b\u1ea1n.<br \/>\nTh\u1ecb th\u1ef1c du h\u1ecdc th\u01b0\u1eddng \u0111\u01b0\u1ee3c c\u1ea5p c\u00f3 th\u1eddi h\u1ea1n t\u1eeb m\u1ed9t \u0111\u1ebfn ba n\u0103m ho\u1eb7c cho \u0111\u1ebfn khi ch\u01b0\u01a1ng tr\u00ecnh h\u1ecdc c\u1ee7a b\u1ea1n ho\u00e0n th\u00e0nh. V\u1edbi lo\u1ea1i th\u1ecb th\u1ef1c n\u00e0y, b\u1ea1n s\u1ebd \u0111\u01b0\u1ee3c ph\u00e9p l\u00e0m vi\u1ec7c t\u1ed1i \u0111a 20 gi\u1edd m\u1ed7i tu\u1ea7n v\u00e0 mang theo c\u00e1c th\u00e0nh vi\u00ean gia \u0111\u00ecnh \u0111i c\u00f9ng.<br \/>\n<strong>Chuy\u1ec3n \u0111\u1ebfn Slovakia \u0111\u1ec3 \u0111o\u00e0n t\u1ee5 gia \u0111\u00ecnh<\/strong><br \/>\nC\u00f4ng d\u00e2n t\u1eeb c\u00e1c qu\u1ed1c gia ngo\u00e0i EU c\u00f3 th\u00e0nh vi\u00ean gia \u0111\u00ecnh \u1edf Slovakia c\u00f3 th\u1ec3 tham gia c\u00f9ng h\u1ecd b\u1eb1ng c\u00e1ch xin th\u1ecb th\u1ef1c gia \u0111\u00ecnh Slovakia. C\u00f3 hai lo\u1ea1i th\u1ecb th\u1ef1c gia \u0111\u00ecnh m\u00e0 b\u1ea1n c\u00f3 th\u1ec3 n\u1ed9p \u0111\u01a1n xin:<br \/>\n&#8211; Visa \u0111o\u00e0n t\u1ee5 gia \u0111\u00ecnh (n\u1ebfu b\u1ea1n k\u1ebft h\u00f4n v\u1edbi c\u00f4ng d\u00e2n Slovakia).<br \/>\n&#8211; Visa gia \u0111\u00ecnh cho th\u00e0nh vi\u00ean gia \u0111\u00ecnh \u0111i c\u00f9ng c\u1ee7a ng\u01b0\u1eddi lao \u0111\u1ed9ng n\u01b0\u1edbc ngo\u00e0i.<br \/>\n\u0110\u01a1n xin th\u1ecb th\u1ef1c gia \u0111\u00ecnh \u0111\u01b0\u1ee3c th\u1ef1c hi\u1ec7n t\u1ea1i \u0111\u1ea1i s\u1ee9 qu\u00e1n ho\u1eb7c l\u00e3nh s\u1ef1 qu\u00e1n Slovakia g\u1ea7n nh\u1ea5t \u1edf n\u01b0\u1edbc b\u1ea1n. Sau khi \u0111\u01b0\u1ee3c c\u1ea5p th\u1ecb th\u1ef1c gia \u0111\u00ecnh, b\u1ea1n s\u1ebd nh\u1eadn \u0111\u01b0\u1ee3c gi\u1ea5y ph\u00e9p c\u01b0 tr\u00fa c\u00f3 gi\u00e1 tr\u1ecb trong 5 n\u0103m. Lo\u1ea1i th\u1ecb th\u1ef1c n\u00e0y cho ph\u00e9p b\u1ea1n t\u1ef1 do l\u00e0m vi\u1ec7c v\u00e0 h\u1ecdc t\u1eadp t\u1ea1i Slovakia.<br \/>\nC\u00e1c th\u00e0nh vi\u00ean gia \u0111\u00ecnh c\u00f3 th\u1ec3 n\u1ed9p \u0111\u01a1n xin th\u1ecb th\u1ef1c gia \u0111\u00ecnh Slovakia bao g\u1ed3m:<br \/>\n&#8211; V\u1ee3\/ch\u1ed3ng c\u1ee7a c\u00f4ng d\u00e2n Slovakia ho\u1eb7c c\u00f4ng d\u00e2n n\u01b0\u1edbc th\u1ee9 ba c\u00f3 gi\u1ea5y ph\u00e9p c\u01b0 tr\u00fa t\u1ea1i Slovakia.<br \/>\n&#8211; Con ch\u01b0a th\u00e0nh ni\u00ean c\u1ee7a ng\u01b0\u1eddi n\u01b0\u1edbc ngo\u00e0i l\u00e0 v\u1ee3\/ch\u1ed3ng c\u1ee7a c\u00f4ng d\u00e2n Slovakia c\u00f3 h\u1ed9 kh\u1ea9u th\u01b0\u1eddng tr\u00fa t\u1ea1i Slovakia.<br \/>\n&#8211; Con c\u00e1i c\u1ee7a c\u00f4ng d\u00e2n Slovakia mu\u1ed1n s\u1ed1ng v\u1edbi cha m\u1eb9.<br \/>\n<strong>4. Slovakia c\u00f3 cho ph\u00e9p c\u00f3 hai qu\u1ed1c t\u1ecbch kh\u00f4ng?<\/strong><br \/>\nC\u1ed9ng h\u00f2a Slovakia ch\u1ec9 c\u00f4ng nh\u1eadn hai qu\u1ed1c t\u1ecbch trong m\u1ed9t s\u1ed1 tr\u01b0\u1eddng h\u1ee3p nh\u1ea5t \u0111\u1ecbnh, ch\u1eb3ng h\u1ea1n nh\u01b0 n\u1ebfu b\u1ea1n c\u00f3 \u0111\u01b0\u1ee3c qu\u1ed1c t\u1ecbch khi sinh ra, th\u00f4ng qua k\u1ebft h\u00f4n ho\u1eb7c n\u1ebfu b\u1ea1n c\u00f3 qu\u1ed1c t\u1ecbch kh\u00e1c tr\u01b0\u1edbc khi tr\u1edf th\u00e0nh c\u00f4ng d\u00e2n Slovakia.<br \/>\nTuy nhi\u00ean, \u0111\u1ea5t n\u01b0\u1edbc n\u00e0y kh\u00f4ng cho ph\u00e9p c\u00f4ng d\u00e2n c\u1ee7a m\u00ecnh duy tr\u00ec hai qu\u1ed1c t\u1ecbch. Trong nh\u1eefng tr\u01b0\u1eddng h\u1ee3p nh\u01b0 v\u1eady, qu\u1ed1c t\u1ecbch Slovakia s\u1ebd t\u1ef1 \u0111\u1ed9ng b\u1ecb m\u1ea5t.<br \/>\n<strong>5. T\u00f4i c\u1ea7n s\u1ed1ng \u1edf Slovakia bao l\u00e2u \u0111\u1ec3 c\u00f3 \u0111\u01b0\u1ee3c quy\u1ec1n c\u00f4ng d\u00e2n?<\/strong><br \/>\n\u0110\u1ec3 \u0111\u1ee7 \u0111i\u1ec1u ki\u1ec7n nh\u1eadp qu\u1ed1c t\u1ecbch Slovakia, b\u1ea1n ph\u1ea3i c\u00f3 \u00edt nh\u1ea5t 8 n\u0103m th\u01b0\u1eddng tr\u00fa li\u00ean t\u1ee5c \u1edf Slovakia. \u0110\u00e2y l\u00e0 c\u00e1ch b\u1ea1n c\u00f3 th\u1ec3 c\u00f3 \u0111\u01b0\u1ee3c quy\u1ec1n c\u00f4ng d\u00e2n b\u1eb1ng c\u00e1ch nh\u1eadp t\u1ecbch.<br \/>\nNgo\u00e0i ra c\u00f2n c\u00f3 c\u00e1c ti\u00eau ch\u00ed kh\u00e1c m\u00e0 b\u1ea1n ph\u1ea3i \u0111\u00e1p \u1ee9ng \u0111\u1ec3 \u0111\u1ee7 \u0111i\u1ec1u ki\u1ec7n nh\u1eadp qu\u1ed1c t\u1ecbch (ki\u1ec3m tra t\u00ednh x\u00e1c th\u1ef1c, tr\u00ecnh \u0111\u1ed9 ti\u1ebfng Slovak, ki\u1ebfn th\u1ee9c v\u1ec1 \u0111\u1ea5t n\u01b0\u1edbc, v.v.). Tuy nhi\u00ean, th\u1eddi gian c\u01b0 tr\u00fa \u1edf Slovakia r\u1ea5t quan tr\u1ecdng.<br \/>\nNh\u1eefng c\u00e1ch kh\u00e1c \u0111\u1ec3 b\u1ea1n c\u00f3 th\u1ec3 gi\u00e0nh \u0111\u01b0\u1ee3c quy\u1ec1n c\u00f4ng d\u00e2n Slovakia l\u00e0:<br \/>\n&#8211; Quy\u1ec1n c\u00f4ng d\u00e2n khi sinh ra.<br \/>\n&#8211; Quy\u1ec1n c\u00f4ng d\u00e2n theo d\u00f2ng d\u00f5i.<br \/>\n&#8211; Quy\u1ec1n c\u00f4ng d\u00e2n th\u00f4ng qua vi\u1ec7c nh\u1eadn con nu\u00f4i.<br \/>\n&#8211; Quy\u1ec1n c\u00f4ng d\u00e2n th\u00f4ng qua h\u00f4n nh\u00e2n.<br \/>\n&#8211; Quy\u1ec1n c\u00f4ng d\u00e2n th\u00f4ng qua \u0111\u1ea7u t\u01b0.<\/p>\n[\/vc_column_text][\/vc_column][\/vc_row]\n<\/div>","protected":false},"excerpt":{"rendered":"<p>[vc_row css=&#8221;.vc_custom_1748319677947{margin-top: -30px !important;}&#8221;][vc_column][\/vc_column][\/vc_row][vc_row][vc_column][vc_column_text css=&#8221;&#8221;] N\u1eb1m \u1edf Trung \u00c2u, v\u1edbi nh\u1eefng kho t\u00e0ng thi\u00ean nhi\u00ean tuy\u1ec7t \u0111\u1eb9p v\u00e0 di t\u00edch l\u1ecbch s\u1eed, Slovakia l\u00e0 qu\u00ea h\u01b0\u01a1ng c\u1ee7a h\u01a1n 100.000 ng\u01b0\u1eddi n\u01b0\u1edbc ngo\u00e0i t\u1eeb kh\u1eafp n\u01a1i tr\u00ean th\u1ebf gi\u1edbi. Slovakia, t\u00ean ch\u00ednh th\u1ee9c l\u00e0 C\u1ed9ng h\u00f2a Slovakia, l\u00e0 m\u1ed9t qu\u1ed1c gia ph\u00e1t tri\u1ec3n c\u00f3 n\u1ec1n kinh [&hellip;]<\/p>\n","protected":false},"author":4,"featured_media":0,"parent":0,"menu_order":0,"comment_status":"closed","ping_status":"closed","template":"","meta":{"footnotes":""},"class_list":["post-9305","page","type-page","status-publish","hentry"],"_links":{"self":[{"href":"https:\/\/immico.vn\/vi\/wp-json\/wp\/v2\/pages\/9305","targetHints":{"allow":["GET"]}}],"collection":[{"href":"https:\/\/immico.vn\/vi\/wp-json\/wp\/v2\/pages"}],"about":[{"href":"https:\/\/immico.vn\/vi\/wp-json\/wp\/v2\/types\/page"}],"author":[{"embeddable":true,"href":"https:\/\/immico.vn\/vi\/wp-json\/wp\/v2\/users\/4"}],"replies":[{"embeddable":true,"href":"https:\/\/immico.vn\/vi\/wp-json\/wp\/v2\/comments?post=9305"}],"version-history":[{"count":5,"href":"https:\/\/immico.vn\/vi\/wp-json\/wp\/v2\/pages\/9305\/revisions"}],"predecessor-version":[{"id":10588,"href":"https:\/\/immico.vn\/vi\/wp-json\/wp\/v2\/pages\/9305\/revisions\/10588"}],"wp:attachment":[{"href":"https:\/\/immico.vn\/vi\/wp-json\/wp\/v2\/media?parent=9305"}],"curies":[{"name":"wp","href":"https:\/\/api.w.org\/{rel}","templated":true}]}}