{"id":9307,"date":"2023-12-25T04:48:52","date_gmt":"2023-12-25T04:48:52","guid":{"rendered":"https:\/\/immico.vn\/?page_id=9307\/"},"modified":"2025-05-27T04:14:38","modified_gmt":"2025-05-27T04:14:38","slug":"dinh-cu-malta","status":"publish","type":"page","link":"https:\/\/immico.vn\/vi\/dinh-cu-malta\/","title":{"rendered":"\u0110\u1ecbnh c\u01b0 Malta"},"content":{"rendered":"<div class=\"wpb-content-wrapper\">[vc_row css=&#8221;.vc_custom_1748319269375{margin-top: -30px !important;}&#8221;][vc_column]<div class=\"shortcode-wrapper shortcode-title clearfix hb-animate-element hb-fade-in\"><p style=\"color:#9a4c3c!important;border-color:#9a4c3c\" class=\"hb-text-large aligncenter\">\u0110\u1ecbnh c\u01b0 Malta<\/p><\/div>[\/vc_column][\/vc_row][vc_row][vc_column][vc_column_text css=&#8221;&#8221;]\n<p style=\"text-align: justify;\">Vi\u00ean ng\u1ecdc tuy\u1ec7t \u0111\u1eb9p c\u1ee7a Nam \u00c2u, v\u1edbi \u0111\u1ea7m ph\u00e1 m\u00e0u ng\u1ecdc lam v\u00e0 th\u1eddi ti\u1ebft \u0111\u1ea7y n\u1eafng, Malta l\u00e0 \u0111i\u1ec3m \u0111\u1ebfn ph\u1ed5 bi\u1ebfn \u0111\u1ed1i v\u1edbi nh\u1eefng ng\u01b0\u1eddi n\u01b0\u1edbc ngo\u00e0i chuy\u1ec3n \u0111\u1ebfn ch\u00e2u \u00c2u d\u00e0i h\u1ea1n. Ng\u01b0\u1eddi n\u01b0\u1edbc ngo\u00e0i t\u1eeb kh\u1eafp n\u01a1i tr\u00ean th\u1ebf gi\u1edbi c\u00f3 xu h\u01b0\u1edbng ch\u1ecdn Malta l\u00e0 n\u01a1i c\u01b0 tr\u00fa l\u00e2u d\u00e0i m\u1edbi do ch\u1ea5t l\u01b0\u1ee3ng cu\u1ed9c s\u1ed1ng cao, h\u1ec7 th\u1ed1ng ch\u0103m s\u00f3c s\u1ee9c kh\u1ecfe tuy\u1ec7t v\u1eddi, chi ph\u00ed sinh ho\u1ea1t ph\u1ea3i ch\u0103ng v\u00e0 m\u1ee9c s\u1ed1ng cao m\u00e0 \u0111\u1ea5t n\u01b0\u1edbc n\u00e0y mang l\u1ea1i.<br \/>\nMalta c\u0169ng c\u00f3 t\u1ef7 l\u1ec7 vi\u1ec7c l\u00e0m cao v\u00e0 cung c\u1ea5p \u0111i\u1ec1u ki\u1ec7n l\u00e0m vi\u1ec7c tuy\u1ec7t v\u1eddi cho ng\u01b0\u1eddi lao \u0111\u1ed9ng, khi\u1ebfn n\u01a1i \u0111\u00e2y tr\u1edf th\u00e0nh m\u1ed9t n\u01a1i tuy\u1ec7t v\u1eddi \u0111\u1ec3 ph\u00e1t tri\u1ec3n chuy\u00ean nghi\u1ec7p.<br \/>\n<strong>1. Ai c\u00f3 th\u1ec3 chuy\u1ec3n \u0111\u1ebfn Malta?<\/strong><br \/>\nM\u1ecdi ng\u01b0\u1eddi mu\u1ed1n s\u1ed1ng \u1edf Malta \u0111\u1ec1u c\u00f3 th\u1ec3 chuy\u1ec3n \u0111\u1ebfn \u0111\u1ea5t n\u01b0\u1edbc n\u00e0y l\u00e2u d\u00e0i. Tuy nhi\u00ean, qu\u00e1 tr\u00ecnh di chuy\u1ec3n c\u00f3 th\u1ec3 kh\u00e1c nhau t\u00f9y thu\u1ed9c v\u00e0o n\u01a1i b\u1ea1n \u0111\u1ebfn.<br \/>\n&#8211; C\u00f4ng d\u00e2n EU\/EEA v\u00e0 Th\u1ee5y S\u0129 mu\u1ed1n chuy\u1ec3n \u0111\u1ebfn Malta v\u0129nh vi\u1ec5n kh\u00f4ng c\u1ea7n th\u1ecb th\u1ef1c d\u00e0i h\u1ea1n (visa D), thay v\u00e0o \u0111\u00f3, h\u1ecd c\u00f3 th\u1ec3 n\u1ed9p \u0111\u01a1n xin gi\u1ea5y ch\u1ee9ng nh\u1eadn \u0111\u0103ng k\u00fd.<br \/>\n&#8211; C\u00f4ng d\u00e2n kh\u00f4ng thu\u1ed9c EU\/EEA\/Th\u1ee5y S\u0129 c\u1ea7n c\u00f3 lo\u1ea1i th\u1ecb th\u1ef1c D (th\u1ecb th\u1ef1c d\u00e0i h\u1ea1n) v\u00e0 gi\u1ea5y ph\u00e9p c\u01b0 tr\u00fa t\u1ea1m th\u1eddi \u0111\u1ec3 \u0111\u01b0\u1ee3c ph\u00e9p \u1edf l\u1ea1i Malta trong th\u1eddi gian d\u00e0i h\u01a1n 3 th\u00e1ng.<br \/>\n<strong>2. L\u00e0m c\u00e1ch n\u00e0o t\u00f4i c\u00f3 th\u1ec3 chuy\u1ec3n \u0111\u1ebfn Malta v\u1edbi t\u01b0 c\u00e1ch l\u00e0 C\u00f4ng d\u00e2n EU?<\/strong><br \/>\nV\u00ec Malta l\u00e0 m\u1ed9t ph\u1ea7n c\u1ee7a Li\u00ean minh Ch\u00e2u \u00c2u n\u00ean c\u00f4ng d\u00e2n c\u1ee7a EU\/EEA\/Th\u1ee5y S\u0129 c\u00f3 th\u1ec3 chuy\u1ec3n \u0111\u1ebfn Malta m\u00e0 kh\u00f4ng c\u1ea7n th\u1ecb th\u1ef1c. Tuy nhi\u00ean, n\u1ebfu \u1edf l\u1ea1i l\u00e2u h\u01a1n ba th\u00e1ng, h\u1ecd ph\u1ea3i th\u00f4ng b\u00e1o cho ch\u00ednh quy\u1ec1n Malta. \u0110i\u1ec1u n\u00e0y c\u00f3 ngh\u0129a l\u00e0 b\u1ea1n c\u00f3 quy\u1ec1n l\u00e0m vi\u1ec7c, h\u1ecdc t\u1eadp, sinh s\u1ed1ng \u1edf Malta v\u00e0 di chuy\u1ec3n \u0111\u1ebfn c\u00e1c n\u01b0\u1edbc EU kh\u00e1c m\u1ed9t c\u00e1ch t\u1ef1 do.<br \/>\n<strong>3. L\u00e0m c\u00e1ch n\u00e0o t\u00f4i c\u00f3 th\u1ec3 chuy\u1ec3n \u0111\u1ebfn Malta v\u1edbi t\u01b0 c\u00e1ch l\u00e0 C\u00f4ng d\u00e2n ngo\u00e0i EU?<\/strong><br \/>\nM\u1ecdi ng\u01b0\u1eddi di chuy\u1ec3n \u0111\u1ebfn Malta t\u1eeb m\u1ed9t qu\u1ed1c gia ngo\u00e0i EU trong m\u1ed9t th\u1eddi gian d\u00e0i \u0111\u1ec1u c\u1ea7n c\u00f3 th\u1ecb th\u1ef1c qu\u1ed1c gia (Visa D). Th\u1ecb th\u1ef1c D \u0111\u01b0\u1ee3c c\u1ea5p cho c\u00e1c m\u1ee5c \u0111\u00edch kh\u00e1c nhau, ch\u1eb3ng h\u1ea1n nh\u01b0 \u0111\u1ec3 l\u00e0m vi\u1ec7c, h\u1ecdc t\u1eadp, \u0111o\u00e0n t\u1ee5 gia \u0111\u00ecnh v\u00e0 c\u00e1c l\u00fd do kh\u00e1c y\u00eau c\u1ea7u l\u01b0u tr\u00fa d\u00e0i h\u1ea1n \u1edf Malta.<br \/>\nSau khi nh\u1eadp c\u1ea3nh v\u00e0o \u0111\u1ea5t n\u01b0\u1edbc n\u00e0y b\u1eb1ng visa D, b\u1ea1n ph\u1ea3i n\u1ed9p \u0111\u01a1n xin gi\u1ea5y ph\u00e9p c\u01b0 tr\u00fa t\u1ea1m th\u1eddi t\u1ea1i v\u0103n ph\u00f2ng g\u1ea7n nh\u1ea5t c\u1ee7a C\u01a1 quan Nh\u1eadn d\u1ea1ng Malta.<br \/>\n<strong>Chuy\u1ec3n \u0111\u1ebfn Malta \u0111\u1ec3 l\u00e0m vi\u1ec7c<\/strong><br \/>\nN\u1ebfu b\u1ea1n mu\u1ed1n chuy\u1ec3n \u0111\u1ebfn Malta \u0111\u1ec3 l\u00e0m vi\u1ec7c, b\u1ea1n c\u00f3 th\u1ec3 n\u1ed9p \u0111\u01a1n xin v\u00e0 xin th\u1ecb th\u1ef1c v\u00e0 gi\u1ea5y ph\u00e9p l\u00e0m vi\u1ec7c. Malta c\u1ea5p ba lo\u1ea1i gi\u1ea5y ph\u00e9p lao \u0111\u1ed9ng m\u00e0 b\u1ea1n c\u00f3 th\u1ec3 n\u1ed9p \u0111\u01a1n t\u00f9y thu\u1ed9c v\u00e0o tr\u00ecnh \u0111\u1ed9 c\u1ee7a b\u1ea1n:<br \/>\n\u2022 Gi\u1ea5y ph\u00e9p duy nh\u1ea5t. N\u1ebfu b\u1ea1n nh\u1eadn \u0111\u01b0\u1ee3c l\u1eddi m\u1eddi l\u00e0m vi\u1ec7c t\u1eeb m\u1ed9t nh\u00e0 tuy\u1ec3n d\u1ee5ng \u1edf Malta.<br \/>\n\u2022 S\u00e1ng ki\u1ebfn vi\u1ec7c l\u00e0m quan tr\u1ecdng. N\u1ebfu b\u1ea1n l\u00e0 m\u1ed9t c\u00f4ng nh\u00e2n c\u00f3 tay ngh\u1ec1 cao v\u1edbi m\u1ee9c l\u01b0\u01a1ng h\u00e0ng n\u0103m \u00edt nh\u1ea5t \u20ac30.000.<br \/>\n\u2022 Th\u1ebb xanh EU. N\u1ebfu b\u1ea1n l\u00e0 m\u1ed9t c\u00f4ng nh\u00e2n c\u00f3 tay ngh\u1ec1 cao s\u1ebd ki\u1ebfm \u0111\u01b0\u1ee3c \u00edt nh\u1ea5t 1,5 l\u1ea7n t\u1ed5ng m\u1ee9c l\u01b0\u01a1ng trung b\u00ecnh h\u00e0ng n\u0103m do Malta \u0111\u1eb7t ra v\u00e0 c\u00f3 h\u1ee3p \u0111\u1ed3ng lao \u0111\u1ed9ng c\u00f3 th\u1eddi h\u1ea1n \u00edt nh\u1ea5t m\u1ed9t n\u0103m.<br \/>\nTh\u1ecb th\u1ef1c l\u00e0m vi\u1ec7c \u1edf Malta c\u00f3 hi\u1ec7u l\u1ef1c trong m\u1ed9t n\u0103m (12 th\u00e1ng) v\u00e0 c\u00f3 th\u1ec3 \u0111\u01b0\u1ee3c gia h\u1ea1n n\u1ebfu b\u1ea1n ti\u1ebfp t\u1ee5c l\u00e0m vi\u1ec7c \u1edf Malta. B\u1ea1n c\u0169ng \u0111\u01b0\u1ee3c ph\u00e9p mang theo c\u00e1c th\u00e0nh vi\u00ean trong gia \u0111\u00ecnh khi \u0111ang c\u00f3 visa l\u00e0m vi\u1ec7c.<br \/>\n<strong>Chuy\u1ec3n \u0111\u1ebfn Malta \u0111\u1ec3 h\u1ecdc t\u1eadp<\/strong><br \/>\nMalta c\u1ea5p th\u1ecb th\u1ef1c du h\u1ecdc cho c\u00e1c c\u00f4ng d\u00e2n ngo\u00e0i EU mu\u1ed1n chuy\u1ec3n \u0111\u1ebfn \u0111\u1ea5t n\u01b0\u1edbc n\u00e0y v\u00ec m\u1ee5c \u0111\u00edch h\u1ecdc t\u1eadp. B\u1ea1n c\u00f3 th\u1ec3 n\u1ed9p \u0111\u01a1n xin th\u1ecb th\u1ef1c du h\u1ecdc t\u1ea1i \u0111\u1ea1i s\u1ee9 qu\u00e1n ho\u1eb7c l\u00e3nh s\u1ef1 qu\u00e1n Malta \u1edf n\u01b0\u1edbc b\u1ea1n. Sau khi c\u00f3 \u0111\u01b0\u1ee3c th\u1ecb th\u1ef1c, b\u1ea1n c\u00f3 th\u1ec3 \u0111\u1ebfn Malta v\u00e0 n\u1ed9p \u0111\u01a1n xin gi\u1ea5y ph\u00e9p c\u01b0 tr\u00fa t\u1ea1i trang \u0110\u0103ng k\u00fd tr\u1ef1c tuy\u1ebfn Identity Malta.<br \/>\nLo\u1ea1i th\u1ecb th\u1ef1c n\u00e0y \u0111\u01b0\u1ee3c c\u1ea5p c\u00f3 th\u1eddi h\u1ea1n 12 th\u00e1ng (m\u1ed9t n\u0103m) v\u00e0 cho ph\u00e9p b\u1ea1n l\u00e0m vi\u1ec7c t\u1ed1i \u0111a 20 gi\u1edd m\u1ed7i tu\u1ea7n. C\u00e1c th\u00e0nh vi\u00ean gia \u0111\u00ecnh c\u1ee7a b\u1ea1n c\u0169ng c\u00f3 th\u1ec3 tham gia c\u00f9ng b\u1ea1n mi\u1ec5n l\u00e0 b\u1ea1n \u1edf Malta, nh\u01b0ng b\u1ea1n ph\u1ea3i c\u00f3 \u0111\u1ee7 ngu\u1ed3n t\u00e0i ch\u00ednh \u0111\u1ec3 h\u1ed7 tr\u1ee3 h\u1ecd.<br \/>\n<strong>Chuy\u1ec3n \u0111\u1ebfn Malta \u0111\u1ec3 \u0111o\u00e0n t\u1ee5 gia \u0111\u00ecnh<\/strong><br \/>\nNh\u1eefng c\u00f4ng d\u00e2n ngo\u00e0i EU mu\u1ed1n \u0111o\u00e0n t\u1ee5 v\u1edbi c\u00e1c th\u00e0nh vi\u00ean gia \u0111\u00ecnh c\u1ee7a h\u1ecd c\u01b0 tr\u00fa h\u1ee3p ph\u00e1p t\u1ea1i Malta c\u00f3 th\u1ec3 c\u1ea7n th\u1ecb th\u1ef1c \u0111o\u00e0n t\u1ee5 gia \u0111\u00ecnh. Th\u1ecb th\u1ef1c \u0111o\u00e0n t\u1ee5 gia \u0111\u00ecnh \u0111\u01b0\u1ee3c c\u1ea5p cho:<br \/>\n&#8211; V\u1ee3\/ch\u1ed3ng c\u1ee7a m\u1ed9t c\u01b0 d\u00e2n h\u1ee3p ph\u00e1p c\u1ee7a Malta.<br \/>\n&#8211; Con (d\u01b0\u1edbi 18 tu\u1ed5i) c\u1ee7a cha m\u1eb9 s\u1ed1ng h\u1ee3p ph\u00e1p \u1edf Malta.<br \/>\n&#8211; Con ru\u1ed9t ho\u1eb7c con nu\u00f4i (tr\u00ean 18 tu\u1ed5i) ph\u1ee5 thu\u1ed9c t\u00e0i ch\u00ednh v\u00e0o cha m\u1eb9 s\u1ed1ng \u1edf Malta.<br \/>\nTh\u00e0nh vi\u00ean gia \u0111\u00ecnh \u0111ang s\u1ed1ng \u1edf Malta ph\u1ea3i n\u1ed9p \u0111\u01a1n cho C\u01a1 quan Nh\u1eadn d\u1ea1ng Malta. N\u1ebfu \u0111\u01a1n \u0111\u0103ng k\u00fd \u0111\u01b0\u1ee3c ch\u1ea5p thu\u1eadn, b\u1ea1n c\u00f3 th\u1ec3 \u0111\u1ebfn Malta \u0111\u1ec3 xin gi\u1ea5y ph\u00e9p c\u01b0 tr\u00fa trong v\u00f2ng ba th\u00e1ng k\u1ec3 t\u1eeb khi b\u1ea1n \u0111\u1ebfn.<br \/>\nTh\u1ecb th\u1ef1c \u0111o\u00e0n t\u1ee5 gia \u0111\u00ecnh c\u00f3 gi\u00e1 tr\u1ecb trong m\u1ed9t n\u0103m (12 th\u00e1ng) v\u00e0 c\u00f3 th\u1ec3 \u0111\u01b0\u1ee3c gia h\u1ea1n n\u1ebfu b\u1ea1n ti\u1ebfp t\u1ee5c \u0111\u00e1p \u1ee9ng c\u00e1c y\u00eau c\u1ea7u.<br \/>\n<strong>Chuy\u1ec3n \u0111\u1ebfn Malta \u0111\u1ec3 ngh\u1ec9 h\u01b0u<\/strong><br \/>\nN\u1ebfu b\u1ea1n mu\u1ed1n ngh\u1ec9 h\u01b0u \u1edf Malta, b\u1ea1n c\u1ea7n n\u1ed9p \u0111\u01a1n xin th\u1ecb th\u1ef1c ngh\u1ec9 h\u01b0u t\u1ea1i \u0111\u1ea1i s\u1ee9 qu\u00e1n ho\u1eb7c l\u00e3nh s\u1ef1 qu\u00e1n Malta \u1edf n\u01b0\u1edbc b\u1ea1n. Tuy nhi\u00ean, tr\u01b0\u1edbc khi b\u1ea1n b\u1eaft \u0111\u1ea7u qu\u00e1 tr\u00ecnh n\u1ed9p \u0111\u01a1n xin th\u1ecb th\u1ef1c ngh\u1ec9 h\u01b0u, b\u1ea1n ph\u1ea3i \u0111\u1ea3m b\u1ea3o r\u1eb1ng b\u1ea1n \u0111\u00e1p \u1ee9ng c\u00e1c y\u00eau c\u1ea7u \u0111\u1ec3 nh\u1eadn \u0111\u01b0\u1ee3c lo\u1ea1i th\u1ecb th\u1ef1c n\u00e0y. B\u00ean c\u1ea1nh th\u1ecb th\u1ef1c ngh\u1ec9 h\u01b0u, b\u1ea1n c\u0169ng c\u1ea7n ph\u1ea3i xin gi\u1ea5y ph\u00e9p c\u01b0 tr\u00fa t\u1ea1i C\u01a1 quan Nh\u1eadn d\u1ea1ng Malta.<br \/>\nSau khi th\u1ecb th\u1ef1c ngh\u1ec9 h\u01b0u c\u1ee7a b\u1ea1n \u0111\u01b0\u1ee3c c\u1ea5p, b\u1ea1n c\u00f3 th\u1ec3 chuy\u1ec3n \u0111\u1ebfn Malta. Th\u1ecb th\u1ef1c ngh\u1ec9 h\u01b0u \u0111\u01b0\u1ee3c c\u1ea5p c\u00f3 th\u1eddi h\u1ea1n 5 n\u0103m v\u00e0 c\u00f3 th\u1ec3 \u0111\u01b0\u1ee3c gia h\u1ea1n v\u00f4 th\u1eddi h\u1ea1n n\u1ebfu b\u1ea1n ti\u1ebfp t\u1ee5c \u0111\u00e1p \u1ee9ng c\u00e1c y\u00eau c\u1ea7u.<br \/>\n<strong>Chuy\u1ec3n \u0111\u1ebfn Malta \u0111\u1ec3 \u0111\u1ea7u t\u01b0<\/strong><br \/>\nNh\u1eefng c\u00e1 nh\u00e2n gi\u00e0u c\u00f3 mu\u1ed1n tr\u1edf th\u00e0nh c\u00f4ng d\u00e2n h\u1ee3p ph\u00e1p c\u1ee7a Malta c\u00f3 th\u1ec3 tr\u1edf th\u00e0nh m\u1ed9t ph\u1ea7n c\u1ee7a ch\u01b0\u01a1ng tr\u00ecnh th\u1ecb th\u1ef1c v\u00e0ng. Malta c\u00f3 hai ch\u01b0\u01a1ng tr\u00ecnh th\u1ecb th\u1ef1c v\u00e0ng, trong \u0111\u00f3 m\u1ed9t ch\u01b0\u01a1ng tr\u00ecnh d\u1eabn \u0111\u1ebfn th\u01b0\u1eddng tr\u00fa v\u00e0 ch\u01b0\u01a1ng tr\u00ecnh c\u00f2n l\u1ea1i c\u1ea5p quy\u1ec1n c\u00f4ng d\u00e2n.<br \/>\nNgo\u00e0i ra c\u00f2n c\u00f3 m\u1ed9t lo\u1ea1t c\u00e1c y\u00eau c\u1ea7u m\u00e0 m\u1ed9t ng\u01b0\u1eddi ph\u1ea3i \u0111\u00e1p \u1ee9ng \u0111\u1ec3 \u0111\u1ee7 \u0111i\u1ec1u ki\u1ec7n nh\u1eadn th\u1ecb th\u1ef1c v\u00e0ng, ch\u1eb3ng h\u1ea1n nh\u01b0 c\u00f3 \u0111\u1ee7 ti\u1ec1n c\u1ea7n thi\u1ebft \u0111\u1ec3 t\u1ef1 h\u1ed7 tr\u1ee3 b\u1ea3n th\u00e2n, c\u00f3 l\u00fd l\u1ecbch t\u01b0 ph\u00e1p trong s\u1ea1ch v\u00e0 l\u00e0 ng\u01b0\u1eddi tr\u01b0\u1edfng th\u00e0nh (tr\u00ean 18 tu\u1ed5i). \u0110\u1ec3 tr\u1edf th\u00e0nh c\u01b0 d\u00e2n c\u1ee7a Malta, b\u1ea1n c\u1ea7n \u0111\u1ea7u t\u01b0 m\u1ed9t s\u1ed1 ti\u1ec1n \u0111\u00e1ng k\u1ec3.<br \/>\n<strong>4. Malta c\u00f3 cho ph\u00e9p c\u00f3 hai qu\u1ed1c t\u1ecbch kh\u00f4ng?<\/strong><br \/>\nC\u00f3, k\u1ec3 t\u1eeb n\u0103m 2000, Malta \u0111\u00e3 cho ph\u00e9p m\u1ecdi ng\u01b0\u1eddi c\u00f3 hai qu\u1ed1c t\u1ecbch. Do \u0111\u00f3, n\u1ebfu b\u1ea1n mu\u1ed1n tr\u1edf th\u00e0nh c\u00f4ng d\u00e2n Malta nh\u01b0ng kh\u00f4ng mu\u1ed1n t\u1eeb b\u1ecf quy\u1ec1n c\u00f4ng d\u00e2n hi\u1ec7n t\u1ea1i c\u1ee7a m\u00ecnh, b\u1ea1n c\u00f3 th\u1ec3 gi\u1eef c\u1ea3 hai.<br \/>\nTuy nhi\u00ean, b\u1ea1n ph\u1ea3i ki\u1ec3m tra xem qu\u1ed1c gia m\u00e0 b\u1ea1n hi\u1ec7n l\u00e0 c\u00f4ng d\u00e2n c\u00f3 cho ph\u00e9p b\u1ea1n gi\u1eef hai qu\u1ed1c t\u1ecbch hay kh\u00f4ng. N\u1ebfu m\u1ed9t trong c\u00e1c qu\u1ed1c gia kh\u00f4ng cho ph\u00e9p c\u00f3 hai qu\u1ed1c t\u1ecbch, b\u1ea1n c\u1ea7n ch\u1ecdn qu\u1ed1c gia n\u00e0o b\u1ea1n mu\u1ed1n gi\u1eef v\u00e0 qu\u1ed1c gia n\u00e0o b\u1ea1n mu\u1ed1n t\u1eeb b\u1ecf.<br \/>\n<strong>5. T\u00f4i c\u1ea7n s\u1ed1ng \u1edf Malta bao l\u00e2u \u0111\u1ec3 c\u00f3 \u0111\u01b0\u1ee3c quy\u1ec1n c\u00f4ng d\u00e2n?<\/strong><br \/>\nB\u1ea1n c\u00f3 th\u1ec3 gi\u00e0nh \u0111\u01b0\u1ee3c quy\u1ec1n c\u00f4ng d\u00e2n b\u1eb1ng c\u00e1ch nh\u1eadp t\u1ecbch sau khi l\u00e0 c\u01b0 d\u00e2n h\u1ee3p ph\u00e1p c\u1ee7a Malta trong \u00edt nh\u1ea5t 7 n\u0103m li\u00ean ti\u1ebfp. Tuy nhi\u00ean, b\u00ean c\u1ea1nh th\u1eddi gian c\u01b0 tr\u00fa b\u1eaft bu\u1ed9c, b\u1ea1n c\u0169ng ph\u1ea3i \u0111\u00e1p \u1ee9ng c\u00e1c \u0111i\u1ec1u ki\u1ec7n do ch\u00ednh ph\u1ee7 Malta \u0111\u1eb7t ra.<br \/>\nNh\u1eefng c\u00e1ch kh\u00e1c \u0111\u1ec3 b\u1ea1n c\u00f3 th\u1ec3 gi\u00e0nh \u0111\u01b0\u1ee3c quy\u1ec1n c\u00f4ng d\u00e2n \u1edf Malta l\u00e0:<br \/>\n&#8211; Quy\u1ec1n c\u00f4ng d\u00e2n khi sinh ra.<br \/>\n&#8211; Quy\u1ec1n c\u00f4ng d\u00e2n b\u1eb1ng c\u00e1ch \u0111\u0103ng k\u00fd.<br \/>\n&#8211; Quy\u1ec1n c\u00f4ng d\u00e2n th\u00f4ng qua \u0111\u1ea7u t\u01b0.<br \/>\n&#8211; Quy\u1ec1n c\u00f4ng d\u00e2n th\u00f4ng qua h\u00f4n nh\u00e2n.<\/p>\n[\/vc_column_text][\/vc_column][\/vc_row]\n<\/div>","protected":false},"excerpt":{"rendered":"<p>[vc_row css=&#8221;.vc_custom_1748319269375{margin-top: -30px !important;}&#8221;][vc_column][\/vc_column][\/vc_row][vc_row][vc_column][vc_column_text css=&#8221;&#8221;] Vi\u00ean ng\u1ecdc tuy\u1ec7t \u0111\u1eb9p c\u1ee7a Nam \u00c2u, v\u1edbi \u0111\u1ea7m ph\u00e1 m\u00e0u ng\u1ecdc lam v\u00e0 th\u1eddi ti\u1ebft \u0111\u1ea7y n\u1eafng, Malta l\u00e0 \u0111i\u1ec3m \u0111\u1ebfn ph\u1ed5 bi\u1ebfn \u0111\u1ed1i v\u1edbi nh\u1eefng ng\u01b0\u1eddi n\u01b0\u1edbc ngo\u00e0i chuy\u1ec3n \u0111\u1ebfn ch\u00e2u \u00c2u d\u00e0i h\u1ea1n. Ng\u01b0\u1eddi n\u01b0\u1edbc ngo\u00e0i t\u1eeb kh\u1eafp n\u01a1i tr\u00ean th\u1ebf gi\u1edbi c\u00f3 xu h\u01b0\u1edbng ch\u1ecdn Malta [&hellip;]<\/p>\n","protected":false},"author":4,"featured_media":0,"parent":0,"menu_order":0,"comment_status":"closed","ping_status":"closed","template":"","meta":{"footnotes":""},"class_list":["post-9307","page","type-page","status-publish","hentry"],"_links":{"self":[{"href":"https:\/\/immico.vn\/vi\/wp-json\/wp\/v2\/pages\/9307","targetHints":{"allow":["GET"]}}],"collection":[{"href":"https:\/\/immico.vn\/vi\/wp-json\/wp\/v2\/pages"}],"about":[{"href":"https:\/\/immico.vn\/vi\/wp-json\/wp\/v2\/types\/page"}],"author":[{"embeddable":true,"href":"https:\/\/immico.vn\/vi\/wp-json\/wp\/v2\/users\/4"}],"replies":[{"embeddable":true,"href":"https:\/\/immico.vn\/vi\/wp-json\/wp\/v2\/comments?post=9307"}],"version-history":[{"count":5,"href":"https:\/\/immico.vn\/vi\/wp-json\/wp\/v2\/pages\/9307\/revisions"}],"predecessor-version":[{"id":10578,"href":"https:\/\/immico.vn\/vi\/wp-json\/wp\/v2\/pages\/9307\/revisions\/10578"}],"wp:attachment":[{"href":"https:\/\/immico.vn\/vi\/wp-json\/wp\/v2\/media?parent=9307"}],"curies":[{"name":"wp","href":"https:\/\/api.w.org\/{rel}","templated":true}]}}