{"id":9310,"date":"2023-12-25T04:49:43","date_gmt":"2023-12-25T04:49:43","guid":{"rendered":"https:\/\/immico.vn\/?page_id=9310\/"},"modified":"2025-05-27T03:46:36","modified_gmt":"2025-05-27T03:46:36","slug":"dinh-cu-anh-england","status":"publish","type":"page","link":"https:\/\/immico.vn\/vi\/dinh-cu-anh-england\/","title":{"rendered":"\u0110\u1ecbnh c\u01b0 Anh (England)"},"content":{"rendered":"<div class=\"wpb-content-wrapper\">[vc_row css=&#8221;.vc_custom_1748317584287{margin-top: -30px !important;}&#8221;][vc_column]<div class=\"shortcode-wrapper shortcode-title clearfix hb-animate-element hb-fade-in\"><p style=\"color:#9a4c3c!important;border-color:#9a4c3c\" class=\"hb-text-large aligncenter\">\u0110\u1ecbnh c\u01b0 Anh (England)<\/p><\/div>[\/vc_column][\/vc_row][vc_row][vc_column][vc_column_text css=&#8221;&#8221;]\n<p style=\"text-align: justify;\">Theo ch\u00ednh ph\u1ee7 Anh, 612.000 ng\u01b0\u1eddi \u0111\u00e3 chuy\u1ec3n \u0111\u1ebfn V\u01b0\u01a1ng qu\u1ed1c Anh v\u00e0o n\u0103m 2019. Nh\u1edd t\u0103ng tr\u01b0\u1edfng kinh t\u1ebf, c\u01a1 h\u1ed9i vi\u1ec7c l\u00e0m v\u00e0 l\u1ee3i \u00edch x\u00e3 h\u1ed9i, V\u01b0\u01a1ng qu\u1ed1c Anh \u0111\u00e3 tr\u1edf th\u00e0nh qu\u1ed1c gia \u0111i\u1ec3m \u0111\u1ebfn h\u00e0ng \u0111\u1ea7u c\u1ee7a h\u1ea7u h\u1ebft m\u1ecdi ng\u01b0\u1eddi tr\u00ean to\u00e0n th\u1ebf gi\u1edbi.\u00a0Tuy nhi\u00ean, n\u1ebfu b\u1ea1n \u0111ang c\u00f3 \u00fd \u0111\u1ecbnh chuy\u1ec3n \u0111\u1ebfn V\u01b0\u01a1ng qu\u1ed1c Anh, c\u00f3 m\u1ed9t s\u1ed1 y\u1ebfu t\u1ed1 c\u1ea7n thi\u1ebft b\u1ea1n c\u1ea7n xem x\u00e9t.<\/p>\n<p style=\"text-align: justify;\">Th\u1ee9 nh\u1ea5t,\u00a0b\u1ea1n c\u1ea7n c\u00f3 th\u1ecb th\u1ef1c V\u01b0\u01a1ng qu\u1ed1c Anh\u00a0n\u1ebfu b\u1ea1n mu\u1ed1n \u1edf l\u1ea1i l\u00e2u h\u01a1n s\u00e1u th\u00e1ng.\u00a0M\u1ed9t y\u1ebfu t\u1ed1 quan tr\u1ecdng kh\u00e1c c\u1ea7n ghi nh\u1edb l\u00e0 m\u1ed9t s\u1ed1 tuy\u1ebfn di c\u01b0 ph\u1ee9c t\u1ea1p h\u01a1n c\u00e1c tuy\u1ebfn kh\u00e1c.\u00a0V\u00ed d\u1ee5: m\u1ed9t trong nh\u1eefng c\u00e1ch d\u1ec5 d\u00e0ng nh\u1ea5t \u0111\u1ec3 chuy\u1ec3n \u0111\u1ebfn V\u01b0\u01a1ng qu\u1ed1c Anh l\u00e0 xin th\u1ecb th\u1ef1c l\u00e0m vi\u1ec7c v\u00e0 \u0111\u1ec3 l\u00e0m \u0111\u01b0\u1ee3c \u0111i\u1ec1u \u0111\u00f3, b\u1ea1n c\u1ea7n ph\u1ea3i \u0111\u00e1p \u1ee9ng c\u00e1c ti\u00eau ch\u00ed \u0111\u1ee7 \u0111i\u1ec1u ki\u1ec7n.<\/p>\n<p style=\"text-align: justify;\"><strong>1. L\u00e0m th\u1ebf n\u00e0o \u0111\u1ec3 chuy\u1ec3n \u0111\u1ebfn V\u01b0\u01a1ng qu\u1ed1c Anh?<\/strong><\/p>\n<p style=\"text-align: justify;\">\u0110\u1ec3 chuy\u1ec3n \u0111\u1ebfn V\u01b0\u01a1ng qu\u1ed1c Anh, b\u1ea1n c\u00f3 th\u1ec3 n\u1ed9p \u0111\u01a1n xin th\u1ecb th\u1ef1c l\u00e0m vi\u1ec7c d\u00e0i h\u1ea1n b\u1eb1ng c\u00e1ch l\u00e0m theo c\u00e1c b\u01b0\u1edbc sau:<\/p>\n<p>1. T\u00ecm vi\u1ec7c l\u00e0m.<\/p>\n<p>2. T\u00ecm lo\u1ea1i th\u1ecb th\u1ef1c ch\u00ednh x\u00e1c.<\/p>\n<p>3. N\u1ed9p \u0111\u01a1n xin th\u1ecb th\u1ef1c.<\/p>\n<p>4. Chuy\u1ec3n \u0111\u1ebfn V\u01b0\u01a1ng qu\u1ed1c Anh.<\/p>\n<p>5. Nh\u1eadn gi\u1ea5y ph\u00e9p \u1edf l\u1ea1i kh\u00f4ng x\u00e1c \u0111\u1ecbnh th\u1eddi h\u1ea1n (ILR).<\/p>\n<p style=\"text-align: justify;\"><strong>T\u00ecm vi\u1ec7c l\u00e0m<\/strong><\/p>\n<p style=\"text-align: justify;\">B\u1ea1n n\u00ean c\u00f3 m\u1ed9t c\u00f4ng vi\u1ec7c ho\u1eb7c l\u1eddi m\u1eddi l\u00e0m vi\u1ec7c \u1edf V\u01b0\u01a1ng qu\u1ed1c Anh tr\u01b0\u1edbc khi d\u1ef1 \u0111\u1ecbnh chuy\u1ec3n \u0111i \u0111\u1ec3 c\u00f3 th\u1ec3 n\u1ed9p \u0111\u01a1n xin th\u1ecb th\u1ef1c l\u00e0m vi\u1ec7c.\u00a0N\u1ebfu b\u1ea1n quan t\u00e2m \u0111\u1ebfn th\u1ecb th\u1ef1c \u0111\u01b0\u1ee3c t\u00e0i tr\u1ee3, b\u1ea1n ph\u1ea3i \u0111\u1ea3m b\u1ea3o r\u1eb1ng ch\u1ee7 lao \u0111\u1ed9ng c\u1ee7a b\u1ea1n s\u1ebd t\u00e0i tr\u1ee3 cho b\u1ea1n gi\u1ea5y ph\u00e9p.<\/p>\n<p style=\"text-align: justify;\"><strong>T\u00ecm lo\u1ea1i th\u1ecb th\u1ef1c ch\u00ednh x\u00e1c<\/strong><\/p>\n<p style=\"text-align: justify;\">T\u00f9y thu\u1ed9c v\u00e0o k\u1ef9 n\u0103ng c\u1ee7a b\u1ea1n v\u00e0 lo\u1ea1i c\u00f4ng vi\u1ec7c b\u1ea1n \u0111ang t\u00ecm ki\u1ebfm \u1edf V\u01b0\u01a1ng qu\u1ed1c Anh, c\u00f3 m\u1ed9t s\u1ed1 l\u1ef1a ch\u1ecdn \u0111\u1ec3 nh\u1eadp c\u01b0.\u00a0V\u00ec v\u1eady, vui l\u00f2ng \u0111\u1ea3m b\u1ea3o r\u1eb1ng b\u1ea1n kh\u00e1m ph\u00e1 t\u1ea5t c\u1ea3 c\u00e1c l\u1ef1a ch\u1ecdn th\u1ecb th\u1ef1c \u0111\u1ec3 xem c\u00e1i n\u00e0o ph\u00f9 h\u1ee3p nh\u1ea5t v\u1edbi h\u1ed3 s\u01a1 c\u1ee7a b\u1ea1n.<\/p>\n<p style=\"text-align: justify;\">M\u1ed9t s\u1ed1\u00a0lo\u1ea1i th\u1ecb th\u1ef1c l\u00e0m vi\u1ec7c\u00a0ph\u1ed5 bi\u1ebfn nh\u1ea5t bao g\u1ed3m:<\/p>\n<p style=\"text-align: justify;\">&#8211; Visa \u0111\u1ed5i m\u1edbi ho\u1eb7c visa kh\u1edfi nghi\u1ec7p.<\/p>\n<p style=\"text-align: justify;\">&#8211; Visa c\u00f4ng nh\u00e2n l\u00e0nh ngh\u1ec1.<\/p>\n<p style=\"text-align: justify;\">&#8211; Visa v\u1eadn \u0111\u1ed9ng vi\u00ean qu\u1ed1c t\u1ebf.<\/p>\n<p style=\"text-align: justify;\">B\u1ea1n ph\u1ea3i \u0111\u1ea3m b\u1ea3o r\u1eb1ng lo\u1ea1i th\u1ecb th\u1ef1c b\u1ea1n n\u1ed9p \u0111\u01a1n xin c\u00f3 l\u1ed9 tr\u00ecnh th\u01b0\u1eddng tr\u00fa.<\/p>\n<p style=\"text-align: justify;\"><strong>Xin th\u1ecb th\u1ef1c<\/strong><\/p>\n<p style=\"text-align: justify;\">Khi b\u1ea1n \u0111\u00e3 bi\u1ebft m\u00ecnh mu\u1ed1n xin lo\u1ea1i th\u1ecb th\u1ef1c n\u00e0o, b\u1ea1n ph\u1ea3i chu\u1ea9n b\u1ecb h\u1ed3 s\u01a1 v\u00e0 n\u1ed9p \u0111\u01a1n xin th\u1ecb th\u1ef1c.\u00a0Th\u00f4ng th\u01b0\u1eddng, b\u1ea1n ph\u1ea3i n\u1ed9p \u0111\u01a1n xin th\u1ecb th\u1ef1c t\u1ea1i v\u0103n ph\u00f2ng \u0111\u1ea1i di\u1ec7n \u0111\u1ecba ph\u01b0\u01a1ng v\u00e0 ch\u1edd quy\u1ebft \u0111\u1ecbnh.\u00a0Qu\u00e1 tr\u00ecnh xin th\u1ecb th\u1ef1c\u00a0c\u00f3 th\u1ec3 m\u1ea5t v\u00e0i tu\u1ea7n \u0111\u1ebfn v\u00e0i th\u00e1ng &#8211; t\u00f9y thu\u1ed9c v\u00e0o lo\u1ea1i th\u1ecb th\u1ef1c b\u1ea1n \u0111\u00e3 n\u1ed9p \u0111\u01a1n.<\/p>\n<p style=\"text-align: justify;\"><strong>Chuy\u1ec3n \u0111\u1ebfn V\u01b0\u01a1ng qu\u1ed1c Anh<\/strong><\/p>\n<p style=\"text-align: justify;\">N\u1ebfu \u0111\u01a1n \u0111\u0103ng k\u00fd c\u1ee7a b\u1ea1n th\u00e0nh c\u00f4ng, v\u0103n ph\u00f2ng c\u1ea5p th\u1ecb th\u1ef1c s\u1ebd g\u1eedi cho b\u1ea1n email ho\u1eb7c th\u01b0 k\u00e8m theo quy\u1ebft \u0111\u1ecbnh v\u00e0 chi ti\u1ebft v\u1ec1 nh\u1eefng g\u00ec s\u1ebd x\u1ea3y ra ti\u1ebfp theo.\u00a0Ngo\u00e0i ra, b\u1ea1n s\u1ebd nh\u1eadn \u0111\u01b0\u1ee3c m\u1ed9t nh\u00e3n d\u00e1n tr\u00ean h\u1ed9 chi\u1ebfu \u0111\u01b0\u1ee3c g\u1ecdi l\u00e0 \u201cvignette\u201d hi\u1ec3n th\u1ecb chi ti\u1ebft v\u1ec1 t\u00ecnh tr\u1ea1ng nh\u1eadp c\u01b0 c\u1ee7a b\u1ea1n, ch\u1eb3ng h\u1ea1n nh\u01b0 lo\u1ea1i th\u1ecb th\u1ef1c, hi\u1ec7u l\u1ef1c c\u1ee7a th\u1ecb th\u1ef1c, v.v.<\/p>\n<p style=\"text-align: justify;\">Khi v\u00e0o V\u01b0\u01a1ng qu\u1ed1c Anh, b\u1ea1n ph\u1ea3i\u00a0l\u1ea5y gi\u1ea5y ph\u00e9p c\u01b0 tr\u00fa sinh tr\u1eafc h\u1ecdc (BRP)\u00a0t\u1ea1i b\u01b0u \u0111i\u1ec7n (n\u1ebfu b\u1ea1n n\u1ed9p \u0111\u01a1n b\u00ean ngo\u00e0i V\u01b0\u01a1ng qu\u1ed1c Anh).\u00a0B\u1ea1n c\u00f3 th\u1ec3 s\u1eed d\u1ee5ng BRP c\u1ee7a m\u00ecnh l\u00e0m gi\u1ea5y t\u1edd t\u00f9y th\u00e2n v\u00e0 b\u1eb1ng ch\u1ee9ng v\u1ec1 quy\u1ec1n s\u1ed1ng v\u00e0 l\u00e0m vi\u1ec7c t\u1ea1i V\u01b0\u01a1ng qu\u1ed1c Anh.<\/p>\n<p style=\"text-align: justify;\"><strong>Nh\u1eadn \u0111\u01b0\u1ee3c m\u1ed9t k\u1ef3 ngh\u1ec9 kh\u00f4ng th\u1eddi h\u1ea1n \u0111\u1ec3 \u1edf l\u1ea1i\u00a0<\/strong><\/p>\n<p style=\"text-align: justify;\">Sau khi b\u1ea1n \u0111\u00e3 s\u1ed1ng \u1edf V\u01b0\u01a1ng qu\u1ed1c Anh \u0111\u01b0\u1ee3c 5 n\u0103m v\u1edbi th\u1ecb th\u1ef1c l\u00e0m vi\u1ec7c c\u1ee7a m\u00ecnh,\u00a0b\u1ea1n c\u00f3 th\u1ec3 nh\u1eadn \u0111\u01b0\u1ee3c Th\u1eddi gian \u1edf l\u1ea1i v\u00f4 th\u1eddi h\u1ea1n (Th\u01b0\u1eddng tr\u00fa)\u00a0.\u00a0ILR c\u1ee7a b\u1ea1n cho ph\u00e9p b\u1ea1n s\u1ed1ng \u1edf V\u01b0\u01a1ng qu\u1ed1c Anh m\u00e0 kh\u00f4ng b\u1ecb gi\u1edbi h\u1ea1n, v\u00e0 sau \u0111\u00f3 n\u1ebfu b\u1ea1n \u0111\u1ee7 \u0111i\u1ec1u ki\u1ec7n, b\u1ea1n c\u00f3 th\u1ec3 n\u1ed9p \u0111\u01a1n xin qu\u1ed1c t\u1ecbch.<\/p>\n<p style=\"text-align: justify;\"><strong>2. T\u00f4i c\u00f3 n\u00ean chuy\u1ec3n \u0111\u1ebfn V\u01b0\u01a1ng qu\u1ed1c Anh kh\u00f4ng?<\/strong><\/p>\n<p style=\"text-align: justify;\">N\u1ebfu b\u1ea1n mu\u1ed1n \u0111\u1ecbnh c\u01b0 t\u1ea1i V\u01b0\u01a1ng qu\u1ed1c Anh, \u0111i\u1ec1u quan tr\u1ecdng c\u1ea7n ghi nh\u1edb l\u00e0 nh\u1eefng \u01b0u v\u00e0 nh\u01b0\u1ee3c \u0111i\u1ec3m c\u1ee7a vi\u1ec7c chuy\u1ec3n \u0111\u1ebfn V\u01b0\u01a1ng qu\u1ed1c Anh:<\/p>\n<table width=\"652\">\n<tbody>\n<tr>\n<td width=\"321\"><strong>\u01afu \u0111i\u1ec3m<\/strong><\/td>\n<td width=\"331\"><strong>Nh\u01b0\u1ee3c \u0111i\u1ec3m<\/strong><\/td>\n<\/tr>\n<tr>\n<td width=\"321\">B\u1ea1n c\u00f3 th\u1ec3 d\u1ec5 d\u00e0ng ti\u1ebfp c\u1eadn c\u00e1c qu\u1ed1c gia kh\u00e1c \u1edf Ch\u00e2u \u00c2u t\u1eeb V\u01b0\u01a1ng qu\u1ed1c Anh n\u1ebfu b\u1ea1n di chuy\u1ec3n t\u1eeb b\u00ean ngo\u00e0i c\u00e1c qu\u1ed1c gia EEA\/EU.<\/td>\n<td width=\"331\">V\u00ec Brexit, m\u1ecdi ng\u01b0\u1eddi \u0111\u1ec1u c\u1ea7n c\u00f3 th\u1ecb th\u1ef1c d\u00e0i h\u1ea1n \u0111\u1ebfn V\u01b0\u01a1ng qu\u1ed1c Anh v\u00e0 quy\u1ec1n t\u1ef1 do \u0111i l\u1ea1i b\u1ecb h\u1ea1n ch\u1ebf.<\/td>\n<\/tr>\n<tr>\n<td width=\"321\">V\u01b0\u01a1ng qu\u1ed1c Anh c\u00f3 NHS, n\u01a1i cung c\u1ea5p d\u1ecbch v\u1ee5 ch\u0103m s\u00f3c s\u1ee9c kh\u1ecfe c\u1ed9ng \u0111\u1ed3ng mi\u1ec5n ph\u00ed.<\/td>\n<td width=\"331\">Thu\u1ebf c\u00f3 th\u1ec3 cao h\u01a1n (t\u00f9y thu\u1ed9c v\u00e0o n\u01a1i b\u1ea1n \u0111\u1ebfn) \u0111\u1ec3 cung c\u1ea5p c\u00e1c d\u1ecbch v\u1ee5 c\u00f4ng nh\u01b0 NHS.<\/td>\n<\/tr>\n<tr>\n<td width=\"321\">C\u00e1c tr\u01b0\u1eddng c\u00f4ng l\u1eadp mi\u1ec5n ph\u00ed cho c\u01b0 d\u00e2n h\u1ee3p ph\u00e1p.<\/td>\n<td width=\"331\">N\u1ebfu b\u1ea1n s\u1ed1ng \u1edf London, chi ph\u00ed sinh ho\u1ea1t l\u00e0 m\u1ed9t trong nh\u1eefng n\u01a1i \u0111\u1eaft \u0111\u1ecf nh\u1ea5t \u1edf ch\u00e2u \u00c2u.<\/td>\n<\/tr>\n<tr>\n<td width=\"321\">C\u01a1 h\u1ed9i l\u00e0m vi\u1ec7c tuy\u1ec7t v\u1eddi v\u00e0 lu\u1eadt lao \u0111\u1ed9ng m\u1ea1nh m\u1ebd.<\/td>\n<td width=\"331\">B\u1ea1n ph\u1ea3i s\u1ed1ng \u1edf Anh kho\u1ea3ng 5 n\u0103m tr\u01b0\u1edbc khi c\u00f3 th\u1ec3 n\u1ed9p \u0111\u01a1n xin t\u00ecnh tr\u1ea1ng \u0111\u1ecbnh c\u01b0.<\/td>\n<\/tr>\n<\/tbody>\n<\/table>\n<p style=\"text-align: justify;\"><strong>3. T\u00f4i c\u00f3 th\u1ec3 chuy\u1ec3n \u0111\u1ebfn V\u01b0\u01a1ng qu\u1ed1c Anh m\u00e0 kh\u00f4ng c\u00f3 vi\u1ec7c l\u00e0m kh\u00f4ng?<\/strong><\/p>\n<p style=\"text-align: justify;\">N\u1ebfu b\u1ea1n \u0111\u1eb7c bi\u1ec7t t\u00e0i n\u0103ng, gi\u00e0u c\u00f3 ho\u1eb7c c\u00f3 m\u1ed1i li\u00ean h\u1ec7 gia \u0111\u00ecnh v\u1edbi V\u01b0\u01a1ng qu\u1ed1c Anh, b\u1ea1n c\u00f3 th\u1ec3 chuy\u1ec3n \u0111\u1ebfn V\u01b0\u01a1ng qu\u1ed1c Anh m\u00e0 kh\u00f4ng c\u1ea7n c\u00f3 vi\u1ec7c l\u00e0m.\u00a0Thay v\u00e0o \u0111\u00f3, b\u1ea1n c\u00f3 th\u1ec3 n\u1ed9p \u0111\u01a1n xin m\u1ed9t trong c\u00e1c lo\u1ea1i th\u1ecb th\u1ef1c sau:<\/p>\n<p style=\"text-align: justify;\"><strong>&#8211; Visa t\u1ed5 ti\u00ean c\u1ee7a V\u01b0\u01a1ng qu\u1ed1c Anh<\/strong>.\u00a0B\u1ea1n c\u00f3 th\u1ec3 n\u1ed9p \u0111\u01a1n xin th\u1ecb th\u1ef1c n\u1ebfu \u0111\u00e1p \u1ee9ng c\u00e1c ti\u00eau ch\u00ed chung v\u1ec1 t\u00ednh \u0111\u1ee7 \u0111i\u1ec1u ki\u1ec7n v\u00e0 b\u1ea1n c\u00f3 th\u1ec3 ch\u1ee9ng minh r\u1eb1ng \u00f4ng b\u00e0 c\u1ee7a b\u1ea1n sinh ra \u1edf V\u01b0\u01a1ng qu\u1ed1c Anh, Qu\u1ea7n \u0111\u1ea3o Channel ho\u1eb7c \u0110\u1ea3o Man.\u00a0Ngo\u00e0i ra, th\u1ecb th\u1ef1c n\u00e0y c\u0169ng c\u00f3 s\u1eb5n cho c\u00f4ng d\u00e2n Kh\u1ed1i th\u1ecbnh v\u01b0\u1ee3ng chung.<\/p>\n<p style=\"text-align: justify;\"><strong>&#8211; Visa h\u1ea3i ngo\u1ea1i qu\u1ed1c gia Anh. <\/strong>N\u1ebfu b\u1ea1n c\u00f3 th\u1ec3 ch\u1ee9ng minh r\u1eb1ng b\u1ea1n c\u00f3 m\u1ed1i li\u00ean h\u1ec7 v\u1edbi c\u00e1c thu\u1ed9c \u0111\u1ecba c\u1ee7a Kh\u1ed1i th\u1ecbnh v\u01b0\u1ee3ng chung tr\u01b0\u1edbc \u0111\u00e2y, b\u1ea1n c\u00f3 th\u1ec3 \u0111\u1ee7 \u0111i\u1ec1u ki\u1ec7n \u0111\u1ec3 \u0111\u01b0\u1ee3c c\u1ea5p th\u1ecb th\u1ef1c n\u00e0y.<\/p>\n<p style=\"text-align: justify;\"><strong>&#8211; Visa nh\u00e0 \u0111\u1ea7u t\u01b0. <\/strong><u><\/u>B\u1ea1n c\u00f3 th\u1ec3 c\u00f3 \u0111\u01b0\u1ee3c th\u1ecb th\u1ef1c n\u00e0y n\u1ebfu b\u1ea1n c\u00f3 \u00edt nh\u1ea5t 2 tri\u1ec7u b\u1ea3ng \u0111\u1ec3 \u0111\u1ea7u t\u01b0 v\u00e0o V\u01b0\u01a1ng qu\u1ed1c Anh.<\/p>\n<p style=\"text-align: justify;\"><strong>&#8211; Visa t\u00e0i n\u0103ng to\u00e0n c\u1ea7u<\/strong>.\u00a0B\u1ea1n c\u00f3 th\u1ec3 n\u1ed9p \u0111\u01a1n xin th\u1ecb th\u1ef1c n\u00e0y n\u1ebfu c\u00f3 th\u00e0nh t\u00edch xu\u1ea5t s\u1eafc trong c\u00e1c l\u0129nh v\u1ef1c sau:<\/p>\n<ul style=\"text-align: justify;\">\n<li style=\"list-style-type: none;\">\n<ul>\n<li>H\u1ecdc vi\u1ec7n ho\u1eb7c nghi\u00ean c\u1ee9u.<\/li>\n<li>Ngh\u1ec7 thu\u1eadt v\u00e0 v\u0103n h\u00f3a.<\/li>\n<li>C\u00f4ng ngh\u1ec7 k\u1ef9 thu\u1eadt s\u1ed1.<\/li>\n<\/ul>\n<\/li>\n<\/ul>\n<p style=\"text-align: justify;\">B\u1ea1n c\u0169ng c\u00f3 th\u1ec3 chuy\u1ec3n \u0111\u1ebfn V\u01b0\u01a1ng qu\u1ed1c Anh \u0111\u1ec3 h\u1ecdc t\u1eadp, nh\u01b0ng trong h\u1ea7u h\u1ebft c\u00e1c tr\u01b0\u1eddng h\u1ee3p, th\u1ecb th\u1ef1c sinh vi\u00ean ch\u1ec9 c\u00f3 th\u1eddi h\u1ea1n ng\u1eafn.<\/p>\n<p style=\"text-align: justify;\"><strong>4. Chuy\u1ec3n \u0111\u1ebfn V\u01b0\u01a1ng qu\u1ed1c Anh \u0111\u1ec3 gia nh\u1eadp c\u00e1c th\u00e0nh vi\u00ean gia \u0111\u00ecnh<\/strong><\/p>\n<p style=\"text-align: justify;\">N\u1ebfu b\u1ea1n c\u00f3 th\u00e0nh vi\u00ean gia \u0111\u00ecnh s\u1ed1ng \u1edf V\u01b0\u01a1ng qu\u1ed1c Anh, b\u1ea1n c\u00f3 th\u1ec3 chuy\u1ec3n \u0111\u1ebfn s\u1ed1ng c\u00f9ng h\u1ecd.\u00a0V\u1edbi m\u1ee5c \u0111\u00edch n\u00e0y, b\u1ea1n c\u1ea7n n\u1ed9p \u0111\u01a1n xin th\u1ecb th\u1ef1c th\u00e0nh vi\u00ean gia \u0111\u00ecnh:<\/p>\n<p style=\"text-align: justify;\">&#8211; Visa gia \u0111\u00ecnh \u0111\u1ec3 \u0111o\u00e0n t\u1ee5 v\u1edbi v\u1ee3\/ch\u1ed3ng c\u1ee7a b\u1ea1n.<\/p>\n<p style=\"text-align: justify;\">&#8211; Visa gia \u0111\u00ecnh \u0111\u1ec3 \u0111o\u00e0n t\u1ee5 v\u1edbi cha m\u1eb9.<\/p>\n<p style=\"text-align: justify;\">&#8211; Visa gia \u0111\u00ecnh cho tr\u1ebb em.<\/p>\n<p style=\"text-align: justify;\">&#8211; Visa gia \u0111\u00ecnh cho ng\u01b0\u1eddi th\u00e2n c\u1ea7n ch\u0103m s\u00f3c d\u00e0i h\u1ea1n.<\/p>\n<p style=\"text-align: justify;\">Gi\u1ea5y ph\u00e9p gia \u0111\u00ecnh th\u01b0\u1eddng c\u00f3 hi\u1ec7u l\u1ef1c trong hai n\u0103m r\u01b0\u1ee1i, nh\u01b0ng hi\u1ec7u l\u1ef1c thay \u0111\u1ed5i t\u00f9y thu\u1ed9c v\u00e0o lo\u1ea1i th\u1ecb th\u1ef1c b\u1ea1n c\u00f3.\u00a0V\u00ed d\u1ee5: n\u1ebfu b\u1ea1n \u0111\u0103ng k\u00fd k\u1ebft h\u00f4n v\u1edbi h\u00f4n phu thay v\u00ec v\u1ee3\/ch\u1ed3ng, b\u1ea1n ch\u1ec9 c\u00f3 th\u1ec3 \u1edf l\u1ea1i V\u01b0\u01a1ng qu\u1ed1c Anh trong s\u00e1u th\u00e1ng, sau \u0111\u00f3 b\u1ea1n ph\u1ea3i gia h\u1ea1n th\u1ecb th\u1ef1c.<\/p>\n<p style=\"text-align: justify;\"><strong>5. Chuy\u1ec3n \u0111\u1ebfn V\u01b0\u01a1ng qu\u1ed1c Anh kh\u00f3 \u0111\u1ebfn m\u1ee9c n\u00e0o?<\/strong><\/p>\n<p style=\"text-align: justify;\">Th\u1eadt kh\u00f3 \u0111\u1ec3 chuy\u1ec3n \u0111\u1ebfn V\u01b0\u01a1ng qu\u1ed1c Anh n\u1ebfu b\u1ea1n kh\u00f4ng c\u00f3 vi\u1ec7c l\u00e0m, kh\u00f4ng c\u00f3 th\u00e0nh vi\u00ean gia \u0111\u00ecnh s\u1ed1ng \u1edf \u0111\u00f3, kh\u00f4ng c\u00f3 \u0111\u1ee7 ti\u1ec1n ho\u1eb7c c\u00f3 t\u00e0i n\u0103ng n\u1ed5i b\u1eadt.\u00a0\u0110i\u1ec1u n\u00e0y c\u00f2n ph\u1ee5 thu\u1ed9c v\u00e0o vi\u1ec7c b\u1ea1n \u0111\u1ebfn t\u1eeb \u0111\u00e2u.\u00a0V\u00ed d\u1ee5, c\u00f4ng d\u00e2n EU c\u00f3 th\u1ec3 xin \u0111\u01b0\u1ee3c th\u1ecb th\u1ef1c d\u00e0i h\u1ea1n d\u1ec5 d\u00e0ng h\u01a1n c\u00e1c qu\u1ed1c t\u1ecbch kh\u00e1c.\u00a0Tuy nhi\u00ean, n\u1ebfu b\u1ea1n c\u00f3 vi\u1ec7c l\u00e0m v\u00e0 \u0111\u00e1p \u1ee9ng c\u00e1c y\u00eau c\u1ea7u v\u1ec1 th\u1ecb th\u1ef1c, b\u1ea1n c\u00f3 th\u1ec3 chuy\u1ec3n \u0111\u1ebfn V\u01b0\u01a1ng qu\u1ed1c Anh m\u00e0 kh\u00f4ng g\u1eb7p v\u1ea5n \u0111\u1ec1 g\u00ec.<\/p>\n<p style=\"text-align: justify;\"><strong>6. Chi ph\u00ed bao nhi\u00eau \u0111\u1ec3 chuy\u1ec3n \u0111\u1ebfn V\u01b0\u01a1ng qu\u1ed1c Anh?<\/strong><\/p>\n<p style=\"text-align: justify;\">B\u1ea1n c\u1ea7n ph\u1ea3i c\u00f3 \u00edt nh\u1ea5t \u00a31,270 khi m\u1edbi \u0111\u1ebfn V\u01b0\u01a1ng qu\u1ed1c Anh \u0111\u1ec3 trang tr\u1ea3i cu\u1ed9c s\u1ed1ng cho \u0111\u1ebfn khi b\u1eaft \u0111\u1ea7u l\u00e0m vi\u1ec7c.\u00a0Tuy nhi\u00ean, t\u1ed5ng chi ph\u00ed di chuy\u1ec3n ph\u1ee5 thu\u1ed9c v\u00e0o n\u01a1i b\u1ea1n \u0111\u1ebfn v\u00e0 lo\u1ea1i th\u1ecb th\u1ef1c b\u1ea1n c\u00f3.\u00a0M\u1ed9t s\u1ed1 chi ph\u00ed thi\u1ebft y\u1ebfu b\u1ea1n ph\u1ea3i tr\u1ea3 khi chuy\u1ec3n \u0111\u1ebfn V\u01b0\u01a1ng qu\u1ed1c Anh bao g\u1ed3m:<\/p>\n<p style=\"text-align: justify;\">&#8211; L\u1ec7 ph\u00ed xin th\u1ecb th\u1ef1c: l\u00ean t\u1edbi \u00a31,400.<\/p>\n<p style=\"text-align: justify;\">&#8211; Ph\u1ee5 ph\u00ed ch\u0103m s\u00f3c s\u1ee9c kh\u1ecfe: \u00a3624 m\u1ed7i n\u0103m.<\/p>\n<p style=\"text-align: justify;\">&#8211; V\u00e9 m\u00e1y bay: l\u00ean t\u1edbi \u00a3500 (t\u00f9y theo qu\u1ed1c gia).<\/p>\n<p style=\"text-align: justify;\"><strong>7. B\u1ea1n c\u00f3 \u0111\u01b0\u1ee3c ch\u0103m s\u00f3c s\u1ee9c kh\u1ecfe mi\u1ec5n ph\u00ed n\u1ebfu chuy\u1ec3n \u0111\u1ebfn V\u01b0\u01a1ng qu\u1ed1c Anh kh\u00f4ng?<\/strong><\/p>\n<p style=\"text-align: justify;\">B\u1ea1n c\u00f3 th\u1ec3 nh\u1eadn \u0111\u01b0\u1ee3c d\u1ecbch v\u1ee5 ch\u0103m s\u00f3c s\u1ee9c kh\u1ecfe mi\u1ec5n ph\u00ed do NHS cung c\u1ea5p n\u1ebfu b\u1ea1n \u0111\u01b0\u1ee3c coi l\u00e0 c\u01b0 d\u00e2n h\u1ee3p ph\u00e1p l\u00e2u d\u00e0i \u1edf V\u01b0\u01a1ng qu\u1ed1c Anh.\u00a0Tuy nhi\u00ean, v\u1edbi h\u1ea7u h\u1ebft c\u00e1c th\u1ecb th\u1ef1c l\u00e0m vi\u1ec7c, b\u1ea1n ph\u1ea3i tr\u1ea3 ph\u1ee5 ph\u00ed ch\u0103m s\u00f3c s\u1ee9c kh\u1ecfe h\u00e0ng n\u0103m.<\/p>\n<p style=\"text-align: justify;\"><strong>8. T\u00f4i c\u00f3 th\u1ec3 chuy\u1ec3n \u0111\u1ebfn V\u01b0\u01a1ng qu\u1ed1c Anh theo Ch\u01b0\u01a1ng tr\u00ecnh \u0111\u1ecbnh c\u01b0 c\u1ee7a EU kh\u00f4ng?<\/strong><\/p>\n<p style=\"text-align: justify;\">B\u1ea1n c\u00f3 th\u1ec3 chuy\u1ec3n \u0111\u1ebfn V\u01b0\u01a1ng qu\u1ed1c Anh theo Ch\u01b0\u01a1ng tr\u00ecnh EU n\u1ebfu:<\/p>\n<p style=\"text-align: justify;\">&#8211; B\u1ea1n l\u00e0 c\u00f4ng d\u00e2n EEA\/EU v\u00e0 s\u1ed1ng \u1edf V\u01b0\u01a1ng qu\u1ed1c Anh tr\u01b0\u1edbc ng\u00e0y 31 th\u00e1ng 12 n\u0103m 2020.<\/p>\n<p style=\"text-align: justify;\">&#8211; B\u1ea1n l\u00e0 th\u00e0nh vi\u00ean gia \u0111\u00ecnh c\u1ee7a m\u1ed9t ng\u01b0\u1eddi s\u1ed1ng \u1edf V\u01b0\u01a1ng qu\u1ed1c Anh theo ch\u01b0\u01a1ng tr\u00ecnh \u0111\u1ecbnh c\u01b0.<\/p>\n<p style=\"text-align: justify;\">Ch\u01b0\u01a1ng tr\u00ecnh \u0110\u1ecbnh c\u01b0 EU ch\u1ec9 nh\u1eafm \u0111\u1ebfn c\u00e1c c\u00f4ng d\u00e2n EEA\/EU \u0111\u00e3 chuy\u1ec3n \u0111\u1ebfn V\u01b0\u01a1ng qu\u1ed1c Anh tr\u01b0\u1edbc Brexit v\u00e0 \u0111ang s\u1ed1ng \u1edf V\u01b0\u01a1ng qu\u1ed1c Anh.<\/p>\n<p style=\"text-align: justify;\"><strong>9. Nh\u1eefng \u0111i\u1ec1u c\u1ea7n l\u01b0u \u00fd tr\u01b0\u1edbc khi b\u1ea1n di chuy\u1ec3n<\/strong><\/p>\n<p style=\"text-align: justify;\">B\u1ea1n n\u00ean nh\u1edb m\u1ed9t s\u1ed1 \u0111i\u1ec1u c\u1ea7n thi\u1ebft tr\u01b0\u1edbc khi l\u00ean k\u1ebf ho\u1ea1ch chuy\u1ec3n \u0111\u1ebfn V\u01b0\u01a1ng qu\u1ed1c Anh:<\/p>\n<p style=\"text-align: justify;\"><strong>&#8211; T\u00ecm nh\u00e0 \u1edf<\/strong>.\u00a0B\u1ea1n n\u00ean c\u00f3 m\u1ed9t k\u1ebf ho\u1ea1ch ph\u00f9 h\u1ee3p khi \u0111\u1ebfn n\u01a1i \u1edf c\u1ee7a m\u00ecnh.\u00a0N\u1ebfu c\u00f3 th\u1ec3, h\u00e3y c\u1ed1 g\u1eafng s\u1eafp x\u1ebfp m\u1ed9t c\u0103n h\u1ed9 ho\u1eb7c m\u1ed9t ng\u00f4i nh\u00e0 tr\u01b0\u1edbc khi chuy\u1ec3n \u0111\u1ebfn V\u01b0\u01a1ng qu\u1ed1c Anh \u0111\u1ec3 b\u1ea1n kh\u00f4ng l\u00e3ng ph\u00ed th\u1eddi gian xem x\u00e9t nh\u00e0 c\u1eeda sau khi \u0111\u1ebfn.\u00a0Ngo\u00e0i ra, n\u1ebfu b\u1ea1n \u0111\u1ecbnh m\u1edf t\u00e0i kho\u1ea3n ng\u00e2n h\u00e0ng khi \u0111\u1ebfn \u0111\u00f3, b\u1ea1n s\u1ebd c\u1ea7n c\u00f3 \u0111\u1ecba ch\u1ec9 nh\u00e0.<\/p>\n<p style=\"text-align: justify;\"><strong>&#8211; M\u1edf m\u1ed9t t\u00e0i kho\u1ea3n ng\u00e2n h\u00e0ng. <\/strong>B\u1ea1n c\u1ea7n c\u00f3 t\u00e0i kho\u1ea3n ng\u00e2n h\u00e0ng v\u00e0 th\u1ebb ghi n\u1ee3 \u0111\u1ec3 th\u1ef1c hi\u1ec7n h\u1ea7u h\u1ebft c\u00e1c kho\u1ea3n thanh to\u00e1n \u1edf V\u01b0\u01a1ng qu\u1ed1c Anh.\u00a0\u0110\u1ec3 m\u1edf t\u00e0i kho\u1ea3n ng\u00e2n h\u00e0ng, b\u1ea1n ph\u1ea3i c\u00f3 \u0111\u1ecba ch\u1ec9 h\u1ee3p l\u1ec7.\u00a0Tuy nhi\u00ean, trong tr\u01b0\u1eddng h\u1ee3p kh\u00f4ng, b\u1ea1n c\u00f3 th\u1ec3 thu\u00ea c\u00e1c c\u00f4ng ty chuy\u1ec3n nh\u00e0 cung c\u1ea5p d\u1ecbch v\u1ee5 n\u00e0y.\u00a0M\u1ed9t s\u1ed1 ng\u01b0\u1eddi s\u1eed d\u1ee5ng \u0111\u1ecba ch\u1ec9 c\u1ee7a b\u1ea1n b\u00e8 ho\u1eb7c th\u00e0nh vi\u00ean gia \u0111\u00ecnh h\u1ecd.\u00a0D\u00f9 th\u1ebf n\u00e0o \u0111i n\u1eefa, b\u1ea1n c\u0169ng n\u00ean chu\u1ea9n b\u1ecb tinh th\u1ea7n \u0111\u1ec3 v\u01b0\u1ee3t qua tr\u1edf ng\u1ea1i n\u00e0y trong qu\u00e1 tr\u00ecnh di chuy\u1ec3n.<\/p>\n<p style=\"text-align: justify;\"><strong>&#8211; H\u00e3y s\u1eb5n s\u00e0ng \u0111\u1ec3 \u0111\u0103ng k\u00fd S\u1ed1 B\u1ea3o hi\u1ec3m Qu\u1ed1c gia. <\/strong>S\u1ed1 B\u1ea3o hi\u1ec3m Qu\u1ed1c gia (NINO) l\u00e0 s\u1ed1 t\u00e0i kho\u1ea3n theo d\u00f5i c\u00e1c kho\u1ea3n \u0111\u00f3ng g\u00f3p b\u1ea3o hi\u1ec3m c\u1ee7a b\u1ea1n v\u00e0 c\u00e1c kho\u1ea3n thu\u1ebf b\u1ea1n ph\u1ea3i tr\u1ea3.\u00a0N\u1ebfu b\u1ea1n c\u00f3 BRP, s\u1ed1 n\u00e0y c\u00f3 th\u1ec3 \u0111\u00e3 \u0111\u01b0\u1ee3c \u0111\u00f3ng d\u1ea5u tr\u00ean th\u1ebb.\u00a0Tuy nhi\u00ean, trong tr\u01b0\u1eddng h\u1ee3p b\u1ea1n kh\u00f4ng c\u00f3 s\u1ed1, b\u1ea1n ph\u1ea3i xin s\u1ed1.\u00a0H\u00e3y nh\u1edb r\u1eb1ng b\u1ea1n ch\u1ec9 c\u00f3 th\u1ec3 \u0111\u0103ng k\u00fd NINO sau khi b\u1ea1n \u1edf V\u01b0\u01a1ng qu\u1ed1c Anh.<\/p>\n<p style=\"text-align: justify;\"><strong>10. L\u00e0m th\u1ebf n\u00e0o \u0111\u1ec3 t\u00f4i c\u00f3 \u0111\u01b0\u1ee3c qu\u1ed1c t\u1ecbch V\u01b0\u01a1ng qu\u1ed1c Anh?<\/strong><\/p>\n<p style=\"text-align: justify;\">B\u1ea1n c\u00f3 th\u1ec3 tr\u1edf th\u00e0nh\u00a0c\u00f4ng d\u00e2n V\u01b0\u01a1ng qu\u1ed1c Anh\u00a0n\u1ebfu b\u1ea1n s\u1ed1ng \u1edf V\u01b0\u01a1ng qu\u1ed1c Anh \u00edt nh\u1ea5t 5 n\u0103m.\u00a0Tuy nhi\u00ean, b\u1ea1n ph\u1ea3i c\u00f3 ILR \u00edt nh\u1ea5t 12 th\u00e1ng tr\u01b0\u1edbc khi n\u1ed9p \u0111\u01a1n \u0111\u1ec3 \u0111\u1ee7 \u0111i\u1ec1u ki\u1ec7n nh\u1eadp qu\u1ed1c t\u1ecbch.\u00a0Ngo\u00e0i ra, b\u1ea1n c\u00f2n ph\u1ea3i ho\u00e0n th\u00e0nh b\u00e0i ki\u1ec3m tra \u201cCu\u1ed9c s\u1ed1ng \u1edf V\u01b0\u01a1ng qu\u1ed1c Anh\u201d v\u00e0 ch\u1ee9ng minh r\u1eb1ng b\u1ea1n c\u00f3 \u0111\u1ee7 ki\u1ebfn \u200b\u200bth\u1ee9c v\u1ec1 ti\u1ebfng Anh.<\/p>\n<p style=\"text-align: justify;\">N\u1ebfu b\u1ea1n l\u00e0 c\u00f4ng d\u00e2n EEA\/EU, c\u00e1c quy t\u1eafc kh\u00e1c s\u1ebd \u00e1p d\u1ee5ng\u00a0cho qu\u1ed1c t\u1ecbch Anh\u00a0.<\/p>\n[\/vc_column_text][\/vc_column][\/vc_row]\n<\/div>","protected":false},"excerpt":{"rendered":"<p>[vc_row css=&#8221;.vc_custom_1748317584287{margin-top: -30px !important;}&#8221;][vc_column][\/vc_column][\/vc_row][vc_row][vc_column][vc_column_text css=&#8221;&#8221;] Theo ch\u00ednh ph\u1ee7 Anh, 612.000 ng\u01b0\u1eddi \u0111\u00e3 chuy\u1ec3n \u0111\u1ebfn V\u01b0\u01a1ng qu\u1ed1c Anh v\u00e0o n\u0103m 2019. Nh\u1edd t\u0103ng tr\u01b0\u1edfng kinh t\u1ebf, c\u01a1 h\u1ed9i vi\u1ec7c l\u00e0m v\u00e0 l\u1ee3i \u00edch x\u00e3 h\u1ed9i, V\u01b0\u01a1ng qu\u1ed1c Anh \u0111\u00e3 tr\u1edf th\u00e0nh qu\u1ed1c gia \u0111i\u1ec3m \u0111\u1ebfn h\u00e0ng \u0111\u1ea7u c\u1ee7a h\u1ea7u h\u1ebft m\u1ecdi ng\u01b0\u1eddi tr\u00ean to\u00e0n th\u1ebf gi\u1edbi.\u00a0Tuy [&hellip;]<\/p>\n","protected":false},"author":4,"featured_media":0,"parent":0,"menu_order":0,"comment_status":"closed","ping_status":"closed","template":"","meta":{"footnotes":""},"class_list":["post-9310","page","type-page","status-publish","hentry"],"_links":{"self":[{"href":"https:\/\/immico.vn\/vi\/wp-json\/wp\/v2\/pages\/9310","targetHints":{"allow":["GET"]}}],"collection":[{"href":"https:\/\/immico.vn\/vi\/wp-json\/wp\/v2\/pages"}],"about":[{"href":"https:\/\/immico.vn\/vi\/wp-json\/wp\/v2\/types\/page"}],"author":[{"embeddable":true,"href":"https:\/\/immico.vn\/vi\/wp-json\/wp\/v2\/users\/4"}],"replies":[{"embeddable":true,"href":"https:\/\/immico.vn\/vi\/wp-json\/wp\/v2\/comments?post=9310"}],"version-history":[{"count":5,"href":"https:\/\/immico.vn\/vi\/wp-json\/wp\/v2\/pages\/9310\/revisions"}],"predecessor-version":[{"id":10555,"href":"https:\/\/immico.vn\/vi\/wp-json\/wp\/v2\/pages\/9310\/revisions\/10555"}],"wp:attachment":[{"href":"https:\/\/immico.vn\/vi\/wp-json\/wp\/v2\/media?parent=9310"}],"curies":[{"name":"wp","href":"https:\/\/api.w.org\/{rel}","templated":true}]}}